{"id":19505,"date":"2024-01-30T21:11:32","date_gmt":"2024-01-30T20:11:32","guid":{"rendered":"https:\/\/www.mfkegtechnik.com\/?page_id=19505"},"modified":"2026-04-10T20:03:07","modified_gmt":"2026-04-10T19:03:07","slug":"blog","status":"publish","type":"page","link":"https:\/\/www.mfkegtechnik.com\/de\/blog\/","title":{"rendered":"Blog"},"content":{"rendered":"<div id=\"pl-19505\"  class=\"panel-layout\" ><div id=\"pg-19505-0\"  class=\"panel-grid panel-has-style\" ><div class=\"siteorigin-panels-stretch panel-row-style panel-row-style-for-19505-0\" data-stretch-type=\"full\" ><div id=\"pgc-19505-0-0\"  class=\"panel-grid-cell\" ><div id=\"panel-19505-0-0-0\" class=\"so-panel widget widget_sow-headline panel-first-child panel-last-child\" data-index=\"0\" ><div class=\"panel-widget-style panel-widget-style-for-19505-0-0-0\" ><div\n\t\t\t\n\t\t\tclass=\"so-widget-sow-headline so-widget-sow-headline-default-c7bf77ff3a8b-19505\"\n\t\t\t\n\t\t><div class=\"sow-headline-container \">\n\t\t\t\t\t\t\t<h2 class=\"sow-headline\">\n\t\t\t\t\t\tBLOG\t\t\t\t\t\t<\/h2>\n\t\t\t\t\t\t\t\t\t\t\t<div class=\"decoration\">\n\t\t\t\t\t\t<div class=\"decoration-inside\"><\/div>\n\t\t\t\t\t<\/div>\n\t\t\t\t\t\t\t\t\t\t\t<h4 class=\"sow-sub-headline\">\n\t\t\t\t\t\tAlle Unternehmensneuigkeiten auf einen Blick\t\t\t\t\t\t<\/h4>\n\t\t\t\t\t\t<\/div>\n<\/div><\/div><\/div><\/div><\/div><\/div><div id=\"pg-19505-1\"  class=\"panel-grid panel-has-style\" ><div class=\"panel-row-style panel-row-style-for-19505-1\" ><div id=\"pgc-19505-1-0\"  class=\"panel-grid-cell\" ><div id=\"panel-19505-1-0-0\" class=\"so-panel widget widget_sow-image panel-first-child panel-last-child\" data-index=\"1\" ><div class=\"panel-widget-style panel-widget-style-for-19505-1-0-0\" ><div\n\t\t\t\n\t\t\tclass=\"so-widget-sow-image so-widget-sow-image-default-c67d20f9f743-19505\"\n\t\t\t\n\t\t>\n<div class=\"sow-image-container\">\n\t\t\t<a href=\"https:\/\/bottroper-zeitung.de\/anlagenbauer-liefert-in-die-ganze-welt\/?fbclid=IwZXh0bgNhZW0CMTAAYnJpZBEwNExWcDBnVzJSVjhYS1B0SnNydGMGYXBwX2lkEDIyMjAzOTE3ODgyMDA4OTIAAR7A_Jg70MnqgWVBvH6BYcpsYzZ6uvUQZMyWm4SB_PtV8d06a_1nRsVd5ZY-5g_aem_D_KfMaidXXUMISbyRb8JEg\"\n\t\t\ttarget=\"_blank\" rel=\"noopener noreferrer\" \t\t>\n\t\t\t<img \n\tsrc=\"https:\/\/www.mfkegtechnik.com\/wp-content\/uploads\/2026\/04\/657753637_1371911161620144_5004038164653637199_n-1.jpg\" width=\"700\" height=\"280\" srcset=\"https:\/\/www.mfkegtechnik.com\/wp-content\/uploads\/2026\/04\/657753637_1371911161620144_5004038164653637199_n-1.jpg 590w, https:\/\/www.mfkegtechnik.com\/wp-content\/uploads\/2026\/04\/657753637_1371911161620144_5004038164653637199_n-1-300x169.jpg 300w\" sizes=\"(max-width: 498px) 100vw, 498px\" title=\"657753637_1371911161620144_5004038164653637199_n (1)\" alt=\"Messen\" \t\tclass=\"so-widget-image\"\/>\n\t\t\t<\/a><\/div>\n\n<\/div><\/div><\/div><\/div><div id=\"pgc-19505-1-1\"  class=\"panel-grid-cell\" ><div id=\"panel-19505-1-1-0\" class=\"so-panel widget widget_sow-editor panel-first-child panel-last-child\" data-index=\"2\" ><div\n\t\t\t\n\t\t\tclass=\"so-widget-sow-editor so-widget-sow-editor-base\"\n\t\t\t\n\t\t>\n<div class=\"siteorigin-widget-tinymce textwidget\">\n\t<p><span style=\"font-size: 10pt;\">31.03.2026<\/span><\/p>\n<p><span style=\"font-size: 12pt;\"><span style=\"color: #000000;\"><b>Besuch vom B\u00fcrgermeister von Bottrop<\/b><\/span><\/span><b><\/b><\/p>\n<p><span style=\"font-size: 12pt;\">K\u00fcrzlich durften wir Oberb\u00fcrgermeister Matthias Buschfeld gemeinsam mit Niklas Breuer, Leiter der Wirtschaftsf\u00f6rderung, bei uns begr\u00fc\u00dfen.<\/span> <span style=\"font-size: 12pt;\">\u201eM+F KEG-Technik ist einzigartig und ein Hidden Champion auf dem globalen Markt.\u201c \u2014 Oberb\u00fcrgermeister Matthias Buschfeld.<\/span><\/p>\n<p><em><span style=\"font-size: 12pt;\"><a href=\"https:\/\/bottroper-zeitung.de\/anlagenbauer-liefert-in-die-ganze-welt\/?fbclid=IwZXh0bgNhZW0CMTAAYnJpZBEwNExWcDBnVzJSVjhYS1B0SnNydGMGYXBwX2lkEDIyMjAzOTE3ODgyMDA4OTIAAR7A_Jg70MnqgWVBvH6BYcpsYzZ6uvUQZMyWm4SB_PtV8d06a_1nRsVd5ZY-5g_aem_D_KfMaidXXUMISbyRb8JEg\" target=\"_blank\" rel=\"noopener\">Zum Artikel &gt;<\/a><\/span><\/em><\/p>\n<\/div>\n<\/div><\/div><\/div><\/div><\/div><div id=\"pg-19505-2\"  class=\"panel-grid panel-has-style\" ><div class=\"panel-row-style panel-row-style-for-19505-2\" ><div id=\"pgc-19505-2-0\"  class=\"panel-grid-cell\" ><div id=\"panel-19505-2-0-0\" class=\"so-panel widget widget_sow-image panel-first-child panel-last-child\" data-index=\"3\" ><div class=\"panel-widget-style panel-widget-style-for-19505-2-0-0\" ><div\n\t\t\t\n\t\t\tclass=\"so-widget-sow-image so-widget-sow-image-default-c67d20f9f743-19505\"\n\t\t\t\n\t\t>\n<div class=\"sow-image-container\">\n\t\t\t<a href=\"https:\/\/www.mfkegtechnik.com\/de\/karriere\/\"\n\t\t\ttarget=\"_blank\" rel=\"noopener noreferrer\" \t\t>\n\t\t\t<img \n\tsrc=\"https:\/\/www.mfkegtechnik.com\/wp-content\/uploads\/2017\/04\/rsz_logo_vol.png\" width=\"700\" height=\"280\" sizes=\"(max-width: 300px) 100vw, 300px\" title=\"Logo m+f\" alt=\"Messen\" \t\tclass=\"so-widget-image\"\/>\n\t\t\t<\/a><\/div>\n\n<\/div><\/div><\/div><\/div><div id=\"pgc-19505-2-1\"  class=\"panel-grid-cell\" ><div id=\"panel-19505-2-1-0\" class=\"so-panel widget widget_sow-editor panel-first-child panel-last-child\" data-index=\"4\" ><div\n\t\t\t\n\t\t\tclass=\"so-widget-sow-editor so-widget-sow-editor-base\"\n\t\t\t\n\t\t>\n<div class=\"siteorigin-widget-tinymce textwidget\">\n\t<p><span style=\"font-size: 10pt;\"><a href=\"https:\/\/www.mfkegtechnik.com\/de\/karriere\/\" target=\"_blank\" rel=\"noopener\">Karriere<\/a> - 25.02.2026<\/span><\/p>\n<p><span style=\"font-size: 12pt;\"><span style=\"color: #000000;\"><b>Alle offene Stellen bei m+f KEG Technik auf einen Blick<\/b><\/span><\/span><b><\/b><\/p>\n<p><span style=\"font-size: 12pt;\">Gestalten Sie zusammen mit uns eine gemeinsame Zukunft. <\/span><\/p>\n<p><span style=\"font-size: 12pt;\">Ob in Voll- oder Teilzeit, bewerben Sie sich jetzt!<\/span><\/p>\n<p><em><span style=\"font-size: 12pt;\"><a href=\"https:\/\/www.mfkegtechnik.com\/de\/karriere\/\" target=\"_blank\" rel=\"noopener\">Zu den Jobangeboten &gt;<\/a><\/span><\/em><\/p>\n<p>&nbsp;<\/p>\n<\/div>\n<\/div><\/div><\/div><\/div><\/div><div id=\"pg-19505-3\"  class=\"panel-grid panel-no-style\" ><div id=\"pgc-19505-3-0\"  class=\"panel-grid-cell\" ><div id=\"panel-19505-3-0-0\" class=\"so-panel widget widget_sow-button panel-first-child panel-last-child\" data-index=\"5\" ><div\n\t\t\t\n\t\t\tclass=\"so-widget-sow-button so-widget-sow-button-atom-02391a6cb3b4-19505\"\n\t\t\t\n\t\t><div class=\"ow-button-base ow-button-align-center\"\n>\n\t\t\t<a\n\t\t\t\t\thref=\"https:\/\/www.mfkegtechnik.com\/de\/blog-25\/\"\n\t\t\t\t\tclass=\"sowb-button ow-icon-placement-left ow-button-hover\" \t>\n\t\t<span>\n\t\t\t\n\t\t\t2025\t\t<\/span>\n\t\t\t<\/a>\n\t<\/div>\n<\/div><\/div><\/div><\/div><\/div>","protected":false},"excerpt":{"rendered":"<p>31.03.2026 Besuch vom B\u00fcrgermeister von Bottrop K\u00fcrzlich durften wir Oberb\u00fcrgermeister Matthias Buschfeld gemeinsam mit Niklas Breuer, Leiter der Wirtschaftsf\u00f6rderung, bei uns begr\u00fc\u00dfen. \u201eM+F KEG-Technik ist einzigartig und ein Hidden Champion auf dem globalen Markt.\u201c \u2014 Oberb\u00fcrgermeister Matthias Buschfeld. Zum Artikel &gt;<\/p>\n","protected":false},"author":3,"featured_media":20651,"parent":0,"menu_order":0,"comment_status":"closed","ping_status":"closed","template":"","meta":{"footnotes":""},"class_list":["post-19505","page","type-page","status-publish","has-post-thumbnail","hentry"],"yoast_head":"<!-- This site is optimized with the Yoast SEO plugin v27.3 - https:\/\/yoast.com\/product\/yoast-seo-wordpress\/ -->\n<title>Blog - m+f KEG-Technik GmbH &amp; Co. KG<\/title>\n<meta name=\"robots\" content=\"index, follow, max-snippet:-1, max-image-preview:large, max-video-preview:-1\" \/>\n<link rel=\"canonical\" href=\"https:\/\/www.mfkegtechnik.com\/de\/blog\/\" \/>\n<meta property=\"og:locale\" content=\"de_DE\" \/>\n<meta property=\"og:type\" content=\"article\" \/>\n<meta property=\"og:title\" content=\"Blog - m+f KEG-Technik GmbH &amp; Co. KG\" \/>\n<meta property=\"og:description\" content=\"31.03.2026 Besuch vom B\u00fcrgermeister von Bottrop K\u00fcrzlich durften wir Oberb\u00fcrgermeister Matthias Buschfeld gemeinsam mit Niklas Breuer, Leiter der Wirtschaftsf\u00f6rderung, bei uns begr\u00fc\u00dfen. \u201eM+F KEG-Technik ist einzigartig und ein Hidden Champion auf dem globalen Markt.\u201c \u2014 Oberb\u00fcrgermeister Matthias Buschfeld. Zum Artikel &gt;\" \/>\n<meta property=\"og:url\" content=\"https:\/\/www.mfkegtechnik.com\/de\/blog\/\" \/>\n<meta property=\"og:site_name\" content=\"m+f KEG-Technik GmbH &amp; Co. KG\" \/>\n<meta property=\"article:modified_time\" content=\"2026-04-10T19:03:07+00:00\" \/>\n<meta property=\"og:image\" content=\"https:\/\/www.mfkegtechnik.com\/wp-content\/uploads\/2025\/10\/mfk.jpg\" \/>\n\t<meta property=\"og:image:width\" content=\"600\" \/>\n\t<meta property=\"og:image:height\" content=\"503\" \/>\n\t<meta property=\"og:image:type\" content=\"image\/jpeg\" \/>\n<meta name=\"twitter:card\" content=\"summary_large_image\" \/>\n<meta name=\"twitter:label1\" content=\"Gesch\u00e4tzte Lesezeit\" \/>\n\t<meta name=\"twitter:data1\" content=\"2\u00a0Minuten\" \/>\n<script type=\"application\/ld+json\" class=\"yoast-schema-graph\">{\"@context\":\"https:\\\/\\\/schema.org\",\"@graph\":[{\"@type\":\"WebPage\",\"@id\":\"https:\\\/\\\/www.mfkegtechnik.com\\\/de\\\/blog\\\/\",\"url\":\"https:\\\/\\\/www.mfkegtechnik.com\\\/de\\\/blog\\\/\",\"name\":\"Blog - m+f KEG-Technik GmbH &amp; Co. KG\",\"isPartOf\":{\"@id\":\"https:\\\/\\\/www.mfkegtechnik.com\\\/de\\\/#website\"},\"primaryImageOfPage\":{\"@id\":\"https:\\\/\\\/www.mfkegtechnik.com\\\/de\\\/blog\\\/#primaryimage\"},\"image\":{\"@id\":\"https:\\\/\\\/www.mfkegtechnik.com\\\/de\\\/blog\\\/#primaryimage\"},\"thumbnailUrl\":\"https:\\\/\\\/www.mfkegtechnik.com\\\/wp-content\\\/uploads\\\/2025\\\/10\\\/mfk.jpg\",\"datePublished\":\"2024-01-30T20:11:32+00:00\",\"dateModified\":\"2026-04-10T19:03:07+00:00\",\"breadcrumb\":{\"@id\":\"https:\\\/\\\/www.mfkegtechnik.com\\\/de\\\/blog\\\/#breadcrumb\"},\"inLanguage\":\"de\",\"potentialAction\":[{\"@type\":\"ReadAction\",\"target\":[\"https:\\\/\\\/www.mfkegtechnik.com\\\/de\\\/blog\\\/\"]}]},{\"@type\":\"ImageObject\",\"inLanguage\":\"de\",\"@id\":\"https:\\\/\\\/www.mfkegtechnik.com\\\/de\\\/blog\\\/#primaryimage\",\"url\":\"https:\\\/\\\/www.mfkegtechnik.com\\\/wp-content\\\/uploads\\\/2025\\\/10\\\/mfk.jpg\",\"contentUrl\":\"https:\\\/\\\/www.mfkegtechnik.com\\\/wp-content\\\/uploads\\\/2025\\\/10\\\/mfk.jpg\",\"width\":600,\"height\":503},{\"@type\":\"BreadcrumbList\",\"@id\":\"https:\\\/\\\/www.mfkegtechnik.com\\\/de\\\/blog\\\/#breadcrumb\",\"itemListElement\":[{\"@type\":\"ListItem\",\"position\":1,\"name\":\"Accueil\",\"item\":\"https:\\\/\\\/www.mfkegtechnik.com\\\/de\\\/\"},{\"@type\":\"ListItem\",\"position\":2,\"name\":\"Blog\"}]},{\"@type\":\"WebSite\",\"@id\":\"https:\\\/\\\/www.mfkegtechnik.com\\\/de\\\/#website\",\"url\":\"https:\\\/\\\/www.mfkegtechnik.com\\\/de\\\/\",\"name\":\"m+f KEG-Technik GmbH &amp; Co. KG\",\"description\":\"We keep your KEGs clean !\",\"potentialAction\":[{\"@type\":\"SearchAction\",\"target\":{\"@type\":\"EntryPoint\",\"urlTemplate\":\"https:\\\/\\\/www.mfkegtechnik.com\\\/de\\\/?s={search_term_string}\"},\"query-input\":{\"@type\":\"PropertyValueSpecification\",\"valueRequired\":true,\"valueName\":\"search_term_string\"}}],\"inLanguage\":\"de\"}]}<\/script>\n<!-- \/ Yoast SEO plugin. -->","yoast_head_json":{"title":"Blog - m+f KEG-Technik GmbH &amp; Co. KG","robots":{"index":"index","follow":"follow","max-snippet":"max-snippet:-1","max-image-preview":"max-image-preview:large","max-video-preview":"max-video-preview:-1"},"canonical":"https:\/\/www.mfkegtechnik.com\/de\/blog\/","og_locale":"de_DE","og_type":"article","og_title":"Blog - m+f KEG-Technik GmbH &amp; Co. KG","og_description":"31.03.2026 Besuch vom B\u00fcrgermeister von Bottrop K\u00fcrzlich durften wir Oberb\u00fcrgermeister Matthias Buschfeld gemeinsam mit Niklas Breuer, Leiter der Wirtschaftsf\u00f6rderung, bei uns begr\u00fc\u00dfen. \u201eM+F KEG-Technik ist einzigartig und ein Hidden Champion auf dem globalen Markt.\u201c \u2014 Oberb\u00fcrgermeister Matthias Buschfeld. Zum Artikel &gt;","og_url":"https:\/\/www.mfkegtechnik.com\/de\/blog\/","og_site_name":"m+f KEG-Technik GmbH &amp; Co. KG","article_modified_time":"2026-04-10T19:03:07+00:00","og_image":[{"width":600,"height":503,"url":"https:\/\/www.mfkegtechnik.com\/wp-content\/uploads\/2025\/10\/mfk.jpg","type":"image\/jpeg"}],"twitter_card":"summary_large_image","twitter_misc":{"Gesch\u00e4tzte Lesezeit":"2\u00a0Minuten"},"schema":{"@context":"https:\/\/schema.org","@graph":[{"@type":"WebPage","@id":"https:\/\/www.mfkegtechnik.com\/de\/blog\/","url":"https:\/\/www.mfkegtechnik.com\/de\/blog\/","name":"Blog - m+f KEG-Technik GmbH &amp; Co. KG","isPartOf":{"@id":"https:\/\/www.mfkegtechnik.com\/de\/#website"},"primaryImageOfPage":{"@id":"https:\/\/www.mfkegtechnik.com\/de\/blog\/#primaryimage"},"image":{"@id":"https:\/\/www.mfkegtechnik.com\/de\/blog\/#primaryimage"},"thumbnailUrl":"https:\/\/www.mfkegtechnik.com\/wp-content\/uploads\/2025\/10\/mfk.jpg","datePublished":"2024-01-30T20:11:32+00:00","dateModified":"2026-04-10T19:03:07+00:00","breadcrumb":{"@id":"https:\/\/www.mfkegtechnik.com\/de\/blog\/#breadcrumb"},"inLanguage":"de","potentialAction":[{"@type":"ReadAction","target":["https:\/\/www.mfkegtechnik.com\/de\/blog\/"]}]},{"@type":"ImageObject","inLanguage":"de","@id":"https:\/\/www.mfkegtechnik.com\/de\/blog\/#primaryimage","url":"https:\/\/www.mfkegtechnik.com\/wp-content\/uploads\/2025\/10\/mfk.jpg","contentUrl":"https:\/\/www.mfkegtechnik.com\/wp-content\/uploads\/2025\/10\/mfk.jpg","width":600,"height":503},{"@type":"BreadcrumbList","@id":"https:\/\/www.mfkegtechnik.com\/de\/blog\/#breadcrumb","itemListElement":[{"@type":"ListItem","position":1,"name":"Accueil","item":"https:\/\/www.mfkegtechnik.com\/de\/"},{"@type":"ListItem","position":2,"name":"Blog"}]},{"@type":"WebSite","@id":"https:\/\/www.mfkegtechnik.com\/de\/#website","url":"https:\/\/www.mfkegtechnik.com\/de\/","name":"m+f KEG-Technik GmbH &amp; Co. KG","description":"We keep your KEGs clean !","potentialAction":[{"@type":"SearchAction","target":{"@type":"EntryPoint","urlTemplate":"https:\/\/www.mfkegtechnik.com\/de\/?s={search_term_string}"},"query-input":{"@type":"PropertyValueSpecification","valueRequired":true,"valueName":"search_term_string"}}],"inLanguage":"de"}]}},"_links":{"self":[{"href":"https:\/\/www.mfkegtechnik.com\/de\/wp-json\/wp\/v2\/pages\/19505","targetHints":{"allow":["GET"]}}],"collection":[{"href":"https:\/\/www.mfkegtechnik.com\/de\/wp-json\/wp\/v2\/pages"}],"about":[{"href":"https:\/\/www.mfkegtechnik.com\/de\/wp-json\/wp\/v2\/types\/page"}],"author":[{"embeddable":true,"href":"https:\/\/www.mfkegtechnik.com\/de\/wp-json\/wp\/v2\/users\/3"}],"replies":[{"embeddable":true,"href":"https:\/\/www.mfkegtechnik.com\/de\/wp-json\/wp\/v2\/comments?post=19505"}],"version-history":[{"count":46,"href":"https:\/\/www.mfkegtechnik.com\/de\/wp-json\/wp\/v2\/pages\/19505\/revisions"}],"predecessor-version":[{"id":20873,"href":"https:\/\/www.mfkegtechnik.com\/de\/wp-json\/wp\/v2\/pages\/19505\/revisions\/20873"}],"wp:featuredmedia":[{"embeddable":true,"href":"https:\/\/www.mfkegtechnik.com\/de\/wp-json\/wp\/v2\/media\/20651"}],"wp:attachment":[{"href":"https:\/\/www.mfkegtechnik.com\/de\/wp-json\/wp\/v2\/media?parent=19505"}],"curies":[{"name":"wp","href":"https:\/\/api.w.org\/{rel}","templated":true}]}}