{"id":3678,"date":"2019-06-12T07:34:52","date_gmt":"2019-06-12T06:34:52","guid":{"rendered":"http:\/\/www.mfkegtechnik.com\/co2-leakage-detector\/"},"modified":"2020-10-05T19:03:14","modified_gmt":"2020-10-05T18:03:14","slug":"co2-leckagepruefer","status":"publish","type":"page","link":"https:\/\/www.mfkegtechnik.com\/de\/co2-leckagepruefer\/","title":{"rendered":"CO2 Leckagepr\u00fcfer"},"content":{"rendered":"<div id=\"pl-3678\"  class=\"panel-layout\" ><div id=\"pg-3678-0\"  class=\"panel-grid panel-no-style\" ><div id=\"pgc-3678-0-0\"  class=\"panel-grid-cell\" ><div id=\"panel-3678-0-0-0\" class=\"so-panel widget widget_sow-headline panel-first-child\" data-index=\"0\" ><div\n\t\t\t\n\t\t\tclass=\"so-widget-sow-headline so-widget-sow-headline-default-09e8b5ce81e0-3678\"\n\t\t\t\n\t\t><div class=\"sow-headline-container \">\n\t\t\t\t\t\t\t<h1 class=\"sow-headline\">\n\t\t\t\t\t\tVorstellung: CO2 Leckagepr\u00fcfer\t\t\t\t\t\t<\/h1>\n\t\t\t\t\t\t\t\t\t\t\t<div class=\"decoration\">\n\t\t\t\t\t\t<div class=\"decoration-inside\"><\/div>\n\t\t\t\t\t<\/div>\n\t\t\t\t\t<\/div>\n<\/div><\/div><div id=\"panel-3678-0-0-1\" class=\"so-panel widget widget_sow-editor panel-last-child\" data-index=\"1\" ><div\n\t\t\t\n\t\t\tclass=\"so-widget-sow-editor so-widget-sow-editor-base\"\n\t\t\t\n\t\t>\n<div class=\"siteorigin-widget-tinymce textwidget\">\n\t<\/div>\n<\/div><\/div><\/div><\/div><div id=\"pg-3678-1\"  class=\"panel-grid panel-no-style\" ><div id=\"pgc-3678-1-0\"  class=\"panel-grid-cell\" ><div id=\"panel-3678-1-0-0\" class=\"so-panel widget widget_sow-image panel-first-child panel-last-child\" data-index=\"2\" ><div\n\t\t\t\n\t\t\tclass=\"so-widget-sow-image so-widget-sow-image-default-c67d20f9f743-3678\"\n\t\t\t\n\t\t>\n<div class=\"sow-image-container\">\n\t\t<img \n\tsrc=\"https:\/\/www.mfkegtechnik.com\/wp-content\/uploads\/2018\/09\/CO2-Leckagepr\u00fcfer.jpg\" width=\"864\" height=\"1296\" srcset=\"https:\/\/www.mfkegtechnik.com\/wp-content\/uploads\/2018\/09\/CO2-Leckagepr\u00fcfer.jpg 864w, https:\/\/www.mfkegtechnik.com\/wp-content\/uploads\/2018\/09\/CO2-Leckagepr\u00fcfer-200x300.jpg 200w, https:\/\/www.mfkegtechnik.com\/wp-content\/uploads\/2018\/09\/CO2-Leckagepr\u00fcfer-768x1152.jpg 768w, https:\/\/www.mfkegtechnik.com\/wp-content\/uploads\/2018\/09\/CO2-Leckagepr\u00fcfer-683x1024.jpg 683w\" sizes=\"(max-width: 864px) 100vw, 864px\" title=\"CO2 Leckagepr\u00fcfer\" alt=\"CO2-Leckagepr\u00fcfer\" \t\tclass=\"so-widget-image\"\/>\n\t<\/div>\n\n<\/div><\/div><\/div><div id=\"pgc-3678-1-1\"  class=\"panel-grid-cell\" ><div id=\"panel-3678-1-1-0\" class=\"so-panel widget widget_sow-headline panel-first-child\" data-index=\"3\" ><div\n\t\t\t\n\t\t\tclass=\"so-widget-sow-headline so-widget-sow-headline-default-f16591bb046e-3678\"\n\t\t\t\n\t\t><div class=\"sow-headline-container \">\n\t\t\t\t\t\t\t<h1 class=\"sow-headline\">\n\t\t\t\t\t\tMERKMALE\t\t\t\t\t\t<\/h1>\n\t\t\t\t\t\t\t\t\t\t\t<div class=\"decoration\">\n\t\t\t\t\t\t<div class=\"decoration-inside\"><\/div>\n\t\t\t\t\t<\/div>\n\t\t\t\t\t<\/div>\n<\/div><\/div><div id=\"panel-3678-1-1-1\" class=\"so-panel widget widget_sow-editor\" data-index=\"4\" ><div\n\t\t\t\n\t\t\tclass=\"so-widget-sow-editor so-widget-sow-editor-base\"\n\t\t\t\n\t\t>\n<div class=\"siteorigin-widget-tinymce textwidget\">\n\t<h4>Der Leckagepr\u00fcfer findet vollautomatisch jegliche Art von Leck am KEG-Fitting<span style=\"color: #000000;\">.<\/span><\/h4>\n<h4>Diese Maschine umfasst alle elektrischen und pneumatischen Teile, die f\u00fcr den Betrieb ben\u00f6tigt werden<span style=\"color: #000000;\">.<\/span><\/h4>\n<h4>Um den europ\u00e4ischen Anforderungen gerecht zu werden und die Qualit\u00e4t Ihrer Produkte zu gew\u00e4hrleisten, werden der Grundrahmen und alle wichtigen mechanischen Elemente aus geschwei\u00dftem Edelstahl gefertigt<span style=\"color: #000000;\">.<\/span><\/h4>\n<\/div>\n<\/div><\/div><div id=\"panel-3678-1-1-2\" class=\"so-panel widget widget_sow-headline\" data-index=\"5\" ><div\n\t\t\t\n\t\t\tclass=\"so-widget-sow-headline so-widget-sow-headline-default-f16591bb046e-3678\"\n\t\t\t\n\t\t><div class=\"sow-headline-container \">\n\t\t\t\t\t\t\t<h1 class=\"sow-headline\">\n\t\t\t\t\t\tTECHNISCHE DATEN\t\t\t\t\t\t<\/h1>\n\t\t\t\t\t\t\t\t\t\t\t<div class=\"decoration\">\n\t\t\t\t\t\t<div class=\"decoration-inside\"><\/div>\n\t\t\t\t\t<\/div>\n\t\t\t\t\t<\/div>\n<\/div><\/div><div id=\"panel-3678-1-1-3\" class=\"so-panel widget widget_sow-editor\" data-index=\"6\" ><div\n\t\t\t\n\t\t\tclass=\"so-widget-sow-editor so-widget-sow-editor-base\"\n\t\t\t\n\t\t>\n<div class=\"siteorigin-widget-tinymce textwidget\">\n\t<h4><span style=\"color: #ff9900;\"><b>Leistung : 250 KEG\/Std.<\/b><\/span><\/h4>\n<h4><span style=\"color: #000000;\"><strong>Stationen :<\/strong> Leckageerkennung<\/span><\/h4>\n<h4><span style=\"color: #000000;\"><strong>Abmessungen <\/strong><strong>:<\/strong> \u00a0 \u00a0 <strong>Breite (B) <\/strong>\u00a0 \u00a0 \u00a0 \u00a0 \u00a0 : <strong>700<\/strong>mm<\/span><\/h4>\n<h4><span style=\"color: #000000;\">\u00a0 \u00a0 \u00a0 \u00a0 \u00a0 \u00a0 \u00a0 \u00a0 \u00a0 \u00a0 \u00a0 \u00a0 \u00a0 \u00a0 \u00a0 \u00a0 \u00a0 <strong>L\u00e4nge (L) \u00a0 \u00a0 <\/strong>\u00a0 \u00a0 \u00a0\u00a0 : <strong>1.210<\/strong> mm<\/span><\/h4>\n<h4><span style=\"color: #000000;\">\u00a0 \u00a0 \u00a0 \u00a0 \u00a0 \u00a0 \u00a0 \u00a0 \u00a0 \u00a0 \u00a0 \u00a0 \u00a0 \u00a0 \u00a0 \u00a0 \u00a0 <strong>H\u00f6he (H) \u00a0 \u00a0 <\/strong>\u00a0 \u00a0 \u00a0 \u00a0 : <strong>2.235<\/strong> mm +\/- <strong>50<\/strong><\/span><\/h4>\n<h4><span style=\"color: #000000;\"><strong>Spannung :<\/strong> <strong>230\/400<\/strong>V, <strong>50<\/strong>Hz\u00a0 <span style=\"color: #ffffff;\"><a style=\"color: #ffffff;\" href=\"https:\/\/www.youtube.com\/user\/KEGTechnik\/\">mf<\/a><\/span><\/span><\/h4>\n<\/div>\n<\/div><\/div><div id=\"panel-3678-1-1-4\" class=\"so-panel widget widget_sow-headline\" data-index=\"7\" ><div\n\t\t\t\n\t\t\tclass=\"so-widget-sow-headline so-widget-sow-headline-default-f16591bb046e-3678\"\n\t\t\t\n\t\t><div class=\"sow-headline-container \">\n\t\t\t\t\t\t\t<h1 class=\"sow-headline\">\n\t\t\t\t\t\tVORTEILE\t\t\t\t\t\t<\/h1>\n\t\t\t\t\t\t\t\t\t\t\t<div class=\"decoration\">\n\t\t\t\t\t\t<div class=\"decoration-inside\"><\/div>\n\t\t\t\t\t<\/div>\n\t\t\t\t\t<\/div>\n<\/div><\/div><div id=\"panel-3678-1-1-5\" class=\"so-panel widget widget_sow-editor\" data-index=\"8\" ><div\n\t\t\t\n\t\t\tclass=\"so-widget-sow-editor so-widget-sow-editor-base\"\n\t\t\t\n\t\t>\n<div class=\"siteorigin-widget-tinymce textwidget\">\n\t<h4 style=\"padding-left: 40px;\"><span style=\"color: #000000;\">Schnelle Verarbeitung<\/span><\/h4>\n<h4 style=\"padding-left: 40px;\"><span style=\"color: #000000;\">Vollautomatischer Prozess<\/span><\/h4>\n<\/div>\n<\/div><\/div><div id=\"panel-3678-1-1-6\" class=\"so-panel widget widget_sow-button panel-last-child\" data-index=\"9\" ><div\n\t\t\t\n\t\t\tclass=\"so-widget-sow-button so-widget-sow-button-atom-45a38d61cbbe-3678\"\n\t\t\t\n\t\t><div class=\"ow-button-base ow-button-align-center\"\n>\n\t\t\t<a\n\t\t\t\t\thref=\"https:\/\/www.mfkegtechnik.com\/wp-content\/uploads\/2018\/09\/CO2-leakage-detector.pdf\"\n\t\t\t\t\tclass=\"sowb-button ow-icon-placement-left ow-button-hover\" \t>\n\t\t<span>\n\t\t\t\n\t\t\tDownload technisches Datenblatt (PDF)\t\t<\/span>\n\t\t\t<\/a>\n\t<\/div>\n<\/div><\/div><\/div><\/div><\/div>","protected":false},"excerpt":{"rendered":"<p>Der Leckagepr\u00fcfer findet vollautomatisch jegliche Art von Leck am KEG-Fitting. Diese Maschine umfasst alle elektrischen und pneumatischen Teile, die f\u00fcr den Betrieb ben\u00f6tigt werden. Um den europ\u00e4ischen Anforderungen gerecht zu werden und die Qualit\u00e4t Ihrer Produkte zu gew\u00e4hrleisten, werden der Grundrahmen und alle wichtigen mechanischen Elemente aus geschwei\u00dftem Edelstahl gefertigt. Leistung : 250 KEG\/Std. Stationen : Leckageerkennung Abmessungen : \u00a0 \u00a0 Breite (B) \u00a0 \u00a0 \u00a0 \u00a0 \u00a0 : 700mm &hellip;<a class=\"excerpt\" href=\"https:\/\/www.mfkegtechnik.com\/de\/co2-leckagepruefer\/\">Read More<\/a><\/p>\n","protected":false},"author":2,"featured_media":0,"parent":0,"menu_order":0,"comment_status":"closed","ping_status":"closed","template":"","meta":{"footnotes":""},"class_list":["post-3678","page","type-page","status-publish","hentry"],"yoast_head":"<!-- This site is optimized with the Yoast SEO plugin v27.3 - https:\/\/yoast.com\/product\/yoast-seo-wordpress\/ -->\n<title>CO2 Leckagepr\u00fcfer - m+f KEG-Technik GmbH &amp; Co. KG<\/title>\n<meta name=\"description\" content=\"Der CO2 Leckagepr\u00fcfer findet vollautomatisch jegliche Art von Leck am KEG-Fitting.Diese Maschine umfasst alle Teile, die f\u00fcr den Betrieb ben\u00f6tigt werden.\" \/>\n<meta name=\"robots\" content=\"index, follow, max-snippet:-1, max-image-preview:large, max-video-preview:-1\" \/>\n<link rel=\"canonical\" href=\"https:\/\/www.mfkegtechnik.com\/de\/co2-leckagepruefer\/\" \/>\n<meta property=\"og:locale\" content=\"de_DE\" \/>\n<meta property=\"og:type\" content=\"article\" \/>\n<meta property=\"og:title\" content=\"CO2 Leckagepr\u00fcfer - m+f KEG-Technik GmbH &amp; Co. KG\" \/>\n<meta property=\"og:description\" content=\"Der CO2 Leckagepr\u00fcfer findet vollautomatisch jegliche Art von Leck am KEG-Fitting.Diese Maschine umfasst alle Teile, die f\u00fcr den Betrieb ben\u00f6tigt werden.\" \/>\n<meta property=\"og:url\" content=\"https:\/\/www.mfkegtechnik.com\/de\/co2-leckagepruefer\/\" \/>\n<meta property=\"og:site_name\" content=\"m+f KEG-Technik GmbH &amp; Co. KG\" \/>\n<meta property=\"article:modified_time\" content=\"2020-10-05T18:03:14+00:00\" \/>\n<meta name=\"twitter:card\" content=\"summary_large_image\" \/>\n<meta name=\"twitter:label1\" content=\"Gesch\u00e4tzte Lesezeit\" \/>\n\t<meta name=\"twitter:data1\" content=\"1\u00a0Minute\" \/>\n<script type=\"application\/ld+json\" class=\"yoast-schema-graph\">{\"@context\":\"https:\\\/\\\/schema.org\",\"@graph\":[{\"@type\":\"WebPage\",\"@id\":\"https:\\\/\\\/www.mfkegtechnik.com\\\/de\\\/co2-leckagepruefer\\\/\",\"url\":\"https:\\\/\\\/www.mfkegtechnik.com\\\/de\\\/co2-leckagepruefer\\\/\",\"name\":\"CO2 Leckagepr\u00fcfer - m+f KEG-Technik GmbH &amp; Co. KG\",\"isPartOf\":{\"@id\":\"https:\\\/\\\/www.mfkegtechnik.com\\\/de\\\/#website\"},\"datePublished\":\"2019-06-12T06:34:52+00:00\",\"dateModified\":\"2020-10-05T18:03:14+00:00\",\"description\":\"Der CO2 Leckagepr\u00fcfer findet vollautomatisch jegliche Art von Leck am KEG-Fitting.Diese Maschine umfasst alle Teile, die f\u00fcr den Betrieb ben\u00f6tigt werden.\",\"breadcrumb\":{\"@id\":\"https:\\\/\\\/www.mfkegtechnik.com\\\/de\\\/co2-leckagepruefer\\\/#breadcrumb\"},\"inLanguage\":\"de\",\"potentialAction\":[{\"@type\":\"ReadAction\",\"target\":[\"https:\\\/\\\/www.mfkegtechnik.com\\\/de\\\/co2-leckagepruefer\\\/\"]}]},{\"@type\":\"BreadcrumbList\",\"@id\":\"https:\\\/\\\/www.mfkegtechnik.com\\\/de\\\/co2-leckagepruefer\\\/#breadcrumb\",\"itemListElement\":[{\"@type\":\"ListItem\",\"position\":1,\"name\":\"Accueil\",\"item\":\"https:\\\/\\\/www.mfkegtechnik.com\\\/de\\\/\"},{\"@type\":\"ListItem\",\"position\":2,\"name\":\"CO2 Leckagepr\u00fcfer\"}]},{\"@type\":\"WebSite\",\"@id\":\"https:\\\/\\\/www.mfkegtechnik.com\\\/de\\\/#website\",\"url\":\"https:\\\/\\\/www.mfkegtechnik.com\\\/de\\\/\",\"name\":\"m+f KEG-Technik GmbH &amp; Co. KG\",\"description\":\"We keep your KEGs clean !\",\"potentialAction\":[{\"@type\":\"SearchAction\",\"target\":{\"@type\":\"EntryPoint\",\"urlTemplate\":\"https:\\\/\\\/www.mfkegtechnik.com\\\/de\\\/?s={search_term_string}\"},\"query-input\":{\"@type\":\"PropertyValueSpecification\",\"valueRequired\":true,\"valueName\":\"search_term_string\"}}],\"inLanguage\":\"de\"}]}<\/script>\n<!-- \/ Yoast SEO plugin. -->","yoast_head_json":{"title":"CO2 Leckagepr\u00fcfer - m+f KEG-Technik GmbH &amp; Co. KG","description":"Der CO2 Leckagepr\u00fcfer findet vollautomatisch jegliche Art von Leck am KEG-Fitting.Diese Maschine umfasst alle Teile, die f\u00fcr den Betrieb ben\u00f6tigt werden.","robots":{"index":"index","follow":"follow","max-snippet":"max-snippet:-1","max-image-preview":"max-image-preview:large","max-video-preview":"max-video-preview:-1"},"canonical":"https:\/\/www.mfkegtechnik.com\/de\/co2-leckagepruefer\/","og_locale":"de_DE","og_type":"article","og_title":"CO2 Leckagepr\u00fcfer - m+f KEG-Technik GmbH &amp; Co. KG","og_description":"Der CO2 Leckagepr\u00fcfer findet vollautomatisch jegliche Art von Leck am KEG-Fitting.Diese Maschine umfasst alle Teile, die f\u00fcr den Betrieb ben\u00f6tigt werden.","og_url":"https:\/\/www.mfkegtechnik.com\/de\/co2-leckagepruefer\/","og_site_name":"m+f KEG-Technik GmbH &amp; Co. KG","article_modified_time":"2020-10-05T18:03:14+00:00","twitter_card":"summary_large_image","twitter_misc":{"Gesch\u00e4tzte Lesezeit":"1\u00a0Minute"},"schema":{"@context":"https:\/\/schema.org","@graph":[{"@type":"WebPage","@id":"https:\/\/www.mfkegtechnik.com\/de\/co2-leckagepruefer\/","url":"https:\/\/www.mfkegtechnik.com\/de\/co2-leckagepruefer\/","name":"CO2 Leckagepr\u00fcfer - m+f KEG-Technik GmbH &amp; Co. KG","isPartOf":{"@id":"https:\/\/www.mfkegtechnik.com\/de\/#website"},"datePublished":"2019-06-12T06:34:52+00:00","dateModified":"2020-10-05T18:03:14+00:00","description":"Der CO2 Leckagepr\u00fcfer findet vollautomatisch jegliche Art von Leck am KEG-Fitting.Diese Maschine umfasst alle Teile, die f\u00fcr den Betrieb ben\u00f6tigt werden.","breadcrumb":{"@id":"https:\/\/www.mfkegtechnik.com\/de\/co2-leckagepruefer\/#breadcrumb"},"inLanguage":"de","potentialAction":[{"@type":"ReadAction","target":["https:\/\/www.mfkegtechnik.com\/de\/co2-leckagepruefer\/"]}]},{"@type":"BreadcrumbList","@id":"https:\/\/www.mfkegtechnik.com\/de\/co2-leckagepruefer\/#breadcrumb","itemListElement":[{"@type":"ListItem","position":1,"name":"Accueil","item":"https:\/\/www.mfkegtechnik.com\/de\/"},{"@type":"ListItem","position":2,"name":"CO2 Leckagepr\u00fcfer"}]},{"@type":"WebSite","@id":"https:\/\/www.mfkegtechnik.com\/de\/#website","url":"https:\/\/www.mfkegtechnik.com\/de\/","name":"m+f KEG-Technik GmbH &amp; Co. KG","description":"We keep your KEGs clean !","potentialAction":[{"@type":"SearchAction","target":{"@type":"EntryPoint","urlTemplate":"https:\/\/www.mfkegtechnik.com\/de\/?s={search_term_string}"},"query-input":{"@type":"PropertyValueSpecification","valueRequired":true,"valueName":"search_term_string"}}],"inLanguage":"de"}]}},"_links":{"self":[{"href":"https:\/\/www.mfkegtechnik.com\/de\/wp-json\/wp\/v2\/pages\/3678","targetHints":{"allow":["GET"]}}],"collection":[{"href":"https:\/\/www.mfkegtechnik.com\/de\/wp-json\/wp\/v2\/pages"}],"about":[{"href":"https:\/\/www.mfkegtechnik.com\/de\/wp-json\/wp\/v2\/types\/page"}],"author":[{"embeddable":true,"href":"https:\/\/www.mfkegtechnik.com\/de\/wp-json\/wp\/v2\/users\/2"}],"replies":[{"embeddable":true,"href":"https:\/\/www.mfkegtechnik.com\/de\/wp-json\/wp\/v2\/comments?post=3678"}],"version-history":[{"count":0,"href":"https:\/\/www.mfkegtechnik.com\/de\/wp-json\/wp\/v2\/pages\/3678\/revisions"}],"wp:attachment":[{"href":"https:\/\/www.mfkegtechnik.com\/de\/wp-json\/wp\/v2\/media?parent=3678"}],"curies":[{"name":"wp","href":"https:\/\/api.w.org\/{rel}","templated":true}]}}