{"id":3679,"date":"2019-06-12T07:36:04","date_gmt":"2019-06-12T06:36:04","guid":{"rendered":"http:\/\/www.mfkegtechnik.com\/ecomat-c\/"},"modified":"2022-04-24T19:41:53","modified_gmt":"2022-04-24T18:41:53","slug":"ecomat-c","status":"publish","type":"page","link":"https:\/\/www.mfkegtechnik.com\/de\/ecomat-c\/","title":{"rendered":"ECOMAT C"},"content":{"rendered":"<div id=\"pl-3679\"  class=\"panel-layout\" ><div id=\"pg-3679-0\"  class=\"panel-grid panel-no-style\" ><div id=\"pgc-3679-0-0\"  class=\"panel-grid-cell\" ><div id=\"panel-3679-0-0-0\" class=\"so-panel widget widget_sow-headline panel-first-child panel-last-child\" data-index=\"0\" ><div\n\t\t\t\n\t\t\tclass=\"so-widget-sow-headline so-widget-sow-headline-default-7d6c0c62a896-3679\"\n\t\t\t\n\t\t><div class=\"sow-headline-container \">\n\t\t\t\t\t\t\t<h1 class=\"sow-headline\">\n\t\t\t\t\t\tVorstellung: ECOMAT C\t\t\t\t\t\t<\/h1>\n\t\t\t\t\t\t\t\t\t\t\t<div class=\"decoration\">\n\t\t\t\t\t\t<div class=\"decoration-inside\"><\/div>\n\t\t\t\t\t<\/div>\n\t\t\t\t\t\t\t\t\t\t\t<h2 class=\"sow-sub-headline\">\n\t\t\t\t\t\tHalbautomatische KeyKeg F\u00fcllmaschine\t\t\t\t\t\t<\/h2>\n\t\t\t\t\t\t<\/div>\n<\/div><\/div><\/div><\/div><div id=\"pg-3679-1\"  class=\"panel-grid panel-no-style\" ><div id=\"pgc-3679-1-0\"  class=\"panel-grid-cell\" ><div id=\"panel-3679-1-0-0\" class=\"so-panel widget widget_sow-image panel-first-child\" data-index=\"1\" ><div\n\t\t\t\n\t\t\tclass=\"so-widget-sow-image so-widget-sow-image-default-c67d20f9f743-3679\"\n\t\t\t\n\t\t>\n<div class=\"sow-image-container\">\n\t\t<img \n\tsrc=\"https:\/\/www.mfkegtechnik.com\/wp-content\/uploads\/2017\/01\/rsz_ecomat_c.jpg\" width=\"225\" height=\"300\" sizes=\"(max-width: 225px) 100vw, 225px\" title=\"ECOMAT-C\" alt=\"ecomat-c\" \t\tclass=\"so-widget-image\"\/>\n\t<\/div>\n\n<\/div><\/div><div id=\"panel-3679-1-0-1\" class=\"so-panel widget widget_sow-editor panel-last-child\" data-index=\"2\" ><div\n\t\t\t\n\t\t\tclass=\"so-widget-sow-editor so-widget-sow-editor-base\"\n\t\t\t\n\t\t>\n<div class=\"siteorigin-widget-tinymce textwidget\">\n\t<p style=\"text-align: center;\"><a href=\"https:\/\/www.mfkegtechnik.com\/wp-content\/uploads\/2019\/05\/ecomat-pipework.jpg\"><img loading=\"lazy\" decoding=\"async\" class=\"alignnone wp-image-1782\" title=\"ECOMAT-C rohrleitungen\" src=\"https:\/\/www.mfkegtechnik.com\/wp-content\/uploads\/2019\/05\/ecomat-pipework-300x256.jpg\" alt=\"ecomat-c-rohrleitungen\" width=\"259\" height=\"221\" srcset=\"https:\/\/www.mfkegtechnik.com\/wp-content\/uploads\/2019\/05\/ecomat-pipework-300x256.jpg 300w, https:\/\/www.mfkegtechnik.com\/wp-content\/uploads\/2019\/05\/ecomat-pipework-768x655.jpg 768w, https:\/\/www.mfkegtechnik.com\/wp-content\/uploads\/2019\/05\/ecomat-pipework-1024x874.jpg 1024w, https:\/\/www.mfkegtechnik.com\/wp-content\/uploads\/2019\/05\/ecomat-pipework-940x802.jpg 940w\" sizes=\"auto, (max-width: 259px) 100vw, 259px\" \/><\/a><\/p>\n<\/div>\n<\/div><\/div><\/div><div id=\"pgc-3679-1-1\"  class=\"panel-grid-cell\" ><div id=\"panel-3679-1-1-0\" class=\"so-panel widget widget_sow-headline panel-first-child\" data-index=\"3\" ><div\n\t\t\t\n\t\t\tclass=\"so-widget-sow-headline so-widget-sow-headline-default-f16591bb046e-3679\"\n\t\t\t\n\t\t><div class=\"sow-headline-container \">\n\t\t\t\t\t\t\t<h1 class=\"sow-headline\">\n\t\t\t\t\t\tMERKMALE\t\t\t\t\t\t<\/h1>\n\t\t\t\t\t\t\t\t\t\t\t<div class=\"decoration\">\n\t\t\t\t\t\t<div class=\"decoration-inside\"><\/div>\n\t\t\t\t\t<\/div>\n\t\t\t\t\t<\/div>\n<\/div><\/div><div id=\"panel-3679-1-1-1\" class=\"so-panel widget widget_sow-editor\" data-index=\"4\" ><div\n\t\t\t\n\t\t\tclass=\"so-widget-sow-editor so-widget-sow-editor-base\"\n\t\t\t\n\t\t>\n<div class=\"siteorigin-widget-tinymce textwidget\">\n\t<h4><span style=\"color: #000000;\">Der ECOMAT C ist eine halbautomatische KeyKEG F\u00fcllmaschine, welche alle f\u00fcr den Betrieb erforderlichen elektrischen, elektronischen und pneumatischen Teile enth\u00e4lt.<\/span><\/h4>\n<h4><span style=\"color: #000000;\">Diese Art von Maschine zeichnet sich besonders durch Ihre integrierte Soft- und Hardware aus, welche einen vollautomatischen F\u00fcllprozess erm\u00f6glichen.<\/span><\/h4>\n<h4><span style=\"color: #000000;\">Dar\u00fcber hinaus sind die Hauptteile sowie der Rahmen, die Rohre und Ventile aus Edelstahl gefertigt.<\/span><\/h4>\n<\/div>\n<\/div><\/div><div id=\"panel-3679-1-1-2\" class=\"so-panel widget widget_sow-headline\" data-index=\"5\" ><div\n\t\t\t\n\t\t\tclass=\"so-widget-sow-headline so-widget-sow-headline-default-f16591bb046e-3679\"\n\t\t\t\n\t\t><div class=\"sow-headline-container \">\n\t\t\t\t\t\t\t<h1 class=\"sow-headline\">\n\t\t\t\t\t\tTECHNISCHE DATEN\t\t\t\t\t\t<\/h1>\n\t\t\t\t\t\t\t\t\t\t\t<div class=\"decoration\">\n\t\t\t\t\t\t<div class=\"decoration-inside\"><\/div>\n\t\t\t\t\t<\/div>\n\t\t\t\t\t<\/div>\n<\/div><\/div><div id=\"panel-3679-1-1-3\" class=\"so-panel widget widget_sow-editor\" data-index=\"6\" ><div\n\t\t\t\n\t\t\tclass=\"so-widget-sow-editor so-widget-sow-editor-base\"\n\t\t\t\n\t\t>\n<div class=\"siteorigin-widget-tinymce textwidget\">\n\t<h4><span style=\"color: #ff9900;\"><strong>Leistung : ca. 30-40 <\/strong><strong>KeyKeg\/Std.\u00a0<\/strong><\/span><\/h4>\n<h4><span style=\"color: #000000;\"><strong>Abmessungen <\/strong><strong>:<\/strong> \u00a0 <strong>Tiefe \u00a0\u00a0 :<\/strong> <strong>1.100<\/strong> mm<\/span><\/h4>\n<h4><span style=\"color: #000000;\">\u00a0 \u00a0 \u00a0 \u00a0 \u00a0 \u00a0 \u00a0 \u00a0 \u00a0 \u00a0 \u00a0 \u00a0 \u00a0 \u00a0 \u00a0 \u00a0 <strong>Breite \u00a0 :<\/strong> <strong>600<\/strong> mm<\/span><\/h4>\n<h4><span style=\"color: #000000;\">\u00a0 \u00a0 \u00a0 \u00a0 \u00a0 \u00a0 \u00a0 \u00a0 \u00a0 \u00a0 \u00a0 \u00a0 \u00a0 \u00a0 \u00a0 \u00a0 <strong>H\u00f6he \u00a0 \u00a0 :<\/strong> <strong>1.250<\/strong> mm \u00b1 <strong>50<\/strong><\/span><\/h4>\n<h4><span style=\"color: #000000;\"><strong>Anschlussleistung : 0,2 <\/strong>kW<\/span><\/h4>\n<\/div>\n<\/div><\/div><div id=\"panel-3679-1-1-4\" class=\"so-panel widget widget_sow-headline\" data-index=\"7\" ><div\n\t\t\t\n\t\t\tclass=\"so-widget-sow-headline so-widget-sow-headline-default-f16591bb046e-3679\"\n\t\t\t\n\t\t><div class=\"sow-headline-container \">\n\t\t\t\t\t\t\t<h1 class=\"sow-headline\">\n\t\t\t\t\t\tVORTEILE\t\t\t\t\t\t<\/h1>\n\t\t\t\t\t\t\t\t\t\t\t<div class=\"decoration\">\n\t\t\t\t\t\t<div class=\"decoration-inside\"><\/div>\n\t\t\t\t\t<\/div>\n\t\t\t\t\t<\/div>\n<\/div><\/div><div id=\"panel-3679-1-1-5\" class=\"so-panel widget widget_sow-editor\" data-index=\"8\" ><div\n\t\t\t\n\t\t\tclass=\"so-widget-sow-editor so-widget-sow-editor-base\"\n\t\t\t\n\t\t>\n<div class=\"siteorigin-widget-tinymce textwidget\">\n\t<h4>Der ECOMAT C ist die beste Option, wenn Sie eine halbautomatische KeyKEG-F\u00fcllmaschine suchen. Hier sind einige seiner Vorteile<span style=\"display: inline !important; float: none; background-color: #ffffff; color: #000000; font-family: 'Open Sans'; font-size: 16px; font-style: normal; font-variant: normal; font-weight: 100; letter-spacing: normal; orphans: 2; text-align: left; text-decoration: none; text-indent: 0px; text-transform: none; -webkit-text-stroke-width: 0px; white-space: normal; word-spacing: 0px;\">:\u00a0<\/span><\/h4>\n<h4 style=\"padding-left: 40px;\">Benutzerfreundlich<\/h4>\n<h4 style=\"padding-left: 40px;\">Sicher<\/h4>\n<h4 style=\"padding-left: 40px;\">Edelstahlrahmen<\/h4>\n<h4 style=\"padding-left: 40px;\">Ben\u00f6tigt wenig Platz<\/h4>\n<h4 style=\"padding-left: 40px;\">Mit jeder automatischen Bef\u00fcllung sparen Sie 0,4 Liter Bier, der Luftraum ist CO2<span style=\"color: #000000;\">.<\/span><\/h4>\n<\/div>\n<\/div><\/div><div id=\"panel-3679-1-1-6\" class=\"so-panel widget widget_sow-button panel-last-child\" data-index=\"9\" ><div\n\t\t\t\n\t\t\tclass=\"so-widget-sow-button so-widget-sow-button-atom-45a38d61cbbe-3679\"\n\t\t\t\n\t\t><div class=\"ow-button-base ow-button-align-center\"\n>\n\t\t\t<a\n\t\t\t\t\thref=\"https:\/\/www.mfkegtechnik.com\/wp-content\/uploads\/2019\/07\/Ecomat-C-deutsch.pdf\"\n\t\t\t\t\tclass=\"sowb-button ow-icon-placement-left ow-button-hover\" \t>\n\t\t<span>\n\t\t\t\n\t\t\tDownload technisches Datenblatt (PDF)\t\t<\/span>\n\t\t\t<\/a>\n\t<\/div>\n<\/div><\/div><\/div><\/div><\/div>","protected":false},"excerpt":{"rendered":"<p>Der ECOMAT C ist eine halbautomatische KeyKEG F\u00fcllmaschine, welche alle f\u00fcr den Betrieb erforderlichen elektrischen, elektronischen und pneumatischen Teile enth\u00e4lt. Diese Art von Maschine zeichnet sich besonders durch Ihre integrierte Soft- und Hardware aus, welche einen vollautomatischen F\u00fcllprozess erm\u00f6glichen. Dar\u00fcber hinaus sind die Hauptteile sowie der Rahmen, die Rohre und Ventile aus Edelstahl gefertigt. Leistung : ca. 30-40 KeyKeg\/Std.\u00a0 Abmessungen : \u00a0 Tiefe \u00a0\u00a0 : 1.100 mm \u00a0 \u00a0 \u00a0 &hellip;<a class=\"excerpt\" href=\"https:\/\/www.mfkegtechnik.com\/de\/ecomat-c\/\">Read More<\/a><\/p>\n","protected":false},"author":2,"featured_media":0,"parent":0,"menu_order":0,"comment_status":"closed","ping_status":"closed","template":"","meta":{"footnotes":""},"class_list":["post-3679","page","type-page","status-publish","hentry"],"yoast_head":"<!-- This site is optimized with the Yoast SEO plugin v27.3 - https:\/\/yoast.com\/product\/yoast-seo-wordpress\/ -->\n<title>ECOMAT C for KeyKeg - m+f KEG-Technik GmbH &amp; Co. KG<\/title>\n<meta name=\"description\" content=\"Der ECOMAT C ist ein halbautomatische KeyKeg-F\u00fcllmaschine, der enth\u00e4lt alle zum Betreiben notwendigen elektrischen und pneumatischen Schaltger\u00e4te.\" \/>\n<meta name=\"robots\" content=\"index, follow, max-snippet:-1, max-image-preview:large, max-video-preview:-1\" \/>\n<link rel=\"canonical\" href=\"https:\/\/www.mfkegtechnik.com\/de\/ecomat-c\/\" \/>\n<meta property=\"og:locale\" content=\"de_DE\" \/>\n<meta property=\"og:type\" content=\"article\" \/>\n<meta property=\"og:title\" content=\"ECOMAT C for KeyKeg - m+f KEG-Technik GmbH &amp; Co. KG\" \/>\n<meta property=\"og:description\" content=\"Der ECOMAT C ist ein halbautomatische KeyKeg-F\u00fcllmaschine, der enth\u00e4lt alle zum Betreiben notwendigen elektrischen und pneumatischen Schaltger\u00e4te.\" \/>\n<meta property=\"og:url\" content=\"https:\/\/www.mfkegtechnik.com\/de\/ecomat-c\/\" \/>\n<meta property=\"og:site_name\" content=\"m+f KEG-Technik GmbH &amp; Co. KG\" \/>\n<meta property=\"article:modified_time\" content=\"2022-04-24T18:41:53+00:00\" \/>\n<meta property=\"og:image\" content=\"https:\/\/www.mfkegtechnik.com\/wp-content\/uploads\/2019\/05\/ecomat-pipework-300x256.jpg\" \/>\n<meta name=\"twitter:card\" content=\"summary_large_image\" \/>\n<meta name=\"twitter:label1\" content=\"Gesch\u00e4tzte Lesezeit\" \/>\n\t<meta name=\"twitter:data1\" content=\"1\u00a0Minute\" \/>\n<script type=\"application\/ld+json\" class=\"yoast-schema-graph\">{\"@context\":\"https:\\\/\\\/schema.org\",\"@graph\":[{\"@type\":\"WebPage\",\"@id\":\"https:\\\/\\\/www.mfkegtechnik.com\\\/de\\\/ecomat-c\\\/\",\"url\":\"https:\\\/\\\/www.mfkegtechnik.com\\\/de\\\/ecomat-c\\\/\",\"name\":\"ECOMAT C for KeyKeg - m+f KEG-Technik GmbH &amp; Co. KG\",\"isPartOf\":{\"@id\":\"https:\\\/\\\/www.mfkegtechnik.com\\\/de\\\/#website\"},\"primaryImageOfPage\":{\"@id\":\"https:\\\/\\\/www.mfkegtechnik.com\\\/de\\\/ecomat-c\\\/#primaryimage\"},\"image\":{\"@id\":\"https:\\\/\\\/www.mfkegtechnik.com\\\/de\\\/ecomat-c\\\/#primaryimage\"},\"thumbnailUrl\":\"https:\\\/\\\/www.mfkegtechnik.com\\\/wp-content\\\/uploads\\\/2019\\\/05\\\/ecomat-pipework-300x256.jpg\",\"datePublished\":\"2019-06-12T06:36:04+00:00\",\"dateModified\":\"2022-04-24T18:41:53+00:00\",\"description\":\"Der ECOMAT C ist ein halbautomatische KeyKeg-F\u00fcllmaschine, der enth\u00e4lt alle zum Betreiben notwendigen elektrischen und pneumatischen Schaltger\u00e4te.\",\"breadcrumb\":{\"@id\":\"https:\\\/\\\/www.mfkegtechnik.com\\\/de\\\/ecomat-c\\\/#breadcrumb\"},\"inLanguage\":\"de\",\"potentialAction\":[{\"@type\":\"ReadAction\",\"target\":[\"https:\\\/\\\/www.mfkegtechnik.com\\\/de\\\/ecomat-c\\\/\"]}]},{\"@type\":\"ImageObject\",\"inLanguage\":\"de\",\"@id\":\"https:\\\/\\\/www.mfkegtechnik.com\\\/de\\\/ecomat-c\\\/#primaryimage\",\"url\":\"https:\\\/\\\/www.mfkegtechnik.com\\\/wp-content\\\/uploads\\\/2019\\\/05\\\/ecomat-pipework-300x256.jpg\",\"contentUrl\":\"https:\\\/\\\/www.mfkegtechnik.com\\\/wp-content\\\/uploads\\\/2019\\\/05\\\/ecomat-pipework-300x256.jpg\"},{\"@type\":\"BreadcrumbList\",\"@id\":\"https:\\\/\\\/www.mfkegtechnik.com\\\/de\\\/ecomat-c\\\/#breadcrumb\",\"itemListElement\":[{\"@type\":\"ListItem\",\"position\":1,\"name\":\"Accueil\",\"item\":\"https:\\\/\\\/www.mfkegtechnik.com\\\/de\\\/\"},{\"@type\":\"ListItem\",\"position\":2,\"name\":\"ECOMAT C\"}]},{\"@type\":\"WebSite\",\"@id\":\"https:\\\/\\\/www.mfkegtechnik.com\\\/de\\\/#website\",\"url\":\"https:\\\/\\\/www.mfkegtechnik.com\\\/de\\\/\",\"name\":\"m+f KEG-Technik GmbH &amp; Co. KG\",\"description\":\"We keep your KEGs clean !\",\"potentialAction\":[{\"@type\":\"SearchAction\",\"target\":{\"@type\":\"EntryPoint\",\"urlTemplate\":\"https:\\\/\\\/www.mfkegtechnik.com\\\/de\\\/?s={search_term_string}\"},\"query-input\":{\"@type\":\"PropertyValueSpecification\",\"valueRequired\":true,\"valueName\":\"search_term_string\"}}],\"inLanguage\":\"de\"}]}<\/script>\n<!-- \/ Yoast SEO plugin. -->","yoast_head_json":{"title":"ECOMAT C for KeyKeg - m+f KEG-Technik GmbH &amp; Co. KG","description":"Der ECOMAT C ist ein halbautomatische KeyKeg-F\u00fcllmaschine, der enth\u00e4lt alle zum Betreiben notwendigen elektrischen und pneumatischen Schaltger\u00e4te.","robots":{"index":"index","follow":"follow","max-snippet":"max-snippet:-1","max-image-preview":"max-image-preview:large","max-video-preview":"max-video-preview:-1"},"canonical":"https:\/\/www.mfkegtechnik.com\/de\/ecomat-c\/","og_locale":"de_DE","og_type":"article","og_title":"ECOMAT C for KeyKeg - m+f KEG-Technik GmbH &amp; Co. KG","og_description":"Der ECOMAT C ist ein halbautomatische KeyKeg-F\u00fcllmaschine, der enth\u00e4lt alle zum Betreiben notwendigen elektrischen und pneumatischen Schaltger\u00e4te.","og_url":"https:\/\/www.mfkegtechnik.com\/de\/ecomat-c\/","og_site_name":"m+f KEG-Technik GmbH &amp; Co. KG","article_modified_time":"2022-04-24T18:41:53+00:00","og_image":[{"url":"https:\/\/www.mfkegtechnik.com\/wp-content\/uploads\/2019\/05\/ecomat-pipework-300x256.jpg","type":"","width":"","height":""}],"twitter_card":"summary_large_image","twitter_misc":{"Gesch\u00e4tzte Lesezeit":"1\u00a0Minute"},"schema":{"@context":"https:\/\/schema.org","@graph":[{"@type":"WebPage","@id":"https:\/\/www.mfkegtechnik.com\/de\/ecomat-c\/","url":"https:\/\/www.mfkegtechnik.com\/de\/ecomat-c\/","name":"ECOMAT C for KeyKeg - m+f KEG-Technik GmbH &amp; Co. KG","isPartOf":{"@id":"https:\/\/www.mfkegtechnik.com\/de\/#website"},"primaryImageOfPage":{"@id":"https:\/\/www.mfkegtechnik.com\/de\/ecomat-c\/#primaryimage"},"image":{"@id":"https:\/\/www.mfkegtechnik.com\/de\/ecomat-c\/#primaryimage"},"thumbnailUrl":"https:\/\/www.mfkegtechnik.com\/wp-content\/uploads\/2019\/05\/ecomat-pipework-300x256.jpg","datePublished":"2019-06-12T06:36:04+00:00","dateModified":"2022-04-24T18:41:53+00:00","description":"Der ECOMAT C ist ein halbautomatische KeyKeg-F\u00fcllmaschine, der enth\u00e4lt alle zum Betreiben notwendigen elektrischen und pneumatischen Schaltger\u00e4te.","breadcrumb":{"@id":"https:\/\/www.mfkegtechnik.com\/de\/ecomat-c\/#breadcrumb"},"inLanguage":"de","potentialAction":[{"@type":"ReadAction","target":["https:\/\/www.mfkegtechnik.com\/de\/ecomat-c\/"]}]},{"@type":"ImageObject","inLanguage":"de","@id":"https:\/\/www.mfkegtechnik.com\/de\/ecomat-c\/#primaryimage","url":"https:\/\/www.mfkegtechnik.com\/wp-content\/uploads\/2019\/05\/ecomat-pipework-300x256.jpg","contentUrl":"https:\/\/www.mfkegtechnik.com\/wp-content\/uploads\/2019\/05\/ecomat-pipework-300x256.jpg"},{"@type":"BreadcrumbList","@id":"https:\/\/www.mfkegtechnik.com\/de\/ecomat-c\/#breadcrumb","itemListElement":[{"@type":"ListItem","position":1,"name":"Accueil","item":"https:\/\/www.mfkegtechnik.com\/de\/"},{"@type":"ListItem","position":2,"name":"ECOMAT C"}]},{"@type":"WebSite","@id":"https:\/\/www.mfkegtechnik.com\/de\/#website","url":"https:\/\/www.mfkegtechnik.com\/de\/","name":"m+f KEG-Technik GmbH &amp; Co. KG","description":"We keep your KEGs clean !","potentialAction":[{"@type":"SearchAction","target":{"@type":"EntryPoint","urlTemplate":"https:\/\/www.mfkegtechnik.com\/de\/?s={search_term_string}"},"query-input":{"@type":"PropertyValueSpecification","valueRequired":true,"valueName":"search_term_string"}}],"inLanguage":"de"}]}},"_links":{"self":[{"href":"https:\/\/www.mfkegtechnik.com\/de\/wp-json\/wp\/v2\/pages\/3679","targetHints":{"allow":["GET"]}}],"collection":[{"href":"https:\/\/www.mfkegtechnik.com\/de\/wp-json\/wp\/v2\/pages"}],"about":[{"href":"https:\/\/www.mfkegtechnik.com\/de\/wp-json\/wp\/v2\/types\/page"}],"author":[{"embeddable":true,"href":"https:\/\/www.mfkegtechnik.com\/de\/wp-json\/wp\/v2\/users\/2"}],"replies":[{"embeddable":true,"href":"https:\/\/www.mfkegtechnik.com\/de\/wp-json\/wp\/v2\/comments?post=3679"}],"version-history":[{"count":2,"href":"https:\/\/www.mfkegtechnik.com\/de\/wp-json\/wp\/v2\/pages\/3679\/revisions"}],"predecessor-version":[{"id":18208,"href":"https:\/\/www.mfkegtechnik.com\/de\/wp-json\/wp\/v2\/pages\/3679\/revisions\/18208"}],"wp:attachment":[{"href":"https:\/\/www.mfkegtechnik.com\/de\/wp-json\/wp\/v2\/media?parent=3679"}],"curies":[{"name":"wp","href":"https:\/\/api.w.org\/{rel}","templated":true}]}}