{"id":3680,"date":"2019-06-12T07:57:22","date_gmt":"2019-06-12T06:57:22","guid":{"rendered":"http:\/\/www.mfkegtechnik.com\/upcoming-events\/"},"modified":"2026-04-15T09:57:34","modified_gmt":"2026-04-15T08:57:34","slug":"veranstaltungen","status":"publish","type":"page","link":"https:\/\/www.mfkegtechnik.com\/de\/veranstaltungen\/","title":{"rendered":"Events"},"content":{"rendered":"<div id=\"pl-3680\"  class=\"panel-layout\" ><div id=\"pg-3680-0\"  class=\"panel-grid panel-has-style\" ><div class=\"siteorigin-panels-stretch panel-row-style panel-row-style-for-3680-0\" data-stretch-type=\"full\" ><div id=\"pgc-3680-0-0\"  class=\"panel-grid-cell\" ><div id=\"panel-3680-0-0-0\" class=\"so-panel widget widget_sow-headline panel-first-child panel-last-child\" data-index=\"0\" ><div class=\"panel-widget-style panel-widget-style-for-3680-0-0-0\" ><div\n\t\t\t\n\t\t\tclass=\"so-widget-sow-headline so-widget-sow-headline-default-c7bf77ff3a8b-3680\"\n\t\t\t\n\t\t><div class=\"sow-headline-container \">\n\t\t\t\t\t\t\t<h2 class=\"sow-headline\">\n\t\t\t\t\t\tVERANSTALTUNGEN UND KONFERENZEN\t\t\t\t\t\t<\/h2>\n\t\t\t\t\t\t\t\t\t\t\t<div class=\"decoration\">\n\t\t\t\t\t\t<div class=\"decoration-inside\"><\/div>\n\t\t\t\t\t<\/div>\n\t\t\t\t\t\t\t\t\t\t\t<h4 class=\"sow-sub-headline\">\n\t\t\t\t\t\tTreffen Sie uns bei unseren n\u00e4chsten Veranstaltungen.\t\t\t\t\t\t<\/h4>\n\t\t\t\t\t\t<\/div>\n<\/div><\/div><\/div><\/div><\/div><\/div><div id=\"pg-3680-1\"  class=\"panel-grid panel-no-style\" ><div id=\"pgc-3680-1-0\"  class=\"panel-grid-cell\" ><div id=\"panel-3680-1-0-0\" class=\"so-panel widget widget_sow-editor panel-first-child panel-last-child\" data-index=\"1\" ><div\n\t\t\t\n\t\t\tclass=\"so-widget-sow-editor so-widget-sow-editor-base\"\n\t\t\t\n\t\t>\n<div class=\"siteorigin-widget-tinymce textwidget\">\n\t<p><a href=\"https:\/\/www.mfkegtechnik.com\/wp-content\/uploads\/2019\/07\/20171019_121140.jpg\" target=\"_blank\" rel=\"noopener\"><img loading=\"lazy\" decoding=\"async\" class=\"wp-image-4221 alignleft\" src=\"https:\/\/www.mfkegtechnik.com\/wp-content\/uploads\/2019\/07\/20171019_121140-300x169.jpg\" alt=\"\" width=\"293\" height=\"165\" srcset=\"https:\/\/www.mfkegtechnik.com\/wp-content\/uploads\/2019\/07\/20171019_121140-300x169.jpg 300w, https:\/\/www.mfkegtechnik.com\/wp-content\/uploads\/2019\/07\/20171019_121140-768x432.jpg 768w, https:\/\/www.mfkegtechnik.com\/wp-content\/uploads\/2019\/07\/20171019_121140-1024x576.jpg 1024w, https:\/\/www.mfkegtechnik.com\/wp-content\/uploads\/2019\/07\/20171019_121140-940x529.jpg 940w\" sizes=\"auto, (max-width: 293px) 100vw, 293px\" \/><\/a><\/p>\n<\/div>\n<\/div><\/div><\/div><div id=\"pgc-3680-1-1\"  class=\"panel-grid-cell\" ><div id=\"panel-3680-1-1-0\" class=\"so-panel widget widget_sow-editor panel-first-child panel-last-child\" data-index=\"2\" ><div\n\t\t\t\n\t\t\tclass=\"so-widget-sow-editor so-widget-sow-editor-base\"\n\t\t\t\n\t\t>\n<div class=\"siteorigin-widget-tinymce textwidget\">\n\t<p><a href=\"https:\/\/www.mfkegtechnik.com\/wp-content\/uploads\/2017\/03\/Messestand.jpg\" target=\"_blank\" rel=\"noopener\">\u00a0<\/a><a href=\"https:\/\/www.mfkegtechnik.com\/wp-content\/uploads\/2021\/10\/CEBC.png\"><img loading=\"lazy\" decoding=\"async\" class=\"wp-image-19216 size-full alignnone\" src=\"https:\/\/www.mfkegtechnik.com\/wp-content\/uploads\/2023\/07\/Messestand-2.png\" alt=\"\" width=\"293\" height=\"165\" \/><\/a><a href=\"https:\/\/www.mfkegtechnik.com\/wp-content\/uploads\/2017\/03\/Messestand.jpg\" target=\"_blank\" rel=\"noopener\">\u00a0<\/a><\/p>\n<\/div>\n<\/div><\/div><\/div><div id=\"pgc-3680-1-2\"  class=\"panel-grid-cell\" ><div id=\"panel-3680-1-2-0\" class=\"so-panel widget widget_sow-editor panel-first-child panel-last-child\" data-index=\"3\" ><div\n\t\t\t\n\t\t\tclass=\"so-widget-sow-editor so-widget-sow-editor-base\"\n\t\t\t\n\t\t>\n<div class=\"siteorigin-widget-tinymce textwidget\">\n\t<p><a href=\"https:\/\/www.mfkegtechnik.com\/wp-content\/uploads\/2017\/03\/Messestand.jpg\" target=\"_blank\" rel=\"noopener\">\u00a0<img loading=\"lazy\" decoding=\"async\" class=\"wp-image-792 alignnone\" src=\"https:\/\/www.mfkegtechnik.com\/wp-content\/uploads\/2017\/03\/Messestand-300x169.jpg\" alt=\"\" width=\"293\" height=\"165\" srcset=\"https:\/\/www.mfkegtechnik.com\/wp-content\/uploads\/2017\/03\/Messestand-300x169.jpg 300w, https:\/\/www.mfkegtechnik.com\/wp-content\/uploads\/2017\/03\/Messestand-768x432.jpg 768w, https:\/\/www.mfkegtechnik.com\/wp-content\/uploads\/2017\/03\/Messestand-1024x576.jpg 1024w, https:\/\/www.mfkegtechnik.com\/wp-content\/uploads\/2017\/03\/Messestand-940x529.jpg 940w, https:\/\/www.mfkegtechnik.com\/wp-content\/uploads\/2017\/03\/Messestand.jpg 1032w\" sizes=\"auto, (max-width: 293px) 100vw, 293px\" \/><\/a><\/p>\n<\/div>\n<\/div><\/div><\/div><\/div><div id=\"pg-3680-2\"  class=\"panel-grid panel-no-style\" ><div id=\"pgc-3680-2-0\"  class=\"panel-grid-cell\" ><div id=\"panel-3680-2-0-0\" class=\"so-panel widget widget_sow-editor panel-first-child panel-last-child\" data-index=\"4\" ><div\n\t\t\t\n\t\t\tclass=\"so-widget-sow-editor so-widget-sow-editor-base\"\n\t\t\t\n\t\t>\n<div class=\"siteorigin-widget-tinymce textwidget\">\n\t<h3 style=\"text-align: center;\"><span style=\"color: #000000;\">Die m + f KEG-Technik nimmt regelm\u00e4\u00dfig an nationalen und internationalen Ausstellungen, Messen und Konferenzen teil, an denen verschiedene Akteure der Brau- und Getr\u00e4nkeindustrie ausstellen.<\/span><\/h3>\n<h3 style=\"text-align: center;\"><span style=\"color: #000000;\">Unsere Ausstellung bei diesen Veranstaltungen erfolgt in Form von St\u00e4nden, an denen Sie uns gerne all Ihre Fragen stellen k\u00f6nnen. Dies ist eine Gelegenheit f\u00fcr Sie, unsere Maschinen zu sehen und uns bietet sich die Gelegenheit, Beziehungen zu Akteuren der Brau- und Getr\u00e4nkeindustrie aufzubauen.<\/span><\/h3>\n<h3 style=\"text-align: center;\"><span style=\"color: #000000;\">Bitte z\u00f6gern Sie nicht, uns auf einem unserer St\u00e4nde zu besuchen. <\/span><span style=\"color: #000000;\">Wir freuen uns Sie zu begr\u00fc\u00dfen und uns mit Ihnen austauschen zu d\u00fcrfen.<\/span><\/h3>\n<p>&nbsp;<\/p>\n<\/div>\n<\/div><\/div><\/div><\/div><div id=\"pg-3680-3\"  class=\"panel-grid panel-no-style\" ><div id=\"pgc-3680-3-0\"  class=\"panel-grid-cell panel-grid-cell-empty\" ><\/div><\/div><div id=\"pg-3680-4\"  class=\"panel-grid panel-no-style\" ><div id=\"pgc-3680-4-0\"  class=\"panel-grid-cell\" ><div id=\"panel-3680-4-0-0\" class=\"so-panel widget widget_sow-headline panel-first-child\" data-index=\"5\" ><div\n\t\t\t\n\t\t\tclass=\"so-widget-sow-headline so-widget-sow-headline-default-1d5bd0ccd197-3680\"\n\t\t\t\n\t\t><div class=\"sow-headline-container \">\n\t\t\t\t\t\t\t<h1 class=\"sow-headline\">\n\t\t\t\t\t\tVeranstaltungen 2026\t\t\t\t\t\t<\/h1>\n\t\t\t\t\t\t\t\t\t\t\t<div class=\"decoration\">\n\t\t\t\t\t\t<div class=\"decoration-inside\"><\/div>\n\t\t\t\t\t<\/div>\n\t\t\t\t\t<\/div>\n<\/div><\/div><div id=\"panel-3680-4-0-1\" class=\"so-panel widget widget_siteorigin-panels-builder\" data-index=\"6\" ><div id=\"pl-w69df52fee4990\"  class=\"panel-layout\" ><div id=\"pg-w69df52fee4990-0\"  class=\"panel-grid panel-no-style\" ><div id=\"pgc-w69df52fee4990-0-0\"  class=\"panel-grid-cell panel-grid-cell-empty\" ><\/div><div id=\"pgc-w69df52fee4990-0-1\"  class=\"panel-grid-cell panel-grid-cell-mobile-last\" ><div id=\"panel-w69df52fee4990-0-1-0\" class=\"so-panel widget widget_sow-editor panel-first-child panel-last-child\" data-index=\"0\" ><div\n\t\t\t\n\t\t\tclass=\"so-widget-sow-editor so-widget-sow-editor-base\"\n\t\t\t\n\t\t>\n<div class=\"siteorigin-widget-tinymce textwidget\">\n\t<h3 style=\"text-align: center;\"><\/h3>\n<h3 style=\"text-align: center;\"><span style=\"color: #000000;\">\u21d2 10. bis 12. November 2026: <\/span><span style=\"color: #ff9900;\"><a style=\"color: #ff9900;\" href=\"https:\/\/www.braubeviale.de\/\"><strong>BrauBeviale<\/strong><\/a><\/span><\/h3>\n<h3 style=\"text-align: center;\"><span style=\"color: #000000;\">(<\/span>N\u00fcrnberg, Deutschland<span style=\"color: #000000;\">)<strong> \u2013 <span style=\"color: #000000;\">Halle 7, Stand #299<\/span><\/strong><\/span><\/h3>\n<\/div>\n<\/div><\/div><\/div><div id=\"pgc-w69df52fee4990-0-2\"  class=\"panel-grid-cell panel-grid-cell-empty\" ><\/div><\/div><\/div><\/div><div id=\"panel-3680-4-0-2\" class=\"so-panel widget widget_sow-editor panel-last-child\" data-index=\"7\" ><div\n\t\t\t\n\t\t\tclass=\"so-widget-sow-editor so-widget-sow-editor-base\"\n\t\t\t\n\t\t>\n<div class=\"siteorigin-widget-tinymce textwidget\">\n\t<\/div>\n<\/div><\/div><\/div><\/div><div id=\"pg-3680-5\"  class=\"panel-grid panel-no-style\" ><div id=\"pgc-3680-5-0\"  class=\"panel-grid-cell\" ><div id=\"panel-3680-5-0-0\" class=\"so-panel widget widget_sow-editor panel-first-child panel-last-child\" data-index=\"8\" ><div\n\t\t\t\n\t\t\tclass=\"so-widget-sow-editor so-widget-sow-editor-base\"\n\t\t\t\n\t\t>\n<div class=\"siteorigin-widget-tinymce textwidget\">\n\t<p style=\"text-align: left;\"><a href=\"http:\/\/www.mfkegtechnik.com\/wp-content\/uploads\/2017\/03\/rsz_ocbc-2_17.jpg\" target=\"_blank\" rel=\"noopener\"><img loading=\"lazy\" decoding=\"async\" class=\"wp-image-813 aligncenter\" src=\"http:\/\/www.mfkegtechnik.com\/wp-content\/uploads\/2017\/03\/rsz_ocbc-2_17-300x169.jpg\" alt=\"events-1\" width=\"311\" height=\"175\" srcset=\"https:\/\/www.mfkegtechnik.com\/wp-content\/uploads\/2017\/03\/rsz_ocbc-2_17-300x169.jpg 300w, https:\/\/www.mfkegtechnik.com\/wp-content\/uploads\/2017\/03\/rsz_ocbc-2_17-768x432.jpg 768w, https:\/\/www.mfkegtechnik.com\/wp-content\/uploads\/2017\/03\/rsz_ocbc-2_17-1024x576.jpg 1024w, https:\/\/www.mfkegtechnik.com\/wp-content\/uploads\/2017\/03\/rsz_ocbc-2_17-940x529.jpg 940w, https:\/\/www.mfkegtechnik.com\/wp-content\/uploads\/2017\/03\/rsz_ocbc-2_17.jpg 1328w\" sizes=\"auto, (max-width: 311px) 100vw, 311px\" \/><\/a><\/p>\n<\/div>\n<\/div><\/div><\/div><div id=\"pgc-3680-5-1\"  class=\"panel-grid-cell\" ><div id=\"panel-3680-5-1-0\" class=\"so-panel widget widget_sow-editor panel-first-child panel-last-child\" data-index=\"9\" ><div\n\t\t\t\n\t\t\tclass=\"so-widget-sow-editor so-widget-sow-editor-base\"\n\t\t\t\n\t\t>\n<div class=\"siteorigin-widget-tinymce textwidget\">\n\t<p><img loading=\"lazy\" decoding=\"async\" class=\"alignnone size-full wp-image-20137 aligncenter\" src=\"https:\/\/www.mfkegtechnik.com\/wp-content\/uploads\/2025\/03\/Eventseite-2.png\" alt=\"\" width=\"123\" height=\"167\" \/><\/p>\n<\/div>\n<\/div><\/div><\/div><div id=\"pgc-3680-5-2\"  class=\"panel-grid-cell\" ><div id=\"panel-3680-5-2-0\" class=\"so-panel widget widget_sow-editor panel-first-child panel-last-child\" data-index=\"10\" ><div\n\t\t\t\n\t\t\tclass=\"so-widget-sow-editor so-widget-sow-editor-base\"\n\t\t\t\n\t\t>\n<div class=\"siteorigin-widget-tinymce textwidget\">\n\t<p><img loading=\"lazy\" decoding=\"async\" class=\"alignnone size-full wp-image-20142 aligncenter\" src=\"https:\/\/www.mfkegtechnik.com\/wp-content\/uploads\/2025\/03\/Eventseite-3.png\" alt=\"\" width=\"123\" height=\"167\" \/><\/p>\n<\/div>\n<\/div><\/div><\/div><div id=\"pgc-3680-5-3\"  class=\"panel-grid-cell\" ><div id=\"panel-3680-5-3-0\" class=\"so-panel widget widget_sow-editor panel-first-child panel-last-child\" data-index=\"11\" ><div\n\t\t\t\n\t\t\tclass=\"so-widget-sow-editor so-widget-sow-editor-base\"\n\t\t\t\n\t\t>\n<div class=\"siteorigin-widget-tinymce textwidget\">\n\t<p><img loading=\"lazy\" decoding=\"async\" class=\"alignnone size-full wp-image-20080 aligncenter\" src=\"https:\/\/www.mfkegtechnik.com\/wp-content\/uploads\/2025\/02\/Messe-wagen.png\" alt=\"\" width=\"298\" height=\"199\" srcset=\"https:\/\/www.mfkegtechnik.com\/wp-content\/uploads\/2025\/02\/Messe-wagen.png 298w, https:\/\/www.mfkegtechnik.com\/wp-content\/uploads\/2025\/02\/Messe-wagen-272x182.png 272w\" sizes=\"auto, (max-width: 298px) 100vw, 298px\" \/><\/p>\n<\/div>\n<\/div><\/div><\/div><\/div><div id=\"pg-3680-6\"  class=\"panel-grid panel-no-style\" ><div id=\"pgc-3680-6-0\"  class=\"panel-grid-cell\" ><div id=\"panel-3680-6-0-0\" class=\"so-panel widget widget_sow-button panel-first-child panel-last-child\" data-index=\"12\" ><div\n\t\t\t\n\t\t\tclass=\"so-widget-sow-button so-widget-sow-button-atom-f677b6057dea-3680\"\n\t\t\t\n\t\t><div class=\"ow-button-base ow-button-align-center\"\n>\n\t\t\t<a\n\t\t\t\t\thref=\"https:\/\/www.mfkegtechnik.com\/de\/vergangenen-veranstaltungen\/\"\n\t\t\t\t\tclass=\"sowb-button ow-icon-placement-left ow-button-hover\" \t>\n\t\t<span>\n\t\t\t\n\t\t\tBisherige Veranstaltungen\t\t<\/span>\n\t\t\t<\/a>\n\t<\/div>\n<\/div><\/div><\/div><\/div><\/div>","protected":false},"excerpt":{"rendered":"<p>\u00a0\u00a0 \u00a0<\/p>\n","protected":false},"author":2,"featured_media":0,"parent":0,"menu_order":0,"comment_status":"closed","ping_status":"closed","template":"","meta":{"footnotes":""},"class_list":["post-3680","page","type-page","status-publish","hentry"],"yoast_head":"<!-- This site is optimized with the Yoast SEO plugin v27.3 - https:\/\/yoast.com\/product\/yoast-seo-wordpress\/ -->\n<title>Veranstaltungen - m+f KEG-Technik GmbH &amp; Co. KG - Treffen Sie uns !<\/title>\n<meta name=\"description\" content=\"Die m + f KEG-Technik nimmt regelm\u00e4\u00dfig an Veranstaltungen teil, an denen verschiedene Akteure der Brau- und Getr\u00e4nkeindustrie ausstellen.\" \/>\n<meta name=\"robots\" content=\"index, follow, max-snippet:-1, max-image-preview:large, max-video-preview:-1\" \/>\n<link rel=\"canonical\" href=\"https:\/\/www.mfkegtechnik.com\/de\/veranstaltungen\/\" \/>\n<meta property=\"og:locale\" content=\"de_DE\" \/>\n<meta property=\"og:type\" content=\"article\" \/>\n<meta property=\"og:title\" content=\"Veranstaltungen - m+f KEG-Technik GmbH &amp; Co. KG - Treffen Sie uns !\" \/>\n<meta property=\"og:description\" content=\"Die m + f KEG-Technik nimmt regelm\u00e4\u00dfig an Veranstaltungen teil, an denen verschiedene Akteure der Brau- und Getr\u00e4nkeindustrie ausstellen.\" \/>\n<meta property=\"og:url\" content=\"https:\/\/www.mfkegtechnik.com\/de\/veranstaltungen\/\" \/>\n<meta property=\"og:site_name\" content=\"m+f KEG-Technik GmbH &amp; Co. KG\" \/>\n<meta property=\"article:modified_time\" content=\"2026-04-15T08:57:34+00:00\" \/>\n<meta property=\"og:image\" content=\"https:\/\/www.mfkegtechnik.com\/wp-content\/uploads\/2019\/07\/20171019_121140.jpg\" \/>\n\t<meta property=\"og:image:width\" content=\"5312\" \/>\n\t<meta property=\"og:image:height\" content=\"2988\" \/>\n\t<meta property=\"og:image:type\" content=\"image\/jpeg\" \/>\n<meta name=\"twitter:card\" content=\"summary_large_image\" \/>\n<meta name=\"twitter:label1\" content=\"Gesch\u00e4tzte Lesezeit\" \/>\n\t<meta name=\"twitter:data1\" content=\"3\u00a0Minuten\" \/>\n<script type=\"application\/ld+json\" class=\"yoast-schema-graph\">{\"@context\":\"https:\\\/\\\/schema.org\",\"@graph\":[{\"@type\":\"WebPage\",\"@id\":\"https:\\\/\\\/www.mfkegtechnik.com\\\/de\\\/veranstaltungen\\\/\",\"url\":\"https:\\\/\\\/www.mfkegtechnik.com\\\/de\\\/veranstaltungen\\\/\",\"name\":\"Veranstaltungen - m+f KEG-Technik GmbH &amp; Co. KG - Treffen Sie uns !\",\"isPartOf\":{\"@id\":\"https:\\\/\\\/www.mfkegtechnik.com\\\/de\\\/#website\"},\"primaryImageOfPage\":{\"@id\":\"https:\\\/\\\/www.mfkegtechnik.com\\\/de\\\/veranstaltungen\\\/#primaryimage\"},\"image\":{\"@id\":\"https:\\\/\\\/www.mfkegtechnik.com\\\/de\\\/veranstaltungen\\\/#primaryimage\"},\"thumbnailUrl\":\"https:\\\/\\\/www.mfkegtechnik.com\\\/wp-content\\\/uploads\\\/2019\\\/07\\\/20171019_121140-300x169.jpg\",\"datePublished\":\"2019-06-12T06:57:22+00:00\",\"dateModified\":\"2026-04-15T08:57:34+00:00\",\"description\":\"Die m + f KEG-Technik nimmt regelm\u00e4\u00dfig an Veranstaltungen teil, an denen verschiedene Akteure der Brau- und Getr\u00e4nkeindustrie ausstellen.\",\"breadcrumb\":{\"@id\":\"https:\\\/\\\/www.mfkegtechnik.com\\\/de\\\/veranstaltungen\\\/#breadcrumb\"},\"inLanguage\":\"de\",\"potentialAction\":[{\"@type\":\"ReadAction\",\"target\":[\"https:\\\/\\\/www.mfkegtechnik.com\\\/de\\\/veranstaltungen\\\/\"]}]},{\"@type\":\"ImageObject\",\"inLanguage\":\"de\",\"@id\":\"https:\\\/\\\/www.mfkegtechnik.com\\\/de\\\/veranstaltungen\\\/#primaryimage\",\"url\":\"https:\\\/\\\/www.mfkegtechnik.com\\\/wp-content\\\/uploads\\\/2019\\\/07\\\/20171019_121140-300x169.jpg\",\"contentUrl\":\"https:\\\/\\\/www.mfkegtechnik.com\\\/wp-content\\\/uploads\\\/2019\\\/07\\\/20171019_121140-300x169.jpg\"},{\"@type\":\"BreadcrumbList\",\"@id\":\"https:\\\/\\\/www.mfkegtechnik.com\\\/de\\\/veranstaltungen\\\/#breadcrumb\",\"itemListElement\":[{\"@type\":\"ListItem\",\"position\":1,\"name\":\"Accueil\",\"item\":\"https:\\\/\\\/www.mfkegtechnik.com\\\/de\\\/\"},{\"@type\":\"ListItem\",\"position\":2,\"name\":\"Events\"}]},{\"@type\":\"WebSite\",\"@id\":\"https:\\\/\\\/www.mfkegtechnik.com\\\/de\\\/#website\",\"url\":\"https:\\\/\\\/www.mfkegtechnik.com\\\/de\\\/\",\"name\":\"m+f KEG-Technik GmbH &amp; Co. KG\",\"description\":\"We keep your KEGs clean !\",\"potentialAction\":[{\"@type\":\"SearchAction\",\"target\":{\"@type\":\"EntryPoint\",\"urlTemplate\":\"https:\\\/\\\/www.mfkegtechnik.com\\\/de\\\/?s={search_term_string}\"},\"query-input\":{\"@type\":\"PropertyValueSpecification\",\"valueRequired\":true,\"valueName\":\"search_term_string\"}}],\"inLanguage\":\"de\"}]}<\/script>\n<!-- \/ Yoast SEO plugin. -->","yoast_head_json":{"title":"Veranstaltungen - m+f KEG-Technik GmbH &amp; Co. KG - Treffen Sie uns !","description":"Die m + f KEG-Technik nimmt regelm\u00e4\u00dfig an Veranstaltungen teil, an denen verschiedene Akteure der Brau- und Getr\u00e4nkeindustrie ausstellen.","robots":{"index":"index","follow":"follow","max-snippet":"max-snippet:-1","max-image-preview":"max-image-preview:large","max-video-preview":"max-video-preview:-1"},"canonical":"https:\/\/www.mfkegtechnik.com\/de\/veranstaltungen\/","og_locale":"de_DE","og_type":"article","og_title":"Veranstaltungen - m+f KEG-Technik GmbH &amp; Co. KG - Treffen Sie uns !","og_description":"Die m + f KEG-Technik nimmt regelm\u00e4\u00dfig an Veranstaltungen teil, an denen verschiedene Akteure der Brau- und Getr\u00e4nkeindustrie ausstellen.","og_url":"https:\/\/www.mfkegtechnik.com\/de\/veranstaltungen\/","og_site_name":"m+f KEG-Technik GmbH &amp; Co. KG","article_modified_time":"2026-04-15T08:57:34+00:00","og_image":[{"width":5312,"height":2988,"url":"https:\/\/www.mfkegtechnik.com\/wp-content\/uploads\/2019\/07\/20171019_121140.jpg","type":"image\/jpeg"}],"twitter_card":"summary_large_image","twitter_misc":{"Gesch\u00e4tzte Lesezeit":"3\u00a0Minuten"},"schema":{"@context":"https:\/\/schema.org","@graph":[{"@type":"WebPage","@id":"https:\/\/www.mfkegtechnik.com\/de\/veranstaltungen\/","url":"https:\/\/www.mfkegtechnik.com\/de\/veranstaltungen\/","name":"Veranstaltungen - m+f KEG-Technik GmbH &amp; Co. KG - Treffen Sie uns !","isPartOf":{"@id":"https:\/\/www.mfkegtechnik.com\/de\/#website"},"primaryImageOfPage":{"@id":"https:\/\/www.mfkegtechnik.com\/de\/veranstaltungen\/#primaryimage"},"image":{"@id":"https:\/\/www.mfkegtechnik.com\/de\/veranstaltungen\/#primaryimage"},"thumbnailUrl":"https:\/\/www.mfkegtechnik.com\/wp-content\/uploads\/2019\/07\/20171019_121140-300x169.jpg","datePublished":"2019-06-12T06:57:22+00:00","dateModified":"2026-04-15T08:57:34+00:00","description":"Die m + f KEG-Technik nimmt regelm\u00e4\u00dfig an Veranstaltungen teil, an denen verschiedene Akteure der Brau- und Getr\u00e4nkeindustrie ausstellen.","breadcrumb":{"@id":"https:\/\/www.mfkegtechnik.com\/de\/veranstaltungen\/#breadcrumb"},"inLanguage":"de","potentialAction":[{"@type":"ReadAction","target":["https:\/\/www.mfkegtechnik.com\/de\/veranstaltungen\/"]}]},{"@type":"ImageObject","inLanguage":"de","@id":"https:\/\/www.mfkegtechnik.com\/de\/veranstaltungen\/#primaryimage","url":"https:\/\/www.mfkegtechnik.com\/wp-content\/uploads\/2019\/07\/20171019_121140-300x169.jpg","contentUrl":"https:\/\/www.mfkegtechnik.com\/wp-content\/uploads\/2019\/07\/20171019_121140-300x169.jpg"},{"@type":"BreadcrumbList","@id":"https:\/\/www.mfkegtechnik.com\/de\/veranstaltungen\/#breadcrumb","itemListElement":[{"@type":"ListItem","position":1,"name":"Accueil","item":"https:\/\/www.mfkegtechnik.com\/de\/"},{"@type":"ListItem","position":2,"name":"Events"}]},{"@type":"WebSite","@id":"https:\/\/www.mfkegtechnik.com\/de\/#website","url":"https:\/\/www.mfkegtechnik.com\/de\/","name":"m+f KEG-Technik GmbH &amp; Co. KG","description":"We keep your KEGs clean !","potentialAction":[{"@type":"SearchAction","target":{"@type":"EntryPoint","urlTemplate":"https:\/\/www.mfkegtechnik.com\/de\/?s={search_term_string}"},"query-input":{"@type":"PropertyValueSpecification","valueRequired":true,"valueName":"search_term_string"}}],"inLanguage":"de"}]}},"_links":{"self":[{"href":"https:\/\/www.mfkegtechnik.com\/de\/wp-json\/wp\/v2\/pages\/3680","targetHints":{"allow":["GET"]}}],"collection":[{"href":"https:\/\/www.mfkegtechnik.com\/de\/wp-json\/wp\/v2\/pages"}],"about":[{"href":"https:\/\/www.mfkegtechnik.com\/de\/wp-json\/wp\/v2\/types\/page"}],"author":[{"embeddable":true,"href":"https:\/\/www.mfkegtechnik.com\/de\/wp-json\/wp\/v2\/users\/2"}],"replies":[{"embeddable":true,"href":"https:\/\/www.mfkegtechnik.com\/de\/wp-json\/wp\/v2\/comments?post=3680"}],"version-history":[{"count":79,"href":"https:\/\/www.mfkegtechnik.com\/de\/wp-json\/wp\/v2\/pages\/3680\/revisions"}],"predecessor-version":[{"id":19663,"href":"https:\/\/www.mfkegtechnik.com\/de\/wp-json\/wp\/v2\/pages\/3680\/revisions\/19663"}],"wp:attachment":[{"href":"https:\/\/www.mfkegtechnik.com\/de\/wp-json\/wp\/v2\/media?parent=3680"}],"curies":[{"name":"wp","href":"https:\/\/api.w.org\/{rel}","templated":true}]}}