{"id":3681,"date":"2019-06-12T11:02:33","date_gmt":"2019-06-12T10:02:33","guid":{"rendered":"http:\/\/www.mfkegtechnik.com\/home\/"},"modified":"2024-04-02T15:51:20","modified_gmt":"2024-04-02T14:51:20","slug":"home","status":"publish","type":"page","link":"https:\/\/www.mfkegtechnik.com\/de\/","title":{"rendered":"Home"},"content":{"rendered":"<div id=\"pl-3681\"  class=\"panel-layout\" ><div id=\"pg-3681-0\"  class=\"panel-grid panel-no-style\" ><div id=\"pgc-3681-0-0\"  class=\"panel-grid-cell\" ><div id=\"panel-3681-0-0-0\" class=\"so-panel widget widget_sow-headline panel-first-child\" data-index=\"0\" ><div\n\t\t\t\n\t\t\tclass=\"so-widget-sow-headline so-widget-sow-headline-default-db700e736908-3681\"\n\t\t\t\n\t\t><div class=\"sow-headline-container \">\n\t\t\t\t\t\t\t<h1 class=\"sow-headline\">\n\t\t\t\t\t\t  m+f KEG-Technik GmbH &amp; Co. KG, Ihr Spezialist f\u00fcr die Reinigung und Abf\u00fcllung von KEGs!\t\t\t\t\t\t<\/h1>\n\t\t\t\t\t\t\t\t\t\t\t<div class=\"decoration\">\n\t\t\t\t\t\t<div class=\"decoration-inside\"><\/div>\n\t\t\t\t\t<\/div>\n\t\t\t\t\t<\/div>\n<\/div><\/div><div id=\"panel-3681-0-0-1\" class=\"so-panel widget widget_sow-editor panel-last-child\" data-index=\"1\" ><div\n\t\t\t\n\t\t\tclass=\"so-widget-sow-editor so-widget-sow-editor-base\"\n\t\t\t\n\t\t>\n<div class=\"siteorigin-widget-tinymce textwidget\">\n\t<h4><span style=\"color: #000000;\">Mit mehr als 50 Jahren Erfahrung im KEG-Bereich und mehr als 2.700 verkauften Anlagen in \u00fcber 100 L\u00e4ndern sind wir stolz darauf, uns selbst als Spezialisten zu bezeichnen.<\/span><\/h4>\n<h4><span style=\"color: #000000;\">Unsere Produktpalette umfasst Einzelmaschinen bis hin zu kompletten Anlagen zum Reinigen und Abf\u00fcllen von regul\u00e4ren KEGs, Peripherieger\u00e4ten und Abf\u00fcllmaschinen f\u00fcr Einweg-KEGs. \u00a0\u00a0<\/span><\/h4>\n<h4><span style=\"color: #000000;\">Die m + f KEG-Technik GmbH &amp; Co. KG bietet ihren Kunden einen umfassenden Service vom Erstkontakt bis hin zur Ersatzteilversorgung. Dadurch sind wir in der Lage, schnell und effizient auf die individuellen Bed\u00fcrfnisse und spezifischen Anforderungen unserer Kunden zu reagieren.<\/span><\/h4>\n<h4><span style=\"color: #000000;\">Alle Maschinen werden in unserer Produktionsst\u00e4tte in Bottrop hergestellt und von dort in die ganze Welt exportiert.<\/span><\/h4>\n<h4><span style=\"color: #000000;\">Erfahren Sie mehr \u00fcber unser Unternehmen. Von der Ermittlung Ihrer Bed\u00fcrfnisse bis hin zur Bereitstellung spezifischer Dienstleistungen und L\u00f6sungsvorschl\u00e4gen! \u00a0\u00a0<\/span><\/h4>\n<\/div>\n<\/div><\/div><\/div><\/div><div id=\"pg-3681-1\"  class=\"panel-grid panel-has-style\" ><div class=\"siteorigin-panels-stretch panel-row-style panel-row-style-for-3681-1\" data-stretch-type=\"full\" ><div id=\"pgc-3681-1-0\"  class=\"panel-grid-cell\" ><div id=\"panel-3681-1-0-0\" class=\"so-panel widget widget_sow-headline panel-first-child\" data-index=\"2\" ><div\n\t\t\t\n\t\t\tclass=\"so-widget-sow-headline so-widget-sow-headline-default-5711d017a6a3-3681\"\n\t\t\t\n\t\t><div class=\"sow-headline-container \">\n\t\t\t\t\t\t\t<h1 class=\"sow-headline\">\n\t\t\t\t\t\t\t\t\t\t\t\t\t<a href=\"https:\/\/www.mfkegtechnik.com\/our-solutions\/\" >\n\t\t\t\t\t\t\t\tUNSERE M\u00d6GLICHKEITEN <\/a>\t\t\t\t\t\t<\/h1>\n\t\t\t\t\t\t\t\t\t\t\t<div class=\"decoration\">\n\t\t\t\t\t\t<div class=\"decoration-inside\"><\/div>\n\t\t\t\t\t<\/div>\n\t\t\t\t\t\t\t\t\t\t\t<h3 class=\"sow-sub-headline\">\n\t\t\t\t\t\tGerne erstellen wir Ihnen ein individuelles Angebot und passen unsere Maschinen Ihren W\u00fcnschen an.\t\t\t\t\t\t<\/h3>\n\t\t\t\t\t\t<\/div>\n<\/div><\/div><div id=\"panel-3681-1-0-1\" class=\"so-panel widget widget_siteorigin-panels-builder\" data-index=\"3\" ><div id=\"pl-w6602e923f25e8\"  class=\"panel-layout\" ><div id=\"pg-w6602e923f25e8-0\"  class=\"panel-grid panel-no-style\" ><div id=\"pgc-w6602e923f25e8-0-0\"  class=\"panel-grid-cell\" ><div id=\"panel-w6602e923f25e8-0-0-0\" class=\"so-panel widget widget_sow-image panel-first-child panel-last-child\" data-index=\"0\" ><div\n\t\t\t\n\t\t\tclass=\"so-widget-sow-image so-widget-sow-image-default-c67d20f9f743\"\n\t\t\t\n\t\t>\n<div class=\"sow-image-container\">\n\t\t\t<a href=\"https:\/\/www.mfkegtechnik.com\/de\/produkte\/\"\n\t\t\ttarget=\"_blank\" rel=\"noopener noreferrer\" \t\t>\n\t\t\t<img \n\tsrc=\"https:\/\/www.mfkegtechnik.com\/wp-content\/uploads\/2019\/08\/Homepage-2.png\" width=\"609\" height=\"677\" srcset=\"https:\/\/www.mfkegtechnik.com\/wp-content\/uploads\/2019\/08\/Homepage-2.png 609w, https:\/\/www.mfkegtechnik.com\/wp-content\/uploads\/2019\/08\/Homepage-2-270x300.png 270w\" sizes=\"(max-width: 609px) 100vw, 609px\" title=\"Homepage\" alt=\"Keg-Spezialist-Reinigung-und-Abf\u00fcllung\" \t\tclass=\"so-widget-image\"\/>\n\t\t\t<\/a><\/div>\n\n<\/div><\/div><\/div><div id=\"pgc-w6602e923f25e8-0-1\"  class=\"panel-grid-cell\" ><div id=\"panel-w6602e923f25e8-0-1-0\" class=\"so-panel widget widget_sow-editor panel-first-child panel-last-child\" data-index=\"1\" ><div\n\t\t\t\n\t\t\tclass=\"so-widget-sow-editor so-widget-sow-editor-base\"\n\t\t\t\n\t\t>\n<div class=\"siteorigin-widget-tinymce textwidget\">\n\t<h3><\/h3>\n<h3><\/h3>\n<h3><span style=\"color: #ffffff; font-size: 14pt;\"><strong>\u2666 \u00a0<\/strong><strong> <a style=\"color: #ffffff;\" href=\"https:\/\/www.mfkegtechnik.com\/de\/keg-reinigung\/\">KEG<\/a><a style=\"color: #ffffff;\" href=\"https:\/\/www.mfkegtechnik.com\/de\/keg-reinigung\/\"> Reinigung<\/a><\/strong><\/span><\/h3>\n<h3><span style=\"color: #ffffff; font-size: 14pt;\"><strong>\u2666 \u00a0<\/strong>\u00a0<a style=\"color: #ffffff;\" href=\"https:\/\/www.mfkegtechnik.com\/de\/keg-reinigung-und-abfuellung\/\">KEG<\/a><strong><a style=\"color: #ffffff;\" href=\"https:\/\/www.mfkegtechnik.com\/de\/keg-reinigung-und-abfuellung\/\"> Reinigung &amp; Abf\u00fcllung<\/a><\/strong><\/span><\/h3>\n<h3><span style=\"color: #ffffff; font-size: 14pt;\"><strong>\u2666 \u00a0 <a style=\"color: #ffffff;\" href=\"https:\/\/www.mfkegtechnik.com\/de\/keg-abfuellung-one-way\/\">KEG Abf\u00fcllung f\u00fcr Einweggebinde<\/a><\/strong><\/span><\/h3>\n<h3><span style=\"color: #ffffff; font-size: 14pt;\"><strong>\u2666 \u00a0 <a style=\"color: #ffffff;\" href=\"https:\/\/www.mfkegtechnik.com\/de\/keg-aussenwascher\/\">KEG Au\u00dfenwascher<\/a><\/strong><\/span><\/h3>\n<h3><span style=\"color: #ffffff; font-size: 14pt;\"><strong>\u2666 \u00a0<a style=\"color: #ffffff;\" href=\"https:\/\/www.mfkegtechnik.com\/de\/keg-maschinen-40-120-keg-h\/\"> KEG Maschinen 40 - 120 KEG\/h<\/a><\/strong><\/span><\/h3>\n<h3><span style=\"color: #ffffff; font-size: 14pt;\"><strong>\u2666 \u00a0 <a style=\"color: #ffffff;\" href=\"https:\/\/www.mfkegtechnik.com\/de\/keg-anlagen\/\">KEG Anlagen<\/a><\/strong><\/span><\/h3>\n<h3><span style=\"color: #ffffff; font-size: 14pt;\"><strong>\u2666 \u00a0 KEG Anlagen 300 - 1.000 KEG\/h<\/strong><\/span><\/h3>\n<h3><span style=\"color: #ffffff; font-size: 14pt;\"><strong>\u2666 \u00a0 <a style=\"color: #ffffff;\" href=\"https:\/\/www.mfkegtechnik.com\/de\/keg-manipulator\/\">KEG Manipulator<\/a><\/strong><\/span><\/h3>\n<h3><\/h3>\n<p>&nbsp;<\/p>\n<h3><\/h3>\n<h3 style=\"padding-left: 80px;\"><span style=\"color: #ffffff; font-size: 14pt;\"><strong>\u2026 und weitere KEG-bezogene Produkte.\u00a0<\/strong><\/span><\/h3>\n<\/div>\n<\/div><\/div><\/div><\/div><div id=\"pg-w6602e923f25e8-1\"  class=\"panel-grid panel-no-style\" ><div id=\"pgc-w6602e923f25e8-1-0\"  class=\"panel-grid-cell\" ><div id=\"panel-w6602e923f25e8-1-0-0\" class=\"so-panel widget widget_sow-button panel-first-child panel-last-child\" data-index=\"2\" ><div\n\t\t\t\n\t\t\tclass=\"so-widget-sow-button so-widget-sow-button-atom-c0822ced0d81\"\n\t\t\t\n\t\t><div class=\"ow-button-base ow-button-align-center\"\n>\n\t\t\t<a\n\t\t\t\t\thref=\"https:\/\/www.mfkegtechnik.com\/de\/produkte\/\"\n\t\t\t\t\tclass=\"sowb-button ow-icon-placement-left ow-button-hover\" \t>\n\t\t<span>\n\t\t\t\n\t\t\tAlle M\u00f6glichkeiten\t\t<\/span>\n\t\t\t<\/a>\n\t<\/div>\n<\/div><\/div><\/div><\/div><\/div><\/div><div id=\"panel-3681-1-0-2\" class=\"so-panel widget widget_sow-editor panel-last-child\" data-index=\"4\" ><div\n\t\t\t\n\t\t\tclass=\"so-widget-sow-editor so-widget-sow-editor-base\"\n\t\t\t\n\t\t>\n<div class=\"siteorigin-widget-tinymce textwidget\">\n\t<\/div>\n<\/div><\/div><\/div><\/div><\/div><div id=\"pg-3681-2\"  class=\"panel-grid panel-has-style\" ><div class=\"siteorigin-panels-stretch panel-row-style panel-row-style-for-3681-2\" data-stretch-type=\"full\" ><div id=\"pgc-3681-2-0\"  class=\"panel-grid-cell\" ><div id=\"panel-3681-2-0-0\" class=\"so-panel widget widget_sow-headline panel-first-child\" data-index=\"5\" ><div\n\t\t\t\n\t\t\tclass=\"so-widget-sow-headline so-widget-sow-headline-default-f927659a63be-3681\"\n\t\t\t\n\t\t><div class=\"sow-headline-container \">\n\t\t\t\t\t\t\t<h1 class=\"sow-headline\">\n\t\t\t\t\t\tUNSER SERVICE\t\t\t\t\t\t<\/h1>\n\t\t\t\t\t\t\t\t\t\t\t<div class=\"decoration\">\n\t\t\t\t\t\t<div class=\"decoration-inside\"><\/div>\n\t\t\t\t\t<\/div>\n\t\t\t\t\t\t\t\t\t\t\t<h3 class=\"sow-sub-headline\">\n\t\t\t\t\t\tWir stellen Ihnen all unsere F\u00e4higkeiten und unser Wissen zur Verf\u00fcgung.\t\t\t\t\t\t<\/h3>\n\t\t\t\t\t\t<\/div>\n<\/div><\/div><div id=\"panel-3681-2-0-1\" class=\"so-panel widget widget_siteorigin-panels-builder\" data-index=\"6\" ><div id=\"pl-w5d2ebd4eac85c\"  class=\"panel-layout\" ><div id=\"pg-w5d2ebd4eac85c-0\"  class=\"panel-grid panel-no-style\" ><div id=\"pgc-w5d2ebd4eac85c-0-0\"  class=\"panel-grid-cell\" ><div id=\"panel-w5d2ebd4eac85c-0-0-0\" class=\"so-panel widget widget_sow-image panel-first-child panel-last-child\" data-index=\"0\" ><div\n\t\t\t\n\t\t\tclass=\"so-widget-sow-image so-widget-sow-image-default-c67d20f9f743\"\n\t\t\t\n\t\t>\n<div class=\"sow-image-container\">\n\t\t\t<a href=\"https:\/\/www.mfkegtechnik.com\/de\/kontakt\/\"\n\t\t\t\t\t>\n\t\t\t<img \n\tsrc=\"https:\/\/www.mfkegtechnik.com\/wp-content\/uploads\/2019\/07\/Ingenieurwesen.png\" width=\"297\" height=\"199\" srcset=\"https:\/\/www.mfkegtechnik.com\/wp-content\/uploads\/2019\/07\/Ingenieurwesen.png 297w, https:\/\/www.mfkegtechnik.com\/wp-content\/uploads\/2019\/07\/Ingenieurwesen-272x182.png 272w\" sizes=\"(max-width: 297px) 100vw, 297px\" alt=\"ingenieurwesen-keg-spezialist\" \t\tclass=\"so-widget-image\"\/>\n\t\t\t<\/a><\/div>\n\n<\/div><\/div><\/div><div id=\"pgc-w5d2ebd4eac85c-0-1\"  class=\"panel-grid-cell\" ><div id=\"panel-w5d2ebd4eac85c-0-1-0\" class=\"so-panel widget widget_sow-image panel-first-child panel-last-child\" data-index=\"1\" ><div\n\t\t\t\n\t\t\tclass=\"so-widget-sow-image so-widget-sow-image-default-c67d20f9f743\"\n\t\t\t\n\t\t>\n<div class=\"sow-image-container\">\n\t\t\t<a href=\"https:\/\/www.mfkegtechnik.com\/de\/kontakt\/\"\n\t\t\t\t\t>\n\t\t\t<img \n\tsrc=\"https:\/\/www.mfkegtechnik.com\/wp-content\/uploads\/2019\/07\/vorbeugende-wartung.png\" width=\"299\" height=\"200\" srcset=\"https:\/\/www.mfkegtechnik.com\/wp-content\/uploads\/2019\/07\/vorbeugende-wartung.png 299w, https:\/\/www.mfkegtechnik.com\/wp-content\/uploads\/2019\/07\/vorbeugende-wartung-272x182.png 272w\" sizes=\"(max-width: 299px) 100vw, 299px\" title=\"vorbeugende wartung\" alt=\"vorbeugende-wartung-keg-spezialist\" \t\tclass=\"so-widget-image\"\/>\n\t\t\t<\/a><\/div>\n\n<\/div><\/div><\/div><div id=\"pgc-w5d2ebd4eac85c-0-2\"  class=\"panel-grid-cell\" ><div id=\"panel-w5d2ebd4eac85c-0-2-0\" class=\"so-panel widget widget_sow-image panel-first-child panel-last-child\" data-index=\"2\" ><div\n\t\t\t\n\t\t\tclass=\"so-widget-sow-image so-widget-sow-image-default-c67d20f9f743\"\n\t\t\t\n\t\t>\n<div class=\"sow-image-container\">\n\t\t\t<a href=\"https:\/\/www.mfkegtechnik.com\/de\/kontakt\/\"\n\t\t\t\t\t>\n\t\t\t<img \n\tsrc=\"https:\/\/www.mfkegtechnik.com\/wp-content\/uploads\/2019\/07\/unterst\u00fctzung.png\" width=\"300\" height=\"201\" srcset=\"https:\/\/www.mfkegtechnik.com\/wp-content\/uploads\/2019\/07\/unterst\u00fctzung.png 300w, https:\/\/www.mfkegtechnik.com\/wp-content\/uploads\/2019\/07\/unterst\u00fctzung-272x182.png 272w\" sizes=\"(max-width: 300px) 100vw, 300px\" title=\"Unterst\u00fctzung\" alt=\"unterst\u00fctzung-keg-specialist\" \t\tclass=\"so-widget-image\"\/>\n\t\t\t<\/a><\/div>\n\n<\/div><\/div><\/div><\/div><\/div><\/div><div id=\"panel-3681-2-0-2\" class=\"so-panel widget widget_sow-editor panel-last-child\" data-index=\"7\" ><div\n\t\t\t\n\t\t\tclass=\"so-widget-sow-editor so-widget-sow-editor-base\"\n\t\t\t\n\t\t>\n<div class=\"siteorigin-widget-tinymce textwidget\">\n\t<\/div>\n<\/div><\/div><\/div><\/div><\/div><div id=\"pg-3681-3\"  class=\"panel-grid panel-has-style\" ><div class=\"siteorigin-panels-stretch panel-row-style panel-row-style-for-3681-3\" data-stretch-type=\"full\" ><div id=\"pgc-3681-3-0\"  class=\"panel-grid-cell panel-grid-cell-empty\" ><\/div><\/div><\/div><div id=\"pg-3681-4\"  class=\"panel-grid panel-has-style\" ><div class=\"siteorigin-panels-stretch panel-row-style panel-row-style-for-3681-4\" data-stretch-type=\"full\" ><div id=\"pgc-3681-4-0\"  class=\"panel-grid-cell\" ><div id=\"panel-3681-4-0-0\" class=\"so-panel widget widget_siteorigin-panels-builder panel-first-child panel-last-child\" data-index=\"8\" ><div id=\"pl-w61ec9186d389c\"  class=\"panel-layout\" ><div id=\"pg-w61ec9186d389c-0\"  class=\"panel-grid panel-no-style\" ><div id=\"pgc-w61ec9186d389c-0-0\"  class=\"panel-grid-cell\" ><div id=\"panel-w61ec9186d389c-0-0-0\" class=\"so-panel widget widget_sow-headline panel-first-child\" data-index=\"0\" ><div\n\t\t\t\n\t\t\tclass=\"so-widget-sow-headline so-widget-sow-headline-default-59e1387d2043\"\n\t\t\t\n\t\t><div class=\"sow-headline-container \">\n\t\t\t\t\t\t\t<h2 class=\"sow-headline\">\n\t\t\t\t\t\tKontaktieren Sie uns\t\t\t\t\t\t<\/h2>\n\t\t\t\t\t\t<\/div>\n<\/div><\/div><div id=\"panel-w61ec9186d389c-0-0-1\" class=\"so-panel widget widget_sow-editor panel-last-child\" data-index=\"1\" ><div\n\t\t\t\n\t\t\tclass=\"so-widget-sow-editor so-widget-sow-editor-base\"\n\t\t\t\n\t\t>\n<div class=\"siteorigin-widget-tinymce textwidget\">\n\t<h3 data-wpview-marker=\"https%3A%2F%2Fapi.whatsapp.com%2Fsend%3Fphone%3D491631366831\"><span style=\"color: #ffffff;\"><strong>Telefon:<\/strong><\/span> <span style=\"color: #ffffff;\">+49 2041 743-0<\/span><\/h3>\n<h3 data-wpview-marker=\"https%3A%2F%2Fapi.whatsapp.com%2Fsend%3Fphone%3D491631366831\"><span style=\"color: #ffffff;\"><strong>E-Mail:<\/strong> info@mfKEGtechnik.de<\/span><\/h3>\n<h3 data-wpview-marker=\"https%3A%2F%2Fapi.whatsapp.com%2Fsend%3Fphone%3D491631366831\"><span style=\"color: #ffffff;\"><strong>Adresse:<\/strong>Weusterstrasse 27, D-46240 Bottrop, Deutschland<\/span><\/h3>\n<\/div>\n<\/div><\/div><\/div><div id=\"pgc-w61ec9186d389c-0-1\"  class=\"panel-grid-cell panel-grid-cell-empty\" ><\/div><div id=\"pgc-w61ec9186d389c-0-2\"  class=\"panel-grid-cell\" ><div id=\"panel-w61ec9186d389c-0-2-0\" class=\"so-panel widget widget_sow-headline panel-first-child\" data-index=\"2\" ><div\n\t\t\t\n\t\t\tclass=\"so-widget-sow-headline so-widget-sow-headline-default-fb9b5b03b6bd\"\n\t\t\t\n\t\t><div class=\"sow-headline-container \">\n\t\t\t\t\t\t\t<h2 class=\"sow-headline\">\n\t\t\t\t\t\tFolgen Sie uns\t\t\t\t\t\t<\/h2>\n\t\t\t\t\t\t<\/div>\n<\/div><\/div><div id=\"panel-w61ec9186d389c-0-2-1\" class=\"so-panel widget widget_sow-social-media-buttons panel-last-child\" data-index=\"3\" ><div\n\t\t\t\n\t\t\tclass=\"so-widget-sow-social-media-buttons so-widget-sow-social-media-buttons-atom-dd9a42e34daa\"\n\t\t\t\n\t\t>\n\n<div class=\"social-media-button-container\">\n\t\n\t\t<a \n\t\tclass=\"ow-button-hover sow-social-media-button-youtube-0 sow-social-media-button\" title=\"YouTube\" aria-label=\"YouTube\" target=\"_blank\" rel=\"noopener noreferrer\" href=\"https:\/\/www.youtube.com\/user\/KEGTechnik\/https:\/\/www.youtube.com\/\" \t\t>\n\t\t\t<span>\n\t\t\t\t\t\t\t\t<span class=\"sow-icon-fontawesome sow-fab\" data-sow-icon=\"&#xf167;\"\n\t\t \n\t\taria-hidden=\"true\"><\/span>\t\t\t\t\t\t\t<\/span>\n\t\t<\/a>\n\t\n\t\t<a \n\t\tclass=\"ow-button-hover sow-social-media-button-facebook-0 sow-social-media-button\" title=\"Facebook\" aria-label=\"Facebook\" target=\"_blank\" rel=\"noopener noreferrer\" href=\"https:\/\/www.facebook.com\/Mf-KEG-Technik-GmbH-Co-KG-100694908516712\" \t\t>\n\t\t\t<span>\n\t\t\t\t\t\t\t\t<span class=\"sow-icon-fontawesome sow-fab\" data-sow-icon=\"&#xf39e;\"\n\t\t \n\t\taria-hidden=\"true\"><\/span>\t\t\t\t\t\t\t<\/span>\n\t\t<\/a>\n\t\n\t\t<a \n\t\tclass=\"ow-button-hover sow-social-media-button-instagram-0 sow-social-media-button\" title=\"Instagram\" aria-label=\"Instagram\" target=\"_blank\" rel=\"noopener noreferrer\" href=\"https:\/\/www.instagram.com\/mf_kegtechnik\/\" \t\t>\n\t\t\t<span>\n\t\t\t\t\t\t\t\t<span class=\"sow-icon-fontawesome sow-fab\" data-sow-icon=\"&#xf16d;\"\n\t\t \n\t\taria-hidden=\"true\"><\/span>\t\t\t\t\t\t\t<\/span>\n\t\t<\/a>\n\t\n\t\t<a \n\t\tclass=\"ow-button-hover sow-social-media-button-linkedin-0 sow-social-media-button\" title=\"LinkedIn\" aria-label=\"LinkedIn\" target=\"_blank\" rel=\"noopener noreferrer\" href=\"https:\/\/it.linkedin.com\/company\/m-f-keg-technik-gmbh-&#038;-co.-kg\" \t\t>\n\t\t\t<span>\n\t\t\t\t\t\t\t\t<span class=\"sow-icon-fontawesome sow-fab\" data-sow-icon=\"&#xf0e1;\"\n\t\t \n\t\taria-hidden=\"true\"><\/span>\t\t\t\t\t\t\t<\/span>\n\t\t<\/a>\n\t\n\t\t<a \n\t\tclass=\"ow-button-hover sow-social-media-button-whatsapp-0 sow-social-media-button\" title=\"Whatsapp\" aria-label=\"Whatsapp\" target=\"_blank\" rel=\"noopener noreferrer\" href=\"https:\/\/api.whatsapp.com\/send?phone=491631366831\" \t\t>\n\t\t\t<span>\n\t\t\t\t\t\t\t\t<span class=\"sow-icon-fontawesome sow-fab\" data-sow-icon=\"&#xf232;\"\n\t\t \n\t\taria-hidden=\"true\"><\/span>\t\t\t\t\t\t\t<\/span>\n\t\t<\/a>\n\t<\/div>\n<\/div><\/div><\/div><\/div><div id=\"pg-w61ec9186d389c-1\"  class=\"panel-grid panel-no-style\" ><div id=\"pgc-w61ec9186d389c-1-0\"  class=\"panel-grid-cell\" ><div id=\"panel-w61ec9186d389c-1-0-0\" class=\"so-panel widget widget_black-studio-tinymce widget_black_studio_tinymce panel-first-child panel-last-child\" data-index=\"4\" ><div class=\"textwidget\"><p><a class=\"medium cli-plugin-button cli-plugin-main-button cli_settings_button\" style=\"margin: 0px 10px 0px 5px;\" role=\"button\">Cookie Einstellungen<\/a><\/p>\n<\/div><\/div><\/div><div id=\"pgc-w61ec9186d389c-1-1\"  class=\"panel-grid-cell panel-grid-cell-empty\" ><\/div><div id=\"pgc-w61ec9186d389c-1-2\"  class=\"panel-grid-cell panel-grid-cell-empty\" ><\/div><div id=\"pgc-w61ec9186d389c-1-3\"  class=\"panel-grid-cell\" ><div id=\"panel-w61ec9186d389c-1-3-0\" class=\"so-panel widget widget_black-studio-tinymce widget_black_studio_tinymce panel-first-child panel-last-child\" data-index=\"5\" ><div class=\"textwidget\"><p style=\"text-align: left;\"><a href=\"https:\/\/www.mfkegtechnik.com\/de\/impressum\/\"><font color=\"#ffffff\">Impressum<\/font><\/a><\/p>\n<\/div><\/div><\/div><div id=\"pgc-w61ec9186d389c-1-4\"  class=\"panel-grid-cell\" ><div id=\"panel-w61ec9186d389c-1-4-0\" class=\"so-panel widget widget_black-studio-tinymce widget_black_studio_tinymce panel-first-child panel-last-child\" data-index=\"6\" ><div class=\"textwidget\"><p style=\"text-align: left;\"><a href=\"https:\/\/www.mfkegtechnik.com\/de\/datenschutzerklaerung\/\"><font color=\"#ffffff\">Datenschutz<\/font><\/a><\/p>\n<\/div><\/div><\/div><div id=\"pgc-w61ec9186d389c-1-5\"  class=\"panel-grid-cell\" ><div id=\"panel-w61ec9186d389c-1-5-0\" class=\"so-panel widget widget_black-studio-tinymce widget_black_studio_tinymce panel-first-child panel-last-child\" data-index=\"7\" ><div class=\"textwidget\"><p style=\"text-align: left;\"><a href=\"https:\/\/www.mfkegtechnik.com\/de\/cookie-richtlinie\/\"><font color=\"#ffffff\">Cookie Richtlinie<\/font><\/a><\/p>\n<\/div><\/div><\/div><\/div><\/div><\/div><\/div><\/div><\/div><\/div>","protected":false},"excerpt":{"rendered":"<p>Mit mehr als 50 Jahren Erfahrung im KEG-Bereich und mehr als 2.700 verkauften Anlagen in \u00fcber 100 L\u00e4ndern sind wir stolz darauf, uns selbst als Spezialisten zu bezeichnen. Unsere Produktpalette umfasst Einzelmaschinen bis hin zu kompletten Anlagen zum Reinigen und Abf\u00fcllen von regul\u00e4ren KEGs, Peripherieger\u00e4ten und Abf\u00fcllmaschinen f\u00fcr Einweg-KEGs. \u00a0\u00a0 Die m + f KEG-Technik GmbH &amp; Co. KG bietet ihren Kunden einen umfassenden Service vom Erstkontakt bis hin zur &hellip;<a class=\"excerpt\" href=\"https:\/\/www.mfkegtechnik.com\/de\/\">Read More<\/a><\/p>\n","protected":false},"author":2,"featured_media":0,"parent":0,"menu_order":0,"comment_status":"closed","ping_status":"closed","template":"","meta":{"footnotes":""},"class_list":["post-3681","page","type-page","status-publish","hentry"],"yoast_head":"<!-- This site is optimized with the Yoast SEO plugin v27.3 - https:\/\/yoast.com\/product\/yoast-seo-wordpress\/ -->\n<title>KEG Reinigung und Abf\u00fcllung Spezialist - m+f KEG-Technik GmbH &amp; Co.<\/title>\n<meta name=\"description\" content=\"Die m + f KEG-Technik GmbH ist ein Spezialist Reinigung und Abf\u00fcllung, Hersteller von KEG-Anlagen und anderen Ger\u00e4ten. Mehr als 40 Jahre Erfahrung!\" \/>\n<meta name=\"robots\" content=\"index, follow, max-snippet:-1, max-image-preview:large, max-video-preview:-1\" \/>\n<link rel=\"canonical\" href=\"https:\/\/www.mfkegtechnik.com\/de\/\" \/>\n<meta property=\"og:locale\" content=\"de_DE\" \/>\n<meta property=\"og:type\" content=\"article\" \/>\n<meta property=\"og:title\" content=\"KEG Reinigung und Abf\u00fcllung Spezialist - m+f KEG-Technik GmbH &amp; Co.\" \/>\n<meta property=\"og:description\" content=\"Die m + f KEG-Technik GmbH ist ein Spezialist Reinigung und Abf\u00fcllung, Hersteller von KEG-Anlagen und anderen Ger\u00e4ten. Mehr als 40 Jahre Erfahrung!\" \/>\n<meta property=\"og:url\" content=\"https:\/\/www.mfkegtechnik.com\/de\/\" \/>\n<meta property=\"og:site_name\" content=\"m+f KEG-Technik GmbH &amp; Co. KG\" \/>\n<meta property=\"article:modified_time\" content=\"2024-04-02T14:51:20+00:00\" \/>\n<meta name=\"twitter:card\" content=\"summary_large_image\" \/>\n<meta name=\"twitter:label1\" content=\"Gesch\u00e4tzte Lesezeit\" \/>\n\t<meta name=\"twitter:data1\" content=\"3\u00a0Minuten\" \/>\n<script type=\"application\/ld+json\" class=\"yoast-schema-graph\">{\"@context\":\"https:\\\/\\\/schema.org\",\"@graph\":[{\"@type\":\"WebPage\",\"@id\":\"https:\\\/\\\/www.mfkegtechnik.com\\\/de\\\/\",\"url\":\"https:\\\/\\\/www.mfkegtechnik.com\\\/de\\\/\",\"name\":\"KEG Reinigung und Abf\u00fcllung Spezialist - m+f KEG-Technik GmbH & Co.\",\"isPartOf\":{\"@id\":\"https:\\\/\\\/www.mfkegtechnik.com\\\/de\\\/#website\"},\"datePublished\":\"2019-06-12T10:02:33+00:00\",\"dateModified\":\"2024-04-02T14:51:20+00:00\",\"description\":\"Die m + f KEG-Technik GmbH ist ein Spezialist Reinigung und Abf\u00fcllung, Hersteller von KEG-Anlagen und anderen Ger\u00e4ten. Mehr als 40 Jahre Erfahrung!\",\"breadcrumb\":{\"@id\":\"https:\\\/\\\/www.mfkegtechnik.com\\\/de\\\/#breadcrumb\"},\"inLanguage\":\"de\",\"potentialAction\":[{\"@type\":\"ReadAction\",\"target\":[\"https:\\\/\\\/www.mfkegtechnik.com\\\/de\\\/\"]}]},{\"@type\":\"BreadcrumbList\",\"@id\":\"https:\\\/\\\/www.mfkegtechnik.com\\\/de\\\/#breadcrumb\",\"itemListElement\":[{\"@type\":\"ListItem\",\"position\":1,\"name\":\"Accueil\",\"item\":\"https:\\\/\\\/www.mfkegtechnik.com\\\/de\\\/\"},{\"@type\":\"ListItem\",\"position\":2,\"name\":\"Home\"}]},{\"@type\":\"WebSite\",\"@id\":\"https:\\\/\\\/www.mfkegtechnik.com\\\/de\\\/#website\",\"url\":\"https:\\\/\\\/www.mfkegtechnik.com\\\/de\\\/\",\"name\":\"m+f KEG-Technik GmbH &amp; Co. KG\",\"description\":\"We keep your KEGs clean !\",\"potentialAction\":[{\"@type\":\"SearchAction\",\"target\":{\"@type\":\"EntryPoint\",\"urlTemplate\":\"https:\\\/\\\/www.mfkegtechnik.com\\\/de\\\/?s={search_term_string}\"},\"query-input\":{\"@type\":\"PropertyValueSpecification\",\"valueRequired\":true,\"valueName\":\"search_term_string\"}}],\"inLanguage\":\"de\"}]}<\/script>\n<!-- \/ Yoast SEO plugin. -->","yoast_head_json":{"title":"KEG Reinigung und Abf\u00fcllung Spezialist - m+f KEG-Technik GmbH & Co.","description":"Die m + f KEG-Technik GmbH ist ein Spezialist Reinigung und Abf\u00fcllung, Hersteller von KEG-Anlagen und anderen Ger\u00e4ten. Mehr als 40 Jahre Erfahrung!","robots":{"index":"index","follow":"follow","max-snippet":"max-snippet:-1","max-image-preview":"max-image-preview:large","max-video-preview":"max-video-preview:-1"},"canonical":"https:\/\/www.mfkegtechnik.com\/de\/","og_locale":"de_DE","og_type":"article","og_title":"KEG Reinigung und Abf\u00fcllung Spezialist - m+f KEG-Technik GmbH & Co.","og_description":"Die m + f KEG-Technik GmbH ist ein Spezialist Reinigung und Abf\u00fcllung, Hersteller von KEG-Anlagen und anderen Ger\u00e4ten. Mehr als 40 Jahre Erfahrung!","og_url":"https:\/\/www.mfkegtechnik.com\/de\/","og_site_name":"m+f KEG-Technik GmbH &amp; Co. KG","article_modified_time":"2024-04-02T14:51:20+00:00","twitter_card":"summary_large_image","twitter_misc":{"Gesch\u00e4tzte Lesezeit":"3\u00a0Minuten"},"schema":{"@context":"https:\/\/schema.org","@graph":[{"@type":"WebPage","@id":"https:\/\/www.mfkegtechnik.com\/de\/","url":"https:\/\/www.mfkegtechnik.com\/de\/","name":"KEG Reinigung und Abf\u00fcllung Spezialist - m+f KEG-Technik GmbH & Co.","isPartOf":{"@id":"https:\/\/www.mfkegtechnik.com\/de\/#website"},"datePublished":"2019-06-12T10:02:33+00:00","dateModified":"2024-04-02T14:51:20+00:00","description":"Die m + f KEG-Technik GmbH ist ein Spezialist Reinigung und Abf\u00fcllung, Hersteller von KEG-Anlagen und anderen Ger\u00e4ten. Mehr als 40 Jahre Erfahrung!","breadcrumb":{"@id":"https:\/\/www.mfkegtechnik.com\/de\/#breadcrumb"},"inLanguage":"de","potentialAction":[{"@type":"ReadAction","target":["https:\/\/www.mfkegtechnik.com\/de\/"]}]},{"@type":"BreadcrumbList","@id":"https:\/\/www.mfkegtechnik.com\/de\/#breadcrumb","itemListElement":[{"@type":"ListItem","position":1,"name":"Accueil","item":"https:\/\/www.mfkegtechnik.com\/de\/"},{"@type":"ListItem","position":2,"name":"Home"}]},{"@type":"WebSite","@id":"https:\/\/www.mfkegtechnik.com\/de\/#website","url":"https:\/\/www.mfkegtechnik.com\/de\/","name":"m+f KEG-Technik GmbH &amp; Co. KG","description":"We keep your KEGs clean !","potentialAction":[{"@type":"SearchAction","target":{"@type":"EntryPoint","urlTemplate":"https:\/\/www.mfkegtechnik.com\/de\/?s={search_term_string}"},"query-input":{"@type":"PropertyValueSpecification","valueRequired":true,"valueName":"search_term_string"}}],"inLanguage":"de"}]}},"_links":{"self":[{"href":"https:\/\/www.mfkegtechnik.com\/de\/wp-json\/wp\/v2\/pages\/3681","targetHints":{"allow":["GET"]}}],"collection":[{"href":"https:\/\/www.mfkegtechnik.com\/de\/wp-json\/wp\/v2\/pages"}],"about":[{"href":"https:\/\/www.mfkegtechnik.com\/de\/wp-json\/wp\/v2\/types\/page"}],"author":[{"embeddable":true,"href":"https:\/\/www.mfkegtechnik.com\/de\/wp-json\/wp\/v2\/users\/2"}],"replies":[{"embeddable":true,"href":"https:\/\/www.mfkegtechnik.com\/de\/wp-json\/wp\/v2\/comments?post=3681"}],"version-history":[{"count":12,"href":"https:\/\/www.mfkegtechnik.com\/de\/wp-json\/wp\/v2\/pages\/3681\/revisions"}],"predecessor-version":[{"id":19617,"href":"https:\/\/www.mfkegtechnik.com\/de\/wp-json\/wp\/v2\/pages\/3681\/revisions\/19617"}],"wp:attachment":[{"href":"https:\/\/www.mfkegtechnik.com\/de\/wp-json\/wp\/v2\/media?parent=3681"}],"curies":[{"name":"wp","href":"https:\/\/api.w.org\/{rel}","templated":true}]}}