{"id":3683,"date":"2019-06-12T07:44:49","date_gmt":"2019-06-12T06:44:49","guid":{"rendered":"http:\/\/www.mfkegtechnik.com\/micromat-m-2-2-hybrid\/"},"modified":"2019-08-02T13:36:18","modified_gmt":"2019-08-02T12:36:18","slug":"micromat-m-2-2-hybrid","status":"publish","type":"page","link":"https:\/\/www.mfkegtechnik.com\/de\/micromat-m-2-2-hybrid\/","title":{"rendered":"MICROMAT M 2\/2 Hybrid"},"content":{"rendered":"<div id=\"pl-3683\"  class=\"panel-layout\" ><div id=\"pg-3683-0\"  class=\"panel-grid panel-no-style\" ><div id=\"pgc-3683-0-0\"  class=\"panel-grid-cell\" ><div id=\"panel-3683-0-0-0\" class=\"so-panel widget widget_sow-headline panel-first-child\" data-index=\"0\" ><div\n\t\t\t\n\t\t\tclass=\"so-widget-sow-headline so-widget-sow-headline-default-09e8b5ce81e0-3683\"\n\t\t\t\n\t\t><div class=\"sow-headline-container \">\n\t\t\t\t\t\t\t<h1 class=\"sow-headline\">\n\t\t\t\t\t\tVorstellung: MICROMAT M 2\/2 Hybrid\t\t\t\t\t\t<\/h1>\n\t\t\t\t\t\t\t\t\t\t\t<div class=\"decoration\">\n\t\t\t\t\t\t<div class=\"decoration-inside\"><\/div>\n\t\t\t\t\t<\/div>\n\t\t\t\t\t<\/div>\n<\/div><\/div><div id=\"panel-3683-0-0-1\" class=\"so-panel widget widget_sow-editor panel-last-child\" data-index=\"1\" ><div\n\t\t\t\n\t\t\tclass=\"so-widget-sow-editor so-widget-sow-editor-base\"\n\t\t\t\n\t\t>\n<div class=\"siteorigin-widget-tinymce textwidget\">\n\t<\/div>\n<\/div><\/div><\/div><\/div><div id=\"pg-3683-1\"  class=\"panel-grid panel-no-style\" ><div id=\"pgc-3683-1-0\"  class=\"panel-grid-cell\" ><div id=\"panel-3683-1-0-0\" class=\"so-panel widget widget_sow-image panel-first-child\" data-index=\"2\" ><div\n\t\t\t\n\t\t\tclass=\"so-widget-sow-image so-widget-sow-image-default-c67d20f9f743-3683\"\n\t\t\t\n\t\t>\n<div class=\"sow-image-container\">\n\t\t<img \n\tsrc=\"https:\/\/www.mfkegtechnik.com\/wp-content\/uploads\/2019\/05\/M-2-2-hybrid-2018.jpg\" width=\"1400\" height=\"1635\" srcset=\"https:\/\/www.mfkegtechnik.com\/wp-content\/uploads\/2019\/05\/M-2-2-hybrid-2018.jpg 1400w, https:\/\/www.mfkegtechnik.com\/wp-content\/uploads\/2019\/05\/M-2-2-hybrid-2018-257x300.jpg 257w, https:\/\/www.mfkegtechnik.com\/wp-content\/uploads\/2019\/05\/M-2-2-hybrid-2018-768x897.jpg 768w, https:\/\/www.mfkegtechnik.com\/wp-content\/uploads\/2019\/05\/M-2-2-hybrid-2018-877x1024.jpg 877w, https:\/\/www.mfkegtechnik.com\/wp-content\/uploads\/2019\/05\/M-2-2-hybrid-2018-940x1098.jpg 940w\" sizes=\"(max-width: 1400px) 100vw, 1400px\" title=\"Micromat M 2-2 hybrid\" alt=\"micromat-m-2-2-hybrid-keg-internal-cleaning-and-filling\" \t\tclass=\"so-widget-image\"\/>\n\t<\/div>\n\n<\/div><\/div><div id=\"panel-3683-1-0-1\" class=\"so-panel widget widget_sow-editor panel-last-child\" data-index=\"3\" ><div\n\t\t\t\n\t\t\tclass=\"so-widget-sow-editor so-widget-sow-editor-base\"\n\t\t\t\n\t\t>\n<div class=\"siteorigin-widget-tinymce textwidget\">\n\t<p><span style=\"color: #ffffff;\">KEG Cleaning and Filling20-35 stainless steel KEG\/h.Up to 50 KEG\/h for one way KEGs. Up to 50 KEG\/h for one way KEGsWith this all-in-one machine you clean and fill stainless steel KEGs.\u00a0 And hygienically fill one way KEGs on the same machine. Also Bag in PET KEGs and different Fitting types.. The\u00a0<a style=\"color: #ffffff;\" href=\"https:\/\/www.youtube.com\/results?search_query=keg+technik\">Micromat<\/a><a style=\"color: #ffffff;\" href=\"https:\/\/www.youtube.com\/results?search_query=keg+technik\"> machine<\/a> Hybrid comes with a Flow Meter and 4 programmed volumes. And hygienically fill one way KEGs on the same machine. Also Bag in PET KEGs and different Fitting types.. The<span style=\"font: 400 12px\/1.5 Georgia,'Bitstream Charter',serif; text-align: left; text-transform: none; text-indent: 0px; letter-spacing: normal; text-decoration: none; word-spacing: 0px; display: inline !important; white-space: normal; cursor: text; orphans: 2; float: none; -webkit-text-stroke-width: 0px; background-color: #ffffff;\">\u00a0<\/span><a style=\"color: #ffffff;\" href=\"https:\/\/www.youtube.com\/results?search_query=keg+technik\">Micromat<\/a><a style=\"color: #ffffff;\" href=\"https:\/\/www.youtube.com\/results?search_query=keg+technik\"> machine<\/a> Hybrid comes with a Flow Meter and 4 programmed volumes.<\/span><\/p>\n<\/div>\n<\/div><\/div><\/div><div id=\"pgc-3683-1-1\"  class=\"panel-grid-cell\" ><div id=\"panel-3683-1-1-0\" class=\"so-panel widget widget_sow-headline panel-first-child\" data-index=\"4\" ><div\n\t\t\t\n\t\t\tclass=\"so-widget-sow-headline so-widget-sow-headline-default-f16591bb046e-3683\"\n\t\t\t\n\t\t><div class=\"sow-headline-container \">\n\t\t\t\t\t\t\t<h1 class=\"sow-headline\">\n\t\t\t\t\t\tMERKMALE\t\t\t\t\t\t<\/h1>\n\t\t\t\t\t\t\t\t\t\t\t<div class=\"decoration\">\n\t\t\t\t\t\t<div class=\"decoration-inside\"><\/div>\n\t\t\t\t\t<\/div>\n\t\t\t\t\t<\/div>\n<\/div><\/div><div id=\"panel-3683-1-1-1\" class=\"so-panel widget widget_sow-editor\" data-index=\"5\" ><div\n\t\t\t\n\t\t\tclass=\"so-widget-sow-editor so-widget-sow-editor-base\"\n\t\t\t\n\t\t>\n<div class=\"siteorigin-widget-tinymce textwidget\">\n\t<h4><span style=\"color: #000000;\">Der MICROMAT M 2\/2 Hybrid ist eine Hybrid KEG-Innenreinigungs- und F\u00fcllmaschine und eine Einweg-KEG F\u00fcllmaschine.<\/span><\/h4>\n<h4><span style=\"color: #000000;\">Mit dieser all-in-one Maschine k\u00f6nnen Sie Ihre Edelstahlf\u00e4sser reinigen und f\u00fcllen und hygienisch auf der gleichen Maschine ebenfalls Einweg-KEGs f\u00fcllen.<\/span><\/h4>\n<h4><span style=\"color: #000000;\">Unsere Maschine erf\u00fcllt den h\u00f6chsten Standard der Reinigung und Bef\u00fcllung Ihres Produktes.<\/span><\/h4>\n<\/div>\n<\/div><\/div><div id=\"panel-3683-1-1-2\" class=\"so-panel widget widget_sow-headline\" data-index=\"6\" ><div\n\t\t\t\n\t\t\tclass=\"so-widget-sow-headline so-widget-sow-headline-default-f16591bb046e-3683\"\n\t\t\t\n\t\t><div class=\"sow-headline-container \">\n\t\t\t\t\t\t\t<h1 class=\"sow-headline\">\n\t\t\t\t\t\tTECHNISCHE DATEN\t\t\t\t\t\t<\/h1>\n\t\t\t\t\t\t\t\t\t\t\t<div class=\"decoration\">\n\t\t\t\t\t\t<div class=\"decoration-inside\"><\/div>\n\t\t\t\t\t<\/div>\n\t\t\t\t\t<\/div>\n<\/div><\/div><div id=\"panel-3683-1-1-3\" class=\"so-panel widget widget_sow-editor\" data-index=\"7\" ><div\n\t\t\t\n\t\t\tclass=\"so-widget-sow-editor so-widget-sow-editor-base\"\n\t\t\t\n\t\t>\n<div class=\"siteorigin-widget-tinymce textwidget\">\n\t<h4><span style=\"color: #ff9900;\"><strong>Leistung:<\/strong> <b>20\/35 Edelstahl KEG\/Std<\/b>.<\/span><\/h4>\n<h4><span style=\"color: #ff9900;\"><strong>Bis zu 50 KEG\/Std. f\u00fcr Einweg-KEGs<\/strong><\/span><\/h4>\n<h4>Sie haben die M\u00f6glichkeit, die MICROMAT Hybrid Maschine in einen Einweg-KEG F\u00fcller in nur einer Minute Umr\u00fcstzeit umzuwandeln.<span style=\"color: #000000;\"><span style=\"color: #ffffff;\"> time<\/span><\/span><\/h4>\n<\/div>\n<\/div><\/div><div id=\"panel-3683-1-1-4\" class=\"so-panel widget widget_sow-headline\" data-index=\"8\" ><div\n\t\t\t\n\t\t\tclass=\"so-widget-sow-headline so-widget-sow-headline-default-f16591bb046e-3683\"\n\t\t\t\n\t\t><div class=\"sow-headline-container \">\n\t\t\t\t\t\t\t<h1 class=\"sow-headline\">\n\t\t\t\t\t\tVORTEILE\t\t\t\t\t\t<\/h1>\n\t\t\t\t\t\t\t\t\t\t\t<div class=\"decoration\">\n\t\t\t\t\t\t<div class=\"decoration-inside\"><\/div>\n\t\t\t\t\t<\/div>\n\t\t\t\t\t<\/div>\n<\/div><\/div><div id=\"panel-3683-1-1-5\" class=\"so-panel widget widget_sow-editor\" data-index=\"9\" ><div\n\t\t\t\n\t\t\tclass=\"so-widget-sow-editor so-widget-sow-editor-base\"\n\t\t\t\n\t\t>\n<div class=\"siteorigin-widget-tinymce textwidget\">\n\t<h4>Der MICROMAT M 2\/2 Hybrid ist die perfekte L\u00f6sung, wenn Sie eine Maschine zum Reinigen und Bef\u00fcllen von Edelstahl-KEGs und Einweg-KEGs suchen. Hier sind einige seiner Vorteile<span style=\"color: #000000;\">:<\/span><\/h4>\n<h4 style=\"padding-left: 40px;\">Schnell<\/h4>\n<h4 style=\"padding-left: 40px;\">Edelstahlgeh\u00e4use<\/h4>\n<h4 style=\"padding-left: 40px;\">Der MICROMAT kommt mit einem Durchflussmesser und vier programmierten F\u00fcllmengen<\/h4>\n<\/div>\n<\/div><\/div><div id=\"panel-3683-1-1-6\" class=\"so-panel widget widget_sow-button panel-last-child\" data-index=\"10\" ><div\n\t\t\t\n\t\t\tclass=\"so-widget-sow-button so-widget-sow-button-atom-45a38d61cbbe-3683\"\n\t\t\t\n\t\t><div class=\"ow-button-base ow-button-align-center\"\n>\n\t\t\t<a\n\t\t\t\t\thref=\"http:\/\/www.mfkegtechnik.com\/wp-content\/uploads\/2019\/03\/Micromat-2-2-Hybrid.pdf\"\n\t\t\t\t\tclass=\"sowb-button ow-icon-placement-left ow-button-hover\" target=\"_blank\" rel=\"noopener noreferrer\" \t>\n\t\t<span>\n\t\t\t\n\t\t\tDownload technisches Datenblatt (PDF)\t\t<\/span>\n\t\t\t<\/a>\n\t<\/div>\n<\/div><\/div><\/div><\/div><\/div>","protected":false},"excerpt":{"rendered":"<p>KEG Cleaning and Filling20-35 stainless steel KEG\/h.Up to 50 KEG\/h for one way KEGs. Up to 50 KEG\/h for one way KEGsWith this all-in-one machine you clean and fill stainless steel KEGs.\u00a0 And hygienically fill one way KEGs on the same machine. Also Bag in PET KEGs and different Fitting types.. The\u00a0Micromat machine Hybrid comes with a Flow Meter and 4 programmed volumes. And hygienically fill one way KEGs on &hellip;<a class=\"excerpt\" href=\"https:\/\/www.mfkegtechnik.com\/de\/micromat-m-2-2-hybrid\/\">Read More<\/a><\/p>\n","protected":false},"author":2,"featured_media":0,"parent":0,"menu_order":0,"comment_status":"closed","ping_status":"closed","template":"","meta":{"footnotes":""},"class_list":["post-3683","page","type-page","status-publish","hentry"],"yoast_head":"<!-- This site is optimized with the Yoast SEO plugin v27.3 - https:\/\/yoast.com\/product\/yoast-seo-wordpress\/ -->\n<title>MICROMAT M 2\/2 Hybrid - m+f KEG-Technik GmbH &amp; Co. KG<\/title>\n<meta name=\"description\" content=\"Der MICROMAT M 2\/2 Hybrid ist eine Hybrid KEG-Innenreinigungs- und F\u00fcllmaschine und eine Einweg-KEG F\u00fcllmaschine. Mehr erfahren !\" \/>\n<meta name=\"robots\" content=\"index, follow, max-snippet:-1, max-image-preview:large, max-video-preview:-1\" \/>\n<link rel=\"canonical\" href=\"https:\/\/www.mfkegtechnik.com\/de\/micromat-m-2-2-hybrid\/\" \/>\n<meta property=\"og:locale\" content=\"de_DE\" \/>\n<meta property=\"og:type\" content=\"article\" \/>\n<meta property=\"og:title\" content=\"MICROMAT M 2\/2 Hybrid - m+f KEG-Technik GmbH &amp; Co. KG\" \/>\n<meta property=\"og:description\" content=\"Der MICROMAT M 2\/2 Hybrid ist eine Hybrid KEG-Innenreinigungs- und F\u00fcllmaschine und eine Einweg-KEG F\u00fcllmaschine. Mehr erfahren !\" \/>\n<meta property=\"og:url\" content=\"https:\/\/www.mfkegtechnik.com\/de\/micromat-m-2-2-hybrid\/\" \/>\n<meta property=\"og:site_name\" content=\"m+f KEG-Technik GmbH &amp; Co. KG\" \/>\n<meta property=\"article:modified_time\" content=\"2019-08-02T12:36:18+00:00\" \/>\n<meta name=\"twitter:card\" content=\"summary_large_image\" \/>\n<meta name=\"twitter:label1\" content=\"Gesch\u00e4tzte Lesezeit\" \/>\n\t<meta name=\"twitter:data1\" content=\"1\u00a0Minute\" \/>\n<script type=\"application\/ld+json\" class=\"yoast-schema-graph\">{\"@context\":\"https:\\\/\\\/schema.org\",\"@graph\":[{\"@type\":\"WebPage\",\"@id\":\"https:\\\/\\\/www.mfkegtechnik.com\\\/de\\\/micromat-m-2-2-hybrid\\\/\",\"url\":\"https:\\\/\\\/www.mfkegtechnik.com\\\/de\\\/micromat-m-2-2-hybrid\\\/\",\"name\":\"MICROMAT M 2\\\/2 Hybrid - m+f KEG-Technik GmbH &amp; Co. KG\",\"isPartOf\":{\"@id\":\"https:\\\/\\\/www.mfkegtechnik.com\\\/de\\\/#website\"},\"datePublished\":\"2019-06-12T06:44:49+00:00\",\"dateModified\":\"2019-08-02T12:36:18+00:00\",\"description\":\"Der MICROMAT M 2\\\/2 Hybrid ist eine Hybrid KEG-Innenreinigungs- und F\u00fcllmaschine und eine Einweg-KEG F\u00fcllmaschine. Mehr erfahren !\",\"breadcrumb\":{\"@id\":\"https:\\\/\\\/www.mfkegtechnik.com\\\/de\\\/micromat-m-2-2-hybrid\\\/#breadcrumb\"},\"inLanguage\":\"de\",\"potentialAction\":[{\"@type\":\"ReadAction\",\"target\":[\"https:\\\/\\\/www.mfkegtechnik.com\\\/de\\\/micromat-m-2-2-hybrid\\\/\"]}]},{\"@type\":\"BreadcrumbList\",\"@id\":\"https:\\\/\\\/www.mfkegtechnik.com\\\/de\\\/micromat-m-2-2-hybrid\\\/#breadcrumb\",\"itemListElement\":[{\"@type\":\"ListItem\",\"position\":1,\"name\":\"Accueil\",\"item\":\"https:\\\/\\\/www.mfkegtechnik.com\\\/de\\\/\"},{\"@type\":\"ListItem\",\"position\":2,\"name\":\"MICROMAT M 2\\\/2 Hybrid\"}]},{\"@type\":\"WebSite\",\"@id\":\"https:\\\/\\\/www.mfkegtechnik.com\\\/de\\\/#website\",\"url\":\"https:\\\/\\\/www.mfkegtechnik.com\\\/de\\\/\",\"name\":\"m+f KEG-Technik GmbH &amp; Co. KG\",\"description\":\"We keep your KEGs clean !\",\"potentialAction\":[{\"@type\":\"SearchAction\",\"target\":{\"@type\":\"EntryPoint\",\"urlTemplate\":\"https:\\\/\\\/www.mfkegtechnik.com\\\/de\\\/?s={search_term_string}\"},\"query-input\":{\"@type\":\"PropertyValueSpecification\",\"valueRequired\":true,\"valueName\":\"search_term_string\"}}],\"inLanguage\":\"de\"}]}<\/script>\n<!-- \/ Yoast SEO plugin. -->","yoast_head_json":{"title":"MICROMAT M 2\/2 Hybrid - m+f KEG-Technik GmbH &amp; Co. KG","description":"Der MICROMAT M 2\/2 Hybrid ist eine Hybrid KEG-Innenreinigungs- und F\u00fcllmaschine und eine Einweg-KEG F\u00fcllmaschine. Mehr erfahren !","robots":{"index":"index","follow":"follow","max-snippet":"max-snippet:-1","max-image-preview":"max-image-preview:large","max-video-preview":"max-video-preview:-1"},"canonical":"https:\/\/www.mfkegtechnik.com\/de\/micromat-m-2-2-hybrid\/","og_locale":"de_DE","og_type":"article","og_title":"MICROMAT M 2\/2 Hybrid - m+f KEG-Technik GmbH &amp; Co. KG","og_description":"Der MICROMAT M 2\/2 Hybrid ist eine Hybrid KEG-Innenreinigungs- und F\u00fcllmaschine und eine Einweg-KEG F\u00fcllmaschine. Mehr erfahren !","og_url":"https:\/\/www.mfkegtechnik.com\/de\/micromat-m-2-2-hybrid\/","og_site_name":"m+f KEG-Technik GmbH &amp; Co. KG","article_modified_time":"2019-08-02T12:36:18+00:00","twitter_card":"summary_large_image","twitter_misc":{"Gesch\u00e4tzte Lesezeit":"1\u00a0Minute"},"schema":{"@context":"https:\/\/schema.org","@graph":[{"@type":"WebPage","@id":"https:\/\/www.mfkegtechnik.com\/de\/micromat-m-2-2-hybrid\/","url":"https:\/\/www.mfkegtechnik.com\/de\/micromat-m-2-2-hybrid\/","name":"MICROMAT M 2\/2 Hybrid - m+f KEG-Technik GmbH &amp; Co. KG","isPartOf":{"@id":"https:\/\/www.mfkegtechnik.com\/de\/#website"},"datePublished":"2019-06-12T06:44:49+00:00","dateModified":"2019-08-02T12:36:18+00:00","description":"Der MICROMAT M 2\/2 Hybrid ist eine Hybrid KEG-Innenreinigungs- und F\u00fcllmaschine und eine Einweg-KEG F\u00fcllmaschine. Mehr erfahren !","breadcrumb":{"@id":"https:\/\/www.mfkegtechnik.com\/de\/micromat-m-2-2-hybrid\/#breadcrumb"},"inLanguage":"de","potentialAction":[{"@type":"ReadAction","target":["https:\/\/www.mfkegtechnik.com\/de\/micromat-m-2-2-hybrid\/"]}]},{"@type":"BreadcrumbList","@id":"https:\/\/www.mfkegtechnik.com\/de\/micromat-m-2-2-hybrid\/#breadcrumb","itemListElement":[{"@type":"ListItem","position":1,"name":"Accueil","item":"https:\/\/www.mfkegtechnik.com\/de\/"},{"@type":"ListItem","position":2,"name":"MICROMAT M 2\/2 Hybrid"}]},{"@type":"WebSite","@id":"https:\/\/www.mfkegtechnik.com\/de\/#website","url":"https:\/\/www.mfkegtechnik.com\/de\/","name":"m+f KEG-Technik GmbH &amp; Co. KG","description":"We keep your KEGs clean !","potentialAction":[{"@type":"SearchAction","target":{"@type":"EntryPoint","urlTemplate":"https:\/\/www.mfkegtechnik.com\/de\/?s={search_term_string}"},"query-input":{"@type":"PropertyValueSpecification","valueRequired":true,"valueName":"search_term_string"}}],"inLanguage":"de"}]}},"_links":{"self":[{"href":"https:\/\/www.mfkegtechnik.com\/de\/wp-json\/wp\/v2\/pages\/3683","targetHints":{"allow":["GET"]}}],"collection":[{"href":"https:\/\/www.mfkegtechnik.com\/de\/wp-json\/wp\/v2\/pages"}],"about":[{"href":"https:\/\/www.mfkegtechnik.com\/de\/wp-json\/wp\/v2\/types\/page"}],"author":[{"embeddable":true,"href":"https:\/\/www.mfkegtechnik.com\/de\/wp-json\/wp\/v2\/users\/2"}],"replies":[{"embeddable":true,"href":"https:\/\/www.mfkegtechnik.com\/de\/wp-json\/wp\/v2\/comments?post=3683"}],"version-history":[{"count":0,"href":"https:\/\/www.mfkegtechnik.com\/de\/wp-json\/wp\/v2\/pages\/3683\/revisions"}],"wp:attachment":[{"href":"https:\/\/www.mfkegtechnik.com\/de\/wp-json\/wp\/v2\/media?parent=3683"}],"curies":[{"name":"wp","href":"https:\/\/api.w.org\/{rel}","templated":true}]}}