{"id":3686,"date":"2019-06-12T07:38:35","date_gmt":"2019-06-12T06:38:35","guid":{"rendered":"http:\/\/www.mfkegtechnik.com\/keg-external-washer\/"},"modified":"2024-02-29T22:06:39","modified_gmt":"2024-02-29T21:06:39","slug":"keg-aussenwascher","status":"publish","type":"page","link":"https:\/\/www.mfkegtechnik.com\/de\/keg-aussenwascher\/","title":{"rendered":"KEG Au\u00dfenwascher"},"content":{"rendered":"<div id=\"pl-3686\"  class=\"panel-layout\" ><div id=\"pg-3686-0\"  class=\"panel-grid panel-no-style\" ><div id=\"pgc-3686-0-0\"  class=\"panel-grid-cell\" ><div id=\"panel-3686-0-0-0\" class=\"so-panel widget widget_sow-headline panel-first-child\" data-index=\"0\" ><div\n\t\t\t\n\t\t\tclass=\"so-widget-sow-headline so-widget-sow-headline-default-09e8b5ce81e0-3686\"\n\t\t\t\n\t\t><div class=\"sow-headline-container \">\n\t\t\t\t\t\t\t<h1 class=\"sow-headline\">\n\t\t\t\t\t\tVorstellung: m+f KEG Au\u00dfenwascher\t\t\t\t\t\t<\/h1>\n\t\t\t\t\t\t\t\t\t\t\t<div class=\"decoration\">\n\t\t\t\t\t\t<div class=\"decoration-inside\"><\/div>\n\t\t\t\t\t<\/div>\n\t\t\t\t\t<\/div>\n<\/div><\/div><div id=\"panel-3686-0-0-1\" class=\"so-panel widget widget_sow-editor panel-last-child\" data-index=\"1\" ><div\n\t\t\t\n\t\t\tclass=\"so-widget-sow-editor so-widget-sow-editor-base\"\n\t\t\t\n\t\t>\n<div class=\"siteorigin-widget-tinymce textwidget\">\n\t<\/div>\n<\/div><\/div><\/div><\/div><div id=\"pg-3686-1\"  class=\"panel-grid panel-no-style\" ><div id=\"pgc-3686-1-0\"  class=\"panel-grid-cell\" ><div id=\"panel-3686-1-0-0\" class=\"so-panel widget widget_sow-image panel-first-child\" data-index=\"2\" ><div\n\t\t\t\n\t\t\tclass=\"so-widget-sow-image so-widget-sow-image-default-c67d20f9f743-3686\"\n\t\t\t\n\t\t>\n<div class=\"sow-image-container\">\n\t\t<img \n\tsrc=\"https:\/\/www.mfkegtechnik.com\/wp-content\/uploads\/2017\/01\/rsz_2014_aw_1300-k_mc.jpg\" width=\"237\" height=\"225\" sizes=\"(max-width: 237px) 100vw, 237px\" title=\"KEG reinigungsanlage\" alt=\"KEG-Au\u00dfenwascher\" \t\tclass=\"so-widget-image\"\/>\n\t<\/div>\n\n<\/div><\/div><div id=\"panel-3686-1-0-1\" class=\"so-panel widget widget_sow-editor panel-last-child\" data-index=\"3\" ><div\n\t\t\t\n\t\t\tclass=\"so-widget-sow-editor so-widget-sow-editor-base\"\n\t\t\t\n\t\t>\n<div class=\"siteorigin-widget-tinymce textwidget\">\n\t<p style=\"text-align: center;\"><a href=\"https:\/\/www.mfkegtechnik.com\/wp-content\/uploads\/2019\/05\/AW-1150-H.jpg\"><img loading=\"lazy\" decoding=\"async\" class=\"alignnone wp-image-1725\" title=\"KEG Au\u00dfenwascher\" src=\"https:\/\/www.mfkegtechnik.com\/wp-content\/uploads\/2019\/05\/AW-1150-H-300x290.jpg\" alt=\"KEG-Au\u00dfenwascher\" width=\"204\" height=\"197\" srcset=\"https:\/\/www.mfkegtechnik.com\/wp-content\/uploads\/2019\/05\/AW-1150-H-300x290.jpg 300w, https:\/\/www.mfkegtechnik.com\/wp-content\/uploads\/2019\/05\/AW-1150-H-768x744.jpg 768w, https:\/\/www.mfkegtechnik.com\/wp-content\/uploads\/2019\/05\/AW-1150-H.jpg 818w\" sizes=\"auto, (max-width: 204px) 100vw, 204px\" \/><\/a><\/p>\n<p style=\"text-align: center;\"><a href=\"https:\/\/www.mfkegtechnik.com\/wp-content\/uploads\/2017\/01\/KEG-Washer.jpg\"><img loading=\"lazy\" decoding=\"async\" class=\"alignnone wp-image-268\" title=\"KEG Au\u00dfenwascher von innen\" src=\"https:\/\/www.mfkegtechnik.com\/wp-content\/uploads\/2017\/01\/KEG-Washer-200x300.jpg\" alt=\"KEG-Au\u00dfenwascher-von-innen\" width=\"199\" height=\"299\" srcset=\"https:\/\/www.mfkegtechnik.com\/wp-content\/uploads\/2017\/01\/KEG-Washer-200x300.jpg 200w, https:\/\/www.mfkegtechnik.com\/wp-content\/uploads\/2017\/01\/KEG-Washer-768x1152.jpg 768w, https:\/\/www.mfkegtechnik.com\/wp-content\/uploads\/2017\/01\/KEG-Washer-683x1024.jpg 683w, https:\/\/www.mfkegtechnik.com\/wp-content\/uploads\/2017\/01\/KEG-Washer.jpg 864w\" sizes=\"auto, (max-width: 199px) 100vw, 199px\" \/><\/a><\/p>\n<\/div>\n<\/div><\/div><\/div><div id=\"pgc-3686-1-1\"  class=\"panel-grid-cell\" ><div id=\"panel-3686-1-1-0\" class=\"so-panel widget widget_sow-headline panel-first-child\" data-index=\"4\" ><div\n\t\t\t\n\t\t\tclass=\"so-widget-sow-headline so-widget-sow-headline-default-f16591bb046e-3686\"\n\t\t\t\n\t\t><div class=\"sow-headline-container \">\n\t\t\t\t\t\t\t<h1 class=\"sow-headline\">\n\t\t\t\t\t\tMERKMALE\t\t\t\t\t\t<\/h1>\n\t\t\t\t\t\t\t\t\t\t\t<div class=\"decoration\">\n\t\t\t\t\t\t<div class=\"decoration-inside\"><\/div>\n\t\t\t\t\t<\/div>\n\t\t\t\t\t<\/div>\n<\/div><\/div><div id=\"panel-3686-1-1-1\" class=\"so-panel widget widget_sow-editor\" data-index=\"5\" ><div\n\t\t\t\n\t\t\tclass=\"so-widget-sow-editor so-widget-sow-editor-base\"\n\t\t\t\n\t\t>\n<div class=\"siteorigin-widget-tinymce textwidget\">\n\t<h4><span style=\"color: #000000;\">Mit unserem KEG-Au\u00dfenwascher halten wir Ihre KEGs sauber.<\/span><\/h4>\n<h4><span style=\"color: #000000;\">Unsere KEG-Au\u00dfenwascher sind mit einer angetriebenen Kettentransportanlage und je nach Modell mit Hochdruckd\u00fcsen, Drehstation und B\u00fcrsten ausgestattet.<\/span><\/h4>\n<h4><span style=\"color: #000000;\">Der Grundrahmen, die Rohrleitungen, die Ventile sowie alle wichtigen mechanischen Elemente werden aus Edelstahl gefertigt.<\/span><\/h4>\n<h4><span style=\"color: #000000;\">Diese Maschine ist perfekt f\u00fcr die Au\u00dfenreinigung von Mehrweg-KEGs.<\/span><\/h4>\n<\/div>\n<\/div><\/div><div id=\"panel-3686-1-1-2\" class=\"so-panel widget widget_sow-headline\" data-index=\"6\" ><div\n\t\t\t\n\t\t\tclass=\"so-widget-sow-headline so-widget-sow-headline-default-f16591bb046e-3686\"\n\t\t\t\n\t\t><div class=\"sow-headline-container \">\n\t\t\t\t\t\t\t<h1 class=\"sow-headline\">\n\t\t\t\t\t\tTECHNISCHE DATEN\t\t\t\t\t\t<\/h1>\n\t\t\t\t\t\t\t\t\t\t\t<div class=\"decoration\">\n\t\t\t\t\t\t<div class=\"decoration-inside\"><\/div>\n\t\t\t\t\t<\/div>\n\t\t\t\t\t<\/div>\n<\/div><\/div><div id=\"panel-3686-1-1-3\" class=\"so-panel widget widget_sow-editor\" data-index=\"7\" ><div\n\t\t\t\n\t\t\tclass=\"so-widget-sow-editor so-widget-sow-editor-base\"\n\t\t\t\n\t\t>\n<div class=\"siteorigin-widget-tinymce textwidget\">\n\t<h4><span style=\"color: #ff9900;\"><strong>Leistung: Bis zu<\/strong> <strong>600 KEG\/Std.<\/strong><\/span><\/h4>\n<h4><span style=\"color: #000000;\"><strong>Stationen: <\/strong>Zentrierung, Au\u00dfenreinigung<\/span><\/h4>\n<\/div>\n<\/div><\/div><div id=\"panel-3686-1-1-4\" class=\"so-panel widget widget_sow-headline\" data-index=\"8\" ><div\n\t\t\t\n\t\t\tclass=\"so-widget-sow-headline so-widget-sow-headline-default-f16591bb046e-3686\"\n\t\t\t\n\t\t><div class=\"sow-headline-container \">\n\t\t\t\t\t\t\t<h1 class=\"sow-headline\">\n\t\t\t\t\t\tVORTEILE\t\t\t\t\t\t<\/h1>\n\t\t\t\t\t\t\t\t\t\t\t<div class=\"decoration\">\n\t\t\t\t\t\t<div class=\"decoration-inside\"><\/div>\n\t\t\t\t\t<\/div>\n\t\t\t\t\t<\/div>\n<\/div><\/div><div id=\"panel-3686-1-1-5\" class=\"so-panel widget widget_sow-editor\" data-index=\"9\" ><div\n\t\t\t\n\t\t\tclass=\"so-widget-sow-editor so-widget-sow-editor-base\"\n\t\t\t\n\t\t>\n<div class=\"siteorigin-widget-tinymce textwidget\">\n\t<h4 style=\"padding-left: 40px;\"><span style=\"color: #000000;\">Die M\u00f6glichkeit, B\u00fcrsten hinzuzuf\u00fcgen<\/span><\/h4>\n<h4 style=\"padding-left: 40px;\"><span style=\"color: #000000;\">Aus Edelstahl gefertigt<\/span><\/h4>\n<\/div>\n<\/div><\/div><div id=\"panel-3686-1-1-6\" class=\"so-panel widget widget_sow-button panel-last-child\" data-index=\"10\" ><div\n\t\t\t\n\t\t\tclass=\"so-widget-sow-button so-widget-sow-button-atom-f4386744a745-3686\"\n\t\t\t\n\t\t><div class=\"ow-button-base ow-button-align-center\"\n>\n\t\t\t<a\n\t\t\t\t\thref=\"https:\/\/www.mfkegtechnik.com\/wp-content\/uploads\/2017\/01\/AW-1150-H-_-1300-K-_-2000-K-W.pdf\"\n\t\t\t\t\tclass=\"sowb-button ow-icon-placement-left ow-button-hover\" \t>\n\t\t<span>\n\t\t\t\n\t\t\tDownload technisches Datenblatt (PDF)\t\t<\/span>\n\t\t\t<\/a>\n\t<\/div>\n<\/div><\/div><\/div><\/div><\/div>","protected":false},"excerpt":{"rendered":"<p>Mit unserem KEG-Au\u00dfenwascher halten wir Ihre KEGs sauber. Unsere KEG-Au\u00dfenwascher sind mit einer angetriebenen Kettentransportanlage und je nach Modell mit Hochdruckd\u00fcsen, Drehstation und B\u00fcrsten ausgestattet. Der Grundrahmen, die Rohrleitungen, die Ventile sowie alle wichtigen mechanischen Elemente werden aus Edelstahl gefertigt. Diese Maschine ist perfekt f\u00fcr die Au\u00dfenreinigung von Mehrweg-KEGs. Leistung: Bis zu 600 KEG\/Std. Stationen: Zentrierung, Au\u00dfenreinigung Die M\u00f6glichkeit, B\u00fcrsten hinzuzuf\u00fcgen Aus Edelstahl gefertigt<\/p>\n","protected":false},"author":2,"featured_media":0,"parent":0,"menu_order":0,"comment_status":"closed","ping_status":"closed","template":"","meta":{"footnotes":""},"class_list":["post-3686","page","type-page","status-publish","hentry"],"yoast_head":"<!-- This site is optimized with the Yoast SEO plugin v27.3 - https:\/\/yoast.com\/product\/yoast-seo-wordpress\/ -->\n<title>KEG Au\u00dfenwascher - m+f KEG-Technik GmbH &amp; Co. KG<\/title>\n<meta name=\"description\" content=\"Unsere KEG Au\u00dfenwascher sind mit einer angetriebenen Kettentransportanlage und je nach Modell mit Hochdruckd\u00fcsen, Drehstation und B\u00fcrsten ausgestattet.\" \/>\n<meta name=\"robots\" content=\"index, follow, max-snippet:-1, max-image-preview:large, max-video-preview:-1\" \/>\n<link rel=\"canonical\" href=\"https:\/\/www.mfkegtechnik.com\/de\/keg-aussenwascher\/\" \/>\n<meta property=\"og:locale\" content=\"de_DE\" \/>\n<meta property=\"og:type\" content=\"article\" \/>\n<meta property=\"og:title\" content=\"KEG Au\u00dfenwascher - m+f KEG-Technik GmbH &amp; Co. KG\" \/>\n<meta property=\"og:description\" content=\"Unsere KEG Au\u00dfenwascher sind mit einer angetriebenen Kettentransportanlage und je nach Modell mit Hochdruckd\u00fcsen, Drehstation und B\u00fcrsten ausgestattet.\" \/>\n<meta property=\"og:url\" content=\"https:\/\/www.mfkegtechnik.com\/de\/keg-aussenwascher\/\" \/>\n<meta property=\"og:site_name\" content=\"m+f KEG-Technik GmbH &amp; Co. KG\" \/>\n<meta property=\"article:modified_time\" content=\"2024-02-29T21:06:39+00:00\" \/>\n<meta property=\"og:image\" content=\"https:\/\/www.mfkegtechnik.com\/wp-content\/uploads\/2019\/05\/AW-1150-H-300x290.jpg\" \/>\n<meta name=\"twitter:card\" content=\"summary_large_image\" \/>\n<meta name=\"twitter:label1\" content=\"Gesch\u00e4tzte Lesezeit\" \/>\n\t<meta name=\"twitter:data1\" content=\"2\u00a0Minuten\" \/>\n<script type=\"application\/ld+json\" class=\"yoast-schema-graph\">{\"@context\":\"https:\\\/\\\/schema.org\",\"@graph\":[{\"@type\":\"WebPage\",\"@id\":\"https:\\\/\\\/www.mfkegtechnik.com\\\/de\\\/keg-aussenwascher\\\/\",\"url\":\"https:\\\/\\\/www.mfkegtechnik.com\\\/de\\\/keg-aussenwascher\\\/\",\"name\":\"KEG Au\u00dfenwascher - m+f KEG-Technik GmbH &amp; Co. KG\",\"isPartOf\":{\"@id\":\"https:\\\/\\\/www.mfkegtechnik.com\\\/de\\\/#website\"},\"primaryImageOfPage\":{\"@id\":\"https:\\\/\\\/www.mfkegtechnik.com\\\/de\\\/keg-aussenwascher\\\/#primaryimage\"},\"image\":{\"@id\":\"https:\\\/\\\/www.mfkegtechnik.com\\\/de\\\/keg-aussenwascher\\\/#primaryimage\"},\"thumbnailUrl\":\"https:\\\/\\\/www.mfkegtechnik.com\\\/wp-content\\\/uploads\\\/2019\\\/05\\\/AW-1150-H-300x290.jpg\",\"datePublished\":\"2019-06-12T06:38:35+00:00\",\"dateModified\":\"2024-02-29T21:06:39+00:00\",\"description\":\"Unsere KEG Au\u00dfenwascher sind mit einer angetriebenen Kettentransportanlage und je nach Modell mit Hochdruckd\u00fcsen, Drehstation und B\u00fcrsten ausgestattet.\",\"breadcrumb\":{\"@id\":\"https:\\\/\\\/www.mfkegtechnik.com\\\/de\\\/keg-aussenwascher\\\/#breadcrumb\"},\"inLanguage\":\"de\",\"potentialAction\":[{\"@type\":\"ReadAction\",\"target\":[\"https:\\\/\\\/www.mfkegtechnik.com\\\/de\\\/keg-aussenwascher\\\/\"]}]},{\"@type\":\"ImageObject\",\"inLanguage\":\"de\",\"@id\":\"https:\\\/\\\/www.mfkegtechnik.com\\\/de\\\/keg-aussenwascher\\\/#primaryimage\",\"url\":\"https:\\\/\\\/www.mfkegtechnik.com\\\/wp-content\\\/uploads\\\/2019\\\/05\\\/AW-1150-H-300x290.jpg\",\"contentUrl\":\"https:\\\/\\\/www.mfkegtechnik.com\\\/wp-content\\\/uploads\\\/2019\\\/05\\\/AW-1150-H-300x290.jpg\"},{\"@type\":\"BreadcrumbList\",\"@id\":\"https:\\\/\\\/www.mfkegtechnik.com\\\/de\\\/keg-aussenwascher\\\/#breadcrumb\",\"itemListElement\":[{\"@type\":\"ListItem\",\"position\":1,\"name\":\"Accueil\",\"item\":\"https:\\\/\\\/www.mfkegtechnik.com\\\/de\\\/\"},{\"@type\":\"ListItem\",\"position\":2,\"name\":\"KEG Au\u00dfenwascher\"}]},{\"@type\":\"WebSite\",\"@id\":\"https:\\\/\\\/www.mfkegtechnik.com\\\/de\\\/#website\",\"url\":\"https:\\\/\\\/www.mfkegtechnik.com\\\/de\\\/\",\"name\":\"m+f KEG-Technik GmbH &amp; Co. KG\",\"description\":\"We keep your KEGs clean !\",\"potentialAction\":[{\"@type\":\"SearchAction\",\"target\":{\"@type\":\"EntryPoint\",\"urlTemplate\":\"https:\\\/\\\/www.mfkegtechnik.com\\\/de\\\/?s={search_term_string}\"},\"query-input\":{\"@type\":\"PropertyValueSpecification\",\"valueRequired\":true,\"valueName\":\"search_term_string\"}}],\"inLanguage\":\"de\"}]}<\/script>\n<!-- \/ Yoast SEO plugin. -->","yoast_head_json":{"title":"KEG Au\u00dfenwascher - m+f KEG-Technik GmbH &amp; Co. KG","description":"Unsere KEG Au\u00dfenwascher sind mit einer angetriebenen Kettentransportanlage und je nach Modell mit Hochdruckd\u00fcsen, Drehstation und B\u00fcrsten ausgestattet.","robots":{"index":"index","follow":"follow","max-snippet":"max-snippet:-1","max-image-preview":"max-image-preview:large","max-video-preview":"max-video-preview:-1"},"canonical":"https:\/\/www.mfkegtechnik.com\/de\/keg-aussenwascher\/","og_locale":"de_DE","og_type":"article","og_title":"KEG Au\u00dfenwascher - m+f KEG-Technik GmbH &amp; Co. KG","og_description":"Unsere KEG Au\u00dfenwascher sind mit einer angetriebenen Kettentransportanlage und je nach Modell mit Hochdruckd\u00fcsen, Drehstation und B\u00fcrsten ausgestattet.","og_url":"https:\/\/www.mfkegtechnik.com\/de\/keg-aussenwascher\/","og_site_name":"m+f KEG-Technik GmbH &amp; Co. KG","article_modified_time":"2024-02-29T21:06:39+00:00","og_image":[{"url":"https:\/\/www.mfkegtechnik.com\/wp-content\/uploads\/2019\/05\/AW-1150-H-300x290.jpg","type":"","width":"","height":""}],"twitter_card":"summary_large_image","twitter_misc":{"Gesch\u00e4tzte Lesezeit":"2\u00a0Minuten"},"schema":{"@context":"https:\/\/schema.org","@graph":[{"@type":"WebPage","@id":"https:\/\/www.mfkegtechnik.com\/de\/keg-aussenwascher\/","url":"https:\/\/www.mfkegtechnik.com\/de\/keg-aussenwascher\/","name":"KEG Au\u00dfenwascher - m+f KEG-Technik GmbH &amp; Co. KG","isPartOf":{"@id":"https:\/\/www.mfkegtechnik.com\/de\/#website"},"primaryImageOfPage":{"@id":"https:\/\/www.mfkegtechnik.com\/de\/keg-aussenwascher\/#primaryimage"},"image":{"@id":"https:\/\/www.mfkegtechnik.com\/de\/keg-aussenwascher\/#primaryimage"},"thumbnailUrl":"https:\/\/www.mfkegtechnik.com\/wp-content\/uploads\/2019\/05\/AW-1150-H-300x290.jpg","datePublished":"2019-06-12T06:38:35+00:00","dateModified":"2024-02-29T21:06:39+00:00","description":"Unsere KEG Au\u00dfenwascher sind mit einer angetriebenen Kettentransportanlage und je nach Modell mit Hochdruckd\u00fcsen, Drehstation und B\u00fcrsten ausgestattet.","breadcrumb":{"@id":"https:\/\/www.mfkegtechnik.com\/de\/keg-aussenwascher\/#breadcrumb"},"inLanguage":"de","potentialAction":[{"@type":"ReadAction","target":["https:\/\/www.mfkegtechnik.com\/de\/keg-aussenwascher\/"]}]},{"@type":"ImageObject","inLanguage":"de","@id":"https:\/\/www.mfkegtechnik.com\/de\/keg-aussenwascher\/#primaryimage","url":"https:\/\/www.mfkegtechnik.com\/wp-content\/uploads\/2019\/05\/AW-1150-H-300x290.jpg","contentUrl":"https:\/\/www.mfkegtechnik.com\/wp-content\/uploads\/2019\/05\/AW-1150-H-300x290.jpg"},{"@type":"BreadcrumbList","@id":"https:\/\/www.mfkegtechnik.com\/de\/keg-aussenwascher\/#breadcrumb","itemListElement":[{"@type":"ListItem","position":1,"name":"Accueil","item":"https:\/\/www.mfkegtechnik.com\/de\/"},{"@type":"ListItem","position":2,"name":"KEG Au\u00dfenwascher"}]},{"@type":"WebSite","@id":"https:\/\/www.mfkegtechnik.com\/de\/#website","url":"https:\/\/www.mfkegtechnik.com\/de\/","name":"m+f KEG-Technik GmbH &amp; Co. KG","description":"We keep your KEGs clean !","potentialAction":[{"@type":"SearchAction","target":{"@type":"EntryPoint","urlTemplate":"https:\/\/www.mfkegtechnik.com\/de\/?s={search_term_string}"},"query-input":{"@type":"PropertyValueSpecification","valueRequired":true,"valueName":"search_term_string"}}],"inLanguage":"de"}]}},"_links":{"self":[{"href":"https:\/\/www.mfkegtechnik.com\/de\/wp-json\/wp\/v2\/pages\/3686","targetHints":{"allow":["GET"]}}],"collection":[{"href":"https:\/\/www.mfkegtechnik.com\/de\/wp-json\/wp\/v2\/pages"}],"about":[{"href":"https:\/\/www.mfkegtechnik.com\/de\/wp-json\/wp\/v2\/types\/page"}],"author":[{"embeddable":true,"href":"https:\/\/www.mfkegtechnik.com\/de\/wp-json\/wp\/v2\/users\/2"}],"replies":[{"embeddable":true,"href":"https:\/\/www.mfkegtechnik.com\/de\/wp-json\/wp\/v2\/comments?post=3686"}],"version-history":[{"count":3,"href":"https:\/\/www.mfkegtechnik.com\/de\/wp-json\/wp\/v2\/pages\/3686\/revisions"}],"predecessor-version":[{"id":19563,"href":"https:\/\/www.mfkegtechnik.com\/de\/wp-json\/wp\/v2\/pages\/3686\/revisions\/19563"}],"wp:attachment":[{"href":"https:\/\/www.mfkegtechnik.com\/de\/wp-json\/wp\/v2\/media?parent=3686"}],"curies":[{"name":"wp","href":"https:\/\/api.w.org\/{rel}","templated":true}]}}