{"id":3687,"date":"2019-06-12T07:39:01","date_gmt":"2019-06-12T06:39:01","guid":{"rendered":"http:\/\/www.mfkegtechnik.com\/keg-filling-one-way\/"},"modified":"2025-08-25T10:58:00","modified_gmt":"2025-08-25T09:58:00","slug":"keg-abfuellung-one-way","status":"publish","type":"page","link":"https:\/\/www.mfkegtechnik.com\/de\/keg-abfuellung-one-way\/","title":{"rendered":"KEG Abf\u00fcllung One-Way"},"content":{"rendered":"<div id=\"pl-3687\"  class=\"panel-layout\" ><div id=\"pg-3687-0\"  class=\"panel-grid panel-no-style\" ><div id=\"pgc-3687-0-0\"  class=\"panel-grid-cell\" ><div id=\"panel-3687-0-0-0\" class=\"so-panel widget widget_sow-headline panel-first-child panel-last-child\" data-index=\"0\" ><div\n\t\t\t\n\t\t\tclass=\"so-widget-sow-headline so-widget-sow-headline-default-7d6c0c62a896-3687\"\n\t\t\t\n\t\t><div class=\"sow-headline-container \">\n\t\t\t\t\t\t\t<h1 class=\"sow-headline\">\n\t\t\t\t\t\tOne Way KEG F\u00fcllen\t\t\t\t\t\t<\/h1>\n\t\t\t\t\t\t\t\t\t\t\t<div class=\"decoration\">\n\t\t\t\t\t\t<div class=\"decoration-inside\"><\/div>\n\t\t\t\t\t<\/div>\n\t\t\t\t\t\t\t\t\t\t\t<h2 class=\"sow-sub-headline\">\n\t\t\t\t\t\tMICROMAT M 1\/1-F\t\t\t\t\t\t<\/h2>\n\t\t\t\t\t\t<\/div>\n<\/div><\/div><\/div><\/div><div id=\"pg-3687-1\"  class=\"panel-grid panel-no-style\" ><div id=\"pgc-3687-1-0\"  class=\"panel-grid-cell\" ><div id=\"panel-3687-1-0-0\" class=\"so-panel widget widget_sow-editor panel-first-child panel-last-child\" data-index=\"1\" ><div\n\t\t\t\n\t\t\tclass=\"so-widget-sow-editor so-widget-sow-editor-base\"\n\t\t\t\n\t\t>\n<div class=\"siteorigin-widget-tinymce textwidget\">\n\t<h4>Es ist egal, wie die Marke Ihrer KEGs hei\u00dft, wir haben, was Sie brauchen. Unser MICROMAT ist perfekt geeignet f\u00fcr Dolium KEG, Petainer KEG, World KEG, Poly KEG und KeyKEG. Und f\u00fcr letzteres haben wir auch noch den <a href=\"http:\/\/www.mfkegtechnik.com\/de\/ecomat-c\/\">ECOMAT-C<\/a>.<\/h4>\n<h4><span style=\"color: #000000;\">Eine unserer neuesten L\u00f6sungen ist der hygienische Kombif\u00fcllkopf welcher erm\u00f6glicht, Bag und KEG L\u00f6sungen auf einer Maschine zu f\u00fcllen. Wenn Sie mehr \u00fcber dieses Produkt erfahren m\u00f6chten, z\u00f6gern Sie nicht, <a href=\"http:\/\/www.mfkegtechnik.com\/de\/kontakt\/\">uns zu kontaktieren<\/a>.<\/span><\/h4>\n<\/div>\n<\/div><\/div><\/div><\/div><div id=\"pg-3687-2\"  class=\"panel-grid panel-no-style\" ><div id=\"pgc-3687-2-0\"  class=\"panel-grid-cell\" ><div id=\"panel-3687-2-0-0\" class=\"so-panel widget widget_sow-image panel-first-child\" data-index=\"2\" ><div\n\t\t\t\n\t\t\tclass=\"so-widget-sow-image so-widget-sow-image-default-c67d20f9f743-3687\"\n\t\t\t\n\t\t>\n<div class=\"sow-image-container\">\n\t\t<img \n\tsrc=\"https:\/\/www.mfkegtechnik.com\/wp-content\/uploads\/2017\/08\/MICROMAT_1-1-194x300.jpeg\" width=\"194\" height=\"300\" srcset=\"https:\/\/www.mfkegtechnik.com\/wp-content\/uploads\/2017\/08\/MICROMAT_1-1-194x300.jpeg 194w, https:\/\/www.mfkegtechnik.com\/wp-content\/uploads\/2017\/08\/MICROMAT_1-1-768x1188.jpeg 768w, https:\/\/www.mfkegtechnik.com\/wp-content\/uploads\/2017\/08\/MICROMAT_1-1-662x1024.jpeg 662w, https:\/\/www.mfkegtechnik.com\/wp-content\/uploads\/2017\/08\/MICROMAT_1-1-940x1454.jpeg 940w, https:\/\/www.mfkegtechnik.com\/wp-content\/uploads\/2017\/08\/MICROMAT_1-1.jpeg 1527w\" sizes=\"(max-width: 194px) 100vw, 194px\" title=\"MICROMAT 1\/1-F\" alt=\"KEG-Abf\u00fcllung-One-Way\" \t\tclass=\"so-widget-image\"\/>\n\t<\/div>\n\n<\/div><\/div><div id=\"panel-3687-2-0-1\" class=\"so-panel widget widget_sow-image\" data-index=\"3\" ><div\n\t\t\t\n\t\t\tclass=\"so-widget-sow-image so-widget-sow-image-default-c67d20f9f743-3687\"\n\t\t\t\n\t\t>\n<div class=\"sow-image-container\">\n\t\t<img \n\tsrc=\"https:\/\/www.mfkegtechnik.com\/wp-content\/uploads\/2017\/01\/MICROMAT_1-1-F-PETainer-30l-189x300.jpg\" width=\"189\" height=\"300\" srcset=\"https:\/\/www.mfkegtechnik.com\/wp-content\/uploads\/2017\/01\/MICROMAT_1-1-F-PETainer-30l-189x300.jpg 189w, https:\/\/www.mfkegtechnik.com\/wp-content\/uploads\/2017\/01\/MICROMAT_1-1-F-PETainer-30l-768x1217.jpg 768w, https:\/\/www.mfkegtechnik.com\/wp-content\/uploads\/2017\/01\/MICROMAT_1-1-F-PETainer-30l-646x1024.jpg 646w, https:\/\/www.mfkegtechnik.com\/wp-content\/uploads\/2017\/01\/MICROMAT_1-1-F-PETainer-30l-940x1490.jpg 940w\" sizes=\"(max-width: 189px) 100vw, 189px\" title=\"MICROMAT_1-1 F PETainer 30l\" alt=\"KEG-Abf\u00fcllung-One-Way\" \t\tclass=\"so-widget-image\"\/>\n\t<\/div>\n\n<\/div><\/div><div id=\"panel-3687-2-0-2\" class=\"so-panel widget widget_sow-image\" data-index=\"4\" ><div\n\t\t\t\n\t\t\tclass=\"so-widget-sow-image so-widget-sow-image-default-c67d20f9f743-3687\"\n\t\t\t\n\t\t>\n<div class=\"sow-image-container\">\n\t\t<img \n\tsrc=\"https:\/\/www.mfkegtechnik.com\/wp-content\/uploads\/2017\/01\/MICROMAT_1-1-F-KeyKeg-Slimline-20l-188x300.jpg\" width=\"188\" height=\"300\" srcset=\"https:\/\/www.mfkegtechnik.com\/wp-content\/uploads\/2017\/01\/MICROMAT_1-1-F-KeyKeg-Slimline-20l-188x300.jpg 188w, https:\/\/www.mfkegtechnik.com\/wp-content\/uploads\/2017\/01\/MICROMAT_1-1-F-KeyKeg-Slimline-20l-768x1227.jpg 768w, https:\/\/www.mfkegtechnik.com\/wp-content\/uploads\/2017\/01\/MICROMAT_1-1-F-KeyKeg-Slimline-20l-641x1024.jpg 641w, https:\/\/www.mfkegtechnik.com\/wp-content\/uploads\/2017\/01\/MICROMAT_1-1-F-KeyKeg-Slimline-20l-940x1502.jpg 940w\" sizes=\"(max-width: 188px) 100vw, 188px\" title=\"MICROMAT_1-1 F KeyKeg Slimline 20l\" alt=\"KEG-Abf\u00fcllung-One-Way\" \t\tclass=\"so-widget-image\"\/>\n\t<\/div>\n\n<\/div><\/div><div id=\"panel-3687-2-0-3\" class=\"so-panel widget widget_sow-image panel-last-child\" data-index=\"5\" ><div\n\t\t\t\n\t\t\tclass=\"so-widget-sow-image so-widget-sow-image-default-c67d20f9f743-3687\"\n\t\t\t\n\t\t>\n<div class=\"sow-image-container\">\n\t\t<img \n\tsrc=\"https:\/\/www.mfkegtechnik.com\/wp-content\/uploads\/2017\/01\/MICROMAT_1-1-F-Dolium-20l-190x300.jpg\" width=\"190\" height=\"300\" srcset=\"https:\/\/www.mfkegtechnik.com\/wp-content\/uploads\/2017\/01\/MICROMAT_1-1-F-Dolium-20l-190x300.jpg 190w, https:\/\/www.mfkegtechnik.com\/wp-content\/uploads\/2017\/01\/MICROMAT_1-1-F-Dolium-20l-768x1213.jpg 768w, https:\/\/www.mfkegtechnik.com\/wp-content\/uploads\/2017\/01\/MICROMAT_1-1-F-Dolium-20l-648x1024.jpg 648w, https:\/\/www.mfkegtechnik.com\/wp-content\/uploads\/2017\/01\/MICROMAT_1-1-F-Dolium-20l-940x1485.jpg 940w\" sizes=\"(max-width: 190px) 100vw, 190px\" title=\"MICROMAT_1-1 F Dolium 20l\" alt=\"KEG-Abf\u00fcllung-One-Way\" \t\tclass=\"so-widget-image\"\/>\n\t<\/div>\n\n<\/div><\/div><\/div><div id=\"pgc-3687-2-1\"  class=\"panel-grid-cell\" ><div id=\"panel-3687-2-1-0\" class=\"so-panel widget widget_sow-editor panel-first-child panel-last-child\" data-index=\"6\" ><div\n\t\t\t\n\t\t\tclass=\"so-widget-sow-editor so-widget-sow-editor-base\"\n\t\t\t\n\t\t>\n<div class=\"siteorigin-widget-tinymce textwidget\">\n\t<table width=\"671\">\n<tbody>\n<tr>\n<td width=\"444\">\n<h2><\/h2>\n<h2 style=\"padding-left: 40px;\"><strong><span style=\"color: #000000;\"><a style=\"color: #000000;\" href=\"http:\/\/keykeg.com\/\">KeyKeg F\u00fcller<\/a><a href=\"https:\/\/www.mfkegtechnik.com\/wp-content\/uploads\/2021\/03\/KeyKeg_Logo.jpg\"><img loading=\"lazy\" decoding=\"async\" class=\"alignright\" src=\"https:\/\/www.mfkegtechnik.com\/wp-content\/uploads\/2021\/03\/KeyKeg_Logo.jpg\" alt=\"\" width=\"179\" height=\"113\" \/><\/a><\/span><\/strong><\/h2>\n<h4><span style=\"color: #ff6600;\"><strong>Leistung: 50-60 KeyKeg\/Std.<\/strong><\/span><\/h4>\n<p><strong>\u00a0<\/strong><\/p>\n<h4><em>Sicher, sauber und schnelles f\u00fcllen Ihrer KeyKegs<\/em><span style=\"color: #000000;\"><em>.<\/em><\/span><\/h4>\n<p style=\"text-align: right;\"><span style=\"font-size: 14pt;\"><a href=\"http:\/\/www.mfkegtechnik.com\/wp-content\/uploads\/2017\/01\/MICROMAT-M-11-F-KeyKeg.pdf\"><strong>(PDF)<\/strong><\/a><\/span><\/p>\n<\/td>\n<\/tr>\n<tr>\n<td width=\"444\">\n<h2><\/h2>\n<h2 style=\"padding-left: 40px;\"><strong><span style=\"color: #000000;\">\u00a0<a style=\"color: #000000;\" href=\"http:\/\/dolium.eu\/\">Dolium F\u00fcller<\/a><\/span><a href=\"http:\/\/www.mfkegtechnik.com\/wp-content\/uploads\/2017\/01\/Logo-Dolium.png\"><img loading=\"lazy\" decoding=\"async\" class=\"alignright wp-image-239\" title=\"Dolium\" src=\"http:\/\/www.mfkegtechnik.com\/wp-content\/uploads\/2017\/01\/Logo-Dolium.png\" alt=\"dolium\" width=\"179\" height=\"66\" \/><\/a><\/strong><\/h2>\n<h4><span style=\"color: #ff6600;\"><strong>Leistung: 40-45 Dolium Keg\/Std.<\/strong><\/span><\/h4>\n<p>&nbsp;<\/p>\n<h4><em>Verschiedene Fittintypen sind verf\u00fcgbar (Flach-, Draft-, Korb-, Trilobefitting)<\/em><span style=\"color: #000000;\"><em>.<\/em><\/span><\/h4>\n<p style=\"text-align: right;\"><strong>\u00a0<span style=\"font-size: 14pt;\"><a href=\"http:\/\/www.mfkegtechnik.com\/wp-content\/uploads\/2017\/01\/MICROMAT-M-11-F-Dolium.pdf\">(PDF)<\/a><\/span><\/strong><\/p>\n<\/td>\n<\/tr>\n<tr>\n<td width=\"444\">\n<h2><\/h2>\n<h2 style=\"padding-left: 40px;\"><strong>\u00a0<\/strong><strong><span style=\"color: #000000;\"><a style=\"color: #000000;\" href=\"http:\/\/petainer.com\/\">PetainerKeg F\u00fcller<\/a><\/span><a href=\"http:\/\/www.mfkegtechnik.com\/wp-content\/uploads\/2017\/01\/Logo-Petainer.png\"><img loading=\"lazy\" decoding=\"async\" class=\"alignright wp-image-243\" title=\"PetainerKeg\" src=\"http:\/\/www.mfkegtechnik.com\/wp-content\/uploads\/2017\/01\/Logo-Petainer.png\" alt=\"petainerkeg\" width=\"182\" height=\"96\" \/><\/a><\/strong><\/h2>\n<h4><span style=\"color: #ff6600;\"><strong>Leistung: 40-50 Petainer Keg\/Std.<\/strong><\/span><\/h4>\n<p style=\"text-align: left;\"><strong>\u00a0<\/strong><\/p>\n<h4><em>F\u00fcr Classic und Linestar Petainer<\/em><span style=\"color: #000000;\"><em>.<\/em><\/span><\/h4>\n<h4><em>Verschiedene Fittingtypen sind verf\u00fcgbar<\/em><span style=\"color: #000000;\"><em>.<\/em><\/span><\/h4>\n<p style=\"text-align: right;\"><span style=\"font-size: 14pt;\"><a href=\"http:\/\/www.mfkegtechnik.com\/wp-content\/uploads\/2017\/01\/MICROMAT-M-11-F-Dolium.pdf\"><strong>(PDF)<\/strong><\/a><\/span><\/p>\n<\/td>\n<\/tr>\n<tr>\n<td width=\"444\">\n<h2><\/h2>\n<h2 style=\"padding-left: 40px;\"><span style=\"color: #000000;\"><strong>\u00a0<\/strong><\/span><strong><span style=\"color: #000000;\"><a style=\"color: #000000;\" href=\"http:\/\/polykeg.com\/\">PolyKeg F\u00fcller<\/a><\/span><a href=\"http:\/\/www.mfkegtechnik.com\/wp-content\/uploads\/2017\/01\/Logo-plykeg.jpg\"><img loading=\"lazy\" decoding=\"async\" class=\"alignright wp-image-244\" title=\"PolyKeg\" src=\"http:\/\/www.mfkegtechnik.com\/wp-content\/uploads\/2017\/01\/Logo-plykeg.jpg\" alt=\"polykeg\" width=\"176\" height=\"97\" \/><\/a><\/strong><\/h2>\n<h4><span style=\"color: #ff6600;\"><strong>Leistung: 50-60 PolyKeg\/Std.<\/strong><\/span><\/h4>\n<p><strong>\u00a0<\/strong><\/p>\n<h4><em>Sicheres, sauberes und schnelles f\u00fcllen Ihrer PolyKegs<\/em><span style=\"color: #000000;\"><em>.<\/em><\/span><\/h4>\n<p style=\"text-align: right;\"><span style=\"font-size: 14pt;\"><a href=\"http:\/\/www.mfkegtechnik.com\/wp-content\/uploads\/2017\/01\/Prospekt-Polykeg.jpg\"><strong>(PDF)<\/strong><\/a><\/span><\/p>\n<\/td>\n<\/tr>\n<tr>\n<td width=\"444\"><\/td>\n<\/tr>\n<\/tbody>\n<\/table>\n<\/div>\n<\/div><\/div><\/div><\/div><div id=\"pg-3687-3\"  class=\"panel-grid panel-no-style\" ><div id=\"pgc-3687-3-0\"  class=\"panel-grid-cell\" ><div id=\"panel-3687-3-0-0\" class=\"so-panel widget widget_sow-image panel-first-child panel-last-child\" data-index=\"7\" ><div\n\t\t\t\n\t\t\tclass=\"so-widget-sow-image so-widget-sow-image-default-c67d20f9f743-3687\"\n\t\t\t\n\t\t>\n<div class=\"sow-image-container\">\n\t\t<img \n\tsrc=\"https:\/\/www.mfkegtechnik.com\/wp-content\/uploads\/2017\/01\/Speartypes-420x210.png\" width=\"420\" height=\"210\" srcset=\"https:\/\/www.mfkegtechnik.com\/wp-content\/uploads\/2017\/01\/Speartypes-420x210.png 420w, https:\/\/www.mfkegtechnik.com\/wp-content\/uploads\/2017\/01\/Speartypes-460x230.png 460w\" sizes=\"(max-width: 420px) 100vw, 420px\" alt=\"KEG-Abf\u00fcllung-One-Way\" \t\tclass=\"so-widget-image\"\/>\n\t<\/div>\n\n<\/div><\/div><\/div><div id=\"pgc-3687-3-1\"  class=\"panel-grid-cell\" ><div id=\"panel-3687-3-1-0\" class=\"so-panel widget widget_sow-headline panel-first-child\" data-index=\"8\" ><div\n\t\t\t\n\t\t\tclass=\"so-widget-sow-headline so-widget-sow-headline-default-f16591bb046e-3687\"\n\t\t\t\n\t\t><div class=\"sow-headline-container \">\n\t\t\t\t\t\t\t<h1 class=\"sow-headline\">\n\t\t\t\t\t\tTECHNISCHE DATEN\t\t\t\t\t\t<\/h1>\n\t\t\t\t\t\t\t\t\t\t\t<div class=\"decoration\">\n\t\t\t\t\t\t<div class=\"decoration-inside\"><\/div>\n\t\t\t\t\t<\/div>\n\t\t\t\t\t<\/div>\n<\/div><\/div><div id=\"panel-3687-3-1-1\" class=\"so-panel widget widget_sow-editor\" data-index=\"9\" ><div\n\t\t\t\n\t\t\tclass=\"so-widget-sow-editor so-widget-sow-editor-base\"\n\t\t\t\n\t\t>\n<div class=\"siteorigin-widget-tinymce textwidget\">\n\t<h4><span style=\"color: #000000;\"><b>Abmessungen <\/b><b>: \u00a0 \u00a0 Tiefe (T) \u00a0<\/b> \u00a0 \u00a0 \u00a0 \u00a0 \u00a0\u00a0 : \u00a0 <strong>1.300<\/strong> mm<\/span><\/h4>\n<h4><span style=\"color: #000000;\"><b>\u00a0 \u00a0 \u00a0 \u00a0 \u00a0 \u00a0 \u00a0 \u00a0 \u00a0 \u00a0 \u00a0 \u00a0 \u00a0 \u00a0 \u00a0 \u00a0 \u00a0 Breite \u00a0 (B) <\/b>\u00a0 \u00a0 \u00a0 \u00a0\u00a0 :\u00a0 <strong>800<\/strong> mm<\/span><\/h4>\n<h4><span style=\"color: #000000;\">\u00a0 \u00a0 \u00a0 \u00a0 \u00a0 \u00a0 \u00a0 \u00a0 \u00a0 \u00a0 \u00a0 \u00a0 \u00a0 \u00a0 \u00a0 \u00a0 \u00a0 <strong>H\u00f6he (H)<\/strong>\u00a0\u00a0\u00a0\u00a0\u00a0\u00a0\u00a0\u00a0\u00a0\u00a0\u00a0\u00a0\u00a0 : \u00a0 <strong>2.200<\/strong> mm +\/- <strong>50<\/strong><\/span><\/h4>\n<h4><\/h4>\n<h4><span style=\"color: #000000;\"><strong>Spannung : <\/strong><strong>230\/400<\/strong>V, <strong>50<\/strong>Hz <\/span><span style=\"color: #ffffff;\"> KEG Abf\u00fcllung One-Way<\/span><\/h4>\n<h4><span style=\"color: #000000;\"><strong>Anschlussleistung : 1<\/strong>kW <\/span><span style=\"color: #ffffff;\"> KEG Abf\u00fcllung One-Way<\/span><\/h4>\n<\/div>\n<\/div><\/div><div id=\"panel-3687-3-1-2\" class=\"so-panel widget widget_sow-headline\" data-index=\"10\" ><div\n\t\t\t\n\t\t\tclass=\"so-widget-sow-headline so-widget-sow-headline-default-f16591bb046e-3687\"\n\t\t\t\n\t\t><div class=\"sow-headline-container \">\n\t\t\t\t\t\t\t<h1 class=\"sow-headline\">\n\t\t\t\t\t\tVORTEILE\t\t\t\t\t\t<\/h1>\n\t\t\t\t\t\t\t\t\t\t\t<div class=\"decoration\">\n\t\t\t\t\t\t<div class=\"decoration-inside\"><\/div>\n\t\t\t\t\t<\/div>\n\t\t\t\t\t<\/div>\n<\/div><\/div><div id=\"panel-3687-3-1-3\" class=\"so-panel widget widget_sow-editor\" data-index=\"11\" ><div\n\t\t\t\n\t\t\tclass=\"so-widget-sow-editor so-widget-sow-editor-base\"\n\t\t\t\n\t\t>\n<div class=\"siteorigin-widget-tinymce textwidget\">\n\t<h4>Wir arbeiten eng mit den Produzenten zusammen, um sicherzustellen, dass der F\u00fcllprozess optimal und sauber abl\u00e4uft<span style=\"color: #000000;\">.<\/span><\/h4>\n<h4>Mit \u00fcber 200 m+f Maschinen f\u00fcr Einweg-KEG Bef\u00fcllung auf dem Markt haben wir viele Erfahrungen und Referenzen f\u00fcr Sie. Sie haben viele Vorteile bei der Verwendung unserer Einweg-KEG-Maschinen, z.B.<span style=\"color: #000000;\">:<\/span><\/h4>\n<h4 style=\"padding-left: 40px;\">Aus Edelstahl gefertigt<\/h4>\n<h4 style=\"padding-left: 40px;\">Schnell<\/h4>\n<h4 style=\"padding-left: 40px;\">Sicher<\/h4>\n<h4 style=\"padding-left: 40px;\">Einfach zu benutzen<\/h4>\n<h4 style=\"padding-left: 40px;\">Der F\u00fcllprozess erfolgt vollautomatisch<\/h4>\n<\/div>\n<\/div><\/div><div id=\"panel-3687-3-1-4\" class=\"so-panel widget widget_sow-button panel-last-child\" data-index=\"12\" ><div\n\t\t\t\n\t\t\tclass=\"so-widget-sow-button so-widget-sow-button-atom-45a38d61cbbe-3687\"\n\t\t\t\n\t\t><div class=\"ow-button-base ow-button-align-center\"\n>\n\t\t\t<a\n\t\t\t\t\thref=\"https:\/\/www.mfkegtechnik.com\/de\/kontakt\/\"\n\t\t\t\t\tclass=\"sowb-button ow-icon-placement-left ow-button-hover\" \t>\n\t\t<span>\n\t\t\t\n\t\t\tKONTAKTIEREN SIE UNS\t\t<\/span>\n\t\t\t<\/a>\n\t<\/div>\n<\/div><\/div><\/div><\/div><\/div>","protected":false},"excerpt":{"rendered":"<p>Es ist egal, wie die Marke Ihrer KEGs hei\u00dft, wir haben, was Sie brauchen. Unser MICROMAT ist perfekt geeignet f\u00fcr Dolium KEG, Petainer KEG, World KEG, Poly KEG und KeyKEG. Und f\u00fcr letzteres haben wir auch noch den ECOMAT-C. Eine unserer neuesten L\u00f6sungen ist der hygienische Kombif\u00fcllkopf welcher erm\u00f6glicht, Bag und KEG L\u00f6sungen auf einer Maschine zu f\u00fcllen. Wenn Sie mehr \u00fcber dieses Produkt erfahren m\u00f6chten, z\u00f6gern Sie nicht, uns &hellip;<a class=\"excerpt\" href=\"https:\/\/www.mfkegtechnik.com\/de\/keg-abfuellung-one-way\/\">Read More<\/a><\/p>\n","protected":false},"author":2,"featured_media":0,"parent":0,"menu_order":0,"comment_status":"closed","ping_status":"closed","template":"","meta":{"footnotes":""},"class_list":["post-3687","page","type-page","status-publish","hentry"],"yoast_head":"<!-- This site is optimized with the Yoast SEO plugin v27.3 - https:\/\/yoast.com\/product\/yoast-seo-wordpress\/ -->\n<title>KEG Abf\u00fcllung One-Way - m+f KEG-Technik GmbH &amp; Co. KG<\/title>\n<meta name=\"description\" content=\"Wir arbeiten eng mit den Produzenten zusammen, um sicherzustellen, dass der F\u00fcllprozess optimal abl\u00e4uft. Mehr erfahren \u00fcber unser KEG Abf\u00fcllung One-Way !\" \/>\n<meta name=\"robots\" content=\"index, follow, max-snippet:-1, max-image-preview:large, max-video-preview:-1\" \/>\n<link rel=\"canonical\" href=\"https:\/\/www.mfkegtechnik.com\/de\/keg-abfuellung-one-way\/\" \/>\n<meta property=\"og:locale\" content=\"de_DE\" \/>\n<meta property=\"og:type\" content=\"article\" \/>\n<meta property=\"og:title\" content=\"KEG Abf\u00fcllung One-Way - m+f KEG-Technik GmbH &amp; Co. KG\" \/>\n<meta property=\"og:description\" content=\"Wir arbeiten eng mit den Produzenten zusammen, um sicherzustellen, dass der F\u00fcllprozess optimal abl\u00e4uft. Mehr erfahren \u00fcber unser KEG Abf\u00fcllung One-Way !\" \/>\n<meta property=\"og:url\" content=\"https:\/\/www.mfkegtechnik.com\/de\/keg-abfuellung-one-way\/\" \/>\n<meta property=\"og:site_name\" content=\"m+f KEG-Technik GmbH &amp; Co. KG\" \/>\n<meta property=\"article:modified_time\" content=\"2025-08-25T09:58:00+00:00\" \/>\n<meta property=\"og:image\" content=\"https:\/\/www.mfkegtechnik.com\/wp-content\/uploads\/2021\/03\/KeyKeg_Logo.jpg\" \/>\n<meta name=\"twitter:card\" content=\"summary_large_image\" \/>\n<meta name=\"twitter:label1\" content=\"Gesch\u00e4tzte Lesezeit\" \/>\n\t<meta name=\"twitter:data1\" content=\"4\u00a0Minuten\" \/>\n<script type=\"application\/ld+json\" class=\"yoast-schema-graph\">{\"@context\":\"https:\\\/\\\/schema.org\",\"@graph\":[{\"@type\":\"WebPage\",\"@id\":\"https:\\\/\\\/www.mfkegtechnik.com\\\/de\\\/keg-abfuellung-one-way\\\/\",\"url\":\"https:\\\/\\\/www.mfkegtechnik.com\\\/de\\\/keg-abfuellung-one-way\\\/\",\"name\":\"KEG Abf\u00fcllung One-Way - m+f KEG-Technik GmbH &amp; Co. KG\",\"isPartOf\":{\"@id\":\"https:\\\/\\\/www.mfkegtechnik.com\\\/de\\\/#website\"},\"primaryImageOfPage\":{\"@id\":\"https:\\\/\\\/www.mfkegtechnik.com\\\/de\\\/keg-abfuellung-one-way\\\/#primaryimage\"},\"image\":{\"@id\":\"https:\\\/\\\/www.mfkegtechnik.com\\\/de\\\/keg-abfuellung-one-way\\\/#primaryimage\"},\"thumbnailUrl\":\"https:\\\/\\\/www.mfkegtechnik.com\\\/wp-content\\\/uploads\\\/2021\\\/03\\\/KeyKeg_Logo.jpg\",\"datePublished\":\"2019-06-12T06:39:01+00:00\",\"dateModified\":\"2025-08-25T09:58:00+00:00\",\"description\":\"Wir arbeiten eng mit den Produzenten zusammen, um sicherzustellen, dass der F\u00fcllprozess optimal abl\u00e4uft. Mehr erfahren \u00fcber unser KEG Abf\u00fcllung One-Way !\",\"breadcrumb\":{\"@id\":\"https:\\\/\\\/www.mfkegtechnik.com\\\/de\\\/keg-abfuellung-one-way\\\/#breadcrumb\"},\"inLanguage\":\"de\",\"potentialAction\":[{\"@type\":\"ReadAction\",\"target\":[\"https:\\\/\\\/www.mfkegtechnik.com\\\/de\\\/keg-abfuellung-one-way\\\/\"]}]},{\"@type\":\"ImageObject\",\"inLanguage\":\"de\",\"@id\":\"https:\\\/\\\/www.mfkegtechnik.com\\\/de\\\/keg-abfuellung-one-way\\\/#primaryimage\",\"url\":\"https:\\\/\\\/www.mfkegtechnik.com\\\/wp-content\\\/uploads\\\/2021\\\/03\\\/KeyKeg_Logo.jpg\",\"contentUrl\":\"https:\\\/\\\/www.mfkegtechnik.com\\\/wp-content\\\/uploads\\\/2021\\\/03\\\/KeyKeg_Logo.jpg\"},{\"@type\":\"BreadcrumbList\",\"@id\":\"https:\\\/\\\/www.mfkegtechnik.com\\\/de\\\/keg-abfuellung-one-way\\\/#breadcrumb\",\"itemListElement\":[{\"@type\":\"ListItem\",\"position\":1,\"name\":\"Accueil\",\"item\":\"https:\\\/\\\/www.mfkegtechnik.com\\\/de\\\/\"},{\"@type\":\"ListItem\",\"position\":2,\"name\":\"KEG Abf\u00fcllung One-Way\"}]},{\"@type\":\"WebSite\",\"@id\":\"https:\\\/\\\/www.mfkegtechnik.com\\\/de\\\/#website\",\"url\":\"https:\\\/\\\/www.mfkegtechnik.com\\\/de\\\/\",\"name\":\"m+f KEG-Technik GmbH &amp; Co. KG\",\"description\":\"We keep your KEGs clean !\",\"potentialAction\":[{\"@type\":\"SearchAction\",\"target\":{\"@type\":\"EntryPoint\",\"urlTemplate\":\"https:\\\/\\\/www.mfkegtechnik.com\\\/de\\\/?s={search_term_string}\"},\"query-input\":{\"@type\":\"PropertyValueSpecification\",\"valueRequired\":true,\"valueName\":\"search_term_string\"}}],\"inLanguage\":\"de\"}]}<\/script>\n<!-- \/ Yoast SEO plugin. -->","yoast_head_json":{"title":"KEG Abf\u00fcllung One-Way - m+f KEG-Technik GmbH &amp; Co. KG","description":"Wir arbeiten eng mit den Produzenten zusammen, um sicherzustellen, dass der F\u00fcllprozess optimal abl\u00e4uft. Mehr erfahren \u00fcber unser KEG Abf\u00fcllung One-Way !","robots":{"index":"index","follow":"follow","max-snippet":"max-snippet:-1","max-image-preview":"max-image-preview:large","max-video-preview":"max-video-preview:-1"},"canonical":"https:\/\/www.mfkegtechnik.com\/de\/keg-abfuellung-one-way\/","og_locale":"de_DE","og_type":"article","og_title":"KEG Abf\u00fcllung One-Way - m+f KEG-Technik GmbH &amp; Co. KG","og_description":"Wir arbeiten eng mit den Produzenten zusammen, um sicherzustellen, dass der F\u00fcllprozess optimal abl\u00e4uft. Mehr erfahren \u00fcber unser KEG Abf\u00fcllung One-Way !","og_url":"https:\/\/www.mfkegtechnik.com\/de\/keg-abfuellung-one-way\/","og_site_name":"m+f KEG-Technik GmbH &amp; Co. KG","article_modified_time":"2025-08-25T09:58:00+00:00","og_image":[{"url":"https:\/\/www.mfkegtechnik.com\/wp-content\/uploads\/2021\/03\/KeyKeg_Logo.jpg","type":"","width":"","height":""}],"twitter_card":"summary_large_image","twitter_misc":{"Gesch\u00e4tzte Lesezeit":"4\u00a0Minuten"},"schema":{"@context":"https:\/\/schema.org","@graph":[{"@type":"WebPage","@id":"https:\/\/www.mfkegtechnik.com\/de\/keg-abfuellung-one-way\/","url":"https:\/\/www.mfkegtechnik.com\/de\/keg-abfuellung-one-way\/","name":"KEG Abf\u00fcllung One-Way - m+f KEG-Technik GmbH &amp; Co. KG","isPartOf":{"@id":"https:\/\/www.mfkegtechnik.com\/de\/#website"},"primaryImageOfPage":{"@id":"https:\/\/www.mfkegtechnik.com\/de\/keg-abfuellung-one-way\/#primaryimage"},"image":{"@id":"https:\/\/www.mfkegtechnik.com\/de\/keg-abfuellung-one-way\/#primaryimage"},"thumbnailUrl":"https:\/\/www.mfkegtechnik.com\/wp-content\/uploads\/2021\/03\/KeyKeg_Logo.jpg","datePublished":"2019-06-12T06:39:01+00:00","dateModified":"2025-08-25T09:58:00+00:00","description":"Wir arbeiten eng mit den Produzenten zusammen, um sicherzustellen, dass der F\u00fcllprozess optimal abl\u00e4uft. Mehr erfahren \u00fcber unser KEG Abf\u00fcllung One-Way !","breadcrumb":{"@id":"https:\/\/www.mfkegtechnik.com\/de\/keg-abfuellung-one-way\/#breadcrumb"},"inLanguage":"de","potentialAction":[{"@type":"ReadAction","target":["https:\/\/www.mfkegtechnik.com\/de\/keg-abfuellung-one-way\/"]}]},{"@type":"ImageObject","inLanguage":"de","@id":"https:\/\/www.mfkegtechnik.com\/de\/keg-abfuellung-one-way\/#primaryimage","url":"https:\/\/www.mfkegtechnik.com\/wp-content\/uploads\/2021\/03\/KeyKeg_Logo.jpg","contentUrl":"https:\/\/www.mfkegtechnik.com\/wp-content\/uploads\/2021\/03\/KeyKeg_Logo.jpg"},{"@type":"BreadcrumbList","@id":"https:\/\/www.mfkegtechnik.com\/de\/keg-abfuellung-one-way\/#breadcrumb","itemListElement":[{"@type":"ListItem","position":1,"name":"Accueil","item":"https:\/\/www.mfkegtechnik.com\/de\/"},{"@type":"ListItem","position":2,"name":"KEG Abf\u00fcllung One-Way"}]},{"@type":"WebSite","@id":"https:\/\/www.mfkegtechnik.com\/de\/#website","url":"https:\/\/www.mfkegtechnik.com\/de\/","name":"m+f KEG-Technik GmbH &amp; Co. KG","description":"We keep your KEGs clean !","potentialAction":[{"@type":"SearchAction","target":{"@type":"EntryPoint","urlTemplate":"https:\/\/www.mfkegtechnik.com\/de\/?s={search_term_string}"},"query-input":{"@type":"PropertyValueSpecification","valueRequired":true,"valueName":"search_term_string"}}],"inLanguage":"de"}]}},"_links":{"self":[{"href":"https:\/\/www.mfkegtechnik.com\/de\/wp-json\/wp\/v2\/pages\/3687","targetHints":{"allow":["GET"]}}],"collection":[{"href":"https:\/\/www.mfkegtechnik.com\/de\/wp-json\/wp\/v2\/pages"}],"about":[{"href":"https:\/\/www.mfkegtechnik.com\/de\/wp-json\/wp\/v2\/types\/page"}],"author":[{"embeddable":true,"href":"https:\/\/www.mfkegtechnik.com\/de\/wp-json\/wp\/v2\/users\/2"}],"replies":[{"embeddable":true,"href":"https:\/\/www.mfkegtechnik.com\/de\/wp-json\/wp\/v2\/comments?post=3687"}],"version-history":[{"count":2,"href":"https:\/\/www.mfkegtechnik.com\/de\/wp-json\/wp\/v2\/pages\/3687\/revisions"}],"predecessor-version":[{"id":20435,"href":"https:\/\/www.mfkegtechnik.com\/de\/wp-json\/wp\/v2\/pages\/3687\/revisions\/20435"}],"wp:attachment":[{"href":"https:\/\/www.mfkegtechnik.com\/de\/wp-json\/wp\/v2\/media?parent=3687"}],"curies":[{"name":"wp","href":"https:\/\/api.w.org\/{rel}","templated":true}]}}