{"id":3688,"date":"2019-06-12T07:39:34","date_gmt":"2019-06-12T06:39:34","guid":{"rendered":"http:\/\/www.mfkegtechnik.com\/keg-machines-40-120-keg-h\/"},"modified":"2019-08-19T12:27:57","modified_gmt":"2019-08-19T11:27:57","slug":"keg-maschinen-40-120-keg-h","status":"publish","type":"page","link":"https:\/\/www.mfkegtechnik.com\/de\/keg-maschinen-40-120-keg-h\/","title":{"rendered":"KEG Maschinen 40-120 KEG\/h"},"content":{"rendered":"<div id=\"pl-3688\"  class=\"panel-layout\" ><div id=\"pg-3688-0\"  class=\"panel-grid panel-no-style\" ><div id=\"pgc-3688-0-0\"  class=\"panel-grid-cell\" ><div id=\"panel-3688-0-0-0\" class=\"so-panel widget widget_sow-headline panel-first-child\" data-index=\"0\" ><div\n\t\t\t\n\t\t\tclass=\"so-widget-sow-headline so-widget-sow-headline-default-7d6c0c62a896-3688\"\n\t\t\t\n\t\t><div class=\"sow-headline-container \">\n\t\t\t\t\t\t\t<h1 class=\"sow-headline\">\n\t\t\t\t\t\tVorstellung: MINOMAT\t\t\t\t\t\t<\/h1>\n\t\t\t\t\t\t\t\t\t\t\t<div class=\"decoration\">\n\t\t\t\t\t\t<div class=\"decoration-inside\"><\/div>\n\t\t\t\t\t<\/div>\n\t\t\t\t\t\t\t\t\t\t\t<h2 class=\"sow-sub-headline\">\n\t\t\t\t\t\tm+f vollautomatische KEG-Anlagen 40 - 120 KEG\/Std.\t\t\t\t\t\t<\/h2>\n\t\t\t\t\t\t<\/div>\n<\/div><\/div><div id=\"panel-3688-0-0-1\" class=\"so-panel widget widget_sow-editor panel-last-child\" data-index=\"1\" ><div\n\t\t\t\n\t\t\tclass=\"so-widget-sow-editor so-widget-sow-editor-base\"\n\t\t\t\n\t\t>\n<div class=\"siteorigin-widget-tinymce textwidget\">\n\t<\/div>\n<\/div><\/div><\/div><\/div><div id=\"pg-3688-1\"  class=\"panel-grid panel-no-style\" ><div id=\"pgc-3688-1-0\"  class=\"panel-grid-cell\" ><div id=\"panel-3688-1-0-0\" class=\"so-panel widget widget_sow-image panel-first-child\" data-index=\"2\" ><div\n\t\t\t\n\t\t\tclass=\"so-widget-sow-image so-widget-sow-image-default-c67d20f9f743-3688\"\n\t\t\t\n\t\t>\n<div class=\"sow-image-container\">\n\t\t<img \n\tsrc=\"https:\/\/www.mfkegtechnik.com\/wp-content\/uploads\/2019\/05\/2015-Minomat-A-6_6-NEU-300x198.jpeg\" width=\"300\" height=\"198\" srcset=\"https:\/\/www.mfkegtechnik.com\/wp-content\/uploads\/2019\/05\/2015-Minomat-A-6_6-NEU-300x198.jpeg 300w, https:\/\/www.mfkegtechnik.com\/wp-content\/uploads\/2019\/05\/2015-Minomat-A-6_6-NEU-768x506.jpeg 768w, https:\/\/www.mfkegtechnik.com\/wp-content\/uploads\/2019\/05\/2015-Minomat-A-6_6-NEU-1024x674.jpeg 1024w, https:\/\/www.mfkegtechnik.com\/wp-content\/uploads\/2019\/05\/2015-Minomat-A-6_6-NEU-940x619.jpeg 940w\" sizes=\"(max-width: 300px) 100vw, 300px\" title=\"Minomat A 6\/6\" alt=\"keg-maschinen-40-120-keg-h-\" \t\tclass=\"so-widget-image\"\/>\n\t<\/div>\n\n<\/div><\/div><div id=\"panel-3688-1-0-1\" class=\"so-panel widget widget_sow-editor panel-last-child\" data-index=\"3\" ><div\n\t\t\t\n\t\t\tclass=\"so-widget-sow-editor so-widget-sow-editor-base\"\n\t\t\t\n\t\t>\n<div class=\"siteorigin-widget-tinymce textwidget\">\n\t<p style=\"text-align: center;\"><a href=\"http:\/\/www.mfkegtechnik.com\/wp-content\/uploads\/2019\/06\/MINOMAT-A-53-gut.jpg\"><img loading=\"lazy\" decoding=\"async\" class=\"alignnone wp-image-2178\" title=\"minomat\" src=\"http:\/\/www.mfkegtechnik.com\/wp-content\/uploads\/2019\/06\/MINOMAT-A-53-gut-1024x683.jpg\" alt=\"keg-maschinen-40-120-keg-h\" width=\"284\" height=\"189\" srcset=\"https:\/\/www.mfkegtechnik.com\/wp-content\/uploads\/2019\/06\/MINOMAT-A-53-gut-1024x683.jpg 1024w, https:\/\/www.mfkegtechnik.com\/wp-content\/uploads\/2019\/06\/MINOMAT-A-53-gut-300x200.jpg 300w, https:\/\/www.mfkegtechnik.com\/wp-content\/uploads\/2019\/06\/MINOMAT-A-53-gut-768x512.jpg 768w, https:\/\/www.mfkegtechnik.com\/wp-content\/uploads\/2019\/06\/MINOMAT-A-53-gut-940x627.jpg 940w, https:\/\/www.mfkegtechnik.com\/wp-content\/uploads\/2019\/06\/MINOMAT-A-53-gut-272x182.jpg 272w\" sizes=\"auto, (max-width: 284px) 100vw, 284px\" \/><\/a><a href=\"http:\/\/www.mfkegtechnik.com\/wp-content\/uploads\/2017\/03\/MINOMAT-Reinigungsmitteltanks-1.jpg\"> \u00a0<\/a><\/p>\n<p style=\"text-align: center;\"><a href=\"http:\/\/www.mfkegtechnik.com\/wp-content\/uploads\/2017\/03\/MINOMAT-Reinigungsmitteltanks-1.jpg\"><img loading=\"lazy\" decoding=\"async\" class=\"alignnone wp-image-380\" title=\"KEG Maschine Rohrleitungen\" src=\"http:\/\/www.mfkegtechnik.com\/wp-content\/uploads\/2017\/03\/MINOMAT-Reinigungsmitteltanks-1-300x200.jpg\" alt=\"keg-maschinen-40-120-keg-h-rorhleitungen\" width=\"281\" height=\"188\" srcset=\"https:\/\/www.mfkegtechnik.com\/wp-content\/uploads\/2017\/03\/MINOMAT-Reinigungsmitteltanks-1-300x200.jpg 300w, https:\/\/www.mfkegtechnik.com\/wp-content\/uploads\/2017\/03\/MINOMAT-Reinigungsmitteltanks-1-768x512.jpg 768w, https:\/\/www.mfkegtechnik.com\/wp-content\/uploads\/2017\/03\/MINOMAT-Reinigungsmitteltanks-1.jpg 1024w, https:\/\/www.mfkegtechnik.com\/wp-content\/uploads\/2017\/03\/MINOMAT-Reinigungsmitteltanks-1-940x627.jpg 940w\" sizes=\"auto, (max-width: 281px) 100vw, 281px\" \/><\/a><\/p>\n<\/div>\n<\/div><\/div><\/div><div id=\"pgc-3688-1-1\"  class=\"panel-grid-cell\" ><div id=\"panel-3688-1-1-0\" class=\"so-panel widget widget_sow-headline panel-first-child\" data-index=\"4\" ><div\n\t\t\t\n\t\t\tclass=\"so-widget-sow-headline so-widget-sow-headline-default-f16591bb046e-3688\"\n\t\t\t\n\t\t><div class=\"sow-headline-container \">\n\t\t\t\t\t\t\t<h1 class=\"sow-headline\">\n\t\t\t\t\t\tMERKMALE\t\t\t\t\t\t<\/h1>\n\t\t\t\t\t\t\t\t\t\t\t<div class=\"decoration\">\n\t\t\t\t\t\t<div class=\"decoration-inside\"><\/div>\n\t\t\t\t\t<\/div>\n\t\t\t\t\t<\/div>\n<\/div><\/div><div id=\"panel-3688-1-1-1\" class=\"so-panel widget widget_sow-editor\" data-index=\"5\" ><div\n\t\t\t\n\t\t\tclass=\"so-widget-sow-editor so-widget-sow-editor-base\"\n\t\t\t\n\t\t>\n<div class=\"siteorigin-widget-tinymce textwidget\">\n\t<h4><span style=\"color: #000000;\">Die MINOMAT-Serie ist eine komplett vollautomatisierte KEG-Anlage mit einem Hubbalkensystem und beinhaltet alle zum Betreiben notwendigen elektrischen und pneumatischen Schaltger\u00e4te. <\/span><span style=\"color: #ffffff;\"> KEG Maschinen 40-120 KEG\/h<\/span><\/h4>\n<h4><span style=\"color: #000000;\">KEG Maschinen mit einer Leistung von 40-120 KEG\/Std. sind speziell erkennbar an der integrierten Steuerungs-Soft- und Hardware, die eine vollautomatische Innenreinigung, sowie den Zu- und Ablauf der Fl\u00fcssigkeit steuert. <\/span><span style=\"color: #ffffff;\"> KEG Maschinen 40-120 KEG\/h<\/span><\/h4>\n<h4><span style=\"color: #000000;\">Je nach Ihren W\u00fcnschen k\u00f6nnen wir mehr Stationen zum Reinigen anbieten. Au\u00dferdem liefern wir die KEG-Anlage mit allen Rohrleitungen zwischen den Tanks und den Reinigungsstationen.<\/span><\/h4>\n<h4><span style=\"color: #000000;\">Des Weiteren werden der Grundrahmen, sowie die Rohrleitungen und die Ventile aus sauber verschwei\u00dftem Edelstahl gefertigt, damit der europ\u00e4ische Standard und die Qualit\u00e4t Ihrer Produkte eingehalten werden.<\/span><\/h4>\n<\/div>\n<\/div><\/div><div id=\"panel-3688-1-1-2\" class=\"so-panel widget widget_sow-headline\" data-index=\"6\" ><div\n\t\t\t\n\t\t\tclass=\"so-widget-sow-headline so-widget-sow-headline-default-f16591bb046e-3688\"\n\t\t\t\n\t\t><div class=\"sow-headline-container \">\n\t\t\t\t\t\t\t<h1 class=\"sow-headline\">\n\t\t\t\t\t\tTECHNISCHE DATEN\t\t\t\t\t\t<\/h1>\n\t\t\t\t\t\t\t\t\t\t\t<div class=\"decoration\">\n\t\t\t\t\t\t<div class=\"decoration-inside\"><\/div>\n\t\t\t\t\t<\/div>\n\t\t\t\t\t<\/div>\n<\/div><\/div><div id=\"panel-3688-1-1-3\" class=\"so-panel widget widget_sow-editor\" data-index=\"7\" ><div\n\t\t\t\n\t\t\tclass=\"so-widget-sow-editor so-widget-sow-editor-base\"\n\t\t\t\n\t\t>\n<div class=\"siteorigin-widget-tinymce textwidget\">\n\t<h4><span style=\"color: #ff9900;\"><strong>Leistung <\/strong>: <strong>40 - 120 KEG\/Std.<\/strong><\/span><\/h4>\n<h4><span style=\"color: #000000;\"><strong>Stationen <\/strong>: Innenreinigung, Sp\u00fclen und Sterilisation, F\u00fcllung<\/span><\/h4>\n<h4><span style=\"color: #000000;\"><strong>Abmessungen <\/strong>:\u00a0 <strong>Breite (B) \u00a0<\/strong> \u00a0 \u00a0 \u00a0 \u00a0\u00a0 : <strong>1.300<\/strong>mm<\/span><\/h4>\n<h4><span style=\"color: #000000;\">\u00a0 \u00a0 \u00a0 \u00a0 \u00a0 \u00a0 \u00a0 \u00a0 \u00a0 \u00a0 \u00a0 \u00a0 \u00a0 \u00a0 \u00a0\u00a0 <strong>L\u00e4nge (L) <\/strong>\u00a0 \u00a0 \u00a0 \u00a0 \u00a0 \u00a0 : <strong>2.700<\/strong>mm<\/span><\/h4>\n<h4><span style=\"color: #000000;\">\u00a0 \u00a0 \u00a0 \u00a0 \u00a0 \u00a0 \u00a0 \u00a0 \u00a0 \u00a0 \u00a0 \u00a0 \u00a0 \u00a0 \u00a0\u00a0 <strong>H\u00f6he (H)<\/strong>\u00a0\u00a0\u00a0\u00a0\u00a0\u00a0\u00a0\u00a0\u00a0\u00a0\u00a0\u00a0\u00a0 : <strong>2.200<\/strong>mm +\/- <strong>50<\/strong><\/span><\/h4>\n<h4><\/h4>\n<h4><span style=\"color: #000000;\"><strong>Spannung <\/strong>: <strong>230<\/strong>\/<strong>400<\/strong>V, <strong>50<\/strong>Hz<\/span><\/h4>\n<\/div>\n<\/div><\/div><div id=\"panel-3688-1-1-4\" class=\"so-panel widget widget_sow-headline\" data-index=\"8\" ><div\n\t\t\t\n\t\t\tclass=\"so-widget-sow-headline so-widget-sow-headline-default-f16591bb046e-3688\"\n\t\t\t\n\t\t><div class=\"sow-headline-container \">\n\t\t\t\t\t\t\t<h1 class=\"sow-headline\">\n\t\t\t\t\t\tVORTEILE\t\t\t\t\t\t<\/h1>\n\t\t\t\t\t\t\t\t\t\t\t<div class=\"decoration\">\n\t\t\t\t\t\t<div class=\"decoration-inside\"><\/div>\n\t\t\t\t\t<\/div>\n\t\t\t\t\t<\/div>\n<\/div><\/div><div id=\"panel-3688-1-1-5\" class=\"so-panel widget widget_sow-editor\" data-index=\"9\" ><div\n\t\t\t\n\t\t\tclass=\"so-widget-sow-editor so-widget-sow-editor-base\"\n\t\t\t\n\t\t>\n<div class=\"siteorigin-widget-tinymce textwidget\">\n\t<h4><span style=\"color: #000000;\">Unsere KEG Maschinen mit einer Leistung von 40-120 KEG\/Std. sind die beste L\u00f6sung, wenn Sie nach einer vollautomatischen KEG-Anlage suchen:\u00a0<\/span><\/h4>\n<h4><span style=\"color: #000000;\">\u00a0 \u00a0 \u00a0 \u00a0 \u00a0 \u00a0 Einfach zu benutzen<\/span><\/h4>\n<h4><span style=\"color: #000000;\">\u00a0 \u00a0 \u00a0 \u00a0 \u00a0 \u00a0 Edelstahlrahmen<\/span><\/h4>\n<h4><span style=\"color: #000000;\">\u00a0 \u00a0 \u00a0 \u00a0 \u00a0 \u00a0 Ausgestattet mit einer Umr\u00fcsteinheit<\/span><\/h4>\n<h4><span style=\"color: #000000;\">\u00a0 \u00a0 \u00a0 \u00a0 \u00a0 \u00a0 Der Wechsel zu anderen Fittingtypen dauert weniger als eine Minute<\/span><\/h4>\n<\/div>\n<\/div><\/div><div id=\"panel-3688-1-1-6\" class=\"so-panel widget widget_sow-button panel-last-child\" data-index=\"10\" ><div\n\t\t\t\n\t\t\tclass=\"so-widget-sow-button so-widget-sow-button-atom-45a38d61cbbe-3688\"\n\t\t\t\n\t\t><div class=\"ow-button-base ow-button-align-center\"\n>\n\t\t\t<a\n\t\t\t\t\thref=\"http:\/\/www.mfkegtechnik.com\/wp-content\/uploads\/2019\/07\/MINOMAT-A5-4-D.pdf\"\n\t\t\t\t\tclass=\"sowb-button ow-icon-placement-left ow-button-hover\" \t>\n\t\t<span>\n\t\t\t\n\t\t\tDownload technisches Datenblatt (PDF)\t\t<\/span>\n\t\t\t<\/a>\n\t<\/div>\n<\/div><\/div><\/div><\/div><\/div>","protected":false},"excerpt":{"rendered":"<p>\u00a0 Die MINOMAT-Serie ist eine komplett vollautomatisierte KEG-Anlage mit einem Hubbalkensystem und beinhaltet alle zum Betreiben notwendigen elektrischen und pneumatischen Schaltger\u00e4te. KEG Maschinen 40-120 KEG\/h KEG Maschinen mit einer Leistung von 40-120 KEG\/Std. sind speziell erkennbar an der integrierten Steuerungs-Soft- und Hardware, die eine vollautomatische Innenreinigung, sowie den Zu- und Ablauf der Fl\u00fcssigkeit steuert. KEG Maschinen 40-120 KEG\/h Je nach Ihren W\u00fcnschen k\u00f6nnen wir mehr Stationen zum Reinigen anbieten. Au\u00dferdem &hellip;<a class=\"excerpt\" href=\"https:\/\/www.mfkegtechnik.com\/de\/keg-maschinen-40-120-keg-h\/\">Read More<\/a><\/p>\n","protected":false},"author":2,"featured_media":0,"parent":0,"menu_order":0,"comment_status":"closed","ping_status":"closed","template":"","meta":{"footnotes":""},"class_list":["post-3688","page","type-page","status-publish","hentry"],"yoast_head":"<!-- This site is optimized with the Yoast SEO plugin v27.3 - https:\/\/yoast.com\/product\/yoast-seo-wordpress\/ -->\n<title>KEG Maschinen 40-120 KEG\/h - m+f KEG-Technik GmbH &amp; Co. KG<\/title>\n<meta name=\"description\" content=\"Unsere m + f MINOMAT Maschinen (auch KEG Maschinen 40-120 KEG\/h gennant) sind vollautomatische KEG-Anlagen. Mehr erfahren !\" \/>\n<meta name=\"robots\" content=\"index, follow, max-snippet:-1, max-image-preview:large, max-video-preview:-1\" \/>\n<link rel=\"canonical\" href=\"https:\/\/www.mfkegtechnik.com\/de\/keg-maschinen-40-120-keg-h\/\" \/>\n<meta property=\"og:locale\" content=\"de_DE\" \/>\n<meta property=\"og:type\" content=\"article\" \/>\n<meta property=\"og:title\" content=\"KEG Maschinen 40-120 KEG\/h - m+f KEG-Technik GmbH &amp; Co. KG\" \/>\n<meta property=\"og:description\" content=\"Unsere m + f MINOMAT Maschinen (auch KEG Maschinen 40-120 KEG\/h gennant) sind vollautomatische KEG-Anlagen. Mehr erfahren !\" \/>\n<meta property=\"og:url\" content=\"https:\/\/www.mfkegtechnik.com\/de\/keg-maschinen-40-120-keg-h\/\" \/>\n<meta property=\"og:site_name\" content=\"m+f KEG-Technik GmbH &amp; Co. KG\" \/>\n<meta property=\"article:modified_time\" content=\"2019-08-19T11:27:57+00:00\" \/>\n<meta property=\"og:image\" content=\"http:\/\/www.mfkegtechnik.com\/wp-content\/uploads\/2019\/06\/MINOMAT-A-53-gut-1024x683.jpg\" \/>\n<meta name=\"twitter:card\" content=\"summary_large_image\" \/>\n<meta name=\"twitter:label1\" content=\"Gesch\u00e4tzte Lesezeit\" \/>\n\t<meta name=\"twitter:data1\" content=\"1\u00a0Minute\" \/>\n<script type=\"application\/ld+json\" class=\"yoast-schema-graph\">{\"@context\":\"https:\\\/\\\/schema.org\",\"@graph\":[{\"@type\":\"WebPage\",\"@id\":\"https:\\\/\\\/www.mfkegtechnik.com\\\/de\\\/keg-maschinen-40-120-keg-h\\\/\",\"url\":\"https:\\\/\\\/www.mfkegtechnik.com\\\/de\\\/keg-maschinen-40-120-keg-h\\\/\",\"name\":\"KEG Maschinen 40-120 KEG\\\/h - m+f KEG-Technik GmbH &amp; Co. KG\",\"isPartOf\":{\"@id\":\"https:\\\/\\\/www.mfkegtechnik.com\\\/de\\\/#website\"},\"primaryImageOfPage\":{\"@id\":\"https:\\\/\\\/www.mfkegtechnik.com\\\/de\\\/keg-maschinen-40-120-keg-h\\\/#primaryimage\"},\"image\":{\"@id\":\"https:\\\/\\\/www.mfkegtechnik.com\\\/de\\\/keg-maschinen-40-120-keg-h\\\/#primaryimage\"},\"thumbnailUrl\":\"http:\\\/\\\/www.mfkegtechnik.com\\\/wp-content\\\/uploads\\\/2019\\\/06\\\/MINOMAT-A-53-gut-1024x683.jpg\",\"datePublished\":\"2019-06-12T06:39:34+00:00\",\"dateModified\":\"2019-08-19T11:27:57+00:00\",\"description\":\"Unsere m + f MINOMAT Maschinen (auch KEG Maschinen 40-120 KEG\\\/h gennant) sind vollautomatische KEG-Anlagen. Mehr erfahren !\",\"breadcrumb\":{\"@id\":\"https:\\\/\\\/www.mfkegtechnik.com\\\/de\\\/keg-maschinen-40-120-keg-h\\\/#breadcrumb\"},\"inLanguage\":\"de\",\"potentialAction\":[{\"@type\":\"ReadAction\",\"target\":[\"https:\\\/\\\/www.mfkegtechnik.com\\\/de\\\/keg-maschinen-40-120-keg-h\\\/\"]}]},{\"@type\":\"ImageObject\",\"inLanguage\":\"de\",\"@id\":\"https:\\\/\\\/www.mfkegtechnik.com\\\/de\\\/keg-maschinen-40-120-keg-h\\\/#primaryimage\",\"url\":\"http:\\\/\\\/www.mfkegtechnik.com\\\/wp-content\\\/uploads\\\/2019\\\/06\\\/MINOMAT-A-53-gut-1024x683.jpg\",\"contentUrl\":\"http:\\\/\\\/www.mfkegtechnik.com\\\/wp-content\\\/uploads\\\/2019\\\/06\\\/MINOMAT-A-53-gut-1024x683.jpg\"},{\"@type\":\"BreadcrumbList\",\"@id\":\"https:\\\/\\\/www.mfkegtechnik.com\\\/de\\\/keg-maschinen-40-120-keg-h\\\/#breadcrumb\",\"itemListElement\":[{\"@type\":\"ListItem\",\"position\":1,\"name\":\"Accueil\",\"item\":\"https:\\\/\\\/www.mfkegtechnik.com\\\/de\\\/\"},{\"@type\":\"ListItem\",\"position\":2,\"name\":\"KEG Maschinen 40-120 KEG\\\/h\"}]},{\"@type\":\"WebSite\",\"@id\":\"https:\\\/\\\/www.mfkegtechnik.com\\\/de\\\/#website\",\"url\":\"https:\\\/\\\/www.mfkegtechnik.com\\\/de\\\/\",\"name\":\"m+f KEG-Technik GmbH &amp; Co. KG\",\"description\":\"We keep your KEGs clean !\",\"potentialAction\":[{\"@type\":\"SearchAction\",\"target\":{\"@type\":\"EntryPoint\",\"urlTemplate\":\"https:\\\/\\\/www.mfkegtechnik.com\\\/de\\\/?s={search_term_string}\"},\"query-input\":{\"@type\":\"PropertyValueSpecification\",\"valueRequired\":true,\"valueName\":\"search_term_string\"}}],\"inLanguage\":\"de\"}]}<\/script>\n<!-- \/ Yoast SEO plugin. -->","yoast_head_json":{"title":"KEG Maschinen 40-120 KEG\/h - m+f KEG-Technik GmbH &amp; Co. KG","description":"Unsere m + f MINOMAT Maschinen (auch KEG Maschinen 40-120 KEG\/h gennant) sind vollautomatische KEG-Anlagen. Mehr erfahren !","robots":{"index":"index","follow":"follow","max-snippet":"max-snippet:-1","max-image-preview":"max-image-preview:large","max-video-preview":"max-video-preview:-1"},"canonical":"https:\/\/www.mfkegtechnik.com\/de\/keg-maschinen-40-120-keg-h\/","og_locale":"de_DE","og_type":"article","og_title":"KEG Maschinen 40-120 KEG\/h - m+f KEG-Technik GmbH &amp; Co. KG","og_description":"Unsere m + f MINOMAT Maschinen (auch KEG Maschinen 40-120 KEG\/h gennant) sind vollautomatische KEG-Anlagen. Mehr erfahren !","og_url":"https:\/\/www.mfkegtechnik.com\/de\/keg-maschinen-40-120-keg-h\/","og_site_name":"m+f KEG-Technik GmbH &amp; Co. KG","article_modified_time":"2019-08-19T11:27:57+00:00","og_image":[{"url":"http:\/\/www.mfkegtechnik.com\/wp-content\/uploads\/2019\/06\/MINOMAT-A-53-gut-1024x683.jpg","type":"","width":"","height":""}],"twitter_card":"summary_large_image","twitter_misc":{"Gesch\u00e4tzte Lesezeit":"1\u00a0Minute"},"schema":{"@context":"https:\/\/schema.org","@graph":[{"@type":"WebPage","@id":"https:\/\/www.mfkegtechnik.com\/de\/keg-maschinen-40-120-keg-h\/","url":"https:\/\/www.mfkegtechnik.com\/de\/keg-maschinen-40-120-keg-h\/","name":"KEG Maschinen 40-120 KEG\/h - m+f KEG-Technik GmbH &amp; Co. KG","isPartOf":{"@id":"https:\/\/www.mfkegtechnik.com\/de\/#website"},"primaryImageOfPage":{"@id":"https:\/\/www.mfkegtechnik.com\/de\/keg-maschinen-40-120-keg-h\/#primaryimage"},"image":{"@id":"https:\/\/www.mfkegtechnik.com\/de\/keg-maschinen-40-120-keg-h\/#primaryimage"},"thumbnailUrl":"http:\/\/www.mfkegtechnik.com\/wp-content\/uploads\/2019\/06\/MINOMAT-A-53-gut-1024x683.jpg","datePublished":"2019-06-12T06:39:34+00:00","dateModified":"2019-08-19T11:27:57+00:00","description":"Unsere m + f MINOMAT Maschinen (auch KEG Maschinen 40-120 KEG\/h gennant) sind vollautomatische KEG-Anlagen. Mehr erfahren !","breadcrumb":{"@id":"https:\/\/www.mfkegtechnik.com\/de\/keg-maschinen-40-120-keg-h\/#breadcrumb"},"inLanguage":"de","potentialAction":[{"@type":"ReadAction","target":["https:\/\/www.mfkegtechnik.com\/de\/keg-maschinen-40-120-keg-h\/"]}]},{"@type":"ImageObject","inLanguage":"de","@id":"https:\/\/www.mfkegtechnik.com\/de\/keg-maschinen-40-120-keg-h\/#primaryimage","url":"http:\/\/www.mfkegtechnik.com\/wp-content\/uploads\/2019\/06\/MINOMAT-A-53-gut-1024x683.jpg","contentUrl":"http:\/\/www.mfkegtechnik.com\/wp-content\/uploads\/2019\/06\/MINOMAT-A-53-gut-1024x683.jpg"},{"@type":"BreadcrumbList","@id":"https:\/\/www.mfkegtechnik.com\/de\/keg-maschinen-40-120-keg-h\/#breadcrumb","itemListElement":[{"@type":"ListItem","position":1,"name":"Accueil","item":"https:\/\/www.mfkegtechnik.com\/de\/"},{"@type":"ListItem","position":2,"name":"KEG Maschinen 40-120 KEG\/h"}]},{"@type":"WebSite","@id":"https:\/\/www.mfkegtechnik.com\/de\/#website","url":"https:\/\/www.mfkegtechnik.com\/de\/","name":"m+f KEG-Technik GmbH &amp; Co. KG","description":"We keep your KEGs clean !","potentialAction":[{"@type":"SearchAction","target":{"@type":"EntryPoint","urlTemplate":"https:\/\/www.mfkegtechnik.com\/de\/?s={search_term_string}"},"query-input":{"@type":"PropertyValueSpecification","valueRequired":true,"valueName":"search_term_string"}}],"inLanguage":"de"}]}},"_links":{"self":[{"href":"https:\/\/www.mfkegtechnik.com\/de\/wp-json\/wp\/v2\/pages\/3688","targetHints":{"allow":["GET"]}}],"collection":[{"href":"https:\/\/www.mfkegtechnik.com\/de\/wp-json\/wp\/v2\/pages"}],"about":[{"href":"https:\/\/www.mfkegtechnik.com\/de\/wp-json\/wp\/v2\/types\/page"}],"author":[{"embeddable":true,"href":"https:\/\/www.mfkegtechnik.com\/de\/wp-json\/wp\/v2\/users\/2"}],"replies":[{"embeddable":true,"href":"https:\/\/www.mfkegtechnik.com\/de\/wp-json\/wp\/v2\/comments?post=3688"}],"version-history":[{"count":0,"href":"https:\/\/www.mfkegtechnik.com\/de\/wp-json\/wp\/v2\/pages\/3688\/revisions"}],"wp:attachment":[{"href":"https:\/\/www.mfkegtechnik.com\/de\/wp-json\/wp\/v2\/media?parent=3688"}],"curies":[{"name":"wp","href":"https:\/\/api.w.org\/{rel}","templated":true}]}}