{"id":3689,"date":"2019-06-12T07:41:07","date_gmt":"2019-06-12T06:41:07","guid":{"rendered":"http:\/\/www.mfkegtechnik.com\/keg-plants\/"},"modified":"2023-11-07T11:52:00","modified_gmt":"2023-11-07T10:52:00","slug":"keg-anlagen","status":"publish","type":"page","link":"https:\/\/www.mfkegtechnik.com\/de\/keg-anlagen\/","title":{"rendered":"KEG Anlagen"},"content":{"rendered":"<div id=\"pl-3689\"  class=\"panel-layout\" ><div id=\"pg-3689-0\"  class=\"panel-grid panel-no-style\" ><div id=\"pgc-3689-0-0\"  class=\"panel-grid-cell\" ><div id=\"panel-3689-0-0-0\" class=\"so-panel widget widget_sow-headline panel-first-child\" data-index=\"0\" ><div\n\t\t\t\n\t\t\tclass=\"so-widget-sow-headline so-widget-sow-headline-default-735b9f506ca8-3689\"\n\t\t\t\n\t\t><div class=\"sow-headline-container \">\n\t\t\t\t\t\t\t<h1 class=\"sow-headline\">\n\t\t\t\t\t\tVorstellung: MULTIMAT\t\t\t\t\t\t<\/h1>\n\t\t\t\t\t\t\t\t\t\t\t<div class=\"decoration\">\n\t\t\t\t\t\t<div class=\"decoration-inside\"><\/div>\n\t\t\t\t\t<\/div>\n\t\t\t\t\t\t\t\t\t\t\t<h2 class=\"sow-sub-headline\">\n\t\t\t\t\t\tmehrspurige m+f KEG-Anlage\t\t\t\t\t\t<\/h2>\n\t\t\t\t\t\t<\/div>\n<\/div><\/div><div id=\"panel-3689-0-0-1\" class=\"so-panel widget widget_sow-editor panel-last-child\" data-index=\"1\" ><div\n\t\t\t\n\t\t\tclass=\"so-widget-sow-editor so-widget-sow-editor-base\"\n\t\t\t\n\t\t>\n<div class=\"siteorigin-widget-tinymce textwidget\">\n\t<\/div>\n<\/div><\/div><\/div><\/div><div id=\"pg-3689-1\"  class=\"panel-grid panel-no-style\" ><div id=\"pgc-3689-1-0\"  class=\"panel-grid-cell\" ><div id=\"panel-3689-1-0-0\" class=\"so-panel widget widget_sow-image panel-first-child\" data-index=\"2\" ><div\n\t\t\t\n\t\t\tclass=\"so-widget-sow-image so-widget-sow-image-default-8b5b6f678277-3689\"\n\t\t\t\n\t\t>\n<div class=\"sow-image-container\">\n\t\t<img \n\tsrc=\"https:\/\/www.mfkegtechnik.com\/wp-content\/uploads\/2019\/08\/Boyens-MF-grosse-Maschine.jpg\" width=\"2854\" height=\"1797\" srcset=\"https:\/\/www.mfkegtechnik.com\/wp-content\/uploads\/2019\/08\/Boyens-MF-grosse-Maschine.jpg 2854w, https:\/\/www.mfkegtechnik.com\/wp-content\/uploads\/2019\/08\/Boyens-MF-grosse-Maschine-300x189.jpg 300w, https:\/\/www.mfkegtechnik.com\/wp-content\/uploads\/2019\/08\/Boyens-MF-grosse-Maschine-768x484.jpg 768w, https:\/\/www.mfkegtechnik.com\/wp-content\/uploads\/2019\/08\/Boyens-MF-grosse-Maschine-1024x645.jpg 1024w, https:\/\/www.mfkegtechnik.com\/wp-content\/uploads\/2019\/08\/Boyens-MF-grosse-Maschine-940x592.jpg 940w\" sizes=\"(max-width: 2854px) 100vw, 2854px\" title=\"KEG Anlagen\" alt=\"\" \t\tclass=\"so-widget-image\"\/>\n\t<\/div>\n\n<\/div><\/div><div id=\"panel-3689-1-0-1\" class=\"so-panel widget widget_sow-image panel-last-child\" data-index=\"3\" ><div\n\t\t\t\n\t\t\tclass=\"so-widget-sow-image so-widget-sow-image-default-c67d20f9f743-3689\"\n\t\t\t\n\t\t>\n<div class=\"sow-image-container\">\n\t\t<img \n\tsrc=\"https:\/\/www.mfkegtechnik.com\/wp-content\/uploads\/2017\/03\/rsz_12016_multimat_a_9-8_mc.jpg\" width=\"2098\" height=\"1214\" srcset=\"https:\/\/www.mfkegtechnik.com\/wp-content\/uploads\/2017\/03\/rsz_12016_multimat_a_9-8_mc.jpg 2098w, https:\/\/www.mfkegtechnik.com\/wp-content\/uploads\/2017\/03\/rsz_12016_multimat_a_9-8_mc-300x174.jpg 300w, https:\/\/www.mfkegtechnik.com\/wp-content\/uploads\/2017\/03\/rsz_12016_multimat_a_9-8_mc-768x444.jpg 768w, https:\/\/www.mfkegtechnik.com\/wp-content\/uploads\/2017\/03\/rsz_12016_multimat_a_9-8_mc-1024x593.jpg 1024w, https:\/\/www.mfkegtechnik.com\/wp-content\/uploads\/2017\/03\/rsz_12016_multimat_a_9-8_mc-940x544.jpg 940w\" sizes=\"(max-width: 2098px) 100vw, 2098px\" title=\"Multimat A 9\/8\" alt=\"mehrspurige-KEG-Anlage \" \t\tclass=\"so-widget-image\"\/>\n\t<\/div>\n\n<\/div><\/div><\/div><div id=\"pgc-3689-1-1\"  class=\"panel-grid-cell\" ><div id=\"panel-3689-1-1-0\" class=\"so-panel widget widget_sow-headline panel-first-child\" data-index=\"4\" ><div\n\t\t\t\n\t\t\tclass=\"so-widget-sow-headline so-widget-sow-headline-default-f16591bb046e-3689\"\n\t\t\t\n\t\t><div class=\"sow-headline-container \">\n\t\t\t\t\t\t\t<h1 class=\"sow-headline\">\n\t\t\t\t\t\tMERKMALE\t\t\t\t\t\t<\/h1>\n\t\t\t\t\t\t\t\t\t\t\t<div class=\"decoration\">\n\t\t\t\t\t\t<div class=\"decoration-inside\"><\/div>\n\t\t\t\t\t<\/div>\n\t\t\t\t\t<\/div>\n<\/div><\/div><div id=\"panel-3689-1-1-1\" class=\"so-panel widget widget_sow-editor\" data-index=\"5\" ><div\n\t\t\t\n\t\t\tclass=\"so-widget-sow-editor so-widget-sow-editor-base\"\n\t\t\t\n\t\t>\n<div class=\"siteorigin-widget-tinymce textwidget\">\n\t<h4>Je nach Einrichtung und Anzahl der Bahnen k\u00f6nnen Sie von 100 KEG\/Std. von 50 l F\u00e4ssern zu vollst\u00e4ndig robotisierten Anlagen, die bis zu 1.000 KEG\/Std. schaffen, wachsen<span style=\"color: #000000;\">.<\/span><\/h4>\n<h4>Der MULTIMAT ist eine KEG-Innenreinigungs- und F\u00fcllmaschine, welche alle f\u00fcr den Betrieb erforderlichen elektrischen und pneumatischen Teile enth\u00e4lt<span style=\"color: #000000;\">. <\/span><span style=\"color: #ffffff;\"> KEG Anlagen<\/span><\/h4>\n<h4>Diese Art von Maschine ist speziell erkennbar an der integrierten Steuerungs-Soft- und Hardware, die eine vollautomatische Innenreinigung, sowie das Zu- und Ablaufen der Fl\u00fcssigkeit steuert<span style=\"color: #000000;\">.<\/span><span style=\"color: #ffffff;\"> K<\/span><\/h4>\n<h4><span style=\"color: #ffffff;\"><span style=\"color: #000000;\">Dar\u00fcber hinaus sind die Hauptteile, sowie der Rahmen, die Rohrleitungen und die Ventile aus Edelstahl gefertigt, damit der europ\u00e4ische Standard und die Qualit\u00e4t Ihrer Produkte eingehalten werden kann.<\/span>KEG Anlagen<\/span><\/h4>\n<\/div>\n<\/div><\/div><div id=\"panel-3689-1-1-2\" class=\"so-panel widget widget_sow-headline\" data-index=\"6\" ><div\n\t\t\t\n\t\t\tclass=\"so-widget-sow-headline so-widget-sow-headline-default-f16591bb046e-3689\"\n\t\t\t\n\t\t><div class=\"sow-headline-container \">\n\t\t\t\t\t\t\t<h1 class=\"sow-headline\">\n\t\t\t\t\t\tTECHNISCHE DATEN\t\t\t\t\t\t<\/h1>\n\t\t\t\t\t\t\t\t\t\t\t<div class=\"decoration\">\n\t\t\t\t\t\t<div class=\"decoration-inside\"><\/div>\n\t\t\t\t\t<\/div>\n\t\t\t\t\t<\/div>\n<\/div><\/div><div id=\"panel-3689-1-1-3\" class=\"so-panel widget widget_sow-editor\" data-index=\"7\" ><div\n\t\t\t\n\t\t\tclass=\"so-widget-sow-editor so-widget-sow-editor-base\"\n\t\t\t\n\t\t>\n<div class=\"siteorigin-widget-tinymce textwidget\">\n\t<h4><span style=\"color: #ff6600;\"><strong>Leistung: 100 - 120 KEG\/Std.\u00a0<\/strong><\/span><\/h4>\n<h4><span style=\"color: #000000;\"><strong>Stationen:<\/strong> Innenreinigung, Einweichen, Sp\u00fclen, Sterilisation, Gegendruck und Bef\u00fcllung<\/span><\/h4>\n<h4><span style=\"color: #000000;\"><strong>Abmessungen<\/strong><strong>: \u00a0 Breite(B) \u00a0<\/strong> :\u00a0 <strong>1.300<\/strong> mm<\/span><\/h4>\n<h4><span style=\"color: #000000;\">\u00a0 \u00a0 \u00a0 \u00a0 \u00a0 \u00a0 \u00a0 \u00a0 \u00a0 \u00a0 <strong>\u00a0 \u00a0 \u00a0 \u00a0 \u00a0\u00a0 L\u00e4nge (L) \u00a0<\/strong> : <strong>4.460<\/strong> mm<\/span><\/h4>\n<h4><span style=\"color: #000000;\">\u00a0 \u00a0 \u00a0 \u00a0 \u00a0 \u00a0 \u00a0 \u00a0 \u00a0 \u00a0 <strong>\u00a0 \u00a0 \u00a0 \u00a0 \u00a0\u00a0 H\u00f6he (H)<\/strong> \u00a0 : <strong>2.200<\/strong> mm \u00b1 <strong>50<\/strong><\/span><\/h4>\n<h4><span style=\"color: #000000;\"><strong>Spannung<\/strong><strong>:\u00a0\u00a0 230\/400<\/strong> V, <strong>50<\/strong> Hz<\/span><\/h4>\n<\/div>\n<\/div><\/div><div id=\"panel-3689-1-1-4\" class=\"so-panel widget widget_sow-headline\" data-index=\"8\" ><div\n\t\t\t\n\t\t\tclass=\"so-widget-sow-headline so-widget-sow-headline-default-f16591bb046e-3689\"\n\t\t\t\n\t\t><div class=\"sow-headline-container \">\n\t\t\t\t\t\t\t<h1 class=\"sow-headline\">\n\t\t\t\t\t\tVORTEILE\t\t\t\t\t\t<\/h1>\n\t\t\t\t\t\t\t\t\t\t\t<div class=\"decoration\">\n\t\t\t\t\t\t<div class=\"decoration-inside\"><\/div>\n\t\t\t\t\t<\/div>\n\t\t\t\t\t<\/div>\n<\/div><\/div><div id=\"panel-3689-1-1-5\" class=\"so-panel widget widget_sow-editor\" data-index=\"9\" ><div\n\t\t\t\n\t\t\tclass=\"so-widget-sow-editor so-widget-sow-editor-base\"\n\t\t\t\n\t\t>\n<div class=\"siteorigin-widget-tinymce textwidget\">\n\t<h4><span style=\"color: #000000;\">\u00a0 Edelstahlrahmen<\/span><\/h4>\n<\/div>\n<\/div><\/div><div id=\"panel-3689-1-1-6\" class=\"so-panel widget widget_sow-button panel-last-child\" data-index=\"10\" ><div\n\t\t\t\n\t\t\tclass=\"so-widget-sow-button so-widget-sow-button-atom-45a38d61cbbe-3689\"\n\t\t\t\n\t\t><div class=\"ow-button-base ow-button-align-center\"\n>\n\t\t\t<a\n\t\t\t\t\thref=\"https:\/\/www.mfkegtechnik.com\/wp-content\/uploads\/2023\/11\/MULTIMATA98-FV_DE.pdf\"\n\t\t\t\t\tclass=\"sowb-button ow-icon-placement-left ow-button-hover\" \t>\n\t\t<span>\n\t\t\t\n\t\t\tDownload technisches Datenblatt (PDF)\t\t<\/span>\n\t\t\t<\/a>\n\t<\/div>\n<\/div><\/div><\/div><\/div><div id=\"pg-3689-2\"  class=\"panel-grid panel-no-style\" ><div id=\"pgc-3689-2-0\"  class=\"panel-grid-cell\" ><div id=\"panel-3689-2-0-0\" class=\"so-panel widget widget_sow-headline panel-first-child panel-last-child\" data-index=\"11\" ><div\n\t\t\t\n\t\t\tclass=\"so-widget-sow-headline so-widget-sow-headline-default-f927659a63be-3689\"\n\t\t\t\n\t\t><div class=\"sow-headline-container \">\n\t\t\t\t\t\t\t<h1 class=\"sow-headline\">\n\t\t\t\t\t\tWir bieten auch komplett robotisierte KEG-Anlage an\t\t\t\t\t\t<\/h1>\n\t\t\t\t\t\t\t\t\t\t\t<div class=\"decoration\">\n\t\t\t\t\t\t<div class=\"decoration-inside\"><\/div>\n\t\t\t\t\t<\/div>\n\t\t\t\t\t\t\t\t\t\t\t<h3 class=\"sow-sub-headline\">\n\t\t\t\t\t\tWir programmieren die Roboter selbst und warten Ihre Anlage.\t\t\t\t\t\t<\/h3>\n\t\t\t\t\t\t<\/div>\n<\/div><\/div><\/div><\/div><div id=\"pg-3689-3\"  class=\"panel-grid panel-no-style\" ><div id=\"pgc-3689-3-0\"  class=\"panel-grid-cell\" ><div id=\"panel-3689-3-0-0\" class=\"so-panel widget widget_sow-image panel-first-child\" data-index=\"12\" ><div\n\t\t\t\n\t\t\tclass=\"so-widget-sow-image so-widget-sow-image-default-c67d20f9f743-3689\"\n\t\t\t\n\t\t>\n<div class=\"sow-image-container\">\n\t\t<img \n\tsrc=\"https:\/\/www.mfkegtechnik.com\/wp-content\/uploads\/2017\/03\/Complete-plant.jpg\" width=\"853\" height=\"604\" srcset=\"https:\/\/www.mfkegtechnik.com\/wp-content\/uploads\/2017\/03\/Complete-plant.jpg 853w, https:\/\/www.mfkegtechnik.com\/wp-content\/uploads\/2017\/03\/Complete-plant-300x212.jpg 300w, https:\/\/www.mfkegtechnik.com\/wp-content\/uploads\/2017\/03\/Complete-plant-768x544.jpg 768w\" sizes=\"(max-width: 853px) 100vw, 853px\" title=\"Complete plant 3D\" alt=\"3D-komplett-KEG-Anlagen\" \t\tclass=\"so-widget-image\"\/>\n\t<\/div>\n\n<\/div><\/div><div id=\"panel-3689-3-0-1\" class=\"so-panel widget widget_sow-editor panel-last-child\" data-index=\"13\" ><div\n\t\t\t\n\t\t\tclass=\"so-widget-sow-editor so-widget-sow-editor-base\"\n\t\t\t\n\t\t>\n<div class=\"siteorigin-widget-tinymce textwidget\">\n\t<p><a href=\"https:\/\/www.mfkegtechnik.com\/wp-content\/uploads\/2017\/03\/Layout.jpg\"><img loading=\"lazy\" decoding=\"async\" class=\"alignnone wp-image-337 size-medium\" title=\"3D plan complete KEG\" src=\"https:\/\/www.mfkegtechnik.com\/wp-content\/uploads\/2017\/03\/Layout-300x167.jpg\" alt=\"3D-plan-complete-keg\" width=\"300\" height=\"167\" srcset=\"https:\/\/www.mfkegtechnik.com\/wp-content\/uploads\/2017\/03\/Layout-300x167.jpg 300w, https:\/\/www.mfkegtechnik.com\/wp-content\/uploads\/2017\/03\/Layout-768x427.jpg 768w, https:\/\/www.mfkegtechnik.com\/wp-content\/uploads\/2017\/03\/Layout-1024x570.jpg 1024w, https:\/\/www.mfkegtechnik.com\/wp-content\/uploads\/2017\/03\/Layout-940x523.jpg 940w, https:\/\/www.mfkegtechnik.com\/wp-content\/uploads\/2017\/03\/Layout.jpg 1260w\" sizes=\"auto, (max-width: 300px) 100vw, 300px\" \/><\/a><\/p>\n<\/div>\n<\/div><\/div><\/div><div id=\"pgc-3689-3-1\"  class=\"panel-grid-cell\" ><div id=\"panel-3689-3-1-0\" class=\"so-panel widget widget_sow-editor panel-first-child panel-last-child\" data-index=\"14\" ><div\n\t\t\t\n\t\t\tclass=\"so-widget-sow-editor so-widget-sow-editor-base\"\n\t\t\t\n\t\t>\n<div class=\"siteorigin-widget-tinymce textwidget\">\n\t<\/div>\n<\/div><\/div><\/div><div id=\"pgc-3689-3-2\"  class=\"panel-grid-cell\" ><div id=\"panel-3689-3-2-0\" class=\"so-panel widget widget_sow-editor panel-first-child panel-last-child\" data-index=\"15\" ><div\n\t\t\t\n\t\t\tclass=\"so-widget-sow-editor so-widget-sow-editor-base\"\n\t\t\t\n\t\t>\n<div class=\"siteorigin-widget-tinymce textwidget\">\n\t<h4 style=\"padding-left: 40px;\"><span style=\"color: #000000;\">Entstapeln<\/span><\/h4>\n<h4 style=\"padding-left: 40px;\"><span style=\"color: #000000;\">Kappenkontrolle<\/span><\/h4>\n<h4 style=\"padding-left: 40px;\"><span style=\"color: #000000;\">Entkapseln<\/span><\/h4>\n<h4 style=\"padding-left: 40px;\"><span style=\"color: #000000;\">Druckkontrolle<\/span><\/h4>\n<h4 style=\"padding-left: 40px;\"><span style=\"color: #000000;\">Ausschleusen<\/span><\/h4>\n<h4 style=\"padding-left: 40px;\"><span style=\"color: #000000;\">Entleeren des Fasses<\/span><\/h4>\n<h4 style=\"padding-left: 40px;\"><span style=\"color: #000000;\">Vorreinigen mit Lauge<\/span><\/h4>\n<h4><span style=\"color: #000000;\">\u00a0 \u00a0 \u00a0 \u00a0 \u00a0\u00a0 Au\u00dfenreinigung mit rotierenden B\u00fcrsten<\/span><\/h4>\n<h4><span style=\"color: #000000;\">\u00a0 \u00a0 \u00a0 \u00a0 \u00a0\u00a0 Intensive Reinigung mit Lauge, hei\u00dfem Wasser, S\u00e4ure und Dampf<\/span><\/h4>\n<h4><span style=\"color: #000000;\">\u00a0 \u00a0 \u00a0 \u00a0 \u00a0\u00a0 Vordruck mit CO2 oder N2<\/span><\/h4>\n<\/div>\n<\/div><\/div><\/div><\/div><div id=\"pg-3689-4\"  class=\"panel-grid panel-no-style\" ><div id=\"pgc-3689-4-0\"  class=\"panel-grid-cell panel-grid-cell-empty\" ><\/div><div id=\"pgc-3689-4-1\"  class=\"panel-grid-cell panel-grid-cell-mobile-last\" ><div id=\"panel-3689-4-1-0\" class=\"so-panel widget widget_sow-button panel-first-child panel-last-child\" data-index=\"16\" ><div\n\t\t\t\n\t\t\tclass=\"so-widget-sow-button so-widget-sow-button-atom-45a38d61cbbe-3689\"\n\t\t\t\n\t\t><div class=\"ow-button-base ow-button-align-center\"\n>\n\t\t\t<a\n\t\t\t\t\thref=\"https:\/\/www.mfkegtechnik.com\/contact-us\/\"\n\t\t\t\t\tclass=\"sowb-button ow-icon-placement-left ow-button-hover\" \t>\n\t\t<span>\n\t\t\t\n\t\t\tKONTAKTIEREN SIE UNS\t\t<\/span>\n\t\t\t<\/a>\n\t<\/div>\n<\/div><\/div><\/div><div id=\"pgc-3689-4-2\"  class=\"panel-grid-cell panel-grid-cell-empty\" ><\/div><\/div><\/div>","protected":false},"excerpt":{"rendered":"<p>Je nach Einrichtung und Anzahl der Bahnen k\u00f6nnen Sie von 100 KEG\/Std. von 50 l F\u00e4ssern zu vollst\u00e4ndig robotisierten Anlagen, die bis zu 1.000 KEG\/Std. schaffen, wachsen. Der MULTIMAT ist eine KEG-Innenreinigungs- und F\u00fcllmaschine, welche alle f\u00fcr den Betrieb erforderlichen elektrischen und pneumatischen Teile enth\u00e4lt. KEG Anlagen Diese Art von Maschine ist speziell erkennbar an der integrierten Steuerungs-Soft- und Hardware, die eine vollautomatische Innenreinigung, sowie das Zu- und Ablaufen der &hellip;<a class=\"excerpt\" href=\"https:\/\/www.mfkegtechnik.com\/de\/keg-anlagen\/\">Read More<\/a><\/p>\n","protected":false},"author":2,"featured_media":0,"parent":0,"menu_order":0,"comment_status":"closed","ping_status":"closed","template":"","meta":{"footnotes":""},"class_list":["post-3689","page","type-page","status-publish","hentry"],"yoast_head":"<!-- This site is optimized with the Yoast SEO plugin v27.3 - https:\/\/yoast.com\/product\/yoast-seo-wordpress\/ -->\n<title>KEG Anlagen - m+f KEG-Technik GmbH &amp; Co. KG - KEG Spezialist<\/title>\n<meta name=\"description\" content=\"Unser KEG Anlagen MULTIMAT ist eine KEG-Innenreinigungs- und F\u00fcllmaschine, die alle zum Betreiben notwendigen Schaltger\u00e4te enth\u00e4lt.\" \/>\n<meta name=\"robots\" content=\"index, follow, max-snippet:-1, max-image-preview:large, max-video-preview:-1\" \/>\n<link rel=\"canonical\" href=\"https:\/\/www.mfkegtechnik.com\/de\/keg-anlagen\/\" \/>\n<meta property=\"og:locale\" content=\"de_DE\" \/>\n<meta property=\"og:type\" content=\"article\" \/>\n<meta property=\"og:title\" content=\"KEG Anlagen - m+f KEG-Technik GmbH &amp; Co. KG - KEG Spezialist\" \/>\n<meta property=\"og:description\" content=\"Unser KEG Anlagen MULTIMAT ist eine KEG-Innenreinigungs- und F\u00fcllmaschine, die alle zum Betreiben notwendigen Schaltger\u00e4te enth\u00e4lt.\" \/>\n<meta property=\"og:url\" content=\"https:\/\/www.mfkegtechnik.com\/de\/keg-anlagen\/\" \/>\n<meta property=\"og:site_name\" content=\"m+f KEG-Technik GmbH &amp; Co. KG\" \/>\n<meta property=\"article:modified_time\" content=\"2023-11-07T10:52:00+00:00\" \/>\n<meta property=\"og:image\" content=\"https:\/\/www.mfkegtechnik.com\/wp-content\/uploads\/2017\/03\/Layout-300x167.jpg\" \/>\n<meta name=\"twitter:card\" content=\"summary_large_image\" \/>\n<meta name=\"twitter:label1\" content=\"Gesch\u00e4tzte Lesezeit\" \/>\n\t<meta name=\"twitter:data1\" content=\"2\u00a0Minuten\" \/>\n<script type=\"application\/ld+json\" class=\"yoast-schema-graph\">{\"@context\":\"https:\\\/\\\/schema.org\",\"@graph\":[{\"@type\":\"WebPage\",\"@id\":\"https:\\\/\\\/www.mfkegtechnik.com\\\/de\\\/keg-anlagen\\\/\",\"url\":\"https:\\\/\\\/www.mfkegtechnik.com\\\/de\\\/keg-anlagen\\\/\",\"name\":\"KEG Anlagen - m+f KEG-Technik GmbH &amp; Co. KG - KEG Spezialist\",\"isPartOf\":{\"@id\":\"https:\\\/\\\/www.mfkegtechnik.com\\\/de\\\/#website\"},\"primaryImageOfPage\":{\"@id\":\"https:\\\/\\\/www.mfkegtechnik.com\\\/de\\\/keg-anlagen\\\/#primaryimage\"},\"image\":{\"@id\":\"https:\\\/\\\/www.mfkegtechnik.com\\\/de\\\/keg-anlagen\\\/#primaryimage\"},\"thumbnailUrl\":\"https:\\\/\\\/www.mfkegtechnik.com\\\/wp-content\\\/uploads\\\/2017\\\/03\\\/Layout-300x167.jpg\",\"datePublished\":\"2019-06-12T06:41:07+00:00\",\"dateModified\":\"2023-11-07T10:52:00+00:00\",\"description\":\"Unser KEG Anlagen MULTIMAT ist eine KEG-Innenreinigungs- und F\u00fcllmaschine, die alle zum Betreiben notwendigen Schaltger\u00e4te enth\u00e4lt.\",\"breadcrumb\":{\"@id\":\"https:\\\/\\\/www.mfkegtechnik.com\\\/de\\\/keg-anlagen\\\/#breadcrumb\"},\"inLanguage\":\"de\",\"potentialAction\":[{\"@type\":\"ReadAction\",\"target\":[\"https:\\\/\\\/www.mfkegtechnik.com\\\/de\\\/keg-anlagen\\\/\"]}]},{\"@type\":\"ImageObject\",\"inLanguage\":\"de\",\"@id\":\"https:\\\/\\\/www.mfkegtechnik.com\\\/de\\\/keg-anlagen\\\/#primaryimage\",\"url\":\"https:\\\/\\\/www.mfkegtechnik.com\\\/wp-content\\\/uploads\\\/2017\\\/03\\\/Layout-300x167.jpg\",\"contentUrl\":\"https:\\\/\\\/www.mfkegtechnik.com\\\/wp-content\\\/uploads\\\/2017\\\/03\\\/Layout-300x167.jpg\"},{\"@type\":\"BreadcrumbList\",\"@id\":\"https:\\\/\\\/www.mfkegtechnik.com\\\/de\\\/keg-anlagen\\\/#breadcrumb\",\"itemListElement\":[{\"@type\":\"ListItem\",\"position\":1,\"name\":\"Accueil\",\"item\":\"https:\\\/\\\/www.mfkegtechnik.com\\\/de\\\/\"},{\"@type\":\"ListItem\",\"position\":2,\"name\":\"KEG Anlagen\"}]},{\"@type\":\"WebSite\",\"@id\":\"https:\\\/\\\/www.mfkegtechnik.com\\\/de\\\/#website\",\"url\":\"https:\\\/\\\/www.mfkegtechnik.com\\\/de\\\/\",\"name\":\"m+f KEG-Technik GmbH &amp; Co. KG\",\"description\":\"We keep your KEGs clean !\",\"potentialAction\":[{\"@type\":\"SearchAction\",\"target\":{\"@type\":\"EntryPoint\",\"urlTemplate\":\"https:\\\/\\\/www.mfkegtechnik.com\\\/de\\\/?s={search_term_string}\"},\"query-input\":{\"@type\":\"PropertyValueSpecification\",\"valueRequired\":true,\"valueName\":\"search_term_string\"}}],\"inLanguage\":\"de\"}]}<\/script>\n<!-- \/ Yoast SEO plugin. -->","yoast_head_json":{"title":"KEG Anlagen - m+f KEG-Technik GmbH &amp; Co. KG - KEG Spezialist","description":"Unser KEG Anlagen MULTIMAT ist eine KEG-Innenreinigungs- und F\u00fcllmaschine, die alle zum Betreiben notwendigen Schaltger\u00e4te enth\u00e4lt.","robots":{"index":"index","follow":"follow","max-snippet":"max-snippet:-1","max-image-preview":"max-image-preview:large","max-video-preview":"max-video-preview:-1"},"canonical":"https:\/\/www.mfkegtechnik.com\/de\/keg-anlagen\/","og_locale":"de_DE","og_type":"article","og_title":"KEG Anlagen - m+f KEG-Technik GmbH &amp; Co. KG - KEG Spezialist","og_description":"Unser KEG Anlagen MULTIMAT ist eine KEG-Innenreinigungs- und F\u00fcllmaschine, die alle zum Betreiben notwendigen Schaltger\u00e4te enth\u00e4lt.","og_url":"https:\/\/www.mfkegtechnik.com\/de\/keg-anlagen\/","og_site_name":"m+f KEG-Technik GmbH &amp; Co. KG","article_modified_time":"2023-11-07T10:52:00+00:00","og_image":[{"url":"https:\/\/www.mfkegtechnik.com\/wp-content\/uploads\/2017\/03\/Layout-300x167.jpg","type":"","width":"","height":""}],"twitter_card":"summary_large_image","twitter_misc":{"Gesch\u00e4tzte Lesezeit":"2\u00a0Minuten"},"schema":{"@context":"https:\/\/schema.org","@graph":[{"@type":"WebPage","@id":"https:\/\/www.mfkegtechnik.com\/de\/keg-anlagen\/","url":"https:\/\/www.mfkegtechnik.com\/de\/keg-anlagen\/","name":"KEG Anlagen - m+f KEG-Technik GmbH &amp; Co. KG - KEG Spezialist","isPartOf":{"@id":"https:\/\/www.mfkegtechnik.com\/de\/#website"},"primaryImageOfPage":{"@id":"https:\/\/www.mfkegtechnik.com\/de\/keg-anlagen\/#primaryimage"},"image":{"@id":"https:\/\/www.mfkegtechnik.com\/de\/keg-anlagen\/#primaryimage"},"thumbnailUrl":"https:\/\/www.mfkegtechnik.com\/wp-content\/uploads\/2017\/03\/Layout-300x167.jpg","datePublished":"2019-06-12T06:41:07+00:00","dateModified":"2023-11-07T10:52:00+00:00","description":"Unser KEG Anlagen MULTIMAT ist eine KEG-Innenreinigungs- und F\u00fcllmaschine, die alle zum Betreiben notwendigen Schaltger\u00e4te enth\u00e4lt.","breadcrumb":{"@id":"https:\/\/www.mfkegtechnik.com\/de\/keg-anlagen\/#breadcrumb"},"inLanguage":"de","potentialAction":[{"@type":"ReadAction","target":["https:\/\/www.mfkegtechnik.com\/de\/keg-anlagen\/"]}]},{"@type":"ImageObject","inLanguage":"de","@id":"https:\/\/www.mfkegtechnik.com\/de\/keg-anlagen\/#primaryimage","url":"https:\/\/www.mfkegtechnik.com\/wp-content\/uploads\/2017\/03\/Layout-300x167.jpg","contentUrl":"https:\/\/www.mfkegtechnik.com\/wp-content\/uploads\/2017\/03\/Layout-300x167.jpg"},{"@type":"BreadcrumbList","@id":"https:\/\/www.mfkegtechnik.com\/de\/keg-anlagen\/#breadcrumb","itemListElement":[{"@type":"ListItem","position":1,"name":"Accueil","item":"https:\/\/www.mfkegtechnik.com\/de\/"},{"@type":"ListItem","position":2,"name":"KEG Anlagen"}]},{"@type":"WebSite","@id":"https:\/\/www.mfkegtechnik.com\/de\/#website","url":"https:\/\/www.mfkegtechnik.com\/de\/","name":"m+f KEG-Technik GmbH &amp; Co. KG","description":"We keep your KEGs clean !","potentialAction":[{"@type":"SearchAction","target":{"@type":"EntryPoint","urlTemplate":"https:\/\/www.mfkegtechnik.com\/de\/?s={search_term_string}"},"query-input":{"@type":"PropertyValueSpecification","valueRequired":true,"valueName":"search_term_string"}}],"inLanguage":"de"}]}},"_links":{"self":[{"href":"https:\/\/www.mfkegtechnik.com\/de\/wp-json\/wp\/v2\/pages\/3689","targetHints":{"allow":["GET"]}}],"collection":[{"href":"https:\/\/www.mfkegtechnik.com\/de\/wp-json\/wp\/v2\/pages"}],"about":[{"href":"https:\/\/www.mfkegtechnik.com\/de\/wp-json\/wp\/v2\/types\/page"}],"author":[{"embeddable":true,"href":"https:\/\/www.mfkegtechnik.com\/de\/wp-json\/wp\/v2\/users\/2"}],"replies":[{"embeddable":true,"href":"https:\/\/www.mfkegtechnik.com\/de\/wp-json\/wp\/v2\/comments?post=3689"}],"version-history":[{"count":4,"href":"https:\/\/www.mfkegtechnik.com\/de\/wp-json\/wp\/v2\/pages\/3689\/revisions"}],"predecessor-version":[{"id":19404,"href":"https:\/\/www.mfkegtechnik.com\/de\/wp-json\/wp\/v2\/pages\/3689\/revisions\/19404"}],"wp:attachment":[{"href":"https:\/\/www.mfkegtechnik.com\/de\/wp-json\/wp\/v2\/media?parent=3689"}],"curies":[{"name":"wp","href":"https:\/\/api.w.org\/{rel}","templated":true}]}}