{"id":3692,"date":"2019-06-12T07:37:30","date_gmt":"2019-06-12T06:37:30","guid":{"rendered":"http:\/\/www.mfkegtechnik.com\/keg-internal-cleaning\/"},"modified":"2019-08-19T10:01:39","modified_gmt":"2019-08-19T09:01:39","slug":"keg-reinigung","status":"publish","type":"page","link":"https:\/\/www.mfkegtechnik.com\/de\/keg-reinigung\/","title":{"rendered":"KEG Reinigung"},"content":{"rendered":"<div id=\"pl-3692\"  class=\"panel-layout\" ><div id=\"pg-3692-0\"  class=\"panel-grid panel-no-style\" ><div id=\"pgc-3692-0-0\"  class=\"panel-grid-cell\" ><div id=\"panel-3692-0-0-0\" class=\"so-panel widget widget_sow-headline panel-first-child\" data-index=\"0\" ><div\n\t\t\t\n\t\t\tclass=\"so-widget-sow-headline so-widget-sow-headline-default-7d6c0c62a896-3692\"\n\t\t\t\n\t\t><div class=\"sow-headline-container \">\n\t\t\t\t\t\t\t<h1 class=\"sow-headline\">\n\t\t\t\t\t\tVorstellung: MONOMAT\t\t\t\t\t\t<\/h1>\n\t\t\t\t\t\t\t\t\t\t\t<div class=\"decoration\">\n\t\t\t\t\t\t<div class=\"decoration-inside\"><\/div>\n\t\t\t\t\t<\/div>\n\t\t\t\t\t\t\t\t\t\t\t<h2 class=\"sow-sub-headline\">\n\t\t\t\t\t\tm+f KEG-Innenreinigungsvorrichtung\t\t\t\t\t\t<\/h2>\n\t\t\t\t\t\t<\/div>\n<\/div><\/div><div id=\"panel-3692-0-0-1\" class=\"so-panel widget widget_sow-editor panel-last-child\" data-index=\"1\" ><div\n\t\t\t\n\t\t\tclass=\"so-widget-sow-editor so-widget-sow-editor-base\"\n\t\t\t\n\t\t>\n<div class=\"siteorigin-widget-tinymce textwidget\">\n\t<\/div>\n<\/div><\/div><\/div><\/div><div id=\"pg-3692-1\"  class=\"panel-grid panel-no-style\" ><div id=\"pgc-3692-1-0\"  class=\"panel-grid-cell\" ><div id=\"panel-3692-1-0-0\" class=\"so-panel widget widget_sow-image panel-first-child\" data-index=\"2\" ><div\n\t\t\t\n\t\t\tclass=\"so-widget-sow-image so-widget-sow-image-default-c67d20f9f743-3692\"\n\t\t\t\n\t\t>\n<div class=\"sow-image-container\">\n\t\t<img \n\tsrc=\"https:\/\/www.mfkegtechnik.com\/wp-content\/uploads\/2017\/01\/rsz_keg_cleaning_rsz-200x300.jpg\" width=\"200\" height=\"300\" sizes=\"(max-width: 200px) 100vw, 200px\" title=\"Keg cleaning\" alt=\"keg-reinigung\" \t\tclass=\"so-widget-image\"\/>\n\t<\/div>\n\n<\/div><\/div><div id=\"panel-3692-1-0-1\" class=\"so-panel widget widget_sow-editor\" data-index=\"3\" ><div\n\t\t\t\n\t\t\tclass=\"so-widget-sow-editor so-widget-sow-editor-base\"\n\t\t\t\n\t\t>\n<div class=\"siteorigin-widget-tinymce textwidget\">\n\t<p><a href=\"http:\/\/www.mfkegtechnik.com\/wp-content\/uploads\/2019\/05\/IMG_9230.jpg\"> \u00a0 \u00a0 \u00a0 \u00a0 \u00a0 \u00a0 \u00a0 \u00a0 \u00a0\u00a0 <\/a><a href=\"http:\/\/www.mfkegtechnik.com\/wp-content\/uploads\/2019\/05\/IMG_9230.jpg\"><img loading=\"lazy\" decoding=\"async\" class=\"alignnone wp-image-1507\" title=\"KEG Reinigung tasten und ventile\" src=\"http:\/\/www.mfkegtechnik.com\/wp-content\/uploads\/2019\/05\/IMG_9230-200x300.jpg\" alt=\"keg-reinigung-ventile\" width=\"147\" height=\"221\" srcset=\"https:\/\/www.mfkegtechnik.com\/wp-content\/uploads\/2019\/05\/IMG_9230-200x300.jpg 200w, https:\/\/www.mfkegtechnik.com\/wp-content\/uploads\/2019\/05\/IMG_9230-768x1152.jpg 768w, https:\/\/www.mfkegtechnik.com\/wp-content\/uploads\/2019\/05\/IMG_9230-683x1024.jpg 683w, https:\/\/www.mfkegtechnik.com\/wp-content\/uploads\/2019\/05\/IMG_9230-940x1410.jpg 940w\" sizes=\"auto, (max-width: 147px) 100vw, 147px\" \/><\/a> \u00a0\u00a0 \u00a0\u00a0 <a href=\"http:\/\/www.mfkegtechnik.com\/wp-content\/uploads\/2019\/05\/MONOMAT-ohne-KEG.jpg\"><img loading=\"lazy\" decoding=\"async\" class=\"alignnone wp-image-1508\" title=\"MONOMAT ohne KEG\" src=\"http:\/\/www.mfkegtechnik.com\/wp-content\/uploads\/2019\/05\/MONOMAT-ohne-KEG-200x300.jpg\" alt=\"keg-reinigung\" width=\"147\" height=\"221\" srcset=\"https:\/\/www.mfkegtechnik.com\/wp-content\/uploads\/2019\/05\/MONOMAT-ohne-KEG-200x300.jpg 200w, https:\/\/www.mfkegtechnik.com\/wp-content\/uploads\/2019\/05\/MONOMAT-ohne-KEG-768x1152.jpg 768w, https:\/\/www.mfkegtechnik.com\/wp-content\/uploads\/2019\/05\/MONOMAT-ohne-KEG-683x1024.jpg 683w, https:\/\/www.mfkegtechnik.com\/wp-content\/uploads\/2019\/05\/MONOMAT-ohne-KEG-940x1410.jpg 940w\" sizes=\"auto, (max-width: 147px) 100vw, 147px\" \/><\/a><\/p>\n<\/div>\n<\/div><\/div><div id=\"panel-3692-1-0-2\" class=\"so-panel widget widget_sow-button panel-last-child\" data-index=\"4\" ><div\n\t\t\t\n\t\t\tclass=\"so-widget-sow-button so-widget-sow-button-atom-4e01ecc3807f-3692\"\n\t\t\t\n\t\t><div class=\"ow-button-base ow-button-align-center\"\n>\n\t\t\t<a\n\t\t\t\t\thref=\"https:\/\/www.dropbox.com\/s\/r8o8fby5s9zym6c\/m%20f%20MONOMAT%20demo.mov?dl=0\"\n\t\t\t\t\tclass=\"sowb-button ow-icon-placement-left\" target=\"_blank\" rel=\"noopener noreferrer\" \t>\n\t\t<span>\n\t\t\t\n\t\t\tDemo-Video ansehen\t\t<\/span>\n\t\t\t<\/a>\n\t<\/div>\n<\/div><\/div><\/div><div id=\"pgc-3692-1-1\"  class=\"panel-grid-cell\" ><div id=\"panel-3692-1-1-0\" class=\"so-panel widget widget_sow-headline panel-first-child\" data-index=\"5\" ><div\n\t\t\t\n\t\t\tclass=\"so-widget-sow-headline so-widget-sow-headline-default-f16591bb046e-3692\"\n\t\t\t\n\t\t><div class=\"sow-headline-container \">\n\t\t\t\t\t\t\t<h1 class=\"sow-headline\">\n\t\t\t\t\t\tMERKMALE\t\t\t\t\t\t<\/h1>\n\t\t\t\t\t\t\t\t\t\t\t<div class=\"decoration\">\n\t\t\t\t\t\t<div class=\"decoration-inside\"><\/div>\n\t\t\t\t\t<\/div>\n\t\t\t\t\t<\/div>\n<\/div><\/div><div id=\"panel-3692-1-1-1\" class=\"so-panel widget widget_sow-editor\" data-index=\"6\" ><div\n\t\t\t\n\t\t\tclass=\"so-widget-sow-editor so-widget-sow-editor-base\"\n\t\t\t\n\t\t>\n<div class=\"siteorigin-widget-tinymce textwidget\">\n\t<h4>Der MONOMAT ist eine halbautomatische KEG-Innenreinigungsvorrichtung, welche alle f\u00fcr den Betrieb notwendigen elektrischen und pneumatischen Schaltger\u00e4te enth\u00e4lt<span style=\"color: #000000;\">.<\/span><\/h4>\n<h4>Diese Art von Maschine ist speziell erkennbar an der integrierten Steuerungs-Soft- und Hardware, die eine vollautomatische Innenreinigung, sowie den Zu- und Ablauf der Fl\u00fcssigkeit steuert<span style=\"color: #000000;\">. <\/span><span style=\"color: #ffffff;\"> KEG reinigung<\/span><\/h4>\n<h4>Au\u00dferdem wird der Grundrahmen, sowie die Rohrleitungen und die Ventile aus sauber verschwei\u00dftem -rostfreiem- Edelstahl gefertigt<span style=\"color: #000000;\">. <\/span><span style=\"color: #ffffff;\">KEG reinigung<\/span><\/h4>\n<\/div>\n<\/div><\/div><div id=\"panel-3692-1-1-2\" class=\"so-panel widget widget_sow-headline\" data-index=\"7\" ><div\n\t\t\t\n\t\t\tclass=\"so-widget-sow-headline so-widget-sow-headline-default-f16591bb046e-3692\"\n\t\t\t\n\t\t><div class=\"sow-headline-container \">\n\t\t\t\t\t\t\t<h1 class=\"sow-headline\">\n\t\t\t\t\t\tTECHNISCHE DATEN \t\t\t\t\t\t<\/h1>\n\t\t\t\t\t\t\t\t\t\t\t<div class=\"decoration\">\n\t\t\t\t\t\t<div class=\"decoration-inside\"><\/div>\n\t\t\t\t\t<\/div>\n\t\t\t\t\t<\/div>\n<\/div><\/div><div id=\"panel-3692-1-1-3\" class=\"so-panel widget widget_sow-editor\" data-index=\"8\" ><div\n\t\t\t\n\t\t\tclass=\"so-widget-sow-editor so-widget-sow-editor-base\"\n\t\t\t\n\t\t>\n<div class=\"siteorigin-widget-tinymce textwidget\">\n\t<h4><span style=\"color: #ff6600;\"><strong>Leistung : 10-20 KEG\/Std.<\/strong><\/span><\/h4>\n<h4><span style=\"color: #000000;\"><strong>Stationen :<\/strong> Innenreinigung, Klarsp\u00fclung und Sterilisation<\/span><\/h4>\n<h4><span style=\"color: #000000;\"><strong>Abmessungen <\/strong><strong>:<\/strong> \u00a0 <strong>L\u00e4nge (L) \u00a0\u00a0 : 1.310<\/strong> mm<\/span><\/h4>\n<h4 style=\"padding-left: 80px;\"><span style=\"color: #000000;\"><strong>\u00a0 \u00a0 \u00a0 \u00a0 \u00a0 \u00a0\u00a0 Breite (B) \u00a0\u00a0 :<\/strong> <strong>600<\/strong> mm<\/span><\/h4>\n<h4 style=\"padding-left: 80px;\"><span style=\"color: #000000;\"><strong>\u00a0 \u00a0 \u00a0 \u00a0 \u00a0 \u00a0\u00a0 H\u00f6he (H) \u00a0 \u00a0 : 1.630<\/strong> mm +\/- <strong>50<\/strong><\/span><\/h4>\n<h4><span style=\"color: #000000;\"><strong>Spannung <\/strong><strong>:<\/strong> <strong>230<\/strong>\/<strong>400<\/strong>V, <strong>50<\/strong>Hz<\/span><\/h4>\n<h4><span style=\"color: #000000;\"><strong>Anschlussleistung : 0,2<\/strong> kW<\/span><\/h4>\n<\/div>\n<\/div><\/div><div id=\"panel-3692-1-1-4\" class=\"so-panel widget widget_sow-headline\" data-index=\"9\" ><div\n\t\t\t\n\t\t\tclass=\"so-widget-sow-headline so-widget-sow-headline-default-f16591bb046e-3692\"\n\t\t\t\n\t\t><div class=\"sow-headline-container \">\n\t\t\t\t\t\t\t<h1 class=\"sow-headline\">\n\t\t\t\t\t\tVORTEILE\t\t\t\t\t\t<\/h1>\n\t\t\t\t\t\t\t\t\t\t\t<div class=\"decoration\">\n\t\t\t\t\t\t<div class=\"decoration-inside\"><\/div>\n\t\t\t\t\t<\/div>\n\t\t\t\t\t<\/div>\n<\/div><\/div><div id=\"panel-3692-1-1-5\" class=\"so-panel widget widget_sow-editor\" data-index=\"10\" ><div\n\t\t\t\n\t\t\tclass=\"so-widget-sow-editor so-widget-sow-editor-base\"\n\t\t\t\n\t\t>\n<div class=\"siteorigin-widget-tinymce textwidget\">\n\t<h4><span style=\"color: #000000;\">Der MONOMAT ist die perfekte L\u00f6sung f\u00fcr die Reinigung Ihrer KEGs.\u00a0<\/span><\/h4>\n<h4 style=\"padding-left: 40px;\"><span style=\"color: #000000;\">Einfach zu benutzen<\/span><\/h4>\n<h4 style=\"padding-left: 40px;\"><span style=\"color: #000000;\">Halbautomatischer Prozess<\/span><\/h4>\n<h4 style=\"padding-left: 40px;\"><span style=\"color: #000000;\">Edelstahlrahmen<\/span><\/h4>\n<h4><span style=\"color: #000000;\">\u00a0 \u00a0 \u00a0 \u00a0 \u00a0 Kann mit einer Umr\u00fcsteinheit ausgestattet werden<\/span><\/h4>\n<\/div>\n<\/div><\/div><div id=\"panel-3692-1-1-6\" class=\"so-panel widget widget_sow-button panel-last-child\" data-index=\"11\" ><div\n\t\t\t\n\t\t\tclass=\"so-widget-sow-button so-widget-sow-button-atom-45a38d61cbbe-3692\"\n\t\t\t\n\t\t><div class=\"ow-button-base ow-button-align-center\"\n>\n\t\t\t<a\n\t\t\t\t\thref=\"http:\/\/www.mfkegtechnik.com\/wp-content\/uploads\/2019\/07\/Monomat-1.pdf\"\n\t\t\t\t\tclass=\"sowb-button ow-icon-placement-left ow-button-hover\" target=\"_blank\" rel=\"noopener noreferrer\" \t>\n\t\t<span>\n\t\t\t\n\t\t\tDownload technisches Datenblatt (PDF)\t\t<\/span>\n\t\t\t<\/a>\n\t<\/div>\n<\/div><\/div><\/div><\/div><\/div>","protected":false},"excerpt":{"rendered":"<p>\u00a0 \u00a0 \u00a0 \u00a0 \u00a0 \u00a0 \u00a0 \u00a0 \u00a0\u00a0 \u00a0\u00a0 \u00a0\u00a0 Der MONOMAT ist eine halbautomatische KEG-Innenreinigungsvorrichtung, welche alle f\u00fcr den Betrieb notwendigen elektrischen und pneumatischen Schaltger\u00e4te enth\u00e4lt. Diese Art von Maschine ist speziell erkennbar an der integrierten Steuerungs-Soft- und Hardware, die eine vollautomatische Innenreinigung, sowie den Zu- und Ablauf der Fl\u00fcssigkeit steuert. KEG reinigung Au\u00dferdem wird der Grundrahmen, sowie die Rohrleitungen und die Ventile aus sauber verschwei\u00dftem -rostfreiem- Edelstahl &hellip;<a class=\"excerpt\" href=\"https:\/\/www.mfkegtechnik.com\/de\/keg-reinigung\/\">Read More<\/a><\/p>\n","protected":false},"author":2,"featured_media":0,"parent":0,"menu_order":0,"comment_status":"closed","ping_status":"closed","template":"","meta":{"footnotes":""},"class_list":["post-3692","page","type-page","status-publish","hentry"],"yoast_head":"<!-- This site is optimized with the Yoast SEO plugin v26.9 - https:\/\/yoast.com\/product\/yoast-seo-wordpress\/ -->\n<title>KEG Reinigung - m+f KEG-Technik GmbH &amp; Co. KG<\/title>\n<meta name=\"description\" content=\"Der MONOMAT ist ein halbautomatische KEG-Reinigung Vorrichtung, der enth\u00e4lt alle zum Betreiben notwendigen elektrischen und pneumatischen Schaltger\u00e4te.\" \/>\n<meta name=\"robots\" content=\"index, follow, max-snippet:-1, max-image-preview:large, max-video-preview:-1\" \/>\n<link rel=\"canonical\" href=\"https:\/\/www.mfkegtechnik.com\/de\/keg-reinigung\/\" \/>\n<meta property=\"og:locale\" content=\"de_DE\" \/>\n<meta property=\"og:type\" content=\"article\" \/>\n<meta property=\"og:title\" content=\"KEG Reinigung - m+f KEG-Technik GmbH &amp; Co. KG\" \/>\n<meta property=\"og:description\" content=\"Der MONOMAT ist ein halbautomatische KEG-Reinigung Vorrichtung, der enth\u00e4lt alle zum Betreiben notwendigen elektrischen und pneumatischen Schaltger\u00e4te.\" \/>\n<meta property=\"og:url\" content=\"https:\/\/www.mfkegtechnik.com\/de\/keg-reinigung\/\" \/>\n<meta property=\"og:site_name\" content=\"m+f KEG-Technik GmbH &amp; Co. KG\" \/>\n<meta property=\"article:modified_time\" content=\"2019-08-19T09:01:39+00:00\" \/>\n<meta property=\"og:image\" content=\"http:\/\/www.mfkegtechnik.com\/wp-content\/uploads\/2019\/05\/IMG_9230-200x300.jpg\" \/>\n<meta name=\"twitter:card\" content=\"summary_large_image\" \/>\n<meta name=\"twitter:label1\" content=\"Gesch\u00e4tzte Lesezeit\" \/>\n\t<meta name=\"twitter:data1\" content=\"1\u00a0Minute\" \/>\n<script type=\"application\/ld+json\" class=\"yoast-schema-graph\">{\"@context\":\"https:\/\/schema.org\",\"@graph\":[{\"@type\":\"WebPage\",\"@id\":\"https:\/\/www.mfkegtechnik.com\/de\/keg-reinigung\/\",\"url\":\"https:\/\/www.mfkegtechnik.com\/de\/keg-reinigung\/\",\"name\":\"KEG Reinigung - m+f KEG-Technik GmbH &amp; Co. KG\",\"isPartOf\":{\"@id\":\"https:\/\/www.mfkegtechnik.com\/de\/#website\"},\"primaryImageOfPage\":{\"@id\":\"https:\/\/www.mfkegtechnik.com\/de\/keg-reinigung\/#primaryimage\"},\"image\":{\"@id\":\"https:\/\/www.mfkegtechnik.com\/de\/keg-reinigung\/#primaryimage\"},\"thumbnailUrl\":\"http:\/\/www.mfkegtechnik.com\/wp-content\/uploads\/2019\/05\/IMG_9230-200x300.jpg\",\"datePublished\":\"2019-06-12T06:37:30+00:00\",\"dateModified\":\"2019-08-19T09:01:39+00:00\",\"description\":\"Der MONOMAT ist ein halbautomatische KEG-Reinigung Vorrichtung, der enth\u00e4lt alle zum Betreiben notwendigen elektrischen und pneumatischen Schaltger\u00e4te.\",\"breadcrumb\":{\"@id\":\"https:\/\/www.mfkegtechnik.com\/de\/keg-reinigung\/#breadcrumb\"},\"inLanguage\":\"de\",\"potentialAction\":[{\"@type\":\"ReadAction\",\"target\":[\"https:\/\/www.mfkegtechnik.com\/de\/keg-reinigung\/\"]}]},{\"@type\":\"ImageObject\",\"inLanguage\":\"de\",\"@id\":\"https:\/\/www.mfkegtechnik.com\/de\/keg-reinigung\/#primaryimage\",\"url\":\"http:\/\/www.mfkegtechnik.com\/wp-content\/uploads\/2019\/05\/IMG_9230-200x300.jpg\",\"contentUrl\":\"http:\/\/www.mfkegtechnik.com\/wp-content\/uploads\/2019\/05\/IMG_9230-200x300.jpg\"},{\"@type\":\"BreadcrumbList\",\"@id\":\"https:\/\/www.mfkegtechnik.com\/de\/keg-reinigung\/#breadcrumb\",\"itemListElement\":[{\"@type\":\"ListItem\",\"position\":1,\"name\":\"Accueil\",\"item\":\"https:\/\/www.mfkegtechnik.com\/de\/\"},{\"@type\":\"ListItem\",\"position\":2,\"name\":\"KEG Reinigung\"}]},{\"@type\":\"WebSite\",\"@id\":\"https:\/\/www.mfkegtechnik.com\/de\/#website\",\"url\":\"https:\/\/www.mfkegtechnik.com\/de\/\",\"name\":\"m+f KEG-Technik GmbH &amp; Co. KG\",\"description\":\"We keep your KEGs clean !\",\"potentialAction\":[{\"@type\":\"SearchAction\",\"target\":{\"@type\":\"EntryPoint\",\"urlTemplate\":\"https:\/\/www.mfkegtechnik.com\/de\/?s={search_term_string}\"},\"query-input\":{\"@type\":\"PropertyValueSpecification\",\"valueRequired\":true,\"valueName\":\"search_term_string\"}}],\"inLanguage\":\"de\"}]}<\/script>\n<!-- \/ Yoast SEO plugin. -->","yoast_head_json":{"title":"KEG Reinigung - m+f KEG-Technik GmbH &amp; Co. KG","description":"Der MONOMAT ist ein halbautomatische KEG-Reinigung Vorrichtung, der enth\u00e4lt alle zum Betreiben notwendigen elektrischen und pneumatischen Schaltger\u00e4te.","robots":{"index":"index","follow":"follow","max-snippet":"max-snippet:-1","max-image-preview":"max-image-preview:large","max-video-preview":"max-video-preview:-1"},"canonical":"https:\/\/www.mfkegtechnik.com\/de\/keg-reinigung\/","og_locale":"de_DE","og_type":"article","og_title":"KEG Reinigung - m+f KEG-Technik GmbH &amp; Co. KG","og_description":"Der MONOMAT ist ein halbautomatische KEG-Reinigung Vorrichtung, der enth\u00e4lt alle zum Betreiben notwendigen elektrischen und pneumatischen Schaltger\u00e4te.","og_url":"https:\/\/www.mfkegtechnik.com\/de\/keg-reinigung\/","og_site_name":"m+f KEG-Technik GmbH &amp; Co. KG","article_modified_time":"2019-08-19T09:01:39+00:00","og_image":[{"url":"http:\/\/www.mfkegtechnik.com\/wp-content\/uploads\/2019\/05\/IMG_9230-200x300.jpg","type":"","width":"","height":""}],"twitter_card":"summary_large_image","twitter_misc":{"Gesch\u00e4tzte Lesezeit":"1\u00a0Minute"},"schema":{"@context":"https:\/\/schema.org","@graph":[{"@type":"WebPage","@id":"https:\/\/www.mfkegtechnik.com\/de\/keg-reinigung\/","url":"https:\/\/www.mfkegtechnik.com\/de\/keg-reinigung\/","name":"KEG Reinigung - m+f KEG-Technik GmbH &amp; Co. KG","isPartOf":{"@id":"https:\/\/www.mfkegtechnik.com\/de\/#website"},"primaryImageOfPage":{"@id":"https:\/\/www.mfkegtechnik.com\/de\/keg-reinigung\/#primaryimage"},"image":{"@id":"https:\/\/www.mfkegtechnik.com\/de\/keg-reinigung\/#primaryimage"},"thumbnailUrl":"http:\/\/www.mfkegtechnik.com\/wp-content\/uploads\/2019\/05\/IMG_9230-200x300.jpg","datePublished":"2019-06-12T06:37:30+00:00","dateModified":"2019-08-19T09:01:39+00:00","description":"Der MONOMAT ist ein halbautomatische KEG-Reinigung Vorrichtung, der enth\u00e4lt alle zum Betreiben notwendigen elektrischen und pneumatischen Schaltger\u00e4te.","breadcrumb":{"@id":"https:\/\/www.mfkegtechnik.com\/de\/keg-reinigung\/#breadcrumb"},"inLanguage":"de","potentialAction":[{"@type":"ReadAction","target":["https:\/\/www.mfkegtechnik.com\/de\/keg-reinigung\/"]}]},{"@type":"ImageObject","inLanguage":"de","@id":"https:\/\/www.mfkegtechnik.com\/de\/keg-reinigung\/#primaryimage","url":"http:\/\/www.mfkegtechnik.com\/wp-content\/uploads\/2019\/05\/IMG_9230-200x300.jpg","contentUrl":"http:\/\/www.mfkegtechnik.com\/wp-content\/uploads\/2019\/05\/IMG_9230-200x300.jpg"},{"@type":"BreadcrumbList","@id":"https:\/\/www.mfkegtechnik.com\/de\/keg-reinigung\/#breadcrumb","itemListElement":[{"@type":"ListItem","position":1,"name":"Accueil","item":"https:\/\/www.mfkegtechnik.com\/de\/"},{"@type":"ListItem","position":2,"name":"KEG Reinigung"}]},{"@type":"WebSite","@id":"https:\/\/www.mfkegtechnik.com\/de\/#website","url":"https:\/\/www.mfkegtechnik.com\/de\/","name":"m+f KEG-Technik GmbH &amp; Co. KG","description":"We keep your KEGs clean !","potentialAction":[{"@type":"SearchAction","target":{"@type":"EntryPoint","urlTemplate":"https:\/\/www.mfkegtechnik.com\/de\/?s={search_term_string}"},"query-input":{"@type":"PropertyValueSpecification","valueRequired":true,"valueName":"search_term_string"}}],"inLanguage":"de"}]}},"_links":{"self":[{"href":"https:\/\/www.mfkegtechnik.com\/de\/wp-json\/wp\/v2\/pages\/3692","targetHints":{"allow":["GET"]}}],"collection":[{"href":"https:\/\/www.mfkegtechnik.com\/de\/wp-json\/wp\/v2\/pages"}],"about":[{"href":"https:\/\/www.mfkegtechnik.com\/de\/wp-json\/wp\/v2\/types\/page"}],"author":[{"embeddable":true,"href":"https:\/\/www.mfkegtechnik.com\/de\/wp-json\/wp\/v2\/users\/2"}],"replies":[{"embeddable":true,"href":"https:\/\/www.mfkegtechnik.com\/de\/wp-json\/wp\/v2\/comments?post=3692"}],"version-history":[{"count":0,"href":"https:\/\/www.mfkegtechnik.com\/de\/wp-json\/wp\/v2\/pages\/3692\/revisions"}],"wp:attachment":[{"href":"https:\/\/www.mfkegtechnik.com\/de\/wp-json\/wp\/v2\/media?parent=3692"}],"curies":[{"name":"wp","href":"https:\/\/api.w.org\/{rel}","templated":true}]}}