{"id":3693,"date":"2019-06-12T07:43:39","date_gmt":"2019-06-12T06:43:39","guid":{"rendered":"http:\/\/www.mfkegtechnik.com\/mediastation-solution\/"},"modified":"2019-08-30T12:50:10","modified_gmt":"2019-08-30T11:50:10","slug":"medienstation","status":"publish","type":"page","link":"https:\/\/www.mfkegtechnik.com\/de\/medienstation\/","title":{"rendered":"Medienstation"},"content":{"rendered":"<div id=\"pl-3693\"  class=\"panel-layout\" ><div id=\"pg-3693-0\"  class=\"panel-grid panel-no-style\" ><div id=\"pgc-3693-0-0\"  class=\"panel-grid-cell\" ><div id=\"panel-3693-0-0-0\" class=\"so-panel widget widget_sow-headline panel-first-child\" data-index=\"0\" ><div\n\t\t\t\n\t\t\tclass=\"so-widget-sow-headline so-widget-sow-headline-default-09e8b5ce81e0-3693\"\n\t\t\t\n\t\t><div class=\"sow-headline-container \">\n\t\t\t\t\t\t\t<h1 class=\"sow-headline\">\n\t\t\t\t\t\tVorstellung: MEDIENSTATION\t\t\t\t\t\t<\/h1>\n\t\t\t\t\t\t\t\t\t\t\t<div class=\"decoration\">\n\t\t\t\t\t\t<div class=\"decoration-inside\"><\/div>\n\t\t\t\t\t<\/div>\n\t\t\t\t\t<\/div>\n<\/div><\/div><div id=\"panel-3693-0-0-1\" class=\"so-panel widget widget_sow-editor panel-last-child\" data-index=\"1\" ><div\n\t\t\t\n\t\t\tclass=\"so-widget-sow-editor so-widget-sow-editor-base\"\n\t\t\t\n\t\t>\n<div class=\"siteorigin-widget-tinymce textwidget\">\n\t<\/div>\n<\/div><\/div><\/div><\/div><div id=\"pg-3693-1\"  class=\"panel-grid panel-no-style\" ><div id=\"pgc-3693-1-0\"  class=\"panel-grid-cell\" ><div id=\"panel-3693-1-0-0\" class=\"so-panel widget widget_sow-image panel-first-child panel-last-child\" data-index=\"2\" ><div\n\t\t\t\n\t\t\tclass=\"so-widget-sow-image so-widget-sow-image-default-c67d20f9f743-3693\"\n\t\t\t\n\t\t>\n<div class=\"sow-image-container\">\n\t\t<img \n\tsrc=\"https:\/\/www.mfkegtechnik.com\/wp-content\/uploads\/2017\/01\/rsz_medienstation.jpg\" width=\"470\" height=\"205\" srcset=\"https:\/\/www.mfkegtechnik.com\/wp-content\/uploads\/2017\/01\/rsz_medienstation.jpg 470w, https:\/\/www.mfkegtechnik.com\/wp-content\/uploads\/2017\/01\/rsz_medienstation-300x131.jpg 300w\" sizes=\"(max-width: 470px) 100vw, 470px\" title=\"Medienstation\" alt=\"medienstation\" \t\tclass=\"so-widget-image\"\/>\n\t<\/div>\n\n<\/div><\/div><\/div><div id=\"pgc-3693-1-1\"  class=\"panel-grid-cell\" ><div id=\"panel-3693-1-1-0\" class=\"so-panel widget widget_sow-headline panel-first-child\" data-index=\"3\" ><div\n\t\t\t\n\t\t\tclass=\"so-widget-sow-headline so-widget-sow-headline-default-f16591bb046e-3693\"\n\t\t\t\n\t\t><div class=\"sow-headline-container \">\n\t\t\t\t\t\t\t<h1 class=\"sow-headline\">\n\t\t\t\t\t\tMERKMALE\t\t\t\t\t\t<\/h1>\n\t\t\t\t\t\t\t\t\t\t\t<div class=\"decoration\">\n\t\t\t\t\t\t<div class=\"decoration-inside\"><\/div>\n\t\t\t\t\t<\/div>\n\t\t\t\t\t<\/div>\n<\/div><\/div><div id=\"panel-3693-1-1-1\" class=\"so-panel widget widget_sow-editor\" data-index=\"4\" ><div\n\t\t\t\n\t\t\tclass=\"so-widget-sow-editor so-widget-sow-editor-base\"\n\t\t\t\n\t\t>\n<div class=\"siteorigin-widget-tinymce textwidget\">\n\t<h4><span style=\"color: #000000;\">Alle Medien, wie Dampf, CO2 und sterile Luft, die mit einem KEG in Ber\u00fchrung kommen, m\u00fcssen gefiltert werden. Au\u00dferdem muss der Druck der Medien reduziert werden, um Besch\u00e4digungen an Ventilen und Armaturen zu vermeiden<\/span><\/h4>\n<h4><span style=\"color: #000000;\">Mit der kompletten m+f MEDIENSTATION bekommen Sie alle passenden Filter und Druckminderer, kombiniert mit Manometern, welche schon am Edelstahlrahmen vormontiert sind.<\/span><\/h4>\n<h4><span style=\"color: #000000;\">Au\u00dferdem senden wir Ihnen die MEDIENSTATION fr\u00fcher, als die Maschine, damit Ihr Installateur alle Rohrleitungen im Voraus vorbereiten kann.<\/span><\/h4>\n<\/div>\n<\/div><\/div><div id=\"panel-3693-1-1-2\" class=\"so-panel widget widget_sow-headline\" data-index=\"5\" ><div\n\t\t\t\n\t\t\tclass=\"so-widget-sow-headline so-widget-sow-headline-default-f16591bb046e-3693\"\n\t\t\t\n\t\t><div class=\"sow-headline-container \">\n\t\t\t\t\t\t\t<h1 class=\"sow-headline\">\n\t\t\t\t\t\tVORTEILE\t\t\t\t\t\t<\/h1>\n\t\t\t\t\t\t\t\t\t\t\t<div class=\"decoration\">\n\t\t\t\t\t\t<div class=\"decoration-inside\"><\/div>\n\t\t\t\t\t<\/div>\n\t\t\t\t\t<\/div>\n<\/div><\/div><div id=\"panel-3693-1-1-3\" class=\"so-panel widget widget_sow-editor\" data-index=\"6\" ><div\n\t\t\t\n\t\t\tclass=\"so-widget-sow-editor so-widget-sow-editor-base\"\n\t\t\t\n\t\t>\n<div class=\"siteorigin-widget-tinymce textwidget\">\n\t<h4 style=\"padding-left: 40px;\">Zeitersparnis<\/h4>\n<h4 style=\"padding-left: 40px;\">Fehlerreduzierung beim Aufbau und der Inbetriebnahme Ihrer Maschine\u00a0 <span style=\"color: #ffffff;\"><a style=\"color: #ffffff;\" href=\"https:\/\/www.youtube.com\/user\/KEGTechnik\/\">mf<\/a><\/span><\/h4>\n<\/div>\n<\/div><\/div><div id=\"panel-3693-1-1-4\" class=\"so-panel widget widget_sow-button panel-last-child\" data-index=\"7\" ><div\n\t\t\t\n\t\t\tclass=\"so-widget-sow-button so-widget-sow-button-atom-45a38d61cbbe-3693\"\n\t\t\t\n\t\t><div class=\"ow-button-base ow-button-align-center\"\n>\n\t\t\t<a\n\t\t\t\t\thref=\"https:\/\/www.mfkegtechnik.com\/de\/kontakt\/\"\n\t\t\t\t\tclass=\"sowb-button ow-icon-placement-left ow-button-hover\" \t>\n\t\t<span>\n\t\t\t\n\t\t\tKONTAKTIEREN SIE UNS\t\t<\/span>\n\t\t\t<\/a>\n\t<\/div>\n<\/div><\/div><\/div><\/div><\/div>","protected":false},"excerpt":{"rendered":"<p>Alle Medien, wie Dampf, CO2 und sterile Luft, die mit einem KEG in Ber\u00fchrung kommen, m\u00fcssen gefiltert werden. Au\u00dferdem muss der Druck der Medien reduziert werden, um Besch\u00e4digungen an Ventilen und Armaturen zu vermeiden Mit der kompletten m+f MEDIENSTATION bekommen Sie alle passenden Filter und Druckminderer, kombiniert mit Manometern, welche schon am Edelstahlrahmen vormontiert sind. Au\u00dferdem senden wir Ihnen die MEDIENSTATION fr\u00fcher, als die Maschine, damit Ihr Installateur alle Rohrleitungen &hellip;<a class=\"excerpt\" href=\"https:\/\/www.mfkegtechnik.com\/de\/medienstation\/\">Read More<\/a><\/p>\n","protected":false},"author":2,"featured_media":0,"parent":0,"menu_order":0,"comment_status":"closed","ping_status":"closed","template":"","meta":{"footnotes":""},"class_list":["post-3693","page","type-page","status-publish","hentry"],"yoast_head":"<!-- This site is optimized with the Yoast SEO plugin v27.3 - https:\/\/yoast.com\/product\/yoast-seo-wordpress\/ -->\n<title>Medienstation - m+f KEG-Technik GmbH &amp; Co. KG<\/title>\n<meta name=\"description\" content=\"Mit der kompletten m+f MEDIENSTATION bekommen Sie alle passenden Filter und Druckminderer, welche schon am Edelstahlrahmen vormontiert sind.\" \/>\n<meta name=\"robots\" content=\"index, follow, max-snippet:-1, max-image-preview:large, max-video-preview:-1\" \/>\n<link rel=\"canonical\" href=\"https:\/\/www.mfkegtechnik.com\/de\/medienstation\/\" \/>\n<meta property=\"og:locale\" content=\"de_DE\" \/>\n<meta property=\"og:type\" content=\"article\" \/>\n<meta property=\"og:title\" content=\"Medienstation - m+f KEG-Technik GmbH &amp; Co. KG\" \/>\n<meta property=\"og:description\" content=\"Mit der kompletten m+f MEDIENSTATION bekommen Sie alle passenden Filter und Druckminderer, welche schon am Edelstahlrahmen vormontiert sind.\" \/>\n<meta property=\"og:url\" content=\"https:\/\/www.mfkegtechnik.com\/de\/medienstation\/\" \/>\n<meta property=\"og:site_name\" content=\"m+f KEG-Technik GmbH &amp; Co. KG\" \/>\n<meta property=\"article:modified_time\" content=\"2019-08-30T11:50:10+00:00\" \/>\n<meta name=\"twitter:card\" content=\"summary_large_image\" \/>\n<meta name=\"twitter:label1\" content=\"Gesch\u00e4tzte Lesezeit\" \/>\n\t<meta name=\"twitter:data1\" content=\"1\u00a0Minute\" \/>\n<script type=\"application\/ld+json\" class=\"yoast-schema-graph\">{\"@context\":\"https:\\\/\\\/schema.org\",\"@graph\":[{\"@type\":\"WebPage\",\"@id\":\"https:\\\/\\\/www.mfkegtechnik.com\\\/de\\\/medienstation\\\/\",\"url\":\"https:\\\/\\\/www.mfkegtechnik.com\\\/de\\\/medienstation\\\/\",\"name\":\"Medienstation - m+f KEG-Technik GmbH &amp; Co. KG\",\"isPartOf\":{\"@id\":\"https:\\\/\\\/www.mfkegtechnik.com\\\/de\\\/#website\"},\"datePublished\":\"2019-06-12T06:43:39+00:00\",\"dateModified\":\"2019-08-30T11:50:10+00:00\",\"description\":\"Mit der kompletten m+f MEDIENSTATION bekommen Sie alle passenden Filter und Druckminderer, welche schon am Edelstahlrahmen vormontiert sind.\",\"breadcrumb\":{\"@id\":\"https:\\\/\\\/www.mfkegtechnik.com\\\/de\\\/medienstation\\\/#breadcrumb\"},\"inLanguage\":\"de\",\"potentialAction\":[{\"@type\":\"ReadAction\",\"target\":[\"https:\\\/\\\/www.mfkegtechnik.com\\\/de\\\/medienstation\\\/\"]}]},{\"@type\":\"BreadcrumbList\",\"@id\":\"https:\\\/\\\/www.mfkegtechnik.com\\\/de\\\/medienstation\\\/#breadcrumb\",\"itemListElement\":[{\"@type\":\"ListItem\",\"position\":1,\"name\":\"Accueil\",\"item\":\"https:\\\/\\\/www.mfkegtechnik.com\\\/de\\\/\"},{\"@type\":\"ListItem\",\"position\":2,\"name\":\"Medienstation\"}]},{\"@type\":\"WebSite\",\"@id\":\"https:\\\/\\\/www.mfkegtechnik.com\\\/de\\\/#website\",\"url\":\"https:\\\/\\\/www.mfkegtechnik.com\\\/de\\\/\",\"name\":\"m+f KEG-Technik GmbH &amp; Co. KG\",\"description\":\"We keep your KEGs clean !\",\"potentialAction\":[{\"@type\":\"SearchAction\",\"target\":{\"@type\":\"EntryPoint\",\"urlTemplate\":\"https:\\\/\\\/www.mfkegtechnik.com\\\/de\\\/?s={search_term_string}\"},\"query-input\":{\"@type\":\"PropertyValueSpecification\",\"valueRequired\":true,\"valueName\":\"search_term_string\"}}],\"inLanguage\":\"de\"}]}<\/script>\n<!-- \/ Yoast SEO plugin. -->","yoast_head_json":{"title":"Medienstation - m+f KEG-Technik GmbH &amp; Co. KG","description":"Mit der kompletten m+f MEDIENSTATION bekommen Sie alle passenden Filter und Druckminderer, welche schon am Edelstahlrahmen vormontiert sind.","robots":{"index":"index","follow":"follow","max-snippet":"max-snippet:-1","max-image-preview":"max-image-preview:large","max-video-preview":"max-video-preview:-1"},"canonical":"https:\/\/www.mfkegtechnik.com\/de\/medienstation\/","og_locale":"de_DE","og_type":"article","og_title":"Medienstation - m+f KEG-Technik GmbH &amp; Co. KG","og_description":"Mit der kompletten m+f MEDIENSTATION bekommen Sie alle passenden Filter und Druckminderer, welche schon am Edelstahlrahmen vormontiert sind.","og_url":"https:\/\/www.mfkegtechnik.com\/de\/medienstation\/","og_site_name":"m+f KEG-Technik GmbH &amp; Co. KG","article_modified_time":"2019-08-30T11:50:10+00:00","twitter_card":"summary_large_image","twitter_misc":{"Gesch\u00e4tzte Lesezeit":"1\u00a0Minute"},"schema":{"@context":"https:\/\/schema.org","@graph":[{"@type":"WebPage","@id":"https:\/\/www.mfkegtechnik.com\/de\/medienstation\/","url":"https:\/\/www.mfkegtechnik.com\/de\/medienstation\/","name":"Medienstation - m+f KEG-Technik GmbH &amp; Co. KG","isPartOf":{"@id":"https:\/\/www.mfkegtechnik.com\/de\/#website"},"datePublished":"2019-06-12T06:43:39+00:00","dateModified":"2019-08-30T11:50:10+00:00","description":"Mit der kompletten m+f MEDIENSTATION bekommen Sie alle passenden Filter und Druckminderer, welche schon am Edelstahlrahmen vormontiert sind.","breadcrumb":{"@id":"https:\/\/www.mfkegtechnik.com\/de\/medienstation\/#breadcrumb"},"inLanguage":"de","potentialAction":[{"@type":"ReadAction","target":["https:\/\/www.mfkegtechnik.com\/de\/medienstation\/"]}]},{"@type":"BreadcrumbList","@id":"https:\/\/www.mfkegtechnik.com\/de\/medienstation\/#breadcrumb","itemListElement":[{"@type":"ListItem","position":1,"name":"Accueil","item":"https:\/\/www.mfkegtechnik.com\/de\/"},{"@type":"ListItem","position":2,"name":"Medienstation"}]},{"@type":"WebSite","@id":"https:\/\/www.mfkegtechnik.com\/de\/#website","url":"https:\/\/www.mfkegtechnik.com\/de\/","name":"m+f KEG-Technik GmbH &amp; Co. KG","description":"We keep your KEGs clean !","potentialAction":[{"@type":"SearchAction","target":{"@type":"EntryPoint","urlTemplate":"https:\/\/www.mfkegtechnik.com\/de\/?s={search_term_string}"},"query-input":{"@type":"PropertyValueSpecification","valueRequired":true,"valueName":"search_term_string"}}],"inLanguage":"de"}]}},"_links":{"self":[{"href":"https:\/\/www.mfkegtechnik.com\/de\/wp-json\/wp\/v2\/pages\/3693","targetHints":{"allow":["GET"]}}],"collection":[{"href":"https:\/\/www.mfkegtechnik.com\/de\/wp-json\/wp\/v2\/pages"}],"about":[{"href":"https:\/\/www.mfkegtechnik.com\/de\/wp-json\/wp\/v2\/types\/page"}],"author":[{"embeddable":true,"href":"https:\/\/www.mfkegtechnik.com\/de\/wp-json\/wp\/v2\/users\/2"}],"replies":[{"embeddable":true,"href":"https:\/\/www.mfkegtechnik.com\/de\/wp-json\/wp\/v2\/comments?post=3693"}],"version-history":[{"count":0,"href":"https:\/\/www.mfkegtechnik.com\/de\/wp-json\/wp\/v2\/pages\/3693\/revisions"}],"wp:attachment":[{"href":"https:\/\/www.mfkegtechnik.com\/de\/wp-json\/wp\/v2\/media?parent=3693"}],"curies":[{"name":"wp","href":"https:\/\/api.w.org\/{rel}","templated":true}]}}