{"id":3695,"date":"2019-06-12T07:45:27","date_gmt":"2019-06-12T06:45:27","guid":{"rendered":"http:\/\/www.mfkegtechnik.com\/micromat-m-2-2-b\/"},"modified":"2019-08-19T10:08:59","modified_gmt":"2019-08-19T09:08:59","slug":"micromat-m-2-2-b","status":"publish","type":"page","link":"https:\/\/www.mfkegtechnik.com\/de\/micromat-m-2-2-b\/","title":{"rendered":"MICROMAT M 2\/2-b"},"content":{"rendered":"<div id=\"pl-3695\"  class=\"panel-layout\" ><div id=\"pg-3695-0\"  class=\"panel-grid panel-no-style\" ><div id=\"pgc-3695-0-0\"  class=\"panel-grid-cell\" ><div id=\"panel-3695-0-0-0\" class=\"so-panel widget widget_sow-headline panel-first-child\" data-index=\"0\" ><div\n\t\t\t\n\t\t\tclass=\"so-widget-sow-headline so-widget-sow-headline-default-09e8b5ce81e0-3695\"\n\t\t\t\n\t\t><div class=\"sow-headline-container \">\n\t\t\t\t\t\t\t<h1 class=\"sow-headline\">\n\t\t\t\t\t\tVorstellung: MICROMAT M 2\/2-b\t\t\t\t\t\t<\/h1>\n\t\t\t\t\t\t\t\t\t\t\t<div class=\"decoration\">\n\t\t\t\t\t\t<div class=\"decoration-inside\"><\/div>\n\t\t\t\t\t<\/div>\n\t\t\t\t\t<\/div>\n<\/div><\/div><div id=\"panel-3695-0-0-1\" class=\"so-panel widget widget_sow-editor panel-last-child\" data-index=\"1\" ><div\n\t\t\t\n\t\t\tclass=\"so-widget-sow-editor so-widget-sow-editor-base\"\n\t\t\t\n\t\t>\n<div class=\"siteorigin-widget-tinymce textwidget\">\n\t<\/div>\n<\/div><\/div><\/div><\/div><div id=\"pg-3695-1\"  class=\"panel-grid panel-no-style\" ><div id=\"pgc-3695-1-0\"  class=\"panel-grid-cell\" ><div id=\"panel-3695-1-0-0\" class=\"so-panel widget widget_sow-image panel-first-child\" data-index=\"2\" ><div\n\t\t\t\n\t\t\tclass=\"so-widget-sow-image so-widget-sow-image-default-c67d20f9f743-3695\"\n\t\t\t\n\t\t>\n<div class=\"sow-image-container\">\n\t\t<img \n\tsrc=\"https:\/\/www.mfkegtechnik.com\/wp-content\/uploads\/2017\/01\/rsz_micromat_m2_2_b_web.jpg\" width=\"214\" height=\"300\" sizes=\"(max-width: 214px) 100vw, 214px\" title=\"Micromat M2\/2 B\" alt=\"micromat-m-2-2-b-semi-automatic-keg-cleaning-and-filling\" \t\tclass=\"so-widget-image\"\/>\n\t<\/div>\n\n<\/div><\/div><div id=\"panel-3695-1-0-1\" class=\"so-panel widget widget_sow-button panel-last-child\" data-index=\"3\" ><div\n\t\t\t\n\t\t\tclass=\"so-widget-sow-button so-widget-sow-button-atom-4e01ecc3807f-3695\"\n\t\t\t\n\t\t><div class=\"ow-button-base ow-button-align-center\"\n>\n\t\t\t<a\n\t\t\t\t\thref=\"https:\/\/www.dropbox.com\/s\/1dc1ts9xt4vvr1q\/MICROMAT%2022-b%20Aan%20de%20Gracht.mov?dl=0\"\n\t\t\t\t\tclass=\"sowb-button ow-icon-placement-left ow-button-hover\" target=\"_blank\" rel=\"noopener noreferrer\" \t>\n\t\t<span>\n\t\t\t\n\t\t\tDemo-Video ansehen\t\t<\/span>\n\t\t\t<\/a>\n\t<\/div>\n<\/div><\/div><\/div><div id=\"pgc-3695-1-1\"  class=\"panel-grid-cell\" ><div id=\"panel-3695-1-1-0\" class=\"so-panel widget widget_sow-headline panel-first-child\" data-index=\"4\" ><div\n\t\t\t\n\t\t\tclass=\"so-widget-sow-headline so-widget-sow-headline-default-f16591bb046e-3695\"\n\t\t\t\n\t\t><div class=\"sow-headline-container \">\n\t\t\t\t\t\t\t<h1 class=\"sow-headline\">\n\t\t\t\t\t\tMERKMALE\t\t\t\t\t\t<\/h1>\n\t\t\t\t\t\t\t\t\t\t\t<div class=\"decoration\">\n\t\t\t\t\t\t<div class=\"decoration-inside\"><\/div>\n\t\t\t\t\t<\/div>\n\t\t\t\t\t<\/div>\n<\/div><\/div><div id=\"panel-3695-1-1-1\" class=\"so-panel widget widget_sow-editor\" data-index=\"5\" ><div\n\t\t\t\n\t\t\tclass=\"so-widget-sow-editor so-widget-sow-editor-base\"\n\t\t\t\n\t\t>\n<div class=\"siteorigin-widget-tinymce textwidget\">\n\t<h4><span style=\"color: #000000;\">Der MICROMAT M 2\/2-b ist eine halbautomatische Innenreinigungs- und F\u00fcllmaschine, welcher mit einer Hubplattform ausgestattet ist.<\/span><\/h4>\n<h4><span style=\"color: #000000;\">Dank der integrierten Steuerungs-Soft- und Hardware erfolgt der Reinigungs- und F\u00fcllvorgang vollautomatisch.<\/span><\/h4>\n<h4><span style=\"color: #000000;\">Auf der linken Station erfolgt eine intensive Reinigung, w\u00e4hrend auf der rechten Station das Fass mit Dampf sterilisiert und im Anschluss bef\u00fcllt wird.<\/span><\/h4>\n<h4><span style=\"color: #000000;\">Aus den Optionen k\u00f6nnen Sie eine ausschlie\u00dfliche Laugereinigung oder zus\u00e4tzliche S\u00e4urereinigung ausw\u00e4hlen.<\/span><\/h4>\n<h4><span style=\"color: #000000;\">Die meisten Komponenten sind aus Edelstahl gefertigt und sorgen daher f\u00fcr Korrosionsbest\u00e4ndigkeit, geringen Wartungsaufwand und sehr hygienische Eigenschaften.<\/span><\/h4>\n<\/div>\n<\/div><\/div><div id=\"panel-3695-1-1-2\" class=\"so-panel widget widget_sow-headline\" data-index=\"6\" ><div\n\t\t\t\n\t\t\tclass=\"so-widget-sow-headline so-widget-sow-headline-default-f16591bb046e-3695\"\n\t\t\t\n\t\t><div class=\"sow-headline-container \">\n\t\t\t\t\t\t\t<h1 class=\"sow-headline\">\n\t\t\t\t\t\tTECHNISCHE DATEN\t\t\t\t\t\t<\/h1>\n\t\t\t\t\t\t\t\t\t\t\t<div class=\"decoration\">\n\t\t\t\t\t\t<div class=\"decoration-inside\"><\/div>\n\t\t\t\t\t<\/div>\n\t\t\t\t\t<\/div>\n<\/div><\/div><div id=\"panel-3695-1-1-3\" class=\"so-panel widget widget_sow-editor\" data-index=\"7\" ><div\n\t\t\t\n\t\t\tclass=\"so-widget-sow-editor so-widget-sow-editor-base\"\n\t\t\t\n\t\t>\n<div class=\"siteorigin-widget-tinymce textwidget\">\n\t<h4><span style=\"color: #ff9900;\"><strong>Leistung <\/strong><strong>: 20 - 35 KEG\/Std.<\/strong><\/span><\/h4>\n<h4><span style=\"color: #000000;\"><strong>Stationen :<\/strong> Innenreinigung, Sp\u00fclen, Sterilisation und F\u00fcllung<\/span><\/h4>\n<h4><span style=\"color: #000000;\"><strong>Abmessungen <\/strong><strong>:<\/strong> \u00a0\u00a0 <strong>Breite (B) \u00a0 \u00a0<\/strong> \u00a0 \u00a0 \u00a0 \u00a0\u00a0 : <strong>1.100<\/strong> mm<\/span><\/h4>\n<h4><span style=\"color: #000000;\">\u00a0 \u00a0 \u00a0 \u00a0 \u00a0 \u00a0 \u00a0 \u00a0 \u00a0 \u00a0 \u00a0 \u00a0 \u00a0 \u00a0 \u00a0 \u00a0\u00a0 <strong>L\u00e4nge (L)\u00a0\u00a0\u00a0<\/strong>\u00a0\u00a0\u00a0\u00a0\u00a0\u00a0\u00a0\u00a0\u00a0\u00a0 : <strong>1.350<\/strong> mm<\/span><\/h4>\n<h4><span style=\"color: #000000;\">\u00a0 \u00a0 \u00a0 \u00a0 \u00a0 \u00a0 \u00a0 \u00a0 \u00a0 \u00a0 \u00a0 \u00a0 \u00a0 \u00a0 \u00a0 \u00a0\u00a0 <strong>H\u00f6he (H) \u00a0<\/strong> \u00a0 \u00a0 \u00a0 \u00a0 \u00a0 \u00a0 : <strong>2.200<\/strong> mm +\/- <strong>50<\/strong><\/span><\/h4>\n<h4><span style=\"color: #000000;\"><strong>Spannung :<\/strong> <strong>230\/400<\/strong>V, <strong>50<\/strong>Hz<\/span><\/h4>\n<\/div>\n<\/div><\/div><div id=\"panel-3695-1-1-4\" class=\"so-panel widget widget_sow-headline\" data-index=\"8\" ><div\n\t\t\t\n\t\t\tclass=\"so-widget-sow-headline so-widget-sow-headline-default-f16591bb046e-3695\"\n\t\t\t\n\t\t><div class=\"sow-headline-container \">\n\t\t\t\t\t\t\t<h1 class=\"sow-headline\">\n\t\t\t\t\t\tVORTEILE\t\t\t\t\t\t<\/h1>\n\t\t\t\t\t\t\t\t\t\t\t<div class=\"decoration\">\n\t\t\t\t\t\t<div class=\"decoration-inside\"><\/div>\n\t\t\t\t\t<\/div>\n\t\t\t\t\t<\/div>\n<\/div><\/div><div id=\"panel-3695-1-1-5\" class=\"so-panel widget widget_sow-editor\" data-index=\"9\" ><div\n\t\t\t\n\t\t\tclass=\"so-widget-sow-editor so-widget-sow-editor-base\"\n\t\t\t\n\t\t>\n<div class=\"siteorigin-widget-tinymce textwidget\">\n\t<h4><span style=\"color: #000000;\">Der MICROMAT M 2\/2-b\u00a0 ist die beste L\u00f6sung zum Reinigen und F\u00fcllen Ihrer KEGs. Hier sind einige Beispiele f\u00fcr Ihre Vorteile:<\/span><\/h4>\n<h4 style=\"padding-left: 40px;\"><span style=\"color: #000000;\">Einfach zu benutzen<\/span><\/h4>\n<h4 style=\"padding-left: 40px;\"><span style=\"color: #000000;\">Edelstahlrahmen<\/span><\/h4>\n<h4 style=\"padding-left: 40px;\"><span style=\"color: #000000;\">Kann zwei KEGs gleichzeitig bearbeiten<\/span><\/h4>\n<\/div>\n<\/div><\/div><div id=\"panel-3695-1-1-6\" class=\"so-panel widget widget_sow-button panel-last-child\" data-index=\"10\" ><div\n\t\t\t\n\t\t\tclass=\"so-widget-sow-button so-widget-sow-button-atom-45a38d61cbbe-3695\"\n\t\t\t\n\t\t><div class=\"ow-button-base ow-button-align-center\"\n>\n\t\t\t<a\n\t\t\t\t\thref=\"http:\/\/www.mfkegtechnik.com\/wp-content\/uploads\/2019\/07\/MICROMAT-M22-b-DE.pdf\"\n\t\t\t\t\tclass=\"sowb-button ow-icon-placement-left ow-button-hover\" target=\"_blank\" rel=\"noopener noreferrer\" \t>\n\t\t<span>\n\t\t\t\n\t\t\tDownload technisches Datenblatt (PDF)\t\t<\/span>\n\t\t\t<\/a>\n\t<\/div>\n<\/div><\/div><\/div><\/div><\/div>","protected":false},"excerpt":{"rendered":"<p>Der MICROMAT M 2\/2-b ist eine halbautomatische Innenreinigungs- und F\u00fcllmaschine, welcher mit einer Hubplattform ausgestattet ist. Dank der integrierten Steuerungs-Soft- und Hardware erfolgt der Reinigungs- und F\u00fcllvorgang vollautomatisch. Auf der linken Station erfolgt eine intensive Reinigung, w\u00e4hrend auf der rechten Station das Fass mit Dampf sterilisiert und im Anschluss bef\u00fcllt wird. Aus den Optionen k\u00f6nnen Sie eine ausschlie\u00dfliche Laugereinigung oder zus\u00e4tzliche S\u00e4urereinigung ausw\u00e4hlen. Die meisten Komponenten sind aus Edelstahl gefertigt &hellip;<a class=\"excerpt\" href=\"https:\/\/www.mfkegtechnik.com\/de\/micromat-m-2-2-b\/\">Read More<\/a><\/p>\n","protected":false},"author":2,"featured_media":0,"parent":0,"menu_order":0,"comment_status":"closed","ping_status":"closed","template":"","meta":{"footnotes":""},"class_list":["post-3695","page","type-page","status-publish","hentry"],"yoast_head":"<!-- This site is optimized with the Yoast SEO plugin v27.3 - https:\/\/yoast.com\/product\/yoast-seo-wordpress\/ -->\n<title>MICROMAT M 2\/2-b - m+f KEG-Technik GmbH &amp; Co. KG<\/title>\n<meta name=\"description\" content=\"Der MICROMAT M 2\/2-b ist ein halbautomatische KEG-Innenreinigungs- und F\u00fcllmaschine, die mit einem Hubtische ausgestattet ist.\" \/>\n<meta name=\"robots\" content=\"index, follow, max-snippet:-1, max-image-preview:large, max-video-preview:-1\" \/>\n<link rel=\"canonical\" href=\"https:\/\/www.mfkegtechnik.com\/de\/micromat-m-2-2-b\/\" \/>\n<meta property=\"og:locale\" content=\"de_DE\" \/>\n<meta property=\"og:type\" content=\"article\" \/>\n<meta property=\"og:title\" content=\"MICROMAT M 2\/2-b - m+f KEG-Technik GmbH &amp; Co. KG\" \/>\n<meta property=\"og:description\" content=\"Der MICROMAT M 2\/2-b ist ein halbautomatische KEG-Innenreinigungs- und F\u00fcllmaschine, die mit einem Hubtische ausgestattet ist.\" \/>\n<meta property=\"og:url\" content=\"https:\/\/www.mfkegtechnik.com\/de\/micromat-m-2-2-b\/\" \/>\n<meta property=\"og:site_name\" content=\"m+f KEG-Technik GmbH &amp; Co. KG\" \/>\n<meta property=\"article:modified_time\" content=\"2019-08-19T09:08:59+00:00\" \/>\n<meta name=\"twitter:card\" content=\"summary_large_image\" \/>\n<meta name=\"twitter:label1\" content=\"Gesch\u00e4tzte Lesezeit\" \/>\n\t<meta name=\"twitter:data1\" content=\"1\u00a0Minute\" \/>\n<script type=\"application\/ld+json\" class=\"yoast-schema-graph\">{\"@context\":\"https:\\\/\\\/schema.org\",\"@graph\":[{\"@type\":\"WebPage\",\"@id\":\"https:\\\/\\\/www.mfkegtechnik.com\\\/de\\\/micromat-m-2-2-b\\\/\",\"url\":\"https:\\\/\\\/www.mfkegtechnik.com\\\/de\\\/micromat-m-2-2-b\\\/\",\"name\":\"MICROMAT M 2\\\/2-b - m+f KEG-Technik GmbH &amp; Co. KG\",\"isPartOf\":{\"@id\":\"https:\\\/\\\/www.mfkegtechnik.com\\\/de\\\/#website\"},\"datePublished\":\"2019-06-12T06:45:27+00:00\",\"dateModified\":\"2019-08-19T09:08:59+00:00\",\"description\":\"Der MICROMAT M 2\\\/2-b ist ein halbautomatische KEG-Innenreinigungs- und F\u00fcllmaschine, die mit einem Hubtische ausgestattet ist.\",\"breadcrumb\":{\"@id\":\"https:\\\/\\\/www.mfkegtechnik.com\\\/de\\\/micromat-m-2-2-b\\\/#breadcrumb\"},\"inLanguage\":\"de\",\"potentialAction\":[{\"@type\":\"ReadAction\",\"target\":[\"https:\\\/\\\/www.mfkegtechnik.com\\\/de\\\/micromat-m-2-2-b\\\/\"]}]},{\"@type\":\"BreadcrumbList\",\"@id\":\"https:\\\/\\\/www.mfkegtechnik.com\\\/de\\\/micromat-m-2-2-b\\\/#breadcrumb\",\"itemListElement\":[{\"@type\":\"ListItem\",\"position\":1,\"name\":\"Accueil\",\"item\":\"https:\\\/\\\/www.mfkegtechnik.com\\\/de\\\/\"},{\"@type\":\"ListItem\",\"position\":2,\"name\":\"MICROMAT M 2\\\/2-b\"}]},{\"@type\":\"WebSite\",\"@id\":\"https:\\\/\\\/www.mfkegtechnik.com\\\/de\\\/#website\",\"url\":\"https:\\\/\\\/www.mfkegtechnik.com\\\/de\\\/\",\"name\":\"m+f KEG-Technik GmbH &amp; Co. KG\",\"description\":\"We keep your KEGs clean !\",\"potentialAction\":[{\"@type\":\"SearchAction\",\"target\":{\"@type\":\"EntryPoint\",\"urlTemplate\":\"https:\\\/\\\/www.mfkegtechnik.com\\\/de\\\/?s={search_term_string}\"},\"query-input\":{\"@type\":\"PropertyValueSpecification\",\"valueRequired\":true,\"valueName\":\"search_term_string\"}}],\"inLanguage\":\"de\"}]}<\/script>\n<!-- \/ Yoast SEO plugin. -->","yoast_head_json":{"title":"MICROMAT M 2\/2-b - m+f KEG-Technik GmbH &amp; Co. KG","description":"Der MICROMAT M 2\/2-b ist ein halbautomatische KEG-Innenreinigungs- und F\u00fcllmaschine, die mit einem Hubtische ausgestattet ist.","robots":{"index":"index","follow":"follow","max-snippet":"max-snippet:-1","max-image-preview":"max-image-preview:large","max-video-preview":"max-video-preview:-1"},"canonical":"https:\/\/www.mfkegtechnik.com\/de\/micromat-m-2-2-b\/","og_locale":"de_DE","og_type":"article","og_title":"MICROMAT M 2\/2-b - m+f KEG-Technik GmbH &amp; Co. KG","og_description":"Der MICROMAT M 2\/2-b ist ein halbautomatische KEG-Innenreinigungs- und F\u00fcllmaschine, die mit einem Hubtische ausgestattet ist.","og_url":"https:\/\/www.mfkegtechnik.com\/de\/micromat-m-2-2-b\/","og_site_name":"m+f KEG-Technik GmbH &amp; Co. KG","article_modified_time":"2019-08-19T09:08:59+00:00","twitter_card":"summary_large_image","twitter_misc":{"Gesch\u00e4tzte Lesezeit":"1\u00a0Minute"},"schema":{"@context":"https:\/\/schema.org","@graph":[{"@type":"WebPage","@id":"https:\/\/www.mfkegtechnik.com\/de\/micromat-m-2-2-b\/","url":"https:\/\/www.mfkegtechnik.com\/de\/micromat-m-2-2-b\/","name":"MICROMAT M 2\/2-b - m+f KEG-Technik GmbH &amp; Co. KG","isPartOf":{"@id":"https:\/\/www.mfkegtechnik.com\/de\/#website"},"datePublished":"2019-06-12T06:45:27+00:00","dateModified":"2019-08-19T09:08:59+00:00","description":"Der MICROMAT M 2\/2-b ist ein halbautomatische KEG-Innenreinigungs- und F\u00fcllmaschine, die mit einem Hubtische ausgestattet ist.","breadcrumb":{"@id":"https:\/\/www.mfkegtechnik.com\/de\/micromat-m-2-2-b\/#breadcrumb"},"inLanguage":"de","potentialAction":[{"@type":"ReadAction","target":["https:\/\/www.mfkegtechnik.com\/de\/micromat-m-2-2-b\/"]}]},{"@type":"BreadcrumbList","@id":"https:\/\/www.mfkegtechnik.com\/de\/micromat-m-2-2-b\/#breadcrumb","itemListElement":[{"@type":"ListItem","position":1,"name":"Accueil","item":"https:\/\/www.mfkegtechnik.com\/de\/"},{"@type":"ListItem","position":2,"name":"MICROMAT M 2\/2-b"}]},{"@type":"WebSite","@id":"https:\/\/www.mfkegtechnik.com\/de\/#website","url":"https:\/\/www.mfkegtechnik.com\/de\/","name":"m+f KEG-Technik GmbH &amp; Co. KG","description":"We keep your KEGs clean !","potentialAction":[{"@type":"SearchAction","target":{"@type":"EntryPoint","urlTemplate":"https:\/\/www.mfkegtechnik.com\/de\/?s={search_term_string}"},"query-input":{"@type":"PropertyValueSpecification","valueRequired":true,"valueName":"search_term_string"}}],"inLanguage":"de"}]}},"_links":{"self":[{"href":"https:\/\/www.mfkegtechnik.com\/de\/wp-json\/wp\/v2\/pages\/3695","targetHints":{"allow":["GET"]}}],"collection":[{"href":"https:\/\/www.mfkegtechnik.com\/de\/wp-json\/wp\/v2\/pages"}],"about":[{"href":"https:\/\/www.mfkegtechnik.com\/de\/wp-json\/wp\/v2\/types\/page"}],"author":[{"embeddable":true,"href":"https:\/\/www.mfkegtechnik.com\/de\/wp-json\/wp\/v2\/users\/2"}],"replies":[{"embeddable":true,"href":"https:\/\/www.mfkegtechnik.com\/de\/wp-json\/wp\/v2\/comments?post=3695"}],"version-history":[{"count":0,"href":"https:\/\/www.mfkegtechnik.com\/de\/wp-json\/wp\/v2\/pages\/3695\/revisions"}],"wp:attachment":[{"href":"https:\/\/www.mfkegtechnik.com\/de\/wp-json\/wp\/v2\/media?parent=3695"}],"curies":[{"name":"wp","href":"https:\/\/api.w.org\/{rel}","templated":true}]}}