{"id":3697,"date":"2019-06-12T07:47:43","date_gmt":"2019-06-12T06:47:43","guid":{"rendered":"http:\/\/www.mfkegtechnik.com\/portable-dispenser\/"},"modified":"2021-04-17T12:00:30","modified_gmt":"2021-04-17T11:00:30","slug":"tragbares-zapfsystem","status":"publish","type":"page","link":"https:\/\/www.mfkegtechnik.com\/de\/tragbares-zapfsystem\/","title":{"rendered":"Tragbares Zapfsystem"},"content":{"rendered":"<div id=\"pl-3697\"  class=\"panel-layout\" ><div id=\"pg-3697-0\"  class=\"panel-grid panel-no-style\" ><div id=\"pgc-3697-0-0\"  class=\"panel-grid-cell\" ><div id=\"panel-3697-0-0-0\" class=\"so-panel widget widget_sow-headline panel-first-child panel-last-child\" data-index=\"0\" ><div\n\t\t\t\n\t\t\tclass=\"so-widget-sow-headline so-widget-sow-headline-default-09e8b5ce81e0-3697\"\n\t\t\t\n\t\t><div class=\"sow-headline-container \">\n\t\t\t\t\t\t\t<h1 class=\"sow-headline\">\n\t\t\t\t\t\tVorstellung: tragbare Zapfsysteme DC30 und DC50\t\t\t\t\t\t<\/h1>\n\t\t\t\t\t\t\t\t\t\t\t<div class=\"decoration\">\n\t\t\t\t\t\t<div class=\"decoration-inside\"><\/div>\n\t\t\t\t\t<\/div>\n\t\t\t\t\t<\/div>\n<\/div><\/div><\/div><\/div><div id=\"pg-3697-1\"  class=\"panel-grid panel-no-style\" ><div id=\"pgc-3697-1-0\"  class=\"panel-grid-cell\" ><div id=\"panel-3697-1-0-0\" class=\"so-panel widget widget_sow-image panel-first-child\" data-index=\"1\" ><div\n\t\t\t\n\t\t\tclass=\"so-widget-sow-image so-widget-sow-image-default-c67d20f9f743-3697\"\n\t\t\t\n\t\t>\n<div class=\"sow-image-container\">\n\t\t<img \n\tsrc=\"https:\/\/www.mfkegtechnik.com\/wp-content\/uploads\/2019\/07\/Portable-Draft-300x209-300x209.jpg\" width=\"300\" height=\"209\" sizes=\"(max-width: 300px) 100vw, 300px\" title=\"Tragbares Zapfsystem\" alt=\"tragbare-zapfsysteme\" \t\tclass=\"so-widget-image\"\/>\n\t<\/div>\n\n<\/div><\/div><div id=\"panel-3697-1-0-1\" class=\"so-panel widget widget_sow-image panel-last-child\" data-index=\"2\" ><div\n\t\t\t\n\t\t\tclass=\"so-widget-sow-image so-widget-sow-image-default-c67d20f9f743-3697\"\n\t\t\t\n\t\t>\n<div class=\"sow-image-container\">\n\t\t<img \n\tsrc=\"https:\/\/www.mfkegtechnik.com\/wp-content\/uploads\/2019\/05\/DC30-KeyKeg-Baseline-300x200.jpg\" width=\"300\" height=\"200\" srcset=\"https:\/\/www.mfkegtechnik.com\/wp-content\/uploads\/2019\/05\/DC30-KeyKeg-Baseline-300x200.jpg 300w, https:\/\/www.mfkegtechnik.com\/wp-content\/uploads\/2019\/05\/DC30-KeyKeg-Baseline-768x512.jpg 768w, https:\/\/www.mfkegtechnik.com\/wp-content\/uploads\/2019\/05\/DC30-KeyKeg-Baseline-1024x683.jpg 1024w, https:\/\/www.mfkegtechnik.com\/wp-content\/uploads\/2019\/05\/DC30-KeyKeg-Baseline-940x627.jpg 940w, https:\/\/www.mfkegtechnik.com\/wp-content\/uploads\/2019\/05\/DC30-KeyKeg-Baseline-272x182.jpg 272w, https:\/\/www.mfkegtechnik.com\/wp-content\/uploads\/2019\/05\/DC30-KeyKeg-Baseline.jpg 1296w\" sizes=\"(max-width: 300px) 100vw, 300px\" title=\"DC30 + KeyKeg Baseline\" alt=\"tragbare-zapfsysteme\" \t\tclass=\"so-widget-image\"\/>\n\t<\/div>\n\n<\/div><\/div><\/div><div id=\"pgc-3697-1-1\"  class=\"panel-grid-cell\" ><div id=\"panel-3697-1-1-0\" class=\"so-panel widget widget_sow-headline panel-first-child\" data-index=\"3\" ><div\n\t\t\t\n\t\t\tclass=\"so-widget-sow-headline so-widget-sow-headline-default-f16591bb046e-3697\"\n\t\t\t\n\t\t><div class=\"sow-headline-container \">\n\t\t\t\t\t\t\t<h1 class=\"sow-headline\">\n\t\t\t\t\t\tMERKMALE\t\t\t\t\t\t<\/h1>\n\t\t\t\t\t\t\t\t\t\t\t<div class=\"decoration\">\n\t\t\t\t\t\t<div class=\"decoration-inside\"><\/div>\n\t\t\t\t\t<\/div>\n\t\t\t\t\t<\/div>\n<\/div><\/div><div id=\"panel-3697-1-1-1\" class=\"so-panel widget widget_sow-editor\" data-index=\"4\" ><div\n\t\t\t\n\t\t\tclass=\"so-widget-sow-editor so-widget-sow-editor-base\"\n\t\t\t\n\t\t>\n<div class=\"siteorigin-widget-tinymce textwidget\">\n\t<h4><span style=\"color: #000000;\">Diese Zapfsysteme sind sowohl f\u00fcr den heim- als auch f\u00fcr den professionellen Gebrauch, sowie f\u00fcr den Innen- und Au\u00dfenbereich geeignet. Sie k\u00f6nnen die Zapfsysteme f\u00fcr Bier, Wein oder Sekt benutzen.\u00a0<\/span><\/h4>\n<h4><span style=\"color: #000000;\">Das tragbare Zapfsystem ist der perfekte erste Schritt in den Fassbier- oder Weinmarkt. <\/span><span style=\"color: #ffffff;\"> Tragbares Zapfsystem<\/span><\/h4>\n<h4><span style=\"color: #000000;\">Es hat alles, um die gute Qualit\u00e4t eines kalten Getr\u00e4nks sicherzustellen. Dazu geh\u00f6ren zum Beispiel Luftkompressor, Druckregler und Manometer. <\/span><span style=\"color: #ffffff;\"> Tragbares Zapfsystem<\/span><\/h4>\n<h4><span style=\"color: #000000;\">Das Dosiersystem ist komplett aus Edelstahl gefertigt und gew\u00e4hrleistet daher h\u00f6chste Hygienestandards.<\/span><\/h4>\n<\/div>\n<\/div><\/div><div id=\"panel-3697-1-1-2\" class=\"so-panel widget widget_sow-headline\" data-index=\"5\" ><div\n\t\t\t\n\t\t\tclass=\"so-widget-sow-headline so-widget-sow-headline-default-f16591bb046e-3697\"\n\t\t\t\n\t\t><div class=\"sow-headline-container \">\n\t\t\t\t\t\t\t<h1 class=\"sow-headline\">\n\t\t\t\t\t\tTECHNISCHE DATEN\t\t\t\t\t\t<\/h1>\n\t\t\t\t\t\t\t\t\t\t\t<div class=\"decoration\">\n\t\t\t\t\t\t<div class=\"decoration-inside\"><\/div>\n\t\t\t\t\t<\/div>\n\t\t\t\t\t<\/div>\n<\/div><\/div><div id=\"panel-3697-1-1-3\" class=\"so-panel widget widget_sow-editor\" data-index=\"6\" ><div\n\t\t\t\n\t\t\tclass=\"so-widget-sow-editor so-widget-sow-editor-base\"\n\t\t\t\n\t\t>\n<div class=\"siteorigin-widget-tinymce textwidget\">\n\t<h4><strong><span style=\"color: #ff9900;\">Leistung von 0\u00b0C zu 50\u00b0C:\u00a0\u00a0 30 l\/Std.\u00a0 oder\u00a0 50 l\/Std.<\/span><\/strong><\/h4>\n<h4><span style=\"color: #000000;\"><strong>Dosierhahn<\/strong><strong>:\u00a0\u00a0\u00a0\u00a0 1<\/strong> St\u00fcck oder <strong>2<\/strong> St\u00fcck<\/span><\/h4>\n<h4><span style=\"color: #000000;\"><strong>Abmessungen <\/strong>(Breite, H\u00f6he, Tiefe):<strong>\u00a0 160 x 330 x 295<\/strong>\u00a0 oder\u00a0 <strong>210 x 410 x 325<\/strong><\/span><\/h4>\n<h4><span style=\"color: #000000;\"><strong>Gewicht<\/strong><strong>:\u00a0\u00a0\u00a0\u00a0\u00a0 15<\/strong> kg\u00a0 oder\u00a0 <strong>25<\/strong> kg<\/span><\/h4>\n<h4><span style=\"color: #000000;\"><strong>Spannung:\u00a0\u00a0\u00a0\u00a0\u00a0 230V\/50Hz<\/strong><\/span><\/h4>\n<\/div>\n<\/div><\/div><div id=\"panel-3697-1-1-4\" class=\"so-panel widget widget_sow-headline\" data-index=\"7\" ><div\n\t\t\t\n\t\t\tclass=\"so-widget-sow-headline so-widget-sow-headline-default-f16591bb046e-3697\"\n\t\t\t\n\t\t><div class=\"sow-headline-container \">\n\t\t\t\t\t\t\t<h1 class=\"sow-headline\">\n\t\t\t\t\t\tVORTEILE\t\t\t\t\t\t<\/h1>\n\t\t\t\t\t\t\t\t\t\t\t<div class=\"decoration\">\n\t\t\t\t\t\t<div class=\"decoration-inside\"><\/div>\n\t\t\t\t\t<\/div>\n\t\t\t\t\t<\/div>\n<\/div><\/div><div id=\"panel-3697-1-1-5\" class=\"so-panel widget widget_sow-editor\" data-index=\"8\" ><div\n\t\t\t\n\t\t\tclass=\"so-widget-sow-editor so-widget-sow-editor-base\"\n\t\t\t\n\t\t>\n<div class=\"siteorigin-widget-tinymce textwidget\">\n\t<h4 style=\"padding-left: 40px;\"><span style=\"color: #000000;\">Leichte Handhabung<\/span><\/h4>\n<h4 style=\"padding-left: 40px;\"><span style=\"color: #000000;\">Leichter Transport (1 oder 2 Tragegriffe)<\/span><\/h4>\n<h4 style=\"padding-left: 40px;\"><span style=\"color: #000000;\">100 % aus Edelstahl<\/span><\/h4>\n<h4 style=\"padding-left: 40px;\"><span style=\"color: #000000;\">leise<\/span><\/h4>\n<h4 style=\"padding-left: 40px;\"><span style=\"color: #000000;\">Sie brauchen keine CO2 Flasche mehr<\/span><\/h4>\n<\/div>\n<\/div><\/div><div id=\"panel-3697-1-1-6\" class=\"so-panel widget widget_sow-button panel-last-child\" data-index=\"9\" ><div\n\t\t\t\n\t\t\tclass=\"so-widget-sow-button so-widget-sow-button-atom-45a38d61cbbe-3697\"\n\t\t\t\n\t\t><div class=\"ow-button-base ow-button-align-center\"\n>\n\t\t\t<a\n\t\t\t\t\thref=\"http:\/\/www.mfkegtechnik.com\/wp-content\/uploads\/2017\/01\/KeyKeg-dispensing-system-DC-EN.pdf\"\n\t\t\t\t\tclass=\"sowb-button ow-icon-placement-left ow-button-hover\" \t>\n\t\t<span>\n\t\t\t\n\t\t\tDownload technisches Datenblatt (PDF)\t\t<\/span>\n\t\t\t<\/a>\n\t<\/div>\n<\/div><\/div><\/div><\/div><\/div>","protected":false},"excerpt":{"rendered":"<p>Diese Zapfsysteme sind sowohl f\u00fcr den heim- als auch f\u00fcr den professionellen Gebrauch, sowie f\u00fcr den Innen- und Au\u00dfenbereich geeignet. Sie k\u00f6nnen die Zapfsysteme f\u00fcr Bier, Wein oder Sekt benutzen.\u00a0 Das tragbare Zapfsystem ist der perfekte erste Schritt in den Fassbier- oder Weinmarkt. Tragbares Zapfsystem Es hat alles, um die gute Qualit\u00e4t eines kalten Getr\u00e4nks sicherzustellen. Dazu geh\u00f6ren zum Beispiel Luftkompressor, Druckregler und Manometer. Tragbares Zapfsystem Das Dosiersystem ist komplett &hellip;<a class=\"excerpt\" href=\"https:\/\/www.mfkegtechnik.com\/de\/tragbares-zapfsystem\/\">Read More<\/a><\/p>\n","protected":false},"author":2,"featured_media":0,"parent":0,"menu_order":0,"comment_status":"closed","ping_status":"closed","template":"","meta":{"footnotes":""},"class_list":["post-3697","page","type-page","status-publish","hentry"],"yoast_head":"<!-- This site is optimized with the Yoast SEO plugin v27.3 - https:\/\/yoast.com\/product\/yoast-seo-wordpress\/ -->\n<title>Tragbares Zapfsystem - m+f KEG-Technik GmbH &amp; Co. KG<\/title>\n<meta name=\"description\" content=\"Diese Tragbares Zapfsystem sind f\u00fcr den heim- als auch f\u00fcr den professionellen Gebrauch. Sie k\u00f6nnen die Zapfsysteme f\u00fcr Bier, Wein oder Schaumwein benutzen.\" \/>\n<meta name=\"robots\" content=\"index, follow, max-snippet:-1, max-image-preview:large, max-video-preview:-1\" \/>\n<link rel=\"canonical\" href=\"https:\/\/www.mfkegtechnik.com\/de\/tragbares-zapfsystem\/\" \/>\n<meta property=\"og:locale\" content=\"de_DE\" \/>\n<meta property=\"og:type\" content=\"article\" \/>\n<meta property=\"og:title\" content=\"Tragbares Zapfsystem - m+f KEG-Technik GmbH &amp; Co. KG\" \/>\n<meta property=\"og:description\" content=\"Diese Tragbares Zapfsystem sind f\u00fcr den heim- als auch f\u00fcr den professionellen Gebrauch. Sie k\u00f6nnen die Zapfsysteme f\u00fcr Bier, Wein oder Schaumwein benutzen.\" \/>\n<meta property=\"og:url\" content=\"https:\/\/www.mfkegtechnik.com\/de\/tragbares-zapfsystem\/\" \/>\n<meta property=\"og:site_name\" content=\"m+f KEG-Technik GmbH &amp; Co. KG\" \/>\n<meta property=\"article:modified_time\" content=\"2021-04-17T11:00:30+00:00\" \/>\n<meta name=\"twitter:card\" content=\"summary_large_image\" \/>\n<meta name=\"twitter:label1\" content=\"Gesch\u00e4tzte Lesezeit\" \/>\n\t<meta name=\"twitter:data1\" content=\"1\u00a0Minute\" \/>\n<script type=\"application\/ld+json\" class=\"yoast-schema-graph\">{\"@context\":\"https:\\\/\\\/schema.org\",\"@graph\":[{\"@type\":\"WebPage\",\"@id\":\"https:\\\/\\\/www.mfkegtechnik.com\\\/de\\\/tragbares-zapfsystem\\\/\",\"url\":\"https:\\\/\\\/www.mfkegtechnik.com\\\/de\\\/tragbares-zapfsystem\\\/\",\"name\":\"Tragbares Zapfsystem - m+f KEG-Technik GmbH &amp; Co. KG\",\"isPartOf\":{\"@id\":\"https:\\\/\\\/www.mfkegtechnik.com\\\/de\\\/#website\"},\"datePublished\":\"2019-06-12T06:47:43+00:00\",\"dateModified\":\"2021-04-17T11:00:30+00:00\",\"description\":\"Diese Tragbares Zapfsystem sind f\u00fcr den heim- als auch f\u00fcr den professionellen Gebrauch. Sie k\u00f6nnen die Zapfsysteme f\u00fcr Bier, Wein oder Schaumwein benutzen.\",\"breadcrumb\":{\"@id\":\"https:\\\/\\\/www.mfkegtechnik.com\\\/de\\\/tragbares-zapfsystem\\\/#breadcrumb\"},\"inLanguage\":\"de\",\"potentialAction\":[{\"@type\":\"ReadAction\",\"target\":[\"https:\\\/\\\/www.mfkegtechnik.com\\\/de\\\/tragbares-zapfsystem\\\/\"]}]},{\"@type\":\"BreadcrumbList\",\"@id\":\"https:\\\/\\\/www.mfkegtechnik.com\\\/de\\\/tragbares-zapfsystem\\\/#breadcrumb\",\"itemListElement\":[{\"@type\":\"ListItem\",\"position\":1,\"name\":\"Accueil\",\"item\":\"https:\\\/\\\/www.mfkegtechnik.com\\\/de\\\/\"},{\"@type\":\"ListItem\",\"position\":2,\"name\":\"Tragbares Zapfsystem\"}]},{\"@type\":\"WebSite\",\"@id\":\"https:\\\/\\\/www.mfkegtechnik.com\\\/de\\\/#website\",\"url\":\"https:\\\/\\\/www.mfkegtechnik.com\\\/de\\\/\",\"name\":\"m+f KEG-Technik GmbH &amp; Co. KG\",\"description\":\"We keep your KEGs clean !\",\"potentialAction\":[{\"@type\":\"SearchAction\",\"target\":{\"@type\":\"EntryPoint\",\"urlTemplate\":\"https:\\\/\\\/www.mfkegtechnik.com\\\/de\\\/?s={search_term_string}\"},\"query-input\":{\"@type\":\"PropertyValueSpecification\",\"valueRequired\":true,\"valueName\":\"search_term_string\"}}],\"inLanguage\":\"de\"}]}<\/script>\n<!-- \/ Yoast SEO plugin. -->","yoast_head_json":{"title":"Tragbares Zapfsystem - m+f KEG-Technik GmbH &amp; Co. KG","description":"Diese Tragbares Zapfsystem sind f\u00fcr den heim- als auch f\u00fcr den professionellen Gebrauch. Sie k\u00f6nnen die Zapfsysteme f\u00fcr Bier, Wein oder Schaumwein benutzen.","robots":{"index":"index","follow":"follow","max-snippet":"max-snippet:-1","max-image-preview":"max-image-preview:large","max-video-preview":"max-video-preview:-1"},"canonical":"https:\/\/www.mfkegtechnik.com\/de\/tragbares-zapfsystem\/","og_locale":"de_DE","og_type":"article","og_title":"Tragbares Zapfsystem - m+f KEG-Technik GmbH &amp; Co. KG","og_description":"Diese Tragbares Zapfsystem sind f\u00fcr den heim- als auch f\u00fcr den professionellen Gebrauch. Sie k\u00f6nnen die Zapfsysteme f\u00fcr Bier, Wein oder Schaumwein benutzen.","og_url":"https:\/\/www.mfkegtechnik.com\/de\/tragbares-zapfsystem\/","og_site_name":"m+f KEG-Technik GmbH &amp; Co. KG","article_modified_time":"2021-04-17T11:00:30+00:00","twitter_card":"summary_large_image","twitter_misc":{"Gesch\u00e4tzte Lesezeit":"1\u00a0Minute"},"schema":{"@context":"https:\/\/schema.org","@graph":[{"@type":"WebPage","@id":"https:\/\/www.mfkegtechnik.com\/de\/tragbares-zapfsystem\/","url":"https:\/\/www.mfkegtechnik.com\/de\/tragbares-zapfsystem\/","name":"Tragbares Zapfsystem - m+f KEG-Technik GmbH &amp; Co. KG","isPartOf":{"@id":"https:\/\/www.mfkegtechnik.com\/de\/#website"},"datePublished":"2019-06-12T06:47:43+00:00","dateModified":"2021-04-17T11:00:30+00:00","description":"Diese Tragbares Zapfsystem sind f\u00fcr den heim- als auch f\u00fcr den professionellen Gebrauch. Sie k\u00f6nnen die Zapfsysteme f\u00fcr Bier, Wein oder Schaumwein benutzen.","breadcrumb":{"@id":"https:\/\/www.mfkegtechnik.com\/de\/tragbares-zapfsystem\/#breadcrumb"},"inLanguage":"de","potentialAction":[{"@type":"ReadAction","target":["https:\/\/www.mfkegtechnik.com\/de\/tragbares-zapfsystem\/"]}]},{"@type":"BreadcrumbList","@id":"https:\/\/www.mfkegtechnik.com\/de\/tragbares-zapfsystem\/#breadcrumb","itemListElement":[{"@type":"ListItem","position":1,"name":"Accueil","item":"https:\/\/www.mfkegtechnik.com\/de\/"},{"@type":"ListItem","position":2,"name":"Tragbares Zapfsystem"}]},{"@type":"WebSite","@id":"https:\/\/www.mfkegtechnik.com\/de\/#website","url":"https:\/\/www.mfkegtechnik.com\/de\/","name":"m+f KEG-Technik GmbH &amp; Co. KG","description":"We keep your KEGs clean !","potentialAction":[{"@type":"SearchAction","target":{"@type":"EntryPoint","urlTemplate":"https:\/\/www.mfkegtechnik.com\/de\/?s={search_term_string}"},"query-input":{"@type":"PropertyValueSpecification","valueRequired":true,"valueName":"search_term_string"}}],"inLanguage":"de"}]}},"_links":{"self":[{"href":"https:\/\/www.mfkegtechnik.com\/de\/wp-json\/wp\/v2\/pages\/3697","targetHints":{"allow":["GET"]}}],"collection":[{"href":"https:\/\/www.mfkegtechnik.com\/de\/wp-json\/wp\/v2\/pages"}],"about":[{"href":"https:\/\/www.mfkegtechnik.com\/de\/wp-json\/wp\/v2\/types\/page"}],"author":[{"embeddable":true,"href":"https:\/\/www.mfkegtechnik.com\/de\/wp-json\/wp\/v2\/users\/2"}],"replies":[{"embeddable":true,"href":"https:\/\/www.mfkegtechnik.com\/de\/wp-json\/wp\/v2\/comments?post=3697"}],"version-history":[{"count":0,"href":"https:\/\/www.mfkegtechnik.com\/de\/wp-json\/wp\/v2\/pages\/3697\/revisions"}],"wp:attachment":[{"href":"https:\/\/www.mfkegtechnik.com\/de\/wp-json\/wp\/v2\/media?parent=3697"}],"curies":[{"name":"wp","href":"https:\/\/api.w.org\/{rel}","templated":true}]}}