{"id":4946,"date":"2017-05-22T16:34:09","date_gmt":"2017-05-22T15:34:09","guid":{"rendered":"http:\/\/www.mfkegtechnik.com\/global-sales-partners\/"},"modified":"2026-02-13T16:17:11","modified_gmt":"2026-02-13T15:17:11","slug":"vertriebspartner","status":"publish","type":"page","link":"https:\/\/www.mfkegtechnik.com\/de\/vertriebspartner\/","title":{"rendered":"Weltweite Vertriebspartner"},"content":{"rendered":"<div id=\"pl-4946\"  class=\"panel-layout\" ><div id=\"pg-4946-0\"  class=\"panel-grid panel-has-style\" ><div class=\"siteorigin-panels-stretch panel-row-style panel-row-style-for-4946-0\" data-stretch-type=\"full\" ><div id=\"pgc-4946-0-0\"  class=\"panel-grid-cell panel-grid-cell-empty\" ><\/div><div id=\"pgc-4946-0-1\"  class=\"panel-grid-cell panel-grid-cell-mobile-last\" ><div id=\"panel-4946-0-1-0\" class=\"so-panel widget widget_sow-headline panel-first-child\" data-index=\"0\" ><div class=\"panel-widget-style panel-widget-style-for-4946-0-1-0\" ><div\n\t\t\t\n\t\t\tclass=\"so-widget-sow-headline so-widget-sow-headline-default-085437391305-4946\"\n\t\t\t\n\t\t><div class=\"sow-headline-container \">\n\t\t\t\t\t\t\t<h2 class=\"sow-headline\">\n\t\t\t\t\t\tWeltweite Vertriebspartner\t\t\t\t\t\t<\/h2>\n\t\t\t\t\t\t<\/div>\n<\/div><\/div><\/div><div id=\"panel-4946-0-1-1\" class=\"so-panel widget widget_sow-image panel-last-child\" data-index=\"1\" ><div class=\"panel-widget-style panel-widget-style-for-4946-0-1-1\" ><div\n\t\t\t\n\t\t\tclass=\"so-widget-sow-image so-widget-sow-image-default-c67d20f9f743-4946\"\n\t\t\t\n\t\t>\n<div class=\"sow-image-container\">\n\t\t\t<a href=\"https:\/\/www.steelkegassociation.org\/\"\n\t\t\ttarget=\"_blank\" rel=\"noopener noreferrer\" \t\t>\n\t\t\t<img \n\tsrc=\"https:\/\/www.mfkegtechnik.com\/wp-content\/uploads\/2026\/02\/Steel-KEG-Member-e1770995368302.png\" width=\"200\" height=\"72\" sizes=\"(max-width: 200px) 100vw, 200px\" title=\"Steel KEG Member\" alt=\"Steel KEG\" \t\tclass=\"so-widget-image\"\/>\n\t\t\t<\/a><\/div>\n\n<\/div><\/div><\/div><\/div><div id=\"pgc-4946-0-2\"  class=\"panel-grid-cell panel-grid-cell-empty\" ><\/div><\/div><\/div><div id=\"pg-4946-1\"  class=\"panel-grid panel-no-style\" ><div id=\"pgc-4946-1-0\"  class=\"panel-grid-cell\" ><div id=\"panel-4946-1-0-0\" class=\"so-panel widget widget_black-studio-tinymce widget_black_studio_tinymce panel-first-child\" data-index=\"2\" ><div class=\"panel-widget-style panel-widget-style-for-4946-1-0-0\" ><div class=\"textwidget\"><h2 style=\"text-align: center;\"><span style=\"color: #134188; font-size: 24pt;\"><strong><span style=\"font-family: Open Sans;\">S\u00fcdafrika<\/span><\/strong><\/span><\/h2>\n<p style=\"padding-left: 80px;\"><a href=\"http:\/\/dematechsa.com\/\" target=\"_blank\" rel=\"noopener\"><img loading=\"lazy\" decoding=\"async\" class=\"alignnone wp-image-770 size-medium\" src=\"http:\/\/www.mfkegtechnik.com\/wp-content\/uploads\/2017\/05\/Dematech-300x77.jpg\" alt=\"\" width=\"300\" height=\"77\" srcset=\"https:\/\/www.mfkegtechnik.com\/wp-content\/uploads\/2017\/05\/Dematech-300x77.jpg 300w, https:\/\/www.mfkegtechnik.com\/wp-content\/uploads\/2017\/05\/Dematech-768x197.jpg 768w, https:\/\/www.mfkegtechnik.com\/wp-content\/uploads\/2017\/05\/Dematech-1024x263.jpg 1024w, https:\/\/www.mfkegtechnik.com\/wp-content\/uploads\/2017\/05\/Dematech-940x242.jpg 940w, https:\/\/www.mfkegtechnik.com\/wp-content\/uploads\/2017\/05\/Dematech.jpg 1634w\" sizes=\"auto, (max-width: 300px) 100vw, 300px\" \/><\/a><\/p>\n<h3><span style=\"color: #134188; font-family: Open Sans; font-size: 12pt;\"><a style=\"color: #134188;\" href=\"http:\/\/dematechsa.com\/\" target=\"_blank\" rel=\"noopener\"><span lang=\"EN-ZA\"><b>\u00a0\u00a0 Dematech Pty Ltd<\/b><\/span><\/a><\/span><\/h3>\n<h4>\u00a0\u00a0 <span style=\"color: #000000; font-family: Open Sans;\">Dematech ist ein technisches Supportunternehmen, das Ersatzteile vor Ort bereitstellt.<\/span><\/h4>\n<h4><span lang=\"EN-ZA\" style=\"color: #000000; font-family: Open Sans;\">\u00a0 Dematech Pty Ltd. wurde 1993 von Mario und seiner Frau Annemarie gegr\u00fcndet.<\/span><\/h4>\n<h4><span lang=\"EN-US\" style=\"color: #000000; font-family: Open Sans;\">\u00a0 Dematech hat Niederlassungen in \u00c4thiopien, Kenia, Nigeria, Sudan, Angola und Kapstadt (Hauptsitz).<\/span><\/h4>\n<\/div><\/div><\/div><div id=\"panel-4946-1-0-1\" class=\"so-panel widget widget_black-studio-tinymce widget_black_studio_tinymce\" data-index=\"3\" ><div class=\"panel-widget-style panel-widget-style-for-4946-1-0-1\" ><div class=\"textwidget\"><h2 style=\"text-align: center;\"><span style=\"color: #134188; font-family: Open Sans; font-size: 24pt;\"><strong>Israel<\/strong><\/span><\/h2>\n<p>&nbsp;<\/p>\n<p><img loading=\"lazy\" decoding=\"async\" class=\"alignleft wp-image-878 size-medium\" src=\"http:\/\/www.mfkegtechnik.com\/wp-content\/uploads\/2018\/08\/Moses-Beer-300x176.png\" alt=\"\" width=\"300\" height=\"176\" srcset=\"https:\/\/www.mfkegtechnik.com\/wp-content\/uploads\/2018\/08\/Moses-Beer-300x176.png 300w, https:\/\/www.mfkegtechnik.com\/wp-content\/uploads\/2018\/08\/Moses-Beer.png 547w\" sizes=\"auto, (max-width: 300px) 100vw, 300px\" \/><\/p>\n<h3><span lang=\"EN-GB\" style=\"margin: 0px; color: #3d3d3d; font-family: '&amp;quot',serif;\"><span style=\"font-size: medium;\"><span style=\"color: #134188; font-family: Open Sans; font-size: 12pt;\">Moses Beer <\/span>\u00a0\u00a0<\/span><\/span><\/h3>\n<h4 data-wahfont=\"16\"><span style=\"color: #000000; font-family: Open Sans;\">Import und Export von Rohstoffen und Ger\u00e4ten f\u00fcr Bier und Lebensmittel.<\/span><\/h4>\n<h4 style=\"vertical-align: baseline; border-image-outset: 0; border-image-repeat: stretch; border-image-slice: 100%; border-image-source: none; border-image-width: 1; box-sizing: border-box; outline-color: invert; outline-style: none; outline-width: 0px; -webkit-text-stroke-width: 0px; word-spacing: 0px; margin: 0cm 0cm 15.0pt 0cm;\" data-wahfont=\"16\"><span style=\"color: #000000; font-family: Open Sans;\">Lokale Pr\u00e4senz auf einem globalen Markt!<\/span><\/h4>\n<p>&nbsp;<\/p>\n<p>&nbsp;<\/p>\n<p>&nbsp;<\/p>\n<\/div><\/div><\/div><div id=\"panel-4946-1-0-2\" class=\"so-panel widget widget_black-studio-tinymce widget_black_studio_tinymce\" data-index=\"4\" ><div class=\"panel-widget-style panel-widget-style-for-4946-1-0-2\" ><div class=\"textwidget\"><h2 style=\"text-align: center;\"><span style=\"color: #134188; font-size: 24pt;\"><strong><span style=\"font-family: Open Sans;\">Vereinigte Staaten von Amerika<\/span><\/strong><\/span><\/h2>\n<p style=\"padding-left: 80px;\"><a href=\"https:\/\/prowm.com\/\" target=\"_blank\" rel=\"noopener\"><img loading=\"lazy\" decoding=\"async\" class=\"leftimage alignnone\" src=\"http:\/\/prowm.com\/images\/pro_logo1.gif\" alt=\"Pro Engineering &amp; Manufacturing\" width=\"450\" height=\"97\" border=\"0\" \/><\/a><\/p>\n<h3><span style=\"color: #134188; font-family: Open Sans; font-size: 12pt;\"><strong><a style=\"color: #134188;\" href=\"http:\/\/prowm.com\/\" target=\"_blank\" rel=\"noopener\">\u00a0 Pro Engineering USA<\/a><\/strong><\/span><\/h3>\n<h4>\u00a0<span style=\"color: #000000; font-family: Open Sans;\"> Installations- und Servicepartner in den USA. <\/span><\/h4>\n<h4><span style=\"color: #000000; font-family: Open Sans;\">\u00a0 Spezialist f\u00fcr Pasteurisierungstunnel und Verpackungsl\u00f6sungen. <\/span><\/h4>\n<h4><span style=\"color: #000000; font-family: Open Sans;\">\u00a0 Betrieb aus Milwaukee, Wisconsin.<\/span><\/h4>\n<\/div><\/div><\/div><div id=\"panel-4946-1-0-3\" class=\"so-panel widget widget_black-studio-tinymce widget_black_studio_tinymce\" data-index=\"5\" ><div class=\"panel-widget-style panel-widget-style-for-4946-1-0-3\" ><div class=\"textwidget\"><h2 style=\"text-align: center;\"><span style=\"color: #134188; font-family: Open Sans; font-size: 24pt;\"><b class=\"b5\">Baltischen Staaten<\/b><\/span><\/h2>\n<p style=\"padding-left: 80px;\">\n<p>&nbsp;<\/p>\n<h3><strong><span style=\"color: #134188; font-family: Open Sans; font-size: 12pt;\">\u00a0Liucija Usonyte<\/span><\/strong><\/h3>\n<h4><span style=\"color: #000000; font-family: Open Sans;\">\u00a0 Estland \/ Litauen \/ Lettland werden mit unserem langj\u00e4hrigen Partner A Priori bedient.<\/span><\/h4>\n<h4><span style=\"color: #000000; font-family: Open Sans;\">\u00a0 Liucija Usonyte hilft Ihnen bei Ihren KEG-Reinigungs- und Bef\u00fcllungsanfragen.<\/span><\/h4>\n<\/div><\/div><\/div><div id=\"panel-4946-1-0-4\" class=\"so-panel widget widget_black-studio-tinymce widget_black_studio_tinymce\" data-index=\"6\" ><div class=\"panel-widget-style panel-widget-style-for-4946-1-0-4\" ><div class=\"textwidget\"><h2 style=\"text-align: center;\"><span style=\"color: #134188; font-family: Open Sans; font-size: 24pt;\"><strong>Frankreich<\/strong><\/span><\/h2>\n<p style=\"padding-left: 80px;\"><span lang=\"FR\"><span style=\"color: #000000; font-family: Calibri; font-size: medium;\"><a href=\"https:\/\/brasseurs-independants.fr\/\" target=\"_blank\" rel=\"noopener\"><img loading=\"lazy\" decoding=\"async\" class=\"alignleft wp-image-560 size-full\" src=\"http:\/\/www.mfkegtechnik.com\/wp-content\/uploads\/2017\/03\/Neues-Bild.png\" alt=\"\" width=\"228\" height=\"157\" \/><\/a><\/span><\/span><\/p>\n<p>&nbsp;<\/p>\n<p>&nbsp;<\/p>\n<p>&nbsp;<\/p>\n<p>&nbsp;<\/p>\n<p>&nbsp;<\/p>\n<h3><span style=\"color: #134188; font-family: Open Sans; font-size: 12pt;\"><a style=\"color: #134188;\" href=\"https:\/\/brasseurs-independants.fr\/\" target=\"_blank\" rel=\"noopener\"><span lang=\"FR\">\u00a0Syndicat National des Brasseurs Ind\u00e9pendants<\/span><\/a><\/span><\/h3>\n<p>&nbsp;<\/p>\n<\/div><\/div><\/div><div id=\"panel-4946-1-0-5\" class=\"so-panel widget widget_black-studio-tinymce widget_black_studio_tinymce panel-last-child\" data-index=\"7\" ><div class=\"panel-widget-style panel-widget-style-for-4946-1-0-5\" ><div class=\"textwidget\"><h1 style=\"text-align: center;\"><span style=\"font-size: 24pt;\"><strong><span style=\"color: #134188; font-family: Open Sans;\">Spanien<\/span><\/strong><\/span><\/h1>\n<p style=\"padding-left: 40px;\"><img loading=\"lazy\" decoding=\"async\" class=\"alignnone wp-image-5079 size-full\" src=\"http:\/\/www.mfkegtechnik.com\/wp-content\/uploads\/2019\/08\/NEMAP.png\" alt=\"\" width=\"555\" height=\"81\" srcset=\"https:\/\/www.mfkegtechnik.com\/wp-content\/uploads\/2019\/08\/NEMAP.png 555w, https:\/\/www.mfkegtechnik.com\/wp-content\/uploads\/2019\/08\/NEMAP-300x44.png 300w\" sizes=\"auto, (max-width: 555px) 100vw, 555px\" \/><\/p>\n<h3 style=\"padding-left: 40px;\"><span style=\"color: #134188; font-family: Open Sans;\"><strong>NEMAP<\/strong><\/span><\/h3>\n<h4><span style=\"color: #000000;\">\u00a0\u00a0 <span style=\"font-family: Open Sans;\">Montcau, 5<\/span><\/span><\/h4>\n<h4><span style=\"color: #000000; font-family: Open Sans;\">\u00a0\u00a0 08192 Sant Quirze del Vall\u00e8s (Barcelona)<\/span><\/h4>\n<h4><span style=\"color: #000000; font-family: Open Sans;\">\u00a0\u00a0 Telefon : 608 716 311 - 673 608 746<\/span><\/h4>\n<h4><span style=\"color: #000000; font-family: Open Sans;\">\u00a0\u00a0 E-mail : ctorrents@nemap.es<\/span><\/h4>\n<\/div><\/div><\/div><\/div><\/div><div id=\"pg-4946-2\"  class=\"panel-grid panel-has-style\" ><div class=\"siteorigin-panels-stretch panel-row-style panel-row-style-for-4946-2\" data-stretch-type=\"full\" ><div id=\"pgc-4946-2-0\"  class=\"panel-grid-cell\" ><div id=\"panel-4946-2-0-0\" class=\"so-panel widget widget_sow-button panel-first-child panel-last-child\" data-index=\"8\" ><div\n\t\t\t\n\t\t\tclass=\"so-widget-sow-button so-widget-sow-button-atom-f54c0409268f-4946\"\n\t\t\t\n\t\t><div class=\"ow-button-base ow-button-align-center\"\n>\n\t\t\t<a\n\t\t\t\t\thref=\"https:\/\/www.mfkegtechnik.com\/de\/keg-lieferanten\/\"\n\t\t\t\t\tclass=\"sowb-button ow-icon-placement-left ow-button-hover\" \t>\n\t\t<span>\n\t\t\t\n\t\t\tKEG Lieferanten\t\t<\/span>\n\t\t\t<\/a>\n\t<\/div>\n<\/div><\/div><\/div><\/div><\/div><\/div>","protected":false},"excerpt":{"rendered":"<p>S\u00fcdafrika \u00a0\u00a0 Dematech Pty Ltd \u00a0\u00a0 Dematech ist ein technisches Supportunternehmen, das Ersatzteile vor Ort bereitstellt. \u00a0 Dematech Pty Ltd. wurde 1993 von Mario und seiner Frau Annemarie gegr\u00fcndet. \u00a0 Dematech hat Niederlassungen in \u00c4thiopien, Kenia, Nigeria, Sudan, Angola und Kapstadt (Hauptsitz). Israel &nbsp; Moses Beer \u00a0\u00a0 Import und Export von Rohstoffen und Ger\u00e4ten f\u00fcr Bier und Lebensmittel. Lokale Pr\u00e4senz auf einem globalen Markt! &nbsp; &nbsp; &nbsp; Vereinigte Staaten von &hellip;<a class=\"excerpt\" href=\"https:\/\/www.mfkegtechnik.com\/de\/vertriebspartner\/\">Read More<\/a><\/p>\n","protected":false},"author":1,"featured_media":0,"parent":0,"menu_order":0,"comment_status":"closed","ping_status":"closed","template":"","meta":{"footnotes":""},"class_list":["post-4946","page","type-page","status-publish","hentry"],"yoast_head":"<!-- This site is optimized with the Yoast SEO plugin v27.3 - https:\/\/yoast.com\/product\/yoast-seo-wordpress\/ -->\n<title>Weltweite Vertriebspartner - m+f KEG-Technik GmbH &amp; Co. KG<\/title>\n<meta name=\"description\" content=\"Auf dieser Seite erfahren Sie mehr \u00fcber unsere Vertriebspartner. Wenn Sie einer unserer Partner werden m\u00f6chten, z\u00f6gern Sie nicht uns zu kontaktieren!\" \/>\n<meta name=\"robots\" content=\"index, follow, max-snippet:-1, max-image-preview:large, max-video-preview:-1\" \/>\n<link rel=\"canonical\" href=\"https:\/\/www.mfkegtechnik.com\/de\/vertriebspartner\/\" \/>\n<meta property=\"og:locale\" content=\"de_DE\" \/>\n<meta property=\"og:type\" content=\"article\" \/>\n<meta property=\"og:title\" content=\"Weltweite Vertriebspartner - m+f KEG-Technik GmbH &amp; Co. KG\" \/>\n<meta property=\"og:description\" content=\"Auf dieser Seite erfahren Sie mehr \u00fcber unsere Vertriebspartner. Wenn Sie einer unserer Partner werden m\u00f6chten, z\u00f6gern Sie nicht uns zu kontaktieren!\" \/>\n<meta property=\"og:url\" content=\"https:\/\/www.mfkegtechnik.com\/de\/vertriebspartner\/\" \/>\n<meta property=\"og:site_name\" content=\"m+f KEG-Technik GmbH &amp; Co. KG\" \/>\n<meta property=\"article:modified_time\" content=\"2026-02-13T15:17:11+00:00\" \/>\n<meta property=\"og:image\" content=\"http:\/\/www.mfkegtechnik.com\/wp-content\/uploads\/2017\/05\/Dematech-300x77.jpg\" \/>\n<meta name=\"twitter:card\" content=\"summary_large_image\" \/>\n<meta name=\"twitter:label1\" content=\"Gesch\u00e4tzte Lesezeit\" \/>\n\t<meta name=\"twitter:data1\" content=\"2\u00a0Minuten\" \/>\n<script type=\"application\/ld+json\" class=\"yoast-schema-graph\">{\"@context\":\"https:\\\/\\\/schema.org\",\"@graph\":[{\"@type\":\"WebPage\",\"@id\":\"https:\\\/\\\/www.mfkegtechnik.com\\\/de\\\/vertriebspartner\\\/\",\"url\":\"https:\\\/\\\/www.mfkegtechnik.com\\\/de\\\/vertriebspartner\\\/\",\"name\":\"Weltweite Vertriebspartner - m+f KEG-Technik GmbH &amp; Co. KG\",\"isPartOf\":{\"@id\":\"https:\\\/\\\/www.mfkegtechnik.com\\\/de\\\/#website\"},\"primaryImageOfPage\":{\"@id\":\"https:\\\/\\\/www.mfkegtechnik.com\\\/de\\\/vertriebspartner\\\/#primaryimage\"},\"image\":{\"@id\":\"https:\\\/\\\/www.mfkegtechnik.com\\\/de\\\/vertriebspartner\\\/#primaryimage\"},\"thumbnailUrl\":\"http:\\\/\\\/www.mfkegtechnik.com\\\/wp-content\\\/uploads\\\/2017\\\/05\\\/Dematech-300x77.jpg\",\"datePublished\":\"2017-05-22T15:34:09+00:00\",\"dateModified\":\"2026-02-13T15:17:11+00:00\",\"description\":\"Auf dieser Seite erfahren Sie mehr \u00fcber unsere Vertriebspartner. Wenn Sie einer unserer Partner werden m\u00f6chten, z\u00f6gern Sie nicht uns zu kontaktieren!\",\"breadcrumb\":{\"@id\":\"https:\\\/\\\/www.mfkegtechnik.com\\\/de\\\/vertriebspartner\\\/#breadcrumb\"},\"inLanguage\":\"de\",\"potentialAction\":[{\"@type\":\"ReadAction\",\"target\":[\"https:\\\/\\\/www.mfkegtechnik.com\\\/de\\\/vertriebspartner\\\/\"]}]},{\"@type\":\"ImageObject\",\"inLanguage\":\"de\",\"@id\":\"https:\\\/\\\/www.mfkegtechnik.com\\\/de\\\/vertriebspartner\\\/#primaryimage\",\"url\":\"http:\\\/\\\/www.mfkegtechnik.com\\\/wp-content\\\/uploads\\\/2017\\\/05\\\/Dematech-300x77.jpg\",\"contentUrl\":\"http:\\\/\\\/www.mfkegtechnik.com\\\/wp-content\\\/uploads\\\/2017\\\/05\\\/Dematech-300x77.jpg\"},{\"@type\":\"BreadcrumbList\",\"@id\":\"https:\\\/\\\/www.mfkegtechnik.com\\\/de\\\/vertriebspartner\\\/#breadcrumb\",\"itemListElement\":[{\"@type\":\"ListItem\",\"position\":1,\"name\":\"Accueil\",\"item\":\"https:\\\/\\\/www.mfkegtechnik.com\\\/de\\\/\"},{\"@type\":\"ListItem\",\"position\":2,\"name\":\"Weltweite Vertriebspartner\"}]},{\"@type\":\"WebSite\",\"@id\":\"https:\\\/\\\/www.mfkegtechnik.com\\\/de\\\/#website\",\"url\":\"https:\\\/\\\/www.mfkegtechnik.com\\\/de\\\/\",\"name\":\"m+f KEG-Technik GmbH &amp; Co. KG\",\"description\":\"We keep your KEGs clean !\",\"potentialAction\":[{\"@type\":\"SearchAction\",\"target\":{\"@type\":\"EntryPoint\",\"urlTemplate\":\"https:\\\/\\\/www.mfkegtechnik.com\\\/de\\\/?s={search_term_string}\"},\"query-input\":{\"@type\":\"PropertyValueSpecification\",\"valueRequired\":true,\"valueName\":\"search_term_string\"}}],\"inLanguage\":\"de\"}]}<\/script>\n<!-- \/ Yoast SEO plugin. -->","yoast_head_json":{"title":"Weltweite Vertriebspartner - m+f KEG-Technik GmbH &amp; Co. KG","description":"Auf dieser Seite erfahren Sie mehr \u00fcber unsere Vertriebspartner. Wenn Sie einer unserer Partner werden m\u00f6chten, z\u00f6gern Sie nicht uns zu kontaktieren!","robots":{"index":"index","follow":"follow","max-snippet":"max-snippet:-1","max-image-preview":"max-image-preview:large","max-video-preview":"max-video-preview:-1"},"canonical":"https:\/\/www.mfkegtechnik.com\/de\/vertriebspartner\/","og_locale":"de_DE","og_type":"article","og_title":"Weltweite Vertriebspartner - m+f KEG-Technik GmbH &amp; Co. KG","og_description":"Auf dieser Seite erfahren Sie mehr \u00fcber unsere Vertriebspartner. Wenn Sie einer unserer Partner werden m\u00f6chten, z\u00f6gern Sie nicht uns zu kontaktieren!","og_url":"https:\/\/www.mfkegtechnik.com\/de\/vertriebspartner\/","og_site_name":"m+f KEG-Technik GmbH &amp; Co. KG","article_modified_time":"2026-02-13T15:17:11+00:00","og_image":[{"url":"http:\/\/www.mfkegtechnik.com\/wp-content\/uploads\/2017\/05\/Dematech-300x77.jpg","type":"","width":"","height":""}],"twitter_card":"summary_large_image","twitter_misc":{"Gesch\u00e4tzte Lesezeit":"2\u00a0Minuten"},"schema":{"@context":"https:\/\/schema.org","@graph":[{"@type":"WebPage","@id":"https:\/\/www.mfkegtechnik.com\/de\/vertriebspartner\/","url":"https:\/\/www.mfkegtechnik.com\/de\/vertriebspartner\/","name":"Weltweite Vertriebspartner - m+f KEG-Technik GmbH &amp; Co. KG","isPartOf":{"@id":"https:\/\/www.mfkegtechnik.com\/de\/#website"},"primaryImageOfPage":{"@id":"https:\/\/www.mfkegtechnik.com\/de\/vertriebspartner\/#primaryimage"},"image":{"@id":"https:\/\/www.mfkegtechnik.com\/de\/vertriebspartner\/#primaryimage"},"thumbnailUrl":"http:\/\/www.mfkegtechnik.com\/wp-content\/uploads\/2017\/05\/Dematech-300x77.jpg","datePublished":"2017-05-22T15:34:09+00:00","dateModified":"2026-02-13T15:17:11+00:00","description":"Auf dieser Seite erfahren Sie mehr \u00fcber unsere Vertriebspartner. Wenn Sie einer unserer Partner werden m\u00f6chten, z\u00f6gern Sie nicht uns zu kontaktieren!","breadcrumb":{"@id":"https:\/\/www.mfkegtechnik.com\/de\/vertriebspartner\/#breadcrumb"},"inLanguage":"de","potentialAction":[{"@type":"ReadAction","target":["https:\/\/www.mfkegtechnik.com\/de\/vertriebspartner\/"]}]},{"@type":"ImageObject","inLanguage":"de","@id":"https:\/\/www.mfkegtechnik.com\/de\/vertriebspartner\/#primaryimage","url":"http:\/\/www.mfkegtechnik.com\/wp-content\/uploads\/2017\/05\/Dematech-300x77.jpg","contentUrl":"http:\/\/www.mfkegtechnik.com\/wp-content\/uploads\/2017\/05\/Dematech-300x77.jpg"},{"@type":"BreadcrumbList","@id":"https:\/\/www.mfkegtechnik.com\/de\/vertriebspartner\/#breadcrumb","itemListElement":[{"@type":"ListItem","position":1,"name":"Accueil","item":"https:\/\/www.mfkegtechnik.com\/de\/"},{"@type":"ListItem","position":2,"name":"Weltweite Vertriebspartner"}]},{"@type":"WebSite","@id":"https:\/\/www.mfkegtechnik.com\/de\/#website","url":"https:\/\/www.mfkegtechnik.com\/de\/","name":"m+f KEG-Technik GmbH &amp; Co. KG","description":"We keep your KEGs clean !","potentialAction":[{"@type":"SearchAction","target":{"@type":"EntryPoint","urlTemplate":"https:\/\/www.mfkegtechnik.com\/de\/?s={search_term_string}"},"query-input":{"@type":"PropertyValueSpecification","valueRequired":true,"valueName":"search_term_string"}}],"inLanguage":"de"}]}},"_links":{"self":[{"href":"https:\/\/www.mfkegtechnik.com\/de\/wp-json\/wp\/v2\/pages\/4946","targetHints":{"allow":["GET"]}}],"collection":[{"href":"https:\/\/www.mfkegtechnik.com\/de\/wp-json\/wp\/v2\/pages"}],"about":[{"href":"https:\/\/www.mfkegtechnik.com\/de\/wp-json\/wp\/v2\/types\/page"}],"author":[{"embeddable":true,"href":"https:\/\/www.mfkegtechnik.com\/de\/wp-json\/wp\/v2\/users\/1"}],"replies":[{"embeddable":true,"href":"https:\/\/www.mfkegtechnik.com\/de\/wp-json\/wp\/v2\/comments?post=4946"}],"version-history":[{"count":16,"href":"https:\/\/www.mfkegtechnik.com\/de\/wp-json\/wp\/v2\/pages\/4946\/revisions"}],"predecessor-version":[{"id":20770,"href":"https:\/\/www.mfkegtechnik.com\/de\/wp-json\/wp\/v2\/pages\/4946\/revisions\/20770"}],"wp:attachment":[{"href":"https:\/\/www.mfkegtechnik.com\/de\/wp-json\/wp\/v2\/media?parent=4946"}],"curies":[{"name":"wp","href":"https:\/\/api.w.org\/{rel}","templated":true}]}}