{"id":5004,"date":"2017-05-22T16:32:38","date_gmt":"2017-05-22T15:32:38","guid":{"rendered":"http:\/\/www.mfkegtechnik.com\/keg-suppliers\/"},"modified":"2025-08-25T10:50:36","modified_gmt":"2025-08-25T09:50:36","slug":"keg-lieferanten","status":"publish","type":"page","link":"https:\/\/www.mfkegtechnik.com\/de\/keg-lieferanten\/","title":{"rendered":"KEG Lieferanten"},"content":{"rendered":"<div id=\"pl-5004\"  class=\"panel-layout\" ><div id=\"pg-5004-0\"  class=\"panel-grid panel-has-style\" ><div class=\"siteorigin-panels-stretch panel-row-style panel-row-style-for-5004-0\" data-stretch-type=\"full\" ><div id=\"pgc-5004-0-0\"  class=\"panel-grid-cell\" ><div id=\"panel-5004-0-0-0\" class=\"so-panel widget widget_sow-headline panel-first-child panel-last-child\" data-index=\"0\" ><div class=\"panel-widget-style panel-widget-style-for-5004-0-0-0\" ><div\n\t\t\t\n\t\t\tclass=\"so-widget-sow-headline so-widget-sow-headline-default-a9a0c8c2a2b3-5004\"\n\t\t\t\n\t\t><div class=\"sow-headline-container \">\n\t\t\t\t\t\t\t<h2 class=\"sow-headline\">\n\t\t\t\t\t\tKEG Lieferanten\t\t\t\t\t\t<\/h2>\n\t\t\t\t\t\t<\/div>\n<\/div><\/div><\/div><\/div><\/div><\/div><div id=\"pg-5004-1\"  class=\"panel-grid panel-no-style\" ><div id=\"pgc-5004-1-0\"  class=\"panel-grid-cell\" ><div id=\"panel-5004-1-0-0\" class=\"so-panel widget widget_black-studio-tinymce widget_black_studio_tinymce panel-first-child\" data-index=\"1\" ><div class=\"panel-widget-style panel-widget-style-for-5004-1-0-0\" ><div class=\"textwidget\"><h2 style=\"text-align: center;\"><span style=\"color: #000000; font-family: Open Sans; font-size: 18pt;\"><strong>Edelstahl-KEGs von Thielmann<\/strong><\/span><\/h2>\n<p><a href=\"http:\/\/thielmann.com\/product_category\/kegs\/\" target=\"_blank\" rel=\"noopener\"><img loading=\"lazy\" decoding=\"async\" class=\"aligncenter\" src=\"http:\/\/mfkegtechnik.com\/wp-content\/uploads\/2017\/05\/logo-thielmann.png\" width=\"393\" height=\"69\" \/><\/a><\/p>\n<\/div><\/div><\/div><div id=\"panel-5004-1-0-1\" class=\"so-panel widget widget_black-studio-tinymce widget_black_studio_tinymce\" data-index=\"2\" ><div class=\"panel-widget-style panel-widget-style-for-5004-1-0-1\" ><div class=\"textwidget\"><h2 style=\"text-align: center;\"><span style=\"color: #000000; font-family: Open Sans; font-size: 18pt;\"><strong>Edelstahl-KEGs von <\/strong><\/span><span style=\"color: #000000; font-family: Open Sans; font-size: 18pt;\"><strong>Blefa Franken <\/strong><\/span><\/h2>\n<p><a href=\"http:\/\/www.blefakegs.de\/blefa-kegs\/\" target=\"_blank\" rel=\"noopener\"><img loading=\"lazy\" decoding=\"async\" class=\"wp-image-669 size-full aligncenter\" src=\"http:\/\/mfkegtechnik.com\/wp-content\/uploads\/2017\/05\/BLEFA_LOGO.png\" width=\"165\" height=\"50\" \/><\/a><\/p>\n<\/div><\/div><\/div><div id=\"panel-5004-1-0-2\" class=\"so-panel widget widget_black-studio-tinymce widget_black_studio_tinymce\" data-index=\"3\" ><div class=\"panel-widget-style panel-widget-style-for-5004-1-0-2\" ><div class=\"textwidget\"><h2 style=\"text-align: center;\"><span style=\"color: #000000; font-family: Open Sans; font-size: 18pt;\"><strong>Einweg-KEGs von KeyKeg<\/strong><\/span><\/h2>\n<p><a href=\"https:\/\/www.keykeg.com\/\" target=\"_blank\" rel=\"noopener\"><img loading=\"lazy\" decoding=\"async\" class=\"wp-image-242 size-full aligncenter\" src=\"https:\/\/www.mfkegtechnik.com\/wp-content\/uploads\/2021\/03\/KeyKeg_Logo.jpg\" width=\"218\" height=\"138\" \/><\/a><\/p>\n<\/div><\/div><\/div><div id=\"panel-5004-1-0-3\" class=\"so-panel widget widget_black-studio-tinymce widget_black_studio_tinymce\" data-index=\"4\" ><div class=\"panel-widget-style panel-widget-style-for-5004-1-0-3\" ><div class=\"textwidget\"><h2 style=\"text-align: center;\"><span style=\"color: #000000; font-family: Open Sans; font-size: 18pt;\"><strong>Einweg-KEGs von Dolium <\/strong><\/span><\/h2>\n<p><strong><span style=\"color: #000000;\"><a href=\"http:\/\/dolium.eu\/\" target=\"_blank\" rel=\"noopener\"><img loading=\"lazy\" decoding=\"async\" class=\"wp-image-239 size-full aligncenter\" src=\"http:\/\/mfkegtechnik.com\/wp-content\/uploads\/2017\/01\/Logo-Dolium.png\" width=\"220\" height=\"81\" \/><\/a><\/span><\/strong><\/p>\n<\/div><\/div><\/div><div id=\"panel-5004-1-0-4\" class=\"so-panel widget widget_black-studio-tinymce widget_black_studio_tinymce\" data-index=\"5\" ><div class=\"panel-widget-style panel-widget-style-for-5004-1-0-4\" ><div class=\"textwidget\"><h2 style=\"text-align: center;\"><span style=\"font-family: Open Sans; font-size: 18pt;\"><strong><span style=\"color: #000000;\">Mietbare KEGs von Kegstar <\/span><\/strong><\/span><\/h2>\n<p><strong><span style=\"color: #000000;\"><a href=\"https:\/\/www.kegstar.com\/\" target=\"_blank\" rel=\"noopener\"><img loading=\"lazy\" decoding=\"async\" class=\"wp-image-746 size-full aligncenter\" src=\"http:\/\/mfkegtechnik.com\/wp-content\/uploads\/2017\/05\/rsz_1kegstar.jpg\" width=\"111\" height=\"144\" \/><\/a><\/span><\/strong><\/p>\n<\/div><\/div><\/div><div id=\"panel-5004-1-0-5\" class=\"so-panel widget widget_black-studio-tinymce widget_black_studio_tinymce\" data-index=\"6\" ><div class=\"panel-widget-style panel-widget-style-for-5004-1-0-5\" ><div class=\"textwidget\"><h2 style=\"text-align: center;\"><span style=\"color: #000000; font-family: Open Sans; font-size: 18pt;\"><strong>KEG Verschl\u00fcsse von GP KegCaps<\/strong><\/span><\/h2>\n<p><a href=\"http:\/\/www.gpkegcaps.com\/\" target=\"_blank\" rel=\"noopener\"><img loading=\"lazy\" decoding=\"async\" class=\"wp-image-808 size-full aligncenter\" src=\"http:\/\/mfkegtechnik.com\/wp-content\/uploads\/2017\/05\/GP-Caps.png\" width=\"118\" height=\"118\" \/><\/a><\/p>\n<\/div><\/div><\/div><div id=\"panel-5004-1-0-6\" class=\"so-panel widget widget_black-studio-tinymce widget_black_studio_tinymce panel-last-child\" data-index=\"7\" ><div class=\"panel-widget-style panel-widget-style-for-5004-1-0-6\" ><div class=\"textwidget\"><h2 style=\"text-align: center;\"><span style=\"color: #000000; font-family: Open Sans; font-size: 18pt;\"><strong>Fittinge f\u00fcr KEGs von <\/strong><\/span><span style=\"color: #000000; font-family: Open Sans; font-size: 18pt;\"><strong>Micromatic<\/strong><\/span><\/h2>\n<p><img loading=\"lazy\" decoding=\"async\" class=\"wp-image-800 size-medium aligncenter\" src=\"http:\/\/mfkegtechnik.com\/wp-content\/uploads\/2017\/05\/Micromatic-300x100.png\" width=\"300\" height=\"100\" srcset=\"https:\/\/www.mfkegtechnik.com\/wp-content\/uploads\/2017\/05\/Micromatic-300x100.png 300w, https:\/\/www.mfkegtechnik.com\/wp-content\/uploads\/2017\/05\/Micromatic.png 550w\" sizes=\"auto, (max-width: 300px) 100vw, 300px\" \/><a href=\"https:\/\/www.micro-matic.com\/de-de\/\" target=\"_blank\" rel=\"noopener\"><img loading=\"lazy\" decoding=\"async\" class=\"size-medium wp-image-799 aligncenter\" src=\"http:\/\/mfkegtechnik.com\/wp-content\/uploads\/2017\/05\/Spears-content-300x100.jpg\" alt=\"\" width=\"300\" height=\"100\" srcset=\"https:\/\/www.mfkegtechnik.com\/wp-content\/uploads\/2017\/05\/Spears-content-300x100.jpg 300w, https:\/\/www.mfkegtechnik.com\/wp-content\/uploads\/2017\/05\/Spears-content-768x256.jpg 768w, https:\/\/www.mfkegtechnik.com\/wp-content\/uploads\/2017\/05\/Spears-content-1024x341.jpg 1024w, https:\/\/www.mfkegtechnik.com\/wp-content\/uploads\/2017\/05\/Spears-content-940x313.jpg 940w, https:\/\/www.mfkegtechnik.com\/wp-content\/uploads\/2017\/05\/Spears-content.jpg 1200w\" sizes=\"auto, (max-width: 300px) 100vw, 300px\" \/><\/a><\/p>\n<\/div><\/div><\/div><\/div><\/div><\/div>","protected":false},"excerpt":{"rendered":"<p>Edelstahl-KEGs von Thielmann Edelstahl-KEGs von Blefa Franken Einweg-KEGs von KeyKeg Einweg-KEGs von Dolium Mietbare KEGs von Kegstar KEG Verschl\u00fcsse von GP KegCaps Fittinge f\u00fcr KEGs von Micromatic<\/p>\n","protected":false},"author":1,"featured_media":0,"parent":0,"menu_order":0,"comment_status":"closed","ping_status":"closed","template":"","meta":{"footnotes":""},"class_list":["post-5004","page","type-page","status-publish","hentry"],"yoast_head":"<!-- This site is optimized with the Yoast SEO plugin v27.3 - https:\/\/yoast.com\/product\/yoast-seo-wordpress\/ -->\n<title>KEG Lieferanten - m+f KEG-Technik GmbH &amp; Co. KG<\/title>\n<meta name=\"description\" content=\"Hier erfahren Sie mehr \u00fcber unsere KEG-Lieferanten! F\u00fcr weitere Informationen z\u00f6gern Sie nicht uns zu kontaktieren, wir wil gerne behilflich sein.\" \/>\n<meta name=\"robots\" content=\"index, follow, max-snippet:-1, max-image-preview:large, max-video-preview:-1\" \/>\n<link rel=\"canonical\" href=\"https:\/\/www.mfkegtechnik.com\/de\/keg-lieferanten\/\" \/>\n<meta property=\"og:locale\" content=\"de_DE\" \/>\n<meta property=\"og:type\" content=\"article\" \/>\n<meta property=\"og:title\" content=\"KEG Lieferanten - m+f KEG-Technik GmbH &amp; Co. KG\" \/>\n<meta property=\"og:description\" content=\"Hier erfahren Sie mehr \u00fcber unsere KEG-Lieferanten! F\u00fcr weitere Informationen z\u00f6gern Sie nicht uns zu kontaktieren, wir wil gerne behilflich sein.\" \/>\n<meta property=\"og:url\" content=\"https:\/\/www.mfkegtechnik.com\/de\/keg-lieferanten\/\" \/>\n<meta property=\"og:site_name\" content=\"m+f KEG-Technik GmbH &amp; Co. KG\" \/>\n<meta property=\"article:modified_time\" content=\"2025-08-25T09:50:36+00:00\" \/>\n<meta property=\"og:image\" content=\"http:\/\/mfkegtechnik.com\/wp-content\/uploads\/2017\/05\/logo-thielmann.png\" \/>\n<meta name=\"twitter:card\" content=\"summary_large_image\" \/>\n<meta name=\"twitter:label1\" content=\"Gesch\u00e4tzte Lesezeit\" \/>\n\t<meta name=\"twitter:data1\" content=\"2\u00a0Minuten\" \/>\n<script type=\"application\/ld+json\" class=\"yoast-schema-graph\">{\"@context\":\"https:\\\/\\\/schema.org\",\"@graph\":[{\"@type\":\"WebPage\",\"@id\":\"https:\\\/\\\/www.mfkegtechnik.com\\\/de\\\/keg-lieferanten\\\/\",\"url\":\"https:\\\/\\\/www.mfkegtechnik.com\\\/de\\\/keg-lieferanten\\\/\",\"name\":\"KEG Lieferanten - m+f KEG-Technik GmbH &amp; Co. KG\",\"isPartOf\":{\"@id\":\"https:\\\/\\\/www.mfkegtechnik.com\\\/de\\\/#website\"},\"primaryImageOfPage\":{\"@id\":\"https:\\\/\\\/www.mfkegtechnik.com\\\/de\\\/keg-lieferanten\\\/#primaryimage\"},\"image\":{\"@id\":\"https:\\\/\\\/www.mfkegtechnik.com\\\/de\\\/keg-lieferanten\\\/#primaryimage\"},\"thumbnailUrl\":\"http:\\\/\\\/mfkegtechnik.com\\\/wp-content\\\/uploads\\\/2017\\\/05\\\/logo-thielmann.png\",\"datePublished\":\"2017-05-22T15:32:38+00:00\",\"dateModified\":\"2025-08-25T09:50:36+00:00\",\"description\":\"Hier erfahren Sie mehr \u00fcber unsere KEG-Lieferanten! F\u00fcr weitere Informationen z\u00f6gern Sie nicht uns zu kontaktieren, wir wil gerne behilflich sein.\",\"breadcrumb\":{\"@id\":\"https:\\\/\\\/www.mfkegtechnik.com\\\/de\\\/keg-lieferanten\\\/#breadcrumb\"},\"inLanguage\":\"de\",\"potentialAction\":[{\"@type\":\"ReadAction\",\"target\":[\"https:\\\/\\\/www.mfkegtechnik.com\\\/de\\\/keg-lieferanten\\\/\"]}]},{\"@type\":\"ImageObject\",\"inLanguage\":\"de\",\"@id\":\"https:\\\/\\\/www.mfkegtechnik.com\\\/de\\\/keg-lieferanten\\\/#primaryimage\",\"url\":\"http:\\\/\\\/mfkegtechnik.com\\\/wp-content\\\/uploads\\\/2017\\\/05\\\/logo-thielmann.png\",\"contentUrl\":\"http:\\\/\\\/mfkegtechnik.com\\\/wp-content\\\/uploads\\\/2017\\\/05\\\/logo-thielmann.png\"},{\"@type\":\"BreadcrumbList\",\"@id\":\"https:\\\/\\\/www.mfkegtechnik.com\\\/de\\\/keg-lieferanten\\\/#breadcrumb\",\"itemListElement\":[{\"@type\":\"ListItem\",\"position\":1,\"name\":\"Accueil\",\"item\":\"https:\\\/\\\/www.mfkegtechnik.com\\\/de\\\/\"},{\"@type\":\"ListItem\",\"position\":2,\"name\":\"KEG Lieferanten\"}]},{\"@type\":\"WebSite\",\"@id\":\"https:\\\/\\\/www.mfkegtechnik.com\\\/de\\\/#website\",\"url\":\"https:\\\/\\\/www.mfkegtechnik.com\\\/de\\\/\",\"name\":\"m+f KEG-Technik GmbH &amp; Co. KG\",\"description\":\"We keep your KEGs clean !\",\"potentialAction\":[{\"@type\":\"SearchAction\",\"target\":{\"@type\":\"EntryPoint\",\"urlTemplate\":\"https:\\\/\\\/www.mfkegtechnik.com\\\/de\\\/?s={search_term_string}\"},\"query-input\":{\"@type\":\"PropertyValueSpecification\",\"valueRequired\":true,\"valueName\":\"search_term_string\"}}],\"inLanguage\":\"de\"}]}<\/script>\n<!-- \/ Yoast SEO plugin. -->","yoast_head_json":{"title":"KEG Lieferanten - m+f KEG-Technik GmbH &amp; Co. KG","description":"Hier erfahren Sie mehr \u00fcber unsere KEG-Lieferanten! F\u00fcr weitere Informationen z\u00f6gern Sie nicht uns zu kontaktieren, wir wil gerne behilflich sein.","robots":{"index":"index","follow":"follow","max-snippet":"max-snippet:-1","max-image-preview":"max-image-preview:large","max-video-preview":"max-video-preview:-1"},"canonical":"https:\/\/www.mfkegtechnik.com\/de\/keg-lieferanten\/","og_locale":"de_DE","og_type":"article","og_title":"KEG Lieferanten - m+f KEG-Technik GmbH &amp; Co. KG","og_description":"Hier erfahren Sie mehr \u00fcber unsere KEG-Lieferanten! F\u00fcr weitere Informationen z\u00f6gern Sie nicht uns zu kontaktieren, wir wil gerne behilflich sein.","og_url":"https:\/\/www.mfkegtechnik.com\/de\/keg-lieferanten\/","og_site_name":"m+f KEG-Technik GmbH &amp; Co. KG","article_modified_time":"2025-08-25T09:50:36+00:00","og_image":[{"url":"http:\/\/mfkegtechnik.com\/wp-content\/uploads\/2017\/05\/logo-thielmann.png","type":"","width":"","height":""}],"twitter_card":"summary_large_image","twitter_misc":{"Gesch\u00e4tzte Lesezeit":"2\u00a0Minuten"},"schema":{"@context":"https:\/\/schema.org","@graph":[{"@type":"WebPage","@id":"https:\/\/www.mfkegtechnik.com\/de\/keg-lieferanten\/","url":"https:\/\/www.mfkegtechnik.com\/de\/keg-lieferanten\/","name":"KEG Lieferanten - m+f KEG-Technik GmbH &amp; Co. KG","isPartOf":{"@id":"https:\/\/www.mfkegtechnik.com\/de\/#website"},"primaryImageOfPage":{"@id":"https:\/\/www.mfkegtechnik.com\/de\/keg-lieferanten\/#primaryimage"},"image":{"@id":"https:\/\/www.mfkegtechnik.com\/de\/keg-lieferanten\/#primaryimage"},"thumbnailUrl":"http:\/\/mfkegtechnik.com\/wp-content\/uploads\/2017\/05\/logo-thielmann.png","datePublished":"2017-05-22T15:32:38+00:00","dateModified":"2025-08-25T09:50:36+00:00","description":"Hier erfahren Sie mehr \u00fcber unsere KEG-Lieferanten! F\u00fcr weitere Informationen z\u00f6gern Sie nicht uns zu kontaktieren, wir wil gerne behilflich sein.","breadcrumb":{"@id":"https:\/\/www.mfkegtechnik.com\/de\/keg-lieferanten\/#breadcrumb"},"inLanguage":"de","potentialAction":[{"@type":"ReadAction","target":["https:\/\/www.mfkegtechnik.com\/de\/keg-lieferanten\/"]}]},{"@type":"ImageObject","inLanguage":"de","@id":"https:\/\/www.mfkegtechnik.com\/de\/keg-lieferanten\/#primaryimage","url":"http:\/\/mfkegtechnik.com\/wp-content\/uploads\/2017\/05\/logo-thielmann.png","contentUrl":"http:\/\/mfkegtechnik.com\/wp-content\/uploads\/2017\/05\/logo-thielmann.png"},{"@type":"BreadcrumbList","@id":"https:\/\/www.mfkegtechnik.com\/de\/keg-lieferanten\/#breadcrumb","itemListElement":[{"@type":"ListItem","position":1,"name":"Accueil","item":"https:\/\/www.mfkegtechnik.com\/de\/"},{"@type":"ListItem","position":2,"name":"KEG Lieferanten"}]},{"@type":"WebSite","@id":"https:\/\/www.mfkegtechnik.com\/de\/#website","url":"https:\/\/www.mfkegtechnik.com\/de\/","name":"m+f KEG-Technik GmbH &amp; Co. KG","description":"We keep your KEGs clean !","potentialAction":[{"@type":"SearchAction","target":{"@type":"EntryPoint","urlTemplate":"https:\/\/www.mfkegtechnik.com\/de\/?s={search_term_string}"},"query-input":{"@type":"PropertyValueSpecification","valueRequired":true,"valueName":"search_term_string"}}],"inLanguage":"de"}]}},"_links":{"self":[{"href":"https:\/\/www.mfkegtechnik.com\/de\/wp-json\/wp\/v2\/pages\/5004","targetHints":{"allow":["GET"]}}],"collection":[{"href":"https:\/\/www.mfkegtechnik.com\/de\/wp-json\/wp\/v2\/pages"}],"about":[{"href":"https:\/\/www.mfkegtechnik.com\/de\/wp-json\/wp\/v2\/types\/page"}],"author":[{"embeddable":true,"href":"https:\/\/www.mfkegtechnik.com\/de\/wp-json\/wp\/v2\/users\/1"}],"replies":[{"embeddable":true,"href":"https:\/\/www.mfkegtechnik.com\/de\/wp-json\/wp\/v2\/comments?post=5004"}],"version-history":[{"count":6,"href":"https:\/\/www.mfkegtechnik.com\/de\/wp-json\/wp\/v2\/pages\/5004\/revisions"}],"predecessor-version":[{"id":6305,"href":"https:\/\/www.mfkegtechnik.com\/de\/wp-json\/wp\/v2\/pages\/5004\/revisions\/6305"}],"wp:attachment":[{"href":"https:\/\/www.mfkegtechnik.com\/de\/wp-json\/wp\/v2\/media?parent=5004"}],"curies":[{"name":"wp","href":"https:\/\/api.w.org\/{rel}","templated":true}]}}