{"id":5375,"date":"2020-12-17T15:16:18","date_gmt":"2020-12-17T14:16:18","guid":{"rendered":"https:\/\/www.mfkegtechnik.com\/?page_id=5375"},"modified":"2023-08-03T20:08:56","modified_gmt":"2023-08-03T19:08:56","slug":"desinfektion","status":"publish","type":"page","link":"https:\/\/www.mfkegtechnik.com\/de\/desinfektion\/","title":{"rendered":"Desinfektion"},"content":{"rendered":"<div id=\"pl-5375\"  class=\"panel-layout\" ><div id=\"pg-5375-0\"  class=\"panel-grid panel-has-style\" ><div class=\"siteorigin-panels-stretch panel-row-style panel-row-style-for-5375-0\" data-stretch-type=\"full\" ><div id=\"pgc-5375-0-0\"  class=\"panel-grid-cell\" ><div id=\"panel-5375-0-0-0\" class=\"so-panel widget widget_sow-headline panel-first-child panel-last-child\" data-index=\"0\" ><div class=\"panel-widget-style panel-widget-style-for-5375-0-0-0\" ><div\n\t\t\t\n\t\t\tclass=\"so-widget-sow-headline so-widget-sow-headline-default-5da121d910df-5375\"\n\t\t\t\n\t\t><div class=\"sow-headline-container \">\n\t\t\t\t\t\t\t<h2 class=\"sow-headline\">\n\t\t\t\t\t\tDesinfektionsmittelspender MDS20\t\t\t\t\t\t<\/h2>\n\t\t\t\t\t\t\t\t\t\t\t<div class=\"decoration\">\n\t\t\t\t\t\t<div class=\"decoration-inside\"><\/div>\n\t\t\t\t\t<\/div>\n\t\t\t\t\t\t\t\t\t\t\t<h4 class=\"sow-sub-headline\">\n\t\t\t\t\t\tMDS20\t\t\t\t\t\t<\/h4>\n\t\t\t\t\t\t<\/div>\n<\/div><\/div><\/div><\/div><\/div><\/div><div id=\"pg-5375-1\"  class=\"panel-grid panel-no-style\" ><div id=\"pgc-5375-1-0\"  class=\"panel-grid-cell\" ><div id=\"panel-5375-1-0-0\" class=\"so-panel widget widget_sow-image panel-first-child panel-last-child\" data-index=\"1\" ><div\n\t\t\t\n\t\t\tclass=\"so-widget-sow-image so-widget-sow-image-default-c67d20f9f743-5375\"\n\t\t\t\n\t\t>\n<div class=\"sow-image-container\">\n\t\t<img \n\tsrc=\"https:\/\/www.mfkegtechnik.com\/wp-content\/uploads\/2021\/01\/IMG_674811-2048x895.jpg\" width=\"2048\" height=\"895\" srcset=\"https:\/\/www.mfkegtechnik.com\/wp-content\/uploads\/2021\/01\/IMG_674811-2048x895.jpg 2048w, https:\/\/www.mfkegtechnik.com\/wp-content\/uploads\/2021\/01\/IMG_674811-300x131.jpg 300w, https:\/\/www.mfkegtechnik.com\/wp-content\/uploads\/2021\/01\/IMG_674811-1024x447.jpg 1024w, https:\/\/www.mfkegtechnik.com\/wp-content\/uploads\/2021\/01\/IMG_674811-768x335.jpg 768w, https:\/\/www.mfkegtechnik.com\/wp-content\/uploads\/2021\/01\/IMG_674811-1536x671.jpg 1536w, https:\/\/www.mfkegtechnik.com\/wp-content\/uploads\/2021\/01\/IMG_674811-940x411.jpg 940w\" sizes=\"(max-width: 2048px) 100vw, 2048px\" title=\"Desinfektion, 3\" alt=\"MDS20\" \t\tclass=\"so-widget-image\"\/>\n\t<\/div>\n\n<\/div><\/div><\/div><\/div><div id=\"pg-5375-2\"  class=\"panel-grid panel-no-style\" ><div id=\"pgc-5375-2-0\"  class=\"panel-grid-cell\" ><div id=\"panel-5375-2-0-0\" class=\"so-panel widget widget_sow-editor panel-first-child panel-last-child\" data-index=\"2\" ><div\n\t\t\t\n\t\t\tclass=\"so-widget-sow-editor so-widget-sow-editor-base\"\n\t\t\t\n\t\t>\n<div class=\"siteorigin-widget-tinymce textwidget\">\n\t<p><span style=\"font-size: 12pt; font-family: 'Open Sans';\">Ein autarkes, umweltvertr\u00e4gliches System, welches zuverl\u00e4ssig das macht, was es soll: Desinfizieren!<\/span><\/p>\n<p><span style=\"font-size: 12pt; font-family: 'Open Sans';\">Viren, Keime und Bakterien sind die unsichtbaren Quellen von Infektionen und Krankheiten und werden in den meisten F\u00e4llen durch direkten oder indirekten Kontakt von Mensch zu Mensch \u00fcbertragen.<\/span><\/p>\n<p><span style=\"font-size: 12pt; font-family: 'Open Sans';\">Insbesondere dort, wo viele Menschen in kurzer Zeit aufeinander treffen, ist das Verbreitungs-, u. Infektionsrisiko am gr\u00f6\u00dften.<\/span><\/p>\n<p><span style=\"font-size: 12pt; font-family: 'Open Sans';\">Die Vermeidung von Lockdown-Ma\u00dfnahmen und Reiseverboten zur Eind\u00e4mmung der Infektionsrisiken bei Epidemien und Pandemien k\u00f6nnen wir sicher nicht alleine bew\u00e4ltigen, aber jeder kann seinen Teil dazu beitragen!<\/span><\/p>\n<p><span style=\"font-size: 12pt; font-family: 'Open Sans';\">Unsere Aufgabe sehen wir darin, Sie dabei zu unterst\u00fctzen, um uns allen diese neue Normalit\u00e4t zu erleichtern.<\/span><\/p>\n<\/div>\n<\/div><\/div><\/div><\/div><div id=\"pg-5375-3\"  class=\"panel-grid panel-no-style\" ><div id=\"pgc-5375-3-0\"  class=\"panel-grid-cell\" ><div id=\"panel-5375-3-0-0\" class=\"so-panel widget widget_sow-editor panel-first-child panel-last-child\" data-index=\"3\" ><div\n\t\t\t\n\t\t\tclass=\"so-widget-sow-editor so-widget-sow-editor-base\"\n\t\t\t\n\t\t>\n<div class=\"siteorigin-widget-tinymce textwidget\">\n\t<p style=\"text-align: left;\"><iframe loading=\"lazy\" src=\"https:\/\/www.youtube.com\/embed\/RlUU_Q2zjSw\" width=\"500\" height=\"250\" frameborder=\"0\" allowfullscreen=\"allowfullscreen\"><\/iframe><\/p>\n<\/div>\n<\/div><\/div><\/div><div id=\"pgc-5375-3-1\"  class=\"panel-grid-cell\" ><div id=\"panel-5375-3-1-0\" class=\"so-panel widget widget_sow-editor panel-first-child panel-last-child\" data-index=\"4\" ><div\n\t\t\t\n\t\t\tclass=\"so-widget-sow-editor so-widget-sow-editor-base\"\n\t\t\t\n\t\t>\n<div class=\"siteorigin-widget-tinymce textwidget\">\n\t<p><iframe loading=\"lazy\" src=\"https:\/\/www.youtube.com\/embed\/svx3b50tJNc\" width=\"500\" height=\"250\" frameborder=\"0\" allowfullscreen=\"allowfullscreen\"><\/iframe><\/p>\n<\/div>\n<\/div><\/div><\/div><\/div><div id=\"pg-5375-4\"  class=\"panel-grid panel-no-style\" ><div id=\"pgc-5375-4-0\"  class=\"panel-grid-cell panel-grid-cell-empty\" ><\/div><\/div><div id=\"pg-5375-5\"  class=\"panel-grid panel-has-style\" ><div class=\"siteorigin-panels-stretch panel-row-style panel-row-style-for-5375-5\" data-stretch-type=\"full\" ><div id=\"pgc-5375-5-0\"  class=\"panel-grid-cell\" ><div id=\"panel-5375-5-0-0\" class=\"so-panel widget widget_sow-headline panel-first-child panel-last-child\" data-index=\"5\" ><div\n\t\t\t\n\t\t\tclass=\"so-widget-sow-headline so-widget-sow-headline-default-1b18b7af42a3-5375\"\n\t\t\t\n\t\t><div class=\"sow-headline-container \">\n\t\t\t\t\t\t\t<h1 class=\"sow-headline\">\n\t\t\t\t\t\tWarum MDS20?\t\t\t\t\t\t<\/h1>\n\t\t\t\t\t\t\t\t\t\t\t<div class=\"decoration\">\n\t\t\t\t\t\t<div class=\"decoration-inside\"><\/div>\n\t\t\t\t\t<\/div>\n\t\t\t\t\t<\/div>\n<\/div><\/div><\/div><\/div><\/div><div id=\"pg-5375-6\"  class=\"panel-grid panel-no-style\" ><div id=\"pgc-5375-6-0\"  class=\"panel-grid-cell\" ><div id=\"panel-5375-6-0-0\" class=\"so-panel widget widget_siteorigin-panels-builder panel-first-child panel-last-child\" data-index=\"6\" ><div id=\"pl-w60d4f367a52de\"  class=\"panel-layout\" ><div id=\"pg-w60d4f367a52de-0\"  class=\"panel-grid panel-no-style\" ><div id=\"pgc-w60d4f367a52de-0-0\"  class=\"panel-grid-cell\" ><div id=\"panel-w60d4f367a52de-0-0-0\" class=\"so-panel widget widget_sow-image panel-first-child\" data-index=\"0\" ><div\n\t\t\t\n\t\t\tclass=\"so-widget-sow-image so-widget-sow-image-default-8b5b6f678277\"\n\t\t\t\n\t\t><\/div><\/div><div id=\"panel-w60d4f367a52de-0-0-1\" class=\"so-panel widget widget_sow-image\" data-index=\"1\" ><div\n\t\t\t\n\t\t\tclass=\"so-widget-sow-image so-widget-sow-image-default-8b5b6f678277\"\n\t\t\t\n\t\t><\/div><\/div><div id=\"panel-w60d4f367a52de-0-0-2\" class=\"so-panel widget widget_sow-image\" data-index=\"2\" ><div\n\t\t\t\n\t\t\tclass=\"so-widget-sow-image so-widget-sow-image-default-c67d20f9f743\"\n\t\t\t\n\t\t>\n<div class=\"sow-image-container\">\n\t\t<img \n\tsrc=\"https:\/\/www.mfkegtechnik.com\/wp-content\/uploads\/2021\/06\/Desinfektion-2.png\" width=\"421\" height=\"260\" srcset=\"https:\/\/www.mfkegtechnik.com\/wp-content\/uploads\/2021\/06\/Desinfektion-2.png 421w, https:\/\/www.mfkegtechnik.com\/wp-content\/uploads\/2021\/06\/Desinfektion-2-300x185.png 300w\" sizes=\"(max-width: 421px) 100vw, 421px\" title=\"Desinfektion 2\" alt=\"\" \t\tclass=\"so-widget-image\"\/>\n\t<\/div>\n\n<\/div><\/div><div id=\"panel-w60d4f367a52de-0-0-3\" class=\"so-panel widget widget_sow-image\" data-index=\"3\" ><div\n\t\t\t\n\t\t\tclass=\"so-widget-sow-image so-widget-sow-image-default-8b5b6f678277\"\n\t\t\t\n\t\t><\/div><\/div><div id=\"panel-w60d4f367a52de-0-0-4\" class=\"so-panel widget widget_sow-image panel-last-child\" data-index=\"4\" ><div\n\t\t\t\n\t\t\tclass=\"so-widget-sow-image so-widget-sow-image-default-8b5b6f678277\"\n\t\t\t\n\t\t>\n<div class=\"sow-image-container\">\n\t\t<img \n\tsrc=\"https:\/\/www.mfkegtechnik.com\/wp-content\/uploads\/2021\/06\/Desinfektion.png\" width=\"845\" height=\"260\" srcset=\"https:\/\/www.mfkegtechnik.com\/wp-content\/uploads\/2021\/06\/Desinfektion.png 845w, https:\/\/www.mfkegtechnik.com\/wp-content\/uploads\/2021\/06\/Desinfektion-300x92.png 300w, https:\/\/www.mfkegtechnik.com\/wp-content\/uploads\/2021\/06\/Desinfektion-768x236.png 768w\" sizes=\"(max-width: 845px) 100vw, 845px\" alt=\"\" \t\tclass=\"so-widget-image\"\/>\n\t<\/div>\n\n<\/div><\/div><\/div><div id=\"pgc-w60d4f367a52de-0-1\"  class=\"panel-grid-cell\" ><div id=\"panel-w60d4f367a52de-0-1-0\" class=\"so-panel widget widget_sow-headline panel-first-child\" data-index=\"5\" ><div\n\t\t\t\n\t\t\tclass=\"so-widget-sow-headline so-widget-sow-headline-default-ead5fcb0c024\"\n\t\t\t\n\t\t><div class=\"sow-headline-container \">\n\t\t\t\t\t\t\t<h1 class=\"sow-headline\">\n\t\t\t\t\t\tMERKMALE\t\t\t\t\t\t<\/h1>\n\t\t\t\t\t\t\t\t\t\t\t<div class=\"decoration\">\n\t\t\t\t\t\t<div class=\"decoration-inside\"><\/div>\n\t\t\t\t\t<\/div>\n\t\t\t\t\t<\/div>\n<\/div><\/div><div id=\"panel-w60d4f367a52de-0-1-1\" class=\"so-panel widget widget_sow-editor\" data-index=\"6\" ><div\n\t\t\t\n\t\t\tclass=\"so-widget-sow-editor so-widget-sow-editor-base\"\n\t\t\t\n\t\t>\n<div class=\"siteorigin-widget-tinymce textwidget\">\n\t<p><span style=\"font-family: 'Open Sans'; font-size: 12pt;\">Flexibel, autark und wartungsarm. <\/span><\/p>\n<p><span style=\"font-family: 'Open Sans'; font-size: 12pt;\">Ob im Outdoor-Bereich oder randaliersicher bei Verstaltungen. Der MDS20 kann ber\u00fchrungslos die H\u00e4nde desinfizieren.<\/span><\/p>\n<p><span style=\"font-family: 'Open Sans'; font-size: 12pt;\">Ein sicheres Mengendesinfektionskonzept f\u00fcr hochfrequente Bereiche (z.B. Schulen, Flugh\u00e4fen, Messen, Stadien, Krankenh\u00e4usern, uvm.).<\/span><\/p>\n<p><span style=\"font-family: 'Open Sans'; font-size: 12pt;\">Die Handhabung im Transport, in der Anwendung und in der Lagerung ist kinderleicht.<\/span><\/p>\n<p><span style=\"font-size: 12pt; font-family: 'Open Sans';\">Mit dem Mehrwegsystem sorgen wir f\u00fcr einen umweltfreundlichen und geschlossenen Kreislauf.<\/span><\/p>\n<\/div>\n<\/div><\/div><div id=\"panel-w60d4f367a52de-0-1-2\" class=\"so-panel widget widget_sow-headline\" data-index=\"7\" ><div\n\t\t\t\n\t\t\tclass=\"so-widget-sow-headline so-widget-sow-headline-default-ead5fcb0c024\"\n\t\t\t\n\t\t><div class=\"sow-headline-container \">\n\t\t\t\t\t\t\t<h1 class=\"sow-headline\">\n\t\t\t\t\t\tTECHNISCHE DATEN\t\t\t\t\t\t<\/h1>\n\t\t\t\t\t\t\t\t\t\t\t<div class=\"decoration\">\n\t\t\t\t\t\t<div class=\"decoration-inside\"><\/div>\n\t\t\t\t\t<\/div>\n\t\t\t\t\t<\/div>\n<\/div><\/div><div id=\"panel-w60d4f367a52de-0-1-3\" class=\"so-panel widget widget_sow-editor panel-last-child\" data-index=\"8\" ><div\n\t\t\t\n\t\t\tclass=\"so-widget-sow-editor so-widget-sow-editor-base\"\n\t\t\t\n\t\t>\n<div class=\"siteorigin-widget-tinymce textwidget\">\n\t<p><span style=\"font-family: 'Open Sans'; font-size: 12pt;\"><strong>Dosierung:<\/strong> 1,5ml pro Vorgang<\/span><\/p>\n<p><span style=\"font-family: 'Open Sans'; font-size: 12pt;\"><strong>Inhalt der Edelstahlcontainer:<\/strong> 20, 30 oder 50 Liter\u00a0<\/span><\/p>\n<\/div>\n<\/div><\/div><\/div><\/div><\/div><\/div><\/div><\/div><div id=\"pg-5375-7\"  class=\"panel-grid panel-no-style\" ><div id=\"pgc-5375-7-0\"  class=\"panel-grid-cell panel-grid-cell-empty\" ><\/div><\/div><div id=\"pg-5375-8\"  class=\"panel-grid panel-no-style\" ><div id=\"pgc-5375-8-0\"  class=\"panel-grid-cell\" ><div id=\"panel-5375-8-0-0\" class=\"so-panel widget widget_sow-headline panel-first-child panel-last-child\" data-index=\"7\" ><div\n\t\t\t\n\t\t\tclass=\"so-widget-sow-headline so-widget-sow-headline-default-1b18b7af42a3-5375\"\n\t\t\t\n\t\t><div class=\"sow-headline-container \">\n\t\t\t\t\t\t\t<h1 class=\"sow-headline\">\n\t\t\t\t\t\tMade in Germany\t\t\t\t\t\t<\/h1>\n\t\t\t\t\t\t\t\t\t\t\t<div class=\"decoration\">\n\t\t\t\t\t\t<div class=\"decoration-inside\"><\/div>\n\t\t\t\t\t<\/div>\n\t\t\t\t\t<\/div>\n<\/div><\/div><\/div><\/div><div id=\"pg-5375-9\"  class=\"panel-grid panel-no-style\" ><div id=\"pgc-5375-9-0\"  class=\"panel-grid-cell\" ><div id=\"panel-5375-9-0-0\" class=\"so-panel widget widget_sow-image panel-first-child panel-last-child\" data-index=\"8\" ><div\n\t\t\t\n\t\t\tclass=\"so-widget-sow-image so-widget-sow-image-default-c67d20f9f743-5375\"\n\t\t\t\n\t\t>\n<div class=\"sow-image-container\">\n\t\t<img \n\tsrc=\"https:\/\/www.mfkegtechnik.com\/wp-content\/uploads\/2020\/11\/MadeInGermany-1-768x432.jpg\" width=\"768\" height=\"432\" srcset=\"https:\/\/www.mfkegtechnik.com\/wp-content\/uploads\/2020\/11\/MadeInGermany-1-768x432.jpg 768w, https:\/\/www.mfkegtechnik.com\/wp-content\/uploads\/2020\/11\/MadeInGermany-1-300x169.jpg 300w, https:\/\/www.mfkegtechnik.com\/wp-content\/uploads\/2020\/11\/MadeInGermany-1-1024x576.jpg 1024w, https:\/\/www.mfkegtechnik.com\/wp-content\/uploads\/2020\/11\/MadeInGermany-1-1536x864.jpg 1536w, https:\/\/www.mfkegtechnik.com\/wp-content\/uploads\/2020\/11\/MadeInGermany-1-940x529.jpg 940w, https:\/\/www.mfkegtechnik.com\/wp-content\/uploads\/2020\/11\/MadeInGermany-1.jpg 1634w\" sizes=\"(max-width: 768px) 100vw, 768px\" title=\"MadeInGermany\" alt=\"\" \t\tclass=\"so-widget-image\"\/>\n\t<\/div>\n\n<\/div><\/div><\/div><\/div><div id=\"pg-5375-10\"  class=\"panel-grid panel-no-style\" ><div id=\"pgc-5375-10-0\"  class=\"panel-grid-cell panel-grid-cell-empty\" ><\/div><\/div><div id=\"pg-5375-11\"  class=\"panel-grid panel-no-style\" ><div id=\"pgc-5375-11-0\"  class=\"panel-grid-cell\" ><div id=\"panel-5375-11-0-0\" class=\"so-panel widget widget_sow-headline panel-first-child panel-last-child\" data-index=\"9\" ><div\n\t\t\t\n\t\t\tclass=\"so-widget-sow-headline so-widget-sow-headline-default-1b18b7af42a3-5375\"\n\t\t\t\n\t\t><div class=\"sow-headline-container \">\n\t\t\t\t\t\t\t<h1 class=\"sow-headline\">\n\t\t\t\t\t\tNachhaltigkeit\t\t\t\t\t\t<\/h1>\n\t\t\t\t\t\t\t\t\t\t\t<div class=\"decoration\">\n\t\t\t\t\t\t<div class=\"decoration-inside\"><\/div>\n\t\t\t\t\t<\/div>\n\t\t\t\t\t<\/div>\n<\/div><\/div><\/div><\/div><div id=\"pg-5375-12\"  class=\"panel-grid panel-no-style\" ><div id=\"pgc-5375-12-0\"  class=\"panel-grid-cell\" ><div id=\"panel-5375-12-0-0\" class=\"so-panel widget widget_sow-icon panel-first-child\" data-index=\"10\" ><div\n\t\t\t\n\t\t\tclass=\"so-widget-sow-icon so-widget-sow-icon-default-42e725362371-5375\"\n\t\t\t\n\t\t>\n<div class=\"sow-icon-container sow-icon\">\n\t\t\t<span class=\"sow-icon-typicons\" data-sow-icon=\"&#xe020;\"\n\t\t \n\t\taria-hidden=\"true\"><\/span>\t<\/div>\n<\/div><\/div><div id=\"panel-5375-12-0-1\" class=\"so-panel widget widget_sow-editor panel-last-child\" data-index=\"11\" ><div\n\t\t\t\n\t\t\tclass=\"so-widget-sow-editor so-widget-sow-editor-base\"\n\t\t\t\n\t\t>\n<div class=\"siteorigin-widget-tinymce textwidget\">\n\t<p style=\"text-align: center;\"><strong><span style=\"font-size: 12pt; font-family: 'Open Sans';\">Mehrwegsystem<\/span><\/strong><\/p>\n<\/div>\n<\/div><\/div><\/div><div id=\"pgc-5375-12-1\"  class=\"panel-grid-cell\" ><div id=\"panel-5375-12-1-0\" class=\"so-panel widget widget_sow-icon panel-first-child\" data-index=\"12\" ><div\n\t\t\t\n\t\t\tclass=\"so-widget-sow-icon so-widget-sow-icon-default-42e725362371-5375\"\n\t\t\t\n\t\t>\n<div class=\"sow-icon-container sow-icon\">\n\t\t\t<span class=\"sow-icon-typicons\" data-sow-icon=\"&#xe099;\"\n\t\t \n\t\taria-hidden=\"true\"><\/span>\t<\/div>\n<\/div><\/div><div id=\"panel-5375-12-1-1\" class=\"so-panel widget widget_sow-editor panel-last-child\" data-index=\"13\" ><div\n\t\t\t\n\t\t\tclass=\"so-widget-sow-editor so-widget-sow-editor-base\"\n\t\t\t\n\t\t>\n<div class=\"siteorigin-widget-tinymce textwidget\">\n\t<p style=\"text-align: center;\"><strong><span style=\"font-size: 12pt; font-family: 'Open Sans';\">Keine Kunststoffe<\/span><\/strong><\/p>\n<\/div>\n<\/div><\/div><\/div><div id=\"pgc-5375-12-2\"  class=\"panel-grid-cell\" ><div id=\"panel-5375-12-2-0\" class=\"so-panel widget widget_sow-icon panel-first-child\" data-index=\"14\" ><div\n\t\t\t\n\t\t\tclass=\"so-widget-sow-icon so-widget-sow-icon-default-42e725362371-5375\"\n\t\t\t\n\t\t>\n<div class=\"sow-icon-container sow-icon\">\n\t\t\t<span class=\"sow-icon-typicons\" data-sow-icon=\"&#xe067;\"\n\t\t \n\t\taria-hidden=\"true\"><\/span>\t<\/div>\n<\/div><\/div><div id=\"panel-5375-12-2-1\" class=\"so-panel widget widget_sow-editor panel-last-child\" data-index=\"15\" ><div\n\t\t\t\n\t\t\tclass=\"so-widget-sow-editor so-widget-sow-editor-base\"\n\t\t\t\n\t\t>\n<div class=\"siteorigin-widget-tinymce textwidget\">\n\t<p style=\"text-align: center;\"><strong><span style=\"font-size: 12pt; font-family: 'Open Sans';\">Langfristige Kostenreduktion<\/span><\/strong><\/p>\n<\/div>\n<\/div><\/div><\/div><\/div><div id=\"pg-5375-13\"  class=\"panel-grid panel-no-style\" ><div id=\"pgc-5375-13-0\"  class=\"panel-grid-cell panel-grid-cell-empty\" ><\/div><\/div><div id=\"pg-5375-14\"  class=\"panel-grid panel-no-style\" ><div id=\"pgc-5375-14-0\"  class=\"panel-grid-cell\" ><div id=\"panel-5375-14-0-0\" class=\"so-panel widget widget_sow-button panel-first-child panel-last-child\" data-index=\"16\" ><div\n\t\t\t\n\t\t\tclass=\"so-widget-sow-button so-widget-sow-button-atom-f173d032a94a-5375\"\n\t\t\t\n\t\t><div class=\"ow-button-base ow-button-align-center\"\n>\n\t\t\t<a\n\t\t\t\t\thref=\"https:\/\/www.mfkegtechnik.com\/de\/kontakt\/\"\n\t\t\t\t\tclass=\"sowb-button ow-icon-placement-left ow-button-hover\" \t>\n\t\t<span>\n\t\t\t\n\t\t\tKontaktieren Sie uns!\t\t<\/span>\n\t\t\t<\/a>\n\t<\/div>\n<\/div><\/div><\/div><\/div><div id=\"pg-5375-15\"  class=\"panel-grid panel-no-style\" ><div id=\"pgc-5375-15-0\"  class=\"panel-grid-cell panel-grid-cell-empty\" ><\/div><\/div><\/div>","protected":false},"excerpt":{"rendered":"<p>Desinfektionsmittelspender MDS20 MDS20 Ein autarkes, umweltvertr\u00e4gliches System, welches zuverl\u00e4ssig das macht, was es soll: Desinfizieren! Viren, Keime und Bakterien sind die unsichtbaren Quellen von Infektionen und Krankheiten und werden in den meisten F\u00e4llen durch direkten oder indirekten Kontakt von Mensch zu Mensch \u00fcbertragen. Insbesondere dort, wo viele Menschen in kurzer Zeit aufeinander treffen, ist das Verbreitungs-, u. Infektionsrisiko am gr\u00f6\u00dften. Die Vermeidung von Lockdown-Ma\u00dfnahmen und Reiseverboten zur Eind\u00e4mmung der Infektionsrisiken &hellip;<a class=\"excerpt\" href=\"https:\/\/www.mfkegtechnik.com\/de\/desinfektion\/\">Read More<\/a><\/p>\n","protected":false},"author":3,"featured_media":0,"parent":0,"menu_order":0,"comment_status":"closed","ping_status":"closed","template":"","meta":{"footnotes":""},"class_list":["post-5375","page","type-page","status-publish","hentry"],"yoast_head":"<!-- This site is optimized with the Yoast SEO plugin v27.3 - https:\/\/yoast.com\/product\/yoast-seo-wordpress\/ -->\n<title>Desinfektion - m+f KEG-Technik GmbH &amp; Co. KG<\/title>\n<meta name=\"description\" content=\"Hier finden Sie den Desinfektionsmittelspender der m+f KEG-Technik GmbH &amp; Co. KG. Mit dem MDS20 k\u00f6nnen Sie ber\u00fchrungslos die H\u00e4nde desinfizieren.\" \/>\n<meta name=\"robots\" content=\"index, follow, max-snippet:-1, max-image-preview:large, max-video-preview:-1\" \/>\n<link rel=\"canonical\" href=\"https:\/\/www.mfkegtechnik.com\/de\/desinfektion\/\" \/>\n<meta property=\"og:locale\" content=\"de_DE\" \/>\n<meta property=\"og:type\" content=\"article\" \/>\n<meta property=\"og:title\" content=\"Desinfektion - m+f KEG-Technik GmbH &amp; Co. KG\" \/>\n<meta property=\"og:description\" content=\"Hier finden Sie den Desinfektionsmittelspender der m+f KEG-Technik GmbH &amp; Co. KG. Mit dem MDS20 k\u00f6nnen Sie ber\u00fchrungslos die H\u00e4nde desinfizieren.\" \/>\n<meta property=\"og:url\" content=\"https:\/\/www.mfkegtechnik.com\/de\/desinfektion\/\" \/>\n<meta property=\"og:site_name\" content=\"m+f KEG-Technik GmbH &amp; Co. KG\" \/>\n<meta property=\"article:modified_time\" content=\"2023-08-03T19:08:56+00:00\" \/>\n<meta name=\"twitter:card\" content=\"summary_large_image\" \/>\n<meta name=\"twitter:label1\" content=\"Gesch\u00e4tzte Lesezeit\" \/>\n\t<meta name=\"twitter:data1\" content=\"2\u00a0Minuten\" \/>\n<script type=\"application\/ld+json\" class=\"yoast-schema-graph\">{\"@context\":\"https:\\\/\\\/schema.org\",\"@graph\":[{\"@type\":\"WebPage\",\"@id\":\"https:\\\/\\\/www.mfkegtechnik.com\\\/de\\\/desinfektion\\\/\",\"url\":\"https:\\\/\\\/www.mfkegtechnik.com\\\/de\\\/desinfektion\\\/\",\"name\":\"Desinfektion - m+f KEG-Technik GmbH &amp; Co. KG\",\"isPartOf\":{\"@id\":\"https:\\\/\\\/www.mfkegtechnik.com\\\/de\\\/#website\"},\"datePublished\":\"2020-12-17T14:16:18+00:00\",\"dateModified\":\"2023-08-03T19:08:56+00:00\",\"description\":\"Hier finden Sie den Desinfektionsmittelspender der m+f KEG-Technik GmbH & Co. KG. Mit dem MDS20 k\u00f6nnen Sie ber\u00fchrungslos die H\u00e4nde desinfizieren.\",\"breadcrumb\":{\"@id\":\"https:\\\/\\\/www.mfkegtechnik.com\\\/de\\\/desinfektion\\\/#breadcrumb\"},\"inLanguage\":\"de\",\"potentialAction\":[{\"@type\":\"ReadAction\",\"target\":[\"https:\\\/\\\/www.mfkegtechnik.com\\\/de\\\/desinfektion\\\/\"]}]},{\"@type\":\"BreadcrumbList\",\"@id\":\"https:\\\/\\\/www.mfkegtechnik.com\\\/de\\\/desinfektion\\\/#breadcrumb\",\"itemListElement\":[{\"@type\":\"ListItem\",\"position\":1,\"name\":\"Accueil\",\"item\":\"https:\\\/\\\/www.mfkegtechnik.com\\\/de\\\/\"},{\"@type\":\"ListItem\",\"position\":2,\"name\":\"Desinfektion\"}]},{\"@type\":\"WebSite\",\"@id\":\"https:\\\/\\\/www.mfkegtechnik.com\\\/de\\\/#website\",\"url\":\"https:\\\/\\\/www.mfkegtechnik.com\\\/de\\\/\",\"name\":\"m+f KEG-Technik GmbH &amp; Co. KG\",\"description\":\"We keep your KEGs clean !\",\"potentialAction\":[{\"@type\":\"SearchAction\",\"target\":{\"@type\":\"EntryPoint\",\"urlTemplate\":\"https:\\\/\\\/www.mfkegtechnik.com\\\/de\\\/?s={search_term_string}\"},\"query-input\":{\"@type\":\"PropertyValueSpecification\",\"valueRequired\":true,\"valueName\":\"search_term_string\"}}],\"inLanguage\":\"de\"}]}<\/script>\n<!-- \/ Yoast SEO plugin. -->","yoast_head_json":{"title":"Desinfektion - m+f KEG-Technik GmbH &amp; Co. KG","description":"Hier finden Sie den Desinfektionsmittelspender der m+f KEG-Technik GmbH & Co. KG. Mit dem MDS20 k\u00f6nnen Sie ber\u00fchrungslos die H\u00e4nde desinfizieren.","robots":{"index":"index","follow":"follow","max-snippet":"max-snippet:-1","max-image-preview":"max-image-preview:large","max-video-preview":"max-video-preview:-1"},"canonical":"https:\/\/www.mfkegtechnik.com\/de\/desinfektion\/","og_locale":"de_DE","og_type":"article","og_title":"Desinfektion - m+f KEG-Technik GmbH &amp; Co. KG","og_description":"Hier finden Sie den Desinfektionsmittelspender der m+f KEG-Technik GmbH & Co. KG. Mit dem MDS20 k\u00f6nnen Sie ber\u00fchrungslos die H\u00e4nde desinfizieren.","og_url":"https:\/\/www.mfkegtechnik.com\/de\/desinfektion\/","og_site_name":"m+f KEG-Technik GmbH &amp; Co. KG","article_modified_time":"2023-08-03T19:08:56+00:00","twitter_card":"summary_large_image","twitter_misc":{"Gesch\u00e4tzte Lesezeit":"2\u00a0Minuten"},"schema":{"@context":"https:\/\/schema.org","@graph":[{"@type":"WebPage","@id":"https:\/\/www.mfkegtechnik.com\/de\/desinfektion\/","url":"https:\/\/www.mfkegtechnik.com\/de\/desinfektion\/","name":"Desinfektion - m+f KEG-Technik GmbH &amp; Co. KG","isPartOf":{"@id":"https:\/\/www.mfkegtechnik.com\/de\/#website"},"datePublished":"2020-12-17T14:16:18+00:00","dateModified":"2023-08-03T19:08:56+00:00","description":"Hier finden Sie den Desinfektionsmittelspender der m+f KEG-Technik GmbH & Co. KG. Mit dem MDS20 k\u00f6nnen Sie ber\u00fchrungslos die H\u00e4nde desinfizieren.","breadcrumb":{"@id":"https:\/\/www.mfkegtechnik.com\/de\/desinfektion\/#breadcrumb"},"inLanguage":"de","potentialAction":[{"@type":"ReadAction","target":["https:\/\/www.mfkegtechnik.com\/de\/desinfektion\/"]}]},{"@type":"BreadcrumbList","@id":"https:\/\/www.mfkegtechnik.com\/de\/desinfektion\/#breadcrumb","itemListElement":[{"@type":"ListItem","position":1,"name":"Accueil","item":"https:\/\/www.mfkegtechnik.com\/de\/"},{"@type":"ListItem","position":2,"name":"Desinfektion"}]},{"@type":"WebSite","@id":"https:\/\/www.mfkegtechnik.com\/de\/#website","url":"https:\/\/www.mfkegtechnik.com\/de\/","name":"m+f KEG-Technik GmbH &amp; Co. KG","description":"We keep your KEGs clean !","potentialAction":[{"@type":"SearchAction","target":{"@type":"EntryPoint","urlTemplate":"https:\/\/www.mfkegtechnik.com\/de\/?s={search_term_string}"},"query-input":{"@type":"PropertyValueSpecification","valueRequired":true,"valueName":"search_term_string"}}],"inLanguage":"de"}]}},"_links":{"self":[{"href":"https:\/\/www.mfkegtechnik.com\/de\/wp-json\/wp\/v2\/pages\/5375","targetHints":{"allow":["GET"]}}],"collection":[{"href":"https:\/\/www.mfkegtechnik.com\/de\/wp-json\/wp\/v2\/pages"}],"about":[{"href":"https:\/\/www.mfkegtechnik.com\/de\/wp-json\/wp\/v2\/types\/page"}],"author":[{"embeddable":true,"href":"https:\/\/www.mfkegtechnik.com\/de\/wp-json\/wp\/v2\/users\/3"}],"replies":[{"embeddable":true,"href":"https:\/\/www.mfkegtechnik.com\/de\/wp-json\/wp\/v2\/comments?post=5375"}],"version-history":[{"count":10,"href":"https:\/\/www.mfkegtechnik.com\/de\/wp-json\/wp\/v2\/pages\/5375\/revisions"}],"predecessor-version":[{"id":18505,"href":"https:\/\/www.mfkegtechnik.com\/de\/wp-json\/wp\/v2\/pages\/5375\/revisions\/18505"}],"wp:attachment":[{"href":"https:\/\/www.mfkegtechnik.com\/de\/wp-json\/wp\/v2\/media?parent=5375"}],"curies":[{"name":"wp","href":"https:\/\/api.w.org\/{rel}","templated":true}]}}