{"id":5602,"date":"2021-01-10T19:21:20","date_gmt":"2021-01-10T18:21:20","guid":{"rendered":"https:\/\/www.mfkegtechnik.com\/cookie-richtlinie\/"},"modified":"2022-01-23T19:53:56","modified_gmt":"2022-01-23T18:53:56","slug":"cookie-richtlinie","status":"publish","type":"page","link":"https:\/\/www.mfkegtechnik.com\/de\/cookie-richtlinie\/","title":{"rendered":"Cookie-Richtlinie"},"content":{"rendered":"<div class=\"cli_pg_page_contaner\">\n<h2>\u00dcber die Cookie-Richtlinie<\/h2>\n<div>Die Cookie-Richtlinien erkl\u00e4ren, was Cookies sind, wie wir sie verwenden und welche Arten von Cookies wir verwenden. Hierzu z\u00e4hlen u.a. Informationen, die von Cookies gesammelt werden, wie diese Informationen genutzt werden und wie die Cookie-Einstellungen gesteuert werden. F\u00fcr weitere Informationen, wie wir Ihre Daten verwenden, speichern und verwenden, finden Sie in unseren Datenschutzbestimmungen. Sie k\u00f6nnen Ihre eigenen Rechte von der Cookie-Erkl\u00e4rung jederzeit auf unserer Website \u00e4ndern. In unserer Datenschutzrichtlinie erfahren Sie mehr \u00fcber uns, wie Sie mit uns Kontakt aufnehmen k\u00f6nnen und wie wir personenbezogene Daten verarbeiten. Ihre Zustimmung erfolgt f\u00fcr die folgende Seite: www.mfkegtechnik.com.<\/div>\n<div>\u00a0<\/div>\n<h2>\u00a0<\/h2>\n<h2>Was sind Cookies ?<\/h2>\n<div>Cookies sind kleine Textdateien, in denen kleine Informationen gespeichert werden. Die Cookies werden auf Ihrem Ger\u00e4t gespeichert, wenn die Website in Ihren Browser geladen wird. Diese Cookies helfen dabei, dass die Website ordnungsgem\u00e4\u00df funktioniert, die Website sicherer zu machen, eine bessere Benutzererfahrung zu bieten, die Durchf\u00fchrung der Website zu verstehen, zu analysieren und zu erkennen, wo Verbesserungen erforderlich sind.<\/div>\n<div>\u00a0<\/div>\n<h2>\u00a0<\/h2>\n<h2>Wie verwenden wir Cookies?<\/h2>\n<div>Wie die meisten Onlinedienste verwendet unsere Website Cookies von Erstanbietern und Drittanbietern f\u00fcr eine Reihe von Zwecken. Die Erstanbieter-Cookies sind meistens erforderlich, damit die Website ordnungsgem\u00e4\u00df funktioniert und sie sammeln keine Ihrer personenbezogenen Daten.\n<p>\u00a0<\/p>\n<p>Die auf unseren Websites verwendeten Cookies von Drittanbietern werden haupts\u00e4chlich verwendet, um zu verstehen, wie die Website funktioniert, wie Sie mit unserer Website interagieren, unsere Dienste sicher zu halten, f\u00fcr Sie relevante Werbung bereitzustellen, um Ihnen insgesamt bessere und verbesserte Erlebnisse zu bieten. Benutzererfahrung beschleunigen zuk\u00fcnftige Interaktionen mit unserer Website.<\/p>\n<\/div>\n<h2>\u00a0<\/h2>\n<h2>Welche Arten von Cookies verwenden wir?<\/h2>\n<div>Notwendige: Einige Cookies sind unerl\u00e4sslich, damit Sie die volle Funktionalit\u00e4t unserer Website nutzen k\u00f6nnen. Sie erm\u00f6glichen es uns, Benutzersitzungen aufrechtzuerhalten und Sicherheitsbedrohungen zu verhindern. Sie sammeln oder speichern keine pers\u00f6nlichen Daten. Mit diesen Cookies k\u00f6nnen Sie sich beispielsweise in Ihrem Konto anmelden und Produkte sicher in Ihren Warenkorb legen und auschecken. Statistiken: Diese Cookies speichern Informationen wie die Anzahl der Besucher der Website, die Anzahl der eindeutigen Besucher, welche Seiten der Website besucht wurden, die Quelle des Besuchs usw. Diese Daten helfen uns zu verstehen und zu analysieren, wie gut die Website funktioniert und wo es verbessert werden muss. Marketing: Auf unserer Website werden Anzeigen geschaltet. Diese Cookies werden verwendet, um die Anzeigen, die wir Ihnen zeigen, so zu personalisieren, dass sie f\u00fcr Sie von Bedeutung sind. Mithilfe dieser Cookies k\u00f6nnen wir auch die Effizienz dieser Werbekampagnen verfolgen. Die in diesen Cookies gespeicherten Informationen k\u00f6nnen auch von Drittanbietern verwendet werden, um Ihnen Anzeigen auf anderen Websites im Browser zu schalten. Funktional: Dies sind die Cookies, die bestimmte nicht wesentliche Funktionen auf unserer Website unterst\u00fctzen. Diese Funktionen umfassen das Einbetten von Inhalten wie Videos oder das Teilen von Inhalten auf der Website auf Social Media-Plattformen. Einstellungen: Mithilfe dieser Cookies k\u00f6nnen wir Ihre Einstellungen und Browsing-Einstellungen wie Spracheinstellungen speichern, damit Sie bei zuk\u00fcnftigen Besuchen der Website eine bessere und effizientere Erfahrung machen k\u00f6nnen.<\/div>\n<div>\u00a0<\/div>\n<h2>\u00a0<\/h2>\n<h2>Wie kann ich die Cookie-Einstellungen steuern?<\/h2>\n<div>Wenn Sie Ihre Einstellungen sp\u00e4ter w\u00e4hrend Ihrer Browsersitzung \u00e4ndern m\u00f6chten, k\u00f6nnen Sie auf Ihrem Bildschirm auf die Registerkarte \u201cDatenschutz- und Cookie-Richtlinie\u201d klicken. Dadurch wird der Zustimmungshinweis erneut angezeigt, sodass Sie Ihre Einstellungen \u00e4ndern oder Ihre Einwilligung vollst\u00e4ndig widerrufen k\u00f6nnen.\n<p>\u00a0<\/p>\n<p>Dar\u00fcber hinaus bieten verschiedene Browser unterschiedliche Methoden zum blockieren und l\u00f6schen von Cookies, die von Websites verwendet werden. Sie k\u00f6nnen die Einstellungen Ihres Browsers \u00e4ndern, um die Cookies zu blockieren \/ l\u00f6schen. Weitere Informationen zum verwalten und l\u00f6schen von Cookies finden Sie unter wikipedia.org, www.allaboutcookies.org.<\/p>\n<\/div>\n<\/div>\n\n\n<div class=\"wp-block-buttons is-layout-flex wp-block-buttons-is-layout-flex\">\n<div class=\"wp-block-button has-custom-font-size has-normal-font-size\"><a class=\"wp-block-button__link has-white-color has-text-color has-background\" href=\"https:\/\/www.mfkegtechnik.com\/de\/impressum\/\" style=\"border-radius:5px;background-color:#134188\">Impressum<\/a><\/div>\n\n\n\n<div class=\"wp-block-button has-custom-font-size has-normal-font-size\"><a class=\"wp-block-button__link has-white-color has-text-color has-background\" href=\"https:\/\/www.mfkegtechnik.com\/de\/datenschutzerklaerung\/\" style=\"border-radius:5px;background-color:#134188\">Datenschutz<\/a><\/div>\n<\/div>\n","protected":false},"excerpt":{"rendered":"<p>\u00dcber die Cookie-Richtlinie Die Cookie-Richtlinien erkl\u00e4ren, was Cookies sind, wie wir sie verwenden und welche Arten von Cookies wir verwenden. Hierzu z\u00e4hlen u.a. Informationen, die von Cookies gesammelt werden, wie diese Informationen genutzt werden und wie die Cookie-Einstellungen gesteuert werden. F\u00fcr weitere Informationen, wie wir Ihre Daten verwenden, speichern und verwenden, finden Sie in unseren Datenschutzbestimmungen. Sie k\u00f6nnen Ihre eigenen Rechte von der Cookie-Erkl\u00e4rung jederzeit auf unserer Website \u00e4ndern. In &hellip;<a class=\"excerpt\" href=\"https:\/\/www.mfkegtechnik.com\/de\/cookie-richtlinie\/\">Read More<\/a><\/p>\n","protected":false},"author":3,"featured_media":0,"parent":0,"menu_order":0,"comment_status":"closed","ping_status":"closed","template":"","meta":{"footnotes":""},"class_list":["post-5602","page","type-page","status-publish","hentry"],"yoast_head":"<!-- This site is optimized with the Yoast SEO plugin v27.5 - https:\/\/yoast.com\/product\/yoast-seo-wordpress\/ -->\n<title>Cookie-Richtlinie - m+f KEG-Technik GmbH &amp; Co. KG<\/title>\n<meta name=\"description\" content=\"Hier erfahren Sie alles \u00fcber die Cookie-Richtlinie von der m+f KEG-Technik GmbH &amp; Co. KG.\" \/>\n<meta name=\"robots\" content=\"index, follow, max-snippet:-1, max-image-preview:large, max-video-preview:-1\" \/>\n<link rel=\"canonical\" href=\"https:\/\/www.mfkegtechnik.com\/de\/cookie-richtlinie\/\" \/>\n<meta property=\"og:locale\" content=\"de_DE\" \/>\n<meta property=\"og:type\" content=\"article\" \/>\n<meta property=\"og:title\" content=\"Cookie-Richtlinie - m+f KEG-Technik GmbH &amp; Co. KG\" \/>\n<meta property=\"og:description\" content=\"Hier erfahren Sie alles \u00fcber die Cookie-Richtlinie von der m+f KEG-Technik GmbH &amp; Co. KG.\" \/>\n<meta property=\"og:url\" content=\"https:\/\/www.mfkegtechnik.com\/de\/cookie-richtlinie\/\" \/>\n<meta property=\"og:site_name\" content=\"m+f KEG-Technik GmbH &amp; Co. KG\" \/>\n<meta property=\"article:modified_time\" content=\"2022-01-23T18:53:56+00:00\" \/>\n<meta name=\"twitter:card\" content=\"summary_large_image\" \/>\n<meta name=\"twitter:label1\" content=\"Gesch\u00e4tzte Lesezeit\" \/>\n\t<meta name=\"twitter:data1\" content=\"4\u00a0Minuten\" \/>\n<script type=\"application\/ld+json\" class=\"yoast-schema-graph\">{\"@context\":\"https:\\\/\\\/schema.org\",\"@graph\":[{\"@type\":\"WebPage\",\"@id\":\"https:\\\/\\\/www.mfkegtechnik.com\\\/de\\\/cookie-richtlinie\\\/\",\"url\":\"https:\\\/\\\/www.mfkegtechnik.com\\\/de\\\/cookie-richtlinie\\\/\",\"name\":\"Cookie-Richtlinie - m+f KEG-Technik GmbH &amp; Co. KG\",\"isPartOf\":{\"@id\":\"https:\\\/\\\/www.mfkegtechnik.com\\\/de\\\/#website\"},\"datePublished\":\"2021-01-10T18:21:20+00:00\",\"dateModified\":\"2022-01-23T18:53:56+00:00\",\"description\":\"Hier erfahren Sie alles \u00fcber die Cookie-Richtlinie von der m+f KEG-Technik GmbH & Co. KG.\",\"breadcrumb\":{\"@id\":\"https:\\\/\\\/www.mfkegtechnik.com\\\/de\\\/cookie-richtlinie\\\/#breadcrumb\"},\"inLanguage\":\"de\",\"potentialAction\":[{\"@type\":\"ReadAction\",\"target\":[\"https:\\\/\\\/www.mfkegtechnik.com\\\/de\\\/cookie-richtlinie\\\/\"]}]},{\"@type\":\"BreadcrumbList\",\"@id\":\"https:\\\/\\\/www.mfkegtechnik.com\\\/de\\\/cookie-richtlinie\\\/#breadcrumb\",\"itemListElement\":[{\"@type\":\"ListItem\",\"position\":1,\"name\":\"Accueil\",\"item\":\"https:\\\/\\\/www.mfkegtechnik.com\\\/de\\\/\"},{\"@type\":\"ListItem\",\"position\":2,\"name\":\"Cookie-Richtlinie\"}]},{\"@type\":\"WebSite\",\"@id\":\"https:\\\/\\\/www.mfkegtechnik.com\\\/de\\\/#website\",\"url\":\"https:\\\/\\\/www.mfkegtechnik.com\\\/de\\\/\",\"name\":\"m+f KEG-Technik GmbH &amp; Co. KG\",\"description\":\"We keep your KEGs clean !\",\"potentialAction\":[{\"@type\":\"SearchAction\",\"target\":{\"@type\":\"EntryPoint\",\"urlTemplate\":\"https:\\\/\\\/www.mfkegtechnik.com\\\/de\\\/?s={search_term_string}\"},\"query-input\":{\"@type\":\"PropertyValueSpecification\",\"valueRequired\":true,\"valueName\":\"search_term_string\"}}],\"inLanguage\":\"de\"}]}<\/script>\n<!-- \/ Yoast SEO plugin. -->","yoast_head_json":{"title":"Cookie-Richtlinie - m+f KEG-Technik GmbH &amp; Co. KG","description":"Hier erfahren Sie alles \u00fcber die Cookie-Richtlinie von der m+f KEG-Technik GmbH & Co. KG.","robots":{"index":"index","follow":"follow","max-snippet":"max-snippet:-1","max-image-preview":"max-image-preview:large","max-video-preview":"max-video-preview:-1"},"canonical":"https:\/\/www.mfkegtechnik.com\/de\/cookie-richtlinie\/","og_locale":"de_DE","og_type":"article","og_title":"Cookie-Richtlinie - m+f KEG-Technik GmbH &amp; Co. KG","og_description":"Hier erfahren Sie alles \u00fcber die Cookie-Richtlinie von der m+f KEG-Technik GmbH & Co. KG.","og_url":"https:\/\/www.mfkegtechnik.com\/de\/cookie-richtlinie\/","og_site_name":"m+f KEG-Technik GmbH &amp; Co. KG","article_modified_time":"2022-01-23T18:53:56+00:00","twitter_card":"summary_large_image","twitter_misc":{"Gesch\u00e4tzte Lesezeit":"4\u00a0Minuten"},"schema":{"@context":"https:\/\/schema.org","@graph":[{"@type":"WebPage","@id":"https:\/\/www.mfkegtechnik.com\/de\/cookie-richtlinie\/","url":"https:\/\/www.mfkegtechnik.com\/de\/cookie-richtlinie\/","name":"Cookie-Richtlinie - m+f KEG-Technik GmbH &amp; Co. KG","isPartOf":{"@id":"https:\/\/www.mfkegtechnik.com\/de\/#website"},"datePublished":"2021-01-10T18:21:20+00:00","dateModified":"2022-01-23T18:53:56+00:00","description":"Hier erfahren Sie alles \u00fcber die Cookie-Richtlinie von der m+f KEG-Technik GmbH & Co. KG.","breadcrumb":{"@id":"https:\/\/www.mfkegtechnik.com\/de\/cookie-richtlinie\/#breadcrumb"},"inLanguage":"de","potentialAction":[{"@type":"ReadAction","target":["https:\/\/www.mfkegtechnik.com\/de\/cookie-richtlinie\/"]}]},{"@type":"BreadcrumbList","@id":"https:\/\/www.mfkegtechnik.com\/de\/cookie-richtlinie\/#breadcrumb","itemListElement":[{"@type":"ListItem","position":1,"name":"Accueil","item":"https:\/\/www.mfkegtechnik.com\/de\/"},{"@type":"ListItem","position":2,"name":"Cookie-Richtlinie"}]},{"@type":"WebSite","@id":"https:\/\/www.mfkegtechnik.com\/de\/#website","url":"https:\/\/www.mfkegtechnik.com\/de\/","name":"m+f KEG-Technik GmbH &amp; Co. KG","description":"We keep your KEGs clean !","potentialAction":[{"@type":"SearchAction","target":{"@type":"EntryPoint","urlTemplate":"https:\/\/www.mfkegtechnik.com\/de\/?s={search_term_string}"},"query-input":{"@type":"PropertyValueSpecification","valueRequired":true,"valueName":"search_term_string"}}],"inLanguage":"de"}]}},"_links":{"self":[{"href":"https:\/\/www.mfkegtechnik.com\/de\/wp-json\/wp\/v2\/pages\/5602","targetHints":{"allow":["GET"]}}],"collection":[{"href":"https:\/\/www.mfkegtechnik.com\/de\/wp-json\/wp\/v2\/pages"}],"about":[{"href":"https:\/\/www.mfkegtechnik.com\/de\/wp-json\/wp\/v2\/types\/page"}],"author":[{"embeddable":true,"href":"https:\/\/www.mfkegtechnik.com\/de\/wp-json\/wp\/v2\/users\/3"}],"replies":[{"embeddable":true,"href":"https:\/\/www.mfkegtechnik.com\/de\/wp-json\/wp\/v2\/comments?post=5602"}],"version-history":[{"count":2,"href":"https:\/\/www.mfkegtechnik.com\/de\/wp-json\/wp\/v2\/pages\/5602\/revisions"}],"predecessor-version":[{"id":17865,"href":"https:\/\/www.mfkegtechnik.com\/de\/wp-json\/wp\/v2\/pages\/5602\/revisions\/17865"}],"wp:attachment":[{"href":"https:\/\/www.mfkegtechnik.com\/de\/wp-json\/wp\/v2\/media?parent=5602"}],"curies":[{"name":"wp","href":"https:\/\/api.w.org\/{rel}","templated":true}]}}