{"id":835,"date":"2018-04-24T19:46:41","date_gmt":"2018-04-24T18:46:41","guid":{"rendered":"http:\/\/www.mfkegtechnik.com\/?page_id=835"},"modified":"2022-01-23T19:42:16","modified_gmt":"2022-01-23T18:42:16","slug":"impressum","status":"publish","type":"page","link":"https:\/\/www.mfkegtechnik.com\/de\/impressum\/","title":{"rendered":"Impressum"},"content":{"rendered":"<h2><span style=\"color: #134188;\">m+f KEG-Technik GmbH &amp; Co.KG<\/span><\/h2>\n<p style=\"font-weight: 400;\"><a href=\"https:\/\/maps.google.com\/?q=Weusterstrasse+27+%0D%0A46240+Bottrop+%0D%0ADeutschland&amp;entry=gmail&amp;source=g\">Weusterstrasse 27<\/a><br \/>46240 Bottrop<br \/>Deutschland<\/p>\n<p style=\"font-weight: 400;\">Tel.:\u00a0\u00a0\u00a0\u00a0\u00a0\u00a0 +49 (0) 2041 743-0<br \/>Fax:\u00a0\u00a0\u00a0\u00a0\u00a0\u00a0 +49 (0) 2041 743-190<\/p>\n<p style=\"font-weight: 400;\">E-Mail:\u00a0info(at)mfkegtechnik.de<\/p>\n<p style=\"font-weight: 400;\">Registergericht:<br \/>Handelsregister Nr. HRA 4838<br \/>Umsatzsteuer-Identifikationsnummer: DE 278.089.072<br \/>Gesch\u00e4ftsf\u00fchrer: Peter Mackenrodt<\/p>\n<h1><span style=\"color: #134188;\">Umsetzung &amp; Programmierung<\/span><\/h1>\n<p style=\"font-weight: 400;\">m + f KEG-Technik GmbH &amp; Co. KG<\/p>\n<h1><span style=\"color: #134188;\">Rechtliche Hinweise<\/span><\/h1>\n<p style=\"font-weight: 400;\"><span style=\"color: #134188;\">Haftung f\u00fcr Inhalte<\/span><br \/>Die Inhalte unserer Seiten wurden mit gr\u00f6\u00dfter Sorgfalt erstellt. F\u00fcr die Richtigkeit, Vollst\u00e4ndigkeit und Aktualit\u00e4t der Inhalte k\u00f6nnen wir jedoch keine Gew\u00e4hr \u00fcbernehmen. Als Diensteanbieter sind wir gem\u00e4\u00df \u00a7 6 Abs.1 MDStV und \u00a7 8 Abs.1 TDG f\u00fcr eigene Inhalte auf diesen Seiten nach den allgemeinen Gesetzen verantwortlich. Diensteanbieter sind jedoch nicht verpflichtet, die von ihnen \u00fcbermittelten oder gespeicherten fremden Informationen zu \u00fcberwachen oder nach Umst\u00e4nden zu forschen, die auf eine rechtswidrige T\u00e4tigkeit hinweisen. Verpflichtungen zur Entfernung oder Sperrung der Nutzung von Informationen nach den allgemeinen Gesetzen bleiben hiervon unber\u00fchrt. Eine diesbez\u00fcgliche Haftung ist jedoch erst ab dem Zeitpunkt der Kenntnis einer konkreten Rechtsverletzung m\u00f6glich. Bei bekannt werden von entsprechenden Rechtsverletzungen werden wir diese Inhalte umgehend entfernen.<\/p>\n<p style=\"font-weight: 400;\"><span style=\"color: #134188;\">Haftung f\u00fcr Links<\/span><br \/>Unser Angebot enth\u00e4lt Links zu externen Webseiten Dritter, auf deren Inhalte wir keinen Einfluss haben. Deshalb k\u00f6nnen wir f\u00fcr diese fremden Inhalte auch keine Gew\u00e4hr \u00fcbernehmen. F\u00fcr die Inhalte der verlinkten Seiten ist stets der jeweilige Anbieter oder Betreiber der Seiten verantwortlich. Die verlinkten Seiten wurden zum Zeitpunkt der Verlinkung auf m\u00f6gliche Rechtsverst\u00f6\u00dfe \u00fcberpr\u00fcft. Rechtswidrige Inhalte waren zum Zeitpunkt der Verlinkung nicht erkennbar. Eine permanente inhaltliche Kontrolle der verlinkten Seiten ist jedoch ohne konkrete Anhaltspunkte einer Rechtsverletzung nicht zumutbar. Bei bekannt werden von Rechtsverletzungen werden wir derartige Links umgehend entfernen.<\/p>\n<p style=\"font-weight: 400;\"><span style=\"color: #134188;\">Urheberrecht<\/span><br \/>Die Betreiber der Seiten sind bem\u00fcht, stets die Urheberrechte anderer zu beachten bzw. auf selbst erstellte sowie lizenzfreie Werke zur\u00fcckzugreifen. Die durch die Seitenbetreiber erstellten Inhalte und Werke auf diesen Seiten unterliegen dem deutschen Urheberrecht. Beitr\u00e4ge Dritter sind als solche gekennzeichnet. Die Vervielf\u00e4ltigung, Bearbeitung, Verbreitung und jede Art der Verwertung au\u00dferhalb der Grenzen des Urheberrechtes bed\u00fcrfen der schriftlichen Zustimmung des jeweiligen Autors bzw. Erstellers. Downloads und Kopien dieser Seite sind nur f\u00fcr den privaten, nicht kommerziellen Gebrauch gestattet. Datenschutz Soweit auf unseren Seiten personenbezogene Daten (beispielsweise Name, Anschrift oder eMail-Adressen) erhoben werden, erfolgt dies soweit m\u00f6glich stets auf freiwilliger Basis. Die Nutzung der Angebote und Dienste ist, soweit m\u00f6glich, stets ohne Angabe personenbezogener Daten m\u00f6glich. Der Nutzung von im Rahmen der Impressumspflicht ver\u00f6ffentlichten Kontaktdaten durch Dritte zur \u00dcbersendung von nicht ausdr\u00fccklich angeforderter Werbung und Informationsmaterialien wird hiermit ausdr\u00fccklich widersprochen. Die Betreiber der Seiten behalten sich ausdr\u00fccklich rechtliche Schritte im Falle der unverlangten Zusendung von Werbeinformationen, etwa durch Spam-Mails, vor.<\/p>\n\n\n<div class=\"wp-block-buttons is-layout-flex wp-block-buttons-is-layout-flex\">\n<div class=\"wp-block-button has-custom-font-size is-style-fill has-normal-font-size\"><a class=\"wp-block-button__link has-white-color has-text-color has-background\" href=\"https:\/\/www.mfkegtechnik.com\/de\/datenschutzerklaerung\/\" style=\"border-radius:5px;background-color:#134188\">Datenschutz<\/a><\/div>\n\n\n\n<div class=\"wp-block-button has-custom-font-size has-normal-font-size\"><a class=\"wp-block-button__link has-white-color has-text-color has-background\" href=\"https:\/\/www.mfkegtechnik.com\/de\/cookie-richtlinie\/\" style=\"border-radius:5px;background-color:#134188\">Cookie-Richtlinie<\/a><\/div>\n<\/div>\n","protected":false},"excerpt":{"rendered":"<p>m+f KEG-Technik GmbH &amp; Co.KG Weusterstrasse 2746240 BottropDeutschland Tel.:\u00a0\u00a0\u00a0\u00a0\u00a0\u00a0 +49 (0) 2041 743-0Fax:\u00a0\u00a0\u00a0\u00a0\u00a0\u00a0 +49 (0) 2041 743-190 E-Mail:\u00a0info(at)mfkegtechnik.de Registergericht:Handelsregister Nr. HRA 4838Umsatzsteuer-Identifikationsnummer: DE 278.089.072Gesch\u00e4ftsf\u00fchrer: Peter Mackenrodt Umsetzung &amp; Programmierung m + f KEG-Technik GmbH &amp; Co. KG Rechtliche Hinweise Haftung f\u00fcr InhalteDie Inhalte unserer Seiten wurden mit gr\u00f6\u00dfter Sorgfalt erstellt. F\u00fcr die Richtigkeit, Vollst\u00e4ndigkeit und Aktualit\u00e4t der Inhalte k\u00f6nnen wir jedoch keine Gew\u00e4hr \u00fcbernehmen. Als Diensteanbieter sind wir gem\u00e4\u00df \u00a7 &hellip;<a class=\"excerpt\" href=\"https:\/\/www.mfkegtechnik.com\/de\/impressum\/\">Read More<\/a><\/p>\n","protected":false},"author":1,"featured_media":0,"parent":0,"menu_order":0,"comment_status":"closed","ping_status":"closed","template":"","meta":{"footnotes":""},"class_list":["post-835","page","type-page","status-publish","hentry"],"yoast_head":"<!-- This site is optimized with the Yoast SEO plugin v27.3 - https:\/\/yoast.com\/product\/yoast-seo-wordpress\/ -->\n<title>Impressum - m+f KEG-Technik GmbH &amp; Co. KG<\/title>\n<meta name=\"robots\" content=\"index, follow, max-snippet:-1, max-image-preview:large, max-video-preview:-1\" \/>\n<link rel=\"canonical\" href=\"https:\/\/www.mfkegtechnik.com\/de\/impressum\/\" \/>\n<meta property=\"og:locale\" content=\"de_DE\" \/>\n<meta property=\"og:type\" content=\"article\" \/>\n<meta property=\"og:title\" content=\"Impressum - m+f KEG-Technik GmbH &amp; Co. KG\" \/>\n<meta property=\"og:description\" content=\"m+f KEG-Technik GmbH &amp; Co.KG Weusterstrasse 2746240 BottropDeutschland Tel.:\u00a0\u00a0\u00a0\u00a0\u00a0\u00a0 +49 (0) 2041 743-0Fax:\u00a0\u00a0\u00a0\u00a0\u00a0\u00a0 +49 (0) 2041 743-190 E-Mail:\u00a0info(at)mfkegtechnik.de Registergericht:Handelsregister Nr. HRA 4838Umsatzsteuer-Identifikationsnummer: DE 278.089.072Gesch\u00e4ftsf\u00fchrer: Peter Mackenrodt Umsetzung &amp; Programmierung m + f KEG-Technik GmbH &amp; Co. KG Rechtliche Hinweise Haftung f\u00fcr InhalteDie Inhalte unserer Seiten wurden mit gr\u00f6\u00dfter Sorgfalt erstellt. F\u00fcr die Richtigkeit, Vollst\u00e4ndigkeit und Aktualit\u00e4t der Inhalte k\u00f6nnen wir jedoch keine Gew\u00e4hr \u00fcbernehmen. Als Diensteanbieter sind wir gem\u00e4\u00df \u00a7 &hellip;Read More\" \/>\n<meta property=\"og:url\" content=\"https:\/\/www.mfkegtechnik.com\/de\/impressum\/\" \/>\n<meta property=\"og:site_name\" content=\"m+f KEG-Technik GmbH &amp; Co. KG\" \/>\n<meta property=\"article:modified_time\" content=\"2022-01-23T18:42:16+00:00\" \/>\n<meta name=\"twitter:card\" content=\"summary_large_image\" \/>\n<meta name=\"twitter:label1\" content=\"Gesch\u00e4tzte Lesezeit\" \/>\n\t<meta name=\"twitter:data1\" content=\"3\u00a0Minuten\" \/>\n<script type=\"application\/ld+json\" class=\"yoast-schema-graph\">{\"@context\":\"https:\\\/\\\/schema.org\",\"@graph\":[{\"@type\":\"WebPage\",\"@id\":\"https:\\\/\\\/www.mfkegtechnik.com\\\/de\\\/impressum\\\/\",\"url\":\"https:\\\/\\\/www.mfkegtechnik.com\\\/de\\\/impressum\\\/\",\"name\":\"Impressum - m+f KEG-Technik GmbH &amp; Co. KG\",\"isPartOf\":{\"@id\":\"https:\\\/\\\/www.mfkegtechnik.com\\\/de\\\/#website\"},\"datePublished\":\"2018-04-24T18:46:41+00:00\",\"dateModified\":\"2022-01-23T18:42:16+00:00\",\"breadcrumb\":{\"@id\":\"https:\\\/\\\/www.mfkegtechnik.com\\\/de\\\/impressum\\\/#breadcrumb\"},\"inLanguage\":\"de\",\"potentialAction\":[{\"@type\":\"ReadAction\",\"target\":[\"https:\\\/\\\/www.mfkegtechnik.com\\\/de\\\/impressum\\\/\"]}]},{\"@type\":\"BreadcrumbList\",\"@id\":\"https:\\\/\\\/www.mfkegtechnik.com\\\/de\\\/impressum\\\/#breadcrumb\",\"itemListElement\":[{\"@type\":\"ListItem\",\"position\":1,\"name\":\"Accueil\",\"item\":\"https:\\\/\\\/www.mfkegtechnik.com\\\/de\\\/\"},{\"@type\":\"ListItem\",\"position\":2,\"name\":\"Impressum\"}]},{\"@type\":\"WebSite\",\"@id\":\"https:\\\/\\\/www.mfkegtechnik.com\\\/de\\\/#website\",\"url\":\"https:\\\/\\\/www.mfkegtechnik.com\\\/de\\\/\",\"name\":\"m+f KEG-Technik GmbH &amp; Co. KG\",\"description\":\"We keep your KEGs clean !\",\"potentialAction\":[{\"@type\":\"SearchAction\",\"target\":{\"@type\":\"EntryPoint\",\"urlTemplate\":\"https:\\\/\\\/www.mfkegtechnik.com\\\/de\\\/?s={search_term_string}\"},\"query-input\":{\"@type\":\"PropertyValueSpecification\",\"valueRequired\":true,\"valueName\":\"search_term_string\"}}],\"inLanguage\":\"de\"}]}<\/script>\n<!-- \/ Yoast SEO plugin. -->","yoast_head_json":{"title":"Impressum - m+f KEG-Technik GmbH &amp; Co. KG","robots":{"index":"index","follow":"follow","max-snippet":"max-snippet:-1","max-image-preview":"max-image-preview:large","max-video-preview":"max-video-preview:-1"},"canonical":"https:\/\/www.mfkegtechnik.com\/de\/impressum\/","og_locale":"de_DE","og_type":"article","og_title":"Impressum - m+f KEG-Technik GmbH &amp; Co. KG","og_description":"m+f KEG-Technik GmbH &amp; Co.KG Weusterstrasse 2746240 BottropDeutschland Tel.:\u00a0\u00a0\u00a0\u00a0\u00a0\u00a0 +49 (0) 2041 743-0Fax:\u00a0\u00a0\u00a0\u00a0\u00a0\u00a0 +49 (0) 2041 743-190 E-Mail:\u00a0info(at)mfkegtechnik.de Registergericht:Handelsregister Nr. HRA 4838Umsatzsteuer-Identifikationsnummer: DE 278.089.072Gesch\u00e4ftsf\u00fchrer: Peter Mackenrodt Umsetzung &amp; Programmierung m + f KEG-Technik GmbH &amp; Co. KG Rechtliche Hinweise Haftung f\u00fcr InhalteDie Inhalte unserer Seiten wurden mit gr\u00f6\u00dfter Sorgfalt erstellt. F\u00fcr die Richtigkeit, Vollst\u00e4ndigkeit und Aktualit\u00e4t der Inhalte k\u00f6nnen wir jedoch keine Gew\u00e4hr \u00fcbernehmen. Als Diensteanbieter sind wir gem\u00e4\u00df \u00a7 &hellip;Read More","og_url":"https:\/\/www.mfkegtechnik.com\/de\/impressum\/","og_site_name":"m+f KEG-Technik GmbH &amp; Co. KG","article_modified_time":"2022-01-23T18:42:16+00:00","twitter_card":"summary_large_image","twitter_misc":{"Gesch\u00e4tzte Lesezeit":"3\u00a0Minuten"},"schema":{"@context":"https:\/\/schema.org","@graph":[{"@type":"WebPage","@id":"https:\/\/www.mfkegtechnik.com\/de\/impressum\/","url":"https:\/\/www.mfkegtechnik.com\/de\/impressum\/","name":"Impressum - m+f KEG-Technik GmbH &amp; Co. KG","isPartOf":{"@id":"https:\/\/www.mfkegtechnik.com\/de\/#website"},"datePublished":"2018-04-24T18:46:41+00:00","dateModified":"2022-01-23T18:42:16+00:00","breadcrumb":{"@id":"https:\/\/www.mfkegtechnik.com\/de\/impressum\/#breadcrumb"},"inLanguage":"de","potentialAction":[{"@type":"ReadAction","target":["https:\/\/www.mfkegtechnik.com\/de\/impressum\/"]}]},{"@type":"BreadcrumbList","@id":"https:\/\/www.mfkegtechnik.com\/de\/impressum\/#breadcrumb","itemListElement":[{"@type":"ListItem","position":1,"name":"Accueil","item":"https:\/\/www.mfkegtechnik.com\/de\/"},{"@type":"ListItem","position":2,"name":"Impressum"}]},{"@type":"WebSite","@id":"https:\/\/www.mfkegtechnik.com\/de\/#website","url":"https:\/\/www.mfkegtechnik.com\/de\/","name":"m+f KEG-Technik GmbH &amp; Co. KG","description":"We keep your KEGs clean !","potentialAction":[{"@type":"SearchAction","target":{"@type":"EntryPoint","urlTemplate":"https:\/\/www.mfkegtechnik.com\/de\/?s={search_term_string}"},"query-input":{"@type":"PropertyValueSpecification","valueRequired":true,"valueName":"search_term_string"}}],"inLanguage":"de"}]}},"_links":{"self":[{"href":"https:\/\/www.mfkegtechnik.com\/de\/wp-json\/wp\/v2\/pages\/835","targetHints":{"allow":["GET"]}}],"collection":[{"href":"https:\/\/www.mfkegtechnik.com\/de\/wp-json\/wp\/v2\/pages"}],"about":[{"href":"https:\/\/www.mfkegtechnik.com\/de\/wp-json\/wp\/v2\/types\/page"}],"author":[{"embeddable":true,"href":"https:\/\/www.mfkegtechnik.com\/de\/wp-json\/wp\/v2\/users\/1"}],"replies":[{"embeddable":true,"href":"https:\/\/www.mfkegtechnik.com\/de\/wp-json\/wp\/v2\/comments?post=835"}],"version-history":[{"count":1,"href":"https:\/\/www.mfkegtechnik.com\/de\/wp-json\/wp\/v2\/pages\/835\/revisions"}],"predecessor-version":[{"id":17859,"href":"https:\/\/www.mfkegtechnik.com\/de\/wp-json\/wp\/v2\/pages\/835\/revisions\/17859"}],"wp:attachment":[{"href":"https:\/\/www.mfkegtechnik.com\/de\/wp-json\/wp\/v2\/media?parent=835"}],"curies":[{"name":"wp","href":"https:\/\/api.w.org\/{rel}","templated":true}]}}