{"id":4277,"date":"2019-06-12T11:02:33","date_gmt":"2019-06-12T10:02:33","guid":{"rendered":"http:\/\/www.mfkegtechnik.com\/home\/"},"modified":"2024-04-02T15:52:35","modified_gmt":"2024-04-02T14:52:35","slug":"home","status":"publish","type":"page","link":"https:\/\/www.mfkegtechnik.com\/es\/","title":{"rendered":"Inicio"},"content":{"rendered":"<div id=\"pl-4277\"  class=\"panel-layout\" ><div id=\"pg-4277-0\"  class=\"panel-grid panel-no-style\" ><div id=\"pgc-4277-0-0\"  class=\"panel-grid-cell\" ><div id=\"panel-4277-0-0-0\" class=\"so-panel widget widget_sow-headline panel-first-child\" data-index=\"0\" ><div\n\t\t\t\n\t\t\tclass=\"so-widget-sow-headline so-widget-sow-headline-default-db700e736908-4277\"\n\t\t\t\n\t\t><div class=\"sow-headline-container \">\n\t\t\t\t\t\t\t<h1 class=\"sow-headline\">\n\t\t\t\t\t\tm+f KEG-Technik GmbH &amp; Co. KG, su especialista de lavado y llenado de barriles !\t\t\t\t\t\t<\/h1>\n\t\t\t\t\t\t\t\t\t\t\t<div class=\"decoration\">\n\t\t\t\t\t\t<div class=\"decoration-inside\"><\/div>\n\t\t\t\t\t<\/div>\n\t\t\t\t\t<\/div>\n<\/div><\/div><div id=\"panel-4277-0-0-1\" class=\"so-panel widget widget_sow-editor panel-last-child\" data-index=\"1\" ><div\n\t\t\t\n\t\t\tclass=\"so-widget-sow-editor so-widget-sow-editor-base\"\n\t\t\t\n\t\t>\n<div class=\"siteorigin-widget-tinymce textwidget\">\n\t<h4 style=\"text-align: left;\"><span style=\"color: #000000;\">Con m\u00e1s de 50 a\u00f1os de experiencia en el mercado de barriles y habiendo vendido m\u00e1s de 2700 soluciones en m\u00e1s de 100 pa\u00edses, declaramos que somos especialistas en nuestra \u00e1rea de actividad. <\/span><\/h4>\n<h4 style=\"text-align: left;\"><span style=\"color: #000000;\">Nuestra gama de productos incluye m\u00e1quinas individuales, as\u00ed como instalaciones completas para el lavado y llenado de barriles convencionales, as\u00ed como equipos perif\u00e9ricos para barriles.\u00a0<\/span><\/h4>\n<h4 style=\"text-align: left;\"><span style=\"color: #000000;\">m + f KEG-Technik GmbH &amp; Co. KG ofrece a sus clientes un servicio integral desde el primer contacto hasta el servicio y el suministro de piezas de recambio. Estamos, pues, capaz de responder de manera r\u00e1pida y eficiente a las necesidades individuales y los requisitos espec\u00edficos de nuestros clientes. \u00a0<\/span><\/h4>\n<h4 style=\"text-align: left;\"><span style=\"color: #000000;\">Todas las m\u00e1quinas se fabrican en nuestra planta de producci\u00f3n en Bottrop, desde donde se exportan a todo el mundo.<\/span><\/h4>\n<h4 style=\"text-align: left;\"><span style=\"color: #000000;\">Desde la identificaci\u00f3n de sus necesidades hasta la provisi\u00f3n de servicios y soluciones espec\u00edficas, os invitamos a conocer m\u00e1s sobre nuestra empresa! \u00a0<\/span><\/h4>\n<\/div>\n<\/div><\/div><\/div><\/div><div id=\"pg-4277-1\"  class=\"panel-grid panel-has-style\" ><div class=\"siteorigin-panels-stretch panel-row-style panel-row-style-for-4277-1\" data-stretch-type=\"full\" ><div id=\"pgc-4277-1-0\"  class=\"panel-grid-cell\" ><div id=\"panel-4277-1-0-0\" class=\"so-panel widget widget_sow-headline panel-first-child\" data-index=\"2\" ><div\n\t\t\t\n\t\t\tclass=\"so-widget-sow-headline so-widget-sow-headline-default-5711d017a6a3-4277\"\n\t\t\t\n\t\t><div class=\"sow-headline-container \">\n\t\t\t\t\t\t\t<h1 class=\"sow-headline\">\n\t\t\t\t\t\t\t\t\t\t\t\t\t<a href=\"https:\/\/www.mfkegtechnik.com\/our-solutions\/\" >\n\t\t\t\t\t\t\t\tNUESTROS PRODUCTOS<\/a>\t\t\t\t\t\t<\/h1>\n\t\t\t\t\t\t\t\t\t\t\t<div class=\"decoration\">\n\t\t\t\t\t\t<div class=\"decoration-inside\"><\/div>\n\t\t\t\t\t<\/div>\n\t\t\t\t\t\t\t\t\t\t\t<h3 class=\"sow-sub-headline\">\n\t\t\t\t\t\tEstaremos encantados de crear una m\u00e1quina personalizada para satisfacer sus necesidades. \t\t\t\t\t\t<\/h3>\n\t\t\t\t\t\t<\/div>\n<\/div><\/div><div id=\"panel-4277-1-0-1\" class=\"so-panel widget widget_siteorigin-panels-builder\" data-index=\"3\" ><div id=\"pl-w5f78ab25e66fa\"  class=\"panel-layout\" ><div id=\"pg-w5f78ab25e66fa-0\"  class=\"panel-grid panel-no-style\" ><div id=\"pgc-w5f78ab25e66fa-0-0\"  class=\"panel-grid-cell\" ><div id=\"panel-w5f78ab25e66fa-0-0-0\" class=\"so-panel widget widget_sow-image panel-first-child panel-last-child\" data-index=\"0\" ><div\n\t\t\t\n\t\t\tclass=\"so-widget-sow-image so-widget-sow-image-default-c67d20f9f743\"\n\t\t\t\n\t\t>\n<div class=\"sow-image-container\">\n\t\t<img \n\tsrc=\"https:\/\/www.mfkegtechnik.com\/wp-content\/uploads\/2019\/08\/Homepage-2.png\" width=\"609\" height=\"677\" srcset=\"https:\/\/www.mfkegtechnik.com\/wp-content\/uploads\/2019\/08\/Homepage-2.png 609w, https:\/\/www.mfkegtechnik.com\/wp-content\/uploads\/2019\/08\/Homepage-2-270x300.png 270w\" sizes=\"(max-width: 609px) 100vw, 609px\" alt=\"Lavado-y-llenado-barriles\" \t\tclass=\"so-widget-image\"\/>\n\t<\/div>\n\n<\/div><\/div><\/div><div id=\"pgc-w5f78ab25e66fa-0-1\"  class=\"panel-grid-cell\" ><div id=\"panel-w5f78ab25e66fa-0-1-0\" class=\"so-panel widget widget_sow-editor panel-first-child panel-last-child\" data-index=\"1\" ><div\n\t\t\t\n\t\t\tclass=\"so-widget-sow-editor so-widget-sow-editor-base\"\n\t\t\t\n\t\t>\n<div class=\"siteorigin-widget-tinymce textwidget\">\n\t<h4><\/h4>\n<p>&nbsp;<\/p>\n<h3><\/h3>\n<h3><span style=\"color: #ffffff; font-size: 14pt;\"><strong>\u2666 \u00a0 <a style=\"color: #ffffff;\" href=\"https:\/\/www.mfkegtechnik.com\/es\/lavado-de-barriles\/\">Lavado de barriles<\/a><\/strong><\/span><\/h3>\n<h3><span style=\"color: #ffffff; font-size: 14pt;\"><strong>\u2666 \u00a0 <\/strong><a style=\"color: #ffffff;\" href=\"https:\/\/www.mfkegtechnik.com\/es\/lavado-llenado-de-barriles\/\"><strong>Lavado y llenado de barriles <\/strong><\/a><\/span><\/h3>\n<h3><span style=\"color: #ffffff; font-size: 14pt;\"><strong>\u2666 \u00a0 <a style=\"color: #ffffff;\" href=\"https:\/\/www.mfkegtechnik.com\/es\/llenado-de-barriles-desechables\/\">Llenado de barriles one-way<\/a><\/strong><\/span><\/h3>\n<h3><span style=\"color: #ffffff; font-size: 14pt;\"><strong>\u2666 \u00a0 <a style=\"color: #ffffff;\" href=\"https:\/\/www.mfkegtechnik.com\/es\/limpieza-exterior-del-barril\/\">Limpieza exterior del barril<\/a><\/strong><\/span><\/h3>\n<h3><span style=\"color: #ffffff; font-size: 14pt;\"><strong>\u2666 \u00a0<a style=\"color: #ffffff;\" href=\"https:\/\/www.mfkegtechnik.com\/es\/lineas-de-barriles\/\"> L\u00edneas de barriles<\/a><\/strong><\/span><\/h3>\n<h3><span style=\"color: #ffffff; font-size: 14pt;\"><strong>\u2666 \u00a0 <a style=\"color: #ffffff;\" href=\"https:\/\/www.mfkegtechnik.com\/es\/manipulacion-barriles\/\">Equipos de manipulaci\u00f3n de barriles<\/a><\/strong><\/span><\/h3>\n<h3><\/h3>\n<h3><\/h3>\n<h3><\/h3>\n<p>&nbsp;<\/p>\n<h3><\/h3>\n<h3><span style=\"color: #ffffff; font-size: 14pt;\"><strong>\u00a0 \u00a0\u00a0 \u2026 y muchos otros equipos relacionados con barriles.\u00a0<\/strong><\/span><\/h3>\n<\/div>\n<\/div><\/div><\/div><\/div><div id=\"pg-w5f78ab25e66fa-1\"  class=\"panel-grid panel-no-style\" ><div id=\"pgc-w5f78ab25e66fa-1-0\"  class=\"panel-grid-cell\" ><div id=\"panel-w5f78ab25e66fa-1-0-0\" class=\"so-panel widget widget_sow-button panel-first-child panel-last-child\" data-index=\"2\" ><div\n\t\t\t\n\t\t\tclass=\"so-widget-sow-button so-widget-sow-button-atom-c0822ced0d81\"\n\t\t\t\n\t\t><div class=\"ow-button-base ow-button-align-center\"\n>\n\t\t\t<a\n\t\t\t\t\thref=\"https:\/\/www.mfkegtechnik.com\/our-solutions\/\"\n\t\t\t\t\tclass=\"sowb-button ow-icon-placement-left ow-button-hover\" \t>\n\t\t<span>\n\t\t\t\n\t\t\tNuestros productos\t\t<\/span>\n\t\t\t<\/a>\n\t<\/div>\n<\/div><\/div><\/div><\/div><\/div><\/div><div id=\"panel-4277-1-0-2\" class=\"so-panel widget widget_sow-editor panel-last-child\" data-index=\"4\" ><div\n\t\t\t\n\t\t\tclass=\"so-widget-sow-editor so-widget-sow-editor-base\"\n\t\t\t\n\t\t>\n<div class=\"siteorigin-widget-tinymce textwidget\">\n\t<\/div>\n<\/div><\/div><\/div><\/div><\/div><div id=\"pg-4277-2\"  class=\"panel-grid panel-has-style\" ><div class=\"siteorigin-panels-stretch panel-row-style panel-row-style-for-4277-2\" data-stretch-type=\"full\" ><div id=\"pgc-4277-2-0\"  class=\"panel-grid-cell\" ><div id=\"panel-4277-2-0-0\" class=\"so-panel widget widget_sow-headline panel-first-child\" data-index=\"5\" ><div\n\t\t\t\n\t\t\tclass=\"so-widget-sow-headline so-widget-sow-headline-default-f927659a63be-4277\"\n\t\t\t\n\t\t><div class=\"sow-headline-container \">\n\t\t\t\t\t\t\t<h1 class=\"sow-headline\">\n\t\t\t\t\t\tNUESTROS SERVICIOS\t\t\t\t\t\t<\/h1>\n\t\t\t\t\t\t\t\t\t\t\t<div class=\"decoration\">\n\t\t\t\t\t\t<div class=\"decoration-inside\"><\/div>\n\t\t\t\t\t<\/div>\n\t\t\t\t\t\t\t\t\t\t\t<h3 class=\"sow-sub-headline\">\n\t\t\t\t\t\tPonemos nuestros conocimientos y nuestras experiencias a su servicio.\t\t\t\t\t\t<\/h3>\n\t\t\t\t\t\t<\/div>\n<\/div><\/div><div id=\"panel-4277-2-0-1\" class=\"so-panel widget widget_siteorigin-panels-builder\" data-index=\"6\" ><div id=\"pl-w5d43ef7d272aa\"  class=\"panel-layout\" ><div id=\"pg-w5d43ef7d272aa-0\"  class=\"panel-grid panel-no-style\" ><div id=\"pgc-w5d43ef7d272aa-0-0\"  class=\"panel-grid-cell\" ><div id=\"panel-w5d43ef7d272aa-0-0-0\" class=\"so-panel widget widget_sow-image panel-first-child panel-last-child\" data-index=\"0\" ><div\n\t\t\t\n\t\t\tclass=\"so-widget-sow-image so-widget-sow-image-default-c67d20f9f743\"\n\t\t\t\n\t\t>\n<div class=\"sow-image-container\">\n\t\t\t<a href=\"https:\/\/www.mfkegtechnik.com\/es\/contacto\/\"\n\t\t\t\t\t>\n\t\t\t<img \n\tsrc=\"https:\/\/www.mfkegtechnik.com\/wp-content\/uploads\/2019\/08\/Ingeneria-ES.png\" width=\"309\" height=\"202\" srcset=\"https:\/\/www.mfkegtechnik.com\/wp-content\/uploads\/2019\/08\/Ingeneria-ES.png 309w, https:\/\/www.mfkegtechnik.com\/wp-content\/uploads\/2019\/08\/Ingeneria-ES-300x196.png 300w\" sizes=\"(max-width: 309px) 100vw, 309px\" title=\"Ingener\u00eda\" alt=\"Ingener\u00eda\" \t\tclass=\"so-widget-image\"\/>\n\t\t\t<\/a><\/div>\n\n<\/div><\/div><\/div><div id=\"pgc-w5d43ef7d272aa-0-1\"  class=\"panel-grid-cell\" ><div id=\"panel-w5d43ef7d272aa-0-1-0\" class=\"so-panel widget widget_sow-image panel-first-child panel-last-child\" data-index=\"1\" ><div\n\t\t\t\n\t\t\tclass=\"so-widget-sow-image so-widget-sow-image-default-c67d20f9f743\"\n\t\t\t\n\t\t>\n<div class=\"sow-image-container\">\n\t\t\t<a href=\"https:\/\/www.mfkegtechnik.com\/es\/contacto\/\"\n\t\t\t\t\t>\n\t\t\t<img \n\tsrc=\"https:\/\/www.mfkegtechnik.com\/wp-content\/uploads\/2019\/08\/Manteniminto-ES.png\" width=\"307\" height=\"202\" srcset=\"https:\/\/www.mfkegtechnik.com\/wp-content\/uploads\/2019\/08\/Manteniminto-ES.png 307w, https:\/\/www.mfkegtechnik.com\/wp-content\/uploads\/2019\/08\/Manteniminto-ES-300x197.png 300w\" sizes=\"(max-width: 307px) 100vw, 307px\" title=\"Mantenimiento Preventivo\" alt=\"Mantenimiento Preventivo\" \t\tclass=\"so-widget-image\"\/>\n\t\t\t<\/a><\/div>\n\n<\/div><\/div><\/div><div id=\"pgc-w5d43ef7d272aa-0-2\"  class=\"panel-grid-cell\" ><div id=\"panel-w5d43ef7d272aa-0-2-0\" class=\"so-panel widget widget_sow-image panel-first-child panel-last-child\" data-index=\"2\" ><div\n\t\t\t\n\t\t\tclass=\"so-widget-sow-image so-widget-sow-image-default-c67d20f9f743\"\n\t\t\t\n\t\t>\n<div class=\"sow-image-container\">\n\t\t\t<a href=\"https:\/\/www.mfkegtechnik.com\/es\/contacto\/\"\n\t\t\t\t\t>\n\t\t\t<img \n\tsrc=\"https:\/\/www.mfkegtechnik.com\/wp-content\/uploads\/2019\/08\/Asistencia-ES.png\" width=\"310\" height=\"201\" srcset=\"https:\/\/www.mfkegtechnik.com\/wp-content\/uploads\/2019\/08\/Asistencia-ES.png 310w, https:\/\/www.mfkegtechnik.com\/wp-content\/uploads\/2019\/08\/Asistencia-ES-300x195.png 300w\" sizes=\"(max-width: 310px) 100vw, 310px\" title=\"Asistencia\" alt=\"Asistencia\" \t\tclass=\"so-widget-image\"\/>\n\t\t\t<\/a><\/div>\n\n<\/div><\/div><\/div><\/div><\/div><\/div><div id=\"panel-4277-2-0-2\" class=\"so-panel widget widget_sow-editor panel-last-child\" data-index=\"7\" ><div\n\t\t\t\n\t\t\tclass=\"so-widget-sow-editor so-widget-sow-editor-base\"\n\t\t\t\n\t\t>\n<div class=\"siteorigin-widget-tinymce textwidget\">\n\t<\/div>\n<\/div><\/div><\/div><\/div><\/div><div id=\"pg-4277-3\"  class=\"panel-grid panel-no-style\" ><div id=\"pgc-4277-3-0\"  class=\"panel-grid-cell panel-grid-cell-empty\" ><\/div><\/div><div id=\"pg-4277-4\"  class=\"panel-grid panel-has-style\" ><div class=\"siteorigin-panels-stretch panel-row-style panel-row-style-for-4277-4\" data-stretch-type=\"full\" ><div id=\"pgc-4277-4-0\"  class=\"panel-grid-cell\" ><div id=\"panel-4277-4-0-0\" class=\"so-panel widget widget_siteorigin-panels-builder panel-first-child panel-last-child\" data-index=\"8\" ><div id=\"pl-w61ec94038f478\"  class=\"panel-layout\" ><div id=\"pg-w61ec94038f478-0\"  class=\"panel-grid panel-no-style\" ><div id=\"pgc-w61ec94038f478-0-0\"  class=\"panel-grid-cell\" ><div id=\"panel-w61ec94038f478-0-0-0\" class=\"so-panel widget widget_sow-headline panel-first-child\" data-index=\"0\" ><div\n\t\t\t\n\t\t\tclass=\"so-widget-sow-headline so-widget-sow-headline-default-fb9b5b03b6bd\"\n\t\t\t\n\t\t><div class=\"sow-headline-container \">\n\t\t\t\t\t\t\t<h2 class=\"sow-headline\">\n\t\t\t\t\t\t!Ponte en contacto con nosotros!\t\t\t\t\t\t<\/h2>\n\t\t\t\t\t\t<\/div>\n<\/div><\/div><div id=\"panel-w61ec94038f478-0-0-1\" class=\"so-panel widget widget_sow-editor panel-last-child\" data-index=\"1\" ><div\n\t\t\t\n\t\t\tclass=\"so-widget-sow-editor so-widget-sow-editor-base\"\n\t\t\t\n\t\t>\n<div class=\"siteorigin-widget-tinymce textwidget\">\n\t<h3><span style=\"color: #ffffff;\"><strong>N\u00famero de telef\u00f3no: <\/strong>+49-2041 7430<\/span><\/h3>\n<h3><span style=\"color: #ffffff;\"><strong>Mail:<\/strong> info@mfKEGtechnik.de<\/span><\/h3>\n<h3><span style=\"color: #ffffff;\"><strong>Direcci\u00f3n:<\/strong> Weusterstrasse 27, 46240 Bottrop, Alemania<\/span><\/h3>\n<\/div>\n<\/div><\/div><\/div><div id=\"pgc-w61ec94038f478-0-1\"  class=\"panel-grid-cell panel-grid-cell-empty\" ><\/div><div id=\"pgc-w61ec94038f478-0-2\"  class=\"panel-grid-cell\" ><div id=\"panel-w61ec94038f478-0-2-0\" class=\"so-panel widget widget_sow-headline panel-first-child\" data-index=\"2\" ><div\n\t\t\t\n\t\t\tclass=\"so-widget-sow-headline so-widget-sow-headline-default-fb9b5b03b6bd\"\n\t\t\t\n\t\t><div class=\"sow-headline-container \">\n\t\t\t\t\t\t\t<h2 class=\"sow-headline\">\n\t\t\t\t\t\tEncu\u00e9ntranos en las redes sociales !\t\t\t\t\t\t<\/h2>\n\t\t\t\t\t\t<\/div>\n<\/div><\/div><div id=\"panel-w61ec94038f478-0-2-1\" class=\"so-panel widget widget_sow-social-media-buttons panel-last-child\" data-index=\"3\" ><div\n\t\t\t\n\t\t\tclass=\"so-widget-sow-social-media-buttons so-widget-sow-social-media-buttons-atom-dd9a42e34daa\"\n\t\t\t\n\t\t>\n\n<div class=\"social-media-button-container\">\n\t\n\t\t<a \n\t\tclass=\"ow-button-hover sow-social-media-button-youtube-0 sow-social-media-button\" title=\"YouTube\" aria-label=\"YouTube\" target=\"_blank\" rel=\"noopener noreferrer\" href=\"https:\/\/www.youtube.com\/user\/KEGTechnik\/https:\/\/www.youtube.com\/\" \t\t>\n\t\t\t<span>\n\t\t\t\t\t\t\t\t<span class=\"sow-icon-fontawesome sow-fab\" data-sow-icon=\"&#xf167;\"\n\t\t \n\t\taria-hidden=\"true\"><\/span>\t\t\t\t\t\t\t<\/span>\n\t\t<\/a>\n\t\n\t\t<a \n\t\tclass=\"ow-button-hover sow-social-media-button-facebook-0 sow-social-media-button\" title=\"Facebook\" aria-label=\"Facebook\" target=\"_blank\" rel=\"noopener noreferrer\" href=\"https:\/\/www.facebook.com\/Mf-KEG-Technik-GmbH-Co-KG-100694908516712\" \t\t>\n\t\t\t<span>\n\t\t\t\t\t\t\t\t<span class=\"sow-icon-fontawesome sow-fab\" data-sow-icon=\"&#xf39e;\"\n\t\t \n\t\taria-hidden=\"true\"><\/span>\t\t\t\t\t\t\t<\/span>\n\t\t<\/a>\n\t\n\t\t<a \n\t\tclass=\"ow-button-hover sow-social-media-button-instagram-0 sow-social-media-button\" title=\"Instagram\" aria-label=\"Instagram\" target=\"_blank\" rel=\"noopener noreferrer\" href=\"https:\/\/www.instagram.com\/mf_kegtechnik\/\" \t\t>\n\t\t\t<span>\n\t\t\t\t\t\t\t\t<span class=\"sow-icon-fontawesome sow-fab\" data-sow-icon=\"&#xf16d;\"\n\t\t \n\t\taria-hidden=\"true\"><\/span>\t\t\t\t\t\t\t<\/span>\n\t\t<\/a>\n\t\n\t\t<a \n\t\tclass=\"ow-button-hover sow-social-media-button-linkedin-0 sow-social-media-button\" title=\"LinkedIn\" aria-label=\"LinkedIn\" target=\"_blank\" rel=\"noopener noreferrer\" href=\"https:\/\/linkedin.com\/company\/m-f-keg-technik-gmbh-&#038;-co.-kg\" \t\t>\n\t\t\t<span>\n\t\t\t\t\t\t\t\t<span class=\"sow-icon-fontawesome sow-fab\" data-sow-icon=\"&#xf0e1;\"\n\t\t \n\t\taria-hidden=\"true\"><\/span>\t\t\t\t\t\t\t<\/span>\n\t\t<\/a>\n\t\n\t\t<a \n\t\tclass=\"ow-button-hover sow-social-media-button-whatsapp-0 sow-social-media-button\" title=\"Whatsapp\" aria-label=\"Whatsapp\" target=\"_blank\" rel=\"noopener noreferrer\" href=\"https:\/\/api.whatsapp.com\/send?phone=491631366831\" \t\t>\n\t\t\t<span>\n\t\t\t\t\t\t\t\t<span class=\"sow-icon-fontawesome sow-fab\" data-sow-icon=\"&#xf232;\"\n\t\t \n\t\taria-hidden=\"true\"><\/span>\t\t\t\t\t\t\t<\/span>\n\t\t<\/a>\n\t<\/div>\n<\/div><\/div><\/div><\/div><div id=\"pg-w61ec94038f478-1\"  class=\"panel-grid panel-no-style\" ><div id=\"pgc-w61ec94038f478-1-0\"  class=\"panel-grid-cell panel-grid-cell-empty\" ><\/div><div id=\"pgc-w61ec94038f478-1-1\"  class=\"panel-grid-cell panel-grid-cell-empty\" ><\/div><div id=\"pgc-w61ec94038f478-1-2\"  class=\"panel-grid-cell panel-grid-cell-empty\" ><\/div><div id=\"pgc-w61ec94038f478-1-3\"  class=\"panel-grid-cell\" ><div id=\"panel-w61ec94038f478-1-3-0\" class=\"so-panel widget widget_black-studio-tinymce widget_black_studio_tinymce panel-first-child panel-last-child\" data-index=\"4\" ><div class=\"textwidget\"><p><a href=\"https:\/\/www.mfkegtechnik.com\/imprint\/\" target=\"_blank\" rel=\"noopener\"><span style=\"color: #ffffff;\">Impresi\u00f3n<\/span><\/a><\/p>\n<\/div><\/div><\/div><div id=\"pgc-w61ec94038f478-1-4\"  class=\"panel-grid-cell\" ><div id=\"panel-w61ec94038f478-1-4-0\" class=\"so-panel widget widget_black-studio-tinymce widget_black_studio_tinymce panel-first-child panel-last-child\" data-index=\"5\" ><div class=\"textwidget\"><p style=\"text-align: left;\"><a href=\"https:\/\/www.mfkegtechnik.com\/privacy-policy\/\" target=\"_blank\" rel=\"noopener\"><span style=\"color: #ffffff;\">Privacidad<\/span><\/a><\/p>\n<\/div><\/div><\/div><div id=\"pgc-w61ec94038f478-1-5\"  class=\"panel-grid-cell\" ><div id=\"panel-w61ec94038f478-1-5-0\" class=\"so-panel widget widget_black-studio-tinymce widget_black_studio_tinymce panel-first-child panel-last-child\" data-index=\"6\" ><div class=\"textwidget\"><p style=\"text-align: left;\"><a href=\"https:\/\/www.mfkegtechnik.com\/cookie-policy\/\" target=\"_blank\" rel=\"noopener\"><span style=\"color: #ffffff;\">Pol\u00edtica de cookies<\/span><\/a><\/p>\n<\/div><\/div><\/div><\/div><\/div><\/div><\/div><\/div><\/div><\/div>","protected":false},"excerpt":{"rendered":"<p>Con m\u00e1s de 50 a\u00f1os de experiencia en el mercado de barriles y habiendo vendido m\u00e1s de 2700 soluciones en m\u00e1s de 100 pa\u00edses, declaramos que somos especialistas en nuestra \u00e1rea de actividad. Nuestra gama de productos incluye m\u00e1quinas individuales, as\u00ed como instalaciones completas para el lavado y llenado de barriles convencionales, as\u00ed como equipos perif\u00e9ricos para barriles.\u00a0 m + f KEG-Technik GmbH &amp; Co. KG ofrece a sus clientes &hellip;<a class=\"excerpt\" href=\"https:\/\/www.mfkegtechnik.com\/es\/\">Read More<\/a><\/p>\n","protected":false},"author":2,"featured_media":0,"parent":0,"menu_order":0,"comment_status":"closed","ping_status":"closed","template":"","meta":{"footnotes":""},"class_list":["post-4277","page","type-page","status-publish","hentry"],"yoast_head":"<!-- This site is optimized with the Yoast SEO plugin v27.3 - https:\/\/yoast.com\/product\/yoast-seo-wordpress\/ -->\n<title>Lavado y llenado de barriles - m+f KEG-technik GmbH &amp; Co. KG<\/title>\n<meta name=\"description\" content=\"m+f KEG-Technik GmbH &amp; Co. KG, su especialista de lavado y llenado de barriles. m+f ofrece a sus clientes un servicio integral.\" \/>\n<meta name=\"robots\" content=\"index, follow, max-snippet:-1, max-image-preview:large, max-video-preview:-1\" \/>\n<link rel=\"canonical\" href=\"https:\/\/www.mfkegtechnik.com\/es\/\" \/>\n<meta property=\"og:locale\" content=\"es_ES\" \/>\n<meta property=\"og:type\" content=\"article\" \/>\n<meta property=\"og:title\" content=\"Lavado y llenado de barriles - m+f KEG-technik GmbH &amp; Co. KG\" \/>\n<meta property=\"og:description\" content=\"m+f KEG-Technik GmbH &amp; Co. KG, su especialista de lavado y llenado de barriles. m+f ofrece a sus clientes un servicio integral.\" \/>\n<meta property=\"og:url\" content=\"https:\/\/www.mfkegtechnik.com\/es\/\" \/>\n<meta property=\"og:site_name\" content=\"m+f KEG-Technik GmbH &amp; Co. KG\" \/>\n<meta property=\"article:modified_time\" content=\"2024-04-02T14:52:35+00:00\" \/>\n<meta name=\"twitter:card\" content=\"summary_large_image\" \/>\n<meta name=\"twitter:label1\" content=\"Tiempo de lectura\" \/>\n\t<meta name=\"twitter:data1\" content=\"3 minutos\" \/>\n<script type=\"application\/ld+json\" class=\"yoast-schema-graph\">{\"@context\":\"https:\\\/\\\/schema.org\",\"@graph\":[{\"@type\":\"WebPage\",\"@id\":\"https:\\\/\\\/www.mfkegtechnik.com\\\/es\\\/\",\"url\":\"https:\\\/\\\/www.mfkegtechnik.com\\\/es\\\/\",\"name\":\"Lavado y llenado de barriles - m+f KEG-technik GmbH & Co. KG\",\"isPartOf\":{\"@id\":\"https:\\\/\\\/www.mfkegtechnik.com\\\/es\\\/#website\"},\"datePublished\":\"2019-06-12T10:02:33+00:00\",\"dateModified\":\"2024-04-02T14:52:35+00:00\",\"description\":\"m+f KEG-Technik GmbH & Co. KG, su especialista de lavado y llenado de barriles. m+f ofrece a sus clientes un servicio integral.\",\"breadcrumb\":{\"@id\":\"https:\\\/\\\/www.mfkegtechnik.com\\\/es\\\/#breadcrumb\"},\"inLanguage\":\"es\",\"potentialAction\":[{\"@type\":\"ReadAction\",\"target\":[\"https:\\\/\\\/www.mfkegtechnik.com\\\/es\\\/\"]}]},{\"@type\":\"BreadcrumbList\",\"@id\":\"https:\\\/\\\/www.mfkegtechnik.com\\\/es\\\/#breadcrumb\",\"itemListElement\":[{\"@type\":\"ListItem\",\"position\":1,\"name\":\"Accueil\",\"item\":\"https:\\\/\\\/www.mfkegtechnik.com\\\/es\\\/\"},{\"@type\":\"ListItem\",\"position\":2,\"name\":\"Inicio\"}]},{\"@type\":\"WebSite\",\"@id\":\"https:\\\/\\\/www.mfkegtechnik.com\\\/es\\\/#website\",\"url\":\"https:\\\/\\\/www.mfkegtechnik.com\\\/es\\\/\",\"name\":\"m+f KEG-Technik GmbH &amp; Co. KG\",\"description\":\"We keep your KEGs clean !\",\"potentialAction\":[{\"@type\":\"SearchAction\",\"target\":{\"@type\":\"EntryPoint\",\"urlTemplate\":\"https:\\\/\\\/www.mfkegtechnik.com\\\/es\\\/?s={search_term_string}\"},\"query-input\":{\"@type\":\"PropertyValueSpecification\",\"valueRequired\":true,\"valueName\":\"search_term_string\"}}],\"inLanguage\":\"es\"}]}<\/script>\n<!-- \/ Yoast SEO plugin. -->","yoast_head_json":{"title":"Lavado y llenado de barriles - m+f KEG-technik GmbH & Co. KG","description":"m+f KEG-Technik GmbH & Co. KG, su especialista de lavado y llenado de barriles. m+f ofrece a sus clientes un servicio integral.","robots":{"index":"index","follow":"follow","max-snippet":"max-snippet:-1","max-image-preview":"max-image-preview:large","max-video-preview":"max-video-preview:-1"},"canonical":"https:\/\/www.mfkegtechnik.com\/es\/","og_locale":"es_ES","og_type":"article","og_title":"Lavado y llenado de barriles - m+f KEG-technik GmbH & Co. KG","og_description":"m+f KEG-Technik GmbH & Co. KG, su especialista de lavado y llenado de barriles. m+f ofrece a sus clientes un servicio integral.","og_url":"https:\/\/www.mfkegtechnik.com\/es\/","og_site_name":"m+f KEG-Technik GmbH &amp; Co. KG","article_modified_time":"2024-04-02T14:52:35+00:00","twitter_card":"summary_large_image","twitter_misc":{"Tiempo de lectura":"3 minutos"},"schema":{"@context":"https:\/\/schema.org","@graph":[{"@type":"WebPage","@id":"https:\/\/www.mfkegtechnik.com\/es\/","url":"https:\/\/www.mfkegtechnik.com\/es\/","name":"Lavado y llenado de barriles - m+f KEG-technik GmbH & Co. KG","isPartOf":{"@id":"https:\/\/www.mfkegtechnik.com\/es\/#website"},"datePublished":"2019-06-12T10:02:33+00:00","dateModified":"2024-04-02T14:52:35+00:00","description":"m+f KEG-Technik GmbH & Co. KG, su especialista de lavado y llenado de barriles. m+f ofrece a sus clientes un servicio integral.","breadcrumb":{"@id":"https:\/\/www.mfkegtechnik.com\/es\/#breadcrumb"},"inLanguage":"es","potentialAction":[{"@type":"ReadAction","target":["https:\/\/www.mfkegtechnik.com\/es\/"]}]},{"@type":"BreadcrumbList","@id":"https:\/\/www.mfkegtechnik.com\/es\/#breadcrumb","itemListElement":[{"@type":"ListItem","position":1,"name":"Accueil","item":"https:\/\/www.mfkegtechnik.com\/es\/"},{"@type":"ListItem","position":2,"name":"Inicio"}]},{"@type":"WebSite","@id":"https:\/\/www.mfkegtechnik.com\/es\/#website","url":"https:\/\/www.mfkegtechnik.com\/es\/","name":"m+f KEG-Technik GmbH &amp; Co. KG","description":"We keep your KEGs clean !","potentialAction":[{"@type":"SearchAction","target":{"@type":"EntryPoint","urlTemplate":"https:\/\/www.mfkegtechnik.com\/es\/?s={search_term_string}"},"query-input":{"@type":"PropertyValueSpecification","valueRequired":true,"valueName":"search_term_string"}}],"inLanguage":"es"}]}},"_links":{"self":[{"href":"https:\/\/www.mfkegtechnik.com\/es\/wp-json\/wp\/v2\/pages\/4277","targetHints":{"allow":["GET"]}}],"collection":[{"href":"https:\/\/www.mfkegtechnik.com\/es\/wp-json\/wp\/v2\/pages"}],"about":[{"href":"https:\/\/www.mfkegtechnik.com\/es\/wp-json\/wp\/v2\/types\/page"}],"author":[{"embeddable":true,"href":"https:\/\/www.mfkegtechnik.com\/es\/wp-json\/wp\/v2\/users\/2"}],"replies":[{"embeddable":true,"href":"https:\/\/www.mfkegtechnik.com\/es\/wp-json\/wp\/v2\/comments?post=4277"}],"version-history":[{"count":15,"href":"https:\/\/www.mfkegtechnik.com\/es\/wp-json\/wp\/v2\/pages\/4277\/revisions"}],"predecessor-version":[{"id":19621,"href":"https:\/\/www.mfkegtechnik.com\/es\/wp-json\/wp\/v2\/pages\/4277\/revisions\/19621"}],"wp:attachment":[{"href":"https:\/\/www.mfkegtechnik.com\/es\/wp-json\/wp\/v2\/media?parent=4277"}],"curies":[{"name":"wp","href":"https:\/\/api.w.org\/{rel}","templated":true}]}}