{"id":4279,"date":"2019-06-12T07:34:52","date_gmt":"2019-06-12T06:34:52","guid":{"rendered":"http:\/\/www.mfkegtechnik.com\/co2-leakage-detector\/"},"modified":"2019-08-19T07:38:00","modified_gmt":"2019-08-19T06:38:00","slug":"detector-fugas-de-gas","status":"publish","type":"page","link":"https:\/\/www.mfkegtechnik.com\/es\/detector-fugas-de-gas\/","title":{"rendered":"Detector de fugas de gas"},"content":{"rendered":"<div id=\"pl-4279\"  class=\"panel-layout\" ><div id=\"pg-4279-0\"  class=\"panel-grid panel-no-style\" ><div id=\"pgc-4279-0-0\"  class=\"panel-grid-cell\" ><div id=\"panel-4279-0-0-0\" class=\"so-panel widget widget_sow-headline panel-first-child\" data-index=\"0\" ><div\n\t\t\t\n\t\t\tclass=\"so-widget-sow-headline so-widget-sow-headline-default-09e8b5ce81e0-4279\"\n\t\t\t\n\t\t><div class=\"sow-headline-container \">\n\t\t\t\t\t\t\t<h1 class=\"sow-headline\">\n\t\t\t\t\t\tPresentaci\u00f3n del detector de fugas de gas \t\t\t\t\t\t<\/h1>\n\t\t\t\t\t\t\t\t\t\t\t<div class=\"decoration\">\n\t\t\t\t\t\t<div class=\"decoration-inside\"><\/div>\n\t\t\t\t\t<\/div>\n\t\t\t\t\t<\/div>\n<\/div><\/div><div id=\"panel-4279-0-0-1\" class=\"so-panel widget widget_sow-editor panel-last-child\" data-index=\"1\" ><div\n\t\t\t\n\t\t\tclass=\"so-widget-sow-editor so-widget-sow-editor-base\"\n\t\t\t\n\t\t>\n<div class=\"siteorigin-widget-tinymce textwidget\">\n\t<\/div>\n<\/div><\/div><\/div><\/div><div id=\"pg-4279-1\"  class=\"panel-grid panel-no-style\" ><div id=\"pgc-4279-1-0\"  class=\"panel-grid-cell\" ><div id=\"panel-4279-1-0-0\" class=\"so-panel widget widget_sow-image panel-first-child panel-last-child\" data-index=\"2\" ><div\n\t\t\t\n\t\t\tclass=\"so-widget-sow-image so-widget-sow-image-default-c67d20f9f743-4279\"\n\t\t\t\n\t\t>\n<div class=\"sow-image-container\">\n\t\t<img \n\tsrc=\"https:\/\/www.mfkegtechnik.com\/wp-content\/uploads\/2018\/09\/CO2-Leckagepr\u00fcfer.jpg\" width=\"864\" height=\"1296\" srcset=\"https:\/\/www.mfkegtechnik.com\/wp-content\/uploads\/2018\/09\/CO2-Leckagepr\u00fcfer.jpg 864w, https:\/\/www.mfkegtechnik.com\/wp-content\/uploads\/2018\/09\/CO2-Leckagepr\u00fcfer-200x300.jpg 200w, https:\/\/www.mfkegtechnik.com\/wp-content\/uploads\/2018\/09\/CO2-Leckagepr\u00fcfer-768x1152.jpg 768w, https:\/\/www.mfkegtechnik.com\/wp-content\/uploads\/2018\/09\/CO2-Leckagepr\u00fcfer-683x1024.jpg 683w\" sizes=\"(max-width: 864px) 100vw, 864px\" title=\"detector de fugas de gas\" alt=\"detector-de-fugas-de-gas\" \t\tclass=\"so-widget-image\"\/>\n\t<\/div>\n\n<\/div><\/div><\/div><div id=\"pgc-4279-1-1\"  class=\"panel-grid-cell\" ><div id=\"panel-4279-1-1-0\" class=\"so-panel widget widget_sow-headline panel-first-child\" data-index=\"3\" ><div\n\t\t\t\n\t\t\tclass=\"so-widget-sow-headline so-widget-sow-headline-default-f16591bb046e-4279\"\n\t\t\t\n\t\t><div class=\"sow-headline-container \">\n\t\t\t\t\t\t\t<h1 class=\"sow-headline\">\n\t\t\t\t\t\tCARACTER\u00cdSTICAS\t\t\t\t\t\t<\/h1>\n\t\t\t\t\t\t\t\t\t\t\t<div class=\"decoration\">\n\t\t\t\t\t\t<div class=\"decoration-inside\"><\/div>\n\t\t\t\t\t<\/div>\n\t\t\t\t\t<\/div>\n<\/div><\/div><div id=\"panel-4279-1-1-1\" class=\"so-panel widget widget_sow-editor\" data-index=\"4\" ><div\n\t\t\t\n\t\t\tclass=\"so-widget-sow-editor so-widget-sow-editor-base\"\n\t\t\t\n\t\t>\n<div class=\"siteorigin-widget-tinymce textwidget\">\n\t<h4><span style=\"color: #000000;\">El detector de fugas de gas detecta de forma completamente autom\u00e1tica cualquier fuga al conectar los barriles.<\/span><\/h4>\n<h4><span style=\"color: #000000;\">Esta m\u00e1quina incluye todos los elementos el\u00e9ctricos y neum\u00e1ticos necesarios para el funcionamiento.<\/span><\/h4>\n<h4><span style=\"color: #000000;\">Para cumplir con las normas europeas y garantizar la calidad de sus productos, el bastidor y todos los elementos mec\u00e1nicos importantes est\u00e1n soldados en acero inoxidable.<\/span><\/h4>\n<\/div>\n<\/div><\/div><div id=\"panel-4279-1-1-2\" class=\"so-panel widget widget_sow-headline\" data-index=\"5\" ><div\n\t\t\t\n\t\t\tclass=\"so-widget-sow-headline so-widget-sow-headline-default-f16591bb046e-4279\"\n\t\t\t\n\t\t><div class=\"sow-headline-container \">\n\t\t\t\t\t\t\t<h1 class=\"sow-headline\">\n\t\t\t\t\t\tDATOS T\u00c9CNICOS\t\t\t\t\t\t<\/h1>\n\t\t\t\t\t\t\t\t\t\t\t<div class=\"decoration\">\n\t\t\t\t\t\t<div class=\"decoration-inside\"><\/div>\n\t\t\t\t\t<\/div>\n\t\t\t\t\t<\/div>\n<\/div><\/div><div id=\"panel-4279-1-1-3\" class=\"so-panel widget widget_sow-editor\" data-index=\"6\" ><div\n\t\t\t\n\t\t\tclass=\"so-widget-sow-editor so-widget-sow-editor-base\"\n\t\t\t\n\t\t>\n<div class=\"siteorigin-widget-tinymce textwidget\">\n\t<h4><span style=\"color: #ff9900;\"><strong>Cadencia \u00fatil <\/strong><strong>: 250 KEG\/hora<\/strong><\/span><\/h4>\n<h4><span style=\"color: #000000;\"><strong>Estaci\u00f3n <\/strong><strong>:<\/strong> Detector de fugas<\/span><\/h4>\n<h4><span style=\"color: #000000;\"><strong>Dimensiones :<\/strong> \u00a0\u00a0 <strong>Anchura (B) <\/strong>\u00a0 \u00a0 \u00a0 \u00a0\u00a0 : <strong>700<\/strong>mm<\/span><\/h4>\n<h4><span style=\"color: #000000;\">\u00a0 \u00a0 \u00a0 \u00a0 \u00a0 \u00a0 \u00a0 \u00a0 \u00a0 \u00a0 \u00a0 \u00a0 \u00a0 \u00a0 \u00a0\u00a0 <strong>Largura (L) \u00a0 \u00a0 <\/strong>\u00a0 \u00a0 \u00a0\u00a0 : <strong>1.210<\/strong> mm<\/span><\/h4>\n<h4><span style=\"color: #000000;\">\u00a0 \u00a0 \u00a0 \u00a0 \u00a0 \u00a0 \u00a0 \u00a0 \u00a0 \u00a0 \u00a0 \u00a0 \u00a0 \u00a0 \u00a0\u00a0 <strong>Altura (H)\u00a0\u00a0\u00a0\u00a0\u00a0<\/strong>\u00a0\u00a0\u00a0\u00a0\u00a0\u00a0\u00a0\u00a0 : <strong>2.235<\/strong> mm +\/- <strong>50<\/strong><\/span><\/h4>\n<h4><span style=\"color: #000000;\"><strong>Voltaje :<\/strong> <strong>230\/400<\/strong>V, <strong>50<\/strong>Hz\u00a0 <span style=\"color: #ffffff;\"><a style=\"color: #ffffff;\" href=\"https:\/\/www.youtube.com\/user\/KEGTechnik\/\">m+f<\/a><\/span><\/span><\/h4>\n<\/div>\n<\/div><\/div><div id=\"panel-4279-1-1-4\" class=\"so-panel widget widget_sow-headline\" data-index=\"7\" ><div\n\t\t\t\n\t\t\tclass=\"so-widget-sow-headline so-widget-sow-headline-default-f16591bb046e-4279\"\n\t\t\t\n\t\t><div class=\"sow-headline-container \">\n\t\t\t\t\t\t\t<h1 class=\"sow-headline\">\n\t\t\t\t\t\tBENEFICIOS\t\t\t\t\t\t<\/h1>\n\t\t\t\t\t\t\t\t\t\t\t<div class=\"decoration\">\n\t\t\t\t\t\t<div class=\"decoration-inside\"><\/div>\n\t\t\t\t\t<\/div>\n\t\t\t\t\t<\/div>\n<\/div><\/div><div id=\"panel-4279-1-1-5\" class=\"so-panel widget widget_sow-editor\" data-index=\"8\" ><div\n\t\t\t\n\t\t\tclass=\"so-widget-sow-editor so-widget-sow-editor-base\"\n\t\t\t\n\t\t>\n<div class=\"siteorigin-widget-tinymce textwidget\">\n\t<h4 style=\"padding-left: 40px;\"><span style=\"color: #000000;\">Tramitaci\u00f3n r\u00e1pida<\/span><\/h4>\n<h4 style=\"padding-left: 40px;\"><span style=\"color: #000000;\">Totalmente autom\u00e1tica<\/span><\/h4>\n<\/div>\n<\/div><\/div><div id=\"panel-4279-1-1-6\" class=\"so-panel widget widget_sow-button panel-last-child\" data-index=\"9\" ><div\n\t\t\t\n\t\t\tclass=\"so-widget-sow-button so-widget-sow-button-atom-45a38d61cbbe-4279\"\n\t\t\t\n\t\t><div class=\"ow-button-base ow-button-align-center\"\n>\n\t\t\t<a\n\t\t\t\t\thref=\"http:\/\/www.mfkegtechnik.com\/wp-content\/uploads\/2018\/09\/CO2-leakage-detector.pdf\"\n\t\t\t\t\tclass=\"sowb-button ow-icon-placement-left ow-button-hover\" \t>\n\t\t<span>\n\t\t\t\n\t\t\tDescarga la ficha t\u00e9cnica (PDF)\t\t<\/span>\n\t\t\t<\/a>\n\t<\/div>\n<\/div><\/div><\/div><\/div><\/div>","protected":false},"excerpt":{"rendered":"<p>El detector de fugas de gas detecta de forma completamente autom\u00e1tica cualquier fuga al conectar los barriles. Esta m\u00e1quina incluye todos los elementos el\u00e9ctricos y neum\u00e1ticos necesarios para el funcionamiento. Para cumplir con las normas europeas y garantizar la calidad de sus productos, el bastidor y todos los elementos mec\u00e1nicos importantes est\u00e1n soldados en acero inoxidable. Cadencia \u00fatil : 250 KEG\/hora Estaci\u00f3n : Detector de fugas Dimensiones : \u00a0\u00a0 Anchura &hellip;<a class=\"excerpt\" href=\"https:\/\/www.mfkegtechnik.com\/es\/detector-fugas-de-gas\/\">Read More<\/a><\/p>\n","protected":false},"author":2,"featured_media":0,"parent":0,"menu_order":0,"comment_status":"closed","ping_status":"closed","template":"","meta":{"footnotes":""},"class_list":["post-4279","page","type-page","status-publish","hentry"],"yoast_head":"<!-- This site is optimized with the Yoast SEO plugin v27.3 - https:\/\/yoast.com\/product\/yoast-seo-wordpress\/ -->\n<title>Detector de fugas de gas - m+f KEG-Technik GmbH &amp; Co. KG<\/title>\n<meta name=\"description\" content=\"El detector de fugas de gas detecta de forma completamente autom\u00e1tica cualquier fuga al conectar los barriles. Descubre m\u00e1s !\" \/>\n<meta name=\"robots\" content=\"index, follow, max-snippet:-1, max-image-preview:large, max-video-preview:-1\" \/>\n<link rel=\"canonical\" href=\"https:\/\/www.mfkegtechnik.com\/es\/detector-fugas-de-gas\/\" \/>\n<meta property=\"og:locale\" content=\"es_ES\" \/>\n<meta property=\"og:type\" content=\"article\" \/>\n<meta property=\"og:title\" content=\"Detector de fugas de gas - m+f KEG-Technik GmbH &amp; Co. KG\" \/>\n<meta property=\"og:description\" content=\"El detector de fugas de gas detecta de forma completamente autom\u00e1tica cualquier fuga al conectar los barriles. Descubre m\u00e1s !\" \/>\n<meta property=\"og:url\" content=\"https:\/\/www.mfkegtechnik.com\/es\/detector-fugas-de-gas\/\" \/>\n<meta property=\"og:site_name\" content=\"m+f KEG-Technik GmbH &amp; Co. KG\" \/>\n<meta property=\"article:modified_time\" content=\"2019-08-19T06:38:00+00:00\" \/>\n<meta name=\"twitter:card\" content=\"summary_large_image\" \/>\n<meta name=\"twitter:label1\" content=\"Tiempo de lectura\" \/>\n\t<meta name=\"twitter:data1\" content=\"1 minuto\" \/>\n<script type=\"application\/ld+json\" class=\"yoast-schema-graph\">{\"@context\":\"https:\\\/\\\/schema.org\",\"@graph\":[{\"@type\":\"WebPage\",\"@id\":\"https:\\\/\\\/www.mfkegtechnik.com\\\/es\\\/detector-fugas-de-gas\\\/\",\"url\":\"https:\\\/\\\/www.mfkegtechnik.com\\\/es\\\/detector-fugas-de-gas\\\/\",\"name\":\"Detector de fugas de gas - m+f KEG-Technik GmbH &amp; Co. KG\",\"isPartOf\":{\"@id\":\"https:\\\/\\\/www.mfkegtechnik.com\\\/es\\\/#website\"},\"datePublished\":\"2019-06-12T06:34:52+00:00\",\"dateModified\":\"2019-08-19T06:38:00+00:00\",\"description\":\"El detector de fugas de gas detecta de forma completamente autom\u00e1tica cualquier fuga al conectar los barriles. Descubre m\u00e1s !\",\"breadcrumb\":{\"@id\":\"https:\\\/\\\/www.mfkegtechnik.com\\\/es\\\/detector-fugas-de-gas\\\/#breadcrumb\"},\"inLanguage\":\"es\",\"potentialAction\":[{\"@type\":\"ReadAction\",\"target\":[\"https:\\\/\\\/www.mfkegtechnik.com\\\/es\\\/detector-fugas-de-gas\\\/\"]}]},{\"@type\":\"BreadcrumbList\",\"@id\":\"https:\\\/\\\/www.mfkegtechnik.com\\\/es\\\/detector-fugas-de-gas\\\/#breadcrumb\",\"itemListElement\":[{\"@type\":\"ListItem\",\"position\":1,\"name\":\"Accueil\",\"item\":\"https:\\\/\\\/www.mfkegtechnik.com\\\/es\\\/\"},{\"@type\":\"ListItem\",\"position\":2,\"name\":\"Detector de fugas de gas\"}]},{\"@type\":\"WebSite\",\"@id\":\"https:\\\/\\\/www.mfkegtechnik.com\\\/es\\\/#website\",\"url\":\"https:\\\/\\\/www.mfkegtechnik.com\\\/es\\\/\",\"name\":\"m+f KEG-Technik GmbH &amp; Co. KG\",\"description\":\"We keep your KEGs clean !\",\"potentialAction\":[{\"@type\":\"SearchAction\",\"target\":{\"@type\":\"EntryPoint\",\"urlTemplate\":\"https:\\\/\\\/www.mfkegtechnik.com\\\/es\\\/?s={search_term_string}\"},\"query-input\":{\"@type\":\"PropertyValueSpecification\",\"valueRequired\":true,\"valueName\":\"search_term_string\"}}],\"inLanguage\":\"es\"}]}<\/script>\n<!-- \/ Yoast SEO plugin. -->","yoast_head_json":{"title":"Detector de fugas de gas - m+f KEG-Technik GmbH &amp; Co. KG","description":"El detector de fugas de gas detecta de forma completamente autom\u00e1tica cualquier fuga al conectar los barriles. Descubre m\u00e1s !","robots":{"index":"index","follow":"follow","max-snippet":"max-snippet:-1","max-image-preview":"max-image-preview:large","max-video-preview":"max-video-preview:-1"},"canonical":"https:\/\/www.mfkegtechnik.com\/es\/detector-fugas-de-gas\/","og_locale":"es_ES","og_type":"article","og_title":"Detector de fugas de gas - m+f KEG-Technik GmbH &amp; Co. KG","og_description":"El detector de fugas de gas detecta de forma completamente autom\u00e1tica cualquier fuga al conectar los barriles. Descubre m\u00e1s !","og_url":"https:\/\/www.mfkegtechnik.com\/es\/detector-fugas-de-gas\/","og_site_name":"m+f KEG-Technik GmbH &amp; Co. KG","article_modified_time":"2019-08-19T06:38:00+00:00","twitter_card":"summary_large_image","twitter_misc":{"Tiempo de lectura":"1 minuto"},"schema":{"@context":"https:\/\/schema.org","@graph":[{"@type":"WebPage","@id":"https:\/\/www.mfkegtechnik.com\/es\/detector-fugas-de-gas\/","url":"https:\/\/www.mfkegtechnik.com\/es\/detector-fugas-de-gas\/","name":"Detector de fugas de gas - m+f KEG-Technik GmbH &amp; Co. KG","isPartOf":{"@id":"https:\/\/www.mfkegtechnik.com\/es\/#website"},"datePublished":"2019-06-12T06:34:52+00:00","dateModified":"2019-08-19T06:38:00+00:00","description":"El detector de fugas de gas detecta de forma completamente autom\u00e1tica cualquier fuga al conectar los barriles. Descubre m\u00e1s !","breadcrumb":{"@id":"https:\/\/www.mfkegtechnik.com\/es\/detector-fugas-de-gas\/#breadcrumb"},"inLanguage":"es","potentialAction":[{"@type":"ReadAction","target":["https:\/\/www.mfkegtechnik.com\/es\/detector-fugas-de-gas\/"]}]},{"@type":"BreadcrumbList","@id":"https:\/\/www.mfkegtechnik.com\/es\/detector-fugas-de-gas\/#breadcrumb","itemListElement":[{"@type":"ListItem","position":1,"name":"Accueil","item":"https:\/\/www.mfkegtechnik.com\/es\/"},{"@type":"ListItem","position":2,"name":"Detector de fugas de gas"}]},{"@type":"WebSite","@id":"https:\/\/www.mfkegtechnik.com\/es\/#website","url":"https:\/\/www.mfkegtechnik.com\/es\/","name":"m+f KEG-Technik GmbH &amp; Co. KG","description":"We keep your KEGs clean !","potentialAction":[{"@type":"SearchAction","target":{"@type":"EntryPoint","urlTemplate":"https:\/\/www.mfkegtechnik.com\/es\/?s={search_term_string}"},"query-input":{"@type":"PropertyValueSpecification","valueRequired":true,"valueName":"search_term_string"}}],"inLanguage":"es"}]}},"_links":{"self":[{"href":"https:\/\/www.mfkegtechnik.com\/es\/wp-json\/wp\/v2\/pages\/4279","targetHints":{"allow":["GET"]}}],"collection":[{"href":"https:\/\/www.mfkegtechnik.com\/es\/wp-json\/wp\/v2\/pages"}],"about":[{"href":"https:\/\/www.mfkegtechnik.com\/es\/wp-json\/wp\/v2\/types\/page"}],"author":[{"embeddable":true,"href":"https:\/\/www.mfkegtechnik.com\/es\/wp-json\/wp\/v2\/users\/2"}],"replies":[{"embeddable":true,"href":"https:\/\/www.mfkegtechnik.com\/es\/wp-json\/wp\/v2\/comments?post=4279"}],"version-history":[{"count":0,"href":"https:\/\/www.mfkegtechnik.com\/es\/wp-json\/wp\/v2\/pages\/4279\/revisions"}],"wp:attachment":[{"href":"https:\/\/www.mfkegtechnik.com\/es\/wp-json\/wp\/v2\/media?parent=4279"}],"curies":[{"name":"wp","href":"https:\/\/api.w.org\/{rel}","templated":true}]}}