{"id":4284,"date":"2019-06-12T07:36:04","date_gmt":"2019-06-12T06:36:04","guid":{"rendered":"http:\/\/www.mfkegtechnik.com\/ecomat-c\/"},"modified":"2022-04-24T19:59:50","modified_gmt":"2022-04-24T18:59:50","slug":"ecomat-c","status":"publish","type":"page","link":"https:\/\/www.mfkegtechnik.com\/es\/ecomat-c\/","title":{"rendered":"ECOMAT C"},"content":{"rendered":"<div id=\"pl-4284\"  class=\"panel-layout\" ><div id=\"pg-4284-0\"  class=\"panel-grid panel-no-style\" ><div id=\"pgc-4284-0-0\"  class=\"panel-grid-cell\" ><div id=\"panel-4284-0-0-0\" class=\"so-panel widget widget_sow-headline panel-first-child panel-last-child\" data-index=\"0\" ><div\n\t\t\t\n\t\t\tclass=\"so-widget-sow-headline so-widget-sow-headline-default-7d6c0c62a896-4284\"\n\t\t\t\n\t\t><div class=\"sow-headline-container \">\n\t\t\t\t\t\t\t<h1 class=\"sow-headline\">\n\t\t\t\t\t\tPresentaci\u00f3n del ECOMAT C\t\t\t\t\t\t<\/h1>\n\t\t\t\t\t\t\t\t\t\t\t<div class=\"decoration\">\n\t\t\t\t\t\t<div class=\"decoration-inside\"><\/div>\n\t\t\t\t\t<\/div>\n\t\t\t\t\t\t\t\t\t\t\t<h2 class=\"sow-sub-headline\">\n\t\t\t\t\t\tMaquin\u00e1 semiautom\u00e1tica para el llenado de barriles tipo KeyKeg\t\t\t\t\t\t<\/h2>\n\t\t\t\t\t\t<\/div>\n<\/div><\/div><\/div><\/div><div id=\"pg-4284-1\"  class=\"panel-grid panel-no-style\" ><div id=\"pgc-4284-1-0\"  class=\"panel-grid-cell\" ><div id=\"panel-4284-1-0-0\" class=\"so-panel widget widget_sow-image panel-first-child\" data-index=\"1\" ><div\n\t\t\t\n\t\t\tclass=\"so-widget-sow-image so-widget-sow-image-default-c67d20f9f743-4284\"\n\t\t\t\n\t\t>\n<div class=\"sow-image-container\">\n\t\t<img \n\tsrc=\"https:\/\/www.mfkegtechnik.com\/wp-content\/uploads\/2017\/01\/rsz_ecomat_c.jpg\" width=\"225\" height=\"300\" sizes=\"(max-width: 225px) 100vw, 225px\" title=\"ECOMAT-C\" alt=\"ecomat-c\" \t\tclass=\"so-widget-image\"\/>\n\t<\/div>\n\n<\/div><\/div><div id=\"panel-4284-1-0-1\" class=\"so-panel widget widget_sow-editor panel-last-child\" data-index=\"2\" ><div\n\t\t\t\n\t\t\tclass=\"so-widget-sow-editor so-widget-sow-editor-base\"\n\t\t\t\n\t\t>\n<div class=\"siteorigin-widget-tinymce textwidget\">\n\t<p style=\"text-align: center;\"><a href=\"http:\/\/www.mfkegtechnik.com\/wp-content\/uploads\/2019\/05\/ecomat-buttons.jpg\"><img loading=\"lazy\" decoding=\"async\" class=\"aligncenter wp-image-1781\" title=\"ECOMAT-C buttons\" src=\"http:\/\/www.mfkegtechnik.com\/wp-content\/uploads\/2019\/05\/ecomat-buttons-300x169.jpg\" alt=\"ecomat-c-buttons\" width=\"260\" height=\"147\" srcset=\"https:\/\/www.mfkegtechnik.com\/wp-content\/uploads\/2019\/05\/ecomat-buttons-300x169.jpg 300w, https:\/\/www.mfkegtechnik.com\/wp-content\/uploads\/2019\/05\/ecomat-buttons-768x432.jpg 768w, https:\/\/www.mfkegtechnik.com\/wp-content\/uploads\/2019\/05\/ecomat-buttons-1024x576.jpg 1024w, https:\/\/www.mfkegtechnik.com\/wp-content\/uploads\/2019\/05\/ecomat-buttons-940x529.jpg 940w\" sizes=\"auto, (max-width: 260px) 100vw, 260px\" \/><\/a><\/p>\n<p style=\"text-align: center;\"><a href=\"http:\/\/www.mfkegtechnik.com\/wp-content\/uploads\/2019\/05\/ecomat-pipework.jpg\"><img loading=\"lazy\" decoding=\"async\" class=\"alignnone wp-image-1782 \" title=\"ECOMAT-C pipework\" src=\"http:\/\/www.mfkegtechnik.com\/wp-content\/uploads\/2019\/05\/ecomat-pipework-300x256.jpg\" alt=\"ecomat-c-pipework\" width=\"259\" height=\"221\" srcset=\"https:\/\/www.mfkegtechnik.com\/wp-content\/uploads\/2019\/05\/ecomat-pipework-300x256.jpg 300w, https:\/\/www.mfkegtechnik.com\/wp-content\/uploads\/2019\/05\/ecomat-pipework-768x655.jpg 768w, https:\/\/www.mfkegtechnik.com\/wp-content\/uploads\/2019\/05\/ecomat-pipework-1024x874.jpg 1024w, https:\/\/www.mfkegtechnik.com\/wp-content\/uploads\/2019\/05\/ecomat-pipework-940x802.jpg 940w\" sizes=\"auto, (max-width: 259px) 100vw, 259px\" \/><\/a><\/p>\n<\/div>\n<\/div><\/div><\/div><div id=\"pgc-4284-1-1\"  class=\"panel-grid-cell\" ><div id=\"panel-4284-1-1-0\" class=\"so-panel widget widget_sow-headline panel-first-child\" data-index=\"3\" ><div\n\t\t\t\n\t\t\tclass=\"so-widget-sow-headline so-widget-sow-headline-default-f16591bb046e-4284\"\n\t\t\t\n\t\t><div class=\"sow-headline-container \">\n\t\t\t\t\t\t\t<h1 class=\"sow-headline\">\n\t\t\t\t\t\tCARACTER\u00cdSTICAS\t\t\t\t\t\t<\/h1>\n\t\t\t\t\t\t\t\t\t\t\t<div class=\"decoration\">\n\t\t\t\t\t\t<div class=\"decoration-inside\"><\/div>\n\t\t\t\t\t<\/div>\n\t\t\t\t\t<\/div>\n<\/div><\/div><div id=\"panel-4284-1-1-1\" class=\"so-panel widget widget_sow-editor\" data-index=\"4\" ><div\n\t\t\t\n\t\t\tclass=\"so-widget-sow-editor so-widget-sow-editor-base\"\n\t\t\t\n\t\t>\n<div class=\"siteorigin-widget-tinymce textwidget\">\n\t<h4><span style=\"color: #000000;\">ECOMAT C es una m\u00e1quina semiautom\u00e1tica para el llenado de barriles tipo KeyKeg que incluye todos los elementos el\u00e9ctricos, electr\u00f3nicos y neum\u00e1ticos necesarios para el funcionamiento.<\/span><\/h4>\n<h4><span style=\"color: #000000;\">Este tipo de m\u00e1quina se distingue particularmente por su control integrado que permite un proceso de llenado completamente autom\u00e1tico.<\/span><\/h4>\n<h4><span style=\"color: #000000;\">Adem\u00e1s, las partes principales, as\u00ed como el bastidor base, las tuber\u00edas y las v\u00e1lvulas est\u00e1n hechas de acero inoxidable.<\/span><\/h4>\n<\/div>\n<\/div><\/div><div id=\"panel-4284-1-1-2\" class=\"so-panel widget widget_sow-headline\" data-index=\"5\" ><div\n\t\t\t\n\t\t\tclass=\"so-widget-sow-headline so-widget-sow-headline-default-f16591bb046e-4284\"\n\t\t\t\n\t\t><div class=\"sow-headline-container \">\n\t\t\t\t\t\t\t<h1 class=\"sow-headline\">\n\t\t\t\t\t\tDATOS T\u00c9CNICOS\t\t\t\t\t\t<\/h1>\n\t\t\t\t\t\t\t\t\t\t\t<div class=\"decoration\">\n\t\t\t\t\t\t<div class=\"decoration-inside\"><\/div>\n\t\t\t\t\t<\/div>\n\t\t\t\t\t<\/div>\n<\/div><\/div><div id=\"panel-4284-1-1-3\" class=\"so-panel widget widget_sow-editor\" data-index=\"6\" ><div\n\t\t\t\n\t\t\tclass=\"so-widget-sow-editor so-widget-sow-editor-base\"\n\t\t\t\n\t\t>\n<div class=\"siteorigin-widget-tinymce textwidget\">\n\t<h4><span style=\"color: #ff9900;\"><strong>Cadencia \u00fatil <\/strong><strong><span style=\"color: #ff9900;\">: 30-40 KeyKeg\/hora<\/span>\u00a0<\/strong><\/span><\/h4>\n<h4><span style=\"color: #000000;\"><strong>Dimensiones :<\/strong> \u00a0 \u00a0 <strong>Largura<\/strong> \u00a0 \u00a0 <strong>:<\/strong> <strong>1.100<\/strong> mm<\/span><\/h4>\n<h4><span style=\"color: #000000;\">\u00a0 \u00a0 \u00a0 \u00a0 \u00a0 \u00a0 \u00a0 \u00a0 \u00a0 \u00a0 \u00a0 \u00a0 \u00a0 \u00a0 \u00a0 \u00a0 <strong>Anchura<\/strong> \u00a0\u00a0 <strong>:<\/strong> <strong>600<\/strong> mm<\/span><\/h4>\n<h4><span style=\"color: #000000;\">\u00a0 \u00a0 \u00a0 \u00a0 \u00a0 \u00a0 \u00a0 \u00a0 \u00a0 \u00a0 \u00a0 \u00a0 \u00a0 \u00a0 \u00a0 \u00a0 <strong>Altura<\/strong> \u00a0 \u00a0 \u00a0 \u00a0 <strong>:<\/strong> <strong>1.250<\/strong> mm \u00b1 <strong>50<\/strong><\/span><\/h4>\n<h4><span style=\"color: #000000;\"><strong>Voltaje : 230\/400<\/strong> V, <strong>50<\/strong> Hz\u00a0 <span style=\"color: #ffffff;\"><a style=\"color: #ffffff;\" href=\"https:\/\/www.youtube.com\/user\/KEGTechnik\/\">m+f<\/a><\/span><\/span><\/h4>\n<h4><\/h4>\n<\/div>\n<\/div><\/div><div id=\"panel-4284-1-1-4\" class=\"so-panel widget widget_sow-headline\" data-index=\"7\" ><div\n\t\t\t\n\t\t\tclass=\"so-widget-sow-headline so-widget-sow-headline-default-f16591bb046e-4284\"\n\t\t\t\n\t\t><div class=\"sow-headline-container \">\n\t\t\t\t\t\t\t<h1 class=\"sow-headline\">\n\t\t\t\t\t\tADVANTAGES\t\t\t\t\t\t<\/h1>\n\t\t\t\t\t\t\t\t\t\t\t<div class=\"decoration\">\n\t\t\t\t\t\t<div class=\"decoration-inside\"><\/div>\n\t\t\t\t\t<\/div>\n\t\t\t\t\t<\/div>\n<\/div><\/div><div id=\"panel-4284-1-1-5\" class=\"so-panel widget widget_sow-editor\" data-index=\"8\" ><div\n\t\t\t\n\t\t\tclass=\"so-widget-sow-editor so-widget-sow-editor-base\"\n\t\t\t\n\t\t>\n<div class=\"siteorigin-widget-tinymce textwidget\">\n\t<p><span style=\"color: #000000; font-size: 12pt;\">\u00a0ECOMAT C presenta varias ventajas<\/span><\/p>\n<p><span style=\"color: #000000; font-size: 12pt;\">\u00a0 \u00a0 \u00a0 F\u00e1cil utilizaci\u00f3n<\/span><\/p>\n<p><span style=\"color: #000000; font-size: 12pt;\">\u00a0 \u00a0 \u00a0 Requiere poco espacio<\/span><\/p>\n<p><span style=\"color: #000000; font-size: 12pt;\">\u00a0 \u00a0 \u00a0 Cada llenado autom\u00e1tico te ahorrar\u00e1 0,4 litros de cerveza<\/span><\/p>\n<\/div>\n<\/div><\/div><div id=\"panel-4284-1-1-6\" class=\"so-panel widget widget_sow-button panel-last-child\" data-index=\"9\" ><div\n\t\t\t\n\t\t\tclass=\"so-widget-sow-button so-widget-sow-button-atom-45a38d61cbbe-4284\"\n\t\t\t\n\t\t><div class=\"ow-button-base ow-button-align-center\"\n>\n\t\t\t<a\n\t\t\t\t\thref=\"http:\/\/www.mfkegtechnik.com\/wp-content\/uploads\/2019\/08\/Ecomat-C-ES.pdf\"\n\t\t\t\t\tclass=\"sowb-button ow-icon-placement-left ow-button-hover\" target=\"_blank\" rel=\"noopener noreferrer\" \t>\n\t\t<span>\n\t\t\t\n\t\t\tDescarga la ficha t\u00e9cnica (PDF)\t\t<\/span>\n\t\t\t<\/a>\n\t<\/div>\n<\/div><\/div><\/div><\/div><\/div>","protected":false},"excerpt":{"rendered":"<p>ECOMAT C es una m\u00e1quina semiautom\u00e1tica para el llenado de barriles tipo KeyKeg que incluye todos los elementos el\u00e9ctricos, electr\u00f3nicos y neum\u00e1ticos necesarios para el funcionamiento. Este tipo de m\u00e1quina se distingue particularmente por su control integrado que permite un proceso de llenado completamente autom\u00e1tico. Adem\u00e1s, las partes principales, as\u00ed como el bastidor base, las tuber\u00edas y las v\u00e1lvulas est\u00e1n hechas de acero inoxidable. Cadencia \u00fatil : 30-40 KeyKeg\/hora\u00a0 Dimensiones &hellip;<a class=\"excerpt\" href=\"https:\/\/www.mfkegtechnik.com\/es\/ecomat-c\/\">Read More<\/a><\/p>\n","protected":false},"author":2,"featured_media":0,"parent":0,"menu_order":0,"comment_status":"closed","ping_status":"closed","template":"","meta":{"footnotes":""},"class_list":["post-4284","page","type-page","status-publish","hentry"],"yoast_head":"<!-- This site is optimized with the Yoast SEO plugin v27.3 - https:\/\/yoast.com\/product\/yoast-seo-wordpress\/ -->\n<title>ECOMAT C por KeyKeg - m+f KEG-Technik GmbH &amp; Co. KG<\/title>\n<meta name=\"description\" content=\"ECOMAT C es una m\u00e1quina semiautom\u00e1tica para el llenado de barriles tipo KeyKeg que incluye todos los elementos necesarios para el funcionamiento.\" \/>\n<meta name=\"robots\" content=\"index, follow, max-snippet:-1, max-image-preview:large, max-video-preview:-1\" \/>\n<link rel=\"canonical\" href=\"https:\/\/www.mfkegtechnik.com\/es\/ecomat-c\/\" \/>\n<meta property=\"og:locale\" content=\"es_ES\" \/>\n<meta property=\"og:type\" content=\"article\" \/>\n<meta property=\"og:title\" content=\"ECOMAT C por KeyKeg - m+f KEG-Technik GmbH &amp; Co. KG\" \/>\n<meta property=\"og:description\" content=\"ECOMAT C es una m\u00e1quina semiautom\u00e1tica para el llenado de barriles tipo KeyKeg que incluye todos los elementos necesarios para el funcionamiento.\" \/>\n<meta property=\"og:url\" content=\"https:\/\/www.mfkegtechnik.com\/es\/ecomat-c\/\" \/>\n<meta property=\"og:site_name\" content=\"m+f KEG-Technik GmbH &amp; Co. KG\" \/>\n<meta property=\"article:modified_time\" content=\"2022-04-24T18:59:50+00:00\" \/>\n<meta property=\"og:image\" content=\"http:\/\/www.mfkegtechnik.com\/wp-content\/uploads\/2019\/05\/ecomat-buttons-300x169.jpg\" \/>\n<meta name=\"twitter:card\" content=\"summary_large_image\" \/>\n<meta name=\"twitter:label1\" content=\"Tiempo de lectura\" \/>\n\t<meta name=\"twitter:data1\" content=\"2 minutos\" \/>\n<script type=\"application\/ld+json\" class=\"yoast-schema-graph\">{\"@context\":\"https:\\\/\\\/schema.org\",\"@graph\":[{\"@type\":\"WebPage\",\"@id\":\"https:\\\/\\\/www.mfkegtechnik.com\\\/es\\\/ecomat-c\\\/\",\"url\":\"https:\\\/\\\/www.mfkegtechnik.com\\\/es\\\/ecomat-c\\\/\",\"name\":\"ECOMAT C por KeyKeg - m+f KEG-Technik GmbH &amp; Co. KG\",\"isPartOf\":{\"@id\":\"https:\\\/\\\/www.mfkegtechnik.com\\\/es\\\/#website\"},\"primaryImageOfPage\":{\"@id\":\"https:\\\/\\\/www.mfkegtechnik.com\\\/es\\\/ecomat-c\\\/#primaryimage\"},\"image\":{\"@id\":\"https:\\\/\\\/www.mfkegtechnik.com\\\/es\\\/ecomat-c\\\/#primaryimage\"},\"thumbnailUrl\":\"http:\\\/\\\/www.mfkegtechnik.com\\\/wp-content\\\/uploads\\\/2019\\\/05\\\/ecomat-buttons-300x169.jpg\",\"datePublished\":\"2019-06-12T06:36:04+00:00\",\"dateModified\":\"2022-04-24T18:59:50+00:00\",\"description\":\"ECOMAT C es una m\u00e1quina semiautom\u00e1tica para el llenado de barriles tipo KeyKeg que incluye todos los elementos necesarios para el funcionamiento.\",\"breadcrumb\":{\"@id\":\"https:\\\/\\\/www.mfkegtechnik.com\\\/es\\\/ecomat-c\\\/#breadcrumb\"},\"inLanguage\":\"es\",\"potentialAction\":[{\"@type\":\"ReadAction\",\"target\":[\"https:\\\/\\\/www.mfkegtechnik.com\\\/es\\\/ecomat-c\\\/\"]}]},{\"@type\":\"ImageObject\",\"inLanguage\":\"es\",\"@id\":\"https:\\\/\\\/www.mfkegtechnik.com\\\/es\\\/ecomat-c\\\/#primaryimage\",\"url\":\"http:\\\/\\\/www.mfkegtechnik.com\\\/wp-content\\\/uploads\\\/2019\\\/05\\\/ecomat-buttons-300x169.jpg\",\"contentUrl\":\"http:\\\/\\\/www.mfkegtechnik.com\\\/wp-content\\\/uploads\\\/2019\\\/05\\\/ecomat-buttons-300x169.jpg\"},{\"@type\":\"BreadcrumbList\",\"@id\":\"https:\\\/\\\/www.mfkegtechnik.com\\\/es\\\/ecomat-c\\\/#breadcrumb\",\"itemListElement\":[{\"@type\":\"ListItem\",\"position\":1,\"name\":\"Accueil\",\"item\":\"https:\\\/\\\/www.mfkegtechnik.com\\\/es\\\/\"},{\"@type\":\"ListItem\",\"position\":2,\"name\":\"ECOMAT C\"}]},{\"@type\":\"WebSite\",\"@id\":\"https:\\\/\\\/www.mfkegtechnik.com\\\/es\\\/#website\",\"url\":\"https:\\\/\\\/www.mfkegtechnik.com\\\/es\\\/\",\"name\":\"m+f KEG-Technik GmbH &amp; Co. KG\",\"description\":\"We keep your KEGs clean !\",\"potentialAction\":[{\"@type\":\"SearchAction\",\"target\":{\"@type\":\"EntryPoint\",\"urlTemplate\":\"https:\\\/\\\/www.mfkegtechnik.com\\\/es\\\/?s={search_term_string}\"},\"query-input\":{\"@type\":\"PropertyValueSpecification\",\"valueRequired\":true,\"valueName\":\"search_term_string\"}}],\"inLanguage\":\"es\"}]}<\/script>\n<!-- \/ Yoast SEO plugin. -->","yoast_head_json":{"title":"ECOMAT C por KeyKeg - m+f KEG-Technik GmbH &amp; Co. KG","description":"ECOMAT C es una m\u00e1quina semiautom\u00e1tica para el llenado de barriles tipo KeyKeg que incluye todos los elementos necesarios para el funcionamiento.","robots":{"index":"index","follow":"follow","max-snippet":"max-snippet:-1","max-image-preview":"max-image-preview:large","max-video-preview":"max-video-preview:-1"},"canonical":"https:\/\/www.mfkegtechnik.com\/es\/ecomat-c\/","og_locale":"es_ES","og_type":"article","og_title":"ECOMAT C por KeyKeg - m+f KEG-Technik GmbH &amp; Co. KG","og_description":"ECOMAT C es una m\u00e1quina semiautom\u00e1tica para el llenado de barriles tipo KeyKeg que incluye todos los elementos necesarios para el funcionamiento.","og_url":"https:\/\/www.mfkegtechnik.com\/es\/ecomat-c\/","og_site_name":"m+f KEG-Technik GmbH &amp; Co. KG","article_modified_time":"2022-04-24T18:59:50+00:00","og_image":[{"url":"http:\/\/www.mfkegtechnik.com\/wp-content\/uploads\/2019\/05\/ecomat-buttons-300x169.jpg","type":"","width":"","height":""}],"twitter_card":"summary_large_image","twitter_misc":{"Tiempo de lectura":"2 minutos"},"schema":{"@context":"https:\/\/schema.org","@graph":[{"@type":"WebPage","@id":"https:\/\/www.mfkegtechnik.com\/es\/ecomat-c\/","url":"https:\/\/www.mfkegtechnik.com\/es\/ecomat-c\/","name":"ECOMAT C por KeyKeg - m+f KEG-Technik GmbH &amp; Co. KG","isPartOf":{"@id":"https:\/\/www.mfkegtechnik.com\/es\/#website"},"primaryImageOfPage":{"@id":"https:\/\/www.mfkegtechnik.com\/es\/ecomat-c\/#primaryimage"},"image":{"@id":"https:\/\/www.mfkegtechnik.com\/es\/ecomat-c\/#primaryimage"},"thumbnailUrl":"http:\/\/www.mfkegtechnik.com\/wp-content\/uploads\/2019\/05\/ecomat-buttons-300x169.jpg","datePublished":"2019-06-12T06:36:04+00:00","dateModified":"2022-04-24T18:59:50+00:00","description":"ECOMAT C es una m\u00e1quina semiautom\u00e1tica para el llenado de barriles tipo KeyKeg que incluye todos los elementos necesarios para el funcionamiento.","breadcrumb":{"@id":"https:\/\/www.mfkegtechnik.com\/es\/ecomat-c\/#breadcrumb"},"inLanguage":"es","potentialAction":[{"@type":"ReadAction","target":["https:\/\/www.mfkegtechnik.com\/es\/ecomat-c\/"]}]},{"@type":"ImageObject","inLanguage":"es","@id":"https:\/\/www.mfkegtechnik.com\/es\/ecomat-c\/#primaryimage","url":"http:\/\/www.mfkegtechnik.com\/wp-content\/uploads\/2019\/05\/ecomat-buttons-300x169.jpg","contentUrl":"http:\/\/www.mfkegtechnik.com\/wp-content\/uploads\/2019\/05\/ecomat-buttons-300x169.jpg"},{"@type":"BreadcrumbList","@id":"https:\/\/www.mfkegtechnik.com\/es\/ecomat-c\/#breadcrumb","itemListElement":[{"@type":"ListItem","position":1,"name":"Accueil","item":"https:\/\/www.mfkegtechnik.com\/es\/"},{"@type":"ListItem","position":2,"name":"ECOMAT C"}]},{"@type":"WebSite","@id":"https:\/\/www.mfkegtechnik.com\/es\/#website","url":"https:\/\/www.mfkegtechnik.com\/es\/","name":"m+f KEG-Technik GmbH &amp; Co. KG","description":"We keep your KEGs clean !","potentialAction":[{"@type":"SearchAction","target":{"@type":"EntryPoint","urlTemplate":"https:\/\/www.mfkegtechnik.com\/es\/?s={search_term_string}"},"query-input":{"@type":"PropertyValueSpecification","valueRequired":true,"valueName":"search_term_string"}}],"inLanguage":"es"}]}},"_links":{"self":[{"href":"https:\/\/www.mfkegtechnik.com\/es\/wp-json\/wp\/v2\/pages\/4284","targetHints":{"allow":["GET"]}}],"collection":[{"href":"https:\/\/www.mfkegtechnik.com\/es\/wp-json\/wp\/v2\/pages"}],"about":[{"href":"https:\/\/www.mfkegtechnik.com\/es\/wp-json\/wp\/v2\/types\/page"}],"author":[{"embeddable":true,"href":"https:\/\/www.mfkegtechnik.com\/es\/wp-json\/wp\/v2\/users\/2"}],"replies":[{"embeddable":true,"href":"https:\/\/www.mfkegtechnik.com\/es\/wp-json\/wp\/v2\/comments?post=4284"}],"version-history":[{"count":2,"href":"https:\/\/www.mfkegtechnik.com\/es\/wp-json\/wp\/v2\/pages\/4284\/revisions"}],"predecessor-version":[{"id":18212,"href":"https:\/\/www.mfkegtechnik.com\/es\/wp-json\/wp\/v2\/pages\/4284\/revisions\/18212"}],"wp:attachment":[{"href":"https:\/\/www.mfkegtechnik.com\/es\/wp-json\/wp\/v2\/media?parent=4284"}],"curies":[{"name":"wp","href":"https:\/\/api.w.org\/{rel}","templated":true}]}}