{"id":4289,"date":"2019-06-12T07:44:49","date_gmt":"2019-06-12T06:44:49","guid":{"rendered":"http:\/\/www.mfkegtechnik.com\/micromat-m-2-2-hybrid\/"},"modified":"2019-08-02T12:24:54","modified_gmt":"2019-08-02T11:24:54","slug":"micromat-m-2-2-hybrid","status":"publish","type":"page","link":"https:\/\/www.mfkegtechnik.com\/es\/micromat-m-2-2-hybrid\/","title":{"rendered":"MICROMAT M 2\/2 Hybrid"},"content":{"rendered":"<div id=\"pl-4289\"  class=\"panel-layout\" ><div id=\"pg-4289-0\"  class=\"panel-grid panel-no-style\" ><div id=\"pgc-4289-0-0\"  class=\"panel-grid-cell\" ><div id=\"panel-4289-0-0-0\" class=\"so-panel widget widget_sow-headline panel-first-child\" data-index=\"0\" ><div\n\t\t\t\n\t\t\tclass=\"so-widget-sow-headline so-widget-sow-headline-default-09e8b5ce81e0-4289\"\n\t\t\t\n\t\t><div class=\"sow-headline-container \">\n\t\t\t\t\t\t\t<h1 class=\"sow-headline\">\n\t\t\t\t\t\tPresentaci\u00f3n del MICROMAT M 2\/2 Hybrid\t\t\t\t\t\t<\/h1>\n\t\t\t\t\t\t\t\t\t\t\t<div class=\"decoration\">\n\t\t\t\t\t\t<div class=\"decoration-inside\"><\/div>\n\t\t\t\t\t<\/div>\n\t\t\t\t\t<\/div>\n<\/div><\/div><div id=\"panel-4289-0-0-1\" class=\"so-panel widget widget_sow-editor panel-last-child\" data-index=\"1\" ><div\n\t\t\t\n\t\t\tclass=\"so-widget-sow-editor so-widget-sow-editor-base\"\n\t\t\t\n\t\t>\n<div class=\"siteorigin-widget-tinymce textwidget\">\n\t<\/div>\n<\/div><\/div><\/div><\/div><div id=\"pg-4289-1\"  class=\"panel-grid panel-no-style\" ><div id=\"pgc-4289-1-0\"  class=\"panel-grid-cell\" ><div id=\"panel-4289-1-0-0\" class=\"so-panel widget widget_sow-image panel-first-child panel-last-child\" data-index=\"2\" ><div\n\t\t\t\n\t\t\tclass=\"so-widget-sow-image so-widget-sow-image-default-c67d20f9f743-4289\"\n\t\t\t\n\t\t>\n<div class=\"sow-image-container\">\n\t\t<img \n\tsrc=\"https:\/\/www.mfkegtechnik.com\/wp-content\/uploads\/2019\/05\/M-2-2-hybrid-2018.jpg\" width=\"1400\" height=\"1635\" srcset=\"https:\/\/www.mfkegtechnik.com\/wp-content\/uploads\/2019\/05\/M-2-2-hybrid-2018.jpg 1400w, https:\/\/www.mfkegtechnik.com\/wp-content\/uploads\/2019\/05\/M-2-2-hybrid-2018-257x300.jpg 257w, https:\/\/www.mfkegtechnik.com\/wp-content\/uploads\/2019\/05\/M-2-2-hybrid-2018-768x897.jpg 768w, https:\/\/www.mfkegtechnik.com\/wp-content\/uploads\/2019\/05\/M-2-2-hybrid-2018-877x1024.jpg 877w, https:\/\/www.mfkegtechnik.com\/wp-content\/uploads\/2019\/05\/M-2-2-hybrid-2018-940x1098.jpg 940w\" sizes=\"(max-width: 1400px) 100vw, 1400px\" title=\"Micromat M 2-2 hybrid\" alt=\"micromat-m-2-2-hybrid-keg-internal-cleaning-and-filling\" \t\tclass=\"so-widget-image\"\/>\n\t<\/div>\n\n<\/div><\/div><\/div><div id=\"pgc-4289-1-1\"  class=\"panel-grid-cell\" ><div id=\"panel-4289-1-1-0\" class=\"so-panel widget widget_sow-headline panel-first-child\" data-index=\"3\" ><div\n\t\t\t\n\t\t\tclass=\"so-widget-sow-headline so-widget-sow-headline-default-f16591bb046e-4289\"\n\t\t\t\n\t\t><div class=\"sow-headline-container \">\n\t\t\t\t\t\t\t<h1 class=\"sow-headline\">\n\t\t\t\t\t\tCARACTER\u00cdSTICAS\t\t\t\t\t\t<\/h1>\n\t\t\t\t\t\t\t\t\t\t\t<div class=\"decoration\">\n\t\t\t\t\t\t<div class=\"decoration-inside\"><\/div>\n\t\t\t\t\t<\/div>\n\t\t\t\t\t<\/div>\n<\/div><\/div><div id=\"panel-4289-1-1-1\" class=\"so-panel widget widget_sow-editor\" data-index=\"4\" ><div\n\t\t\t\n\t\t\tclass=\"so-widget-sow-editor so-widget-sow-editor-base\"\n\t\t\t\n\t\t>\n<div class=\"siteorigin-widget-tinymce textwidget\">\n\t<h4><span style=\"color: #000000;\">MICROMAT M 2\/2 Hybrid es una maquin\u00e1 h\u00edbrida de limpieza interior y de llenado de barriles, asociado con una m\u00e1quina de llenado de barriles one-way.<\/span><\/h4>\n<h4><span style=\"color: #000000;\">Con esta m\u00e1quina todo en uno, puede lavar y llenar los barriles de acero inoxidable y llenar de manera perfectamente higi\u00e9nica los barriles desechables.<\/span><\/h4>\n<h4><span style=\"color: #000000;\">Nuestra m\u00e1quina cumple con las normas m\u00e1s estrictas en materia de limpieza y llenado de sus productos.<\/span><\/h4>\n<\/div>\n<\/div><\/div><div id=\"panel-4289-1-1-2\" class=\"so-panel widget widget_sow-headline\" data-index=\"5\" ><div\n\t\t\t\n\t\t\tclass=\"so-widget-sow-headline so-widget-sow-headline-default-f16591bb046e-4289\"\n\t\t\t\n\t\t><div class=\"sow-headline-container \">\n\t\t\t\t\t\t\t<h1 class=\"sow-headline\">\n\t\t\t\t\t\tDATOS T\u00c9CNICOS\t\t\t\t\t\t<\/h1>\n\t\t\t\t\t\t\t\t\t\t\t<div class=\"decoration\">\n\t\t\t\t\t\t<div class=\"decoration-inside\"><\/div>\n\t\t\t\t\t<\/div>\n\t\t\t\t\t<\/div>\n<\/div><\/div><div id=\"panel-4289-1-1-3\" class=\"so-panel widget widget_sow-editor\" data-index=\"6\" ><div\n\t\t\t\n\t\t\tclass=\"so-widget-sow-editor so-widget-sow-editor-base\"\n\t\t\t\n\t\t>\n<div class=\"siteorigin-widget-tinymce textwidget\">\n\t<h4><span style=\"color: #ff9900;\"><strong>Cadencia \u00fatil<\/strong><strong>: 20-35 KEG \/ h - hasta 50 barriles desechables \/ hora<\/strong><\/span><b><\/b><\/h4>\n<h4><\/h4>\n<\/div>\n<\/div><\/div><div id=\"panel-4289-1-1-4\" class=\"so-panel widget widget_sow-headline\" data-index=\"7\" ><div\n\t\t\t\n\t\t\tclass=\"so-widget-sow-headline so-widget-sow-headline-default-f16591bb046e-4289\"\n\t\t\t\n\t\t><div class=\"sow-headline-container \">\n\t\t\t\t\t\t\t<h1 class=\"sow-headline\">\n\t\t\t\t\t\tBENEFICIOS\t\t\t\t\t\t<\/h1>\n\t\t\t\t\t\t\t\t\t\t\t<div class=\"decoration\">\n\t\t\t\t\t\t<div class=\"decoration-inside\"><\/div>\n\t\t\t\t\t<\/div>\n\t\t\t\t\t<\/div>\n<\/div><\/div><div id=\"panel-4289-1-1-5\" class=\"so-panel widget widget_sow-editor\" data-index=\"8\" ><div\n\t\t\t\n\t\t\tclass=\"so-widget-sow-editor so-widget-sow-editor-base\"\n\t\t\t\n\t\t>\n<div class=\"siteorigin-widget-tinymce textwidget\">\n\t<h4><span style=\"color: #000000;\">MICROMAT M 2\/2 Hybrid es la soluci\u00f3n perfecta si est\u00e1 buscando una m\u00e1quina h\u00edbrida para limpiar y llenar barriles de acero inoxidable as\u00ed como llenar los barriles desechables. Aqu\u00ed hay algunas ventajas :<\/span><\/h4>\n<h4 style=\"padding-left: 40px;\"><span style=\"color: #000000;\">Cambio r\u00e1pido entre los sistemas<\/span><\/h4>\n<h4 style=\"padding-left: 40px;\"><span style=\"color: #000000;\">Bastidor en acero inoxidable<\/span><\/h4>\n<\/div>\n<\/div><\/div><div id=\"panel-4289-1-1-6\" class=\"so-panel widget widget_sow-button panel-last-child\" data-index=\"9\" ><div\n\t\t\t\n\t\t\tclass=\"so-widget-sow-button so-widget-sow-button-atom-45a38d61cbbe-4289\"\n\t\t\t\n\t\t><div class=\"ow-button-base ow-button-align-center\"\n>\n\t\t\t<a\n\t\t\t\t\thref=\"http:\/\/www.mfkegtechnik.com\/wp-content\/uploads\/2019\/03\/Micromat-2-2-Hybrid.pdf\"\n\t\t\t\t\tclass=\"sowb-button ow-icon-placement-left ow-button-hover\" target=\"_blank\" rel=\"noopener noreferrer\" \t>\n\t\t<span>\n\t\t\t\n\t\t\tDescarga la ficha t\u00e9cnica (PDF)\t\t<\/span>\n\t\t\t<\/a>\n\t<\/div>\n<\/div><\/div><\/div><\/div><\/div>","protected":false},"excerpt":{"rendered":"<p>MICROMAT M 2\/2 Hybrid es una maquin\u00e1 h\u00edbrida de limpieza interior y de llenado de barriles, asociado con una m\u00e1quina de llenado de barriles one-way. Con esta m\u00e1quina todo en uno, puede lavar y llenar los barriles de acero inoxidable y llenar de manera perfectamente higi\u00e9nica los barriles desechables. Nuestra m\u00e1quina cumple con las normas m\u00e1s estrictas en materia de limpieza y llenado de sus productos. Cadencia \u00fatil: 20-35 KEG &hellip;<a class=\"excerpt\" href=\"https:\/\/www.mfkegtechnik.com\/es\/micromat-m-2-2-hybrid\/\">Read More<\/a><\/p>\n","protected":false},"author":2,"featured_media":0,"parent":0,"menu_order":0,"comment_status":"closed","ping_status":"closed","template":"","meta":{"footnotes":""},"class_list":["post-4289","page","type-page","status-publish","hentry"],"yoast_head":"<!-- This site is optimized with the Yoast SEO plugin v27.3 - https:\/\/yoast.com\/product\/yoast-seo-wordpress\/ -->\n<title>MICROMAT M 2\/2 Hybrid - m+f KEG-Technik GmbH &amp; Co. KG<\/title>\n<meta name=\"description\" content=\"MICROMAT M 2\/2 Hybrid es una maquin\u00e1 h\u00edbrida de limpieza interior y de llenado de barriles, asociado con una m\u00e1quina de llenado de barriles one-way.\" \/>\n<meta name=\"robots\" content=\"index, follow, max-snippet:-1, max-image-preview:large, max-video-preview:-1\" \/>\n<link rel=\"canonical\" href=\"https:\/\/www.mfkegtechnik.com\/es\/micromat-m-2-2-hybrid\/\" \/>\n<meta property=\"og:locale\" content=\"es_ES\" \/>\n<meta property=\"og:type\" content=\"article\" \/>\n<meta property=\"og:title\" content=\"MICROMAT M 2\/2 Hybrid - m+f KEG-Technik GmbH &amp; Co. KG\" \/>\n<meta property=\"og:description\" content=\"MICROMAT M 2\/2 Hybrid es una maquin\u00e1 h\u00edbrida de limpieza interior y de llenado de barriles, asociado con una m\u00e1quina de llenado de barriles one-way.\" \/>\n<meta property=\"og:url\" content=\"https:\/\/www.mfkegtechnik.com\/es\/micromat-m-2-2-hybrid\/\" \/>\n<meta property=\"og:site_name\" content=\"m+f KEG-Technik GmbH &amp; Co. KG\" \/>\n<meta property=\"article:modified_time\" content=\"2019-08-02T11:24:54+00:00\" \/>\n<meta name=\"twitter:card\" content=\"summary_large_image\" \/>\n<meta name=\"twitter:label1\" content=\"Tiempo de lectura\" \/>\n\t<meta name=\"twitter:data1\" content=\"1 minuto\" \/>\n<script type=\"application\/ld+json\" class=\"yoast-schema-graph\">{\"@context\":\"https:\\\/\\\/schema.org\",\"@graph\":[{\"@type\":\"WebPage\",\"@id\":\"https:\\\/\\\/www.mfkegtechnik.com\\\/es\\\/micromat-m-2-2-hybrid\\\/\",\"url\":\"https:\\\/\\\/www.mfkegtechnik.com\\\/es\\\/micromat-m-2-2-hybrid\\\/\",\"name\":\"MICROMAT M 2\\\/2 Hybrid - m+f KEG-Technik GmbH &amp; Co. KG\",\"isPartOf\":{\"@id\":\"https:\\\/\\\/www.mfkegtechnik.com\\\/es\\\/#website\"},\"datePublished\":\"2019-06-12T06:44:49+00:00\",\"dateModified\":\"2019-08-02T11:24:54+00:00\",\"description\":\"MICROMAT M 2\\\/2 Hybrid es una maquin\u00e1 h\u00edbrida de limpieza interior y de llenado de barriles, asociado con una m\u00e1quina de llenado de barriles one-way.\",\"breadcrumb\":{\"@id\":\"https:\\\/\\\/www.mfkegtechnik.com\\\/es\\\/micromat-m-2-2-hybrid\\\/#breadcrumb\"},\"inLanguage\":\"es\",\"potentialAction\":[{\"@type\":\"ReadAction\",\"target\":[\"https:\\\/\\\/www.mfkegtechnik.com\\\/es\\\/micromat-m-2-2-hybrid\\\/\"]}]},{\"@type\":\"BreadcrumbList\",\"@id\":\"https:\\\/\\\/www.mfkegtechnik.com\\\/es\\\/micromat-m-2-2-hybrid\\\/#breadcrumb\",\"itemListElement\":[{\"@type\":\"ListItem\",\"position\":1,\"name\":\"Accueil\",\"item\":\"https:\\\/\\\/www.mfkegtechnik.com\\\/es\\\/\"},{\"@type\":\"ListItem\",\"position\":2,\"name\":\"MICROMAT M 2\\\/2 Hybrid\"}]},{\"@type\":\"WebSite\",\"@id\":\"https:\\\/\\\/www.mfkegtechnik.com\\\/es\\\/#website\",\"url\":\"https:\\\/\\\/www.mfkegtechnik.com\\\/es\\\/\",\"name\":\"m+f KEG-Technik GmbH &amp; Co. KG\",\"description\":\"We keep your KEGs clean !\",\"potentialAction\":[{\"@type\":\"SearchAction\",\"target\":{\"@type\":\"EntryPoint\",\"urlTemplate\":\"https:\\\/\\\/www.mfkegtechnik.com\\\/es\\\/?s={search_term_string}\"},\"query-input\":{\"@type\":\"PropertyValueSpecification\",\"valueRequired\":true,\"valueName\":\"search_term_string\"}}],\"inLanguage\":\"es\"}]}<\/script>\n<!-- \/ Yoast SEO plugin. -->","yoast_head_json":{"title":"MICROMAT M 2\/2 Hybrid - m+f KEG-Technik GmbH &amp; Co. KG","description":"MICROMAT M 2\/2 Hybrid es una maquin\u00e1 h\u00edbrida de limpieza interior y de llenado de barriles, asociado con una m\u00e1quina de llenado de barriles one-way.","robots":{"index":"index","follow":"follow","max-snippet":"max-snippet:-1","max-image-preview":"max-image-preview:large","max-video-preview":"max-video-preview:-1"},"canonical":"https:\/\/www.mfkegtechnik.com\/es\/micromat-m-2-2-hybrid\/","og_locale":"es_ES","og_type":"article","og_title":"MICROMAT M 2\/2 Hybrid - m+f KEG-Technik GmbH &amp; Co. KG","og_description":"MICROMAT M 2\/2 Hybrid es una maquin\u00e1 h\u00edbrida de limpieza interior y de llenado de barriles, asociado con una m\u00e1quina de llenado de barriles one-way.","og_url":"https:\/\/www.mfkegtechnik.com\/es\/micromat-m-2-2-hybrid\/","og_site_name":"m+f KEG-Technik GmbH &amp; Co. KG","article_modified_time":"2019-08-02T11:24:54+00:00","twitter_card":"summary_large_image","twitter_misc":{"Tiempo de lectura":"1 minuto"},"schema":{"@context":"https:\/\/schema.org","@graph":[{"@type":"WebPage","@id":"https:\/\/www.mfkegtechnik.com\/es\/micromat-m-2-2-hybrid\/","url":"https:\/\/www.mfkegtechnik.com\/es\/micromat-m-2-2-hybrid\/","name":"MICROMAT M 2\/2 Hybrid - m+f KEG-Technik GmbH &amp; Co. KG","isPartOf":{"@id":"https:\/\/www.mfkegtechnik.com\/es\/#website"},"datePublished":"2019-06-12T06:44:49+00:00","dateModified":"2019-08-02T11:24:54+00:00","description":"MICROMAT M 2\/2 Hybrid es una maquin\u00e1 h\u00edbrida de limpieza interior y de llenado de barriles, asociado con una m\u00e1quina de llenado de barriles one-way.","breadcrumb":{"@id":"https:\/\/www.mfkegtechnik.com\/es\/micromat-m-2-2-hybrid\/#breadcrumb"},"inLanguage":"es","potentialAction":[{"@type":"ReadAction","target":["https:\/\/www.mfkegtechnik.com\/es\/micromat-m-2-2-hybrid\/"]}]},{"@type":"BreadcrumbList","@id":"https:\/\/www.mfkegtechnik.com\/es\/micromat-m-2-2-hybrid\/#breadcrumb","itemListElement":[{"@type":"ListItem","position":1,"name":"Accueil","item":"https:\/\/www.mfkegtechnik.com\/es\/"},{"@type":"ListItem","position":2,"name":"MICROMAT M 2\/2 Hybrid"}]},{"@type":"WebSite","@id":"https:\/\/www.mfkegtechnik.com\/es\/#website","url":"https:\/\/www.mfkegtechnik.com\/es\/","name":"m+f KEG-Technik GmbH &amp; Co. KG","description":"We keep your KEGs clean !","potentialAction":[{"@type":"SearchAction","target":{"@type":"EntryPoint","urlTemplate":"https:\/\/www.mfkegtechnik.com\/es\/?s={search_term_string}"},"query-input":{"@type":"PropertyValueSpecification","valueRequired":true,"valueName":"search_term_string"}}],"inLanguage":"es"}]}},"_links":{"self":[{"href":"https:\/\/www.mfkegtechnik.com\/es\/wp-json\/wp\/v2\/pages\/4289","targetHints":{"allow":["GET"]}}],"collection":[{"href":"https:\/\/www.mfkegtechnik.com\/es\/wp-json\/wp\/v2\/pages"}],"about":[{"href":"https:\/\/www.mfkegtechnik.com\/es\/wp-json\/wp\/v2\/types\/page"}],"author":[{"embeddable":true,"href":"https:\/\/www.mfkegtechnik.com\/es\/wp-json\/wp\/v2\/users\/2"}],"replies":[{"embeddable":true,"href":"https:\/\/www.mfkegtechnik.com\/es\/wp-json\/wp\/v2\/comments?post=4289"}],"version-history":[{"count":0,"href":"https:\/\/www.mfkegtechnik.com\/es\/wp-json\/wp\/v2\/pages\/4289\/revisions"}],"wp:attachment":[{"href":"https:\/\/www.mfkegtechnik.com\/es\/wp-json\/wp\/v2\/media?parent=4289"}],"curies":[{"name":"wp","href":"https:\/\/api.w.org\/{rel}","templated":true}]}}