{"id":4298,"date":"2019-06-12T07:45:27","date_gmt":"2019-06-12T06:45:27","guid":{"rendered":"http:\/\/www.mfkegtechnik.com\/micromat-m-2-2-b\/"},"modified":"2019-08-19T07:21:59","modified_gmt":"2019-08-19T06:21:59","slug":"micromat-m-2-2-b","status":"publish","type":"page","link":"https:\/\/www.mfkegtechnik.com\/es\/micromat-m-2-2-b\/","title":{"rendered":"MICROMAT M 2\/2-b"},"content":{"rendered":"<div id=\"pl-4298\"  class=\"panel-layout\" ><div id=\"pg-4298-0\"  class=\"panel-grid panel-no-style\" ><div id=\"pgc-4298-0-0\"  class=\"panel-grid-cell\" ><div id=\"panel-4298-0-0-0\" class=\"so-panel widget widget_sow-headline panel-first-child\" data-index=\"0\" ><div\n\t\t\t\n\t\t\tclass=\"so-widget-sow-headline so-widget-sow-headline-default-09e8b5ce81e0-4298\"\n\t\t\t\n\t\t><div class=\"sow-headline-container \">\n\t\t\t\t\t\t\t<h1 class=\"sow-headline\">\n\t\t\t\t\t\tPresentaci\u00f3n del MICROMAT M 2\/2-b\t\t\t\t\t\t<\/h1>\n\t\t\t\t\t\t\t\t\t\t\t<div class=\"decoration\">\n\t\t\t\t\t\t<div class=\"decoration-inside\"><\/div>\n\t\t\t\t\t<\/div>\n\t\t\t\t\t<\/div>\n<\/div><\/div><div id=\"panel-4298-0-0-1\" class=\"so-panel widget widget_sow-editor panel-last-child\" data-index=\"1\" ><div\n\t\t\t\n\t\t\tclass=\"so-widget-sow-editor so-widget-sow-editor-base\"\n\t\t\t\n\t\t>\n<div class=\"siteorigin-widget-tinymce textwidget\">\n\t<\/div>\n<\/div><\/div><\/div><\/div><div id=\"pg-4298-1\"  class=\"panel-grid panel-no-style\" ><div id=\"pgc-4298-1-0\"  class=\"panel-grid-cell\" ><div id=\"panel-4298-1-0-0\" class=\"so-panel widget widget_sow-image panel-first-child\" data-index=\"2\" ><div\n\t\t\t\n\t\t\tclass=\"so-widget-sow-image so-widget-sow-image-default-c67d20f9f743-4298\"\n\t\t\t\n\t\t>\n<div class=\"sow-image-container\">\n\t\t<img \n\tsrc=\"https:\/\/www.mfkegtechnik.com\/wp-content\/uploads\/2017\/01\/rsz_micromat_m2_2_b_web.jpg\" width=\"214\" height=\"300\" sizes=\"(max-width: 214px) 100vw, 214px\" title=\"Micromat M2\/2 B\" alt=\"micromat-m-2-2-b-semi-automatic-keg-cleaning-and-filling\" \t\tclass=\"so-widget-image\"\/>\n\t<\/div>\n\n<\/div><\/div><div id=\"panel-4298-1-0-1\" class=\"so-panel widget widget_sow-button panel-last-child\" data-index=\"3\" ><div\n\t\t\t\n\t\t\tclass=\"so-widget-sow-button so-widget-sow-button-atom-4e01ecc3807f-4298\"\n\t\t\t\n\t\t><div class=\"ow-button-base ow-button-align-center\"\n>\n\t\t\t<a\n\t\t\t\t\thref=\"https:\/\/www.dropbox.com\/s\/1dc1ts9xt4vvr1q\/MICROMAT%2022-b%20Aan%20de%20Gracht.mov?dl=0\"\n\t\t\t\t\tclass=\"sowb-button ow-icon-placement-left ow-button-hover\" target=\"_blank\" rel=\"noopener noreferrer\" \t>\n\t\t<span>\n\t\t\t\n\t\t\tMira el v\u00eddeo de demostraci\u00f3n\t\t<\/span>\n\t\t\t<\/a>\n\t<\/div>\n<\/div><\/div><\/div><div id=\"pgc-4298-1-1\"  class=\"panel-grid-cell\" ><div id=\"panel-4298-1-1-0\" class=\"so-panel widget widget_sow-headline panel-first-child\" data-index=\"4\" ><div\n\t\t\t\n\t\t\tclass=\"so-widget-sow-headline so-widget-sow-headline-default-f16591bb046e-4298\"\n\t\t\t\n\t\t><div class=\"sow-headline-container \">\n\t\t\t\t\t\t\t<h1 class=\"sow-headline\">\n\t\t\t\t\t\tCARACTER\u00cdSTICAS\t\t\t\t\t\t<\/h1>\n\t\t\t\t\t\t\t\t\t\t\t<div class=\"decoration\">\n\t\t\t\t\t\t<div class=\"decoration-inside\"><\/div>\n\t\t\t\t\t<\/div>\n\t\t\t\t\t<\/div>\n<\/div><\/div><div id=\"panel-4298-1-1-1\" class=\"so-panel widget widget_sow-editor\" data-index=\"5\" ><div\n\t\t\t\n\t\t\tclass=\"so-widget-sow-editor so-widget-sow-editor-base\"\n\t\t\t\n\t\t>\n<div class=\"siteorigin-widget-tinymce textwidget\">\n\t<h4><span style=\"color: #000000;\">MICROMAT M 2\/2-b es una m\u00e1quina semiautom\u00e1tica para el lavado interior y llenado de barriles typo KEG equipada con una plataforma elevadora. <\/span><span style=\"color: #ffffff;\">una plataforma elevadora.<\/span><\/h4>\n<h4><span style=\"color: #000000;\">Gracias al los programas de control y el hardware integrados, la m\u00e1quina funciona de forma semiautom\u00e1tica y el proceso de limpieza y de llenado est\u00e1 completamente automatizado.<\/span><\/h4>\n<h4><span style=\"color: #000000;\">En las opciones, puede elegir entre limpieza c\u00e1ustica y limpieza \u00e1cida. <\/span><span style=\"color: #ffffff;\">ciones, puede elegir entre limpieza c\u00e1ustica y<\/span><\/h4>\n<h4><span style=\"color: #000000;\">La mayor\u00eda de los componentes est\u00e1n hechos de acero inoxidable, lo que permite una resistencia a la corrosi\u00f3n y garantiza unas propiedades muy higi\u00e9nicas.<\/span><\/h4>\n<\/div>\n<\/div><\/div><div id=\"panel-4298-1-1-2\" class=\"so-panel widget widget_sow-headline\" data-index=\"6\" ><div\n\t\t\t\n\t\t\tclass=\"so-widget-sow-headline so-widget-sow-headline-default-f16591bb046e-4298\"\n\t\t\t\n\t\t><div class=\"sow-headline-container \">\n\t\t\t\t\t\t\t<h1 class=\"sow-headline\">\n\t\t\t\t\t\tDATOS T\u00c9CNICOS\t\t\t\t\t\t<\/h1>\n\t\t\t\t\t\t\t\t\t\t\t<div class=\"decoration\">\n\t\t\t\t\t\t<div class=\"decoration-inside\"><\/div>\n\t\t\t\t\t<\/div>\n\t\t\t\t\t<\/div>\n<\/div><\/div><div id=\"panel-4298-1-1-3\" class=\"so-panel widget widget_sow-editor\" data-index=\"7\" ><div\n\t\t\t\n\t\t\tclass=\"so-widget-sow-editor so-widget-sow-editor-base\"\n\t\t\t\n\t\t>\n<div class=\"siteorigin-widget-tinymce textwidget\">\n\t<h4><span style=\"color: #ff9900;\"><strong>Cadencia \u00fatil <\/strong><strong>: 20 - 35 KEG\/hora <\/strong><\/span><span style=\"color: #ffffff;\">Cadencia \u00fatil<\/span><\/h4>\n<h4><span style=\"color: #000000;\"><strong>Estaciones <\/strong><strong>: <\/strong><\/span>lavado interior, enjuague, esterilizaci\u00f3n y llenado<\/h4>\n<h4><span style=\"color: #000000;\"><strong>Dimensiones :<\/strong> \u00a0 <strong>\u00a0 Anchura (B) \u00a0 \u00a0<\/strong> \u00a0 \u00a0\u00a0 : <strong>1.100<\/strong> mm <span style=\"color: #ffffff;\">mm mm<\/span><\/span><\/h4>\n<h4><span style=\"color: #000000;\"><span style=\"color: #ffffff;\">ce \u00a0 \u00a0 \u00a0<\/span> \u00a0 \u00a0 \u00a0 \u00a0 \u00a0 \u00a0 \u00a0 \u00a0 <strong>\u00a0 \u00a0\u00a0 Largura (L) \u00a0 <\/strong>\u00a0 \u00a0 \u00a0 \u00a0\u00a0 : <strong>1.350<\/strong> mm <span style=\"color: #ffffff;\">mm\u00a0 mm<\/span><\/span><\/h4>\n<h4><span style=\"color: #000000;\"><span style=\"color: #ffffff;\">\u00a0 er<\/span> \u00a0 \u00a0 \u00a0 \u00a0 \u00a0 \u00a0 \u00a0 \u00a0 \u00a0 \u00a0 \u00a0 \u00a0\u00a0 <strong>Altura<\/strong> <strong>(H)\u00a0\u00a0<\/strong>\u00a0\u00a0\u00a0\u00a0\u00a0\u00a0\u00a0\u00a0\u00a0\u00a0\u00a0 : <strong>2.200<\/strong> mm +\/- <strong>50<\/strong><\/span><\/h4>\n<h4><span style=\"color: #000000;\"><strong>Voltaje :<\/strong> <strong>230\/400<\/strong>V, <strong>50<\/strong>Hz <\/span><span style=\"color: #ffffff;\">Voltaje: 230 400 V, 50 Hz<\/span><\/h4>\n<\/div>\n<\/div><\/div><div id=\"panel-4298-1-1-4\" class=\"so-panel widget widget_sow-headline\" data-index=\"8\" ><div\n\t\t\t\n\t\t\tclass=\"so-widget-sow-headline so-widget-sow-headline-default-f16591bb046e-4298\"\n\t\t\t\n\t\t><div class=\"sow-headline-container \">\n\t\t\t\t\t\t\t<h1 class=\"sow-headline\">\n\t\t\t\t\t\tBENEFICIOS\t\t\t\t\t\t<\/h1>\n\t\t\t\t\t\t\t\t\t\t\t<div class=\"decoration\">\n\t\t\t\t\t\t<div class=\"decoration-inside\"><\/div>\n\t\t\t\t\t<\/div>\n\t\t\t\t\t<\/div>\n<\/div><\/div><div id=\"panel-4298-1-1-5\" class=\"so-panel widget widget_sow-editor\" data-index=\"9\" ><div\n\t\t\t\n\t\t\tclass=\"so-widget-sow-editor so-widget-sow-editor-base\"\n\t\t\t\n\t\t>\n<div class=\"siteorigin-widget-tinymce textwidget\">\n\t<h4><span style=\"color: #000000;\">MICROMAT M 2\/2-b es la mejor soluci\u00f3n para limpiar y llenar barriles. Descubre algunos de sus beneficios :<\/span><\/h4>\n<h4 style=\"padding-left: 40px;\"><span style=\"color: #000000;\">F\u00e1cil utilizaci\u00f3n\u00a0 <\/span><span style=\"color: #ffffff;\">F\u00e1cil utilizaci\u00f3nF\u00e1cil utilizaci\u00f3n<\/span><\/h4>\n<h4 style=\"padding-left: 40px;\"><span style=\"color: #000000;\">Bajo mantenimiento\u00a0 <\/span><span style=\"color: #ffffff;\">Bajo mantenimiento<\/span><\/h4>\n<\/div>\n<\/div><\/div><div id=\"panel-4298-1-1-6\" class=\"so-panel widget widget_sow-button panel-last-child\" data-index=\"10\" ><div\n\t\t\t\n\t\t\tclass=\"so-widget-sow-button so-widget-sow-button-atom-45a38d61cbbe-4298\"\n\t\t\t\n\t\t><div class=\"ow-button-base ow-button-align-center\"\n>\n\t\t\t<a\n\t\t\t\t\thref=\"http:\/\/www.mfkegtechnik.com\/wp-content\/uploads\/2019\/08\/MICROMAT-M22b_ES.pdf\"\n\t\t\t\t\tclass=\"sowb-button ow-icon-placement-left ow-button-hover\" target=\"_blank\" rel=\"noopener noreferrer\" \t>\n\t\t<span>\n\t\t\t\n\t\t\tDescarga la ficha t\u00e9cnica (PDF)\t\t<\/span>\n\t\t\t<\/a>\n\t<\/div>\n<\/div><\/div><\/div><\/div><\/div>","protected":false},"excerpt":{"rendered":"<p>MICROMAT M 2\/2-b es una m\u00e1quina semiautom\u00e1tica para el lavado interior y llenado de barriles typo KEG equipada con una plataforma elevadora. una plataforma elevadora. Gracias al los programas de control y el hardware integrados, la m\u00e1quina funciona de forma semiautom\u00e1tica y el proceso de limpieza y de llenado est\u00e1 completamente automatizado. En las opciones, puede elegir entre limpieza c\u00e1ustica y limpieza \u00e1cida. ciones, puede elegir entre limpieza c\u00e1ustica y &hellip;<a class=\"excerpt\" href=\"https:\/\/www.mfkegtechnik.com\/es\/micromat-m-2-2-b\/\">Read More<\/a><\/p>\n","protected":false},"author":2,"featured_media":0,"parent":0,"menu_order":0,"comment_status":"closed","ping_status":"closed","template":"","meta":{"footnotes":""},"class_list":["post-4298","page","type-page","status-publish","hentry"],"yoast_head":"<!-- This site is optimized with the Yoast SEO plugin v27.3 - https:\/\/yoast.com\/product\/yoast-seo-wordpress\/ -->\n<title>MICROMAT M 2\/2-b - m+f KEG-Technik GmbH &amp; Co. KG<\/title>\n<meta name=\"description\" content=\"MICROMAT M 2\/2-b es una m\u00e1quina semiautom\u00e1tica para el lavado interior y llenado de barriles typo KEG equipada con una plataforma elevadora.\" \/>\n<meta name=\"robots\" content=\"index, follow, max-snippet:-1, max-image-preview:large, max-video-preview:-1\" \/>\n<link rel=\"canonical\" href=\"https:\/\/www.mfkegtechnik.com\/es\/micromat-m-2-2-b\/\" \/>\n<meta property=\"og:locale\" content=\"es_ES\" \/>\n<meta property=\"og:type\" content=\"article\" \/>\n<meta property=\"og:title\" content=\"MICROMAT M 2\/2-b - m+f KEG-Technik GmbH &amp; Co. KG\" \/>\n<meta property=\"og:description\" content=\"MICROMAT M 2\/2-b es una m\u00e1quina semiautom\u00e1tica para el lavado interior y llenado de barriles typo KEG equipada con una plataforma elevadora.\" \/>\n<meta property=\"og:url\" content=\"https:\/\/www.mfkegtechnik.com\/es\/micromat-m-2-2-b\/\" \/>\n<meta property=\"og:site_name\" content=\"m+f KEG-Technik GmbH &amp; Co. KG\" \/>\n<meta property=\"article:modified_time\" content=\"2019-08-19T06:21:59+00:00\" \/>\n<meta name=\"twitter:card\" content=\"summary_large_image\" \/>\n<meta name=\"twitter:label1\" content=\"Tiempo de lectura\" \/>\n\t<meta name=\"twitter:data1\" content=\"1 minuto\" \/>\n<script type=\"application\/ld+json\" class=\"yoast-schema-graph\">{\"@context\":\"https:\\\/\\\/schema.org\",\"@graph\":[{\"@type\":\"WebPage\",\"@id\":\"https:\\\/\\\/www.mfkegtechnik.com\\\/es\\\/micromat-m-2-2-b\\\/\",\"url\":\"https:\\\/\\\/www.mfkegtechnik.com\\\/es\\\/micromat-m-2-2-b\\\/\",\"name\":\"MICROMAT M 2\\\/2-b - m+f KEG-Technik GmbH &amp; Co. KG\",\"isPartOf\":{\"@id\":\"https:\\\/\\\/www.mfkegtechnik.com\\\/es\\\/#website\"},\"datePublished\":\"2019-06-12T06:45:27+00:00\",\"dateModified\":\"2019-08-19T06:21:59+00:00\",\"description\":\"MICROMAT M 2\\\/2-b es una m\u00e1quina semiautom\u00e1tica para el lavado interior y llenado de barriles typo KEG equipada con una plataforma elevadora.\",\"breadcrumb\":{\"@id\":\"https:\\\/\\\/www.mfkegtechnik.com\\\/es\\\/micromat-m-2-2-b\\\/#breadcrumb\"},\"inLanguage\":\"es\",\"potentialAction\":[{\"@type\":\"ReadAction\",\"target\":[\"https:\\\/\\\/www.mfkegtechnik.com\\\/es\\\/micromat-m-2-2-b\\\/\"]}]},{\"@type\":\"BreadcrumbList\",\"@id\":\"https:\\\/\\\/www.mfkegtechnik.com\\\/es\\\/micromat-m-2-2-b\\\/#breadcrumb\",\"itemListElement\":[{\"@type\":\"ListItem\",\"position\":1,\"name\":\"Accueil\",\"item\":\"https:\\\/\\\/www.mfkegtechnik.com\\\/es\\\/\"},{\"@type\":\"ListItem\",\"position\":2,\"name\":\"MICROMAT M 2\\\/2-b\"}]},{\"@type\":\"WebSite\",\"@id\":\"https:\\\/\\\/www.mfkegtechnik.com\\\/es\\\/#website\",\"url\":\"https:\\\/\\\/www.mfkegtechnik.com\\\/es\\\/\",\"name\":\"m+f KEG-Technik GmbH &amp; Co. KG\",\"description\":\"We keep your KEGs clean !\",\"potentialAction\":[{\"@type\":\"SearchAction\",\"target\":{\"@type\":\"EntryPoint\",\"urlTemplate\":\"https:\\\/\\\/www.mfkegtechnik.com\\\/es\\\/?s={search_term_string}\"},\"query-input\":{\"@type\":\"PropertyValueSpecification\",\"valueRequired\":true,\"valueName\":\"search_term_string\"}}],\"inLanguage\":\"es\"}]}<\/script>\n<!-- \/ Yoast SEO plugin. -->","yoast_head_json":{"title":"MICROMAT M 2\/2-b - m+f KEG-Technik GmbH &amp; Co. KG","description":"MICROMAT M 2\/2-b es una m\u00e1quina semiautom\u00e1tica para el lavado interior y llenado de barriles typo KEG equipada con una plataforma elevadora.","robots":{"index":"index","follow":"follow","max-snippet":"max-snippet:-1","max-image-preview":"max-image-preview:large","max-video-preview":"max-video-preview:-1"},"canonical":"https:\/\/www.mfkegtechnik.com\/es\/micromat-m-2-2-b\/","og_locale":"es_ES","og_type":"article","og_title":"MICROMAT M 2\/2-b - m+f KEG-Technik GmbH &amp; Co. KG","og_description":"MICROMAT M 2\/2-b es una m\u00e1quina semiautom\u00e1tica para el lavado interior y llenado de barriles typo KEG equipada con una plataforma elevadora.","og_url":"https:\/\/www.mfkegtechnik.com\/es\/micromat-m-2-2-b\/","og_site_name":"m+f KEG-Technik GmbH &amp; Co. KG","article_modified_time":"2019-08-19T06:21:59+00:00","twitter_card":"summary_large_image","twitter_misc":{"Tiempo de lectura":"1 minuto"},"schema":{"@context":"https:\/\/schema.org","@graph":[{"@type":"WebPage","@id":"https:\/\/www.mfkegtechnik.com\/es\/micromat-m-2-2-b\/","url":"https:\/\/www.mfkegtechnik.com\/es\/micromat-m-2-2-b\/","name":"MICROMAT M 2\/2-b - m+f KEG-Technik GmbH &amp; Co. KG","isPartOf":{"@id":"https:\/\/www.mfkegtechnik.com\/es\/#website"},"datePublished":"2019-06-12T06:45:27+00:00","dateModified":"2019-08-19T06:21:59+00:00","description":"MICROMAT M 2\/2-b es una m\u00e1quina semiautom\u00e1tica para el lavado interior y llenado de barriles typo KEG equipada con una plataforma elevadora.","breadcrumb":{"@id":"https:\/\/www.mfkegtechnik.com\/es\/micromat-m-2-2-b\/#breadcrumb"},"inLanguage":"es","potentialAction":[{"@type":"ReadAction","target":["https:\/\/www.mfkegtechnik.com\/es\/micromat-m-2-2-b\/"]}]},{"@type":"BreadcrumbList","@id":"https:\/\/www.mfkegtechnik.com\/es\/micromat-m-2-2-b\/#breadcrumb","itemListElement":[{"@type":"ListItem","position":1,"name":"Accueil","item":"https:\/\/www.mfkegtechnik.com\/es\/"},{"@type":"ListItem","position":2,"name":"MICROMAT M 2\/2-b"}]},{"@type":"WebSite","@id":"https:\/\/www.mfkegtechnik.com\/es\/#website","url":"https:\/\/www.mfkegtechnik.com\/es\/","name":"m+f KEG-Technik GmbH &amp; Co. KG","description":"We keep your KEGs clean !","potentialAction":[{"@type":"SearchAction","target":{"@type":"EntryPoint","urlTemplate":"https:\/\/www.mfkegtechnik.com\/es\/?s={search_term_string}"},"query-input":{"@type":"PropertyValueSpecification","valueRequired":true,"valueName":"search_term_string"}}],"inLanguage":"es"}]}},"_links":{"self":[{"href":"https:\/\/www.mfkegtechnik.com\/es\/wp-json\/wp\/v2\/pages\/4298","targetHints":{"allow":["GET"]}}],"collection":[{"href":"https:\/\/www.mfkegtechnik.com\/es\/wp-json\/wp\/v2\/pages"}],"about":[{"href":"https:\/\/www.mfkegtechnik.com\/es\/wp-json\/wp\/v2\/types\/page"}],"author":[{"embeddable":true,"href":"https:\/\/www.mfkegtechnik.com\/es\/wp-json\/wp\/v2\/users\/2"}],"replies":[{"embeddable":true,"href":"https:\/\/www.mfkegtechnik.com\/es\/wp-json\/wp\/v2\/comments?post=4298"}],"version-history":[{"count":0,"href":"https:\/\/www.mfkegtechnik.com\/es\/wp-json\/wp\/v2\/pages\/4298\/revisions"}],"wp:attachment":[{"href":"https:\/\/www.mfkegtechnik.com\/es\/wp-json\/wp\/v2\/media?parent=4298"}],"curies":[{"name":"wp","href":"https:\/\/api.w.org\/{rel}","templated":true}]}}