{"id":4299,"date":"2019-06-12T07:44:17","date_gmt":"2019-06-12T06:44:17","guid":{"rendered":"http:\/\/www.mfkegtechnik.com\/micromat-a-4-2\/"},"modified":"2019-08-23T07:12:39","modified_gmt":"2019-08-23T06:12:39","slug":"micromat-a-4-2","status":"publish","type":"page","link":"https:\/\/www.mfkegtechnik.com\/es\/micromat-a-4-2\/","title":{"rendered":"MICROMAT A 4\/2"},"content":{"rendered":"<div id=\"pl-4299\"  class=\"panel-layout\" ><div id=\"pg-4299-0\"  class=\"panel-grid panel-no-style\" ><div id=\"pgc-4299-0-0\"  class=\"panel-grid-cell\" ><div id=\"panel-4299-0-0-0\" class=\"so-panel widget widget_sow-headline panel-first-child\" data-index=\"0\" ><div\n\t\t\t\n\t\t\tclass=\"so-widget-sow-headline so-widget-sow-headline-default-09e8b5ce81e0-4299\"\n\t\t\t\n\t\t><div class=\"sow-headline-container \">\n\t\t\t\t\t\t\t<h1 class=\"sow-headline\">\n\t\t\t\t\t\tPresentaci\u00f3n del MICROMAT A 4\/2\t\t\t\t\t\t<\/h1>\n\t\t\t\t\t\t\t\t\t\t\t<div class=\"decoration\">\n\t\t\t\t\t\t<div class=\"decoration-inside\"><\/div>\n\t\t\t\t\t<\/div>\n\t\t\t\t\t<\/div>\n<\/div><\/div><div id=\"panel-4299-0-0-1\" class=\"so-panel widget widget_sow-editor panel-last-child\" data-index=\"1\" ><div\n\t\t\t\n\t\t\tclass=\"so-widget-sow-editor so-widget-sow-editor-base\"\n\t\t\t\n\t\t>\n<div class=\"siteorigin-widget-tinymce textwidget\">\n\t<\/div>\n<\/div><\/div><\/div><\/div><div id=\"pg-4299-1\"  class=\"panel-grid panel-no-style\" ><div id=\"pgc-4299-1-0\"  class=\"panel-grid-cell\" ><div id=\"panel-4299-1-0-0\" class=\"so-panel widget widget_sow-image panel-first-child panel-last-child\" data-index=\"2\" ><div\n\t\t\t\n\t\t\tclass=\"so-widget-sow-image so-widget-sow-image-default-c67d20f9f743-4299\"\n\t\t\t\n\t\t>\n<div class=\"sow-image-container\">\n\t\t<img \n\tsrc=\"https:\/\/www.mfkegtechnik.com\/wp-content\/uploads\/2017\/03\/MICROMAT_A_4-2.jpg\" width=\"917\" height=\"768\" srcset=\"https:\/\/www.mfkegtechnik.com\/wp-content\/uploads\/2017\/03\/MICROMAT_A_4-2.jpg 917w, https:\/\/www.mfkegtechnik.com\/wp-content\/uploads\/2017\/03\/MICROMAT_A_4-2-300x251.jpg 300w, https:\/\/www.mfkegtechnik.com\/wp-content\/uploads\/2017\/03\/MICROMAT_A_4-2-768x643.jpg 768w\" sizes=\"(max-width: 917px) 100vw, 917px\" title=\"MICROMAT A 4\/2\" alt=\"micromat-a-4-2-full-automatic-keg-cleaning-and-filling\" \t\tclass=\"so-widget-image\"\/>\n\t<\/div>\n\n<\/div><\/div><\/div><div id=\"pgc-4299-1-1\"  class=\"panel-grid-cell\" ><div id=\"panel-4299-1-1-0\" class=\"so-panel widget widget_sow-headline panel-first-child\" data-index=\"3\" ><div\n\t\t\t\n\t\t\tclass=\"so-widget-sow-headline so-widget-sow-headline-default-f16591bb046e-4299\"\n\t\t\t\n\t\t><div class=\"sow-headline-container \">\n\t\t\t\t\t\t\t<h1 class=\"sow-headline\">\n\t\t\t\t\t\tCARACTER\u00cdSTICAS\t\t\t\t\t\t<\/h1>\n\t\t\t\t\t\t\t\t\t\t\t<div class=\"decoration\">\n\t\t\t\t\t\t<div class=\"decoration-inside\"><\/div>\n\t\t\t\t\t<\/div>\n\t\t\t\t\t<\/div>\n<\/div><\/div><div id=\"panel-4299-1-1-1\" class=\"so-panel widget widget_sow-editor\" data-index=\"4\" ><div\n\t\t\t\n\t\t\tclass=\"so-widget-sow-editor so-widget-sow-editor-base\"\n\t\t\t\n\t\t>\n<div class=\"siteorigin-widget-tinymce textwidget\">\n\t<h4><span style=\"color: #000000;\">MICROMAT A 4\/2 es un\u00e1 maquin\u00e1 completamente automatica de limpieza interior y de llenado de barriles, que puede equiparse con un transportador de cadena.<\/span><\/h4>\n<h4><span style=\"color: #000000;\">El software de control y el hardware permiten que el proceso de limpieza y llenado se complete de forma totalmente autom\u00e1tica.<\/span><\/h4>\n<h4><span style=\"color: #000000;\">El bastidor base y otros elementos importantes est\u00e1n hechos de acero inoxidable soldado.<\/span><\/h4>\n<\/div>\n<\/div><\/div><div id=\"panel-4299-1-1-2\" class=\"so-panel widget widget_sow-headline\" data-index=\"5\" ><div\n\t\t\t\n\t\t\tclass=\"so-widget-sow-headline so-widget-sow-headline-default-f16591bb046e-4299\"\n\t\t\t\n\t\t><div class=\"sow-headline-container \">\n\t\t\t\t\t\t\t<h1 class=\"sow-headline\">\n\t\t\t\t\t\tDATOS T\u00c9CNICOS\t\t\t\t\t\t<\/h1>\n\t\t\t\t\t\t\t\t\t\t\t<div class=\"decoration\">\n\t\t\t\t\t\t<div class=\"decoration-inside\"><\/div>\n\t\t\t\t\t<\/div>\n\t\t\t\t\t<\/div>\n<\/div><\/div><div id=\"panel-4299-1-1-3\" class=\"so-panel widget widget_sow-editor\" data-index=\"6\" ><div\n\t\t\t\n\t\t\tclass=\"so-widget-sow-editor so-widget-sow-editor-base\"\n\t\t\t\n\t\t>\n<div class=\"siteorigin-widget-tinymce textwidget\">\n\t<h4><span style=\"color: #ff9900;\"><strong>Cadencia \u00fatil <\/strong><strong>: 30-40 KEG\/hora<\/strong><\/span><\/h4>\n<h4><span style=\"color: #000000;\"><strong>Estaciones <\/strong><strong>:<\/strong> lavado interior, enjuague, esterilizaci\u00f3n y llenado<\/span><\/h4>\n<h4><span style=\"color: #000000;\"><strong>Dimensiones :<\/strong> \u00a0 <strong> Largura (B)<\/strong> \u00a0 \u00a0 \u00a0 \u00a0 \u00a0 \u00a0 : <strong>1.100<\/strong> mm<\/span><\/h4>\n<h4><span style=\"color: #000000;\">\u00a0 \u00a0 \u00a0 \u00a0 \u00a0 \u00a0 \u00a0 \u00a0 \u00a0 \u00a0 \u00a0 \u00a0 \u00a0 \u00a0 \u00a0 <strong>Anchura (L) \u00a0 \u00a0 <\/strong>\u00a0 \u00a0 \u00a0\u00a0 : <strong>1.350<\/strong> mm<\/span><\/h4>\n<h4><span style=\"color: #000000;\">\u00a0 \u00a0 \u00a0 \u00a0 \u00a0 \u00a0 \u00a0 \u00a0 \u00a0 \u00a0 \u00a0 \u00a0 \u00a0 \u00a0 \u00a0 <strong>Altura (H)<\/strong> \u00a0 \u00a0 \u00a0 \u00a0 \u00a0 \u00a0 \u00a0\u00a0 : <strong>2.200<\/strong> mm +\/- <strong>50<\/strong><\/span><\/h4>\n<h4><span style=\"color: #000000;\"><strong>Voltaje :<\/strong> <strong>230\/400<\/strong>V, <strong>50<\/strong>Hz\u00a0 <a href=\"https:\/\/www.youtube.com\/user\/KEGTechnik\/\"><span style=\"color: #ffffff;\">m+f\u00a0<\/span><\/a><\/span><\/h4>\n<\/div>\n<\/div><\/div><div id=\"panel-4299-1-1-4\" class=\"so-panel widget widget_sow-headline\" data-index=\"7\" ><div\n\t\t\t\n\t\t\tclass=\"so-widget-sow-headline so-widget-sow-headline-default-f16591bb046e-4299\"\n\t\t\t\n\t\t><div class=\"sow-headline-container \">\n\t\t\t\t\t\t\t<h1 class=\"sow-headline\">\n\t\t\t\t\t\tBENEFICIOS\t\t\t\t\t\t<\/h1>\n\t\t\t\t\t\t\t\t\t\t\t<div class=\"decoration\">\n\t\t\t\t\t\t<div class=\"decoration-inside\"><\/div>\n\t\t\t\t\t<\/div>\n\t\t\t\t\t<\/div>\n<\/div><\/div><div id=\"panel-4299-1-1-5\" class=\"so-panel widget widget_sow-editor\" data-index=\"8\" ><div\n\t\t\t\n\t\t\tclass=\"so-widget-sow-editor so-widget-sow-editor-base\"\n\t\t\t\n\t\t>\n<div class=\"siteorigin-widget-tinymce textwidget\">\n\t<h4><span style=\"color: #000000;\">MICROMAT A 4\/2 es la soluci\u00f3n ideal si busca una m\u00e1quina de llenado y limpieza autom\u00e1tica para sus barriles. Descubre algunos de sus beneficios\u00a0:<\/span><\/h4>\n<h4 style=\"padding-left: 40px;\"><span style=\"color: #000000;\">F\u00e1zil utilizac\u00edon<\/span><\/h4>\n<h4 style=\"padding-left: 40px;\"><span style=\"color: #000000;\">Totalmente autom\u00e1tica<\/span><\/h4>\n<\/div>\n<\/div><\/div><div id=\"panel-4299-1-1-6\" class=\"so-panel widget widget_sow-button panel-last-child\" data-index=\"9\" ><div\n\t\t\t\n\t\t\tclass=\"so-widget-sow-button so-widget-sow-button-atom-45a38d61cbbe-4299\"\n\t\t\t\n\t\t><div class=\"ow-button-base ow-button-align-center\"\n>\n\t\t\t<a\n\t\t\t\t\thref=\"http:\/\/www.mfkegtechnik.com\/wp-content\/uploads\/2017\/03\/MICROMAT-A42-englisch.pdf\"\n\t\t\t\t\tclass=\"sowb-button ow-icon-placement-left ow-button-hover\" target=\"_blank\" rel=\"noopener noreferrer\" \t>\n\t\t<span>\n\t\t\t\n\t\t\tDescarga la ficha t\u00e9cnica (PDF)\t\t<\/span>\n\t\t\t<\/a>\n\t<\/div>\n<\/div><\/div><\/div><\/div><\/div>","protected":false},"excerpt":{"rendered":"<p>MICROMAT A 4\/2 es un\u00e1 maquin\u00e1 completamente automatica de limpieza interior y de llenado de barriles, que puede equiparse con un transportador de cadena. El software de control y el hardware permiten que el proceso de limpieza y llenado se complete de forma totalmente autom\u00e1tica. El bastidor base y otros elementos importantes est\u00e1n hechos de acero inoxidable soldado. Cadencia \u00fatil : 30-40 KEG\/hora Estaciones : lavado interior, enjuague, esterilizaci\u00f3n y &hellip;<a class=\"excerpt\" href=\"https:\/\/www.mfkegtechnik.com\/es\/micromat-a-4-2\/\">Read More<\/a><\/p>\n","protected":false},"author":2,"featured_media":0,"parent":0,"menu_order":0,"comment_status":"closed","ping_status":"closed","template":"","meta":{"footnotes":""},"class_list":["post-4299","page","type-page","status-publish","hentry"],"yoast_head":"<!-- This site is optimized with the Yoast SEO plugin v26.9 - https:\/\/yoast.com\/product\/yoast-seo-wordpress\/ -->\n<title>MICROMAT A 4\/2 - m+f KEG-Technik GmbH &amp; Co. KG<\/title>\n<meta name=\"description\" content=\"MICROMAT A 4\/2 es un\u00e1 maquin\u00e1 completamente automatica de limpieza interior y de llenado de barriles. Descubre m\u00e1s sobre nuestra m\u00e1quina!\" \/>\n<meta name=\"robots\" content=\"index, follow, max-snippet:-1, max-image-preview:large, max-video-preview:-1\" \/>\n<link rel=\"canonical\" href=\"https:\/\/www.mfkegtechnik.com\/es\/micromat-a-4-2\/\" \/>\n<meta property=\"og:locale\" content=\"es_ES\" \/>\n<meta property=\"og:type\" content=\"article\" \/>\n<meta property=\"og:title\" content=\"MICROMAT A 4\/2 - m+f KEG-Technik GmbH &amp; Co. KG\" \/>\n<meta property=\"og:description\" content=\"MICROMAT A 4\/2 es un\u00e1 maquin\u00e1 completamente automatica de limpieza interior y de llenado de barriles. Descubre m\u00e1s sobre nuestra m\u00e1quina!\" \/>\n<meta property=\"og:url\" content=\"https:\/\/www.mfkegtechnik.com\/es\/micromat-a-4-2\/\" \/>\n<meta property=\"og:site_name\" content=\"m+f KEG-Technik GmbH &amp; Co. KG\" \/>\n<meta property=\"article:modified_time\" content=\"2019-08-23T06:12:39+00:00\" \/>\n<meta name=\"twitter:card\" content=\"summary_large_image\" \/>\n<meta name=\"twitter:label1\" content=\"Tiempo de lectura\" \/>\n\t<meta name=\"twitter:data1\" content=\"1 minuto\" \/>\n<script type=\"application\/ld+json\" class=\"yoast-schema-graph\">{\"@context\":\"https:\/\/schema.org\",\"@graph\":[{\"@type\":\"WebPage\",\"@id\":\"https:\/\/www.mfkegtechnik.com\/es\/micromat-a-4-2\/\",\"url\":\"https:\/\/www.mfkegtechnik.com\/es\/micromat-a-4-2\/\",\"name\":\"MICROMAT A 4\/2 - m+f KEG-Technik GmbH &amp; Co. KG\",\"isPartOf\":{\"@id\":\"https:\/\/www.mfkegtechnik.com\/es\/#website\"},\"datePublished\":\"2019-06-12T06:44:17+00:00\",\"dateModified\":\"2019-08-23T06:12:39+00:00\",\"description\":\"MICROMAT A 4\/2 es un\u00e1 maquin\u00e1 completamente automatica de limpieza interior y de llenado de barriles. Descubre m\u00e1s sobre nuestra m\u00e1quina!\",\"breadcrumb\":{\"@id\":\"https:\/\/www.mfkegtechnik.com\/es\/micromat-a-4-2\/#breadcrumb\"},\"inLanguage\":\"es\",\"potentialAction\":[{\"@type\":\"ReadAction\",\"target\":[\"https:\/\/www.mfkegtechnik.com\/es\/micromat-a-4-2\/\"]}]},{\"@type\":\"BreadcrumbList\",\"@id\":\"https:\/\/www.mfkegtechnik.com\/es\/micromat-a-4-2\/#breadcrumb\",\"itemListElement\":[{\"@type\":\"ListItem\",\"position\":1,\"name\":\"Accueil\",\"item\":\"https:\/\/www.mfkegtechnik.com\/es\/\"},{\"@type\":\"ListItem\",\"position\":2,\"name\":\"MICROMAT A 4\/2\"}]},{\"@type\":\"WebSite\",\"@id\":\"https:\/\/www.mfkegtechnik.com\/es\/#website\",\"url\":\"https:\/\/www.mfkegtechnik.com\/es\/\",\"name\":\"m+f KEG-Technik GmbH &amp; Co. KG\",\"description\":\"We keep your KEGs clean !\",\"potentialAction\":[{\"@type\":\"SearchAction\",\"target\":{\"@type\":\"EntryPoint\",\"urlTemplate\":\"https:\/\/www.mfkegtechnik.com\/es\/?s={search_term_string}\"},\"query-input\":{\"@type\":\"PropertyValueSpecification\",\"valueRequired\":true,\"valueName\":\"search_term_string\"}}],\"inLanguage\":\"es\"}]}<\/script>\n<!-- \/ Yoast SEO plugin. -->","yoast_head_json":{"title":"MICROMAT A 4\/2 - m+f KEG-Technik GmbH &amp; Co. KG","description":"MICROMAT A 4\/2 es un\u00e1 maquin\u00e1 completamente automatica de limpieza interior y de llenado de barriles. Descubre m\u00e1s sobre nuestra m\u00e1quina!","robots":{"index":"index","follow":"follow","max-snippet":"max-snippet:-1","max-image-preview":"max-image-preview:large","max-video-preview":"max-video-preview:-1"},"canonical":"https:\/\/www.mfkegtechnik.com\/es\/micromat-a-4-2\/","og_locale":"es_ES","og_type":"article","og_title":"MICROMAT A 4\/2 - m+f KEG-Technik GmbH &amp; Co. KG","og_description":"MICROMAT A 4\/2 es un\u00e1 maquin\u00e1 completamente automatica de limpieza interior y de llenado de barriles. Descubre m\u00e1s sobre nuestra m\u00e1quina!","og_url":"https:\/\/www.mfkegtechnik.com\/es\/micromat-a-4-2\/","og_site_name":"m+f KEG-Technik GmbH &amp; Co. KG","article_modified_time":"2019-08-23T06:12:39+00:00","twitter_card":"summary_large_image","twitter_misc":{"Tiempo de lectura":"1 minuto"},"schema":{"@context":"https:\/\/schema.org","@graph":[{"@type":"WebPage","@id":"https:\/\/www.mfkegtechnik.com\/es\/micromat-a-4-2\/","url":"https:\/\/www.mfkegtechnik.com\/es\/micromat-a-4-2\/","name":"MICROMAT A 4\/2 - m+f KEG-Technik GmbH &amp; Co. KG","isPartOf":{"@id":"https:\/\/www.mfkegtechnik.com\/es\/#website"},"datePublished":"2019-06-12T06:44:17+00:00","dateModified":"2019-08-23T06:12:39+00:00","description":"MICROMAT A 4\/2 es un\u00e1 maquin\u00e1 completamente automatica de limpieza interior y de llenado de barriles. Descubre m\u00e1s sobre nuestra m\u00e1quina!","breadcrumb":{"@id":"https:\/\/www.mfkegtechnik.com\/es\/micromat-a-4-2\/#breadcrumb"},"inLanguage":"es","potentialAction":[{"@type":"ReadAction","target":["https:\/\/www.mfkegtechnik.com\/es\/micromat-a-4-2\/"]}]},{"@type":"BreadcrumbList","@id":"https:\/\/www.mfkegtechnik.com\/es\/micromat-a-4-2\/#breadcrumb","itemListElement":[{"@type":"ListItem","position":1,"name":"Accueil","item":"https:\/\/www.mfkegtechnik.com\/es\/"},{"@type":"ListItem","position":2,"name":"MICROMAT A 4\/2"}]},{"@type":"WebSite","@id":"https:\/\/www.mfkegtechnik.com\/es\/#website","url":"https:\/\/www.mfkegtechnik.com\/es\/","name":"m+f KEG-Technik GmbH &amp; Co. KG","description":"We keep your KEGs clean !","potentialAction":[{"@type":"SearchAction","target":{"@type":"EntryPoint","urlTemplate":"https:\/\/www.mfkegtechnik.com\/es\/?s={search_term_string}"},"query-input":{"@type":"PropertyValueSpecification","valueRequired":true,"valueName":"search_term_string"}}],"inLanguage":"es"}]}},"_links":{"self":[{"href":"https:\/\/www.mfkegtechnik.com\/es\/wp-json\/wp\/v2\/pages\/4299","targetHints":{"allow":["GET"]}}],"collection":[{"href":"https:\/\/www.mfkegtechnik.com\/es\/wp-json\/wp\/v2\/pages"}],"about":[{"href":"https:\/\/www.mfkegtechnik.com\/es\/wp-json\/wp\/v2\/types\/page"}],"author":[{"embeddable":true,"href":"https:\/\/www.mfkegtechnik.com\/es\/wp-json\/wp\/v2\/users\/2"}],"replies":[{"embeddable":true,"href":"https:\/\/www.mfkegtechnik.com\/es\/wp-json\/wp\/v2\/comments?post=4299"}],"version-history":[{"count":0,"href":"https:\/\/www.mfkegtechnik.com\/es\/wp-json\/wp\/v2\/pages\/4299\/revisions"}],"wp:attachment":[{"href":"https:\/\/www.mfkegtechnik.com\/es\/wp-json\/wp\/v2\/media?parent=4299"}],"curies":[{"name":"wp","href":"https:\/\/api.w.org\/{rel}","templated":true}]}}