{"id":4300,"date":"2019-06-12T07:43:39","date_gmt":"2019-06-12T06:43:39","guid":{"rendered":"http:\/\/www.mfkegtechnik.com\/mediastation-solution\/"},"modified":"2019-08-30T12:55:16","modified_gmt":"2019-08-30T11:55:16","slug":"estacion-filtracion-medios","status":"publish","type":"page","link":"https:\/\/www.mfkegtechnik.com\/es\/estacion-filtracion-medios\/","title":{"rendered":"Estaci\u00f3n de filtraci\u00f3n de medios"},"content":{"rendered":"<div id=\"pl-4300\"  class=\"panel-layout\" ><div id=\"pg-4300-0\"  class=\"panel-grid panel-no-style\" ><div id=\"pgc-4300-0-0\"  class=\"panel-grid-cell\" ><div id=\"panel-4300-0-0-0\" class=\"so-panel widget widget_sow-headline panel-first-child\" data-index=\"0\" ><div\n\t\t\t\n\t\t\tclass=\"so-widget-sow-headline so-widget-sow-headline-default-09e8b5ce81e0-4300\"\n\t\t\t\n\t\t><div class=\"sow-headline-container \">\n\t\t\t\t\t\t\t<h1 class=\"sow-headline\">\n\t\t\t\t\t\tPresentaci\u00f3n de la estaci\u00f3n de filtraci\u00f3n de medios\t\t\t\t\t\t<\/h1>\n\t\t\t\t\t\t\t\t\t\t\t<div class=\"decoration\">\n\t\t\t\t\t\t<div class=\"decoration-inside\"><\/div>\n\t\t\t\t\t<\/div>\n\t\t\t\t\t<\/div>\n<\/div><\/div><div id=\"panel-4300-0-0-1\" class=\"so-panel widget widget_sow-editor panel-last-child\" data-index=\"1\" ><div\n\t\t\t\n\t\t\tclass=\"so-widget-sow-editor so-widget-sow-editor-base\"\n\t\t\t\n\t\t>\n<div class=\"siteorigin-widget-tinymce textwidget\">\n\t<\/div>\n<\/div><\/div><\/div><\/div><div id=\"pg-4300-1\"  class=\"panel-grid panel-no-style\" ><div id=\"pgc-4300-1-0\"  class=\"panel-grid-cell\" ><div id=\"panel-4300-1-0-0\" class=\"so-panel widget widget_sow-image panel-first-child panel-last-child\" data-index=\"2\" ><div\n\t\t\t\n\t\t\tclass=\"so-widget-sow-image so-widget-sow-image-default-c67d20f9f743-4300\"\n\t\t\t\n\t\t>\n<div class=\"sow-image-container\">\n\t\t<img \n\tsrc=\"https:\/\/www.mfkegtechnik.com\/wp-content\/uploads\/2017\/01\/rsz_medienstation.jpg\" width=\"470\" height=\"205\" srcset=\"https:\/\/www.mfkegtechnik.com\/wp-content\/uploads\/2017\/01\/rsz_medienstation.jpg 470w, https:\/\/www.mfkegtechnik.com\/wp-content\/uploads\/2017\/01\/rsz_medienstation-300x131.jpg 300w\" sizes=\"(max-width: 470px) 100vw, 470px\" title=\"Mediastation\" alt=\"mediastation\" \t\tclass=\"so-widget-image\"\/>\n\t<\/div>\n\n<\/div><\/div><\/div><div id=\"pgc-4300-1-1\"  class=\"panel-grid-cell\" ><div id=\"panel-4300-1-1-0\" class=\"so-panel widget widget_sow-headline panel-first-child\" data-index=\"3\" ><div\n\t\t\t\n\t\t\tclass=\"so-widget-sow-headline so-widget-sow-headline-default-f16591bb046e-4300\"\n\t\t\t\n\t\t><div class=\"sow-headline-container \">\n\t\t\t\t\t\t\t<h1 class=\"sow-headline\">\n\t\t\t\t\t\tCARACTER\u00cdSTICAS\t\t\t\t\t\t<\/h1>\n\t\t\t\t\t\t\t\t\t\t\t<div class=\"decoration\">\n\t\t\t\t\t\t<div class=\"decoration-inside\"><\/div>\n\t\t\t\t\t<\/div>\n\t\t\t\t\t<\/div>\n<\/div><\/div><div id=\"panel-4300-1-1-1\" class=\"so-panel widget widget_sow-editor\" data-index=\"4\" ><div\n\t\t\t\n\t\t\tclass=\"so-widget-sow-editor so-widget-sow-editor-base\"\n\t\t\t\n\t\t>\n<div class=\"siteorigin-widget-tinymce textwidget\">\n\t<h4><span style=\"color: #000000;\">Todas las sustancias, como vapor, CO2 o aire est\u00e9ril que entren en contacto con el interior de los barriles, deben filtrarse. Adem\u00e1s, la presi\u00f3n de estas sustancias debe reducirse para evitar da\u00f1ar las v\u00e1lvulas y los accesorios<\/span><\/h4>\n<h4><span style=\"color: #000000;\">Con nuestra gama completa de filtraci\u00f3n de medios, usted obtiene todos los filtros y reductores apropiados combinados con man\u00f3metros premontados en un bastidor de acero inoxidable.<\/span><\/h4>\n<h4><span style=\"color: #000000;\">Por otra parte, enviamos, antes de su m\u00e1quina, la estaci\u00f3n de filtraci\u00f3n de medios para que su soldador pueda preparar todas las tuber\u00edas con anticipaci\u00f3n.<\/span><\/h4>\n<\/div>\n<\/div><\/div><div id=\"panel-4300-1-1-2\" class=\"so-panel widget widget_sow-headline\" data-index=\"5\" ><div\n\t\t\t\n\t\t\tclass=\"so-widget-sow-headline so-widget-sow-headline-default-f16591bb046e-4300\"\n\t\t\t\n\t\t><div class=\"sow-headline-container \">\n\t\t\t\t\t\t\t<h1 class=\"sow-headline\">\n\t\t\t\t\t\tBENEFICIOS\t\t\t\t\t\t<\/h1>\n\t\t\t\t\t\t\t\t\t\t\t<div class=\"decoration\">\n\t\t\t\t\t\t<div class=\"decoration-inside\"><\/div>\n\t\t\t\t\t<\/div>\n\t\t\t\t\t<\/div>\n<\/div><\/div><div id=\"panel-4300-1-1-3\" class=\"so-panel widget widget_sow-editor\" data-index=\"6\" ><div\n\t\t\t\n\t\t\tclass=\"so-widget-sow-editor so-widget-sow-editor-base\"\n\t\t\t\n\t\t>\n<div class=\"siteorigin-widget-tinymce textwidget\">\n\t<h4 style=\"padding-left: 40px;\"><span style=\"color: #000000;\">Ahorro de tiempo<\/span><\/h4>\n<h4 style=\"padding-left: 40px;\"><span style=\"color: #000000;\">Reducci\u00f3n de fallos durante la instalaci\u00f3n y puesta en marcha de la m\u00e1quina<\/span><\/h4>\n<\/div>\n<\/div><\/div><div id=\"panel-4300-1-1-4\" class=\"so-panel widget widget_sow-button panel-last-child\" data-index=\"7\" ><div\n\t\t\t\n\t\t\tclass=\"so-widget-sow-button so-widget-sow-button-atom-45a38d61cbbe-4300\"\n\t\t\t\n\t\t><div class=\"ow-button-base ow-button-align-center\"\n>\n\t\t\t<a\n\t\t\t\t\thref=\"https:\/\/www.mfkegtechnik.com\/es\/contacto\/\"\n\t\t\t\t\tclass=\"sowb-button ow-icon-placement-left ow-button-hover\" \t>\n\t\t<span>\n\t\t\t\n\t\t\tContacto con nosotros\t\t<\/span>\n\t\t\t<\/a>\n\t<\/div>\n<\/div><\/div><\/div><\/div><\/div>","protected":false},"excerpt":{"rendered":"<p>Todas las sustancias, como vapor, CO2 o aire est\u00e9ril que entren en contacto con el interior de los barriles, deben filtrarse. Adem\u00e1s, la presi\u00f3n de estas sustancias debe reducirse para evitar da\u00f1ar las v\u00e1lvulas y los accesorios Con nuestra gama completa de filtraci\u00f3n de medios, usted obtiene todos los filtros y reductores apropiados combinados con man\u00f3metros premontados en un bastidor de acero inoxidable. Por otra parte, enviamos, antes de su &hellip;<a class=\"excerpt\" href=\"https:\/\/www.mfkegtechnik.com\/es\/estacion-filtracion-medios\/\">Read More<\/a><\/p>\n","protected":false},"author":2,"featured_media":0,"parent":0,"menu_order":0,"comment_status":"closed","ping_status":"closed","template":"","meta":{"footnotes":""},"class_list":["post-4300","page","type-page","status-publish","hentry"],"yoast_head":"<!-- This site is optimized with the Yoast SEO plugin v27.3 - https:\/\/yoast.com\/product\/yoast-seo-wordpress\/ -->\n<title>Estaci\u00f3n de filtraci\u00f3n de medios - m+f KEG-Technik GmbH &amp; Co. KG<\/title>\n<meta name=\"description\" content=\"Con nuestra estaci\u00f3n de filtraci\u00f3n de medios , usted obtiene todos los filtros apropiados premontados en un bastidor de acero inoxidable.\" \/>\n<meta name=\"robots\" content=\"index, follow, max-snippet:-1, max-image-preview:large, max-video-preview:-1\" \/>\n<link rel=\"canonical\" href=\"https:\/\/www.mfkegtechnik.com\/es\/estacion-filtracion-medios\/\" \/>\n<meta property=\"og:locale\" content=\"es_ES\" \/>\n<meta property=\"og:type\" content=\"article\" \/>\n<meta property=\"og:title\" content=\"Estaci\u00f3n de filtraci\u00f3n de medios - m+f KEG-Technik GmbH &amp; Co. KG\" \/>\n<meta property=\"og:description\" content=\"Con nuestra estaci\u00f3n de filtraci\u00f3n de medios , usted obtiene todos los filtros apropiados premontados en un bastidor de acero inoxidable.\" \/>\n<meta property=\"og:url\" content=\"https:\/\/www.mfkegtechnik.com\/es\/estacion-filtracion-medios\/\" \/>\n<meta property=\"og:site_name\" content=\"m+f KEG-Technik GmbH &amp; Co. KG\" \/>\n<meta property=\"article:modified_time\" content=\"2019-08-30T11:55:16+00:00\" \/>\n<meta name=\"twitter:card\" content=\"summary_large_image\" \/>\n<meta name=\"twitter:label1\" content=\"Tiempo de lectura\" \/>\n\t<meta name=\"twitter:data1\" content=\"1 minuto\" \/>\n<script type=\"application\/ld+json\" class=\"yoast-schema-graph\">{\"@context\":\"https:\\\/\\\/schema.org\",\"@graph\":[{\"@type\":\"WebPage\",\"@id\":\"https:\\\/\\\/www.mfkegtechnik.com\\\/es\\\/estacion-filtracion-medios\\\/\",\"url\":\"https:\\\/\\\/www.mfkegtechnik.com\\\/es\\\/estacion-filtracion-medios\\\/\",\"name\":\"Estaci\u00f3n de filtraci\u00f3n de medios - m+f KEG-Technik GmbH &amp; Co. KG\",\"isPartOf\":{\"@id\":\"https:\\\/\\\/www.mfkegtechnik.com\\\/es\\\/#website\"},\"datePublished\":\"2019-06-12T06:43:39+00:00\",\"dateModified\":\"2019-08-30T11:55:16+00:00\",\"description\":\"Con nuestra estaci\u00f3n de filtraci\u00f3n de medios , usted obtiene todos los filtros apropiados premontados en un bastidor de acero inoxidable.\",\"breadcrumb\":{\"@id\":\"https:\\\/\\\/www.mfkegtechnik.com\\\/es\\\/estacion-filtracion-medios\\\/#breadcrumb\"},\"inLanguage\":\"es\",\"potentialAction\":[{\"@type\":\"ReadAction\",\"target\":[\"https:\\\/\\\/www.mfkegtechnik.com\\\/es\\\/estacion-filtracion-medios\\\/\"]}]},{\"@type\":\"BreadcrumbList\",\"@id\":\"https:\\\/\\\/www.mfkegtechnik.com\\\/es\\\/estacion-filtracion-medios\\\/#breadcrumb\",\"itemListElement\":[{\"@type\":\"ListItem\",\"position\":1,\"name\":\"Accueil\",\"item\":\"https:\\\/\\\/www.mfkegtechnik.com\\\/es\\\/\"},{\"@type\":\"ListItem\",\"position\":2,\"name\":\"Estaci\u00f3n de filtraci\u00f3n de medios\"}]},{\"@type\":\"WebSite\",\"@id\":\"https:\\\/\\\/www.mfkegtechnik.com\\\/es\\\/#website\",\"url\":\"https:\\\/\\\/www.mfkegtechnik.com\\\/es\\\/\",\"name\":\"m+f KEG-Technik GmbH &amp; Co. KG\",\"description\":\"We keep your KEGs clean !\",\"potentialAction\":[{\"@type\":\"SearchAction\",\"target\":{\"@type\":\"EntryPoint\",\"urlTemplate\":\"https:\\\/\\\/www.mfkegtechnik.com\\\/es\\\/?s={search_term_string}\"},\"query-input\":{\"@type\":\"PropertyValueSpecification\",\"valueRequired\":true,\"valueName\":\"search_term_string\"}}],\"inLanguage\":\"es\"}]}<\/script>\n<!-- \/ Yoast SEO plugin. -->","yoast_head_json":{"title":"Estaci\u00f3n de filtraci\u00f3n de medios - m+f KEG-Technik GmbH &amp; Co. KG","description":"Con nuestra estaci\u00f3n de filtraci\u00f3n de medios , usted obtiene todos los filtros apropiados premontados en un bastidor de acero inoxidable.","robots":{"index":"index","follow":"follow","max-snippet":"max-snippet:-1","max-image-preview":"max-image-preview:large","max-video-preview":"max-video-preview:-1"},"canonical":"https:\/\/www.mfkegtechnik.com\/es\/estacion-filtracion-medios\/","og_locale":"es_ES","og_type":"article","og_title":"Estaci\u00f3n de filtraci\u00f3n de medios - m+f KEG-Technik GmbH &amp; Co. KG","og_description":"Con nuestra estaci\u00f3n de filtraci\u00f3n de medios , usted obtiene todos los filtros apropiados premontados en un bastidor de acero inoxidable.","og_url":"https:\/\/www.mfkegtechnik.com\/es\/estacion-filtracion-medios\/","og_site_name":"m+f KEG-Technik GmbH &amp; Co. KG","article_modified_time":"2019-08-30T11:55:16+00:00","twitter_card":"summary_large_image","twitter_misc":{"Tiempo de lectura":"1 minuto"},"schema":{"@context":"https:\/\/schema.org","@graph":[{"@type":"WebPage","@id":"https:\/\/www.mfkegtechnik.com\/es\/estacion-filtracion-medios\/","url":"https:\/\/www.mfkegtechnik.com\/es\/estacion-filtracion-medios\/","name":"Estaci\u00f3n de filtraci\u00f3n de medios - m+f KEG-Technik GmbH &amp; Co. KG","isPartOf":{"@id":"https:\/\/www.mfkegtechnik.com\/es\/#website"},"datePublished":"2019-06-12T06:43:39+00:00","dateModified":"2019-08-30T11:55:16+00:00","description":"Con nuestra estaci\u00f3n de filtraci\u00f3n de medios , usted obtiene todos los filtros apropiados premontados en un bastidor de acero inoxidable.","breadcrumb":{"@id":"https:\/\/www.mfkegtechnik.com\/es\/estacion-filtracion-medios\/#breadcrumb"},"inLanguage":"es","potentialAction":[{"@type":"ReadAction","target":["https:\/\/www.mfkegtechnik.com\/es\/estacion-filtracion-medios\/"]}]},{"@type":"BreadcrumbList","@id":"https:\/\/www.mfkegtechnik.com\/es\/estacion-filtracion-medios\/#breadcrumb","itemListElement":[{"@type":"ListItem","position":1,"name":"Accueil","item":"https:\/\/www.mfkegtechnik.com\/es\/"},{"@type":"ListItem","position":2,"name":"Estaci\u00f3n de filtraci\u00f3n de medios"}]},{"@type":"WebSite","@id":"https:\/\/www.mfkegtechnik.com\/es\/#website","url":"https:\/\/www.mfkegtechnik.com\/es\/","name":"m+f KEG-Technik GmbH &amp; Co. KG","description":"We keep your KEGs clean !","potentialAction":[{"@type":"SearchAction","target":{"@type":"EntryPoint","urlTemplate":"https:\/\/www.mfkegtechnik.com\/es\/?s={search_term_string}"},"query-input":{"@type":"PropertyValueSpecification","valueRequired":true,"valueName":"search_term_string"}}],"inLanguage":"es"}]}},"_links":{"self":[{"href":"https:\/\/www.mfkegtechnik.com\/es\/wp-json\/wp\/v2\/pages\/4300","targetHints":{"allow":["GET"]}}],"collection":[{"href":"https:\/\/www.mfkegtechnik.com\/es\/wp-json\/wp\/v2\/pages"}],"about":[{"href":"https:\/\/www.mfkegtechnik.com\/es\/wp-json\/wp\/v2\/types\/page"}],"author":[{"embeddable":true,"href":"https:\/\/www.mfkegtechnik.com\/es\/wp-json\/wp\/v2\/users\/2"}],"replies":[{"embeddable":true,"href":"https:\/\/www.mfkegtechnik.com\/es\/wp-json\/wp\/v2\/comments?post=4300"}],"version-history":[{"count":0,"href":"https:\/\/www.mfkegtechnik.com\/es\/wp-json\/wp\/v2\/pages\/4300\/revisions"}],"wp:attachment":[{"href":"https:\/\/www.mfkegtechnik.com\/es\/wp-json\/wp\/v2\/media?parent=4300"}],"curies":[{"name":"wp","href":"https:\/\/api.w.org\/{rel}","templated":true}]}}