{"id":4302,"date":"2019-06-12T07:37:30","date_gmt":"2019-06-12T06:37:30","guid":{"rendered":"http:\/\/www.mfkegtechnik.com\/keg-internal-cleaning\/"},"modified":"2019-08-23T09:38:47","modified_gmt":"2019-08-23T08:38:47","slug":"lavado-de-barriles","status":"publish","type":"page","link":"https:\/\/www.mfkegtechnik.com\/es\/lavado-de-barriles\/","title":{"rendered":"M\u00e1quina de lavado de barriles"},"content":{"rendered":"<div id=\"pl-4302\"  class=\"panel-layout\" ><div id=\"pg-4302-0\"  class=\"panel-grid panel-no-style\" ><div id=\"pgc-4302-0-0\"  class=\"panel-grid-cell\" ><div id=\"panel-4302-0-0-0\" class=\"so-panel widget widget_sow-headline panel-first-child\" data-index=\"0\" ><div\n\t\t\t\n\t\t\tclass=\"so-widget-sow-headline so-widget-sow-headline-default-7d6c0c62a896-4302\"\n\t\t\t\n\t\t><div class=\"sow-headline-container \">\n\t\t\t\t\t\t\t<h1 class=\"sow-headline\">\n\t\t\t\t\t\tPresentaci\u00f3n del MONOMAT \t\t\t\t\t\t<\/h1>\n\t\t\t\t\t\t\t\t\t\t\t<div class=\"decoration\">\n\t\t\t\t\t\t<div class=\"decoration-inside\"><\/div>\n\t\t\t\t\t<\/div>\n\t\t\t\t\t\t\t\t\t\t\t<h2 class=\"sow-sub-headline\">\n\t\t\t\t\t\tM\u00e1quina semiautom\u00e1tica para el lavado interior de barriles\t\t\t\t\t\t<\/h2>\n\t\t\t\t\t\t<\/div>\n<\/div><\/div><div id=\"panel-4302-0-0-1\" class=\"so-panel widget widget_sow-editor panel-last-child\" data-index=\"1\" ><div\n\t\t\t\n\t\t\tclass=\"so-widget-sow-editor so-widget-sow-editor-base\"\n\t\t\t\n\t\t>\n<div class=\"siteorigin-widget-tinymce textwidget\">\n\t<\/div>\n<\/div><\/div><\/div><\/div><div id=\"pg-4302-1\"  class=\"panel-grid panel-no-style\" ><div id=\"pgc-4302-1-0\"  class=\"panel-grid-cell\" ><div id=\"panel-4302-1-0-0\" class=\"so-panel widget widget_sow-image panel-first-child\" data-index=\"2\" ><div\n\t\t\t\n\t\t\tclass=\"so-widget-sow-image so-widget-sow-image-default-c67d20f9f743-4302\"\n\t\t\t\n\t\t>\n<div class=\"sow-image-container\">\n\t\t<img \n\tsrc=\"https:\/\/www.mfkegtechnik.com\/wp-content\/uploads\/2017\/01\/Keg-Cleaning_rsz-200x300.jpg\" width=\"200\" height=\"300\" srcset=\"https:\/\/www.mfkegtechnik.com\/wp-content\/uploads\/2017\/01\/Keg-Cleaning_rsz-200x300.jpg 200w, https:\/\/www.mfkegtechnik.com\/wp-content\/uploads\/2017\/01\/Keg-Cleaning_rsz.jpg 300w\" sizes=\"(max-width: 200px) 100vw, 200px\" title=\"M\u00e1quine de lavado de barriles\" alt=\"keg-cleaning\" \t\tclass=\"so-widget-image\"\/>\n\t<\/div>\n\n<\/div><\/div><div id=\"panel-4302-1-0-1\" class=\"so-panel widget widget_sow-editor\" data-index=\"3\" ><div\n\t\t\t\n\t\t\tclass=\"so-widget-sow-editor so-widget-sow-editor-base\"\n\t\t\t\n\t\t>\n<div class=\"siteorigin-widget-tinymce textwidget\">\n\t<p><a href=\"http:\/\/www.mfkegtechnik.com\/wp-content\/uploads\/2019\/05\/IMG_9230.jpg\"> \u00a0 \u00a0 \u00a0 \u00a0 \u00a0 \u00a0 \u00a0 \u00a0 \u00a0\u00a0 <\/a><a href=\"http:\/\/www.mfkegtechnik.com\/wp-content\/uploads\/2019\/05\/IMG_9230.jpg\"><img loading=\"lazy\" decoding=\"async\" class=\"alignnone wp-image-1507\" title=\"V\u00e1lvulas y tuber\u00edas\" src=\"http:\/\/www.mfkegtechnik.com\/wp-content\/uploads\/2019\/05\/IMG_9230-200x300.jpg\" alt=\"lavado-de-barriles\" width=\"147\" height=\"221\" srcset=\"https:\/\/www.mfkegtechnik.com\/wp-content\/uploads\/2019\/05\/IMG_9230-200x300.jpg 200w, https:\/\/www.mfkegtechnik.com\/wp-content\/uploads\/2019\/05\/IMG_9230-768x1152.jpg 768w, https:\/\/www.mfkegtechnik.com\/wp-content\/uploads\/2019\/05\/IMG_9230-683x1024.jpg 683w, https:\/\/www.mfkegtechnik.com\/wp-content\/uploads\/2019\/05\/IMG_9230-940x1410.jpg 940w\" sizes=\"auto, (max-width: 147px) 100vw, 147px\" \/><\/a> \u00a0\u00a0 \u00a0\u00a0 <a href=\"http:\/\/www.mfkegtechnik.com\/wp-content\/uploads\/2019\/05\/MONOMAT-ohne-KEG.jpg\"><img loading=\"lazy\" decoding=\"async\" class=\"alignnone wp-image-1508\" title=\"MONOMAT sin barril\" src=\"http:\/\/www.mfkegtechnik.com\/wp-content\/uploads\/2019\/05\/MONOMAT-ohne-KEG-200x300.jpg\" alt=\"lavado-de-barriles\" width=\"147\" height=\"221\" srcset=\"https:\/\/www.mfkegtechnik.com\/wp-content\/uploads\/2019\/05\/MONOMAT-ohne-KEG-200x300.jpg 200w, https:\/\/www.mfkegtechnik.com\/wp-content\/uploads\/2019\/05\/MONOMAT-ohne-KEG-768x1152.jpg 768w, https:\/\/www.mfkegtechnik.com\/wp-content\/uploads\/2019\/05\/MONOMAT-ohne-KEG-683x1024.jpg 683w, https:\/\/www.mfkegtechnik.com\/wp-content\/uploads\/2019\/05\/MONOMAT-ohne-KEG-940x1410.jpg 940w\" sizes=\"auto, (max-width: 147px) 100vw, 147px\" \/><\/a><\/p>\n<\/div>\n<\/div><\/div><div id=\"panel-4302-1-0-2\" class=\"so-panel widget widget_sow-button\" data-index=\"4\" ><div\n\t\t\t\n\t\t\tclass=\"so-widget-sow-button so-widget-sow-button-atom-4e01ecc3807f-4302\"\n\t\t\t\n\t\t><div class=\"ow-button-base ow-button-align-center\"\n>\n\t\t\t<a\n\t\t\t\t\thref=\"https:\/\/www.dropbox.com\/s\/r8o8fby5s9zym6c\/m%20f%20MONOMAT%20demo.mov?dl=0\"\n\t\t\t\t\tclass=\"sowb-button ow-icon-placement-left\" target=\"_blank\" rel=\"noopener noreferrer\" \t>\n\t\t<span>\n\t\t\t\n\t\t\tMira el v\u00eddeo de demostraci\u00f3n\t\t<\/span>\n\t\t\t<\/a>\n\t<\/div>\n<\/div><\/div><div id=\"panel-4302-1-0-3\" class=\"so-panel widget widget_sow-editor panel-last-child\" data-index=\"5\" ><div\n\t\t\t\n\t\t\tclass=\"so-widget-sow-editor so-widget-sow-editor-base\"\n\t\t\t\n\t\t>\n<div class=\"siteorigin-widget-tinymce textwidget\">\n\t<h6><span style=\"color: #ffffff;\">The MONOMAT is used for hygienic cleaning of the inside of returnable KEGs.The infeed of the KEGs and the discharge of the cleaned KEGs is done manually. The internal cleaning is done full automatically by means of soft- and hardware Control. As an option we can supply a mediastation including\u00a0filters and reducers premounted on a stainless steel Frame. This type of machine is particularly distinguishable for its integrated soft- and hardware that allow fully automatic machine processing as well as the liquid detector that controls the arrival and return of fluids.<\/span><\/h6>\n<\/div>\n<\/div><\/div><\/div><div id=\"pgc-4302-1-1\"  class=\"panel-grid-cell\" ><div id=\"panel-4302-1-1-0\" class=\"so-panel widget widget_sow-headline panel-first-child\" data-index=\"6\" ><div\n\t\t\t\n\t\t\tclass=\"so-widget-sow-headline so-widget-sow-headline-default-f16591bb046e-4302\"\n\t\t\t\n\t\t><div class=\"sow-headline-container \">\n\t\t\t\t\t\t\t<h1 class=\"sow-headline\">\n\t\t\t\t\t\tCARACTER\u00cdSTICAS\t\t\t\t\t\t<\/h1>\n\t\t\t\t\t\t\t\t\t\t\t<div class=\"decoration\">\n\t\t\t\t\t\t<div class=\"decoration-inside\"><\/div>\n\t\t\t\t\t<\/div>\n\t\t\t\t\t<\/div>\n<\/div><\/div><div id=\"panel-4302-1-1-1\" class=\"so-panel widget widget_sow-editor\" data-index=\"7\" ><div\n\t\t\t\n\t\t\tclass=\"so-widget-sow-editor so-widget-sow-editor-base\"\n\t\t\t\n\t\t>\n<div class=\"siteorigin-widget-tinymce textwidget\">\n\t<h4><span style=\"color: #000000;\">MONOMAT es una m\u00e1quina semiautom\u00e1tica para el lavado interior de barriles tipo KEG, que incluye todos los componentes el\u00e9ctricos, electr\u00f3nicos y neum\u00e1ticos necesarios para el funcionamiento.<\/span><\/h4>\n<h4><span style=\"color: #000000;\">Este tipo de m\u00e1quina se distingue particularmente por su control integrado que permite el procesamiento (del lavado) completamente autom\u00e1tico de la m\u00e1quina, pero tambi\u00e9n por el detector de l\u00edquidos que controla la alimentaci\u00f3n y el reflujo de fluidos.<\/span><\/h4>\n<h4><span style=\"color: #000000;\">Adem\u00e1s, tanto las piezas principales as\u00ed como el bastidor base, las v\u00e1lvulas y las tuber\u00edas est\u00e1n hechos de acero inoxidable, lo que garantiza el respeto de las normas europeas y la calidad de sus productos.<\/span><\/h4>\n<\/div>\n<\/div><\/div><div id=\"panel-4302-1-1-2\" class=\"so-panel widget widget_sow-headline\" data-index=\"8\" ><div\n\t\t\t\n\t\t\tclass=\"so-widget-sow-headline so-widget-sow-headline-default-f16591bb046e-4302\"\n\t\t\t\n\t\t><div class=\"sow-headline-container \">\n\t\t\t\t\t\t\t<h1 class=\"sow-headline\">\n\t\t\t\t\t\tDATOS T\u00c9CNICOS\t\t\t\t\t\t<\/h1>\n\t\t\t\t\t\t\t\t\t\t\t<div class=\"decoration\">\n\t\t\t\t\t\t<div class=\"decoration-inside\"><\/div>\n\t\t\t\t\t<\/div>\n\t\t\t\t\t<\/div>\n<\/div><\/div><div id=\"panel-4302-1-1-3\" class=\"so-panel widget widget_sow-editor\" data-index=\"9\" ><div\n\t\t\t\n\t\t\tclass=\"so-widget-sow-editor so-widget-sow-editor-base\"\n\t\t\t\n\t\t>\n<div class=\"siteorigin-widget-tinymce textwidget\">\n\t<h4><span style=\"color: #ff9900;\"><strong>Potencia \u00fatil <\/strong><strong>: 10-20 KEG\/hora<\/strong><\/span><\/h4>\n<h4><span style=\"color: #000000;\"><strong>Estaciones <\/strong><strong>:<\/strong> lavado interior, enjuague y esterilizaci\u00f3n<\/span><\/h4>\n<h4><span style=\"color: #000000;\"><strong>Dimensiones :<\/strong> \u00a0 \u00a0 \u00a0 <strong>Largura (L) \u00a0 \u00a0\u00a0 : 1.310<\/strong> mm<\/span><\/h4>\n<h4 style=\"padding-left: 80px;\"><span style=\"color: #000000;\"><strong>\u00a0 \u00a0 \u00a0 \u00a0 \u00a0 \u00a0 \u00a0\u00a0 Anchura (B) \u00a0 \u00a0 :<\/strong> <strong>600<\/strong> mm<\/span><\/h4>\n<h4 style=\"padding-left: 80px;\"><span style=\"color: #000000;\"><strong>\u00a0 \u00a0 \u00a0 \u00a0 \u00a0 \u00a0 \u00a0\u00a0 Altura (H) \u00a0 \u00a0 \u00a0 \u00a0 : 1.630<\/strong> mm +\/- <strong>50<\/strong><\/span><\/h4>\n<h4><span style=\"color: #000000;\"><strong>Voltaje : <\/strong><strong>230<\/strong>\/<strong>400<\/strong>V, <strong>50<\/strong>Hz<\/span><span style=\"color: #ffffff;\"> lavado de barriles<\/span><\/h4>\n<\/div>\n<\/div><\/div><div id=\"panel-4302-1-1-4\" class=\"so-panel widget widget_sow-headline\" data-index=\"10\" ><div\n\t\t\t\n\t\t\tclass=\"so-widget-sow-headline so-widget-sow-headline-default-f16591bb046e-4302\"\n\t\t\t\n\t\t><div class=\"sow-headline-container \">\n\t\t\t\t\t\t\t<h1 class=\"sow-headline\">\n\t\t\t\t\t\tBENEFICIOS\t\t\t\t\t\t<\/h1>\n\t\t\t\t\t\t\t\t\t\t\t<div class=\"decoration\">\n\t\t\t\t\t\t<div class=\"decoration-inside\"><\/div>\n\t\t\t\t\t<\/div>\n\t\t\t\t\t<\/div>\n<\/div><\/div><div id=\"panel-4302-1-1-5\" class=\"so-panel widget widget_sow-editor\" data-index=\"11\" ><div\n\t\t\t\n\t\t\tclass=\"so-widget-sow-editor so-widget-sow-editor-base\"\n\t\t\t\n\t\t>\n<div class=\"siteorigin-widget-tinymce textwidget\">\n\t<h4 style=\"padding-left: 40px;\"><span style=\"color: #000000;\">F\u00e1cil utilizaci\u00f3n<\/span><\/h4>\n<h4 style=\"padding-left: 40px;\"><span style=\"color: #000000;\">Bastidor en acero inoxidable<\/span><\/h4>\n<\/div>\n<\/div><\/div><div id=\"panel-4302-1-1-6\" class=\"so-panel widget widget_sow-button panel-last-child\" data-index=\"12\" ><div\n\t\t\t\n\t\t\tclass=\"so-widget-sow-button so-widget-sow-button-atom-45a38d61cbbe-4302\"\n\t\t\t\n\t\t><div class=\"ow-button-base ow-button-align-center\"\n>\n\t\t\t<a\n\t\t\t\t\thref=\"http:\/\/www.mfkegtechnik.com\/wp-content\/uploads\/2019\/08\/MONOMAT_ES.pdf\"\n\t\t\t\t\tclass=\"sowb-button ow-icon-placement-left ow-button-hover\" target=\"_blank\" rel=\"noopener noreferrer\" \t>\n\t\t<span>\n\t\t\t\n\t\t\tDescarga la ficha t\u00e9cnica (PDF)\t\t<\/span>\n\t\t\t<\/a>\n\t<\/div>\n<\/div><\/div><\/div><\/div><\/div>","protected":false},"excerpt":{"rendered":"<p>\u00a0 \u00a0 \u00a0 \u00a0 \u00a0 \u00a0 \u00a0 \u00a0 \u00a0\u00a0 \u00a0\u00a0 \u00a0\u00a0 The MONOMAT is used for hygienic cleaning of the inside of returnable KEGs.The infeed of the KEGs and the discharge of the cleaned KEGs is done manually. The internal cleaning is done full automatically by means of soft- and hardware Control. As an option we can supply a mediastation including\u00a0filters and reducers premounted on a stainless steel Frame. This &hellip;<a class=\"excerpt\" href=\"https:\/\/www.mfkegtechnik.com\/es\/lavado-de-barriles\/\">Read More<\/a><\/p>\n","protected":false},"author":2,"featured_media":0,"parent":0,"menu_order":0,"comment_status":"closed","ping_status":"closed","template":"","meta":{"footnotes":""},"class_list":["post-4302","page","type-page","status-publish","hentry"],"yoast_head":"<!-- This site is optimized with the Yoast SEO plugin v27.3 - https:\/\/yoast.com\/product\/yoast-seo-wordpress\/ -->\n<title>Lavado de barriles - m+f KEG-Technik GmbH &amp; Co. KG<\/title>\n<meta name=\"description\" content=\"MONOMAT es una m\u00e1quina semiautom\u00e1tica para el lavado interior de barriles tipo KEG, que incluye todos los componentes necesarios para el funcionamiento\" \/>\n<meta name=\"robots\" content=\"index, follow, max-snippet:-1, max-image-preview:large, max-video-preview:-1\" \/>\n<link rel=\"canonical\" href=\"https:\/\/www.mfkegtechnik.com\/es\/lavado-de-barriles\/\" \/>\n<meta property=\"og:locale\" content=\"es_ES\" \/>\n<meta property=\"og:type\" content=\"article\" \/>\n<meta property=\"og:title\" content=\"Lavado de barriles - m+f KEG-Technik GmbH &amp; Co. KG\" \/>\n<meta property=\"og:description\" content=\"MONOMAT es una m\u00e1quina semiautom\u00e1tica para el lavado interior de barriles tipo KEG, que incluye todos los componentes necesarios para el funcionamiento\" \/>\n<meta property=\"og:url\" content=\"https:\/\/www.mfkegtechnik.com\/es\/lavado-de-barriles\/\" \/>\n<meta property=\"og:site_name\" content=\"m+f KEG-Technik GmbH &amp; Co. KG\" \/>\n<meta property=\"article:modified_time\" content=\"2019-08-23T08:38:47+00:00\" \/>\n<meta property=\"og:image\" content=\"http:\/\/www.mfkegtechnik.com\/wp-content\/uploads\/2019\/05\/IMG_9230-200x300.jpg\" \/>\n<meta name=\"twitter:card\" content=\"summary_large_image\" \/>\n<meta name=\"twitter:label1\" content=\"Tiempo de lectura\" \/>\n\t<meta name=\"twitter:data1\" content=\"2 minutos\" \/>\n<script type=\"application\/ld+json\" class=\"yoast-schema-graph\">{\"@context\":\"https:\\\/\\\/schema.org\",\"@graph\":[{\"@type\":\"WebPage\",\"@id\":\"https:\\\/\\\/www.mfkegtechnik.com\\\/es\\\/lavado-de-barriles\\\/\",\"url\":\"https:\\\/\\\/www.mfkegtechnik.com\\\/es\\\/lavado-de-barriles\\\/\",\"name\":\"Lavado de barriles - m+f KEG-Technik GmbH &amp; Co. KG\",\"isPartOf\":{\"@id\":\"https:\\\/\\\/www.mfkegtechnik.com\\\/es\\\/#website\"},\"primaryImageOfPage\":{\"@id\":\"https:\\\/\\\/www.mfkegtechnik.com\\\/es\\\/lavado-de-barriles\\\/#primaryimage\"},\"image\":{\"@id\":\"https:\\\/\\\/www.mfkegtechnik.com\\\/es\\\/lavado-de-barriles\\\/#primaryimage\"},\"thumbnailUrl\":\"http:\\\/\\\/www.mfkegtechnik.com\\\/wp-content\\\/uploads\\\/2019\\\/05\\\/IMG_9230-200x300.jpg\",\"datePublished\":\"2019-06-12T06:37:30+00:00\",\"dateModified\":\"2019-08-23T08:38:47+00:00\",\"description\":\"MONOMAT es una m\u00e1quina semiautom\u00e1tica para el lavado interior de barriles tipo KEG, que incluye todos los componentes necesarios para el funcionamiento\",\"breadcrumb\":{\"@id\":\"https:\\\/\\\/www.mfkegtechnik.com\\\/es\\\/lavado-de-barriles\\\/#breadcrumb\"},\"inLanguage\":\"es\",\"potentialAction\":[{\"@type\":\"ReadAction\",\"target\":[\"https:\\\/\\\/www.mfkegtechnik.com\\\/es\\\/lavado-de-barriles\\\/\"]}]},{\"@type\":\"ImageObject\",\"inLanguage\":\"es\",\"@id\":\"https:\\\/\\\/www.mfkegtechnik.com\\\/es\\\/lavado-de-barriles\\\/#primaryimage\",\"url\":\"http:\\\/\\\/www.mfkegtechnik.com\\\/wp-content\\\/uploads\\\/2019\\\/05\\\/IMG_9230-200x300.jpg\",\"contentUrl\":\"http:\\\/\\\/www.mfkegtechnik.com\\\/wp-content\\\/uploads\\\/2019\\\/05\\\/IMG_9230-200x300.jpg\"},{\"@type\":\"BreadcrumbList\",\"@id\":\"https:\\\/\\\/www.mfkegtechnik.com\\\/es\\\/lavado-de-barriles\\\/#breadcrumb\",\"itemListElement\":[{\"@type\":\"ListItem\",\"position\":1,\"name\":\"Accueil\",\"item\":\"https:\\\/\\\/www.mfkegtechnik.com\\\/es\\\/\"},{\"@type\":\"ListItem\",\"position\":2,\"name\":\"M\u00e1quina de lavado de barriles\"}]},{\"@type\":\"WebSite\",\"@id\":\"https:\\\/\\\/www.mfkegtechnik.com\\\/es\\\/#website\",\"url\":\"https:\\\/\\\/www.mfkegtechnik.com\\\/es\\\/\",\"name\":\"m+f KEG-Technik GmbH &amp; Co. KG\",\"description\":\"We keep your KEGs clean !\",\"potentialAction\":[{\"@type\":\"SearchAction\",\"target\":{\"@type\":\"EntryPoint\",\"urlTemplate\":\"https:\\\/\\\/www.mfkegtechnik.com\\\/es\\\/?s={search_term_string}\"},\"query-input\":{\"@type\":\"PropertyValueSpecification\",\"valueRequired\":true,\"valueName\":\"search_term_string\"}}],\"inLanguage\":\"es\"}]}<\/script>\n<!-- \/ Yoast SEO plugin. -->","yoast_head_json":{"title":"Lavado de barriles - m+f KEG-Technik GmbH &amp; Co. KG","description":"MONOMAT es una m\u00e1quina semiautom\u00e1tica para el lavado interior de barriles tipo KEG, que incluye todos los componentes necesarios para el funcionamiento","robots":{"index":"index","follow":"follow","max-snippet":"max-snippet:-1","max-image-preview":"max-image-preview:large","max-video-preview":"max-video-preview:-1"},"canonical":"https:\/\/www.mfkegtechnik.com\/es\/lavado-de-barriles\/","og_locale":"es_ES","og_type":"article","og_title":"Lavado de barriles - m+f KEG-Technik GmbH &amp; Co. KG","og_description":"MONOMAT es una m\u00e1quina semiautom\u00e1tica para el lavado interior de barriles tipo KEG, que incluye todos los componentes necesarios para el funcionamiento","og_url":"https:\/\/www.mfkegtechnik.com\/es\/lavado-de-barriles\/","og_site_name":"m+f KEG-Technik GmbH &amp; Co. KG","article_modified_time":"2019-08-23T08:38:47+00:00","og_image":[{"url":"http:\/\/www.mfkegtechnik.com\/wp-content\/uploads\/2019\/05\/IMG_9230-200x300.jpg","type":"","width":"","height":""}],"twitter_card":"summary_large_image","twitter_misc":{"Tiempo de lectura":"2 minutos"},"schema":{"@context":"https:\/\/schema.org","@graph":[{"@type":"WebPage","@id":"https:\/\/www.mfkegtechnik.com\/es\/lavado-de-barriles\/","url":"https:\/\/www.mfkegtechnik.com\/es\/lavado-de-barriles\/","name":"Lavado de barriles - m+f KEG-Technik GmbH &amp; Co. KG","isPartOf":{"@id":"https:\/\/www.mfkegtechnik.com\/es\/#website"},"primaryImageOfPage":{"@id":"https:\/\/www.mfkegtechnik.com\/es\/lavado-de-barriles\/#primaryimage"},"image":{"@id":"https:\/\/www.mfkegtechnik.com\/es\/lavado-de-barriles\/#primaryimage"},"thumbnailUrl":"http:\/\/www.mfkegtechnik.com\/wp-content\/uploads\/2019\/05\/IMG_9230-200x300.jpg","datePublished":"2019-06-12T06:37:30+00:00","dateModified":"2019-08-23T08:38:47+00:00","description":"MONOMAT es una m\u00e1quina semiautom\u00e1tica para el lavado interior de barriles tipo KEG, que incluye todos los componentes necesarios para el funcionamiento","breadcrumb":{"@id":"https:\/\/www.mfkegtechnik.com\/es\/lavado-de-barriles\/#breadcrumb"},"inLanguage":"es","potentialAction":[{"@type":"ReadAction","target":["https:\/\/www.mfkegtechnik.com\/es\/lavado-de-barriles\/"]}]},{"@type":"ImageObject","inLanguage":"es","@id":"https:\/\/www.mfkegtechnik.com\/es\/lavado-de-barriles\/#primaryimage","url":"http:\/\/www.mfkegtechnik.com\/wp-content\/uploads\/2019\/05\/IMG_9230-200x300.jpg","contentUrl":"http:\/\/www.mfkegtechnik.com\/wp-content\/uploads\/2019\/05\/IMG_9230-200x300.jpg"},{"@type":"BreadcrumbList","@id":"https:\/\/www.mfkegtechnik.com\/es\/lavado-de-barriles\/#breadcrumb","itemListElement":[{"@type":"ListItem","position":1,"name":"Accueil","item":"https:\/\/www.mfkegtechnik.com\/es\/"},{"@type":"ListItem","position":2,"name":"M\u00e1quina de lavado de barriles"}]},{"@type":"WebSite","@id":"https:\/\/www.mfkegtechnik.com\/es\/#website","url":"https:\/\/www.mfkegtechnik.com\/es\/","name":"m+f KEG-Technik GmbH &amp; Co. KG","description":"We keep your KEGs clean !","potentialAction":[{"@type":"SearchAction","target":{"@type":"EntryPoint","urlTemplate":"https:\/\/www.mfkegtechnik.com\/es\/?s={search_term_string}"},"query-input":{"@type":"PropertyValueSpecification","valueRequired":true,"valueName":"search_term_string"}}],"inLanguage":"es"}]}},"_links":{"self":[{"href":"https:\/\/www.mfkegtechnik.com\/es\/wp-json\/wp\/v2\/pages\/4302","targetHints":{"allow":["GET"]}}],"collection":[{"href":"https:\/\/www.mfkegtechnik.com\/es\/wp-json\/wp\/v2\/pages"}],"about":[{"href":"https:\/\/www.mfkegtechnik.com\/es\/wp-json\/wp\/v2\/types\/page"}],"author":[{"embeddable":true,"href":"https:\/\/www.mfkegtechnik.com\/es\/wp-json\/wp\/v2\/users\/2"}],"replies":[{"embeddable":true,"href":"https:\/\/www.mfkegtechnik.com\/es\/wp-json\/wp\/v2\/comments?post=4302"}],"version-history":[{"count":0,"href":"https:\/\/www.mfkegtechnik.com\/es\/wp-json\/wp\/v2\/pages\/4302\/revisions"}],"wp:attachment":[{"href":"https:\/\/www.mfkegtechnik.com\/es\/wp-json\/wp\/v2\/media?parent=4302"}],"curies":[{"name":"wp","href":"https:\/\/api.w.org\/{rel}","templated":true}]}}