{"id":4307,"date":"2019-06-12T07:41:07","date_gmt":"2019-06-12T06:41:07","guid":{"rendered":"http:\/\/www.mfkegtechnik.com\/keg-plants\/"},"modified":"2019-08-30T13:56:50","modified_gmt":"2019-08-30T12:56:50","slug":"lineas-de-barriles","status":"publish","type":"page","link":"https:\/\/www.mfkegtechnik.com\/es\/lineas-de-barriles\/","title":{"rendered":"L\u00edneas de barriles"},"content":{"rendered":"<div id=\"pl-4307\"  class=\"panel-layout\" ><div id=\"pg-4307-0\"  class=\"panel-grid panel-no-style\" ><div id=\"pgc-4307-0-0\"  class=\"panel-grid-cell\" ><div id=\"panel-4307-0-0-0\" class=\"so-panel widget widget_sow-headline panel-first-child\" data-index=\"0\" ><div\n\t\t\t\n\t\t\tclass=\"so-widget-sow-headline so-widget-sow-headline-default-735b9f506ca8-4307\"\n\t\t\t\n\t\t><div class=\"sow-headline-container \">\n\t\t\t\t\t\t\t<h1 class=\"sow-headline\">\n\t\t\t\t\t\tPresentaci\u00f3n del MULTIMAT\t\t\t\t\t\t<\/h1>\n\t\t\t\t\t\t\t\t\t\t\t<div class=\"decoration\">\n\t\t\t\t\t\t<div class=\"decoration-inside\"><\/div>\n\t\t\t\t\t<\/div>\n\t\t\t\t\t\t\t\t\t\t\t<h2 class=\"sow-sub-headline\">\n\t\t\t\t\t\tm+f l\u00edneas de barriles \t\t\t\t\t\t<\/h2>\n\t\t\t\t\t\t<\/div>\n<\/div><\/div><div id=\"panel-4307-0-0-1\" class=\"so-panel widget widget_sow-editor panel-last-child\" data-index=\"1\" ><div\n\t\t\t\n\t\t\tclass=\"so-widget-sow-editor so-widget-sow-editor-base\"\n\t\t\t\n\t\t>\n<div class=\"siteorigin-widget-tinymce textwidget\">\n\t<\/div>\n<\/div><\/div><\/div><\/div><div id=\"pg-4307-1\"  class=\"panel-grid panel-no-style\" ><div id=\"pgc-4307-1-0\"  class=\"panel-grid-cell\" ><div id=\"panel-4307-1-0-0\" class=\"so-panel widget widget_sow-image panel-first-child\" data-index=\"2\" ><div\n\t\t\t\n\t\t\tclass=\"so-widget-sow-image so-widget-sow-image-default-8b5b6f678277-4307\"\n\t\t\t\n\t\t>\n<div class=\"sow-image-container\">\n\t\t<img \n\tsrc=\"https:\/\/www.mfkegtechnik.com\/wp-content\/uploads\/2019\/08\/Boyens-MF-grosse-Maschine.jpg\" width=\"2854\" height=\"1797\" srcset=\"https:\/\/www.mfkegtechnik.com\/wp-content\/uploads\/2019\/08\/Boyens-MF-grosse-Maschine.jpg 2854w, https:\/\/www.mfkegtechnik.com\/wp-content\/uploads\/2019\/08\/Boyens-MF-grosse-Maschine-300x189.jpg 300w, https:\/\/www.mfkegtechnik.com\/wp-content\/uploads\/2019\/08\/Boyens-MF-grosse-Maschine-768x484.jpg 768w, https:\/\/www.mfkegtechnik.com\/wp-content\/uploads\/2019\/08\/Boyens-MF-grosse-Maschine-1024x645.jpg 1024w, https:\/\/www.mfkegtechnik.com\/wp-content\/uploads\/2019\/08\/Boyens-MF-grosse-Maschine-940x592.jpg 940w\" sizes=\"(max-width: 2854px) 100vw, 2854px\" title=\"L\u00edneas de barriles\" alt=\"lineas-de-barriles\" \t\tclass=\"so-widget-image\"\/>\n\t<\/div>\n\n<\/div><\/div><div id=\"panel-4307-1-0-1\" class=\"so-panel widget widget_sow-image panel-last-child\" data-index=\"3\" ><div\n\t\t\t\n\t\t\tclass=\"so-widget-sow-image so-widget-sow-image-default-c67d20f9f743-4307\"\n\t\t\t\n\t\t>\n<div class=\"sow-image-container\">\n\t\t<img \n\tsrc=\"https:\/\/www.mfkegtechnik.com\/wp-content\/uploads\/2017\/03\/rsz_12016_multimat_a_9-8_mc.jpg\" width=\"2098\" height=\"1214\" srcset=\"https:\/\/www.mfkegtechnik.com\/wp-content\/uploads\/2017\/03\/rsz_12016_multimat_a_9-8_mc.jpg 2098w, https:\/\/www.mfkegtechnik.com\/wp-content\/uploads\/2017\/03\/rsz_12016_multimat_a_9-8_mc-300x174.jpg 300w, https:\/\/www.mfkegtechnik.com\/wp-content\/uploads\/2017\/03\/rsz_12016_multimat_a_9-8_mc-768x444.jpg 768w, https:\/\/www.mfkegtechnik.com\/wp-content\/uploads\/2017\/03\/rsz_12016_multimat_a_9-8_mc-1024x593.jpg 1024w, https:\/\/www.mfkegtechnik.com\/wp-content\/uploads\/2017\/03\/rsz_12016_multimat_a_9-8_mc-940x544.jpg 940w\" sizes=\"(max-width: 2098px) 100vw, 2098px\" title=\"Multimat A 9\/8\" alt=\"multiple-lanes-keg-plant\" \t\tclass=\"so-widget-image\"\/>\n\t<\/div>\n\n<\/div><\/div><\/div><div id=\"pgc-4307-1-1\"  class=\"panel-grid-cell\" ><div id=\"panel-4307-1-1-0\" class=\"so-panel widget widget_sow-headline panel-first-child\" data-index=\"4\" ><div\n\t\t\t\n\t\t\tclass=\"so-widget-sow-headline so-widget-sow-headline-default-f16591bb046e-4307\"\n\t\t\t\n\t\t><div class=\"sow-headline-container \">\n\t\t\t\t\t\t\t<h1 class=\"sow-headline\">\n\t\t\t\t\t\tCARACTER\u00cdSTICAS\t\t\t\t\t\t<\/h1>\n\t\t\t\t\t\t\t\t\t\t\t<div class=\"decoration\">\n\t\t\t\t\t\t<div class=\"decoration-inside\"><\/div>\n\t\t\t\t\t<\/div>\n\t\t\t\t\t<\/div>\n<\/div><\/div><div id=\"panel-4307-1-1-1\" class=\"so-panel widget widget_sow-editor\" data-index=\"5\" ><div\n\t\t\t\n\t\t\tclass=\"so-widget-sow-editor so-widget-sow-editor-base\"\n\t\t\t\n\t\t>\n<div class=\"siteorigin-widget-tinymce textwidget\">\n\t<h4><span style=\"color: #000000;\">Dependiendo de la capacidad de la planta puede instalarse tanques de suministro con capacidades de 300 L, 500L, 700L o 1100L\/h.<\/span><\/h4>\n<h4><span style=\"color: #000000;\">MULTIMAT es una m\u00e1quina de lavado y llenado de barriles que incluye todas las piezas el\u00e9ctricas y neum\u00e1ticas necesarias para su funcionamiento.<\/span><\/h4>\n<h4><span style=\"color: #000000;\">Este tipo de m\u00e1quina se distingue particularmente por su software de control integrado que permite un tratamiento autom\u00e1tico de la m\u00e1quina, as\u00ed como por el sensor de l\u00edquido que controla la llegada y el reflujo de fluidos.<\/span><\/h4>\n<h4><span style=\"color: #000000;\">Adem\u00e1s, todos los elementos mec\u00e1nicos importantes, as\u00ed como el bastidor base, las tuber\u00edas y las v\u00e1lvulas son de acero inoxidable, lo que garantiza el respeto de las normas europeas y la calidad de sus productos.<\/span><\/h4>\n<\/div>\n<\/div><\/div><div id=\"panel-4307-1-1-2\" class=\"so-panel widget widget_sow-headline\" data-index=\"6\" ><div\n\t\t\t\n\t\t\tclass=\"so-widget-sow-headline so-widget-sow-headline-default-f16591bb046e-4307\"\n\t\t\t\n\t\t><div class=\"sow-headline-container \">\n\t\t\t\t\t\t\t<h1 class=\"sow-headline\">\n\t\t\t\t\t\tDATOS T\u00c9CNICOS\t\t\t\t\t\t<\/h1>\n\t\t\t\t\t\t\t\t\t\t\t<div class=\"decoration\">\n\t\t\t\t\t\t<div class=\"decoration-inside\"><\/div>\n\t\t\t\t\t<\/div>\n\t\t\t\t\t<\/div>\n<\/div><\/div><div id=\"panel-4307-1-1-3\" class=\"so-panel widget widget_sow-editor\" data-index=\"7\" ><div\n\t\t\t\n\t\t\tclass=\"so-widget-sow-editor so-widget-sow-editor-base\"\n\t\t\t\n\t\t>\n<div class=\"siteorigin-widget-tinymce textwidget\">\n\t<h4><span style=\"color: #ff9900;\"><b>Cadencia <strong>\u00fatil <\/strong>: 100 - 120 KEG\/hora\u00a0<\/b><\/span><\/h4>\n<h4><span style=\"color: #000000;\"><strong>Estaciones <\/strong><strong>:<\/strong> lavado interior, enjuague, esterilizaci\u00f3n, llenado<\/span><\/h4>\n<h4><span style=\"color: #000000;\"><strong>Dimensiones : \u00a0 Anchura (B) \u00a0 <\/strong>:\u00a0 <strong>1.300<\/strong> mm<\/span><\/h4>\n<h4><span style=\"color: #000000;\">\u00a0 \u00a0 \u00a0 \u00a0 \u00a0 \u00a0 \u00a0 \u00a0 \u00a0 \u00a0 <strong>\u00a0 \u00a0 \u00a0 \u00a0 \u00a0 Largura (L) \u00a0 \u00a0<\/strong> : <strong>4.460<\/strong> mm<\/span><\/h4>\n<h4><span style=\"color: #000000;\">\u00a0 \u00a0 \u00a0 \u00a0 \u00a0 \u00a0 \u00a0 \u00a0 \u00a0 \u00a0 <strong>\u00a0 \u00a0 \u00a0 \u00a0 \u00a0 Altura (H)<\/strong> \u00a0 \u00a0 \u00a0 : <strong>2.200<\/strong> mm \u00b1 <strong>50<\/strong><\/span><\/h4>\n<h4><span style=\"color: #000000;\"><strong>Voltaje :\u00a0\u00a0 230\/400<\/strong> V, <strong>50<\/strong> Hz <span style=\"color: #ffffff; font-size: medium;\"> L\u00edneas de barriles<\/span> <span style=\"color: #ffffff;\"><a style=\"color: #ffffff;\" href=\"https:\/\/www.youtube.com\/user\/KEGTechnik\/\">m+f<\/a><\/span><\/span><\/h4>\n<\/div>\n<\/div><\/div><div id=\"panel-4307-1-1-4\" class=\"so-panel widget widget_sow-headline\" data-index=\"8\" ><div\n\t\t\t\n\t\t\tclass=\"so-widget-sow-headline so-widget-sow-headline-default-f16591bb046e-4307\"\n\t\t\t\n\t\t><div class=\"sow-headline-container \">\n\t\t\t\t\t\t\t<h1 class=\"sow-headline\">\n\t\t\t\t\t\tBENEFICIOS\t\t\t\t\t\t<\/h1>\n\t\t\t\t\t\t\t\t\t\t\t<div class=\"decoration\">\n\t\t\t\t\t\t<div class=\"decoration-inside\"><\/div>\n\t\t\t\t\t<\/div>\n\t\t\t\t\t<\/div>\n<\/div><\/div><div id=\"panel-4307-1-1-5\" class=\"so-panel widget widget_sow-editor\" data-index=\"9\" ><div\n\t\t\t\n\t\t\tclass=\"so-widget-sow-editor so-widget-sow-editor-base\"\n\t\t\t\n\t\t>\n<div class=\"siteorigin-widget-tinymce textwidget\">\n\t<h4 style=\"padding-left: 40px;\"><span style=\"color: #000000;\">Bastidor en acero inoxidable<\/span><\/h4>\n<\/div>\n<\/div><\/div><div id=\"panel-4307-1-1-6\" class=\"so-panel widget widget_sow-button panel-last-child\" data-index=\"10\" ><div\n\t\t\t\n\t\t\tclass=\"so-widget-sow-button so-widget-sow-button-atom-45a38d61cbbe-4307\"\n\t\t\t\n\t\t><div class=\"ow-button-base ow-button-align-center\"\n>\n\t\t\t<a\n\t\t\t\t\thref=\"http:\/\/www.mfkegtechnik.com\/wp-content\/uploads\/2017\/03\/MULTIMAT-A98_E.pdf\"\n\t\t\t\t\tclass=\"sowb-button ow-icon-placement-left ow-button-hover\" \t>\n\t\t<span>\n\t\t\t\n\t\t\tDescarga la ficha t\u00e9cnica (PDF)\t\t<\/span>\n\t\t\t<\/a>\n\t<\/div>\n<\/div><\/div><\/div><\/div><div id=\"pg-4307-2\"  class=\"panel-grid panel-no-style\" ><div id=\"pgc-4307-2-0\"  class=\"panel-grid-cell\" ><div id=\"panel-4307-2-0-0\" class=\"so-panel widget widget_sow-headline panel-first-child panel-last-child\" data-index=\"11\" ><div\n\t\t\t\n\t\t\tclass=\"so-widget-sow-headline so-widget-sow-headline-default-f927659a63be-4307\"\n\t\t\t\n\t\t><div class=\"sow-headline-container \">\n\t\t\t\t\t\t\t<h1 class=\"sow-headline\">\n\t\t\t\t\t\tTambi\u00e9n ofrecemos una l\u00ednea de producci\u00f3n de barriles totalmente robotizada\t\t\t\t\t\t<\/h1>\n\t\t\t\t\t\t\t\t\t\t\t<div class=\"decoration\">\n\t\t\t\t\t\t<div class=\"decoration-inside\"><\/div>\n\t\t\t\t\t<\/div>\n\t\t\t\t\t\t\t\t\t\t\t<h3 class=\"sow-sub-headline\">\n\t\t\t\t\t\tRealizamos la programaci\u00f3n del robot nosotros mismos y mantenemos su l\u00ednea de producci\u00f3n\t\t\t\t\t\t<\/h3>\n\t\t\t\t\t\t<\/div>\n<\/div><\/div><\/div><\/div><div id=\"pg-4307-3\"  class=\"panel-grid panel-no-style\" ><div id=\"pgc-4307-3-0\"  class=\"panel-grid-cell\" ><div id=\"panel-4307-3-0-0\" class=\"so-panel widget widget_sow-image panel-first-child\" data-index=\"12\" ><div\n\t\t\t\n\t\t\tclass=\"so-widget-sow-image so-widget-sow-image-default-c67d20f9f743-4307\"\n\t\t\t\n\t\t>\n<div class=\"sow-image-container\">\n\t\t<img \n\tsrc=\"https:\/\/www.mfkegtechnik.com\/wp-content\/uploads\/2017\/03\/Complete-plant.jpg\" width=\"853\" height=\"604\" srcset=\"https:\/\/www.mfkegtechnik.com\/wp-content\/uploads\/2017\/03\/Complete-plant.jpg 853w, https:\/\/www.mfkegtechnik.com\/wp-content\/uploads\/2017\/03\/Complete-plant-300x212.jpg 300w, https:\/\/www.mfkegtechnik.com\/wp-content\/uploads\/2017\/03\/Complete-plant-768x544.jpg 768w\" sizes=\"(max-width: 853px) 100vw, 853px\" title=\"L\u00edneas de barriles 3D\" alt=\"3D-complete-plant\" \t\tclass=\"so-widget-image\"\/>\n\t<\/div>\n\n<\/div><\/div><div id=\"panel-4307-3-0-1\" class=\"so-panel widget widget_sow-editor panel-last-child\" data-index=\"13\" ><div\n\t\t\t\n\t\t\tclass=\"so-widget-sow-editor so-widget-sow-editor-base\"\n\t\t\t\n\t\t>\n<div class=\"siteorigin-widget-tinymce textwidget\">\n\t<p><a href=\"http:\/\/www.mfkegtechnik.com\/wp-content\/uploads\/2017\/03\/Layout.jpg\"><img loading=\"lazy\" decoding=\"async\" class=\"alignnone wp-image-337 size-medium\" title=\"3D plan complete KEG\" src=\"http:\/\/www.mfkegtechnik.com\/wp-content\/uploads\/2017\/03\/Layout-300x167.jpg\" alt=\"L\u00edneas-de-barriles\" width=\"300\" height=\"167\" srcset=\"https:\/\/www.mfkegtechnik.com\/wp-content\/uploads\/2017\/03\/Layout-300x167.jpg 300w, https:\/\/www.mfkegtechnik.com\/wp-content\/uploads\/2017\/03\/Layout-768x427.jpg 768w, https:\/\/www.mfkegtechnik.com\/wp-content\/uploads\/2017\/03\/Layout-1024x570.jpg 1024w, https:\/\/www.mfkegtechnik.com\/wp-content\/uploads\/2017\/03\/Layout-940x523.jpg 940w, https:\/\/www.mfkegtechnik.com\/wp-content\/uploads\/2017\/03\/Layout.jpg 1260w\" sizes=\"auto, (max-width: 300px) 100vw, 300px\" \/><\/a><\/p>\n<\/div>\n<\/div><\/div><\/div><div id=\"pgc-4307-3-1\"  class=\"panel-grid-cell\" ><div id=\"panel-4307-3-1-0\" class=\"so-panel widget widget_sow-editor panel-first-child panel-last-child\" data-index=\"14\" ><div\n\t\t\t\n\t\t\tclass=\"so-widget-sow-editor so-widget-sow-editor-base\"\n\t\t\t\n\t\t>\n<div class=\"siteorigin-widget-tinymce textwidget\">\n\t<h4 style=\"padding-left: 40px;\"><span style=\"color: #000000;\">Desapilar<\/span><\/h4>\n<h4 style=\"padding-left: 40px;\"><span style=\"color: #000000;\">Control de la presi\u00f3n<\/span><\/h4>\n<h4 style=\"padding-left: 40px;\"><span style=\"color: #000000;\">El vaciado del barril<\/span><\/h4>\n<h4 style=\"padding-left: 40px;\"><span style=\"color: #000000;\">Pre-limpieza con une soluci\u00f3n c\u00e1ustica<\/span><\/h4>\n<h4 style=\"padding-left: 40px;\"><span style=\"color: #000000;\">Limpieza externa con cepillos rotativos<\/span><\/h4>\n<h4 style=\"padding-left: 40px;\"><span style=\"color: #000000;\">Limpieza intensiva con detergente \u00e1cido, agua caliente, \u00e1cido y vapor<\/span><\/h4>\n<h4 style=\"padding-left: 40px;\"><span style=\"color: #000000;\">Pre-presurizaci\u00f3n con CO2 o N2<\/span><\/h4>\n<p><span style=\"color: #ffffff; font-size: medium;\">\u00a0 \u00a0 \u00a0 \u00a0 \u00a0 L\u00edneas de barriles<\/span><\/p>\n<\/div>\n<\/div><\/div><\/div><div id=\"pgc-4307-3-2\"  class=\"panel-grid-cell\" ><div id=\"panel-4307-3-2-0\" class=\"so-panel widget widget_sow-editor panel-first-child panel-last-child\" data-index=\"15\" ><div\n\t\t\t\n\t\t\tclass=\"so-widget-sow-editor so-widget-sow-editor-base\"\n\t\t\t\n\t\t>\n<div class=\"siteorigin-widget-tinymce textwidget\">\n\t<h4 style=\"padding-left: 40px;\"><span style=\"color: #000000;\">Llenado hasta 100 KEG\/hora (50L)<\/span><\/h4>\n<h4 style=\"padding-left: 40px;\"><span style=\"color: #000000;\">Pasteurizaci\u00f3n flash<\/span><\/h4>\n<h4 style=\"padding-left: 40px;\"><span style=\"color: #000000;\">Detector de fugas de gas<\/span><\/h4>\n<h4 style=\"padding-left: 40px;\"><span style=\"color: #000000;\">Balanza<\/span><\/h4>\n<h4 style=\"padding-left: 40px;\"><span style=\"color: #000000;\">Emisi\u00f3n<\/span><\/h4>\n<h4 style=\"padding-left: 40px;\"><span style=\"color: #000000;\">Capsuladora<\/span><\/h4>\n<h4 style=\"padding-left: 40px;\"><span style=\"color: #000000;\">Controlador de c\u00e1psulas<\/span><\/h4>\n<h4 style=\"padding-left: 40px;\"><span style=\"color: #000000;\">Decapsuladora<\/span><\/h4>\n<h4 style=\"padding-left: 40px;\"><span style=\"color: #000000;\">Impresora de inyecci\u00f3n<\/span><\/h4>\n<\/div>\n<\/div><\/div><\/div><\/div><div id=\"pg-4307-4\"  class=\"panel-grid panel-no-style\" ><div id=\"pgc-4307-4-0\"  class=\"panel-grid-cell panel-grid-cell-empty\" ><\/div><div id=\"pgc-4307-4-1\"  class=\"panel-grid-cell panel-grid-cell-mobile-last\" ><div id=\"panel-4307-4-1-0\" class=\"so-panel widget widget_sow-button panel-first-child panel-last-child\" data-index=\"16\" ><div\n\t\t\t\n\t\t\tclass=\"so-widget-sow-button so-widget-sow-button-atom-45a38d61cbbe-4307\"\n\t\t\t\n\t\t><div class=\"ow-button-base ow-button-align-center\"\n>\n\t\t\t<a\n\t\t\t\t\thref=\"https:\/\/www.mfkegtechnik.com\/es\/contacto\/\"\n\t\t\t\t\tclass=\"sowb-button ow-icon-placement-left ow-button-hover\" \t>\n\t\t<span>\n\t\t\t\n\t\t\tContacto con nosotros\t\t<\/span>\n\t\t\t<\/a>\n\t<\/div>\n<\/div><\/div><\/div><div id=\"pgc-4307-4-2\"  class=\"panel-grid-cell panel-grid-cell-empty\" ><\/div><\/div><\/div>","protected":false},"excerpt":{"rendered":"<p>Dependiendo de la capacidad de la planta puede instalarse tanques de suministro con capacidades de 300 L, 500L, 700L o 1100L\/h. MULTIMAT es una m\u00e1quina de lavado y llenado de barriles que incluye todas las piezas el\u00e9ctricas y neum\u00e1ticas necesarias para su funcionamiento. Este tipo de m\u00e1quina se distingue particularmente por su software de control integrado que permite un tratamiento autom\u00e1tico de la m\u00e1quina, as\u00ed como por el sensor de &hellip;<a class=\"excerpt\" href=\"https:\/\/www.mfkegtechnik.com\/es\/lineas-de-barriles\/\">Read More<\/a><\/p>\n","protected":false},"author":2,"featured_media":0,"parent":0,"menu_order":0,"comment_status":"closed","ping_status":"closed","template":"","meta":{"footnotes":""},"class_list":["post-4307","page","type-page","status-publish","hentry"],"yoast_head":"<!-- This site is optimized with the Yoast SEO plugin v27.3 - https:\/\/yoast.com\/product\/yoast-seo-wordpress\/ -->\n<title>L\u00edneas de barriles - m+f KEG-Technik GmbH &amp; Co. KG<\/title>\n<meta name=\"description\" content=\"Dependiendo de la capacidad de las l\u00edneas de barriles puede instalarse tanques de suministro con capacidades de 300 L, 500L, 700L o 1100L\/h !\" \/>\n<meta name=\"robots\" content=\"index, follow, max-snippet:-1, max-image-preview:large, max-video-preview:-1\" \/>\n<link rel=\"canonical\" href=\"https:\/\/www.mfkegtechnik.com\/es\/lineas-de-barriles\/\" \/>\n<meta property=\"og:locale\" content=\"es_ES\" \/>\n<meta property=\"og:type\" content=\"article\" \/>\n<meta property=\"og:title\" content=\"L\u00edneas de barriles - m+f KEG-Technik GmbH &amp; Co. KG\" \/>\n<meta property=\"og:description\" content=\"Dependiendo de la capacidad de las l\u00edneas de barriles puede instalarse tanques de suministro con capacidades de 300 L, 500L, 700L o 1100L\/h !\" \/>\n<meta property=\"og:url\" content=\"https:\/\/www.mfkegtechnik.com\/es\/lineas-de-barriles\/\" \/>\n<meta property=\"og:site_name\" content=\"m+f KEG-Technik GmbH &amp; Co. KG\" \/>\n<meta property=\"article:modified_time\" content=\"2019-08-30T12:56:50+00:00\" \/>\n<meta property=\"og:image\" content=\"http:\/\/www.mfkegtechnik.com\/wp-content\/uploads\/2017\/03\/Layout-300x167.jpg\" \/>\n<meta name=\"twitter:card\" content=\"summary_large_image\" \/>\n<meta name=\"twitter:label1\" content=\"Tiempo de lectura\" \/>\n\t<meta name=\"twitter:data1\" content=\"2 minutos\" \/>\n<script type=\"application\/ld+json\" class=\"yoast-schema-graph\">{\"@context\":\"https:\\\/\\\/schema.org\",\"@graph\":[{\"@type\":\"WebPage\",\"@id\":\"https:\\\/\\\/www.mfkegtechnik.com\\\/es\\\/lineas-de-barriles\\\/\",\"url\":\"https:\\\/\\\/www.mfkegtechnik.com\\\/es\\\/lineas-de-barriles\\\/\",\"name\":\"L\u00edneas de barriles - m+f KEG-Technik GmbH &amp; Co. KG\",\"isPartOf\":{\"@id\":\"https:\\\/\\\/www.mfkegtechnik.com\\\/es\\\/#website\"},\"primaryImageOfPage\":{\"@id\":\"https:\\\/\\\/www.mfkegtechnik.com\\\/es\\\/lineas-de-barriles\\\/#primaryimage\"},\"image\":{\"@id\":\"https:\\\/\\\/www.mfkegtechnik.com\\\/es\\\/lineas-de-barriles\\\/#primaryimage\"},\"thumbnailUrl\":\"http:\\\/\\\/www.mfkegtechnik.com\\\/wp-content\\\/uploads\\\/2017\\\/03\\\/Layout-300x167.jpg\",\"datePublished\":\"2019-06-12T06:41:07+00:00\",\"dateModified\":\"2019-08-30T12:56:50+00:00\",\"description\":\"Dependiendo de la capacidad de las l\u00edneas de barriles puede instalarse tanques de suministro con capacidades de 300 L, 500L, 700L o 1100L\\\/h !\",\"breadcrumb\":{\"@id\":\"https:\\\/\\\/www.mfkegtechnik.com\\\/es\\\/lineas-de-barriles\\\/#breadcrumb\"},\"inLanguage\":\"es\",\"potentialAction\":[{\"@type\":\"ReadAction\",\"target\":[\"https:\\\/\\\/www.mfkegtechnik.com\\\/es\\\/lineas-de-barriles\\\/\"]}]},{\"@type\":\"ImageObject\",\"inLanguage\":\"es\",\"@id\":\"https:\\\/\\\/www.mfkegtechnik.com\\\/es\\\/lineas-de-barriles\\\/#primaryimage\",\"url\":\"http:\\\/\\\/www.mfkegtechnik.com\\\/wp-content\\\/uploads\\\/2017\\\/03\\\/Layout-300x167.jpg\",\"contentUrl\":\"http:\\\/\\\/www.mfkegtechnik.com\\\/wp-content\\\/uploads\\\/2017\\\/03\\\/Layout-300x167.jpg\"},{\"@type\":\"BreadcrumbList\",\"@id\":\"https:\\\/\\\/www.mfkegtechnik.com\\\/es\\\/lineas-de-barriles\\\/#breadcrumb\",\"itemListElement\":[{\"@type\":\"ListItem\",\"position\":1,\"name\":\"Accueil\",\"item\":\"https:\\\/\\\/www.mfkegtechnik.com\\\/es\\\/\"},{\"@type\":\"ListItem\",\"position\":2,\"name\":\"L\u00edneas de barriles\"}]},{\"@type\":\"WebSite\",\"@id\":\"https:\\\/\\\/www.mfkegtechnik.com\\\/es\\\/#website\",\"url\":\"https:\\\/\\\/www.mfkegtechnik.com\\\/es\\\/\",\"name\":\"m+f KEG-Technik GmbH &amp; Co. KG\",\"description\":\"We keep your KEGs clean !\",\"potentialAction\":[{\"@type\":\"SearchAction\",\"target\":{\"@type\":\"EntryPoint\",\"urlTemplate\":\"https:\\\/\\\/www.mfkegtechnik.com\\\/es\\\/?s={search_term_string}\"},\"query-input\":{\"@type\":\"PropertyValueSpecification\",\"valueRequired\":true,\"valueName\":\"search_term_string\"}}],\"inLanguage\":\"es\"}]}<\/script>\n<!-- \/ Yoast SEO plugin. -->","yoast_head_json":{"title":"L\u00edneas de barriles - m+f KEG-Technik GmbH &amp; Co. KG","description":"Dependiendo de la capacidad de las l\u00edneas de barriles puede instalarse tanques de suministro con capacidades de 300 L, 500L, 700L o 1100L\/h !","robots":{"index":"index","follow":"follow","max-snippet":"max-snippet:-1","max-image-preview":"max-image-preview:large","max-video-preview":"max-video-preview:-1"},"canonical":"https:\/\/www.mfkegtechnik.com\/es\/lineas-de-barriles\/","og_locale":"es_ES","og_type":"article","og_title":"L\u00edneas de barriles - m+f KEG-Technik GmbH &amp; Co. KG","og_description":"Dependiendo de la capacidad de las l\u00edneas de barriles puede instalarse tanques de suministro con capacidades de 300 L, 500L, 700L o 1100L\/h !","og_url":"https:\/\/www.mfkegtechnik.com\/es\/lineas-de-barriles\/","og_site_name":"m+f KEG-Technik GmbH &amp; Co. KG","article_modified_time":"2019-08-30T12:56:50+00:00","og_image":[{"url":"http:\/\/www.mfkegtechnik.com\/wp-content\/uploads\/2017\/03\/Layout-300x167.jpg","type":"","width":"","height":""}],"twitter_card":"summary_large_image","twitter_misc":{"Tiempo de lectura":"2 minutos"},"schema":{"@context":"https:\/\/schema.org","@graph":[{"@type":"WebPage","@id":"https:\/\/www.mfkegtechnik.com\/es\/lineas-de-barriles\/","url":"https:\/\/www.mfkegtechnik.com\/es\/lineas-de-barriles\/","name":"L\u00edneas de barriles - m+f KEG-Technik GmbH &amp; Co. KG","isPartOf":{"@id":"https:\/\/www.mfkegtechnik.com\/es\/#website"},"primaryImageOfPage":{"@id":"https:\/\/www.mfkegtechnik.com\/es\/lineas-de-barriles\/#primaryimage"},"image":{"@id":"https:\/\/www.mfkegtechnik.com\/es\/lineas-de-barriles\/#primaryimage"},"thumbnailUrl":"http:\/\/www.mfkegtechnik.com\/wp-content\/uploads\/2017\/03\/Layout-300x167.jpg","datePublished":"2019-06-12T06:41:07+00:00","dateModified":"2019-08-30T12:56:50+00:00","description":"Dependiendo de la capacidad de las l\u00edneas de barriles puede instalarse tanques de suministro con capacidades de 300 L, 500L, 700L o 1100L\/h !","breadcrumb":{"@id":"https:\/\/www.mfkegtechnik.com\/es\/lineas-de-barriles\/#breadcrumb"},"inLanguage":"es","potentialAction":[{"@type":"ReadAction","target":["https:\/\/www.mfkegtechnik.com\/es\/lineas-de-barriles\/"]}]},{"@type":"ImageObject","inLanguage":"es","@id":"https:\/\/www.mfkegtechnik.com\/es\/lineas-de-barriles\/#primaryimage","url":"http:\/\/www.mfkegtechnik.com\/wp-content\/uploads\/2017\/03\/Layout-300x167.jpg","contentUrl":"http:\/\/www.mfkegtechnik.com\/wp-content\/uploads\/2017\/03\/Layout-300x167.jpg"},{"@type":"BreadcrumbList","@id":"https:\/\/www.mfkegtechnik.com\/es\/lineas-de-barriles\/#breadcrumb","itemListElement":[{"@type":"ListItem","position":1,"name":"Accueil","item":"https:\/\/www.mfkegtechnik.com\/es\/"},{"@type":"ListItem","position":2,"name":"L\u00edneas de barriles"}]},{"@type":"WebSite","@id":"https:\/\/www.mfkegtechnik.com\/es\/#website","url":"https:\/\/www.mfkegtechnik.com\/es\/","name":"m+f KEG-Technik GmbH &amp; Co. KG","description":"We keep your KEGs clean !","potentialAction":[{"@type":"SearchAction","target":{"@type":"EntryPoint","urlTemplate":"https:\/\/www.mfkegtechnik.com\/es\/?s={search_term_string}"},"query-input":{"@type":"PropertyValueSpecification","valueRequired":true,"valueName":"search_term_string"}}],"inLanguage":"es"}]}},"_links":{"self":[{"href":"https:\/\/www.mfkegtechnik.com\/es\/wp-json\/wp\/v2\/pages\/4307","targetHints":{"allow":["GET"]}}],"collection":[{"href":"https:\/\/www.mfkegtechnik.com\/es\/wp-json\/wp\/v2\/pages"}],"about":[{"href":"https:\/\/www.mfkegtechnik.com\/es\/wp-json\/wp\/v2\/types\/page"}],"author":[{"embeddable":true,"href":"https:\/\/www.mfkegtechnik.com\/es\/wp-json\/wp\/v2\/users\/2"}],"replies":[{"embeddable":true,"href":"https:\/\/www.mfkegtechnik.com\/es\/wp-json\/wp\/v2\/comments?post=4307"}],"version-history":[{"count":0,"href":"https:\/\/www.mfkegtechnik.com\/es\/wp-json\/wp\/v2\/pages\/4307\/revisions"}],"wp:attachment":[{"href":"https:\/\/www.mfkegtechnik.com\/es\/wp-json\/wp\/v2\/media?parent=4307"}],"curies":[{"name":"wp","href":"https:\/\/api.w.org\/{rel}","templated":true}]}}