{"id":4309,"date":"2019-06-12T07:39:34","date_gmt":"2019-06-12T06:39:34","guid":{"rendered":"http:\/\/www.mfkegtechnik.com\/keg-machines-40-120-keg-h\/"},"modified":"2019-08-19T07:31:05","modified_gmt":"2019-08-19T06:31:05","slug":"maquina-de-barriles-40-120-keg-h","status":"publish","type":"page","link":"https:\/\/www.mfkegtechnik.com\/es\/maquina-de-barriles-40-120-keg-h\/","title":{"rendered":"M\u00e1quina para el lavado y llenado de barriles 40-120KEG\/hora"},"content":{"rendered":"<div id=\"pl-4309\"  class=\"panel-layout\" ><div id=\"pg-4309-0\"  class=\"panel-grid panel-no-style\" ><div id=\"pgc-4309-0-0\"  class=\"panel-grid-cell\" ><div id=\"panel-4309-0-0-0\" class=\"so-panel widget widget_sow-headline panel-first-child\" data-index=\"0\" ><div\n\t\t\t\n\t\t\tclass=\"so-widget-sow-headline so-widget-sow-headline-default-7d6c0c62a896-4309\"\n\t\t\t\n\t\t><div class=\"sow-headline-container \">\n\t\t\t\t\t\t\t<h1 class=\"sow-headline\">\n\t\t\t\t\t\tPresentaci\u00f3n del  MINOMAT\t\t\t\t\t\t<\/h1>\n\t\t\t\t\t\t\t\t\t\t\t<div class=\"decoration\">\n\t\t\t\t\t\t<div class=\"decoration-inside\"><\/div>\n\t\t\t\t\t<\/div>\n\t\t\t\t\t\t\t\t\t\t\t<h2 class=\"sow-sub-headline\">\n\t\t\t\t\t\tM\u00e1quina autom\u00e1tica para el lavado interior y el llenado de barriles 40-120 KEG\/hora\t\t\t\t\t\t<\/h2>\n\t\t\t\t\t\t<\/div>\n<\/div><\/div><div id=\"panel-4309-0-0-1\" class=\"so-panel widget widget_sow-editor panel-last-child\" data-index=\"1\" ><div\n\t\t\t\n\t\t\tclass=\"so-widget-sow-editor so-widget-sow-editor-base\"\n\t\t\t\n\t\t>\n<div class=\"siteorigin-widget-tinymce textwidget\">\n\t<\/div>\n<\/div><\/div><\/div><\/div><div id=\"pg-4309-1\"  class=\"panel-grid panel-no-style\" ><div id=\"pgc-4309-1-0\"  class=\"panel-grid-cell\" ><div id=\"panel-4309-1-0-0\" class=\"so-panel widget widget_sow-image panel-first-child\" data-index=\"2\" ><div\n\t\t\t\n\t\t\tclass=\"so-widget-sow-image so-widget-sow-image-default-c67d20f9f743-4309\"\n\t\t\t\n\t\t>\n<div class=\"sow-image-container\">\n\t\t<img \n\tsrc=\"https:\/\/www.mfkegtechnik.com\/wp-content\/uploads\/2019\/05\/2015-Minomat-A-6_6-NEU-300x198.jpeg\" width=\"300\" height=\"198\" srcset=\"https:\/\/www.mfkegtechnik.com\/wp-content\/uploads\/2019\/05\/2015-Minomat-A-6_6-NEU-300x198.jpeg 300w, https:\/\/www.mfkegtechnik.com\/wp-content\/uploads\/2019\/05\/2015-Minomat-A-6_6-NEU-768x506.jpeg 768w, https:\/\/www.mfkegtechnik.com\/wp-content\/uploads\/2019\/05\/2015-Minomat-A-6_6-NEU-1024x674.jpeg 1024w, https:\/\/www.mfkegtechnik.com\/wp-content\/uploads\/2019\/05\/2015-Minomat-A-6_6-NEU-940x619.jpeg 940w\" sizes=\"(max-width: 300px) 100vw, 300px\" title=\"Minomat A 6\/6\" alt=\"keg-machines-40-120-keg-h-full-automatised-keg-plant\" \t\tclass=\"so-widget-image\"\/>\n\t<\/div>\n\n<\/div><\/div><div id=\"panel-4309-1-0-1\" class=\"so-panel widget widget_sow-editor\" data-index=\"3\" ><div\n\t\t\t\n\t\t\tclass=\"so-widget-sow-editor so-widget-sow-editor-base\"\n\t\t\t\n\t\t>\n<div class=\"siteorigin-widget-tinymce textwidget\">\n\t<p style=\"text-align: center;\"><a href=\"http:\/\/www.mfkegtechnik.com\/wp-content\/uploads\/2019\/06\/MINOMAT-A-53-gut.jpg\"><img loading=\"lazy\" decoding=\"async\" class=\"alignnone wp-image-2178\" title=\"minomat\" src=\"http:\/\/www.mfkegtechnik.com\/wp-content\/uploads\/2019\/06\/MINOMAT-A-53-gut-1024x683.jpg\" alt=\"keg-machines-40-120-keg-h\" width=\"284\" height=\"189\" srcset=\"https:\/\/www.mfkegtechnik.com\/wp-content\/uploads\/2019\/06\/MINOMAT-A-53-gut-1024x683.jpg 1024w, https:\/\/www.mfkegtechnik.com\/wp-content\/uploads\/2019\/06\/MINOMAT-A-53-gut-300x200.jpg 300w, https:\/\/www.mfkegtechnik.com\/wp-content\/uploads\/2019\/06\/MINOMAT-A-53-gut-768x512.jpg 768w, https:\/\/www.mfkegtechnik.com\/wp-content\/uploads\/2019\/06\/MINOMAT-A-53-gut-940x627.jpg 940w, https:\/\/www.mfkegtechnik.com\/wp-content\/uploads\/2019\/06\/MINOMAT-A-53-gut-272x182.jpg 272w\" sizes=\"auto, (max-width: 284px) 100vw, 284px\" \/><\/a><a href=\"http:\/\/www.mfkegtechnik.com\/wp-content\/uploads\/2017\/03\/MINOMAT-Reinigungsmitteltanks-1.jpg\"> \u00a0<\/a><\/p>\n<p style=\"text-align: center;\"><a href=\"http:\/\/www.mfkegtechnik.com\/wp-content\/uploads\/2017\/03\/MINOMAT-Reinigungsmitteltanks-1.jpg\"><img loading=\"lazy\" decoding=\"async\" class=\"alignnone wp-image-380\" title=\"KEG Machine pipework\" src=\"http:\/\/www.mfkegtechnik.com\/wp-content\/uploads\/2017\/03\/MINOMAT-Reinigungsmitteltanks-1-300x200.jpg\" alt=\"keg-machines-40-120-keg-h-pipework\" width=\"281\" height=\"188\" srcset=\"https:\/\/www.mfkegtechnik.com\/wp-content\/uploads\/2017\/03\/MINOMAT-Reinigungsmitteltanks-1-300x200.jpg 300w, https:\/\/www.mfkegtechnik.com\/wp-content\/uploads\/2017\/03\/MINOMAT-Reinigungsmitteltanks-1-768x512.jpg 768w, https:\/\/www.mfkegtechnik.com\/wp-content\/uploads\/2017\/03\/MINOMAT-Reinigungsmitteltanks-1.jpg 1024w, https:\/\/www.mfkegtechnik.com\/wp-content\/uploads\/2017\/03\/MINOMAT-Reinigungsmitteltanks-1-940x627.jpg 940w\" sizes=\"auto, (max-width: 281px) 100vw, 281px\" \/><\/a><\/p>\n<\/div>\n<\/div><\/div><div id=\"panel-4309-1-0-2\" class=\"so-panel widget widget_sow-editor panel-last-child\" data-index=\"4\" ><div\n\t\t\t\n\t\t\tclass=\"so-widget-sow-editor so-widget-sow-editor-base\"\n\t\t\t\n\t\t>\n<div class=\"siteorigin-widget-tinymce textwidget\">\n\t<p><span style=\"color: #ffffff;\">m+f MINOMAT <a style=\"color: #ffffff;\" href=\"https:\/\/www.youtube.com\/results?search_query=keg+technik\">Complete KEG machine<\/a>s 40 - 120 KEG\/h<\/span><span style=\"color: #ffffff;\">The MINOMAT series are complete fully automatic KEG plants.<\/span><span style=\"color: #ffffff;\">Depending on your needs we add more stations for cleaning.<\/span><span style=\"color: #ffffff;\">This KEG plant is delivered with all the pipework between the tanks and the\u00a0heads.<\/span><span style=\"color: #ffffff;\">Changing to other spear types takes less than a Minute.<\/span><\/p>\n<\/div>\n<\/div><\/div><\/div><div id=\"pgc-4309-1-1\"  class=\"panel-grid-cell\" ><div id=\"panel-4309-1-1-0\" class=\"so-panel widget widget_sow-headline panel-first-child\" data-index=\"5\" ><div\n\t\t\t\n\t\t\tclass=\"so-widget-sow-headline so-widget-sow-headline-default-f16591bb046e-4309\"\n\t\t\t\n\t\t><div class=\"sow-headline-container \">\n\t\t\t\t\t\t\t<h1 class=\"sow-headline\">\n\t\t\t\t\t\tCARACTER\u00cdSTICAS\t\t\t\t\t\t<\/h1>\n\t\t\t\t\t\t\t\t\t\t\t<div class=\"decoration\">\n\t\t\t\t\t\t<div class=\"decoration-inside\"><\/div>\n\t\t\t\t\t<\/div>\n\t\t\t\t\t<\/div>\n<\/div><\/div><div id=\"panel-4309-1-1-1\" class=\"so-panel widget widget_sow-editor\" data-index=\"6\" ><div\n\t\t\t\n\t\t\tclass=\"so-widget-sow-editor so-widget-sow-editor-base\"\n\t\t\t\n\t\t>\n<div class=\"siteorigin-widget-tinymce textwidget\">\n\t<h4><span style=\"color: #000000;\">Las gamas de MINOMAT son instalaciones completas de barriles, totalmente automatizadas, equipadas con un sistema de balanceo y incluyen todos los elementos el\u00e9ctricos y neum\u00e1ticos necesarios para el funcionamiento.<\/span><\/h4>\n<h4><span style=\"color: #000000;\">Estos tipos de m\u00e1quinas se distinguen particularmente por la integraci\u00f3n de una sistema de control integrado que permite un procesamiento totalmente autom\u00e1tico de la m\u00e1quina, pero tambi\u00e9n por el detector de l\u00edquidos que controla la alimentaci\u00f3n y el reflujo de los liqu\u00eddos .<\/span><\/h4>\n<h4><span style=\"color: #000000;\">Dependiendo de sus necesidades, podemos agregar m\u00e1s estaciones de limpieza. Adem\u00e1s, entregamos nuestras instalaciones completas con todas las tuber\u00edas necesarias.<\/span><\/h4>\n<h4><span style=\"color: #000000;\">Adem\u00e1s, tanto las piezas principales como el bastidor base, las v\u00e1lvulas y las tuber\u00edas est\u00e1n hechos de acero inoxidable, lo que garantiza el respeto de las normas europeas y la calidad de sus productos.<\/span><\/h4>\n<\/div>\n<\/div><\/div><div id=\"panel-4309-1-1-2\" class=\"so-panel widget widget_sow-headline\" data-index=\"7\" ><div\n\t\t\t\n\t\t\tclass=\"so-widget-sow-headline so-widget-sow-headline-default-f16591bb046e-4309\"\n\t\t\t\n\t\t><div class=\"sow-headline-container \">\n\t\t\t\t\t\t\t<h1 class=\"sow-headline\">\n\t\t\t\t\t\tDATOS T\u00c9CNICOS\t\t\t\t\t\t<\/h1>\n\t\t\t\t\t\t\t\t\t\t\t<div class=\"decoration\">\n\t\t\t\t\t\t<div class=\"decoration-inside\"><\/div>\n\t\t\t\t\t<\/div>\n\t\t\t\t\t<\/div>\n<\/div><\/div><div id=\"panel-4309-1-1-3\" class=\"so-panel widget widget_sow-editor\" data-index=\"8\" ><div\n\t\t\t\n\t\t\tclass=\"so-widget-sow-editor so-widget-sow-editor-base\"\n\t\t\t\n\t\t>\n<div class=\"siteorigin-widget-tinymce textwidget\">\n\t<h4><span style=\"color: #ff9900;\"><strong>Cadencia \u00fatil <\/strong>: <strong>40 - 120 KEG\/hora<\/strong><\/span><\/h4>\n<h4><span style=\"color: #000000;\"><strong>Estaciones <\/strong>: <\/span>lavado interior, enjuague, esterilizaci\u00f3n y llenado<\/h4>\n<h4><span style=\"color: #000000;\"><strong>Dimensiones <\/strong>: \u00a0\u00a0 <strong>Profondidad<\/strong> <strong>(L) <\/strong>\u00a0 : <strong>1.300<\/strong>mm<\/span><\/h4>\n<h4><span style=\"color: #000000;\">\u00a0 \u00a0 \u00a0 \u00a0 \u00a0 \u00a0 \u00a0 \u00a0 \u00a0 \u00a0 \u00a0 \u00a0 \u00a0 \u00a0 \u00a0 <strong>Ancho (B) <\/strong>\u00a0 \u00a0 \u00a0 \u00a0 \u00a0 \u00a0 \u00a0\u00a0 : <strong>2.700<\/strong>mm<\/span><\/h4>\n<h4><span style=\"color: #000000;\">\u00a0 \u00a0 \u00a0 \u00a0 \u00a0 \u00a0 \u00a0 \u00a0 \u00a0 \u00a0 \u00a0 \u00a0 \u00a0 \u00a0 \u00a0 <strong>Alto<\/strong> <strong>(H)<\/strong> \u00a0 \u00a0 \u00a0 \u00a0 \u00a0 \u00a0 \u00a0 \u00a0 \u00a0\u00a0 : <strong>2.200<\/strong>mm +\/- <strong>50<\/strong><\/span><\/h4>\n<h4><\/h4>\n<h4><span style=\"color: #000000;\"><strong>Voltaje <\/strong>: <strong>230<\/strong>\/<strong>400<\/strong>V, <strong>50<\/strong>Hz<\/span><\/h4>\n<\/div>\n<\/div><\/div><div id=\"panel-4309-1-1-4\" class=\"so-panel widget widget_sow-headline\" data-index=\"9\" ><div\n\t\t\t\n\t\t\tclass=\"so-widget-sow-headline so-widget-sow-headline-default-f16591bb046e-4309\"\n\t\t\t\n\t\t><div class=\"sow-headline-container \">\n\t\t\t\t\t\t\t<h1 class=\"sow-headline\">\n\t\t\t\t\t\tBENEFICIOS\t\t\t\t\t\t<\/h1>\n\t\t\t\t\t\t\t\t\t\t\t<div class=\"decoration\">\n\t\t\t\t\t\t<div class=\"decoration-inside\"><\/div>\n\t\t\t\t\t<\/div>\n\t\t\t\t\t<\/div>\n<\/div><\/div><div id=\"panel-4309-1-1-5\" class=\"so-panel widget widget_sow-editor\" data-index=\"10\" ><div\n\t\t\t\n\t\t\tclass=\"so-widget-sow-editor so-widget-sow-editor-base\"\n\t\t\t\n\t\t>\n<div class=\"siteorigin-widget-tinymce textwidget\">\n\t<h4><span style=\"color: #000000;\">Nuestras m\u00e1quinas son la mejor soluci\u00f3n si busca instalaciones de barriles completamente autom\u00e1ticas. Aqu\u00ed est\u00e1n algunas ventajas de nuestra gama:\u00a0<\/span><\/h4>\n<h4 style=\"padding-left: 40px;\"><span style=\"color: #000000;\">F\u00e1cil utilizaci\u00f3n<\/span><\/h4>\n<h4 style=\"padding-left: 40px;\"><span style=\"color: #000000;\">Bastidor en acero inoxidable<\/span><\/h4>\n<h4 style=\"padding-left: 40px;\"><span style=\"color: #000000;\">Equipado con una unidad de conversi\u00f3n<\/span><\/h4>\n<\/div>\n<\/div><\/div><div id=\"panel-4309-1-1-6\" class=\"so-panel widget widget_sow-button panel-last-child\" data-index=\"11\" ><div\n\t\t\t\n\t\t\tclass=\"so-widget-sow-button so-widget-sow-button-atom-45a38d61cbbe-4309\"\n\t\t\t\n\t\t><div class=\"ow-button-base ow-button-align-center\"\n>\n\t\t\t<a\n\t\t\t\t\thref=\"http:\/\/www.mfkegtechnik.com\/wp-content\/uploads\/2019\/08\/MINOMAT-A66_ES.pdf\"\n\t\t\t\t\tclass=\"sowb-button ow-icon-placement-left ow-button-hover\" \t>\n\t\t<span>\n\t\t\t\n\t\t\tDescarga la ficha t\u00e9cnica (PDF)\t\t<\/span>\n\t\t\t<\/a>\n\t<\/div>\n<\/div><\/div><\/div><\/div><\/div>","protected":false},"excerpt":{"rendered":"<p>\u00a0 m+f MINOMAT Complete KEG machines 40 &#8211; 120 KEG\/hThe MINOMAT series are complete fully automatic KEG plants.Depending on your needs we add more stations for cleaning.This KEG plant is delivered with all the pipework between the tanks and the\u00a0heads.Changing to other spear types takes less than a Minute. Las gamas de MINOMAT son instalaciones completas de barriles, totalmente automatizadas, equipadas con un sistema de balanceo y incluyen todos los &hellip;<a class=\"excerpt\" href=\"https:\/\/www.mfkegtechnik.com\/es\/maquina-de-barriles-40-120-keg-h\/\">Read More<\/a><\/p>\n","protected":false},"author":2,"featured_media":0,"parent":0,"menu_order":0,"comment_status":"closed","ping_status":"closed","template":"","meta":{"footnotes":""},"class_list":["post-4309","page","type-page","status-publish","hentry"],"yoast_head":"<!-- This site is optimized with the Yoast SEO plugin v27.3 - https:\/\/yoast.com\/product\/yoast-seo-wordpress\/ -->\n<title>M\u00e1quina para el lavado y llenado de barriles 40 - 120KEG\/hora<\/title>\n<meta name=\"description\" content=\"KEG Machines 40-120 KEG\/h are complete fully automatised KEG plants for internal cleaning and filling of KEG. Find out more !\" \/>\n<meta name=\"robots\" content=\"index, follow, max-snippet:-1, max-image-preview:large, max-video-preview:-1\" \/>\n<link rel=\"canonical\" href=\"https:\/\/www.mfkegtechnik.com\/es\/maquina-de-barriles-40-120-keg-h\/\" \/>\n<meta property=\"og:locale\" content=\"es_ES\" \/>\n<meta property=\"og:type\" content=\"article\" \/>\n<meta property=\"og:title\" content=\"M\u00e1quina para el lavado y llenado de barriles 40 - 120KEG\/hora\" \/>\n<meta property=\"og:description\" content=\"KEG Machines 40-120 KEG\/h are complete fully automatised KEG plants for internal cleaning and filling of KEG. Find out more !\" \/>\n<meta property=\"og:url\" content=\"https:\/\/www.mfkegtechnik.com\/es\/maquina-de-barriles-40-120-keg-h\/\" \/>\n<meta property=\"og:site_name\" content=\"m+f KEG-Technik GmbH &amp; Co. KG\" \/>\n<meta property=\"article:modified_time\" content=\"2019-08-19T06:31:05+00:00\" \/>\n<meta property=\"og:image\" content=\"http:\/\/www.mfkegtechnik.com\/wp-content\/uploads\/2019\/06\/MINOMAT-A-53-gut-1024x683.jpg\" \/>\n<meta name=\"twitter:card\" content=\"summary_large_image\" \/>\n<meta name=\"twitter:label1\" content=\"Tiempo de lectura\" \/>\n\t<meta name=\"twitter:data1\" content=\"2 minutos\" \/>\n<script type=\"application\/ld+json\" class=\"yoast-schema-graph\">{\"@context\":\"https:\\\/\\\/schema.org\",\"@graph\":[{\"@type\":\"WebPage\",\"@id\":\"https:\\\/\\\/www.mfkegtechnik.com\\\/es\\\/maquina-de-barriles-40-120-keg-h\\\/\",\"url\":\"https:\\\/\\\/www.mfkegtechnik.com\\\/es\\\/maquina-de-barriles-40-120-keg-h\\\/\",\"name\":\"M\u00e1quina para el lavado y llenado de barriles 40 - 120KEG\\\/hora\",\"isPartOf\":{\"@id\":\"https:\\\/\\\/www.mfkegtechnik.com\\\/es\\\/#website\"},\"primaryImageOfPage\":{\"@id\":\"https:\\\/\\\/www.mfkegtechnik.com\\\/es\\\/maquina-de-barriles-40-120-keg-h\\\/#primaryimage\"},\"image\":{\"@id\":\"https:\\\/\\\/www.mfkegtechnik.com\\\/es\\\/maquina-de-barriles-40-120-keg-h\\\/#primaryimage\"},\"thumbnailUrl\":\"http:\\\/\\\/www.mfkegtechnik.com\\\/wp-content\\\/uploads\\\/2019\\\/06\\\/MINOMAT-A-53-gut-1024x683.jpg\",\"datePublished\":\"2019-06-12T06:39:34+00:00\",\"dateModified\":\"2019-08-19T06:31:05+00:00\",\"description\":\"KEG Machines 40-120 KEG\\\/h are complete fully automatised KEG plants for internal cleaning and filling of KEG. Find out more !\",\"breadcrumb\":{\"@id\":\"https:\\\/\\\/www.mfkegtechnik.com\\\/es\\\/maquina-de-barriles-40-120-keg-h\\\/#breadcrumb\"},\"inLanguage\":\"es\",\"potentialAction\":[{\"@type\":\"ReadAction\",\"target\":[\"https:\\\/\\\/www.mfkegtechnik.com\\\/es\\\/maquina-de-barriles-40-120-keg-h\\\/\"]}]},{\"@type\":\"ImageObject\",\"inLanguage\":\"es\",\"@id\":\"https:\\\/\\\/www.mfkegtechnik.com\\\/es\\\/maquina-de-barriles-40-120-keg-h\\\/#primaryimage\",\"url\":\"http:\\\/\\\/www.mfkegtechnik.com\\\/wp-content\\\/uploads\\\/2019\\\/06\\\/MINOMAT-A-53-gut-1024x683.jpg\",\"contentUrl\":\"http:\\\/\\\/www.mfkegtechnik.com\\\/wp-content\\\/uploads\\\/2019\\\/06\\\/MINOMAT-A-53-gut-1024x683.jpg\"},{\"@type\":\"BreadcrumbList\",\"@id\":\"https:\\\/\\\/www.mfkegtechnik.com\\\/es\\\/maquina-de-barriles-40-120-keg-h\\\/#breadcrumb\",\"itemListElement\":[{\"@type\":\"ListItem\",\"position\":1,\"name\":\"Accueil\",\"item\":\"https:\\\/\\\/www.mfkegtechnik.com\\\/es\\\/\"},{\"@type\":\"ListItem\",\"position\":2,\"name\":\"M\u00e1quina para el lavado y llenado de barriles 40-120KEG\\\/hora\"}]},{\"@type\":\"WebSite\",\"@id\":\"https:\\\/\\\/www.mfkegtechnik.com\\\/es\\\/#website\",\"url\":\"https:\\\/\\\/www.mfkegtechnik.com\\\/es\\\/\",\"name\":\"m+f KEG-Technik GmbH &amp; Co. KG\",\"description\":\"We keep your KEGs clean !\",\"potentialAction\":[{\"@type\":\"SearchAction\",\"target\":{\"@type\":\"EntryPoint\",\"urlTemplate\":\"https:\\\/\\\/www.mfkegtechnik.com\\\/es\\\/?s={search_term_string}\"},\"query-input\":{\"@type\":\"PropertyValueSpecification\",\"valueRequired\":true,\"valueName\":\"search_term_string\"}}],\"inLanguage\":\"es\"}]}<\/script>\n<!-- \/ Yoast SEO plugin. -->","yoast_head_json":{"title":"M\u00e1quina para el lavado y llenado de barriles 40 - 120KEG\/hora","description":"KEG Machines 40-120 KEG\/h are complete fully automatised KEG plants for internal cleaning and filling of KEG. Find out more !","robots":{"index":"index","follow":"follow","max-snippet":"max-snippet:-1","max-image-preview":"max-image-preview:large","max-video-preview":"max-video-preview:-1"},"canonical":"https:\/\/www.mfkegtechnik.com\/es\/maquina-de-barriles-40-120-keg-h\/","og_locale":"es_ES","og_type":"article","og_title":"M\u00e1quina para el lavado y llenado de barriles 40 - 120KEG\/hora","og_description":"KEG Machines 40-120 KEG\/h are complete fully automatised KEG plants for internal cleaning and filling of KEG. Find out more !","og_url":"https:\/\/www.mfkegtechnik.com\/es\/maquina-de-barriles-40-120-keg-h\/","og_site_name":"m+f KEG-Technik GmbH &amp; Co. KG","article_modified_time":"2019-08-19T06:31:05+00:00","og_image":[{"url":"http:\/\/www.mfkegtechnik.com\/wp-content\/uploads\/2019\/06\/MINOMAT-A-53-gut-1024x683.jpg","type":"","width":"","height":""}],"twitter_card":"summary_large_image","twitter_misc":{"Tiempo de lectura":"2 minutos"},"schema":{"@context":"https:\/\/schema.org","@graph":[{"@type":"WebPage","@id":"https:\/\/www.mfkegtechnik.com\/es\/maquina-de-barriles-40-120-keg-h\/","url":"https:\/\/www.mfkegtechnik.com\/es\/maquina-de-barriles-40-120-keg-h\/","name":"M\u00e1quina para el lavado y llenado de barriles 40 - 120KEG\/hora","isPartOf":{"@id":"https:\/\/www.mfkegtechnik.com\/es\/#website"},"primaryImageOfPage":{"@id":"https:\/\/www.mfkegtechnik.com\/es\/maquina-de-barriles-40-120-keg-h\/#primaryimage"},"image":{"@id":"https:\/\/www.mfkegtechnik.com\/es\/maquina-de-barriles-40-120-keg-h\/#primaryimage"},"thumbnailUrl":"http:\/\/www.mfkegtechnik.com\/wp-content\/uploads\/2019\/06\/MINOMAT-A-53-gut-1024x683.jpg","datePublished":"2019-06-12T06:39:34+00:00","dateModified":"2019-08-19T06:31:05+00:00","description":"KEG Machines 40-120 KEG\/h are complete fully automatised KEG plants for internal cleaning and filling of KEG. Find out more !","breadcrumb":{"@id":"https:\/\/www.mfkegtechnik.com\/es\/maquina-de-barriles-40-120-keg-h\/#breadcrumb"},"inLanguage":"es","potentialAction":[{"@type":"ReadAction","target":["https:\/\/www.mfkegtechnik.com\/es\/maquina-de-barriles-40-120-keg-h\/"]}]},{"@type":"ImageObject","inLanguage":"es","@id":"https:\/\/www.mfkegtechnik.com\/es\/maquina-de-barriles-40-120-keg-h\/#primaryimage","url":"http:\/\/www.mfkegtechnik.com\/wp-content\/uploads\/2019\/06\/MINOMAT-A-53-gut-1024x683.jpg","contentUrl":"http:\/\/www.mfkegtechnik.com\/wp-content\/uploads\/2019\/06\/MINOMAT-A-53-gut-1024x683.jpg"},{"@type":"BreadcrumbList","@id":"https:\/\/www.mfkegtechnik.com\/es\/maquina-de-barriles-40-120-keg-h\/#breadcrumb","itemListElement":[{"@type":"ListItem","position":1,"name":"Accueil","item":"https:\/\/www.mfkegtechnik.com\/es\/"},{"@type":"ListItem","position":2,"name":"M\u00e1quina para el lavado y llenado de barriles 40-120KEG\/hora"}]},{"@type":"WebSite","@id":"https:\/\/www.mfkegtechnik.com\/es\/#website","url":"https:\/\/www.mfkegtechnik.com\/es\/","name":"m+f KEG-Technik GmbH &amp; Co. KG","description":"We keep your KEGs clean !","potentialAction":[{"@type":"SearchAction","target":{"@type":"EntryPoint","urlTemplate":"https:\/\/www.mfkegtechnik.com\/es\/?s={search_term_string}"},"query-input":{"@type":"PropertyValueSpecification","valueRequired":true,"valueName":"search_term_string"}}],"inLanguage":"es"}]}},"_links":{"self":[{"href":"https:\/\/www.mfkegtechnik.com\/es\/wp-json\/wp\/v2\/pages\/4309","targetHints":{"allow":["GET"]}}],"collection":[{"href":"https:\/\/www.mfkegtechnik.com\/es\/wp-json\/wp\/v2\/pages"}],"about":[{"href":"https:\/\/www.mfkegtechnik.com\/es\/wp-json\/wp\/v2\/types\/page"}],"author":[{"embeddable":true,"href":"https:\/\/www.mfkegtechnik.com\/es\/wp-json\/wp\/v2\/users\/2"}],"replies":[{"embeddable":true,"href":"https:\/\/www.mfkegtechnik.com\/es\/wp-json\/wp\/v2\/comments?post=4309"}],"version-history":[{"count":0,"href":"https:\/\/www.mfkegtechnik.com\/es\/wp-json\/wp\/v2\/pages\/4309\/revisions"}],"wp:attachment":[{"href":"https:\/\/www.mfkegtechnik.com\/es\/wp-json\/wp\/v2\/media?parent=4309"}],"curies":[{"name":"wp","href":"https:\/\/api.w.org\/{rel}","templated":true}]}}