{"id":4311,"date":"2019-06-12T07:39:01","date_gmt":"2019-06-12T06:39:01","guid":{"rendered":"http:\/\/www.mfkegtechnik.com\/keg-filling-one-way\/"},"modified":"2025-08-25T11:00:27","modified_gmt":"2025-08-25T10:00:27","slug":"llenado-de-barriles-desechables","status":"publish","type":"page","link":"https:\/\/www.mfkegtechnik.com\/es\/llenado-de-barriles-desechables\/","title":{"rendered":"M\u00e1quina de llenado de barriles desechables"},"content":{"rendered":"<div id=\"pl-4311\"  class=\"panel-layout\" ><div id=\"pg-4311-0\"  class=\"panel-grid panel-no-style\" ><div id=\"pgc-4311-0-0\"  class=\"panel-grid-cell\" ><div id=\"panel-4311-0-0-0\" class=\"so-panel widget widget_sow-headline panel-first-child panel-last-child\" data-index=\"0\" ><div\n\t\t\t\n\t\t\tclass=\"so-widget-sow-headline so-widget-sow-headline-default-7d6c0c62a896-4311\"\n\t\t\t\n\t\t><div class=\"sow-headline-container \">\n\t\t\t\t\t\t\t<h1 class=\"sow-headline\">\n\t\t\t\t\t\tM\u00e1quina de llenado de barriles desechables\t\t\t\t\t\t<\/h1>\n\t\t\t\t\t\t\t\t\t\t\t<div class=\"decoration\">\n\t\t\t\t\t\t<div class=\"decoration-inside\"><\/div>\n\t\t\t\t\t<\/div>\n\t\t\t\t\t<\/div>\n<\/div><\/div><\/div><\/div><div id=\"pg-4311-1\"  class=\"panel-grid panel-no-style\" ><div id=\"pgc-4311-1-0\"  class=\"panel-grid-cell\" ><div id=\"panel-4311-1-0-0\" class=\"so-panel widget widget_sow-editor panel-first-child panel-last-child\" data-index=\"1\" ><div\n\t\t\t\n\t\t\tclass=\"so-widget-sow-editor so-widget-sow-editor-base\"\n\t\t\t\n\t\t>\n<div class=\"siteorigin-widget-tinymce textwidget\">\n\t<h4><span style=\"color: #000000;\">Cualquiera que sea la marca de sus barriles, tenemos lo que necesita. Nuestra m\u00e1quina MICROMAT es perfecta para los barriles Dolium, PetainerKeg, WorldKeg, PolyKeg y KeyKeg. Para los barriles KeyKeg, tambi\u00e9n tenemos la m\u00e1quina <a href=\"http:\/\/www.mfkegtechnik.com\/es\/ecomat-c\/\">ECOMAT C<\/a>.<\/span><\/h4>\n<h4><span style=\"color: #000000;\">Una de nuestras \u00faltimas soluciones es el <em>Top Hygienic Combihead<\/em> que permite llenar en la misma m\u00e1quina las bolsas y los barriles. Si desea saber m\u00e1s, no dude en <a href=\"http:\/\/www.mfkegtechnik.com\/es\/contacto\/\">contactarnos<\/a>.<\/span><\/h4>\n<\/div>\n<\/div><\/div><\/div><\/div><div id=\"pg-4311-2\"  class=\"panel-grid panel-no-style\" ><div id=\"pgc-4311-2-0\"  class=\"panel-grid-cell\" ><div id=\"panel-4311-2-0-0\" class=\"so-panel widget widget_sow-image panel-first-child\" data-index=\"2\" ><div\n\t\t\t\n\t\t\tclass=\"so-widget-sow-image so-widget-sow-image-default-c67d20f9f743-4311\"\n\t\t\t\n\t\t>\n<div class=\"sow-image-container\">\n\t\t<img \n\tsrc=\"https:\/\/www.mfkegtechnik.com\/wp-content\/uploads\/2019\/07\/MICROMAT_1-1-194x300.jpg\" width=\"194\" height=\"300\" srcset=\"https:\/\/www.mfkegtechnik.com\/wp-content\/uploads\/2019\/07\/MICROMAT_1-1-194x300.jpg 194w, https:\/\/www.mfkegtechnik.com\/wp-content\/uploads\/2019\/07\/MICROMAT_1-1-768x1188.jpg 768w, https:\/\/www.mfkegtechnik.com\/wp-content\/uploads\/2019\/07\/MICROMAT_1-1-662x1024.jpg 662w, https:\/\/www.mfkegtechnik.com\/wp-content\/uploads\/2019\/07\/MICROMAT_1-1-940x1454.jpg 940w, https:\/\/www.mfkegtechnik.com\/wp-content\/uploads\/2019\/07\/MICROMAT_1-1.jpg 1527w\" sizes=\"(max-width: 194px) 100vw, 194px\" alt=\"Micromat\" \t\tclass=\"so-widget-image\"\/>\n\t<\/div>\n\n<\/div><\/div><div id=\"panel-4311-2-0-1\" class=\"so-panel widget widget_sow-image\" data-index=\"3\" ><div\n\t\t\t\n\t\t\tclass=\"so-widget-sow-image so-widget-sow-image-default-c67d20f9f743-4311\"\n\t\t\t\n\t\t>\n<div class=\"sow-image-container\">\n\t\t<img \n\tsrc=\"https:\/\/www.mfkegtechnik.com\/wp-content\/uploads\/2017\/01\/MICROMAT_1-1-F-PETainer-30l-189x300.jpg\" width=\"189\" height=\"300\" srcset=\"https:\/\/www.mfkegtechnik.com\/wp-content\/uploads\/2017\/01\/MICROMAT_1-1-F-PETainer-30l-189x300.jpg 189w, https:\/\/www.mfkegtechnik.com\/wp-content\/uploads\/2017\/01\/MICROMAT_1-1-F-PETainer-30l-768x1217.jpg 768w, https:\/\/www.mfkegtechnik.com\/wp-content\/uploads\/2017\/01\/MICROMAT_1-1-F-PETainer-30l-646x1024.jpg 646w, https:\/\/www.mfkegtechnik.com\/wp-content\/uploads\/2017\/01\/MICROMAT_1-1-F-PETainer-30l-940x1490.jpg 940w\" sizes=\"(max-width: 189px) 100vw, 189px\" title=\"MICROMAT_1-1 F PETainer 30l\" alt=\"Micromat\" \t\tclass=\"so-widget-image\"\/>\n\t<\/div>\n\n<\/div><\/div><div id=\"panel-4311-2-0-2\" class=\"so-panel widget widget_sow-image\" data-index=\"4\" ><div\n\t\t\t\n\t\t\tclass=\"so-widget-sow-image so-widget-sow-image-default-c67d20f9f743-4311\"\n\t\t\t\n\t\t>\n<div class=\"sow-image-container\">\n\t\t<img \n\tsrc=\"https:\/\/www.mfkegtechnik.com\/wp-content\/uploads\/2017\/01\/MICROMAT_1-1-F-KeyKeg-Slimline-20l-188x300.jpg\" width=\"188\" height=\"300\" srcset=\"https:\/\/www.mfkegtechnik.com\/wp-content\/uploads\/2017\/01\/MICROMAT_1-1-F-KeyKeg-Slimline-20l-188x300.jpg 188w, https:\/\/www.mfkegtechnik.com\/wp-content\/uploads\/2017\/01\/MICROMAT_1-1-F-KeyKeg-Slimline-20l-768x1227.jpg 768w, https:\/\/www.mfkegtechnik.com\/wp-content\/uploads\/2017\/01\/MICROMAT_1-1-F-KeyKeg-Slimline-20l-641x1024.jpg 641w, https:\/\/www.mfkegtechnik.com\/wp-content\/uploads\/2017\/01\/MICROMAT_1-1-F-KeyKeg-Slimline-20l-940x1502.jpg 940w\" sizes=\"(max-width: 188px) 100vw, 188px\" title=\"MICROMAT_1-1 F KeyKeg Slimline 20l\" alt=\"Micromat\" \t\tclass=\"so-widget-image\"\/>\n\t<\/div>\n\n<\/div><\/div><div id=\"panel-4311-2-0-3\" class=\"so-panel widget widget_sow-image panel-last-child\" data-index=\"5\" ><div\n\t\t\t\n\t\t\tclass=\"so-widget-sow-image so-widget-sow-image-default-c67d20f9f743-4311\"\n\t\t\t\n\t\t>\n<div class=\"sow-image-container\">\n\t\t<img \n\tsrc=\"https:\/\/www.mfkegtechnik.com\/wp-content\/uploads\/2017\/01\/MICROMAT_1-1-F-Dolium-20l-190x300.jpg\" width=\"190\" height=\"300\" srcset=\"https:\/\/www.mfkegtechnik.com\/wp-content\/uploads\/2017\/01\/MICROMAT_1-1-F-Dolium-20l-190x300.jpg 190w, https:\/\/www.mfkegtechnik.com\/wp-content\/uploads\/2017\/01\/MICROMAT_1-1-F-Dolium-20l-768x1213.jpg 768w, https:\/\/www.mfkegtechnik.com\/wp-content\/uploads\/2017\/01\/MICROMAT_1-1-F-Dolium-20l-648x1024.jpg 648w, https:\/\/www.mfkegtechnik.com\/wp-content\/uploads\/2017\/01\/MICROMAT_1-1-F-Dolium-20l-940x1485.jpg 940w\" sizes=\"(max-width: 190px) 100vw, 190px\" title=\"MICROMAT_1-1 F Dolium 20l\" alt=\"Micromat\" \t\tclass=\"so-widget-image\"\/>\n\t<\/div>\n\n<\/div><\/div><\/div><div id=\"pgc-4311-2-1\"  class=\"panel-grid-cell\" ><div id=\"panel-4311-2-1-0\" class=\"so-panel widget widget_sow-editor panel-first-child panel-last-child\" data-index=\"6\" ><div\n\t\t\t\n\t\t\tclass=\"so-widget-sow-editor so-widget-sow-editor-base\"\n\t\t\t\n\t\t>\n<div class=\"siteorigin-widget-tinymce textwidget\">\n\t<table width=\"671\">\n<tbody>\n<tr>\n<td width=\"444\">\n<h2><\/h2>\n<h2 style=\"padding-left: 40px;\"><strong><a href=\"http:\/\/keykeg.com\/\"><span style=\"color: #000000;\">Llenado de barriles KeyKeg<\/span><\/a><a href=\"https:\/\/www.mfkegtechnik.com\/wp-content\/uploads\/2021\/03\/KeyKeg_Logo.jpg\"><img loading=\"lazy\" decoding=\"async\" class=\"alignright\" src=\"https:\/\/www.mfkegtechnik.com\/wp-content\/uploads\/2021\/03\/KeyKeg_Logo.jpg\" alt=\"\" width=\"179\" height=\"113\" \/><\/a><\/strong><\/h2>\n<h4><span style=\"color: #ff9900;\"><strong>Cadencia \u00fatil <\/strong><strong>: 50-60 KeyKeg\/hora<\/strong><\/span><\/h4>\n<p><strong>\u00a0<\/strong><\/p>\n<h4><em>Llenado r\u00e1pido, limpio y seguro de sus barriles KeyKeg<\/em><span style=\"color: #000000;\"><em>.<\/em><\/span><\/h4>\n<p style=\"text-align: right;\"><span style=\"font-size: 14pt;\"><a href=\"http:\/\/www.mfkegtechnik.com\/wp-content\/uploads\/2017\/01\/MICROMAT-M-11-F-KeyKeg.pdf\"><strong>(PDF)<\/strong><\/a><\/span><\/p>\n<\/td>\n<\/tr>\n<tr>\n<td width=\"444\">\n<h2><\/h2>\n<h2 style=\"padding-left: 40px;\"><strong><span style=\"color: #000000;\"><a style=\"color: #000000;\" href=\"http:\/\/dolium.eu\/\"> Llenado de barriles Dolium <\/a><\/span><a href=\"http:\/\/www.mfkegtechnik.com\/wp-content\/uploads\/2017\/01\/Logo-Dolium.png\"><img loading=\"lazy\" decoding=\"async\" class=\"alignright wp-image-239\" title=\"Dolium\" src=\"http:\/\/www.mfkegtechnik.com\/wp-content\/uploads\/2017\/01\/Logo-Dolium.png\" alt=\"dolium\" width=\"179\" height=\"66\" \/><\/a><\/strong><\/h2>\n<h4><span style=\"color: #ff9900;\"><strong>Cadencia \u00fatil <\/strong><strong>: 40-45 Dolium Keg\/h<\/strong><\/span><\/h4>\n<p>&nbsp;<\/p>\n<h4><em>Diferentes cabezales de llenado est\u00e1n disponibles<\/em><span style=\"color: #000000;\"><em>.<\/em><\/span><\/h4>\n<p style=\"text-align: right;\"><span style=\"font-size: 14pt;\"><strong>\u00a0<a href=\"http:\/\/www.mfkegtechnik.com\/wp-content\/uploads\/2017\/01\/MICROMAT-M-11-F-Dolium.pdf\">(PDF)<\/a><\/strong><\/span><\/p>\n<\/td>\n<\/tr>\n<tr>\n<td width=\"444\">\n<h2><\/h2>\n<h2 style=\"padding-left: 40px;\"><span style=\"color: #000000;\"><a style=\"color: #000000;\" href=\"http:\/\/petainer.com\/\"><strong>Llenado de barriles <\/strong><\/a><\/span><strong><span style=\"color: #000000;\">PetainerKeg<\/span><a href=\"http:\/\/www.mfkegtechnik.com\/wp-content\/uploads\/2017\/01\/Logo-Petainer.png\"><img loading=\"lazy\" decoding=\"async\" class=\"alignright wp-image-243\" title=\"PetainerKeg\" src=\"http:\/\/www.mfkegtechnik.com\/wp-content\/uploads\/2017\/01\/Logo-Petainer.png\" alt=\"petainerkeg\" width=\"182\" height=\"96\" \/><\/a><\/strong><\/h2>\n<h4><span style=\"color: #ff9900;\"><strong>Cadencia \u00fatil <\/strong><strong>: 40-50 Petainer Keg\/h<\/strong><\/span><\/h4>\n<p style=\"text-align: left;\"><strong>\u00a0<\/strong><\/p>\n<p>&nbsp;<\/p>\n<h4><em>Diferentes cabezales de llenado est\u00e1n disponibles<\/em><span style=\"color: #000000;\"><em>.<\/em><\/span><\/h4>\n<p style=\"text-align: right;\"><span style=\"font-size: 14pt;\"><a href=\"http:\/\/www.mfkegtechnik.com\/wp-content\/uploads\/2017\/01\/MICROMAT-M-11-F-Dolium.pdf\"><strong>(PDF)<\/strong><\/a><\/span><\/p>\n<\/td>\n<\/tr>\n<tr>\n<td width=\"444\">\n<h2><\/h2>\n<h2 style=\"padding-left: 40px;\"><span style=\"color: #000000;\"><a style=\"color: #000000;\" href=\"http:\/\/polykeg.com\/\"><strong>\u00a0<\/strong><\/a><\/span><strong><span style=\"color: #000000;\">Llenado de barriles PolyKeg <\/span><a href=\"http:\/\/www.mfkegtechnik.com\/wp-content\/uploads\/2017\/01\/Logo-plykeg.jpg\"><img loading=\"lazy\" decoding=\"async\" class=\"alignright wp-image-244\" title=\"PolyKeg\" src=\"http:\/\/www.mfkegtechnik.com\/wp-content\/uploads\/2017\/01\/Logo-plykeg.jpg\" alt=\"polykeg\" width=\"176\" height=\"97\" \/><\/a><\/strong><\/h2>\n<h4><span style=\"color: #ff9900;\"><strong>Cadencia \u00fatil <\/strong><strong>: 50-60 PolyKeg\/h<\/strong><\/span><\/h4>\n<p><strong>\u00a0<\/strong><\/p>\n<h4><em>Llenado r\u00e1pido, limpio y seguro de sus barriles PolyKeg<\/em><span style=\"color: #000000;\"><em>.<\/em><\/span><\/h4>\n<p style=\"text-align: right;\"><span style=\"font-size: 14pt;\"><a href=\"http:\/\/www.mfkegtechnik.com\/wp-content\/uploads\/2017\/01\/Prospekt-Polykeg.jpg\"><strong>(PDF)<\/strong><\/a><\/span><\/p>\n<\/td>\n<\/tr>\n<tr>\n<td width=\"444\"><\/td>\n<\/tr>\n<\/tbody>\n<\/table>\n<\/div>\n<\/div><\/div><\/div><\/div><div id=\"pg-4311-3\"  class=\"panel-grid panel-no-style\" ><div id=\"pgc-4311-3-0\"  class=\"panel-grid-cell\" ><div id=\"panel-4311-3-0-0\" class=\"so-panel widget widget_sow-image panel-first-child panel-last-child\" data-index=\"7\" ><div\n\t\t\t\n\t\t\tclass=\"so-widget-sow-image so-widget-sow-image-default-c67d20f9f743-4311\"\n\t\t\t\n\t\t>\n<div class=\"sow-image-container\">\n\t\t<img \n\tsrc=\"https:\/\/www.mfkegtechnik.com\/wp-content\/uploads\/2017\/01\/Speartypes-420x210.png\" width=\"420\" height=\"210\" srcset=\"https:\/\/www.mfkegtechnik.com\/wp-content\/uploads\/2017\/01\/Speartypes-420x210.png 420w, https:\/\/www.mfkegtechnik.com\/wp-content\/uploads\/2017\/01\/Speartypes-460x230.png 460w\" sizes=\"(max-width: 420px) 100vw, 420px\" title=\"Cabezales de llenado\" alt=\"Spear Types\" \t\tclass=\"so-widget-image\"\/>\n\t<\/div>\n\n<\/div><\/div><\/div><div id=\"pgc-4311-3-1\"  class=\"panel-grid-cell\" ><div id=\"panel-4311-3-1-0\" class=\"so-panel widget widget_sow-headline panel-first-child\" data-index=\"8\" ><div\n\t\t\t\n\t\t\tclass=\"so-widget-sow-headline so-widget-sow-headline-default-f16591bb046e-4311\"\n\t\t\t\n\t\t><div class=\"sow-headline-container \">\n\t\t\t\t\t\t\t<h1 class=\"sow-headline\">\n\t\t\t\t\t\tDATOS T\u00c9CNICOS\t\t\t\t\t\t<\/h1>\n\t\t\t\t\t\t\t\t\t\t\t<div class=\"decoration\">\n\t\t\t\t\t\t<div class=\"decoration-inside\"><\/div>\n\t\t\t\t\t<\/div>\n\t\t\t\t\t<\/div>\n<\/div><\/div><div id=\"panel-4311-3-1-1\" class=\"so-panel widget widget_sow-editor\" data-index=\"9\" ><div\n\t\t\t\n\t\t\tclass=\"so-widget-sow-editor so-widget-sow-editor-base\"\n\t\t\t\n\t\t>\n<div class=\"siteorigin-widget-tinymce textwidget\">\n\t<h4><span style=\"color: #000000;\"><strong>Dimensiones:<\/strong> \u00a0 \u00a0 <strong> Profondidad (T) \u00a0 \u00a0\u00a0 <\/strong>: <strong>1.300<\/strong> mm<\/span><\/h4>\n<h4><span style=\"color: #000000;\">\u00a0 \u00a0 \u00a0 \u00a0 \u00a0 \u00a0 \u00a0 \u00a0 \u00a0 \u00a0 \u00a0 \u00a0 \u00a0 \u00a0 \u00a0\u00a0 <strong>Anchura\u00a0 (B) <\/strong>\u00a0 \u00a0 \u00a0 \u00a0 \u00a0\u00a0 : <strong>800<\/strong> mm<\/span><\/h4>\n<h4><span style=\"color: #000000;\">\u00a0 \u00a0 \u00a0 \u00a0 \u00a0 \u00a0 \u00a0 \u00a0 \u00a0 \u00a0 \u00a0 \u00a0 \u00a0 \u00a0 \u00a0\u00a0 <strong>Altura (H)<\/strong> \u00a0 \u00a0 \u00a0 \u00a0 \u00a0 \u00a0 \u00a0 \u00a0 : <strong>2.200<\/strong> mm +\/- <strong>50<\/strong><\/span><\/h4>\n<h4><\/h4>\n<h4><span style=\"color: #000000;\"><strong>Voltaje:<\/strong><strong>230\/400<\/strong>V, <strong>50<\/strong>Hz <\/span><span style=\"color: #ffffff;\">llenado de barriles desechables<\/span><\/h4>\n<h4><span style=\"color: #000000;\"><strong>Potencia de conexi\u00f3n<\/strong><strong>: 1<\/strong>kW<\/span><\/h4>\n<\/div>\n<\/div><\/div><div id=\"panel-4311-3-1-2\" class=\"so-panel widget widget_sow-headline\" data-index=\"10\" ><div\n\t\t\t\n\t\t\tclass=\"so-widget-sow-headline so-widget-sow-headline-default-f16591bb046e-4311\"\n\t\t\t\n\t\t><div class=\"sow-headline-container \">\n\t\t\t\t\t\t\t<h1 class=\"sow-headline\">\n\t\t\t\t\t\tBENEFICIOS\t\t\t\t\t\t<\/h1>\n\t\t\t\t\t\t\t\t\t\t\t<div class=\"decoration\">\n\t\t\t\t\t\t<div class=\"decoration-inside\"><\/div>\n\t\t\t\t\t<\/div>\n\t\t\t\t\t<\/div>\n<\/div><\/div><div id=\"panel-4311-3-1-3\" class=\"so-panel widget widget_sow-editor\" data-index=\"11\" ><div\n\t\t\t\n\t\t\tclass=\"so-widget-sow-editor so-widget-sow-editor-base\"\n\t\t\t\n\t\t>\n<div class=\"siteorigin-widget-tinymce textwidget\">\n\t<h4><span style=\"color: #000000; font-size: 12pt;\">Nos aseguramos que el proceso de llenado est\u00e9 optimizado y limpio.<\/span><\/h4>\n<h4><span style=\"color: #000000; font-size: 12pt;\">Con m\u00e1s de 200 m\u00e1quinas vendidas para llenar barriles KeyKeg, hemos adquirido una gran experiencia y muchas referencias.<\/span><\/h4>\n<h4><span style=\"color: #000000; font-size: 12pt;\">El uso de nuestras m\u00e1quinas tiene muchas ventajas, aqu\u00ed hay algunas de ellas:<\/span><\/h4>\n<h4><span style=\"color: #000000; font-size: 12pt;\">\u00a0 \u00a0 \u00a0 \u00a0 Acero inoxidable<\/span><\/h4>\n<h4><span style=\"color: #000000; font-size: 12pt;\">\u00a0 \u00a0 \u00a0 \u00a0 Cambio r\u00e1pido de barril<\/span><\/h4>\n<h4><span style=\"color: #000000; font-size: 12pt;\">\u00a0 \u00a0 \u00a0 \u00a0 Seguro<\/span><\/h4>\n<h4><span style=\"color: #000000; font-size: 12pt;\">\u00a0 \u00a0 \u00a0 \u00a0 F\u00e1cil utilizaci\u00f3n<\/span><\/h4>\n<h4><span style=\"color: #000000; font-size: 12pt;\">\u00a0 \u00a0 \u00a0 \u00a0 El proceso de llenado se efect\u00faa autom\u00e1ticamente<\/span> <span style=\"color: #ffffff;\">llenado de barriles desechables<\/span><\/h4>\n<\/div>\n<\/div><\/div><div id=\"panel-4311-3-1-4\" class=\"so-panel widget widget_sow-button panel-last-child\" data-index=\"12\" ><div\n\t\t\t\n\t\t\tclass=\"so-widget-sow-button so-widget-sow-button-atom-45a38d61cbbe-4311\"\n\t\t\t\n\t\t><div class=\"ow-button-base ow-button-align-center\"\n>\n\t\t\t<a\n\t\t\t\t\thref=\"https:\/\/www.mfkegtechnik.com\/es\/contacto\/\"\n\t\t\t\t\tclass=\"sowb-button ow-icon-placement-left ow-button-hover\" \t>\n\t\t<span>\n\t\t\t\n\t\t\tContacto con nosotros\t\t<\/span>\n\t\t\t<\/a>\n\t<\/div>\n<\/div><\/div><\/div><\/div><\/div>","protected":false},"excerpt":{"rendered":"<p>Cualquiera que sea la marca de sus barriles, tenemos lo que necesita. Nuestra m\u00e1quina MICROMAT es perfecta para los barriles Dolium, PetainerKeg, WorldKeg, PolyKeg y KeyKeg. Para los barriles KeyKeg, tambi\u00e9n tenemos la m\u00e1quina ECOMAT C. Una de nuestras \u00faltimas soluciones es el Top Hygienic Combihead que permite llenar en la misma m\u00e1quina las bolsas y los barriles. Si desea saber m\u00e1s, no dude en contactarnos.<\/p>\n","protected":false},"author":2,"featured_media":0,"parent":0,"menu_order":0,"comment_status":"closed","ping_status":"closed","template":"","meta":{"footnotes":""},"class_list":["post-4311","page","type-page","status-publish","hentry"],"yoast_head":"<!-- This site is optimized with the Yoast SEO plugin v27.3 - https:\/\/yoast.com\/product\/yoast-seo-wordpress\/ -->\n<title>Llenado de barriles desechables - m+f KEG-Technik GmbH &amp; Co. KG<\/title>\n<meta name=\"description\" content=\"Cualquiera que sea la marca de sus barriles, tenemos lo que necesita. Nuestra m\u00e1quina MICROMAT es perfecta para llenado de barriles desechables.\" \/>\n<meta name=\"robots\" content=\"index, follow, max-snippet:-1, max-image-preview:large, max-video-preview:-1\" \/>\n<link rel=\"canonical\" href=\"https:\/\/www.mfkegtechnik.com\/es\/llenado-de-barriles-desechables\/\" \/>\n<meta property=\"og:locale\" content=\"es_ES\" \/>\n<meta property=\"og:type\" content=\"article\" \/>\n<meta property=\"og:title\" content=\"Llenado de barriles desechables - m+f KEG-Technik GmbH &amp; Co. KG\" \/>\n<meta property=\"og:description\" content=\"Cualquiera que sea la marca de sus barriles, tenemos lo que necesita. Nuestra m\u00e1quina MICROMAT es perfecta para llenado de barriles desechables.\" \/>\n<meta property=\"og:url\" content=\"https:\/\/www.mfkegtechnik.com\/es\/llenado-de-barriles-desechables\/\" \/>\n<meta property=\"og:site_name\" content=\"m+f KEG-Technik GmbH &amp; Co. KG\" \/>\n<meta property=\"article:modified_time\" content=\"2025-08-25T10:00:27+00:00\" \/>\n<meta property=\"og:image\" content=\"https:\/\/www.mfkegtechnik.com\/wp-content\/uploads\/2021\/03\/KeyKeg_Logo.jpg\" \/>\n<meta name=\"twitter:card\" content=\"summary_large_image\" \/>\n<meta name=\"twitter:label1\" content=\"Tiempo de lectura\" \/>\n\t<meta name=\"twitter:data1\" content=\"4 minutos\" \/>\n<script type=\"application\/ld+json\" class=\"yoast-schema-graph\">{\"@context\":\"https:\\\/\\\/schema.org\",\"@graph\":[{\"@type\":\"WebPage\",\"@id\":\"https:\\\/\\\/www.mfkegtechnik.com\\\/es\\\/llenado-de-barriles-desechables\\\/\",\"url\":\"https:\\\/\\\/www.mfkegtechnik.com\\\/es\\\/llenado-de-barriles-desechables\\\/\",\"name\":\"Llenado de barriles desechables - m+f KEG-Technik GmbH &amp; Co. KG\",\"isPartOf\":{\"@id\":\"https:\\\/\\\/www.mfkegtechnik.com\\\/es\\\/#website\"},\"primaryImageOfPage\":{\"@id\":\"https:\\\/\\\/www.mfkegtechnik.com\\\/es\\\/llenado-de-barriles-desechables\\\/#primaryimage\"},\"image\":{\"@id\":\"https:\\\/\\\/www.mfkegtechnik.com\\\/es\\\/llenado-de-barriles-desechables\\\/#primaryimage\"},\"thumbnailUrl\":\"https:\\\/\\\/www.mfkegtechnik.com\\\/wp-content\\\/uploads\\\/2021\\\/03\\\/KeyKeg_Logo.jpg\",\"datePublished\":\"2019-06-12T06:39:01+00:00\",\"dateModified\":\"2025-08-25T10:00:27+00:00\",\"description\":\"Cualquiera que sea la marca de sus barriles, tenemos lo que necesita. Nuestra m\u00e1quina MICROMAT es perfecta para llenado de barriles desechables.\",\"breadcrumb\":{\"@id\":\"https:\\\/\\\/www.mfkegtechnik.com\\\/es\\\/llenado-de-barriles-desechables\\\/#breadcrumb\"},\"inLanguage\":\"es\",\"potentialAction\":[{\"@type\":\"ReadAction\",\"target\":[\"https:\\\/\\\/www.mfkegtechnik.com\\\/es\\\/llenado-de-barriles-desechables\\\/\"]}]},{\"@type\":\"ImageObject\",\"inLanguage\":\"es\",\"@id\":\"https:\\\/\\\/www.mfkegtechnik.com\\\/es\\\/llenado-de-barriles-desechables\\\/#primaryimage\",\"url\":\"https:\\\/\\\/www.mfkegtechnik.com\\\/wp-content\\\/uploads\\\/2021\\\/03\\\/KeyKeg_Logo.jpg\",\"contentUrl\":\"https:\\\/\\\/www.mfkegtechnik.com\\\/wp-content\\\/uploads\\\/2021\\\/03\\\/KeyKeg_Logo.jpg\"},{\"@type\":\"BreadcrumbList\",\"@id\":\"https:\\\/\\\/www.mfkegtechnik.com\\\/es\\\/llenado-de-barriles-desechables\\\/#breadcrumb\",\"itemListElement\":[{\"@type\":\"ListItem\",\"position\":1,\"name\":\"Accueil\",\"item\":\"https:\\\/\\\/www.mfkegtechnik.com\\\/es\\\/\"},{\"@type\":\"ListItem\",\"position\":2,\"name\":\"M\u00e1quina de llenado de barriles desechables\"}]},{\"@type\":\"WebSite\",\"@id\":\"https:\\\/\\\/www.mfkegtechnik.com\\\/es\\\/#website\",\"url\":\"https:\\\/\\\/www.mfkegtechnik.com\\\/es\\\/\",\"name\":\"m+f KEG-Technik GmbH &amp; Co. KG\",\"description\":\"We keep your KEGs clean !\",\"potentialAction\":[{\"@type\":\"SearchAction\",\"target\":{\"@type\":\"EntryPoint\",\"urlTemplate\":\"https:\\\/\\\/www.mfkegtechnik.com\\\/es\\\/?s={search_term_string}\"},\"query-input\":{\"@type\":\"PropertyValueSpecification\",\"valueRequired\":true,\"valueName\":\"search_term_string\"}}],\"inLanguage\":\"es\"}]}<\/script>\n<!-- \/ Yoast SEO plugin. -->","yoast_head_json":{"title":"Llenado de barriles desechables - m+f KEG-Technik GmbH &amp; Co. KG","description":"Cualquiera que sea la marca de sus barriles, tenemos lo que necesita. Nuestra m\u00e1quina MICROMAT es perfecta para llenado de barriles desechables.","robots":{"index":"index","follow":"follow","max-snippet":"max-snippet:-1","max-image-preview":"max-image-preview:large","max-video-preview":"max-video-preview:-1"},"canonical":"https:\/\/www.mfkegtechnik.com\/es\/llenado-de-barriles-desechables\/","og_locale":"es_ES","og_type":"article","og_title":"Llenado de barriles desechables - m+f KEG-Technik GmbH &amp; Co. KG","og_description":"Cualquiera que sea la marca de sus barriles, tenemos lo que necesita. Nuestra m\u00e1quina MICROMAT es perfecta para llenado de barriles desechables.","og_url":"https:\/\/www.mfkegtechnik.com\/es\/llenado-de-barriles-desechables\/","og_site_name":"m+f KEG-Technik GmbH &amp; Co. KG","article_modified_time":"2025-08-25T10:00:27+00:00","og_image":[{"url":"https:\/\/www.mfkegtechnik.com\/wp-content\/uploads\/2021\/03\/KeyKeg_Logo.jpg","type":"","width":"","height":""}],"twitter_card":"summary_large_image","twitter_misc":{"Tiempo de lectura":"4 minutos"},"schema":{"@context":"https:\/\/schema.org","@graph":[{"@type":"WebPage","@id":"https:\/\/www.mfkegtechnik.com\/es\/llenado-de-barriles-desechables\/","url":"https:\/\/www.mfkegtechnik.com\/es\/llenado-de-barriles-desechables\/","name":"Llenado de barriles desechables - m+f KEG-Technik GmbH &amp; Co. KG","isPartOf":{"@id":"https:\/\/www.mfkegtechnik.com\/es\/#website"},"primaryImageOfPage":{"@id":"https:\/\/www.mfkegtechnik.com\/es\/llenado-de-barriles-desechables\/#primaryimage"},"image":{"@id":"https:\/\/www.mfkegtechnik.com\/es\/llenado-de-barriles-desechables\/#primaryimage"},"thumbnailUrl":"https:\/\/www.mfkegtechnik.com\/wp-content\/uploads\/2021\/03\/KeyKeg_Logo.jpg","datePublished":"2019-06-12T06:39:01+00:00","dateModified":"2025-08-25T10:00:27+00:00","description":"Cualquiera que sea la marca de sus barriles, tenemos lo que necesita. Nuestra m\u00e1quina MICROMAT es perfecta para llenado de barriles desechables.","breadcrumb":{"@id":"https:\/\/www.mfkegtechnik.com\/es\/llenado-de-barriles-desechables\/#breadcrumb"},"inLanguage":"es","potentialAction":[{"@type":"ReadAction","target":["https:\/\/www.mfkegtechnik.com\/es\/llenado-de-barriles-desechables\/"]}]},{"@type":"ImageObject","inLanguage":"es","@id":"https:\/\/www.mfkegtechnik.com\/es\/llenado-de-barriles-desechables\/#primaryimage","url":"https:\/\/www.mfkegtechnik.com\/wp-content\/uploads\/2021\/03\/KeyKeg_Logo.jpg","contentUrl":"https:\/\/www.mfkegtechnik.com\/wp-content\/uploads\/2021\/03\/KeyKeg_Logo.jpg"},{"@type":"BreadcrumbList","@id":"https:\/\/www.mfkegtechnik.com\/es\/llenado-de-barriles-desechables\/#breadcrumb","itemListElement":[{"@type":"ListItem","position":1,"name":"Accueil","item":"https:\/\/www.mfkegtechnik.com\/es\/"},{"@type":"ListItem","position":2,"name":"M\u00e1quina de llenado de barriles desechables"}]},{"@type":"WebSite","@id":"https:\/\/www.mfkegtechnik.com\/es\/#website","url":"https:\/\/www.mfkegtechnik.com\/es\/","name":"m+f KEG-Technik GmbH &amp; Co. KG","description":"We keep your KEGs clean !","potentialAction":[{"@type":"SearchAction","target":{"@type":"EntryPoint","urlTemplate":"https:\/\/www.mfkegtechnik.com\/es\/?s={search_term_string}"},"query-input":{"@type":"PropertyValueSpecification","valueRequired":true,"valueName":"search_term_string"}}],"inLanguage":"es"}]}},"_links":{"self":[{"href":"https:\/\/www.mfkegtechnik.com\/es\/wp-json\/wp\/v2\/pages\/4311","targetHints":{"allow":["GET"]}}],"collection":[{"href":"https:\/\/www.mfkegtechnik.com\/es\/wp-json\/wp\/v2\/pages"}],"about":[{"href":"https:\/\/www.mfkegtechnik.com\/es\/wp-json\/wp\/v2\/types\/page"}],"author":[{"embeddable":true,"href":"https:\/\/www.mfkegtechnik.com\/es\/wp-json\/wp\/v2\/users\/2"}],"replies":[{"embeddable":true,"href":"https:\/\/www.mfkegtechnik.com\/es\/wp-json\/wp\/v2\/comments?post=4311"}],"version-history":[{"count":3,"href":"https:\/\/www.mfkegtechnik.com\/es\/wp-json\/wp\/v2\/pages\/4311\/revisions"}],"predecessor-version":[{"id":16180,"href":"https:\/\/www.mfkegtechnik.com\/es\/wp-json\/wp\/v2\/pages\/4311\/revisions\/16180"}],"wp:attachment":[{"href":"https:\/\/www.mfkegtechnik.com\/es\/wp-json\/wp\/v2\/media?parent=4311"}],"curies":[{"name":"wp","href":"https:\/\/api.w.org\/{rel}","templated":true}]}}