{"id":4312,"date":"2019-06-12T07:38:35","date_gmt":"2019-06-12T06:38:35","guid":{"rendered":"http:\/\/www.mfkegtechnik.com\/keg-external-washer\/"},"modified":"2019-08-08T13:04:18","modified_gmt":"2019-08-08T12:04:18","slug":"limpieza-exterior-del-barril","status":"publish","type":"page","link":"https:\/\/www.mfkegtechnik.com\/es\/limpieza-exterior-del-barril\/","title":{"rendered":"Limpieza exterior del barril"},"content":{"rendered":"<div id=\"pl-4312\"  class=\"panel-layout\" ><div id=\"pg-4312-0\"  class=\"panel-grid panel-no-style\" ><div id=\"pgc-4312-0-0\"  class=\"panel-grid-cell\" ><div id=\"panel-4312-0-0-0\" class=\"so-panel widget widget_sow-headline panel-first-child\" data-index=\"0\" ><div\n\t\t\t\n\t\t\tclass=\"so-widget-sow-headline so-widget-sow-headline-default-09e8b5ce81e0-4312\"\n\t\t\t\n\t\t><div class=\"sow-headline-container \">\n\t\t\t\t\t\t\t<h1 class=\"sow-headline\">\n\t\t\t\t\t\tM\u00e1quina de limpieza exterior del barril\t\t\t\t\t\t<\/h1>\n\t\t\t\t\t\t\t\t\t\t\t<div class=\"decoration\">\n\t\t\t\t\t\t<div class=\"decoration-inside\"><\/div>\n\t\t\t\t\t<\/div>\n\t\t\t\t\t<\/div>\n<\/div><\/div><div id=\"panel-4312-0-0-1\" class=\"so-panel widget widget_sow-editor panel-last-child\" data-index=\"1\" ><div\n\t\t\t\n\t\t\tclass=\"so-widget-sow-editor so-widget-sow-editor-base\"\n\t\t\t\n\t\t>\n<div class=\"siteorigin-widget-tinymce textwidget\">\n\t<\/div>\n<\/div><\/div><\/div><\/div><div id=\"pg-4312-1\"  class=\"panel-grid panel-no-style\" ><div id=\"pgc-4312-1-0\"  class=\"panel-grid-cell\" ><div id=\"panel-4312-1-0-0\" class=\"so-panel widget widget_sow-image panel-first-child\" data-index=\"2\" ><div\n\t\t\t\n\t\t\tclass=\"so-widget-sow-image so-widget-sow-image-default-c67d20f9f743-4312\"\n\t\t\t\n\t\t>\n<div class=\"sow-image-container\">\n\t\t<img \n\tsrc=\"https:\/\/www.mfkegtechnik.com\/wp-content\/uploads\/2017\/01\/rsz_2014_aw_1300-k_mc.jpg\" width=\"237\" height=\"225\" sizes=\"(max-width: 237px) 100vw, 237px\" title=\"KEG external washer\" alt=\"limpieza-exterior-del-barril\" \t\tclass=\"so-widget-image\"\/>\n\t<\/div>\n\n<\/div><\/div><div id=\"panel-4312-1-0-1\" class=\"so-panel widget widget_sow-editor panel-last-child\" data-index=\"3\" ><div\n\t\t\t\n\t\t\tclass=\"so-widget-sow-editor so-widget-sow-editor-base\"\n\t\t\t\n\t\t>\n<div class=\"siteorigin-widget-tinymce textwidget\">\n\t<p style=\"text-align: center;\"><a href=\"http:\/\/www.mfkegtechnik.com\/wp-content\/uploads\/2019\/05\/AW-1150-H.jpg\"><img loading=\"lazy\" decoding=\"async\" class=\"alignnone wp-image-1725\" title=\"M\u00e1quina de limpieza exterior del barril\" src=\"http:\/\/www.mfkegtechnik.com\/wp-content\/uploads\/2019\/05\/AW-1150-H-300x290.jpg\" alt=\"limpieza exterior del barril\" width=\"204\" height=\"197\" srcset=\"https:\/\/www.mfkegtechnik.com\/wp-content\/uploads\/2019\/05\/AW-1150-H-300x290.jpg 300w, https:\/\/www.mfkegtechnik.com\/wp-content\/uploads\/2019\/05\/AW-1150-H-768x744.jpg 768w, https:\/\/www.mfkegtechnik.com\/wp-content\/uploads\/2019\/05\/AW-1150-H.jpg 818w\" sizes=\"auto, (max-width: 204px) 100vw, 204px\" \/><\/a><\/p>\n<p style=\"text-align: center;\"><a href=\"http:\/\/www.mfkegtechnik.com\/wp-content\/uploads\/2017\/01\/KEG-Washer.jpg\"><img loading=\"lazy\" decoding=\"async\" class=\"alignnone wp-image-268\" title=\"Interior de la maquina de limpieza exterior del barril\" src=\"http:\/\/www.mfkegtechnik.com\/wp-content\/uploads\/2017\/01\/KEG-Washer-200x300.jpg\" alt=\"limpieza-exterior-del-barril\" width=\"199\" height=\"299\" srcset=\"https:\/\/www.mfkegtechnik.com\/wp-content\/uploads\/2017\/01\/KEG-Washer-200x300.jpg 200w, https:\/\/www.mfkegtechnik.com\/wp-content\/uploads\/2017\/01\/KEG-Washer-768x1152.jpg 768w, https:\/\/www.mfkegtechnik.com\/wp-content\/uploads\/2017\/01\/KEG-Washer-683x1024.jpg 683w, https:\/\/www.mfkegtechnik.com\/wp-content\/uploads\/2017\/01\/KEG-Washer.jpg 864w\" sizes=\"auto, (max-width: 199px) 100vw, 199px\" \/><\/a><\/p>\n<p>&nbsp;<\/p>\n<\/div>\n<\/div><\/div><\/div><div id=\"pgc-4312-1-1\"  class=\"panel-grid-cell\" ><div id=\"panel-4312-1-1-0\" class=\"so-panel widget widget_sow-headline panel-first-child\" data-index=\"4\" ><div\n\t\t\t\n\t\t\tclass=\"so-widget-sow-headline so-widget-sow-headline-default-f16591bb046e-4312\"\n\t\t\t\n\t\t><div class=\"sow-headline-container \">\n\t\t\t\t\t\t\t<h1 class=\"sow-headline\">\n\t\t\t\t\t\tCARACTER\u00cdSTICAS\t\t\t\t\t\t<\/h1>\n\t\t\t\t\t\t\t\t\t\t\t<div class=\"decoration\">\n\t\t\t\t\t\t<div class=\"decoration-inside\"><\/div>\n\t\t\t\t\t<\/div>\n\t\t\t\t\t<\/div>\n<\/div><\/div><div id=\"panel-4312-1-1-1\" class=\"so-panel widget widget_sow-editor\" data-index=\"5\" ><div\n\t\t\t\n\t\t\tclass=\"so-widget-sow-editor so-widget-sow-editor-base\"\n\t\t\t\n\t\t>\n<div class=\"siteorigin-widget-tinymce textwidget\">\n\t<h4><span style=\"color: #000000;\">Con nuestras m\u00e1quinas de lavado de barriles, mantenemos sus barriles limpios.<\/span><\/h4>\n<h4><span style=\"color: #000000;\">Nuestras m\u00e1quinas de limpieza exterior de barriles est\u00e1n equipadas con un transportador accionado por cadenas y, seg\u00fan el modelo, de chorro de alta presi\u00f3n, de un estacione de rotaci\u00f3n y de cepillado.<\/span><\/h4>\n<h4><span style=\"color: #000000;\">El bastidor base, las tuber\u00edas, las v\u00e1lvulas y todos los elementos mec\u00e1nicos importantes est\u00e1n hechos de acero inoxidable.<\/span><\/h4>\n<h4><span style=\"color: #000000;\">Estas m\u00e1quinas son ideales para la limpieza exterior de barriles retornables.<\/span><\/h4>\n<\/div>\n<\/div><\/div><div id=\"panel-4312-1-1-2\" class=\"so-panel widget widget_sow-headline\" data-index=\"6\" ><div\n\t\t\t\n\t\t\tclass=\"so-widget-sow-headline so-widget-sow-headline-default-f16591bb046e-4312\"\n\t\t\t\n\t\t><div class=\"sow-headline-container \">\n\t\t\t\t\t\t\t<h1 class=\"sow-headline\">\n\t\t\t\t\t\tDATOS T\u00c9CNICOS\t\t\t\t\t\t<\/h1>\n\t\t\t\t\t\t\t\t\t\t\t<div class=\"decoration\">\n\t\t\t\t\t\t<div class=\"decoration-inside\"><\/div>\n\t\t\t\t\t<\/div>\n\t\t\t\t\t<\/div>\n<\/div><\/div><div id=\"panel-4312-1-1-3\" class=\"so-panel widget widget_sow-editor\" data-index=\"7\" ><div\n\t\t\t\n\t\t\tclass=\"so-widget-sow-editor so-widget-sow-editor-base\"\n\t\t\t\n\t\t>\n<div class=\"siteorigin-widget-tinymce textwidget\">\n\t<h4><span style=\"color: #ff9900;\"><strong>Potencia \u00fatil<\/strong><strong> :<\/strong> Hasta <strong>600<\/strong> KEG\/hora<\/span><\/h4>\n<h4><span style=\"color: #000000;\"><strong>Estaci\u00f3n :<\/strong> lavado exterior\u00a0 <span style=\"color: #ffffff;\"><a style=\"color: #ffffff;\" href=\"https:\/\/www.youtube.com\/user\/KEGTechnik\/\">m+f<\/a><\/span><\/span><\/h4>\n<\/div>\n<\/div><\/div><div id=\"panel-4312-1-1-4\" class=\"so-panel widget widget_sow-headline\" data-index=\"8\" ><div\n\t\t\t\n\t\t\tclass=\"so-widget-sow-headline so-widget-sow-headline-default-f16591bb046e-4312\"\n\t\t\t\n\t\t><div class=\"sow-headline-container \">\n\t\t\t\t\t\t\t<h1 class=\"sow-headline\">\n\t\t\t\t\t\tBENEFICIOS\t\t\t\t\t\t<\/h1>\n\t\t\t\t\t\t\t\t\t\t\t<div class=\"decoration\">\n\t\t\t\t\t\t<div class=\"decoration-inside\"><\/div>\n\t\t\t\t\t<\/div>\n\t\t\t\t\t<\/div>\n<\/div><\/div><div id=\"panel-4312-1-1-5\" class=\"so-panel widget widget_sow-editor\" data-index=\"9\" ><div\n\t\t\t\n\t\t\tclass=\"so-widget-sow-editor so-widget-sow-editor-base\"\n\t\t\t\n\t\t>\n<div class=\"siteorigin-widget-tinymce textwidget\">\n\t<h4 style=\"padding-left: 40px;\"><span style=\"color: #000000;\">F\u00e1cil utilizaci\u00f3n<\/span><\/h4>\n<h4 style=\"padding-left: 40px;\"><span style=\"color: #000000;\">Acero inoxidable<\/span><\/h4>\n<\/div>\n<\/div><\/div><div id=\"panel-4312-1-1-6\" class=\"so-panel widget widget_sow-button panel-last-child\" data-index=\"10\" ><div\n\t\t\t\n\t\t\tclass=\"so-widget-sow-button so-widget-sow-button-atom-f4386744a745-4312\"\n\t\t\t\n\t\t><div class=\"ow-button-base ow-button-align-center\"\n>\n\t\t\t<a\n\t\t\t\t\thref=\"http:\/\/www.mfkegtechnik.com\/wp-content\/uploads\/2017\/01\/AW-1150-H-_-1300-K-_-2000-K-W.pdf\"\n\t\t\t\t\tclass=\"sowb-button ow-icon-placement-left ow-button-hover\" \t>\n\t\t<span>\n\t\t\t\n\t\t\tDescarga la ficha t\u00e9cnica (PDF)\t\t<\/span>\n\t\t\t<\/a>\n\t<\/div>\n<\/div><\/div><\/div><\/div><\/div>","protected":false},"excerpt":{"rendered":"<p>&nbsp; Con nuestras m\u00e1quinas de lavado de barriles, mantenemos sus barriles limpios. Nuestras m\u00e1quinas de limpieza exterior de barriles est\u00e1n equipadas con un transportador accionado por cadenas y, seg\u00fan el modelo, de chorro de alta presi\u00f3n, de un estacione de rotaci\u00f3n y de cepillado. El bastidor base, las tuber\u00edas, las v\u00e1lvulas y todos los elementos mec\u00e1nicos importantes est\u00e1n hechos de acero inoxidable. Estas m\u00e1quinas son ideales para la limpieza exterior &hellip;<a class=\"excerpt\" href=\"https:\/\/www.mfkegtechnik.com\/es\/limpieza-exterior-del-barril\/\">Read More<\/a><\/p>\n","protected":false},"author":2,"featured_media":0,"parent":0,"menu_order":0,"comment_status":"closed","ping_status":"closed","template":"","meta":{"footnotes":""},"class_list":["post-4312","page","type-page","status-publish","hentry"],"yoast_head":"<!-- This site is optimized with the Yoast SEO plugin v27.3 - https:\/\/yoast.com\/product\/yoast-seo-wordpress\/ -->\n<title>Limpieza exterior del barril - m+f KEG-Technik GmbH &amp; Co. KG<\/title>\n<meta name=\"description\" content=\"Con nuestras m+f m\u00e1quinas de limpieza exterior del barril, mantenemos sus barriles limpios. Descubre m\u00e1s ! Estas m\u00e1quinas son ideales !\" \/>\n<meta name=\"robots\" content=\"index, follow, max-snippet:-1, max-image-preview:large, max-video-preview:-1\" \/>\n<link rel=\"canonical\" href=\"https:\/\/www.mfkegtechnik.com\/es\/limpieza-exterior-del-barril\/\" \/>\n<meta property=\"og:locale\" content=\"es_ES\" \/>\n<meta property=\"og:type\" content=\"article\" \/>\n<meta property=\"og:title\" content=\"Limpieza exterior del barril - m+f KEG-Technik GmbH &amp; Co. KG\" \/>\n<meta property=\"og:description\" content=\"Con nuestras m+f m\u00e1quinas de limpieza exterior del barril, mantenemos sus barriles limpios. Descubre m\u00e1s ! Estas m\u00e1quinas son ideales !\" \/>\n<meta property=\"og:url\" content=\"https:\/\/www.mfkegtechnik.com\/es\/limpieza-exterior-del-barril\/\" \/>\n<meta property=\"og:site_name\" content=\"m+f KEG-Technik GmbH &amp; Co. KG\" \/>\n<meta property=\"article:modified_time\" content=\"2019-08-08T12:04:18+00:00\" \/>\n<meta property=\"og:image\" content=\"http:\/\/www.mfkegtechnik.com\/wp-content\/uploads\/2019\/05\/AW-1150-H-300x290.jpg\" \/>\n<meta name=\"twitter:card\" content=\"summary_large_image\" \/>\n<meta name=\"twitter:label1\" content=\"Tiempo de lectura\" \/>\n\t<meta name=\"twitter:data1\" content=\"1 minuto\" \/>\n<script type=\"application\/ld+json\" class=\"yoast-schema-graph\">{\"@context\":\"https:\\\/\\\/schema.org\",\"@graph\":[{\"@type\":\"WebPage\",\"@id\":\"https:\\\/\\\/www.mfkegtechnik.com\\\/es\\\/limpieza-exterior-del-barril\\\/\",\"url\":\"https:\\\/\\\/www.mfkegtechnik.com\\\/es\\\/limpieza-exterior-del-barril\\\/\",\"name\":\"Limpieza exterior del barril - m+f KEG-Technik GmbH &amp; Co. KG\",\"isPartOf\":{\"@id\":\"https:\\\/\\\/www.mfkegtechnik.com\\\/es\\\/#website\"},\"primaryImageOfPage\":{\"@id\":\"https:\\\/\\\/www.mfkegtechnik.com\\\/es\\\/limpieza-exterior-del-barril\\\/#primaryimage\"},\"image\":{\"@id\":\"https:\\\/\\\/www.mfkegtechnik.com\\\/es\\\/limpieza-exterior-del-barril\\\/#primaryimage\"},\"thumbnailUrl\":\"http:\\\/\\\/www.mfkegtechnik.com\\\/wp-content\\\/uploads\\\/2019\\\/05\\\/AW-1150-H-300x290.jpg\",\"datePublished\":\"2019-06-12T06:38:35+00:00\",\"dateModified\":\"2019-08-08T12:04:18+00:00\",\"description\":\"Con nuestras m+f m\u00e1quinas de limpieza exterior del barril, mantenemos sus barriles limpios. Descubre m\u00e1s ! Estas m\u00e1quinas son ideales !\",\"breadcrumb\":{\"@id\":\"https:\\\/\\\/www.mfkegtechnik.com\\\/es\\\/limpieza-exterior-del-barril\\\/#breadcrumb\"},\"inLanguage\":\"es\",\"potentialAction\":[{\"@type\":\"ReadAction\",\"target\":[\"https:\\\/\\\/www.mfkegtechnik.com\\\/es\\\/limpieza-exterior-del-barril\\\/\"]}]},{\"@type\":\"ImageObject\",\"inLanguage\":\"es\",\"@id\":\"https:\\\/\\\/www.mfkegtechnik.com\\\/es\\\/limpieza-exterior-del-barril\\\/#primaryimage\",\"url\":\"http:\\\/\\\/www.mfkegtechnik.com\\\/wp-content\\\/uploads\\\/2019\\\/05\\\/AW-1150-H-300x290.jpg\",\"contentUrl\":\"http:\\\/\\\/www.mfkegtechnik.com\\\/wp-content\\\/uploads\\\/2019\\\/05\\\/AW-1150-H-300x290.jpg\"},{\"@type\":\"BreadcrumbList\",\"@id\":\"https:\\\/\\\/www.mfkegtechnik.com\\\/es\\\/limpieza-exterior-del-barril\\\/#breadcrumb\",\"itemListElement\":[{\"@type\":\"ListItem\",\"position\":1,\"name\":\"Accueil\",\"item\":\"https:\\\/\\\/www.mfkegtechnik.com\\\/es\\\/\"},{\"@type\":\"ListItem\",\"position\":2,\"name\":\"Limpieza exterior del barril\"}]},{\"@type\":\"WebSite\",\"@id\":\"https:\\\/\\\/www.mfkegtechnik.com\\\/es\\\/#website\",\"url\":\"https:\\\/\\\/www.mfkegtechnik.com\\\/es\\\/\",\"name\":\"m+f KEG-Technik GmbH &amp; Co. KG\",\"description\":\"We keep your KEGs clean !\",\"potentialAction\":[{\"@type\":\"SearchAction\",\"target\":{\"@type\":\"EntryPoint\",\"urlTemplate\":\"https:\\\/\\\/www.mfkegtechnik.com\\\/es\\\/?s={search_term_string}\"},\"query-input\":{\"@type\":\"PropertyValueSpecification\",\"valueRequired\":true,\"valueName\":\"search_term_string\"}}],\"inLanguage\":\"es\"}]}<\/script>\n<!-- \/ Yoast SEO plugin. -->","yoast_head_json":{"title":"Limpieza exterior del barril - m+f KEG-Technik GmbH &amp; Co. KG","description":"Con nuestras m+f m\u00e1quinas de limpieza exterior del barril, mantenemos sus barriles limpios. Descubre m\u00e1s ! Estas m\u00e1quinas son ideales !","robots":{"index":"index","follow":"follow","max-snippet":"max-snippet:-1","max-image-preview":"max-image-preview:large","max-video-preview":"max-video-preview:-1"},"canonical":"https:\/\/www.mfkegtechnik.com\/es\/limpieza-exterior-del-barril\/","og_locale":"es_ES","og_type":"article","og_title":"Limpieza exterior del barril - m+f KEG-Technik GmbH &amp; Co. KG","og_description":"Con nuestras m+f m\u00e1quinas de limpieza exterior del barril, mantenemos sus barriles limpios. Descubre m\u00e1s ! Estas m\u00e1quinas son ideales !","og_url":"https:\/\/www.mfkegtechnik.com\/es\/limpieza-exterior-del-barril\/","og_site_name":"m+f KEG-Technik GmbH &amp; Co. KG","article_modified_time":"2019-08-08T12:04:18+00:00","og_image":[{"url":"http:\/\/www.mfkegtechnik.com\/wp-content\/uploads\/2019\/05\/AW-1150-H-300x290.jpg","type":"","width":"","height":""}],"twitter_card":"summary_large_image","twitter_misc":{"Tiempo de lectura":"1 minuto"},"schema":{"@context":"https:\/\/schema.org","@graph":[{"@type":"WebPage","@id":"https:\/\/www.mfkegtechnik.com\/es\/limpieza-exterior-del-barril\/","url":"https:\/\/www.mfkegtechnik.com\/es\/limpieza-exterior-del-barril\/","name":"Limpieza exterior del barril - m+f KEG-Technik GmbH &amp; Co. KG","isPartOf":{"@id":"https:\/\/www.mfkegtechnik.com\/es\/#website"},"primaryImageOfPage":{"@id":"https:\/\/www.mfkegtechnik.com\/es\/limpieza-exterior-del-barril\/#primaryimage"},"image":{"@id":"https:\/\/www.mfkegtechnik.com\/es\/limpieza-exterior-del-barril\/#primaryimage"},"thumbnailUrl":"http:\/\/www.mfkegtechnik.com\/wp-content\/uploads\/2019\/05\/AW-1150-H-300x290.jpg","datePublished":"2019-06-12T06:38:35+00:00","dateModified":"2019-08-08T12:04:18+00:00","description":"Con nuestras m+f m\u00e1quinas de limpieza exterior del barril, mantenemos sus barriles limpios. Descubre m\u00e1s ! Estas m\u00e1quinas son ideales !","breadcrumb":{"@id":"https:\/\/www.mfkegtechnik.com\/es\/limpieza-exterior-del-barril\/#breadcrumb"},"inLanguage":"es","potentialAction":[{"@type":"ReadAction","target":["https:\/\/www.mfkegtechnik.com\/es\/limpieza-exterior-del-barril\/"]}]},{"@type":"ImageObject","inLanguage":"es","@id":"https:\/\/www.mfkegtechnik.com\/es\/limpieza-exterior-del-barril\/#primaryimage","url":"http:\/\/www.mfkegtechnik.com\/wp-content\/uploads\/2019\/05\/AW-1150-H-300x290.jpg","contentUrl":"http:\/\/www.mfkegtechnik.com\/wp-content\/uploads\/2019\/05\/AW-1150-H-300x290.jpg"},{"@type":"BreadcrumbList","@id":"https:\/\/www.mfkegtechnik.com\/es\/limpieza-exterior-del-barril\/#breadcrumb","itemListElement":[{"@type":"ListItem","position":1,"name":"Accueil","item":"https:\/\/www.mfkegtechnik.com\/es\/"},{"@type":"ListItem","position":2,"name":"Limpieza exterior del barril"}]},{"@type":"WebSite","@id":"https:\/\/www.mfkegtechnik.com\/es\/#website","url":"https:\/\/www.mfkegtechnik.com\/es\/","name":"m+f KEG-Technik GmbH &amp; Co. KG","description":"We keep your KEGs clean !","potentialAction":[{"@type":"SearchAction","target":{"@type":"EntryPoint","urlTemplate":"https:\/\/www.mfkegtechnik.com\/es\/?s={search_term_string}"},"query-input":{"@type":"PropertyValueSpecification","valueRequired":true,"valueName":"search_term_string"}}],"inLanguage":"es"}]}},"_links":{"self":[{"href":"https:\/\/www.mfkegtechnik.com\/es\/wp-json\/wp\/v2\/pages\/4312","targetHints":{"allow":["GET"]}}],"collection":[{"href":"https:\/\/www.mfkegtechnik.com\/es\/wp-json\/wp\/v2\/pages"}],"about":[{"href":"https:\/\/www.mfkegtechnik.com\/es\/wp-json\/wp\/v2\/types\/page"}],"author":[{"embeddable":true,"href":"https:\/\/www.mfkegtechnik.com\/es\/wp-json\/wp\/v2\/users\/2"}],"replies":[{"embeddable":true,"href":"https:\/\/www.mfkegtechnik.com\/es\/wp-json\/wp\/v2\/comments?post=4312"}],"version-history":[{"count":0,"href":"https:\/\/www.mfkegtechnik.com\/es\/wp-json\/wp\/v2\/pages\/4312\/revisions"}],"wp:attachment":[{"href":"https:\/\/www.mfkegtechnik.com\/es\/wp-json\/wp\/v2\/media?parent=4312"}],"curies":[{"name":"wp","href":"https:\/\/api.w.org\/{rel}","templated":true}]}}