{"id":6418,"date":"2021-07-20T19:00:54","date_gmt":"2021-07-20T18:00:54","guid":{"rendered":"https:\/\/www.mfkegtechnik.com\/?page_id=6418"},"modified":"2026-02-13T16:17:04","modified_gmt":"2026-02-13T15:17:04","slug":"representantes","status":"publish","type":"page","link":"https:\/\/www.mfkegtechnik.com\/es\/representantes\/","title":{"rendered":"Distribuidores"},"content":{"rendered":"<div id=\"pl-6418\"  class=\"panel-layout\" ><div id=\"pg-6418-0\"  class=\"panel-grid panel-has-style\" ><div class=\"siteorigin-panels-stretch panel-row-style panel-row-style-for-6418-0\" data-stretch-type=\"full\" ><div id=\"pgc-6418-0-0\"  class=\"panel-grid-cell panel-grid-cell-empty\" ><\/div><div id=\"pgc-6418-0-1\"  class=\"panel-grid-cell panel-grid-cell-mobile-last\" ><div id=\"panel-6418-0-1-0\" class=\"so-panel widget widget_sow-headline panel-first-child\" data-index=\"0\" ><div class=\"panel-widget-style panel-widget-style-for-6418-0-1-0\" ><div\n\t\t\t\n\t\t\tclass=\"so-widget-sow-headline so-widget-sow-headline-default-085437391305-6418\"\n\t\t\t\n\t\t><div class=\"sow-headline-container \">\n\t\t\t\t\t\t\t<h2 class=\"sow-headline\">\n\t\t\t\t\t\tDistribuidores\t\t\t\t\t\t<\/h2>\n\t\t\t\t\t\t<\/div>\n<\/div><\/div><\/div><div id=\"panel-6418-0-1-1\" class=\"so-panel widget widget_sow-image panel-last-child\" data-index=\"1\" ><div\n\t\t\t\n\t\t\tclass=\"so-widget-sow-image so-widget-sow-image-default-c67d20f9f743-6418\"\n\t\t\t\n\t\t>\n<div class=\"sow-image-container\">\n\t\t\t<a href=\"https:\/\/www.steelkegassociation.org\/\"\n\t\t\ttarget=\"_blank\" rel=\"noopener noreferrer\" \t\t>\n\t\t\t<img \n\tsrc=\"https:\/\/www.mfkegtechnik.com\/wp-content\/uploads\/2026\/02\/Steel-KEG-Member-e1770995762385.png\" width=\"200\" height=\"72\" sizes=\"(max-width: 200px) 100vw, 200px\" title=\"Steel KEG Member\" alt=\"Steel KEG\" \t\tclass=\"so-widget-image\"\/>\n\t\t\t<\/a><\/div>\n\n<\/div><\/div><\/div><div id=\"pgc-6418-0-2\"  class=\"panel-grid-cell panel-grid-cell-empty\" ><\/div><\/div><\/div><div id=\"pg-6418-1\"  class=\"panel-grid panel-no-style\" ><div id=\"pgc-6418-1-0\"  class=\"panel-grid-cell\" ><div id=\"panel-6418-1-0-0\" class=\"so-panel widget widget_black-studio-tinymce widget_black_studio_tinymce panel-first-child\" data-index=\"2\" ><div class=\"panel-widget-style panel-widget-style-for-6418-1-0-0\" ><div class=\"textwidget\"><h2 style=\"text-align: center;\"><span style=\"color: #134188; font-size: 24pt;\"><strong><span style=\"font-family: Open Sans;\">Sud\u00e1frica<\/span><\/strong><\/span><\/h2>\n<p style=\"padding-left: 80px;\"><a href=\"http:\/\/dematechsa.com\/\" target=\"_blank\" rel=\"noopener\"><img loading=\"lazy\" decoding=\"async\" class=\"alignnone wp-image-770 size-medium\" src=\"http:\/\/www.mfkegtechnik.com\/wp-content\/uploads\/2017\/05\/Dematech-300x77.jpg\" alt=\"\" width=\"300\" height=\"77\" srcset=\"https:\/\/www.mfkegtechnik.com\/wp-content\/uploads\/2017\/05\/Dematech-300x77.jpg 300w, https:\/\/www.mfkegtechnik.com\/wp-content\/uploads\/2017\/05\/Dematech-768x197.jpg 768w, https:\/\/www.mfkegtechnik.com\/wp-content\/uploads\/2017\/05\/Dematech-1024x263.jpg 1024w, https:\/\/www.mfkegtechnik.com\/wp-content\/uploads\/2017\/05\/Dematech-940x242.jpg 940w, https:\/\/www.mfkegtechnik.com\/wp-content\/uploads\/2017\/05\/Dematech.jpg 1634w\" sizes=\"auto, (max-width: 300px) 100vw, 300px\" \/><\/a><\/p>\n<h3><span style=\"color: #134188; font-family: Open Sans; font-size: 12pt;\"><a style=\"color: #134188;\" href=\"http:\/\/dematechsa.com\/\" target=\"_blank\" rel=\"noopener\"><span lang=\"EN-ZA\"><b>\u00a0\u00a0 Dematech Pty Ltd<\/b><\/span><\/a><\/span><\/h3>\n<\/div><\/div><\/div><div id=\"panel-6418-1-0-1\" class=\"so-panel widget widget_black-studio-tinymce widget_black_studio_tinymce\" data-index=\"3\" ><div class=\"panel-widget-style panel-widget-style-for-6418-1-0-1\" ><div class=\"textwidget\"><h2 style=\"text-align: center;\"><span style=\"color: #134188; font-family: Open Sans; font-size: 24pt;\"><strong>Israel<\/strong><\/span><\/h2>\n<p>&nbsp;<\/p>\n<p><img loading=\"lazy\" decoding=\"async\" class=\"alignleft wp-image-878 size-medium\" src=\"http:\/\/www.mfkegtechnik.com\/wp-content\/uploads\/2018\/08\/Moses-Beer-300x176.png\" alt=\"\" width=\"300\" height=\"176\" srcset=\"https:\/\/www.mfkegtechnik.com\/wp-content\/uploads\/2018\/08\/Moses-Beer-300x176.png 300w, https:\/\/www.mfkegtechnik.com\/wp-content\/uploads\/2018\/08\/Moses-Beer.png 547w\" sizes=\"auto, (max-width: 300px) 100vw, 300px\" \/><\/p>\n<h3><span lang=\"EN-GB\" style=\"margin: 0px; color: #3d3d3d; font-family: '&amp;quot',serif;\"><span style=\"font-size: medium;\"><span style=\"color: #134188; font-family: Open Sans; font-size: 12pt;\">Moses Beer <\/span>\u00a0\u00a0<\/span><\/span><\/h3>\n<h4 style=\"vertical-align: baseline; border-image-outset: 0; border-image-repeat: stretch; border-image-slice: 100%; border-image-source: none; border-image-width: 1; box-sizing: border-box; outline-color: invert; outline-style: none; outline-width: 0px; -webkit-text-stroke-width: 0px; word-spacing: 0px; margin: 0cm 0cm 15.0pt 0cm;\" data-wahfont=\"16\"><\/h4>\n<p>&nbsp;<\/p>\n<p>&nbsp;<\/p>\n<p>&nbsp;<\/p>\n<p>&nbsp;<\/p>\n<\/div><\/div><\/div><div id=\"panel-6418-1-0-2\" class=\"so-panel widget widget_black-studio-tinymce widget_black_studio_tinymce\" data-index=\"4\" ><div class=\"panel-widget-style panel-widget-style-for-6418-1-0-2\" ><div class=\"textwidget\"><h2 style=\"text-align: center;\"><span style=\"color: #134188; font-size: 24pt;\"><strong><span style=\"font-family: Open Sans;\">Estados Unidos de Am\u00e9rica<\/span><\/strong><\/span><\/h2>\n<p style=\"padding-left: 80px;\"><a href=\"https:\/\/prowm.com\/\" target=\"_blank\" rel=\"noopener\"><img loading=\"lazy\" decoding=\"async\" class=\"leftimage alignnone\" src=\"http:\/\/prowm.com\/images\/pro_logo1.gif\" alt=\"Pro Engineering &amp; Manufacturing\" width=\"450\" height=\"97\" border=\"0\" \/><\/a><\/p>\n<h3><span style=\"color: #134188; font-family: Open Sans; font-size: 12pt;\"><strong><a style=\"color: #134188;\" href=\"http:\/\/prowm.com\/\" target=\"_blank\" rel=\"noopener\">\u00a0 Pro Engineering USA<\/a><\/strong><\/span><\/h3>\n<\/div><\/div><\/div><div id=\"panel-6418-1-0-3\" class=\"so-panel widget widget_black-studio-tinymce widget_black_studio_tinymce\" data-index=\"5\" ><div class=\"panel-widget-style panel-widget-style-for-6418-1-0-3\" ><div class=\"textwidget\"><h2 style=\"text-align: center;\"><span style=\"color: #134188; font-family: Open Sans; font-size: 24pt;\"><strong>Pa\u00edses b\u00e1lticos<\/strong><\/span><\/h2>\n<p>&nbsp;<\/p>\n<h3><strong><span style=\"color: #134188; font-family: Open Sans; font-size: 12pt;\">Liucija Usonyte<\/span><\/strong><\/h3>\n<\/div><\/div><\/div><div id=\"panel-6418-1-0-4\" class=\"so-panel widget widget_black-studio-tinymce widget_black_studio_tinymce\" data-index=\"6\" ><div class=\"panel-widget-style panel-widget-style-for-6418-1-0-4\" ><div class=\"textwidget\"><h2 style=\"text-align: center;\"><span style=\"color: #134188; font-family: Open Sans; font-size: 24pt;\"><strong>Francia<\/strong><\/span><\/h2>\n<p style=\"padding-left: 80px;\"><span lang=\"FR\"><span style=\"color: #000000; font-family: Calibri; font-size: medium;\"><a href=\"https:\/\/brasseurs-independants.fr\/\" target=\"_blank\" rel=\"noopener\"><img loading=\"lazy\" decoding=\"async\" class=\"alignleft wp-image-560 size-full\" src=\"http:\/\/www.mfkegtechnik.com\/wp-content\/uploads\/2017\/03\/Neues-Bild.png\" alt=\"\" width=\"228\" height=\"157\" \/><\/a><\/span><\/span><\/p>\n<p>&nbsp;<\/p>\n<p>&nbsp;<\/p>\n<p>&nbsp;<\/p>\n<p>&nbsp;<\/p>\n<p>&nbsp;<\/p>\n<h3><span style=\"color: #134188; font-family: Open Sans; font-size: 12pt;\"><a style=\"color: #134188;\" href=\"https:\/\/brasseurs-independants.fr\/\" target=\"_blank\" rel=\"noopener\"><span lang=\"FR\">\u00a0Syndicat National des Brasseurs Ind\u00e9pendants<\/span><\/a><\/span><\/h3>\n<p>&nbsp;<\/p>\n<\/div><\/div><\/div><div id=\"panel-6418-1-0-5\" class=\"so-panel widget widget_black-studio-tinymce widget_black_studio_tinymce panel-last-child\" data-index=\"7\" ><div class=\"panel-widget-style panel-widget-style-for-6418-1-0-5\" ><div class=\"textwidget\"><h1 style=\"text-align: center;\"><span style=\"font-size: 24pt;\"><strong><span style=\"color: #134188; font-family: Open Sans;\">Espa\u00f1a<\/span><\/strong><\/span><\/h1>\n<p style=\"padding-left: 40px;\"><img loading=\"lazy\" decoding=\"async\" class=\"alignnone wp-image-5079 size-full\" src=\"http:\/\/www.mfkegtechnik.com\/wp-content\/uploads\/2019\/08\/NEMAP.png\" alt=\"\" width=\"555\" height=\"81\" srcset=\"https:\/\/www.mfkegtechnik.com\/wp-content\/uploads\/2019\/08\/NEMAP.png 555w, https:\/\/www.mfkegtechnik.com\/wp-content\/uploads\/2019\/08\/NEMAP-300x44.png 300w\" sizes=\"auto, (max-width: 555px) 100vw, 555px\" \/><\/p>\n<h3 style=\"padding-left: 40px;\"><span style=\"color: #134188; font-family: Open Sans;\"><strong>NEMAP<\/strong><\/span><\/h3>\n<h4><span style=\"color: #000000;\">\u00a0\u00a0 <span style=\"font-family: Open Sans;\">Montcau, 5<\/span><\/span><\/h4>\n<h4><span style=\"color: #000000; font-family: Open Sans;\">\u00a0\u00a0 08192 Sant Quirze del Vall\u00e8s (Barcelona)<\/span><\/h4>\n<h4><span style=\"color: #000000; font-family: Open Sans;\">\u00a0\u00a0 Tel\u00e9fono : 608 716 311 - 673 608 746<\/span><\/h4>\n<h4><span style=\"color: #000000; font-family: Open Sans;\">\u00a0 \u00a0Correo electr\u00f3nico <\/span><span style=\"color: #000000; font-family: Open Sans;\">: ctorrents@nemap.es<\/span><\/h4>\n<\/div><\/div><\/div><\/div><\/div><div id=\"pg-6418-2\"  class=\"panel-grid panel-has-style\" ><div class=\"siteorigin-panels-stretch panel-row-style panel-row-style-for-6418-2\" data-stretch-type=\"full\" ><div id=\"pgc-6418-2-0\"  class=\"panel-grid-cell\" ><div id=\"panel-6418-2-0-0\" class=\"so-panel widget widget_sow-button panel-first-child panel-last-child\" data-index=\"8\" ><div\n\t\t\t\n\t\t\tclass=\"so-widget-sow-button so-widget-sow-button-atom-f54c0409268f-6418\"\n\t\t\t\n\t\t><div class=\"ow-button-base ow-button-align-center\"\n>\n\t\t\t<a\n\t\t\t\t\thref=\"https:\/\/www.mfkegtechnik.com\/es\/?page_id=6444&#038;preview=true\"\n\t\t\t\t\tclass=\"sowb-button ow-icon-placement-left ow-button-hover\" \t>\n\t\t<span>\n\t\t\t\n\t\t\tKEG Proveedores\t\t<\/span>\n\t\t\t<\/a>\n\t<\/div>\n<\/div><\/div><\/div><\/div><\/div><\/div>","protected":false},"excerpt":{"rendered":"<p>Sud\u00e1frica \u00a0\u00a0 Dematech Pty Ltd Israel &nbsp; Moses Beer \u00a0\u00a0 &nbsp; &nbsp; &nbsp; &nbsp; Estados Unidos de Am\u00e9rica \u00a0 Pro Engineering USA Pa\u00edses b\u00e1lticos &nbsp; Liucija Usonyte Francia &nbsp; &nbsp; &nbsp; &nbsp; &nbsp; \u00a0Syndicat National des Brasseurs Ind\u00e9pendants &nbsp; Espa\u00f1a NEMAP \u00a0\u00a0 Montcau, 5 \u00a0\u00a0 08192 Sant Quirze del Vall\u00e8s (Barcelona) \u00a0\u00a0 Tel\u00e9fono : 608 716 311 &#8211; 673 608 746 \u00a0 \u00a0Correo electr\u00f3nico : ctorrents@nemap.es<\/p>\n","protected":false},"author":3,"featured_media":0,"parent":0,"menu_order":0,"comment_status":"closed","ping_status":"closed","template":"","meta":{"footnotes":""},"class_list":["post-6418","page","type-page","status-publish","hentry"],"yoast_head":"<!-- This site is optimized with the Yoast SEO plugin v27.3 - https:\/\/yoast.com\/product\/yoast-seo-wordpress\/ -->\n<title>Distribuidores - m+f KEG-Technik GmbH &amp; Co. KG<\/title>\n<meta name=\"description\" content=\"Aqu\u00ed puede obtener m\u00e1s informaci\u00f3n sobre nuestros Distribuidores.\" \/>\n<meta name=\"robots\" content=\"index, follow, max-snippet:-1, max-image-preview:large, max-video-preview:-1\" \/>\n<link rel=\"canonical\" href=\"https:\/\/www.mfkegtechnik.com\/es\/representantes\/\" \/>\n<meta property=\"og:locale\" content=\"es_ES\" \/>\n<meta property=\"og:type\" content=\"article\" \/>\n<meta property=\"og:title\" content=\"Distribuidores - m+f KEG-Technik GmbH &amp; Co. KG\" \/>\n<meta property=\"og:description\" content=\"Aqu\u00ed puede obtener m\u00e1s informaci\u00f3n sobre nuestros Distribuidores.\" \/>\n<meta property=\"og:url\" content=\"https:\/\/www.mfkegtechnik.com\/es\/representantes\/\" \/>\n<meta property=\"og:site_name\" content=\"m+f KEG-Technik GmbH &amp; Co. KG\" \/>\n<meta property=\"article:modified_time\" content=\"2026-02-13T15:17:04+00:00\" \/>\n<meta property=\"og:image\" content=\"http:\/\/www.mfkegtechnik.com\/wp-content\/uploads\/2017\/05\/Dematech-300x77.jpg\" \/>\n<meta name=\"twitter:card\" content=\"summary_large_image\" \/>\n<meta name=\"twitter:label1\" content=\"Tiempo de lectura\" \/>\n\t<meta name=\"twitter:data1\" content=\"2 minutos\" \/>\n<script type=\"application\/ld+json\" class=\"yoast-schema-graph\">{\"@context\":\"https:\\\/\\\/schema.org\",\"@graph\":[{\"@type\":\"WebPage\",\"@id\":\"https:\\\/\\\/www.mfkegtechnik.com\\\/es\\\/representantes\\\/\",\"url\":\"https:\\\/\\\/www.mfkegtechnik.com\\\/es\\\/representantes\\\/\",\"name\":\"Distribuidores - m+f KEG-Technik GmbH &amp; Co. KG\",\"isPartOf\":{\"@id\":\"https:\\\/\\\/www.mfkegtechnik.com\\\/es\\\/#website\"},\"primaryImageOfPage\":{\"@id\":\"https:\\\/\\\/www.mfkegtechnik.com\\\/es\\\/representantes\\\/#primaryimage\"},\"image\":{\"@id\":\"https:\\\/\\\/www.mfkegtechnik.com\\\/es\\\/representantes\\\/#primaryimage\"},\"thumbnailUrl\":\"http:\\\/\\\/www.mfkegtechnik.com\\\/wp-content\\\/uploads\\\/2017\\\/05\\\/Dematech-300x77.jpg\",\"datePublished\":\"2021-07-20T18:00:54+00:00\",\"dateModified\":\"2026-02-13T15:17:04+00:00\",\"description\":\"Aqu\u00ed puede obtener m\u00e1s informaci\u00f3n sobre nuestros Distribuidores.\",\"breadcrumb\":{\"@id\":\"https:\\\/\\\/www.mfkegtechnik.com\\\/es\\\/representantes\\\/#breadcrumb\"},\"inLanguage\":\"es\",\"potentialAction\":[{\"@type\":\"ReadAction\",\"target\":[\"https:\\\/\\\/www.mfkegtechnik.com\\\/es\\\/representantes\\\/\"]}]},{\"@type\":\"ImageObject\",\"inLanguage\":\"es\",\"@id\":\"https:\\\/\\\/www.mfkegtechnik.com\\\/es\\\/representantes\\\/#primaryimage\",\"url\":\"http:\\\/\\\/www.mfkegtechnik.com\\\/wp-content\\\/uploads\\\/2017\\\/05\\\/Dematech-300x77.jpg\",\"contentUrl\":\"http:\\\/\\\/www.mfkegtechnik.com\\\/wp-content\\\/uploads\\\/2017\\\/05\\\/Dematech-300x77.jpg\"},{\"@type\":\"BreadcrumbList\",\"@id\":\"https:\\\/\\\/www.mfkegtechnik.com\\\/es\\\/representantes\\\/#breadcrumb\",\"itemListElement\":[{\"@type\":\"ListItem\",\"position\":1,\"name\":\"Accueil\",\"item\":\"https:\\\/\\\/www.mfkegtechnik.com\\\/es\\\/\"},{\"@type\":\"ListItem\",\"position\":2,\"name\":\"Distribuidores\"}]},{\"@type\":\"WebSite\",\"@id\":\"https:\\\/\\\/www.mfkegtechnik.com\\\/es\\\/#website\",\"url\":\"https:\\\/\\\/www.mfkegtechnik.com\\\/es\\\/\",\"name\":\"m+f KEG-Technik GmbH &amp; Co. KG\",\"description\":\"We keep your KEGs clean !\",\"potentialAction\":[{\"@type\":\"SearchAction\",\"target\":{\"@type\":\"EntryPoint\",\"urlTemplate\":\"https:\\\/\\\/www.mfkegtechnik.com\\\/es\\\/?s={search_term_string}\"},\"query-input\":{\"@type\":\"PropertyValueSpecification\",\"valueRequired\":true,\"valueName\":\"search_term_string\"}}],\"inLanguage\":\"es\"}]}<\/script>\n<!-- \/ Yoast SEO plugin. -->","yoast_head_json":{"title":"Distribuidores - m+f KEG-Technik GmbH &amp; Co. KG","description":"Aqu\u00ed puede obtener m\u00e1s informaci\u00f3n sobre nuestros Distribuidores.","robots":{"index":"index","follow":"follow","max-snippet":"max-snippet:-1","max-image-preview":"max-image-preview:large","max-video-preview":"max-video-preview:-1"},"canonical":"https:\/\/www.mfkegtechnik.com\/es\/representantes\/","og_locale":"es_ES","og_type":"article","og_title":"Distribuidores - m+f KEG-Technik GmbH &amp; Co. KG","og_description":"Aqu\u00ed puede obtener m\u00e1s informaci\u00f3n sobre nuestros Distribuidores.","og_url":"https:\/\/www.mfkegtechnik.com\/es\/representantes\/","og_site_name":"m+f KEG-Technik GmbH &amp; Co. KG","article_modified_time":"2026-02-13T15:17:04+00:00","og_image":[{"url":"http:\/\/www.mfkegtechnik.com\/wp-content\/uploads\/2017\/05\/Dematech-300x77.jpg","type":"","width":"","height":""}],"twitter_card":"summary_large_image","twitter_misc":{"Tiempo de lectura":"2 minutos"},"schema":{"@context":"https:\/\/schema.org","@graph":[{"@type":"WebPage","@id":"https:\/\/www.mfkegtechnik.com\/es\/representantes\/","url":"https:\/\/www.mfkegtechnik.com\/es\/representantes\/","name":"Distribuidores - m+f KEG-Technik GmbH &amp; Co. KG","isPartOf":{"@id":"https:\/\/www.mfkegtechnik.com\/es\/#website"},"primaryImageOfPage":{"@id":"https:\/\/www.mfkegtechnik.com\/es\/representantes\/#primaryimage"},"image":{"@id":"https:\/\/www.mfkegtechnik.com\/es\/representantes\/#primaryimage"},"thumbnailUrl":"http:\/\/www.mfkegtechnik.com\/wp-content\/uploads\/2017\/05\/Dematech-300x77.jpg","datePublished":"2021-07-20T18:00:54+00:00","dateModified":"2026-02-13T15:17:04+00:00","description":"Aqu\u00ed puede obtener m\u00e1s informaci\u00f3n sobre nuestros Distribuidores.","breadcrumb":{"@id":"https:\/\/www.mfkegtechnik.com\/es\/representantes\/#breadcrumb"},"inLanguage":"es","potentialAction":[{"@type":"ReadAction","target":["https:\/\/www.mfkegtechnik.com\/es\/representantes\/"]}]},{"@type":"ImageObject","inLanguage":"es","@id":"https:\/\/www.mfkegtechnik.com\/es\/representantes\/#primaryimage","url":"http:\/\/www.mfkegtechnik.com\/wp-content\/uploads\/2017\/05\/Dematech-300x77.jpg","contentUrl":"http:\/\/www.mfkegtechnik.com\/wp-content\/uploads\/2017\/05\/Dematech-300x77.jpg"},{"@type":"BreadcrumbList","@id":"https:\/\/www.mfkegtechnik.com\/es\/representantes\/#breadcrumb","itemListElement":[{"@type":"ListItem","position":1,"name":"Accueil","item":"https:\/\/www.mfkegtechnik.com\/es\/"},{"@type":"ListItem","position":2,"name":"Distribuidores"}]},{"@type":"WebSite","@id":"https:\/\/www.mfkegtechnik.com\/es\/#website","url":"https:\/\/www.mfkegtechnik.com\/es\/","name":"m+f KEG-Technik GmbH &amp; Co. KG","description":"We keep your KEGs clean !","potentialAction":[{"@type":"SearchAction","target":{"@type":"EntryPoint","urlTemplate":"https:\/\/www.mfkegtechnik.com\/es\/?s={search_term_string}"},"query-input":{"@type":"PropertyValueSpecification","valueRequired":true,"valueName":"search_term_string"}}],"inLanguage":"es"}]}},"_links":{"self":[{"href":"https:\/\/www.mfkegtechnik.com\/es\/wp-json\/wp\/v2\/pages\/6418","targetHints":{"allow":["GET"]}}],"collection":[{"href":"https:\/\/www.mfkegtechnik.com\/es\/wp-json\/wp\/v2\/pages"}],"about":[{"href":"https:\/\/www.mfkegtechnik.com\/es\/wp-json\/wp\/v2\/types\/page"}],"author":[{"embeddable":true,"href":"https:\/\/www.mfkegtechnik.com\/es\/wp-json\/wp\/v2\/users\/3"}],"replies":[{"embeddable":true,"href":"https:\/\/www.mfkegtechnik.com\/es\/wp-json\/wp\/v2\/comments?post=6418"}],"version-history":[{"count":20,"href":"https:\/\/www.mfkegtechnik.com\/es\/wp-json\/wp\/v2\/pages\/6418\/revisions"}],"predecessor-version":[{"id":20769,"href":"https:\/\/www.mfkegtechnik.com\/es\/wp-json\/wp\/v2\/pages\/6418\/revisions\/20769"}],"wp:attachment":[{"href":"https:\/\/www.mfkegtechnik.com\/es\/wp-json\/wp\/v2\/media?parent=6418"}],"curies":[{"name":"wp","href":"https:\/\/api.w.org\/{rel}","templated":true}]}}