{"id":6444,"date":"2021-07-21T22:02:47","date_gmt":"2021-07-21T21:02:47","guid":{"rendered":"https:\/\/www.mfkegtechnik.com\/?page_id=6444"},"modified":"2025-08-25T10:51:55","modified_gmt":"2025-08-25T09:51:55","slug":"keg-proveedores","status":"publish","type":"page","link":"https:\/\/www.mfkegtechnik.com\/es\/keg-proveedores\/","title":{"rendered":"KEG Proveedores"},"content":{"rendered":"<div id=\"pl-6444\"  class=\"panel-layout\" ><div id=\"pg-6444-0\"  class=\"panel-grid panel-has-style\" ><div class=\"siteorigin-panels-stretch panel-row-style panel-row-style-for-6444-0\" data-stretch-type=\"full\" ><div id=\"pgc-6444-0-0\"  class=\"panel-grid-cell\" ><div id=\"panel-6444-0-0-0\" class=\"so-panel widget widget_sow-headline panel-first-child panel-last-child\" data-index=\"0\" ><div class=\"panel-widget-style panel-widget-style-for-6444-0-0-0\" ><div\n\t\t\t\n\t\t\tclass=\"so-widget-sow-headline so-widget-sow-headline-default-a9a0c8c2a2b3-6444\"\n\t\t\t\n\t\t><div class=\"sow-headline-container \">\n\t\t\t\t\t\t\t<h2 class=\"sow-headline\">\n\t\t\t\t\t\tKEG Proveedores\t\t\t\t\t\t<\/h2>\n\t\t\t\t\t\t<\/div>\n<\/div><\/div><\/div><\/div><\/div><\/div><div id=\"pg-6444-1\"  class=\"panel-grid panel-no-style\" ><div id=\"pgc-6444-1-0\"  class=\"panel-grid-cell\" ><div id=\"panel-6444-1-0-0\" class=\"so-panel widget widget_black-studio-tinymce widget_black_studio_tinymce panel-first-child\" data-index=\"1\" ><div class=\"panel-widget-style panel-widget-style-for-6444-1-0-0\" ><div class=\"textwidget\"><h2 style=\"text-align: center;\"><span style=\"color: #000000; font-family: Open Sans; font-size: 18pt;\"><strong>\u00a0 \u00a0 \u00a0 \u00a0 \u00a0 \u00a0 Barriles acero inoxidable <\/strong><\/span><span style=\"color: #000000; font-family: Open Sans; font-size: 18pt;\"><strong>de Thielmann<\/strong><\/span><\/h2>\n<a href=\"http:\/\/thielmann.com\/product_category\/kegs\/\" target=\"_blank\" rel=\"noopener\"><img loading=\"lazy\" decoding=\"async\" class=\"aligncenter\" src=\"http:\/\/mfkegtechnik.com\/wp-content\/uploads\/2017\/05\/logo-thielmann.png\" width=\"393\" height=\"69\" \/><\/a>\n\n&nbsp;<\/div><\/div><\/div><div id=\"panel-6444-1-0-1\" class=\"so-panel widget widget_black-studio-tinymce widget_black_studio_tinymce\" data-index=\"2\" ><div class=\"panel-widget-style panel-widget-style-for-6444-1-0-1\" ><div class=\"textwidget\"><h2 style=\"text-align: center;\"><span style=\"color: #000000; font-family: Open Sans; font-size: 18pt;\"><strong> Barriles a<\/strong><\/span><span style=\"color: #000000; font-family: Open Sans; font-size: 18pt;\"><strong>cero inoxidable de<\/strong><\/span> <span style=\"color: #000000; font-family: Open Sans; font-size: 18pt;\"><strong>Blefa Franken <\/strong><\/span><\/h2>\n<p><a href=\"http:\/\/www.blefakegs.de\/blefa-kegs\/\" target=\"_blank\" rel=\"noopener\"><img loading=\"lazy\" decoding=\"async\" class=\"wp-image-669 size-full aligncenter\" src=\"http:\/\/mfkegtechnik.com\/wp-content\/uploads\/2017\/05\/BLEFA_LOGO.png\" width=\"165\" height=\"50\" \/><\/a><\/p>\n<\/div><\/div><\/div><div id=\"panel-6444-1-0-2\" class=\"so-panel widget widget_black-studio-tinymce widget_black_studio_tinymce\" data-index=\"3\" ><div class=\"panel-widget-style panel-widget-style-for-6444-1-0-2\" ><div class=\"textwidget\"><h2 style=\"text-align: center;\"><span style=\"color: #000000; font-family: Open Sans; font-size: 18pt;\"><strong>Barriles desechable de KeyKeg<\/strong><\/span><\/h2>\n<p><a href=\"https:\/\/www.keykeg.com\/\" target=\"_blank\" rel=\"noopener\"><img loading=\"lazy\" decoding=\"async\" class=\"wp-image-242 size-full aligncenter\" src=\"https:\/\/www.mfkegtechnik.com\/wp-content\/uploads\/2021\/03\/KeyKeg_Logo.jpg\" width=\"218\" height=\"138\" \/><\/a><\/p>\n<\/div><\/div><\/div><div id=\"panel-6444-1-0-3\" class=\"so-panel widget widget_black-studio-tinymce widget_black_studio_tinymce\" data-index=\"4\" ><div class=\"panel-widget-style panel-widget-style-for-6444-1-0-3\" ><div class=\"textwidget\"><h2 style=\"text-align: center;\"><span style=\"color: #000000; font-family: Open Sans; font-size: 18pt;\"><strong>Barriles desechable de<\/strong><\/span><span style=\"color: #000000; font-family: Open Sans; font-size: 18pt;\"><strong> Dolium <\/strong><\/span><\/h2>\n<p><strong><span style=\"color: #000000;\"><a href=\"http:\/\/dolium.eu\/\" target=\"_blank\" rel=\"noopener\"><img loading=\"lazy\" decoding=\"async\" class=\"wp-image-239 size-full aligncenter\" src=\"http:\/\/mfkegtechnik.com\/wp-content\/uploads\/2017\/01\/Logo-Dolium.png\" width=\"220\" height=\"81\" \/><\/a><\/span><\/strong><\/p>\n<\/div><\/div><\/div><div id=\"panel-6444-1-0-4\" class=\"so-panel widget widget_black-studio-tinymce widget_black_studio_tinymce\" data-index=\"5\" ><div class=\"panel-widget-style panel-widget-style-for-6444-1-0-4\" ><div class=\"textwidget\"><h2 style=\"text-align: center;\"><span style=\"color: #000000; font-family: Open Sans; font-size: 18pt;\"><strong>Barriles arrendable de<\/strong><\/span><span style=\"font-family: Open Sans; font-size: 18pt;\"><strong><span style=\"color: #000000;\">\u00a0Kegstar <\/span><\/strong><\/span><\/h2>\n<p><strong><span style=\"color: #000000;\"><a href=\"https:\/\/www.kegstar.com\/\" target=\"_blank\" rel=\"noopener\"><img loading=\"lazy\" decoding=\"async\" class=\"wp-image-746 size-full aligncenter\" src=\"http:\/\/mfkegtechnik.com\/wp-content\/uploads\/2017\/05\/rsz_1kegstar.jpg\" width=\"111\" height=\"144\" \/><\/a><\/span><\/strong><\/p>\n<\/div><\/div><\/div><div id=\"panel-6444-1-0-5\" class=\"so-panel widget widget_black-studio-tinymce widget_black_studio_tinymce\" data-index=\"6\" ><div class=\"panel-widget-style panel-widget-style-for-6444-1-0-5\" ><div class=\"textwidget\"><h2 style=\"text-align: center;\"><span style=\"color: #000000; font-family: Open Sans; font-size: 18pt;\"><strong>Cierres de barriles de GP KegCaps<\/strong><\/span><\/h2>\n<p><a href=\"http:\/\/www.gpkegcaps.com\/\" target=\"_blank\" rel=\"noopener\"><img loading=\"lazy\" decoding=\"async\" class=\"wp-image-808 size-full aligncenter\" src=\"http:\/\/mfkegtechnik.com\/wp-content\/uploads\/2017\/05\/GP-Caps.png\" width=\"118\" height=\"118\" \/><\/a><\/p>\n<\/div><\/div><\/div><div id=\"panel-6444-1-0-6\" class=\"so-panel widget widget_black-studio-tinymce widget_black_studio_tinymce panel-last-child\" data-index=\"7\" ><div class=\"panel-widget-style panel-widget-style-for-6444-1-0-6\" ><div class=\"textwidget\"><h2 style=\"text-align: center;\"><span style=\"color: #000000; font-family: Open Sans; font-size: 18pt;\"><strong>Racor para barriles de <\/strong><\/span><span style=\"color: #000000; font-family: Open Sans; font-size: 18pt;\"><strong>Micromatic<\/strong><\/span><\/h2>\n<p><img loading=\"lazy\" decoding=\"async\" class=\"wp-image-800 size-medium aligncenter\" src=\"http:\/\/mfkegtechnik.com\/wp-content\/uploads\/2017\/05\/Micromatic-300x100.png\" width=\"300\" height=\"100\" srcset=\"https:\/\/www.mfkegtechnik.com\/wp-content\/uploads\/2017\/05\/Micromatic-300x100.png 300w, https:\/\/www.mfkegtechnik.com\/wp-content\/uploads\/2017\/05\/Micromatic.png 550w\" sizes=\"auto, (max-width: 300px) 100vw, 300px\" \/><a href=\"https:\/\/www.micro-matic.com\/de-de\/\" target=\"_blank\" rel=\"noopener\"><img loading=\"lazy\" decoding=\"async\" class=\"size-medium wp-image-799 aligncenter\" src=\"http:\/\/mfkegtechnik.com\/wp-content\/uploads\/2017\/05\/Spears-content-300x100.jpg\" alt=\"\" width=\"300\" height=\"100\" srcset=\"https:\/\/www.mfkegtechnik.com\/wp-content\/uploads\/2017\/05\/Spears-content-300x100.jpg 300w, https:\/\/www.mfkegtechnik.com\/wp-content\/uploads\/2017\/05\/Spears-content-768x256.jpg 768w, https:\/\/www.mfkegtechnik.com\/wp-content\/uploads\/2017\/05\/Spears-content-1024x341.jpg 1024w, https:\/\/www.mfkegtechnik.com\/wp-content\/uploads\/2017\/05\/Spears-content-940x313.jpg 940w, https:\/\/www.mfkegtechnik.com\/wp-content\/uploads\/2017\/05\/Spears-content.jpg 1200w\" sizes=\"auto, (max-width: 300px) 100vw, 300px\" \/><\/a><\/p>\n<\/div><\/div><\/div><\/div><\/div><\/div>","protected":false},"excerpt":{"rendered":"<p>\u00a0 \u00a0 \u00a0 \u00a0 \u00a0 \u00a0 Barriles acero inoxidable de Thielmann &nbsp; Barriles acero inoxidable de Blefa Franken Barriles desechable de KeyKeg Barriles desechable de Dolium Barriles arrendable de\u00a0Kegstar Cierres de barriles de GP KegCaps Racor para barriles de Micromatic<\/p>\n","protected":false},"author":3,"featured_media":0,"parent":0,"menu_order":0,"comment_status":"closed","ping_status":"closed","template":"","meta":{"footnotes":""},"class_list":["post-6444","page","type-page","status-publish","hentry"],"yoast_head":"<!-- This site is optimized with the Yoast SEO plugin v27.3 - https:\/\/yoast.com\/product\/yoast-seo-wordpress\/ -->\n<title>KEG Proveedores - m+f KEG-Technik GmbH &amp; Co. KG<\/title>\n<meta name=\"description\" content=\"Aqu\u00ed puede obtener m\u00e1s informaci\u00f3n sobre nuestros Proveedores.\" \/>\n<meta name=\"robots\" content=\"index, follow, max-snippet:-1, max-image-preview:large, max-video-preview:-1\" \/>\n<link rel=\"canonical\" href=\"https:\/\/www.mfkegtechnik.com\/es\/keg-proveedores\/\" \/>\n<meta property=\"og:locale\" content=\"es_ES\" \/>\n<meta property=\"og:type\" content=\"article\" \/>\n<meta property=\"og:title\" content=\"KEG Proveedores - m+f KEG-Technik GmbH &amp; Co. KG\" \/>\n<meta property=\"og:description\" content=\"Aqu\u00ed puede obtener m\u00e1s informaci\u00f3n sobre nuestros Proveedores.\" \/>\n<meta property=\"og:url\" content=\"https:\/\/www.mfkegtechnik.com\/es\/keg-proveedores\/\" \/>\n<meta property=\"og:site_name\" content=\"m+f KEG-Technik GmbH &amp; Co. KG\" \/>\n<meta property=\"article:modified_time\" content=\"2025-08-25T09:51:55+00:00\" \/>\n<meta property=\"og:image\" content=\"http:\/\/mfkegtechnik.com\/wp-content\/uploads\/2017\/05\/logo-thielmann.png\" \/>\n<meta name=\"twitter:card\" content=\"summary_large_image\" \/>\n<meta name=\"twitter:label1\" content=\"Tiempo de lectura\" \/>\n\t<meta name=\"twitter:data1\" content=\"2 minutos\" \/>\n<script type=\"application\/ld+json\" class=\"yoast-schema-graph\">{\"@context\":\"https:\\\/\\\/schema.org\",\"@graph\":[{\"@type\":\"WebPage\",\"@id\":\"https:\\\/\\\/www.mfkegtechnik.com\\\/es\\\/keg-proveedores\\\/\",\"url\":\"https:\\\/\\\/www.mfkegtechnik.com\\\/es\\\/keg-proveedores\\\/\",\"name\":\"KEG Proveedores - m+f KEG-Technik GmbH &amp; Co. KG\",\"isPartOf\":{\"@id\":\"https:\\\/\\\/www.mfkegtechnik.com\\\/es\\\/#website\"},\"primaryImageOfPage\":{\"@id\":\"https:\\\/\\\/www.mfkegtechnik.com\\\/es\\\/keg-proveedores\\\/#primaryimage\"},\"image\":{\"@id\":\"https:\\\/\\\/www.mfkegtechnik.com\\\/es\\\/keg-proveedores\\\/#primaryimage\"},\"thumbnailUrl\":\"http:\\\/\\\/mfkegtechnik.com\\\/wp-content\\\/uploads\\\/2017\\\/05\\\/logo-thielmann.png\",\"datePublished\":\"2021-07-21T21:02:47+00:00\",\"dateModified\":\"2025-08-25T09:51:55+00:00\",\"description\":\"Aqu\u00ed puede obtener m\u00e1s informaci\u00f3n sobre nuestros Proveedores.\",\"breadcrumb\":{\"@id\":\"https:\\\/\\\/www.mfkegtechnik.com\\\/es\\\/keg-proveedores\\\/#breadcrumb\"},\"inLanguage\":\"es\",\"potentialAction\":[{\"@type\":\"ReadAction\",\"target\":[\"https:\\\/\\\/www.mfkegtechnik.com\\\/es\\\/keg-proveedores\\\/\"]}]},{\"@type\":\"ImageObject\",\"inLanguage\":\"es\",\"@id\":\"https:\\\/\\\/www.mfkegtechnik.com\\\/es\\\/keg-proveedores\\\/#primaryimage\",\"url\":\"http:\\\/\\\/mfkegtechnik.com\\\/wp-content\\\/uploads\\\/2017\\\/05\\\/logo-thielmann.png\",\"contentUrl\":\"http:\\\/\\\/mfkegtechnik.com\\\/wp-content\\\/uploads\\\/2017\\\/05\\\/logo-thielmann.png\"},{\"@type\":\"BreadcrumbList\",\"@id\":\"https:\\\/\\\/www.mfkegtechnik.com\\\/es\\\/keg-proveedores\\\/#breadcrumb\",\"itemListElement\":[{\"@type\":\"ListItem\",\"position\":1,\"name\":\"Accueil\",\"item\":\"https:\\\/\\\/www.mfkegtechnik.com\\\/es\\\/\"},{\"@type\":\"ListItem\",\"position\":2,\"name\":\"KEG Proveedores\"}]},{\"@type\":\"WebSite\",\"@id\":\"https:\\\/\\\/www.mfkegtechnik.com\\\/es\\\/#website\",\"url\":\"https:\\\/\\\/www.mfkegtechnik.com\\\/es\\\/\",\"name\":\"m+f KEG-Technik GmbH &amp; Co. KG\",\"description\":\"We keep your KEGs clean !\",\"potentialAction\":[{\"@type\":\"SearchAction\",\"target\":{\"@type\":\"EntryPoint\",\"urlTemplate\":\"https:\\\/\\\/www.mfkegtechnik.com\\\/es\\\/?s={search_term_string}\"},\"query-input\":{\"@type\":\"PropertyValueSpecification\",\"valueRequired\":true,\"valueName\":\"search_term_string\"}}],\"inLanguage\":\"es\"}]}<\/script>\n<!-- \/ Yoast SEO plugin. -->","yoast_head_json":{"title":"KEG Proveedores - m+f KEG-Technik GmbH &amp; Co. KG","description":"Aqu\u00ed puede obtener m\u00e1s informaci\u00f3n sobre nuestros Proveedores.","robots":{"index":"index","follow":"follow","max-snippet":"max-snippet:-1","max-image-preview":"max-image-preview:large","max-video-preview":"max-video-preview:-1"},"canonical":"https:\/\/www.mfkegtechnik.com\/es\/keg-proveedores\/","og_locale":"es_ES","og_type":"article","og_title":"KEG Proveedores - m+f KEG-Technik GmbH &amp; Co. KG","og_description":"Aqu\u00ed puede obtener m\u00e1s informaci\u00f3n sobre nuestros Proveedores.","og_url":"https:\/\/www.mfkegtechnik.com\/es\/keg-proveedores\/","og_site_name":"m+f KEG-Technik GmbH &amp; Co. KG","article_modified_time":"2025-08-25T09:51:55+00:00","og_image":[{"url":"http:\/\/mfkegtechnik.com\/wp-content\/uploads\/2017\/05\/logo-thielmann.png","type":"","width":"","height":""}],"twitter_card":"summary_large_image","twitter_misc":{"Tiempo de lectura":"2 minutos"},"schema":{"@context":"https:\/\/schema.org","@graph":[{"@type":"WebPage","@id":"https:\/\/www.mfkegtechnik.com\/es\/keg-proveedores\/","url":"https:\/\/www.mfkegtechnik.com\/es\/keg-proveedores\/","name":"KEG Proveedores - m+f KEG-Technik GmbH &amp; Co. KG","isPartOf":{"@id":"https:\/\/www.mfkegtechnik.com\/es\/#website"},"primaryImageOfPage":{"@id":"https:\/\/www.mfkegtechnik.com\/es\/keg-proveedores\/#primaryimage"},"image":{"@id":"https:\/\/www.mfkegtechnik.com\/es\/keg-proveedores\/#primaryimage"},"thumbnailUrl":"http:\/\/mfkegtechnik.com\/wp-content\/uploads\/2017\/05\/logo-thielmann.png","datePublished":"2021-07-21T21:02:47+00:00","dateModified":"2025-08-25T09:51:55+00:00","description":"Aqu\u00ed puede obtener m\u00e1s informaci\u00f3n sobre nuestros Proveedores.","breadcrumb":{"@id":"https:\/\/www.mfkegtechnik.com\/es\/keg-proveedores\/#breadcrumb"},"inLanguage":"es","potentialAction":[{"@type":"ReadAction","target":["https:\/\/www.mfkegtechnik.com\/es\/keg-proveedores\/"]}]},{"@type":"ImageObject","inLanguage":"es","@id":"https:\/\/www.mfkegtechnik.com\/es\/keg-proveedores\/#primaryimage","url":"http:\/\/mfkegtechnik.com\/wp-content\/uploads\/2017\/05\/logo-thielmann.png","contentUrl":"http:\/\/mfkegtechnik.com\/wp-content\/uploads\/2017\/05\/logo-thielmann.png"},{"@type":"BreadcrumbList","@id":"https:\/\/www.mfkegtechnik.com\/es\/keg-proveedores\/#breadcrumb","itemListElement":[{"@type":"ListItem","position":1,"name":"Accueil","item":"https:\/\/www.mfkegtechnik.com\/es\/"},{"@type":"ListItem","position":2,"name":"KEG Proveedores"}]},{"@type":"WebSite","@id":"https:\/\/www.mfkegtechnik.com\/es\/#website","url":"https:\/\/www.mfkegtechnik.com\/es\/","name":"m+f KEG-Technik GmbH &amp; Co. KG","description":"We keep your KEGs clean !","potentialAction":[{"@type":"SearchAction","target":{"@type":"EntryPoint","urlTemplate":"https:\/\/www.mfkegtechnik.com\/es\/?s={search_term_string}"},"query-input":{"@type":"PropertyValueSpecification","valueRequired":true,"valueName":"search_term_string"}}],"inLanguage":"es"}]}},"_links":{"self":[{"href":"https:\/\/www.mfkegtechnik.com\/es\/wp-json\/wp\/v2\/pages\/6444","targetHints":{"allow":["GET"]}}],"collection":[{"href":"https:\/\/www.mfkegtechnik.com\/es\/wp-json\/wp\/v2\/pages"}],"about":[{"href":"https:\/\/www.mfkegtechnik.com\/es\/wp-json\/wp\/v2\/types\/page"}],"author":[{"embeddable":true,"href":"https:\/\/www.mfkegtechnik.com\/es\/wp-json\/wp\/v2\/users\/3"}],"replies":[{"embeddable":true,"href":"https:\/\/www.mfkegtechnik.com\/es\/wp-json\/wp\/v2\/comments?post=6444"}],"version-history":[{"count":8,"href":"https:\/\/www.mfkegtechnik.com\/es\/wp-json\/wp\/v2\/pages\/6444\/revisions"}],"predecessor-version":[{"id":20434,"href":"https:\/\/www.mfkegtechnik.com\/es\/wp-json\/wp\/v2\/pages\/6444\/revisions\/20434"}],"wp:attachment":[{"href":"https:\/\/www.mfkegtechnik.com\/es\/wp-json\/wp\/v2\/media?parent=6444"}],"curies":[{"name":"wp","href":"https:\/\/api.w.org\/{rel}","templated":true}]}}