{"id":2851,"date":"2019-06-12T11:02:33","date_gmt":"2019-06-12T10:02:33","guid":{"rendered":"http:\/\/www.mfkegtechnik.com\/draft\/"},"modified":"2024-04-02T15:53:36","modified_gmt":"2024-04-02T14:53:36","slug":"accueil","status":"publish","type":"page","link":"https:\/\/www.mfkegtechnik.com\/fr\/","title":{"rendered":"Accueil"},"content":{"rendered":"<div id=\"pl-2851\"  class=\"panel-layout\" ><div id=\"pg-2851-0\"  class=\"panel-grid panel-no-style\" ><div id=\"pgc-2851-0-0\"  class=\"panel-grid-cell\" ><div id=\"panel-2851-0-0-0\" class=\"so-panel widget widget_sow-headline panel-first-child\" data-index=\"0\" ><div\n\t\t\t\n\t\t\tclass=\"so-widget-sow-headline so-widget-sow-headline-default-db700e736908-2851\"\n\t\t\t\n\t\t><div class=\"sow-headline-container \">\n\t\t\t\t\t\t\t<h1 class=\"sow-headline\">\n\t\t\t\t\t\t  m+f KEG-Technik GmbH &amp; Co. KG, votre sp\u00e9cialiste du nettoyage et remplissage de f\u00fbts !\t\t\t\t\t\t<\/h1>\n\t\t\t\t\t\t\t\t\t\t\t<div class=\"decoration\">\n\t\t\t\t\t\t<div class=\"decoration-inside\"><\/div>\n\t\t\t\t\t<\/div>\n\t\t\t\t\t<\/div>\n<\/div><\/div><div id=\"panel-2851-0-0-1\" class=\"so-panel widget widget_sow-editor panel-last-child\" data-index=\"1\" ><div\n\t\t\t\n\t\t\tclass=\"so-widget-sow-editor so-widget-sow-editor-base\"\n\t\t\t\n\t\t>\n<div class=\"siteorigin-widget-tinymce textwidget\">\n\t<h4><span style=\"font-family: 'Open Sans';\">Avec plus de 50 ans d'exp\u00e9rience dans le domaine des KEG et apr\u00e8s avoir vendu plus de 2 700 machines dans plus de 100 pays, nous nous affirmons aujourd'hui comme des sp\u00e9cialistes. <\/span><\/h4>\n<h4><span style=\"font-family: 'Open Sans';\">Notre gamme de produits comprend des machines individuelles aux installations compl\u00e8tes pour le nettoyage et le remplissage de KEG ordinaires, des \u00e9quipements compl\u00e9mentaires ainsi que des machines de remplissage pour les KEG \u00e0 usage unique. <\/span><\/h4>\n<h4><span style=\"font-family: 'Open Sans';\">m+f KEG-Technik GmbH &amp; Co. KG offre \u00e0 ses clients un service complet, du premier contact \u00e0 la fourniture de pi\u00e8ces de rechange. Ainsi, nous sommes en mesure de r\u00e9pondre rapidement et efficacement aux besoins individuels mais aussi aux exigences sp\u00e9cifiques de nos clients. <\/span><\/h4>\n<h4><span style=\"font-family: 'Open Sans';\">Toutes les machines sont fabriqu\u00e9es dans notre propre usine de production \u00e0 Bottrop en Allemagne, et sont export\u00e9es dans le monde entier. <\/span><\/h4>\n<h4><span style=\"font-family: 'Open Sans';\">De l'identification de vos besoins \u00e0 la mise \u00e0 disposition de services et de solutions sp\u00e9cifiques, d\u00e9couvrez en plus sur notre entreprise!<\/span><\/h4>\n<\/div>\n<\/div><\/div><\/div><\/div><div id=\"pg-2851-1\"  class=\"panel-grid panel-has-style\" ><div class=\"siteorigin-panels-stretch panel-row-style panel-row-style-for-2851-1\" data-stretch-type=\"full\" ><div id=\"pgc-2851-1-0\"  class=\"panel-grid-cell\" ><div id=\"panel-2851-1-0-0\" class=\"so-panel widget widget_sow-headline panel-first-child\" data-index=\"2\" ><div\n\t\t\t\n\t\t\tclass=\"so-widget-sow-headline so-widget-sow-headline-default-5711d017a6a3-2851\"\n\t\t\t\n\t\t><div class=\"sow-headline-container \">\n\t\t\t\t\t\t\t<h1 class=\"sow-headline\">\n\t\t\t\t\t\t\t\t\t\t\t\t\t<a href=\"https:\/\/www.mfkegtechnik.com\/fr\/nos-produits\/\" >\n\t\t\t\t\t\t\t\tNOS PRODUITS<\/a>\t\t\t\t\t\t<\/h1>\n\t\t\t\t\t\t\t\t\t\t\t<div class=\"decoration\">\n\t\t\t\t\t\t<div class=\"decoration-inside\"><\/div>\n\t\t\t\t\t<\/div>\n\t\t\t\t\t\t\t\t\t\t\t<h3 class=\"sow-sub-headline\">\n\t\t\t\t\t\tNous serions ravis de cr\u00e9er une machine sur-mesure r\u00e9pondant \u00e0 vos besoins.\t\t\t\t\t\t<\/h3>\n\t\t\t\t\t\t<\/div>\n<\/div><\/div><div id=\"panel-2851-1-0-1\" class=\"so-panel widget widget_siteorigin-panels-builder\" data-index=\"3\" ><div id=\"pl-w5f78a9a7de5a9\"  class=\"panel-layout\" ><div id=\"pg-w5f78a9a7de5a9-0\"  class=\"panel-grid panel-no-style\" ><div id=\"pgc-w5f78a9a7de5a9-0-0\"  class=\"panel-grid-cell\" ><div id=\"panel-w5f78a9a7de5a9-0-0-0\" class=\"so-panel widget widget_sow-image panel-first-child panel-last-child\" data-index=\"0\" ><div\n\t\t\t\n\t\t\tclass=\"so-widget-sow-image so-widget-sow-image-default-c67d20f9f743\"\n\t\t\t\n\t\t>\n<div class=\"sow-image-container\">\n\t\t<img \n\tsrc=\"https:\/\/www.mfkegtechnik.com\/wp-content\/uploads\/2019\/08\/Homepage-2.png\" width=\"609\" height=\"677\" srcset=\"https:\/\/www.mfkegtechnik.com\/wp-content\/uploads\/2019\/08\/Homepage-2.png 609w, https:\/\/www.mfkegtechnik.com\/wp-content\/uploads\/2019\/08\/Homepage-2-270x300.png 270w\" sizes=\"(max-width: 609px) 100vw, 609px\" title=\"Produits relatifs aux f\u00fbts\" alt=\"sp\u00e9cialiste-du-nettoyage-et-enfutage\" \t\tclass=\"so-widget-image\"\/>\n\t<\/div>\n\n<\/div><\/div><\/div><div id=\"pgc-w5f78a9a7de5a9-0-1\"  class=\"panel-grid-cell\" ><div id=\"panel-w5f78a9a7de5a9-0-1-0\" class=\"so-panel widget widget_sow-editor panel-first-child panel-last-child\" data-index=\"1\" ><div\n\t\t\t\n\t\t\tclass=\"so-widget-sow-editor so-widget-sow-editor-base\"\n\t\t\t\n\t\t>\n<div class=\"siteorigin-widget-tinymce textwidget\">\n\t<h4><\/h4>\n<p>&nbsp;<\/p>\n<h3><span style=\"color: #ffffff; font-size: 14pt;\"><strong>\u2666 \u00a0 <\/strong><strong><a style=\"color: #ffffff;\" href=\"https:\/\/www.mfkegtechnik.com\/fr\/nettoyage-interieur-futs\/\">Laveuse de f\u00fbts<\/a><\/strong><\/span><\/h3>\n<h3><span style=\"color: #ffffff; font-size: 14pt;\"><strong>\u2666 \u00a0 <\/strong><strong><a style=\"color: #ffffff;\" href=\"https:\/\/www.mfkegtechnik.com\/fr\/nettoyage-remplissage-futs\/\">Laveuse-remplisseuse de f\u00fbts<\/a><\/strong><\/span><\/h3>\n<h3><span style=\"color: #ffffff; font-size: 14pt;\"><strong>\u2666 \u00a0 <\/strong><strong><a style=\"color: #ffffff;\" href=\"https:\/\/www.mfkegtechnik.com\/fr\/remplissage-futs-one-way\/\">Remplisseuse de f\u00fbts one-way<\/a><\/strong><\/span><\/h3>\n<h3><span style=\"color: #ffffff; font-size: 14pt;\"><strong>\u2666 \u00a0 <\/strong><strong><a style=\"color: #ffffff;\" href=\"https:\/\/www.mfkegtechnik.com\/fr\/nettoyage-exterieur-futs\/\">Laveuse ext\u00e9rieure de f\u00fbts<\/a><\/strong><\/span><\/h3>\n<h3><span style=\"color: #ffffff; font-size: 14pt;\"><strong>\u2666 \u00a0 <\/strong><strong><a style=\"color: #ffffff;\" href=\"https:\/\/www.mfkegtechnik.com\/fr\/lignes-futs\/\">Lignes d\u00b4embouteillage<\/a><\/strong><\/span><\/h3>\n<h3><span style=\"color: #ffffff; font-size: 14pt;\"><strong>\u2666 \u00a0 <\/strong><strong><a style=\"color: #ffffff;\" href=\"https:\/\/www.mfkegtechnik.com\/fr\/manutention-futs\/\">Mat\u00e9riel de manutention de f\u00fbts\u00a0<\/a><\/strong><\/span><\/h3>\n<h3><span style=\"color: #ffffff; font-size: 14pt;\"><strong>\u2666 \u00a0 <a style=\"color: #ffffff;\" href=\"https:\/\/www.mfkegtechnik.com\/fr\/detecteur-fuite-gaz\/\">D\u00e9tecteur de fuite de gaz<\/a><\/strong><\/span><\/h3>\n<h3><\/h3>\n<h3><\/h3>\n<p>&nbsp;<\/p>\n<h3><span style=\"color: #ffffff; font-size: 14pt;\"><strong>\u00a0 \u2026\u00a0 et plein d\u00b4autres solutions relatives aux f\u00fbts.<\/strong><\/span><\/h3>\n<\/div>\n<\/div><\/div><\/div><\/div><div id=\"pg-w5f78a9a7de5a9-1\"  class=\"panel-grid panel-no-style\" ><div id=\"pgc-w5f78a9a7de5a9-1-0\"  class=\"panel-grid-cell\" ><div id=\"panel-w5f78a9a7de5a9-1-0-0\" class=\"so-panel widget widget_sow-button panel-first-child panel-last-child\" data-index=\"2\" ><div\n\t\t\t\n\t\t\tclass=\"so-widget-sow-button so-widget-sow-button-atom-c0822ced0d81\"\n\t\t\t\n\t\t><div class=\"ow-button-base ow-button-align-center\"\n>\n\t\t\t<a\n\t\t\t\t\thref=\"https:\/\/www.mfkegtechnik.com\/fr\/nos-produits\/\"\n\t\t\t\t\tclass=\"sowb-button ow-icon-placement-left ow-button-hover\" \t>\n\t\t<span>\n\t\t\t\n\t\t\tNos produits\t\t<\/span>\n\t\t\t<\/a>\n\t<\/div>\n<\/div><\/div><\/div><\/div><\/div><\/div><div id=\"panel-2851-1-0-2\" class=\"so-panel widget widget_sow-editor panel-last-child\" data-index=\"4\" ><div\n\t\t\t\n\t\t\tclass=\"so-widget-sow-editor so-widget-sow-editor-base\"\n\t\t\t\n\t\t>\n<div class=\"siteorigin-widget-tinymce textwidget\">\n\t<\/div>\n<\/div><\/div><\/div><\/div><\/div><div id=\"pg-2851-2\"  class=\"panel-grid panel-has-style\" ><div class=\"siteorigin-panels-stretch panel-row-style panel-row-style-for-2851-2\" data-stretch-type=\"full\" ><div id=\"pgc-2851-2-0\"  class=\"panel-grid-cell\" ><div id=\"panel-2851-2-0-0\" class=\"so-panel widget widget_sow-headline panel-first-child\" data-index=\"5\" ><div\n\t\t\t\n\t\t\tclass=\"so-widget-sow-headline so-widget-sow-headline-default-f927659a63be-2851\"\n\t\t\t\n\t\t><div class=\"sow-headline-container \">\n\t\t\t\t\t\t\t<h1 class=\"sow-headline\">\n\t\t\t\t\t\tNOS SERVICES\t\t\t\t\t\t<\/h1>\n\t\t\t\t\t\t\t\t\t\t\t<div class=\"decoration\">\n\t\t\t\t\t\t<div class=\"decoration-inside\"><\/div>\n\t\t\t\t\t<\/div>\n\t\t\t\t\t\t\t\t\t\t\t<h3 class=\"sow-sub-headline\">\n\t\t\t\t\t\tNous mettons nos connaissances et notre savoir-faire \u00e0 votre service.\t\t\t\t\t\t<\/h3>\n\t\t\t\t\t\t<\/div>\n<\/div><\/div><div id=\"panel-2851-2-0-1\" class=\"so-panel widget widget_siteorigin-panels-builder\" data-index=\"6\" ><div id=\"pl-w5d3ea42a6f066\"  class=\"panel-layout\" ><div id=\"pg-w5d3ea42a6f066-0\"  class=\"panel-grid panel-no-style\" ><div id=\"pgc-w5d3ea42a6f066-0-0\"  class=\"panel-grid-cell\" ><div id=\"panel-w5d3ea42a6f066-0-0-0\" class=\"so-panel widget widget_sow-image panel-first-child panel-last-child\" data-index=\"0\" ><div\n\t\t\t\n\t\t\tclass=\"so-widget-sow-image so-widget-sow-image-default-c67d20f9f743\"\n\t\t\t\n\t\t>\n<div class=\"sow-image-container\">\n\t\t\t<a href=\"https:\/\/www.mfkegtechnik.com\/contact-us\/\"\n\t\t\t\t\t>\n\t\t\t<img \n\tsrc=\"https:\/\/www.mfkegtechnik.com\/wp-content\/uploads\/2019\/07\/ing\u00e9nierie-1.png\" width=\"304\" height=\"204\" srcset=\"https:\/\/www.mfkegtechnik.com\/wp-content\/uploads\/2019\/07\/ing\u00e9nierie-1.png 304w, https:\/\/www.mfkegtechnik.com\/wp-content\/uploads\/2019\/07\/ing\u00e9nierie-1-300x201.png 300w, https:\/\/www.mfkegtechnik.com\/wp-content\/uploads\/2019\/07\/ing\u00e9nierie-1-272x182.png 272w\" sizes=\"(max-width: 304px) 100vw, 304px\" title=\"ing\u00e9nierie\" alt=\"sp\u00e9cialiste-du-nettoyage-et-enfutage\" \t\tclass=\"so-widget-image\"\/>\n\t\t\t<\/a><\/div>\n\n<\/div><\/div><\/div><div id=\"pgc-w5d3ea42a6f066-0-1\"  class=\"panel-grid-cell\" ><div id=\"panel-w5d3ea42a6f066-0-1-0\" class=\"so-panel widget widget_sow-image panel-first-child panel-last-child\" data-index=\"1\" ><div\n\t\t\t\n\t\t\tclass=\"so-widget-sow-image so-widget-sow-image-default-c67d20f9f743\"\n\t\t\t\n\t\t>\n<div class=\"sow-image-container\">\n\t\t\t<a href=\"https:\/\/www.mfkegtechnik.com\/contact-us\/\"\n\t\t\t\t\t>\n\t\t\t<img \n\tsrc=\"https:\/\/www.mfkegtechnik.com\/wp-content\/uploads\/2019\/07\/maintenance-preventive-1.png\" width=\"304\" height=\"202\" srcset=\"https:\/\/www.mfkegtechnik.com\/wp-content\/uploads\/2019\/07\/maintenance-preventive-1.png 304w, https:\/\/www.mfkegtechnik.com\/wp-content\/uploads\/2019\/07\/maintenance-preventive-1-300x199.png 300w, https:\/\/www.mfkegtechnik.com\/wp-content\/uploads\/2019\/07\/maintenance-preventive-1-272x182.png 272w\" sizes=\"(max-width: 304px) 100vw, 304px\" title=\"Maintenance pr\u00e9ventive\" alt=\"sp\u00e9cialiste-du-nettoyage-et-enfutage\" \t\tclass=\"so-widget-image\"\/>\n\t\t\t<\/a><\/div>\n\n<\/div><\/div><\/div><div id=\"pgc-w5d3ea42a6f066-0-2\"  class=\"panel-grid-cell\" ><div id=\"panel-w5d3ea42a6f066-0-2-0\" class=\"so-panel widget widget_sow-image panel-first-child panel-last-child\" data-index=\"2\" ><div\n\t\t\t\n\t\t\tclass=\"so-widget-sow-image so-widget-sow-image-default-c67d20f9f743\"\n\t\t\t\n\t\t>\n<div class=\"sow-image-container\">\n\t\t\t<a href=\"https:\/\/www.mfkegtechnik.com\/contact-us\/\"\n\t\t\t\t\t>\n\t\t\t<img \n\tsrc=\"https:\/\/www.mfkegtechnik.com\/wp-content\/uploads\/2019\/07\/assistance-1.png\" width=\"303\" height=\"203\" srcset=\"https:\/\/www.mfkegtechnik.com\/wp-content\/uploads\/2019\/07\/assistance-1.png 303w, https:\/\/www.mfkegtechnik.com\/wp-content\/uploads\/2019\/07\/assistance-1-300x201.png 300w, https:\/\/www.mfkegtechnik.com\/wp-content\/uploads\/2019\/07\/assistance-1-272x182.png 272w\" sizes=\"(max-width: 303px) 100vw, 303px\" title=\"Assistance\" alt=\"sp\u00e9cialiste-du-nettoyage-et-enfutage\" \t\tclass=\"so-widget-image\"\/>\n\t\t\t<\/a><\/div>\n\n<\/div><\/div><\/div><\/div><\/div><\/div><div id=\"panel-2851-2-0-2\" class=\"so-panel widget widget_sow-editor panel-last-child\" data-index=\"7\" ><div\n\t\t\t\n\t\t\tclass=\"so-widget-sow-editor so-widget-sow-editor-base\"\n\t\t\t\n\t\t>\n<div class=\"siteorigin-widget-tinymce textwidget\">\n\t<\/div>\n<\/div><\/div><\/div><\/div><\/div><div id=\"pg-2851-3\"  class=\"panel-grid panel-no-style\" ><div id=\"pgc-2851-3-0\"  class=\"panel-grid-cell panel-grid-cell-empty\" ><\/div><\/div><div id=\"pg-2851-4\"  class=\"panel-grid panel-has-style\" ><div class=\"siteorigin-panels-stretch panel-row-style panel-row-style-for-2851-4\" data-stretch-type=\"full\" ><div id=\"pgc-2851-4-0\"  class=\"panel-grid-cell\" ><div id=\"panel-2851-4-0-0\" class=\"so-panel widget widget_siteorigin-panels-builder panel-first-child panel-last-child\" data-index=\"8\" ><div id=\"pl-w6458fb5ba4206\"  class=\"panel-layout\" ><div id=\"pg-w6458fb5ba4206-0\"  class=\"panel-grid panel-no-style\" ><div id=\"pgc-w6458fb5ba4206-0-0\"  class=\"panel-grid-cell\" ><div id=\"panel-w6458fb5ba4206-0-0-0\" class=\"so-panel widget widget_sow-headline panel-first-child\" data-index=\"0\" ><div\n\t\t\t\n\t\t\tclass=\"so-widget-sow-headline so-widget-sow-headline-default-fb9b5b03b6bd\"\n\t\t\t\n\t\t><div class=\"sow-headline-container \">\n\t\t\t\t\t\t\t<h2 class=\"sow-headline\">\n\t\t\t\t\t\tNous contacter\t\t\t\t\t\t<\/h2>\n\t\t\t\t\t\t<\/div>\n<\/div><\/div><div id=\"panel-w6458fb5ba4206-0-0-1\" class=\"so-panel widget widget_sow-editor panel-last-child\" data-index=\"1\" ><div\n\t\t\t\n\t\t\tclass=\"so-widget-sow-editor so-widget-sow-editor-base\"\n\t\t\t\n\t\t>\n<div class=\"siteorigin-widget-tinymce textwidget\">\n\t<h3><span style=\"color: #ffffff;\"><strong>T\u00e9l\u00e9phone:<\/strong> +49-2041 7430<\/span><\/h3>\n<h3><span style=\"color: #ffffff;\"><strong>Email:<\/strong> info@mfkegtechnik.de<\/span><\/h3>\n<h3><span style=\"color: #ffffff;\"><strong>Adresse:<\/strong> Weusterstrasse 27, 46240 Bottrop, Allemagne<\/span><\/h3>\n<\/div>\n<\/div><\/div><\/div><div id=\"pgc-w6458fb5ba4206-0-1\"  class=\"panel-grid-cell panel-grid-cell-empty\" ><\/div><div id=\"pgc-w6458fb5ba4206-0-2\"  class=\"panel-grid-cell\" ><div id=\"panel-w6458fb5ba4206-0-2-0\" class=\"so-panel widget widget_sow-headline panel-first-child\" data-index=\"2\" ><div\n\t\t\t\n\t\t\tclass=\"so-widget-sow-headline so-widget-sow-headline-default-fb9b5b03b6bd\"\n\t\t\t\n\t\t><div class=\"sow-headline-container \">\n\t\t\t\t\t\t\t<h2 class=\"sow-headline\">\n\t\t\t\t\t\tRetrouvez-nous sur les r\u00e9seaux sociaux !\t\t\t\t\t\t<\/h2>\n\t\t\t\t\t\t<\/div>\n<\/div><\/div><div id=\"panel-w6458fb5ba4206-0-2-1\" class=\"so-panel widget widget_sow-social-media-buttons panel-last-child\" data-index=\"3\" ><div\n\t\t\t\n\t\t\tclass=\"so-widget-sow-social-media-buttons so-widget-sow-social-media-buttons-atom-11d56b8df59f\"\n\t\t\t\n\t\t>\n\n<div class=\"social-media-button-container\">\n\t\n\t\t<a \n\t\tclass=\"ow-button-hover sow-social-media-button-youtube-0 sow-social-media-button\" title=\"YouTube\" aria-label=\"YouTube\" target=\"_blank\" rel=\"noopener noreferrer\" href=\"https:\/\/www.youtube.com\/user\/KEGTechnik\/https:\/\/www.youtube.com\/\" \t\t>\n\t\t\t<span>\n\t\t\t\t\t\t\t\t<span class=\"sow-icon-fontawesome sow-fab\" data-sow-icon=\"&#xf167;\"\n\t\t \n\t\taria-hidden=\"true\"><\/span>\t\t\t\t\t\t\t<\/span>\n\t\t<\/a>\n\t\n\t\t<a \n\t\tclass=\"ow-button-hover sow-social-media-button-facebook-0 sow-social-media-button\" title=\"Facebook\" aria-label=\"Facebook\" target=\"_blank\" rel=\"noopener noreferrer\" href=\"https:\/\/www.facebook.com\/people\/mf-KEG-Technik-GmbH-Co-KG\/100064038185115\/\" \t\t>\n\t\t\t<span>\n\t\t\t\t\t\t\t\t<span class=\"sow-icon-fontawesome sow-fab\" data-sow-icon=\"&#xf39e;\"\n\t\t \n\t\taria-hidden=\"true\"><\/span>\t\t\t\t\t\t\t<\/span>\n\t\t<\/a>\n\t\n\t\t<a \n\t\tclass=\"ow-button-hover sow-social-media-button-instagram-0 sow-social-media-button\" title=\"Instagram\" aria-label=\"Instagram\" target=\"_blank\" rel=\"noopener noreferrer\" href=\"https:\/\/www.instagram.com\/mf_kegtechnik\/\" \t\t>\n\t\t\t<span>\n\t\t\t\t\t\t\t\t<span class=\"sow-icon-fontawesome sow-fab\" data-sow-icon=\"&#xf16d;\"\n\t\t \n\t\taria-hidden=\"true\"><\/span>\t\t\t\t\t\t\t<\/span>\n\t\t<\/a>\n\t\n\t\t<a \n\t\tclass=\"ow-button-hover sow-social-media-button-linkedin-0 sow-social-media-button\" title=\"LinkedIn\" aria-label=\"LinkedIn\" target=\"_blank\" rel=\"noopener noreferrer\" href=\"https:\/\/linkedin.com\/company\/m-f-keg-technik-gmbh-&#038;-co.-kg\" \t\t>\n\t\t\t<span>\n\t\t\t\t\t\t\t\t<span class=\"sow-icon-fontawesome sow-fab\" data-sow-icon=\"&#xf0e1;\"\n\t\t \n\t\taria-hidden=\"true\"><\/span>\t\t\t\t\t\t\t<\/span>\n\t\t<\/a>\n\t\n\t\t<a \n\t\tclass=\"ow-button-hover sow-social-media-button-whatsapp-0 sow-social-media-button\" title=\"Whatsapp\" aria-label=\"Whatsapp\" target=\"_blank\" rel=\"noopener noreferrer\" href=\"https:\/\/api.whatsapp.com\/send?phone=491631366831\" \t\t>\n\t\t\t<span>\n\t\t\t\t\t\t\t\t<span class=\"sow-icon-fontawesome sow-fab\" data-sow-icon=\"&#xf232;\"\n\t\t \n\t\taria-hidden=\"true\"><\/span>\t\t\t\t\t\t\t<\/span>\n\t\t<\/a>\n\t<\/div>\n<\/div><\/div><\/div><\/div><div id=\"pg-w6458fb5ba4206-1\"  class=\"panel-grid panel-no-style\" ><div id=\"pgc-w6458fb5ba4206-1-0\"  class=\"panel-grid-cell panel-grid-cell-empty\" ><\/div><div id=\"pgc-w6458fb5ba4206-1-1\"  class=\"panel-grid-cell panel-grid-cell-empty\" ><\/div><div id=\"pgc-w6458fb5ba4206-1-2\"  class=\"panel-grid-cell panel-grid-cell-empty\" ><\/div><div id=\"pgc-w6458fb5ba4206-1-3\"  class=\"panel-grid-cell\" ><div id=\"panel-w6458fb5ba4206-1-3-0\" class=\"so-panel widget widget_black-studio-tinymce widget_black_studio_tinymce panel-first-child panel-last-child\" data-index=\"4\" ><div class=\"textwidget\"><p style=\"text-align: left;\"><a href=\"https:\/\/mfkegtechnik.com\/impressum\/\" target=\"_blank\" rel=\"noopener\"><span style=\"color: #ffffff;\">Mentions l\u00e9gales<\/span><\/a><\/p>\n<\/div><\/div><\/div><div id=\"pgc-w6458fb5ba4206-1-4\"  class=\"panel-grid-cell\" ><div id=\"panel-w6458fb5ba4206-1-4-0\" class=\"so-panel widget widget_black-studio-tinymce widget_black_studio_tinymce panel-first-child panel-last-child\" data-index=\"5\" ><div class=\"textwidget\"><p style=\"text-align: left;\"><a href=\"https:\/\/www.mfkegtechnik.com\/privacy-policy\/\" target=\"_blank\" rel=\"noopener\"><span style=\"color: #ffffff;\">Protection des donn\u00e9es<\/span><\/a><\/p>\n<\/div><\/div><\/div><div id=\"pgc-w6458fb5ba4206-1-5\"  class=\"panel-grid-cell\" ><div id=\"panel-w6458fb5ba4206-1-5-0\" class=\"so-panel widget widget_black-studio-tinymce widget_black_studio_tinymce panel-first-child panel-last-child\" data-index=\"6\" ><div class=\"textwidget\"><p style=\"text-align: left;\"><a href=\"https:\/\/www.mfkegtechnik.com\/cookie-policy\/\" target=\"_blank\" rel=\"noopener\"><span style=\"color: #ffffff;\">Cookie politique<\/span><\/a><\/p>\n<\/div><\/div><\/div><\/div><\/div><\/div><\/div><\/div><\/div><\/div>","protected":false},"excerpt":{"rendered":"<p>Avec plus de 50 ans d&#8217;exp\u00e9rience dans le domaine des KEG et apr\u00e8s avoir vendu plus de 2 700 machines dans plus de 100 pays, nous nous affirmons aujourd&#8217;hui comme des sp\u00e9cialistes. Notre gamme de produits comprend des machines individuelles aux installations compl\u00e8tes pour le nettoyage et le remplissage de KEG ordinaires, des \u00e9quipements compl\u00e9mentaires ainsi que des machines de remplissage pour les KEG \u00e0 usage unique. m+f KEG-Technik GmbH &hellip;<a class=\"excerpt\" href=\"https:\/\/www.mfkegtechnik.com\/fr\/\">Read More<\/a><\/p>\n","protected":false},"author":2,"featured_media":0,"parent":0,"menu_order":0,"comment_status":"closed","ping_status":"closed","template":"","meta":{"footnotes":""},"class_list":["post-2851","page","type-page","status-publish","hentry"],"yoast_head":"<!-- This site is optimized with the Yoast SEO plugin v27.3 - https:\/\/yoast.com\/product\/yoast-seo-wordpress\/ -->\n<title>Sp\u00e9cialiste du nettoyage et remplissage de f\u00fbts - m+f KEG-technik GmbH<\/title>\n<meta name=\"description\" content=\"m+f KEG-Technik GmbH est sp\u00e9cialiste du nettoyage et remplissage de f\u00fbts et possede tout le savoir-faire pour les \u00e9quipements relatifs aux f\u00fbts.\" \/>\n<meta name=\"robots\" content=\"index, follow, max-snippet:-1, max-image-preview:large, max-video-preview:-1\" \/>\n<link rel=\"canonical\" href=\"https:\/\/www.mfkegtechnik.com\/fr\/\" \/>\n<meta property=\"og:locale\" content=\"fr_FR\" \/>\n<meta property=\"og:type\" content=\"article\" \/>\n<meta property=\"og:title\" content=\"Sp\u00e9cialiste du nettoyage et remplissage de f\u00fbts - m+f KEG-technik GmbH\" \/>\n<meta property=\"og:description\" content=\"m+f KEG-Technik GmbH est sp\u00e9cialiste du nettoyage et remplissage de f\u00fbts et possede tout le savoir-faire pour les \u00e9quipements relatifs aux f\u00fbts.\" \/>\n<meta property=\"og:url\" content=\"https:\/\/www.mfkegtechnik.com\/fr\/\" \/>\n<meta property=\"og:site_name\" content=\"m+f KEG-Technik GmbH &amp; Co. KG\" \/>\n<meta property=\"article:modified_time\" content=\"2024-04-02T14:53:36+00:00\" \/>\n<meta name=\"twitter:card\" content=\"summary_large_image\" \/>\n<meta name=\"twitter:label1\" content=\"Dur\u00e9e de lecture estim\u00e9e\" \/>\n\t<meta name=\"twitter:data1\" content=\"3 minutes\" \/>\n<script type=\"application\/ld+json\" class=\"yoast-schema-graph\">{\"@context\":\"https:\\\/\\\/schema.org\",\"@graph\":[{\"@type\":\"WebPage\",\"@id\":\"https:\\\/\\\/www.mfkegtechnik.com\\\/fr\\\/\",\"url\":\"https:\\\/\\\/www.mfkegtechnik.com\\\/fr\\\/\",\"name\":\"Sp\u00e9cialiste du nettoyage et remplissage de f\u00fbts - m+f KEG-technik GmbH\",\"isPartOf\":{\"@id\":\"https:\\\/\\\/www.mfkegtechnik.com\\\/fr\\\/#website\"},\"datePublished\":\"2019-06-12T10:02:33+00:00\",\"dateModified\":\"2024-04-02T14:53:36+00:00\",\"description\":\"m+f KEG-Technik GmbH est sp\u00e9cialiste du nettoyage et remplissage de f\u00fbts et possede tout le savoir-faire pour les \u00e9quipements relatifs aux f\u00fbts.\",\"breadcrumb\":{\"@id\":\"https:\\\/\\\/www.mfkegtechnik.com\\\/fr\\\/#breadcrumb\"},\"inLanguage\":\"fr-FR\",\"potentialAction\":[{\"@type\":\"ReadAction\",\"target\":[\"https:\\\/\\\/www.mfkegtechnik.com\\\/fr\\\/\"]}]},{\"@type\":\"BreadcrumbList\",\"@id\":\"https:\\\/\\\/www.mfkegtechnik.com\\\/fr\\\/#breadcrumb\",\"itemListElement\":[{\"@type\":\"ListItem\",\"position\":1,\"name\":\"Accueil\",\"item\":\"https:\\\/\\\/www.mfkegtechnik.com\\\/fr\\\/\"},{\"@type\":\"ListItem\",\"position\":2,\"name\":\"Accueil\"}]},{\"@type\":\"WebSite\",\"@id\":\"https:\\\/\\\/www.mfkegtechnik.com\\\/fr\\\/#website\",\"url\":\"https:\\\/\\\/www.mfkegtechnik.com\\\/fr\\\/\",\"name\":\"m+f KEG-Technik GmbH &amp; Co. KG\",\"description\":\"We keep your KEGs clean !\",\"potentialAction\":[{\"@type\":\"SearchAction\",\"target\":{\"@type\":\"EntryPoint\",\"urlTemplate\":\"https:\\\/\\\/www.mfkegtechnik.com\\\/fr\\\/?s={search_term_string}\"},\"query-input\":{\"@type\":\"PropertyValueSpecification\",\"valueRequired\":true,\"valueName\":\"search_term_string\"}}],\"inLanguage\":\"fr-FR\"}]}<\/script>\n<!-- \/ Yoast SEO plugin. -->","yoast_head_json":{"title":"Sp\u00e9cialiste du nettoyage et remplissage de f\u00fbts - m+f KEG-technik GmbH","description":"m+f KEG-Technik GmbH est sp\u00e9cialiste du nettoyage et remplissage de f\u00fbts et possede tout le savoir-faire pour les \u00e9quipements relatifs aux f\u00fbts.","robots":{"index":"index","follow":"follow","max-snippet":"max-snippet:-1","max-image-preview":"max-image-preview:large","max-video-preview":"max-video-preview:-1"},"canonical":"https:\/\/www.mfkegtechnik.com\/fr\/","og_locale":"fr_FR","og_type":"article","og_title":"Sp\u00e9cialiste du nettoyage et remplissage de f\u00fbts - m+f KEG-technik GmbH","og_description":"m+f KEG-Technik GmbH est sp\u00e9cialiste du nettoyage et remplissage de f\u00fbts et possede tout le savoir-faire pour les \u00e9quipements relatifs aux f\u00fbts.","og_url":"https:\/\/www.mfkegtechnik.com\/fr\/","og_site_name":"m+f KEG-Technik GmbH &amp; Co. KG","article_modified_time":"2024-04-02T14:53:36+00:00","twitter_card":"summary_large_image","twitter_misc":{"Dur\u00e9e de lecture estim\u00e9e":"3 minutes"},"schema":{"@context":"https:\/\/schema.org","@graph":[{"@type":"WebPage","@id":"https:\/\/www.mfkegtechnik.com\/fr\/","url":"https:\/\/www.mfkegtechnik.com\/fr\/","name":"Sp\u00e9cialiste du nettoyage et remplissage de f\u00fbts - m+f KEG-technik GmbH","isPartOf":{"@id":"https:\/\/www.mfkegtechnik.com\/fr\/#website"},"datePublished":"2019-06-12T10:02:33+00:00","dateModified":"2024-04-02T14:53:36+00:00","description":"m+f KEG-Technik GmbH est sp\u00e9cialiste du nettoyage et remplissage de f\u00fbts et possede tout le savoir-faire pour les \u00e9quipements relatifs aux f\u00fbts.","breadcrumb":{"@id":"https:\/\/www.mfkegtechnik.com\/fr\/#breadcrumb"},"inLanguage":"fr-FR","potentialAction":[{"@type":"ReadAction","target":["https:\/\/www.mfkegtechnik.com\/fr\/"]}]},{"@type":"BreadcrumbList","@id":"https:\/\/www.mfkegtechnik.com\/fr\/#breadcrumb","itemListElement":[{"@type":"ListItem","position":1,"name":"Accueil","item":"https:\/\/www.mfkegtechnik.com\/fr\/"},{"@type":"ListItem","position":2,"name":"Accueil"}]},{"@type":"WebSite","@id":"https:\/\/www.mfkegtechnik.com\/fr\/#website","url":"https:\/\/www.mfkegtechnik.com\/fr\/","name":"m+f KEG-Technik GmbH &amp; Co. KG","description":"We keep your KEGs clean !","potentialAction":[{"@type":"SearchAction","target":{"@type":"EntryPoint","urlTemplate":"https:\/\/www.mfkegtechnik.com\/fr\/?s={search_term_string}"},"query-input":{"@type":"PropertyValueSpecification","valueRequired":true,"valueName":"search_term_string"}}],"inLanguage":"fr-FR"}]}},"_links":{"self":[{"href":"https:\/\/www.mfkegtechnik.com\/fr\/wp-json\/wp\/v2\/pages\/2851","targetHints":{"allow":["GET"]}}],"collection":[{"href":"https:\/\/www.mfkegtechnik.com\/fr\/wp-json\/wp\/v2\/pages"}],"about":[{"href":"https:\/\/www.mfkegtechnik.com\/fr\/wp-json\/wp\/v2\/types\/page"}],"author":[{"embeddable":true,"href":"https:\/\/www.mfkegtechnik.com\/fr\/wp-json\/wp\/v2\/users\/2"}],"replies":[{"embeddable":true,"href":"https:\/\/www.mfkegtechnik.com\/fr\/wp-json\/wp\/v2\/comments?post=2851"}],"version-history":[{"count":14,"href":"https:\/\/www.mfkegtechnik.com\/fr\/wp-json\/wp\/v2\/pages\/2851\/revisions"}],"predecessor-version":[{"id":19623,"href":"https:\/\/www.mfkegtechnik.com\/fr\/wp-json\/wp\/v2\/pages\/2851\/revisions\/19623"}],"wp:attachment":[{"href":"https:\/\/www.mfkegtechnik.com\/fr\/wp-json\/wp\/v2\/media?parent=2851"}],"curies":[{"name":"wp","href":"https:\/\/api.w.org\/{rel}","templated":true}]}}