{"id":2862,"date":"2019-06-12T07:57:22","date_gmt":"2019-06-12T06:57:22","guid":{"rendered":"http:\/\/www.mfkegtechnik.com\/upcoming-events\/"},"modified":"2026-04-15T09:58:53","modified_gmt":"2026-04-15T08:58:53","slug":"evenements","status":"publish","type":"page","link":"https:\/\/www.mfkegtechnik.com\/fr\/evenements\/","title":{"rendered":"\u00c9v\u00e9nements"},"content":{"rendered":"<div id=\"pl-2862\"  class=\"panel-layout\" ><div id=\"pg-2862-0\"  class=\"panel-grid panel-has-style\" ><div class=\"siteorigin-panels-stretch panel-row-style panel-row-style-for-2862-0\" data-stretch-type=\"full\" ><div id=\"pgc-2862-0-0\"  class=\"panel-grid-cell\" ><div id=\"panel-2862-0-0-0\" class=\"so-panel widget widget_sow-headline panel-first-child panel-last-child\" data-index=\"0\" ><div class=\"panel-widget-style panel-widget-style-for-2862-0-0-0\" ><div\n\t\t\t\n\t\t\tclass=\"so-widget-sow-headline so-widget-sow-headline-default-d8e56e01e3be-2862\"\n\t\t\t\n\t\t><div class=\"sow-headline-container \">\n\t\t\t\t\t\t\t<h2 class=\"sow-headline\">\n\t\t\t\t\t\tL\u00b4AGENDA DE NOS \u00c9V\u00c9NEMENTS\t\t\t\t\t\t<\/h2>\n\t\t\t\t\t\t<\/div>\n<\/div><\/div><\/div><\/div><\/div><\/div><div id=\"pg-2862-1\"  class=\"panel-grid panel-no-style\" ><div id=\"pgc-2862-1-0\"  class=\"panel-grid-cell\" ><div id=\"panel-2862-1-0-0\" class=\"so-panel widget widget_sow-editor panel-first-child panel-last-child\" data-index=\"1\" ><div\n\t\t\t\n\t\t\tclass=\"so-widget-sow-editor so-widget-sow-editor-base\"\n\t\t\t\n\t\t>\n<div class=\"siteorigin-widget-tinymce textwidget\">\n\t<p><a href=\"https:\/\/www.mfkegtechnik.com\/wp-content\/uploads\/2019\/07\/20171019_121140.jpg\" target=\"_blank\" rel=\"noopener\"><img loading=\"lazy\" decoding=\"async\" class=\"wp-image-4221 alignnone\" src=\"https:\/\/www.mfkegtechnik.com\/wp-content\/uploads\/2019\/07\/20171019_121140-300x169.jpg\" alt=\"\" width=\"293\" height=\"165\" srcset=\"https:\/\/www.mfkegtechnik.com\/wp-content\/uploads\/2019\/07\/20171019_121140-300x169.jpg 300w, https:\/\/www.mfkegtechnik.com\/wp-content\/uploads\/2019\/07\/20171019_121140-768x432.jpg 768w, https:\/\/www.mfkegtechnik.com\/wp-content\/uploads\/2019\/07\/20171019_121140-1024x576.jpg 1024w, https:\/\/www.mfkegtechnik.com\/wp-content\/uploads\/2019\/07\/20171019_121140-940x529.jpg 940w\" sizes=\"auto, (max-width: 293px) 100vw, 293px\" \/><\/a><\/p>\n<\/div>\n<\/div><\/div><\/div><div id=\"pgc-2862-1-1\"  class=\"panel-grid-cell\" ><div id=\"panel-2862-1-1-0\" class=\"so-panel widget widget_sow-editor panel-first-child panel-last-child\" data-index=\"2\" ><div\n\t\t\t\n\t\t\tclass=\"so-widget-sow-editor so-widget-sow-editor-base\"\n\t\t\t\n\t\t>\n<div class=\"siteorigin-widget-tinymce textwidget\">\n\t<p><a href=\"https:\/\/www.mfkegtechnik.com\/wp-content\/uploads\/2021\/10\/CEBC.png\"><img loading=\"lazy\" decoding=\"async\" class=\"alignnone wp-image-19213 size-full\" src=\"https:\/\/www.mfkegtechnik.com\/wp-content\/uploads\/2023\/07\/Messestand-1.png\" alt=\"\" width=\"293\" height=\"165\" \/><\/a><\/p>\n<\/div>\n<\/div><\/div><\/div><div id=\"pgc-2862-1-2\"  class=\"panel-grid-cell\" ><div id=\"panel-2862-1-2-0\" class=\"so-panel widget widget_sow-editor panel-first-child panel-last-child\" data-index=\"3\" ><div\n\t\t\t\n\t\t\tclass=\"so-widget-sow-editor so-widget-sow-editor-base\"\n\t\t\t\n\t\t>\n<div class=\"siteorigin-widget-tinymce textwidget\">\n\t<p><a href=\"https:\/\/www.mfkegtechnik.com\/wp-content\/uploads\/2017\/03\/Messestand.jpg\" target=\"_blank\" rel=\"noopener\"><img loading=\"lazy\" decoding=\"async\" class=\"wp-image-792 alignnone\" src=\"https:\/\/www.mfkegtechnik.com\/wp-content\/uploads\/2017\/03\/Messestand-300x169.jpg\" alt=\"\" width=\"293\" height=\"165\" srcset=\"https:\/\/www.mfkegtechnik.com\/wp-content\/uploads\/2017\/03\/Messestand-300x169.jpg 300w, https:\/\/www.mfkegtechnik.com\/wp-content\/uploads\/2017\/03\/Messestand-768x432.jpg 768w, https:\/\/www.mfkegtechnik.com\/wp-content\/uploads\/2017\/03\/Messestand-1024x576.jpg 1024w, https:\/\/www.mfkegtechnik.com\/wp-content\/uploads\/2017\/03\/Messestand-940x529.jpg 940w, https:\/\/www.mfkegtechnik.com\/wp-content\/uploads\/2017\/03\/Messestand.jpg 1032w\" sizes=\"auto, (max-width: 293px) 100vw, 293px\" \/><\/a><\/p>\n<\/div>\n<\/div><\/div><\/div><\/div><div id=\"pg-2862-2\"  class=\"panel-grid panel-no-style\" ><div id=\"pgc-2862-2-0\"  class=\"panel-grid-cell\" ><div id=\"panel-2862-2-0-0\" class=\"so-panel widget widget_sow-editor panel-first-child panel-last-child\" data-index=\"4\" ><div\n\t\t\t\n\t\t\tclass=\"so-widget-sow-editor so-widget-sow-editor-base\"\n\t\t\t\n\t\t>\n<div class=\"siteorigin-widget-tinymce textwidget\">\n\t<h3 style=\"text-align: center;\"><span style=\"color: #000000;\">m + f KEG-Technik participe r\u00e9guli\u00e8rement \u00e0 des \u00e9v\u00e9nements, conf\u00e9rences et foires professionnelles. Ces \u00e9v\u00e9nements r\u00e9unissent diff\u00e9rents acteurs de l\u00b4industrie brassicole et des boissons, en Allemagne et \u00e0 l\u00b4\u00e9tranger.<\/span><\/h3>\n<h3 style=\"text-align: center;\"><span style=\"color: #000000;\">Notre pr\u00e9sence lors de ces \u00e9v\u00e9nements se mat\u00e9rialise sous la forme de stands, o\u00f9 vous pouvez venir nous poser toutes vos questions.<\/span><\/h3>\n<h3 style=\"text-align: center;\"><span style=\"color: #000000;\">N\u2019h\u00e9sitez pas \u00e0 venir nous rencontrer lors de ces \u00e9v\u00e8nements, nous serons heureux de vous accueillir et d\u2019\u00e9changer avec vous.<\/span><\/h3>\n<\/div>\n<\/div><\/div><\/div><\/div><div id=\"pg-2862-3\"  class=\"panel-grid panel-no-style\" ><div id=\"pgc-2862-3-0\"  class=\"panel-grid-cell panel-grid-cell-empty\" ><\/div><\/div><div id=\"pg-2862-4\"  class=\"panel-grid panel-no-style\" ><div id=\"pgc-2862-4-0\"  class=\"panel-grid-cell\" ><div id=\"panel-2862-4-0-0\" class=\"so-panel widget widget_sow-headline panel-first-child\" data-index=\"5\" ><div\n\t\t\t\n\t\t\tclass=\"so-widget-sow-headline so-widget-sow-headline-default-1d5bd0ccd197-2862\"\n\t\t\t\n\t\t><div class=\"sow-headline-container \">\n\t\t\t\t\t\t\t<h1 class=\"sow-headline\">\n\t\t\t\t\t\t\u00c9v\u00e9nements  2026\t\t\t\t\t\t<\/h1>\n\t\t\t\t\t\t\t\t\t\t\t<div class=\"decoration\">\n\t\t\t\t\t\t<div class=\"decoration-inside\"><\/div>\n\t\t\t\t\t<\/div>\n\t\t\t\t\t<\/div>\n<\/div><\/div><div id=\"panel-2862-4-0-1\" class=\"so-panel widget widget_siteorigin-panels-builder\" data-index=\"6\" ><div id=\"pl-w69df534dc3dc6\"  class=\"panel-layout\" ><div id=\"pg-w69df534dc3dc6-0\"  class=\"panel-grid panel-no-style\" ><div id=\"pgc-w69df534dc3dc6-0-0\"  class=\"panel-grid-cell panel-grid-cell-empty\" ><\/div><div id=\"pgc-w69df534dc3dc6-0-1\"  class=\"panel-grid-cell panel-grid-cell-mobile-last\" ><div id=\"panel-w69df534dc3dc6-0-1-0\" class=\"so-panel widget widget_sow-editor panel-first-child panel-last-child\" data-index=\"0\" ><div\n\t\t\t\n\t\t\tclass=\"so-widget-sow-editor so-widget-sow-editor-base\"\n\t\t\t\n\t\t>\n<div class=\"siteorigin-widget-tinymce textwidget\">\n\t<h3><\/h3>\n<h3><span style=\"color: #000000;\">\u21d2\u00a0 Du 10 au 12 novembre 2026: <\/span><span style=\"color: #ff9900;\"><a style=\"color: #ff9900;\" href=\"https:\/\/www.braubeviale.de\/en\"><strong>BrauBeviale<\/strong><\/a><\/span><\/h3>\n<h3><span style=\"color: #000000;\">(<\/span>Nuremberg, Allemagne<span style=\"color: #000000;\">) <\/span><strong>\u2013<span style=\"color: #000000;\"> Hall 7, Stand #299<\/span><\/strong><\/h3>\n<\/div>\n<\/div><\/div><\/div><div id=\"pgc-w69df534dc3dc6-0-2\"  class=\"panel-grid-cell panel-grid-cell-empty\" ><\/div><\/div><\/div><\/div><div id=\"panel-2862-4-0-2\" class=\"so-panel widget widget_sow-editor panel-last-child\" data-index=\"7\" ><div\n\t\t\t\n\t\t\tclass=\"so-widget-sow-editor so-widget-sow-editor-base\"\n\t\t\t\n\t\t>\n<div class=\"siteorigin-widget-tinymce textwidget\">\n\t<\/div>\n<\/div><\/div><\/div><\/div><div id=\"pg-2862-5\"  class=\"panel-grid panel-no-style\" ><div id=\"pgc-2862-5-0\"  class=\"panel-grid-cell\" ><div id=\"panel-2862-5-0-0\" class=\"so-panel widget widget_sow-editor panel-first-child panel-last-child\" data-index=\"8\" ><div\n\t\t\t\n\t\t\tclass=\"so-widget-sow-editor so-widget-sow-editor-base\"\n\t\t\t\n\t\t>\n<div class=\"siteorigin-widget-tinymce textwidget\">\n\t<p><img loading=\"lazy\" decoding=\"async\" class=\"alignnone size-full wp-image-20131 aligncenter\" src=\"https:\/\/www.mfkegtechnik.com\/wp-content\/uploads\/2025\/03\/Eventseite-1.png\" alt=\"\" width=\"300\" height=\"167\" \/><\/p>\n<\/div>\n<\/div><\/div><\/div><div id=\"pgc-2862-5-1\"  class=\"panel-grid-cell\" ><div id=\"panel-2862-5-1-0\" class=\"so-panel widget widget_sow-editor panel-first-child panel-last-child\" data-index=\"9\" ><div\n\t\t\t\n\t\t\tclass=\"so-widget-sow-editor so-widget-sow-editor-base\"\n\t\t\t\n\t\t>\n<div class=\"siteorigin-widget-tinymce textwidget\">\n\t<p style=\"text-align: center;\"><img loading=\"lazy\" decoding=\"async\" class=\"alignnone size-full wp-image-20136\" src=\"https:\/\/www.mfkegtechnik.com\/wp-content\/uploads\/2025\/03\/Eventseite-2.png\" alt=\"\" width=\"123\" height=\"167\" \/><\/p>\n<\/div>\n<\/div><\/div><\/div><div id=\"pgc-2862-5-2\"  class=\"panel-grid-cell\" ><div id=\"panel-2862-5-2-0\" class=\"so-panel widget widget_sow-editor panel-first-child panel-last-child\" data-index=\"10\" ><div\n\t\t\t\n\t\t\tclass=\"so-widget-sow-editor so-widget-sow-editor-base\"\n\t\t\t\n\t\t>\n<div class=\"siteorigin-widget-tinymce textwidget\">\n\t<p><img loading=\"lazy\" decoding=\"async\" class=\"alignnone size-full wp-image-20141 aligncenter\" src=\"https:\/\/www.mfkegtechnik.com\/wp-content\/uploads\/2025\/03\/Eventseite-3.png\" alt=\"\" width=\"123\" height=\"167\" \/><\/p>\n<\/div>\n<\/div><\/div><\/div><div id=\"pgc-2862-5-3\"  class=\"panel-grid-cell\" ><div id=\"panel-2862-5-3-0\" class=\"so-panel widget widget_sow-editor panel-first-child panel-last-child\" data-index=\"11\" ><div\n\t\t\t\n\t\t\tclass=\"so-widget-sow-editor so-widget-sow-editor-base\"\n\t\t\t\n\t\t>\n<div class=\"siteorigin-widget-tinymce textwidget\">\n\t<p><img loading=\"lazy\" decoding=\"async\" class=\"alignnone size-full wp-image-20079 aligncenter\" src=\"https:\/\/www.mfkegtechnik.com\/wp-content\/uploads\/2025\/02\/Messe-wagen.png\" alt=\"\" width=\"298\" height=\"199\" srcset=\"https:\/\/www.mfkegtechnik.com\/wp-content\/uploads\/2025\/02\/Messe-wagen.png 298w, https:\/\/www.mfkegtechnik.com\/wp-content\/uploads\/2025\/02\/Messe-wagen-272x182.png 272w\" sizes=\"auto, (max-width: 298px) 100vw, 298px\" \/><\/p>\n<\/div>\n<\/div><\/div><\/div><\/div><div id=\"pg-2862-6\"  class=\"panel-grid panel-no-style\" ><div id=\"pgc-2862-6-0\"  class=\"panel-grid-cell\" ><div id=\"panel-2862-6-0-0\" class=\"so-panel widget widget_sow-button panel-first-child panel-last-child\" data-index=\"12\" ><div\n\t\t\t\n\t\t\tclass=\"so-widget-sow-button so-widget-sow-button-atom-f677b6057dea-2862\"\n\t\t\t\n\t\t><div class=\"ow-button-base ow-button-align-center\"\n>\n\t\t\t<a\n\t\t\t\t\thref=\"https:\/\/www.mfkegtechnik.com\/past-events\/\"\n\t\t\t\t\tclass=\"sowb-button ow-icon-placement-left ow-button-hover\" \t>\n\t\t<span>\n\t\t\t\n\t\t\t\u00c9v\u00e9nements pass\u00e9s\t\t<\/span>\n\t\t\t<\/a>\n\t<\/div>\n<\/div><\/div><\/div><\/div><\/div>","protected":false},"excerpt":{"rendered":"<p>L\u00b4AGENDA DE NOS \u00c9V\u00c9NEMENTS m + f KEG-Technik participe r\u00e9guli\u00e8rement \u00e0 des \u00e9v\u00e9nements, conf\u00e9rences et foires professionnelles. Ces \u00e9v\u00e9nements r\u00e9unissent diff\u00e9rents acteurs de l\u00b4industrie brassicole et des boissons, en Allemagne et \u00e0 l\u00b4\u00e9tranger. Notre pr\u00e9sence lors de ces \u00e9v\u00e9nements se mat\u00e9rialise sous la forme de stands, o\u00f9 vous pouvez venir nous poser toutes vos questions. N\u2019h\u00e9sitez pas \u00e0 venir nous rencontrer lors de ces \u00e9v\u00e8nements, nous serons heureux de vous &hellip;<a class=\"excerpt\" href=\"https:\/\/www.mfkegtechnik.com\/fr\/evenements\/\">Read More<\/a><\/p>\n","protected":false},"author":2,"featured_media":0,"parent":0,"menu_order":0,"comment_status":"closed","ping_status":"closed","template":"","meta":{"footnotes":""},"class_list":["post-2862","page","type-page","status-publish","hentry"],"yoast_head":"<!-- This site is optimized with the Yoast SEO plugin v27.3 - https:\/\/yoast.com\/product\/yoast-seo-wordpress\/ -->\n<title>\u00c9v\u00e9nements - m+f KEG-Technik GmbH &amp; Co. KG - Venez nous rencontrer!<\/title>\n<meta name=\"description\" content=\"Nous participons r\u00e9gulierement \u00e1 des \u00e9v\u00e9nements nationaux et internationaux r\u00e9unissant diff\u00e9rents acteurs du secteur brassicole et des boissons.\" \/>\n<meta name=\"robots\" content=\"index, follow, max-snippet:-1, max-image-preview:large, max-video-preview:-1\" \/>\n<link rel=\"canonical\" href=\"https:\/\/www.mfkegtechnik.com\/fr\/evenements\/\" \/>\n<meta property=\"og:locale\" content=\"fr_FR\" \/>\n<meta property=\"og:type\" content=\"article\" \/>\n<meta property=\"og:title\" content=\"\u00c9v\u00e9nements - m+f KEG-Technik GmbH &amp; Co. KG - Venez nous rencontrer!\" \/>\n<meta property=\"og:description\" content=\"Nous participons r\u00e9gulierement \u00e1 des \u00e9v\u00e9nements nationaux et internationaux r\u00e9unissant diff\u00e9rents acteurs du secteur brassicole et des boissons.\" \/>\n<meta property=\"og:url\" content=\"https:\/\/www.mfkegtechnik.com\/fr\/evenements\/\" \/>\n<meta property=\"og:site_name\" content=\"m+f KEG-Technik GmbH &amp; Co. KG\" \/>\n<meta property=\"article:modified_time\" content=\"2026-04-15T08:58:53+00:00\" \/>\n<meta property=\"og:image\" content=\"https:\/\/www.mfkegtechnik.com\/wp-content\/uploads\/2019\/07\/20171019_121140.jpg\" \/>\n\t<meta property=\"og:image:width\" content=\"5312\" \/>\n\t<meta property=\"og:image:height\" content=\"2988\" \/>\n\t<meta property=\"og:image:type\" content=\"image\/jpeg\" \/>\n<meta name=\"twitter:card\" content=\"summary_large_image\" \/>\n<meta name=\"twitter:label1\" content=\"Dur\u00e9e de lecture estim\u00e9e\" \/>\n\t<meta name=\"twitter:data1\" content=\"2 minutes\" \/>\n<script type=\"application\/ld+json\" class=\"yoast-schema-graph\">{\"@context\":\"https:\\\/\\\/schema.org\",\"@graph\":[{\"@type\":\"WebPage\",\"@id\":\"https:\\\/\\\/www.mfkegtechnik.com\\\/fr\\\/evenements\\\/\",\"url\":\"https:\\\/\\\/www.mfkegtechnik.com\\\/fr\\\/evenements\\\/\",\"name\":\"\u00c9v\u00e9nements - m+f KEG-Technik GmbH &amp; Co. KG - Venez nous rencontrer!\",\"isPartOf\":{\"@id\":\"https:\\\/\\\/www.mfkegtechnik.com\\\/fr\\\/#website\"},\"primaryImageOfPage\":{\"@id\":\"https:\\\/\\\/www.mfkegtechnik.com\\\/fr\\\/evenements\\\/#primaryimage\"},\"image\":{\"@id\":\"https:\\\/\\\/www.mfkegtechnik.com\\\/fr\\\/evenements\\\/#primaryimage\"},\"thumbnailUrl\":\"https:\\\/\\\/www.mfkegtechnik.com\\\/wp-content\\\/uploads\\\/2019\\\/07\\\/20171019_121140-300x169.jpg\",\"datePublished\":\"2019-06-12T06:57:22+00:00\",\"dateModified\":\"2026-04-15T08:58:53+00:00\",\"description\":\"Nous participons r\u00e9gulierement \u00e1 des \u00e9v\u00e9nements nationaux et internationaux r\u00e9unissant diff\u00e9rents acteurs du secteur brassicole et des boissons.\",\"breadcrumb\":{\"@id\":\"https:\\\/\\\/www.mfkegtechnik.com\\\/fr\\\/evenements\\\/#breadcrumb\"},\"inLanguage\":\"fr-FR\",\"potentialAction\":[{\"@type\":\"ReadAction\",\"target\":[\"https:\\\/\\\/www.mfkegtechnik.com\\\/fr\\\/evenements\\\/\"]}]},{\"@type\":\"ImageObject\",\"inLanguage\":\"fr-FR\",\"@id\":\"https:\\\/\\\/www.mfkegtechnik.com\\\/fr\\\/evenements\\\/#primaryimage\",\"url\":\"https:\\\/\\\/www.mfkegtechnik.com\\\/wp-content\\\/uploads\\\/2019\\\/07\\\/20171019_121140-300x169.jpg\",\"contentUrl\":\"https:\\\/\\\/www.mfkegtechnik.com\\\/wp-content\\\/uploads\\\/2019\\\/07\\\/20171019_121140-300x169.jpg\"},{\"@type\":\"BreadcrumbList\",\"@id\":\"https:\\\/\\\/www.mfkegtechnik.com\\\/fr\\\/evenements\\\/#breadcrumb\",\"itemListElement\":[{\"@type\":\"ListItem\",\"position\":1,\"name\":\"Accueil\",\"item\":\"https:\\\/\\\/www.mfkegtechnik.com\\\/fr\\\/\"},{\"@type\":\"ListItem\",\"position\":2,\"name\":\"\u00c9v\u00e9nements\"}]},{\"@type\":\"WebSite\",\"@id\":\"https:\\\/\\\/www.mfkegtechnik.com\\\/fr\\\/#website\",\"url\":\"https:\\\/\\\/www.mfkegtechnik.com\\\/fr\\\/\",\"name\":\"m+f KEG-Technik GmbH &amp; Co. KG\",\"description\":\"We keep your KEGs clean !\",\"potentialAction\":[{\"@type\":\"SearchAction\",\"target\":{\"@type\":\"EntryPoint\",\"urlTemplate\":\"https:\\\/\\\/www.mfkegtechnik.com\\\/fr\\\/?s={search_term_string}\"},\"query-input\":{\"@type\":\"PropertyValueSpecification\",\"valueRequired\":true,\"valueName\":\"search_term_string\"}}],\"inLanguage\":\"fr-FR\"}]}<\/script>\n<!-- \/ Yoast SEO plugin. -->","yoast_head_json":{"title":"\u00c9v\u00e9nements - m+f KEG-Technik GmbH &amp; Co. KG - Venez nous rencontrer!","description":"Nous participons r\u00e9gulierement \u00e1 des \u00e9v\u00e9nements nationaux et internationaux r\u00e9unissant diff\u00e9rents acteurs du secteur brassicole et des boissons.","robots":{"index":"index","follow":"follow","max-snippet":"max-snippet:-1","max-image-preview":"max-image-preview:large","max-video-preview":"max-video-preview:-1"},"canonical":"https:\/\/www.mfkegtechnik.com\/fr\/evenements\/","og_locale":"fr_FR","og_type":"article","og_title":"\u00c9v\u00e9nements - m+f KEG-Technik GmbH &amp; Co. KG - Venez nous rencontrer!","og_description":"Nous participons r\u00e9gulierement \u00e1 des \u00e9v\u00e9nements nationaux et internationaux r\u00e9unissant diff\u00e9rents acteurs du secteur brassicole et des boissons.","og_url":"https:\/\/www.mfkegtechnik.com\/fr\/evenements\/","og_site_name":"m+f KEG-Technik GmbH &amp; Co. KG","article_modified_time":"2026-04-15T08:58:53+00:00","og_image":[{"width":5312,"height":2988,"url":"https:\/\/www.mfkegtechnik.com\/wp-content\/uploads\/2019\/07\/20171019_121140.jpg","type":"image\/jpeg"}],"twitter_card":"summary_large_image","twitter_misc":{"Dur\u00e9e de lecture estim\u00e9e":"2 minutes"},"schema":{"@context":"https:\/\/schema.org","@graph":[{"@type":"WebPage","@id":"https:\/\/www.mfkegtechnik.com\/fr\/evenements\/","url":"https:\/\/www.mfkegtechnik.com\/fr\/evenements\/","name":"\u00c9v\u00e9nements - m+f KEG-Technik GmbH &amp; Co. KG - Venez nous rencontrer!","isPartOf":{"@id":"https:\/\/www.mfkegtechnik.com\/fr\/#website"},"primaryImageOfPage":{"@id":"https:\/\/www.mfkegtechnik.com\/fr\/evenements\/#primaryimage"},"image":{"@id":"https:\/\/www.mfkegtechnik.com\/fr\/evenements\/#primaryimage"},"thumbnailUrl":"https:\/\/www.mfkegtechnik.com\/wp-content\/uploads\/2019\/07\/20171019_121140-300x169.jpg","datePublished":"2019-06-12T06:57:22+00:00","dateModified":"2026-04-15T08:58:53+00:00","description":"Nous participons r\u00e9gulierement \u00e1 des \u00e9v\u00e9nements nationaux et internationaux r\u00e9unissant diff\u00e9rents acteurs du secteur brassicole et des boissons.","breadcrumb":{"@id":"https:\/\/www.mfkegtechnik.com\/fr\/evenements\/#breadcrumb"},"inLanguage":"fr-FR","potentialAction":[{"@type":"ReadAction","target":["https:\/\/www.mfkegtechnik.com\/fr\/evenements\/"]}]},{"@type":"ImageObject","inLanguage":"fr-FR","@id":"https:\/\/www.mfkegtechnik.com\/fr\/evenements\/#primaryimage","url":"https:\/\/www.mfkegtechnik.com\/wp-content\/uploads\/2019\/07\/20171019_121140-300x169.jpg","contentUrl":"https:\/\/www.mfkegtechnik.com\/wp-content\/uploads\/2019\/07\/20171019_121140-300x169.jpg"},{"@type":"BreadcrumbList","@id":"https:\/\/www.mfkegtechnik.com\/fr\/evenements\/#breadcrumb","itemListElement":[{"@type":"ListItem","position":1,"name":"Accueil","item":"https:\/\/www.mfkegtechnik.com\/fr\/"},{"@type":"ListItem","position":2,"name":"\u00c9v\u00e9nements"}]},{"@type":"WebSite","@id":"https:\/\/www.mfkegtechnik.com\/fr\/#website","url":"https:\/\/www.mfkegtechnik.com\/fr\/","name":"m+f KEG-Technik GmbH &amp; Co. KG","description":"We keep your KEGs clean !","potentialAction":[{"@type":"SearchAction","target":{"@type":"EntryPoint","urlTemplate":"https:\/\/www.mfkegtechnik.com\/fr\/?s={search_term_string}"},"query-input":{"@type":"PropertyValueSpecification","valueRequired":true,"valueName":"search_term_string"}}],"inLanguage":"fr-FR"}]}},"_links":{"self":[{"href":"https:\/\/www.mfkegtechnik.com\/fr\/wp-json\/wp\/v2\/pages\/2862","targetHints":{"allow":["GET"]}}],"collection":[{"href":"https:\/\/www.mfkegtechnik.com\/fr\/wp-json\/wp\/v2\/pages"}],"about":[{"href":"https:\/\/www.mfkegtechnik.com\/fr\/wp-json\/wp\/v2\/types\/page"}],"author":[{"embeddable":true,"href":"https:\/\/www.mfkegtechnik.com\/fr\/wp-json\/wp\/v2\/users\/2"}],"replies":[{"embeddable":true,"href":"https:\/\/www.mfkegtechnik.com\/fr\/wp-json\/wp\/v2\/comments?post=2862"}],"version-history":[{"count":75,"href":"https:\/\/www.mfkegtechnik.com\/fr\/wp-json\/wp\/v2\/pages\/2862\/revisions"}],"predecessor-version":[{"id":20879,"href":"https:\/\/www.mfkegtechnik.com\/fr\/wp-json\/wp\/v2\/pages\/2862\/revisions\/20879"}],"wp:attachment":[{"href":"https:\/\/www.mfkegtechnik.com\/fr\/wp-json\/wp\/v2\/media?parent=2862"}],"curies":[{"name":"wp","href":"https:\/\/api.w.org\/{rel}","templated":true}]}}