{"id":2866,"date":"2019-06-12T07:34:52","date_gmt":"2019-06-12T06:34:52","guid":{"rendered":"http:\/\/www.mfkegtechnik.com\/co2-leakage-detector\/"},"modified":"2019-08-13T08:38:33","modified_gmt":"2019-08-13T07:38:33","slug":"detecteur-fuite-gaz","status":"publish","type":"page","link":"https:\/\/www.mfkegtechnik.com\/fr\/detecteur-fuite-gaz\/","title":{"rendered":"D\u00e9tecteur de fuite de gaz"},"content":{"rendered":"<div id=\"pl-2866\"  class=\"panel-layout\" ><div id=\"pg-2866-0\"  class=\"panel-grid panel-no-style\" ><div id=\"pgc-2866-0-0\"  class=\"panel-grid-cell\" ><div id=\"panel-2866-0-0-0\" class=\"so-panel widget widget_sow-headline panel-first-child\" data-index=\"0\" ><div\n\t\t\t\n\t\t\tclass=\"so-widget-sow-headline so-widget-sow-headline-default-09e8b5ce81e0-2866\"\n\t\t\t\n\t\t><div class=\"sow-headline-container \">\n\t\t\t\t\t\t\t<h1 class=\"sow-headline\">\n\t\t\t\t\t\tPr\u00e9sentation du d\u00e9tecteur de fuite de gaz\t\t\t\t\t\t<\/h1>\n\t\t\t\t\t\t\t\t\t\t\t<div class=\"decoration\">\n\t\t\t\t\t\t<div class=\"decoration-inside\"><\/div>\n\t\t\t\t\t<\/div>\n\t\t\t\t\t<\/div>\n<\/div><\/div><div id=\"panel-2866-0-0-1\" class=\"so-panel widget widget_sow-editor panel-last-child\" data-index=\"1\" ><div\n\t\t\t\n\t\t\tclass=\"so-widget-sow-editor so-widget-sow-editor-base\"\n\t\t\t\n\t\t>\n<div class=\"siteorigin-widget-tinymce textwidget\">\n\t<\/div>\n<\/div><\/div><\/div><\/div><div id=\"pg-2866-1\"  class=\"panel-grid panel-no-style\" ><div id=\"pgc-2866-1-0\"  class=\"panel-grid-cell\" ><div id=\"panel-2866-1-0-0\" class=\"so-panel widget widget_sow-image panel-first-child\" data-index=\"2\" ><div\n\t\t\t\n\t\t\tclass=\"so-widget-sow-image so-widget-sow-image-default-c67d20f9f743-2866\"\n\t\t\t\n\t\t>\n<div class=\"sow-image-container\">\n\t\t<img \n\tsrc=\"https:\/\/www.mfkegtechnik.com\/wp-content\/uploads\/2018\/09\/CO2-Leckagepr\u00fcfer.jpg\" width=\"864\" height=\"1296\" srcset=\"https:\/\/www.mfkegtechnik.com\/wp-content\/uploads\/2018\/09\/CO2-Leckagepr\u00fcfer.jpg 864w, https:\/\/www.mfkegtechnik.com\/wp-content\/uploads\/2018\/09\/CO2-Leckagepr\u00fcfer-200x300.jpg 200w, https:\/\/www.mfkegtechnik.com\/wp-content\/uploads\/2018\/09\/CO2-Leckagepr\u00fcfer-768x1152.jpg 768w, https:\/\/www.mfkegtechnik.com\/wp-content\/uploads\/2018\/09\/CO2-Leckagepr\u00fcfer-683x1024.jpg 683w\" sizes=\"(max-width: 864px) 100vw, 864px\" title=\"D\u00e9tecteur de fuite CO2\" alt=\"detecteur-fuite-gaz\" \t\tclass=\"so-widget-image\"\/>\n\t<\/div>\n\n<\/div><\/div><div id=\"panel-2866-1-0-1\" class=\"so-panel widget widget_sow-editor panel-last-child\" data-index=\"3\" ><div\n\t\t\t\n\t\t\tclass=\"so-widget-sow-editor so-widget-sow-editor-base\"\n\t\t\t\n\t\t>\n<div class=\"siteorigin-widget-tinymce textwidget\">\n\t<h6><span style=\"color: #ffffff;\">The leakage detector detects in a fully automatic manner any leakages at the KEG-Fitting. This machine includes all electric and pneumatic parts required for its operation. In order to meet the <a style=\"color: #ffffff;\" href=\"https:\/\/ec.europa.eu\/food\/safety\/general_food_law_en\">European requirements<\/a> and to ensure the quality of your products, the base frame and all important mechanical elements are made of welded stainless steel.The leakage detector detects in a fully automatic manner any leakages at the KEG-Fitting. This machine includes all electric and pneumatic parts required for its operation. In order to meet the <a style=\"color: #ffffff;\" href=\"https:\/\/ec.europa.eu\/food\/safety\/general_food_law_en\">European requirements<\/a> and to ensure the quality of your products, the base frame and all important mechanical elements are made of welded stainless steel.<\/span><\/h6>\n<\/div>\n<\/div><\/div><\/div><div id=\"pgc-2866-1-1\"  class=\"panel-grid-cell\" ><div id=\"panel-2866-1-1-0\" class=\"so-panel widget widget_sow-headline panel-first-child\" data-index=\"4\" ><div\n\t\t\t\n\t\t\tclass=\"so-widget-sow-headline so-widget-sow-headline-default-f16591bb046e-2866\"\n\t\t\t\n\t\t><div class=\"sow-headline-container \">\n\t\t\t\t\t\t\t<h1 class=\"sow-headline\">\n\t\t\t\t\t\tCARACT\u00c9RISTIQUES\t\t\t\t\t\t<\/h1>\n\t\t\t\t\t\t\t\t\t\t\t<div class=\"decoration\">\n\t\t\t\t\t\t<div class=\"decoration-inside\"><\/div>\n\t\t\t\t\t<\/div>\n\t\t\t\t\t<\/div>\n<\/div><\/div><div id=\"panel-2866-1-1-1\" class=\"so-panel widget widget_sow-editor\" data-index=\"5\" ><div\n\t\t\t\n\t\t\tclass=\"so-widget-sow-editor so-widget-sow-editor-base\"\n\t\t\t\n\t\t>\n<div class=\"siteorigin-widget-tinymce textwidget\">\n\t<h4><span style=\"color: #000000;\">Le d\u00e9tecteur de fuite de gaz d\u00e9tecte de fa\u00e7on compl\u00e9tement automatique toute fuite lors du raccord des f\u00fbts.<\/span><\/h4>\n<h4><span style=\"color: #000000;\">Cette machine comprend tous les \u00e9l\u00e9ments \u00e9lectriques et pneumatiques n\u00e9cessaires \u00e0 son fonctionnement.<\/span><\/h4>\n<h4><span style=\"color: #000000;\">Afin de respecter les normes europ\u00e9ennes et d\u00b4assurer la qualit\u00e9 de vos produits, le ch\u00e2ssis et tous les \u00e9l\u00e9ments m\u00e9caniques importants sont soud\u00e9s avec de l\u00b4acier inoxydable. <span style=\"color: #ffffff;\">D\u00e9tecteur de fuite de gaz<\/span><\/span><\/h4>\n<\/div>\n<\/div><\/div><div id=\"panel-2866-1-1-2\" class=\"so-panel widget widget_sow-headline\" data-index=\"6\" ><div\n\t\t\t\n\t\t\tclass=\"so-widget-sow-headline so-widget-sow-headline-default-f16591bb046e-2866\"\n\t\t\t\n\t\t><div class=\"sow-headline-container \">\n\t\t\t\t\t\t\t<h1 class=\"sow-headline\">\n\t\t\t\t\t\tDONN\u00c9ES TECHNIQUES\t\t\t\t\t\t<\/h1>\n\t\t\t\t\t\t\t\t\t\t\t<div class=\"decoration\">\n\t\t\t\t\t\t<div class=\"decoration-inside\"><\/div>\n\t\t\t\t\t<\/div>\n\t\t\t\t\t<\/div>\n<\/div><\/div><div id=\"panel-2866-1-1-3\" class=\"so-panel widget widget_sow-editor\" data-index=\"7\" ><div\n\t\t\t\n\t\t\tclass=\"so-widget-sow-editor so-widget-sow-editor-base\"\n\t\t\t\n\t\t>\n<div class=\"siteorigin-widget-tinymce textwidget\">\n\t<h4><span style=\"color: #ff6600;\"><strong>Cadence : 250 f\u00fbts\/h<\/strong><\/span><\/h4>\n<h4><span style=\"color: #000000;\"><strong>Stations :<\/strong> d\u00e9tecteur de f\u00fbts<\/span><\/h4>\n<h4><span style=\"color: #000000;\"><strong>Dimensions :<\/strong> \u00a0 \u00a0\u00a0 <strong>Largeur (B)\u00a0<\/strong>\u00a0\u00a0\u00a0\u00a0\u00a0\u00a0\u00a0\u00a0\u00a0\u00a0\u00a0 \u00a0\u00a0\u00a0: <strong>700<\/strong>mm<\/span><\/h4>\n<h4><span style=\"color: #000000;\">\u00a0 \u00a0 \u00a0 \u00a0 \u00a0 \u00a0 \u00a0 \u00a0 \u00a0 \u00a0 \u00a0 \u00a0 \u00a0 \u00a0\u00a0 <strong>Longueur (L)\u00a0\u00a0\u00a0\u00a0\u00a0<\/strong>\u00a0\u00a0\u00a0\u00a0\u00a0\u00a0\u00a0\u00a0 : <strong>1.210<\/strong> mm<\/span><\/h4>\n<h4><span style=\"color: #000000;\">\u00a0 \u00a0 \u00a0 \u00a0 \u00a0 \u00a0 \u00a0 \u00a0 \u00a0 \u00a0 \u00a0 \u00a0 \u00a0 \u00a0\u00a0 <strong>Hauteur(H) \u00a0 \u00a0 <\/strong>\u00a0 \u00a0 \u00a0 \u00a0 \u00a0 \u00a0 : <strong>2.235<\/strong> mm +\/- <strong>50<\/strong><\/span><\/h4>\n<h4><span style=\"color: #000000;\"><strong>Tension :<\/strong> <strong>230\/400<\/strong>V, <strong>50<\/strong>Hz, <strong>3-phase<\/strong><\/span><\/h4>\n<\/div>\n<\/div><\/div><div id=\"panel-2866-1-1-4\" class=\"so-panel widget widget_sow-headline\" data-index=\"8\" ><div\n\t\t\t\n\t\t\tclass=\"so-widget-sow-headline so-widget-sow-headline-default-f16591bb046e-2866\"\n\t\t\t\n\t\t><div class=\"sow-headline-container \">\n\t\t\t\t\t\t\t<h1 class=\"sow-headline\">\n\t\t\t\t\t\tAVANTAGES\t\t\t\t\t\t<\/h1>\n\t\t\t\t\t\t\t\t\t\t\t<div class=\"decoration\">\n\t\t\t\t\t\t<div class=\"decoration-inside\"><\/div>\n\t\t\t\t\t<\/div>\n\t\t\t\t\t<\/div>\n<\/div><\/div><div id=\"panel-2866-1-1-5\" class=\"so-panel widget widget_sow-editor\" data-index=\"9\" ><div\n\t\t\t\n\t\t\tclass=\"so-widget-sow-editor so-widget-sow-editor-base\"\n\t\t\t\n\t\t>\n<div class=\"siteorigin-widget-tinymce textwidget\">\n\t<h4 style=\"padding-left: 40px;\">Traitement rapide<\/h4>\n<h4 style=\"padding-left: 40px;\">Totalement automatique<\/h4>\n<\/div>\n<\/div><\/div><div id=\"panel-2866-1-1-6\" class=\"so-panel widget widget_sow-button panel-last-child\" data-index=\"10\" ><div\n\t\t\t\n\t\t\tclass=\"so-widget-sow-button so-widget-sow-button-atom-45a38d61cbbe-2866\"\n\t\t\t\n\t\t><div class=\"ow-button-base ow-button-align-center\"\n>\n\t\t\t<a\n\t\t\t\t\thref=\"http:\/\/www.mfkegtechnik.com\/wp-content\/uploads\/2018\/09\/CO2-leakage-detector.pdf\"\n\t\t\t\t\tclass=\"sowb-button ow-icon-placement-left ow-button-hover\" target=\"_blank\" rel=\"noopener noreferrer\" \t>\n\t\t<span>\n\t\t\t\n\t\t\tT\u00e9l\u00e9charger la fiche technique (PDF)\t\t<\/span>\n\t\t\t<\/a>\n\t<\/div>\n<\/div><\/div><\/div><\/div><\/div>","protected":false},"excerpt":{"rendered":"<p>The leakage detector detects in a fully automatic manner any leakages at the KEG-Fitting. This machine includes all electric and pneumatic parts required for its operation. In order to meet the European requirements and to ensure the quality of your products, the base frame and all important mechanical elements are made of welded stainless steel.The leakage detector detects in a fully automatic manner any leakages at the KEG-Fitting. This machine &hellip;<a class=\"excerpt\" href=\"https:\/\/www.mfkegtechnik.com\/fr\/detecteur-fuite-gaz\/\">Read More<\/a><\/p>\n","protected":false},"author":2,"featured_media":0,"parent":0,"menu_order":0,"comment_status":"closed","ping_status":"closed","template":"","meta":{"footnotes":""},"class_list":["post-2866","page","type-page","status-publish","hentry"],"yoast_head":"<!-- This site is optimized with the Yoast SEO plugin v27.3 - https:\/\/yoast.com\/product\/yoast-seo-wordpress\/ -->\n<title>D\u00e9tecteur de fuite de gaz - m+f KEG-Technik GmbH &amp; Co. KG<\/title>\n<meta name=\"description\" content=\"Notre d\u00e9tecteur de fuite de gaz d\u00e9tecte automatiquement toutes les fuites lors du raccord des f\u00fbts. En savoir plus sur notre produit...\" \/>\n<meta name=\"robots\" content=\"index, follow, max-snippet:-1, max-image-preview:large, max-video-preview:-1\" \/>\n<link rel=\"canonical\" href=\"https:\/\/www.mfkegtechnik.com\/fr\/detecteur-fuite-gaz\/\" \/>\n<meta property=\"og:locale\" content=\"fr_FR\" \/>\n<meta property=\"og:type\" content=\"article\" \/>\n<meta property=\"og:title\" content=\"D\u00e9tecteur de fuite de gaz - m+f KEG-Technik GmbH &amp; Co. KG\" \/>\n<meta property=\"og:description\" content=\"Notre d\u00e9tecteur de fuite de gaz d\u00e9tecte automatiquement toutes les fuites lors du raccord des f\u00fbts. En savoir plus sur notre produit...\" \/>\n<meta property=\"og:url\" content=\"https:\/\/www.mfkegtechnik.com\/fr\/detecteur-fuite-gaz\/\" \/>\n<meta property=\"og:site_name\" content=\"m+f KEG-Technik GmbH &amp; Co. KG\" \/>\n<meta property=\"article:modified_time\" content=\"2019-08-13T07:38:33+00:00\" \/>\n<meta name=\"twitter:card\" content=\"summary_large_image\" \/>\n<meta name=\"twitter:label1\" content=\"Dur\u00e9e de lecture estim\u00e9e\" \/>\n\t<meta name=\"twitter:data1\" content=\"1 minute\" \/>\n<script type=\"application\/ld+json\" class=\"yoast-schema-graph\">{\"@context\":\"https:\\\/\\\/schema.org\",\"@graph\":[{\"@type\":\"WebPage\",\"@id\":\"https:\\\/\\\/www.mfkegtechnik.com\\\/fr\\\/detecteur-fuite-gaz\\\/\",\"url\":\"https:\\\/\\\/www.mfkegtechnik.com\\\/fr\\\/detecteur-fuite-gaz\\\/\",\"name\":\"D\u00e9tecteur de fuite de gaz - m+f KEG-Technik GmbH &amp; Co. KG\",\"isPartOf\":{\"@id\":\"https:\\\/\\\/www.mfkegtechnik.com\\\/fr\\\/#website\"},\"datePublished\":\"2019-06-12T06:34:52+00:00\",\"dateModified\":\"2019-08-13T07:38:33+00:00\",\"description\":\"Notre d\u00e9tecteur de fuite de gaz d\u00e9tecte automatiquement toutes les fuites lors du raccord des f\u00fbts. En savoir plus sur notre produit...\",\"breadcrumb\":{\"@id\":\"https:\\\/\\\/www.mfkegtechnik.com\\\/fr\\\/detecteur-fuite-gaz\\\/#breadcrumb\"},\"inLanguage\":\"fr-FR\",\"potentialAction\":[{\"@type\":\"ReadAction\",\"target\":[\"https:\\\/\\\/www.mfkegtechnik.com\\\/fr\\\/detecteur-fuite-gaz\\\/\"]}]},{\"@type\":\"BreadcrumbList\",\"@id\":\"https:\\\/\\\/www.mfkegtechnik.com\\\/fr\\\/detecteur-fuite-gaz\\\/#breadcrumb\",\"itemListElement\":[{\"@type\":\"ListItem\",\"position\":1,\"name\":\"Accueil\",\"item\":\"https:\\\/\\\/www.mfkegtechnik.com\\\/fr\\\/\"},{\"@type\":\"ListItem\",\"position\":2,\"name\":\"D\u00e9tecteur de fuite de gaz\"}]},{\"@type\":\"WebSite\",\"@id\":\"https:\\\/\\\/www.mfkegtechnik.com\\\/fr\\\/#website\",\"url\":\"https:\\\/\\\/www.mfkegtechnik.com\\\/fr\\\/\",\"name\":\"m+f KEG-Technik GmbH &amp; Co. KG\",\"description\":\"We keep your KEGs clean !\",\"potentialAction\":[{\"@type\":\"SearchAction\",\"target\":{\"@type\":\"EntryPoint\",\"urlTemplate\":\"https:\\\/\\\/www.mfkegtechnik.com\\\/fr\\\/?s={search_term_string}\"},\"query-input\":{\"@type\":\"PropertyValueSpecification\",\"valueRequired\":true,\"valueName\":\"search_term_string\"}}],\"inLanguage\":\"fr-FR\"}]}<\/script>\n<!-- \/ Yoast SEO plugin. -->","yoast_head_json":{"title":"D\u00e9tecteur de fuite de gaz - m+f KEG-Technik GmbH &amp; Co. KG","description":"Notre d\u00e9tecteur de fuite de gaz d\u00e9tecte automatiquement toutes les fuites lors du raccord des f\u00fbts. En savoir plus sur notre produit...","robots":{"index":"index","follow":"follow","max-snippet":"max-snippet:-1","max-image-preview":"max-image-preview:large","max-video-preview":"max-video-preview:-1"},"canonical":"https:\/\/www.mfkegtechnik.com\/fr\/detecteur-fuite-gaz\/","og_locale":"fr_FR","og_type":"article","og_title":"D\u00e9tecteur de fuite de gaz - m+f KEG-Technik GmbH &amp; Co. KG","og_description":"Notre d\u00e9tecteur de fuite de gaz d\u00e9tecte automatiquement toutes les fuites lors du raccord des f\u00fbts. En savoir plus sur notre produit...","og_url":"https:\/\/www.mfkegtechnik.com\/fr\/detecteur-fuite-gaz\/","og_site_name":"m+f KEG-Technik GmbH &amp; Co. KG","article_modified_time":"2019-08-13T07:38:33+00:00","twitter_card":"summary_large_image","twitter_misc":{"Dur\u00e9e de lecture estim\u00e9e":"1 minute"},"schema":{"@context":"https:\/\/schema.org","@graph":[{"@type":"WebPage","@id":"https:\/\/www.mfkegtechnik.com\/fr\/detecteur-fuite-gaz\/","url":"https:\/\/www.mfkegtechnik.com\/fr\/detecteur-fuite-gaz\/","name":"D\u00e9tecteur de fuite de gaz - m+f KEG-Technik GmbH &amp; Co. KG","isPartOf":{"@id":"https:\/\/www.mfkegtechnik.com\/fr\/#website"},"datePublished":"2019-06-12T06:34:52+00:00","dateModified":"2019-08-13T07:38:33+00:00","description":"Notre d\u00e9tecteur de fuite de gaz d\u00e9tecte automatiquement toutes les fuites lors du raccord des f\u00fbts. En savoir plus sur notre produit...","breadcrumb":{"@id":"https:\/\/www.mfkegtechnik.com\/fr\/detecteur-fuite-gaz\/#breadcrumb"},"inLanguage":"fr-FR","potentialAction":[{"@type":"ReadAction","target":["https:\/\/www.mfkegtechnik.com\/fr\/detecteur-fuite-gaz\/"]}]},{"@type":"BreadcrumbList","@id":"https:\/\/www.mfkegtechnik.com\/fr\/detecteur-fuite-gaz\/#breadcrumb","itemListElement":[{"@type":"ListItem","position":1,"name":"Accueil","item":"https:\/\/www.mfkegtechnik.com\/fr\/"},{"@type":"ListItem","position":2,"name":"D\u00e9tecteur de fuite de gaz"}]},{"@type":"WebSite","@id":"https:\/\/www.mfkegtechnik.com\/fr\/#website","url":"https:\/\/www.mfkegtechnik.com\/fr\/","name":"m+f KEG-Technik GmbH &amp; Co. KG","description":"We keep your KEGs clean !","potentialAction":[{"@type":"SearchAction","target":{"@type":"EntryPoint","urlTemplate":"https:\/\/www.mfkegtechnik.com\/fr\/?s={search_term_string}"},"query-input":{"@type":"PropertyValueSpecification","valueRequired":true,"valueName":"search_term_string"}}],"inLanguage":"fr-FR"}]}},"_links":{"self":[{"href":"https:\/\/www.mfkegtechnik.com\/fr\/wp-json\/wp\/v2\/pages\/2866","targetHints":{"allow":["GET"]}}],"collection":[{"href":"https:\/\/www.mfkegtechnik.com\/fr\/wp-json\/wp\/v2\/pages"}],"about":[{"href":"https:\/\/www.mfkegtechnik.com\/fr\/wp-json\/wp\/v2\/types\/page"}],"author":[{"embeddable":true,"href":"https:\/\/www.mfkegtechnik.com\/fr\/wp-json\/wp\/v2\/users\/2"}],"replies":[{"embeddable":true,"href":"https:\/\/www.mfkegtechnik.com\/fr\/wp-json\/wp\/v2\/comments?post=2866"}],"version-history":[{"count":0,"href":"https:\/\/www.mfkegtechnik.com\/fr\/wp-json\/wp\/v2\/pages\/2866\/revisions"}],"wp:attachment":[{"href":"https:\/\/www.mfkegtechnik.com\/fr\/wp-json\/wp\/v2\/media?parent=2866"}],"curies":[{"name":"wp","href":"https:\/\/api.w.org\/{rel}","templated":true}]}}