{"id":2867,"date":"2019-06-12T07:36:04","date_gmt":"2019-06-12T06:36:04","guid":{"rendered":"http:\/\/www.mfkegtechnik.com\/ecomat-c\/"},"modified":"2019-08-13T08:18:42","modified_gmt":"2019-08-13T07:18:42","slug":"ecomat-c","status":"publish","type":"page","link":"https:\/\/www.mfkegtechnik.com\/fr\/ecomat-c\/","title":{"rendered":"ECOMAT C"},"content":{"rendered":"<div id=\"pl-2867\"  class=\"panel-layout\" ><div id=\"pg-2867-0\"  class=\"panel-grid panel-no-style\" ><div id=\"pgc-2867-0-0\"  class=\"panel-grid-cell\" ><div id=\"panel-2867-0-0-0\" class=\"so-panel widget widget_sow-headline panel-first-child panel-last-child\" data-index=\"0\" ><div\n\t\t\t\n\t\t\tclass=\"so-widget-sow-headline so-widget-sow-headline-default-7d6c0c62a896-2867\"\n\t\t\t\n\t\t><div class=\"sow-headline-container \">\n\t\t\t\t\t\t\t<h1 class=\"sow-headline\">\n\t\t\t\t\t\tPr\u00e9sentation de l\u00b4ECOMAT C\t\t\t\t\t\t<\/h1>\n\t\t\t\t\t\t\t\t\t\t\t<div class=\"decoration\">\n\t\t\t\t\t\t<div class=\"decoration-inside\"><\/div>\n\t\t\t\t\t<\/div>\n\t\t\t\t\t\t\t\t\t\t\t<h2 class=\"sow-sub-headline\">\n\t\t\t\t\t\tMachine de remplissage semi-automatique pour f\u00fbts KeyKeg\t\t\t\t\t\t<\/h2>\n\t\t\t\t\t\t<\/div>\n<\/div><\/div><\/div><\/div><div id=\"pg-2867-1\"  class=\"panel-grid panel-no-style\" ><div id=\"pgc-2867-1-0\"  class=\"panel-grid-cell\" ><div id=\"panel-2867-1-0-0\" class=\"so-panel widget widget_sow-image panel-first-child\" data-index=\"1\" ><div\n\t\t\t\n\t\t\tclass=\"so-widget-sow-image so-widget-sow-image-default-c67d20f9f743-2867\"\n\t\t\t\n\t\t>\n<div class=\"sow-image-container\">\n\t\t<img \n\tsrc=\"https:\/\/www.mfkegtechnik.com\/wp-content\/uploads\/2017\/01\/rsz_ecomat_c.jpg\" width=\"225\" height=\"300\" sizes=\"(max-width: 225px) 100vw, 225px\" title=\"ECOMAT-C\" alt=\"ecomat-c\" \t\tclass=\"so-widget-image\"\/>\n\t<\/div>\n\n<\/div><\/div><div id=\"panel-2867-1-0-1\" class=\"so-panel widget widget_sow-editor panel-last-child\" data-index=\"2\" ><div\n\t\t\t\n\t\t\tclass=\"so-widget-sow-editor so-widget-sow-editor-base\"\n\t\t\t\n\t\t>\n<div class=\"siteorigin-widget-tinymce textwidget\">\n\t<p style=\"text-align: center;\"><a href=\"http:\/\/www.mfkegtechnik.com\/wp-content\/uploads\/2019\/05\/ecomat-buttons.jpg\"><img loading=\"lazy\" decoding=\"async\" class=\"aligncenter wp-image-1781\" title=\"ECOMAT-C boutons\" src=\"http:\/\/www.mfkegtechnik.com\/wp-content\/uploads\/2019\/05\/ecomat-buttons-300x169.jpg\" alt=\"ecomat-c-boutons\" width=\"260\" height=\"147\" srcset=\"https:\/\/www.mfkegtechnik.com\/wp-content\/uploads\/2019\/05\/ecomat-buttons-300x169.jpg 300w, https:\/\/www.mfkegtechnik.com\/wp-content\/uploads\/2019\/05\/ecomat-buttons-768x432.jpg 768w, https:\/\/www.mfkegtechnik.com\/wp-content\/uploads\/2019\/05\/ecomat-buttons-1024x576.jpg 1024w, https:\/\/www.mfkegtechnik.com\/wp-content\/uploads\/2019\/05\/ecomat-buttons-940x529.jpg 940w\" sizes=\"auto, (max-width: 260px) 100vw, 260px\" \/><\/a><\/p>\n<p><a href=\"https:\/\/www.youtube.com\/results?search_query=keg+technik\"><span style=\"color: #ffffff;\">mf<\/span><\/a><\/p>\n<p style=\"text-align: center;\"><a href=\"http:\/\/www.mfkegtechnik.com\/wp-content\/uploads\/2019\/05\/ecomat-pipework.jpg\"><img loading=\"lazy\" decoding=\"async\" class=\"wp-image-1782 aligncenter\" title=\"ECOMAT-C tuyauterie\" src=\"http:\/\/www.mfkegtechnik.com\/wp-content\/uploads\/2019\/05\/ecomat-pipework-300x256.jpg\" alt=\"ecomat-c-tuyauterie\" width=\"259\" height=\"221\" srcset=\"https:\/\/www.mfkegtechnik.com\/wp-content\/uploads\/2019\/05\/ecomat-pipework-300x256.jpg 300w, https:\/\/www.mfkegtechnik.com\/wp-content\/uploads\/2019\/05\/ecomat-pipework-768x655.jpg 768w, https:\/\/www.mfkegtechnik.com\/wp-content\/uploads\/2019\/05\/ecomat-pipework-1024x874.jpg 1024w, https:\/\/www.mfkegtechnik.com\/wp-content\/uploads\/2019\/05\/ecomat-pipework-940x802.jpg 940w\" sizes=\"auto, (max-width: 259px) 100vw, 259px\" \/><\/a><\/p>\n<\/div>\n<\/div><\/div><\/div><div id=\"pgc-2867-1-1\"  class=\"panel-grid-cell\" ><div id=\"panel-2867-1-1-0\" class=\"so-panel widget widget_sow-headline panel-first-child\" data-index=\"3\" ><div\n\t\t\t\n\t\t\tclass=\"so-widget-sow-headline so-widget-sow-headline-default-f16591bb046e-2867\"\n\t\t\t\n\t\t><div class=\"sow-headline-container \">\n\t\t\t\t\t\t\t<h1 class=\"sow-headline\">\n\t\t\t\t\t\tCARACT\u00c9RISTIQUES \t\t\t\t\t\t<\/h1>\n\t\t\t\t\t\t\t\t\t\t\t<div class=\"decoration\">\n\t\t\t\t\t\t<div class=\"decoration-inside\"><\/div>\n\t\t\t\t\t<\/div>\n\t\t\t\t\t<\/div>\n<\/div><\/div><div id=\"panel-2867-1-1-1\" class=\"so-panel widget widget_sow-editor\" data-index=\"4\" ><div\n\t\t\t\n\t\t\tclass=\"so-widget-sow-editor so-widget-sow-editor-base\"\n\t\t\t\n\t\t>\n<div class=\"siteorigin-widget-tinymce textwidget\">\n\t<h4><span style=\"color: #000000;\">ECOMAT C est une machine de remplissage semi-automatique pour f\u00fbts KeyKeg qui comprend tous les \u00e9l\u00e9ments \u00e9lectriques, \u00e9lectroniques et pneumatiques n\u00e9cessaires \u00e0 son fonctionnement.<\/span><\/h4>\n<h4><span style=\"color: #000000;\">Ce type de machine se distingue particuli\u00e8rement par ses logiciels et hardware int\u00e9gr\u00e9s qui permettent un processus de remplissage totalement automatique.<\/span><\/h4>\n<h4><span style=\"color: #000000;\">De plus, les pi\u00e8ces principales ainsi que le cadre, la tuyauterie et les vannes sont fabriqu\u00e9s en acier inoxydable.\u00a0<\/span><\/h4>\n<\/div>\n<\/div><\/div><div id=\"panel-2867-1-1-2\" class=\"so-panel widget widget_sow-headline\" data-index=\"5\" ><div\n\t\t\t\n\t\t\tclass=\"so-widget-sow-headline so-widget-sow-headline-default-f16591bb046e-2867\"\n\t\t\t\n\t\t><div class=\"sow-headline-container \">\n\t\t\t\t\t\t\t<h1 class=\"sow-headline\">\n\t\t\t\t\t\tDONN\u00c9ES TECHNIQUES\t\t\t\t\t\t<\/h1>\n\t\t\t\t\t\t\t\t\t\t\t<div class=\"decoration\">\n\t\t\t\t\t\t<div class=\"decoration-inside\"><\/div>\n\t\t\t\t\t<\/div>\n\t\t\t\t\t<\/div>\n<\/div><\/div><div id=\"panel-2867-1-1-3\" class=\"so-panel widget widget_sow-editor\" data-index=\"6\" ><div\n\t\t\t\n\t\t\tclass=\"so-widget-sow-editor so-widget-sow-editor-base\"\n\t\t\t\n\t\t>\n<div class=\"siteorigin-widget-tinymce textwidget\">\n\t<h4><strong><span style=\"color: #ff6600;\">Cadence: 30-40 f\u00fbts KeyKeg\/h<\/span> <\/strong><\/h4>\n<h4><span style=\"color: #000000;\"><strong>Dimensions:<\/strong> \u00a0 \u00a0 <strong>Profondeur \u00a0 \u00a0 \u00a0\u00a0 :<\/strong> <strong>1.100<\/strong> mm<\/span><\/h4>\n<h4><span style=\"color: #000000;\">\u00a0 \u00a0 \u00a0 \u00a0 \u00a0 \u00a0 \u00a0 \u00a0 \u00a0 \u00a0 \u00a0 \u00a0 \u00a0 \u00a0\u00a0 <strong>Largeur \u00a0 \u00a0 \u00a0 \u00a0 \u00a0 \u00a0 \u00a0 :<\/strong> <strong>600<\/strong> mm<\/span><\/h4>\n<h4><span style=\"color: #000000;\">\u00a0 \u00a0 \u00a0 \u00a0 \u00a0 \u00a0 \u00a0 \u00a0 \u00a0 \u00a0 \u00a0 \u00a0 \u00a0 \u00a0\u00a0 <strong>Hauteur \u00a0 \u00a0 \u00a0 \u00a0 \u00a0 \u00a0\u00a0 :<\/strong> <strong>1.250<\/strong> mm \u00b1 <strong>50<\/strong><\/span><\/h4>\n<h4><strong><span style=\"color: #000000;\">Raccordement \u00e9lectrique: 0,2<\/span> <\/strong>kW<\/h4>\n<\/div>\n<\/div><\/div><div id=\"panel-2867-1-1-4\" class=\"so-panel widget widget_sow-headline\" data-index=\"7\" ><div\n\t\t\t\n\t\t\tclass=\"so-widget-sow-headline so-widget-sow-headline-default-f16591bb046e-2867\"\n\t\t\t\n\t\t><div class=\"sow-headline-container \">\n\t\t\t\t\t\t\t<h1 class=\"sow-headline\">\n\t\t\t\t\t\tAVANTAGES\t\t\t\t\t\t<\/h1>\n\t\t\t\t\t\t\t\t\t\t\t<div class=\"decoration\">\n\t\t\t\t\t\t<div class=\"decoration-inside\"><\/div>\n\t\t\t\t\t<\/div>\n\t\t\t\t\t<\/div>\n<\/div><\/div><div id=\"panel-2867-1-1-5\" class=\"so-panel widget widget_sow-editor\" data-index=\"8\" ><div\n\t\t\t\n\t\t\tclass=\"so-widget-sow-editor so-widget-sow-editor-base\"\n\t\t\t\n\t\t>\n<div class=\"siteorigin-widget-tinymce textwidget\">\n\t<h4>ECOMAT C est la meilleure option si vous recherchez une machine de remplissage semi-automatique pour f\u00fbts KeyKeg. Voici quelques-uns de ses avantages :<\/h4>\n<h4 style=\"padding-left: 40px;\"><span style=\"color: #000000;\">Facile d\u00b4utilisation \u00a0 <\/span><span style=\"color: #ffffff;\">Facile d\u00b4utilisation<\/span><\/h4>\n<h4 style=\"padding-left: 40px;\"><span style=\"color: #000000;\">S\u00e9curis\u00e9 \u00a0 <\/span><span style=\"color: #ffffff;\">S\u00e9curis\u00e9<\/span><\/h4>\n<h4 style=\"padding-left: 40px;\"><span style=\"color: #000000;\">Acier inoxydable \u00a0 <\/span><span style=\"color: #ffffff;\">Acier inoxydable<\/span><\/h4>\n<h4 style=\"padding-left: 40px;\"><span style=\"color: #000000;\">Remplissage automatique<\/span><\/h4>\n<h4 style=\"padding-left: 40px;\"><span style=\"color: #000000;\">Ne prend pas beaucoup de place<\/span><\/h4>\n<h4 style=\"padding-left: 40px;\">Chaque remplissage automatique vous permettra d\u00b4\u00e9conomiser 0,4 litre de bi\u00e8re, l\u00b4espace de t\u00eate est compos\u00e9 de CO2 <span style=\"color: #ffffff;\">Chaque remplissage<\/span> <span style=\"color: #ffffff;\">automatique<\/span><\/h4>\n<\/div>\n<\/div><\/div><div id=\"panel-2867-1-1-6\" class=\"so-panel widget widget_sow-button panel-last-child\" data-index=\"9\" ><div\n\t\t\t\n\t\t\tclass=\"so-widget-sow-button so-widget-sow-button-atom-45a38d61cbbe-2867\"\n\t\t\t\n\t\t><div class=\"ow-button-base ow-button-align-center\"\n>\n\t\t\t<a\n\t\t\t\t\thref=\"http:\/\/www.mfkegtechnik.com\/wp-content\/uploads\/2019\/07\/Ecomat-C-FR.pdf\"\n\t\t\t\t\tclass=\"sowb-button ow-icon-placement-left ow-button-hover\" target=\"_blank\" rel=\"noopener noreferrer\" \t>\n\t\t<span>\n\t\t\t\n\t\t\tT\u00e9l\u00e9charger la fiche technique (PDF)\t\t<\/span>\n\t\t\t<\/a>\n\t<\/div>\n<\/div><\/div><\/div><\/div><\/div>","protected":false},"excerpt":{"rendered":"<p>mf ECOMAT C est une machine de remplissage semi-automatique pour f\u00fbts KeyKeg qui comprend tous les \u00e9l\u00e9ments \u00e9lectriques, \u00e9lectroniques et pneumatiques n\u00e9cessaires \u00e0 son fonctionnement. Ce type de machine se distingue particuli\u00e8rement par ses logiciels et hardware int\u00e9gr\u00e9s qui permettent un processus de remplissage totalement automatique. De plus, les pi\u00e8ces principales ainsi que le cadre, la tuyauterie et les vannes sont fabriqu\u00e9s en acier inoxydable.\u00a0 Cadence: 30-40 f\u00fbts KeyKeg\/h Dimensions: &hellip;<a class=\"excerpt\" href=\"https:\/\/www.mfkegtechnik.com\/fr\/ecomat-c\/\">Read More<\/a><\/p>\n","protected":false},"author":2,"featured_media":0,"parent":0,"menu_order":0,"comment_status":"closed","ping_status":"closed","template":"","meta":{"footnotes":""},"class_list":["post-2867","page","type-page","status-publish","hentry"],"yoast_head":"<!-- This site is optimized with the Yoast SEO plugin v27.3 - https:\/\/yoast.com\/product\/yoast-seo-wordpress\/ -->\n<title>ECOMAT C pour KeyKeg - m+f KEG-Technik GmbH &amp; Co. KG<\/title>\n<meta name=\"description\" content=\"L\u00b4 ECOMAT C est une machine de remplissage semi-automatique pour f\u00fbts KeyKeg, le remplissage de vos f\u00fbts KeyKeg ce fait de facon tres s\u00e9curis\u00e9.\" \/>\n<meta name=\"robots\" content=\"index, follow, max-snippet:-1, max-image-preview:large, max-video-preview:-1\" \/>\n<link rel=\"canonical\" href=\"https:\/\/www.mfkegtechnik.com\/fr\/ecomat-c\/\" \/>\n<meta property=\"og:locale\" content=\"fr_FR\" \/>\n<meta property=\"og:type\" content=\"article\" \/>\n<meta property=\"og:title\" content=\"ECOMAT C pour KeyKeg - m+f KEG-Technik GmbH &amp; Co. KG\" \/>\n<meta property=\"og:description\" content=\"L\u00b4 ECOMAT C est une machine de remplissage semi-automatique pour f\u00fbts KeyKeg, le remplissage de vos f\u00fbts KeyKeg ce fait de facon tres s\u00e9curis\u00e9.\" \/>\n<meta property=\"og:url\" content=\"https:\/\/www.mfkegtechnik.com\/fr\/ecomat-c\/\" \/>\n<meta property=\"og:site_name\" content=\"m+f KEG-Technik GmbH &amp; Co. KG\" \/>\n<meta property=\"article:modified_time\" content=\"2019-08-13T07:18:42+00:00\" \/>\n<meta property=\"og:image\" content=\"http:\/\/www.mfkegtechnik.com\/wp-content\/uploads\/2019\/05\/ecomat-buttons-300x169.jpg\" \/>\n<meta name=\"twitter:card\" content=\"summary_large_image\" \/>\n<meta name=\"twitter:label1\" content=\"Dur\u00e9e de lecture estim\u00e9e\" \/>\n\t<meta name=\"twitter:data1\" content=\"1 minute\" \/>\n<script type=\"application\/ld+json\" class=\"yoast-schema-graph\">{\"@context\":\"https:\\\/\\\/schema.org\",\"@graph\":[{\"@type\":\"WebPage\",\"@id\":\"https:\\\/\\\/www.mfkegtechnik.com\\\/fr\\\/ecomat-c\\\/\",\"url\":\"https:\\\/\\\/www.mfkegtechnik.com\\\/fr\\\/ecomat-c\\\/\",\"name\":\"ECOMAT C pour KeyKeg - m+f KEG-Technik GmbH &amp; Co. KG\",\"isPartOf\":{\"@id\":\"https:\\\/\\\/www.mfkegtechnik.com\\\/fr\\\/#website\"},\"primaryImageOfPage\":{\"@id\":\"https:\\\/\\\/www.mfkegtechnik.com\\\/fr\\\/ecomat-c\\\/#primaryimage\"},\"image\":{\"@id\":\"https:\\\/\\\/www.mfkegtechnik.com\\\/fr\\\/ecomat-c\\\/#primaryimage\"},\"thumbnailUrl\":\"http:\\\/\\\/www.mfkegtechnik.com\\\/wp-content\\\/uploads\\\/2019\\\/05\\\/ecomat-buttons-300x169.jpg\",\"datePublished\":\"2019-06-12T06:36:04+00:00\",\"dateModified\":\"2019-08-13T07:18:42+00:00\",\"description\":\"L\u00b4 ECOMAT C est une machine de remplissage semi-automatique pour f\u00fbts KeyKeg, le remplissage de vos f\u00fbts KeyKeg ce fait de facon tres s\u00e9curis\u00e9.\",\"breadcrumb\":{\"@id\":\"https:\\\/\\\/www.mfkegtechnik.com\\\/fr\\\/ecomat-c\\\/#breadcrumb\"},\"inLanguage\":\"fr-FR\",\"potentialAction\":[{\"@type\":\"ReadAction\",\"target\":[\"https:\\\/\\\/www.mfkegtechnik.com\\\/fr\\\/ecomat-c\\\/\"]}]},{\"@type\":\"ImageObject\",\"inLanguage\":\"fr-FR\",\"@id\":\"https:\\\/\\\/www.mfkegtechnik.com\\\/fr\\\/ecomat-c\\\/#primaryimage\",\"url\":\"http:\\\/\\\/www.mfkegtechnik.com\\\/wp-content\\\/uploads\\\/2019\\\/05\\\/ecomat-buttons-300x169.jpg\",\"contentUrl\":\"http:\\\/\\\/www.mfkegtechnik.com\\\/wp-content\\\/uploads\\\/2019\\\/05\\\/ecomat-buttons-300x169.jpg\"},{\"@type\":\"BreadcrumbList\",\"@id\":\"https:\\\/\\\/www.mfkegtechnik.com\\\/fr\\\/ecomat-c\\\/#breadcrumb\",\"itemListElement\":[{\"@type\":\"ListItem\",\"position\":1,\"name\":\"Accueil\",\"item\":\"https:\\\/\\\/www.mfkegtechnik.com\\\/fr\\\/\"},{\"@type\":\"ListItem\",\"position\":2,\"name\":\"ECOMAT C\"}]},{\"@type\":\"WebSite\",\"@id\":\"https:\\\/\\\/www.mfkegtechnik.com\\\/fr\\\/#website\",\"url\":\"https:\\\/\\\/www.mfkegtechnik.com\\\/fr\\\/\",\"name\":\"m+f KEG-Technik GmbH &amp; Co. KG\",\"description\":\"We keep your KEGs clean !\",\"potentialAction\":[{\"@type\":\"SearchAction\",\"target\":{\"@type\":\"EntryPoint\",\"urlTemplate\":\"https:\\\/\\\/www.mfkegtechnik.com\\\/fr\\\/?s={search_term_string}\"},\"query-input\":{\"@type\":\"PropertyValueSpecification\",\"valueRequired\":true,\"valueName\":\"search_term_string\"}}],\"inLanguage\":\"fr-FR\"}]}<\/script>\n<!-- \/ Yoast SEO plugin. -->","yoast_head_json":{"title":"ECOMAT C pour KeyKeg - m+f KEG-Technik GmbH &amp; Co. KG","description":"L\u00b4 ECOMAT C est une machine de remplissage semi-automatique pour f\u00fbts KeyKeg, le remplissage de vos f\u00fbts KeyKeg ce fait de facon tres s\u00e9curis\u00e9.","robots":{"index":"index","follow":"follow","max-snippet":"max-snippet:-1","max-image-preview":"max-image-preview:large","max-video-preview":"max-video-preview:-1"},"canonical":"https:\/\/www.mfkegtechnik.com\/fr\/ecomat-c\/","og_locale":"fr_FR","og_type":"article","og_title":"ECOMAT C pour KeyKeg - m+f KEG-Technik GmbH &amp; Co. KG","og_description":"L\u00b4 ECOMAT C est une machine de remplissage semi-automatique pour f\u00fbts KeyKeg, le remplissage de vos f\u00fbts KeyKeg ce fait de facon tres s\u00e9curis\u00e9.","og_url":"https:\/\/www.mfkegtechnik.com\/fr\/ecomat-c\/","og_site_name":"m+f KEG-Technik GmbH &amp; Co. KG","article_modified_time":"2019-08-13T07:18:42+00:00","og_image":[{"url":"http:\/\/www.mfkegtechnik.com\/wp-content\/uploads\/2019\/05\/ecomat-buttons-300x169.jpg","type":"","width":"","height":""}],"twitter_card":"summary_large_image","twitter_misc":{"Dur\u00e9e de lecture estim\u00e9e":"1 minute"},"schema":{"@context":"https:\/\/schema.org","@graph":[{"@type":"WebPage","@id":"https:\/\/www.mfkegtechnik.com\/fr\/ecomat-c\/","url":"https:\/\/www.mfkegtechnik.com\/fr\/ecomat-c\/","name":"ECOMAT C pour KeyKeg - m+f KEG-Technik GmbH &amp; Co. KG","isPartOf":{"@id":"https:\/\/www.mfkegtechnik.com\/fr\/#website"},"primaryImageOfPage":{"@id":"https:\/\/www.mfkegtechnik.com\/fr\/ecomat-c\/#primaryimage"},"image":{"@id":"https:\/\/www.mfkegtechnik.com\/fr\/ecomat-c\/#primaryimage"},"thumbnailUrl":"http:\/\/www.mfkegtechnik.com\/wp-content\/uploads\/2019\/05\/ecomat-buttons-300x169.jpg","datePublished":"2019-06-12T06:36:04+00:00","dateModified":"2019-08-13T07:18:42+00:00","description":"L\u00b4 ECOMAT C est une machine de remplissage semi-automatique pour f\u00fbts KeyKeg, le remplissage de vos f\u00fbts KeyKeg ce fait de facon tres s\u00e9curis\u00e9.","breadcrumb":{"@id":"https:\/\/www.mfkegtechnik.com\/fr\/ecomat-c\/#breadcrumb"},"inLanguage":"fr-FR","potentialAction":[{"@type":"ReadAction","target":["https:\/\/www.mfkegtechnik.com\/fr\/ecomat-c\/"]}]},{"@type":"ImageObject","inLanguage":"fr-FR","@id":"https:\/\/www.mfkegtechnik.com\/fr\/ecomat-c\/#primaryimage","url":"http:\/\/www.mfkegtechnik.com\/wp-content\/uploads\/2019\/05\/ecomat-buttons-300x169.jpg","contentUrl":"http:\/\/www.mfkegtechnik.com\/wp-content\/uploads\/2019\/05\/ecomat-buttons-300x169.jpg"},{"@type":"BreadcrumbList","@id":"https:\/\/www.mfkegtechnik.com\/fr\/ecomat-c\/#breadcrumb","itemListElement":[{"@type":"ListItem","position":1,"name":"Accueil","item":"https:\/\/www.mfkegtechnik.com\/fr\/"},{"@type":"ListItem","position":2,"name":"ECOMAT C"}]},{"@type":"WebSite","@id":"https:\/\/www.mfkegtechnik.com\/fr\/#website","url":"https:\/\/www.mfkegtechnik.com\/fr\/","name":"m+f KEG-Technik GmbH &amp; Co. KG","description":"We keep your KEGs clean !","potentialAction":[{"@type":"SearchAction","target":{"@type":"EntryPoint","urlTemplate":"https:\/\/www.mfkegtechnik.com\/fr\/?s={search_term_string}"},"query-input":{"@type":"PropertyValueSpecification","valueRequired":true,"valueName":"search_term_string"}}],"inLanguage":"fr-FR"}]}},"_links":{"self":[{"href":"https:\/\/www.mfkegtechnik.com\/fr\/wp-json\/wp\/v2\/pages\/2867","targetHints":{"allow":["GET"]}}],"collection":[{"href":"https:\/\/www.mfkegtechnik.com\/fr\/wp-json\/wp\/v2\/pages"}],"about":[{"href":"https:\/\/www.mfkegtechnik.com\/fr\/wp-json\/wp\/v2\/types\/page"}],"author":[{"embeddable":true,"href":"https:\/\/www.mfkegtechnik.com\/fr\/wp-json\/wp\/v2\/users\/2"}],"replies":[{"embeddable":true,"href":"https:\/\/www.mfkegtechnik.com\/fr\/wp-json\/wp\/v2\/comments?post=2867"}],"version-history":[{"count":0,"href":"https:\/\/www.mfkegtechnik.com\/fr\/wp-json\/wp\/v2\/pages\/2867\/revisions"}],"wp:attachment":[{"href":"https:\/\/www.mfkegtechnik.com\/fr\/wp-json\/wp\/v2\/media?parent=2867"}],"curies":[{"name":"wp","href":"https:\/\/api.w.org\/{rel}","templated":true}]}}