{"id":2868,"date":"2019-06-12T07:40:36","date_gmt":"2019-06-12T06:40:36","guid":{"rendered":"http:\/\/www.mfkegtechnik.com\/keg-manipulating\/"},"modified":"2021-04-18T12:01:47","modified_gmt":"2021-04-18T11:01:47","slug":"manutention-futs","status":"publish","type":"page","link":"https:\/\/www.mfkegtechnik.com\/fr\/manutention-futs\/","title":{"rendered":"Manutention de f\u00fbts"},"content":{"rendered":"<div id=\"pl-2868\"  class=\"panel-layout\" ><div id=\"pg-2868-0\"  class=\"panel-grid panel-no-style\" ><div id=\"pgc-2868-0-0\"  class=\"panel-grid-cell\" ><div id=\"panel-2868-0-0-0\" class=\"so-panel widget widget_sow-headline panel-first-child\" data-index=\"0\" ><div\n\t\t\t\n\t\t\tclass=\"so-widget-sow-headline so-widget-sow-headline-default-e81d23752866-2868\"\n\t\t\t\n\t\t><div class=\"sow-headline-container \">\n\t\t\t\t\t\t\t<h1 class=\"sow-headline\">\n\t\t\t\t\t\tManiement de f\u00fbts\t\t\t\t\t\t<\/h1>\n\t\t\t\t\t\t\t\t\t\t\t<div class=\"decoration\">\n\t\t\t\t\t\t<div class=\"decoration-inside\"><\/div>\n\t\t\t\t\t<\/div>\n\t\t\t\t\t\t\t\t\t\t\t<h3 class=\"sow-sub-headline\">\n\t\t\t\t\t\t\u00c9quipements pour la manutention de f\u00fbts\t\t\t\t\t\t<\/h3>\n\t\t\t\t\t\t<\/div>\n<\/div><\/div><div id=\"panel-2868-0-0-1\" class=\"so-panel widget widget_sow-editor panel-last-child\" data-index=\"1\" ><div\n\t\t\t\n\t\t\tclass=\"so-widget-sow-editor so-widget-sow-editor-base\"\n\t\t\t\n\t\t>\n<div class=\"siteorigin-widget-tinymce textwidget\">\n\t<h3>La manipulation de f\u00fbts peut impliquer le levage, la d\u00e9pose, le transport d\u00b4une charge et bien plus. Ces diff\u00e9rentes manipulations peuvent entra\u00eener un risque de blessure pour vous ou vos employ\u00e9s. C\u00b4est pour cette raison que nous vous proposons diff\u00e9rentes solutions \u00e9conomiques et ergonomiques pour soulever, tourner et d\u00e9placer de nombreux types de f\u00fbts.<\/h3>\n<\/div>\n<\/div><\/div><\/div><\/div><div id=\"pg-2868-1\"  class=\"panel-grid panel-no-style\" ><div id=\"pgc-2868-1-0\"  class=\"panel-grid-cell\" ><div id=\"panel-2868-1-0-0\" class=\"so-panel widget widget_sow-image panel-first-child\" data-index=\"2\" ><div\n\t\t\t\n\t\t\tclass=\"so-widget-sow-image so-widget-sow-image-default-c67d20f9f743-2868\"\n\t\t\t\n\t\t>\n<div class=\"sow-image-container\">\n\t\t<img \n\tsrc=\"https:\/\/www.mfkegtechnik.com\/wp-content\/uploads\/2021\/04\/Roboter1-2.jpg\" width=\"268\" height=\"201\" sizes=\"(max-width: 268px) 100vw, 268px\" title=\"Roboter1\" alt=\"Solutions robotis\u00e9es\" \t\tclass=\"so-widget-image\"\/>\n\t<\/div>\n\n<\/div><\/div><div id=\"panel-2868-1-0-1\" class=\"so-panel widget widget_sow-editor panel-last-child\" data-index=\"3\" ><div\n\t\t\t\n\t\t\tclass=\"so-widget-sow-editor so-widget-sow-editor-base\"\n\t\t\t\n\t\t>\n<div class=\"siteorigin-widget-tinymce textwidget\">\n\t<div class=\"oxilab-heading\" style=\"text-align: center;\"><em><strong><span style=\"font-size: 12pt;\">Solutions robotis\u00e9es<\/span><\/strong><\/em><\/div>\n<\/div>\n<\/div><\/div><\/div><div id=\"pgc-2868-1-1\"  class=\"panel-grid-cell\" ><div id=\"panel-2868-1-1-0\" class=\"so-panel widget widget_sow-image panel-first-child\" data-index=\"4\" ><div\n\t\t\t\n\t\t\tclass=\"so-widget-sow-image so-widget-sow-image-default-c67d20f9f743-2868\"\n\t\t\t\n\t\t>\n<div class=\"sow-image-container\">\n\t\t<img \n\tsrc=\"https:\/\/www.mfkegtechnik.com\/wp-content\/uploads\/2021\/04\/Keg-turner1-2.jpg\" width=\"159\" height=\"201\" sizes=\"(max-width: 159px) 100vw, 159px\" title=\"Keg turner1\" alt=\"Retourneur de f\u00fbts\" \t\tclass=\"so-widget-image\"\/>\n\t<\/div>\n\n<\/div><\/div><div id=\"panel-2868-1-1-1\" class=\"so-panel widget widget_sow-editor panel-last-child\" data-index=\"5\" ><div\n\t\t\t\n\t\t\tclass=\"so-widget-sow-editor so-widget-sow-editor-base\"\n\t\t\t\n\t\t>\n<div class=\"siteorigin-widget-tinymce textwidget\">\n\t<p style=\"text-align: center;\"><span style=\"font-size: 12pt;\"><strong><em>Retourneur de f\u00fbts<\/em><\/strong><\/span><\/p>\n<\/div>\n<\/div><\/div><\/div><div id=\"pgc-2868-1-2\"  class=\"panel-grid-cell\" ><div id=\"panel-2868-1-2-0\" class=\"so-panel widget widget_sow-image panel-first-child\" data-index=\"6\" ><div\n\t\t\t\n\t\t\tclass=\"so-widget-sow-image so-widget-sow-image-default-c67d20f9f743-2868\"\n\t\t\t\n\t\t>\n<div class=\"sow-image-container\">\n\t\t<img \n\tsrc=\"https:\/\/www.mfkegtechnik.com\/wp-content\/uploads\/2021\/04\/rsz_keg_handling1-2.jpg\" width=\"268\" height=\"201\" sizes=\"(max-width: 268px) 100vw, 268px\" title=\"rsz_keg_handling1\" alt=\"Manipulateur de f\u00fbts\" \t\tclass=\"so-widget-image\"\/>\n\t<\/div>\n\n<\/div><\/div><div id=\"panel-2868-1-2-1\" class=\"so-panel widget widget_sow-editor panel-last-child\" data-index=\"7\" ><div\n\t\t\t\n\t\t\tclass=\"so-widget-sow-editor so-widget-sow-editor-base\"\n\t\t\t\n\t\t>\n<div class=\"siteorigin-widget-tinymce textwidget\">\n\t<p style=\"text-align: center;\"><span style=\"font-size: 12pt;\"><em><strong>Manipulateur de f\u00fbts<\/strong><\/em><\/span><\/p>\n<\/div>\n<\/div><\/div><\/div><\/div><div id=\"pg-2868-2\"  class=\"panel-grid panel-no-style\" ><div id=\"pgc-2868-2-0\"  class=\"panel-grid-cell\" ><div id=\"panel-2868-2-0-0\" class=\"so-panel widget widget_sow-button panel-first-child panel-last-child\" data-index=\"8\" ><div\n\t\t\t\n\t\t\tclass=\"so-widget-sow-button so-widget-sow-button-atom-45a38d61cbbe-2868\"\n\t\t\t\n\t\t><div class=\"ow-button-base ow-button-align-center\"\n>\n\t\t\t<a\n\t\t\t\t\thref=\"https:\/\/www.mfkegtechnik.com\/fr\/contact\/\"\n\t\t\t\t\tclass=\"sowb-button ow-icon-placement-left ow-button-hover\" \t>\n\t\t<span>\n\t\t\t\n\t\t\tCONTACTEZ-NOUS\t\t<\/span>\n\t\t\t<\/a>\n\t<\/div>\n<\/div><\/div><\/div><\/div><\/div>","protected":false},"excerpt":{"rendered":"<p>La manipulation de f\u00fbts peut impliquer le levage, la d\u00e9pose, le transport d\u00b4une charge et bien plus. Ces diff\u00e9rentes manipulations peuvent entra\u00eener un risque de blessure pour vous ou vos employ\u00e9s. C\u00b4est pour cette raison que nous vous proposons diff\u00e9rentes solutions \u00e9conomiques et ergonomiques pour soulever, tourner et d\u00e9placer de nombreux types de f\u00fbts. Solutions robotis\u00e9es Retourneur de f\u00fbts Manipulateur de f\u00fbts<\/p>\n","protected":false},"author":2,"featured_media":0,"parent":0,"menu_order":0,"comment_status":"closed","ping_status":"closed","template":"","meta":{"footnotes":""},"class_list":["post-2868","page","type-page","status-publish","hentry"],"yoast_head":"<!-- This site is optimized with the Yoast SEO plugin v27.3 - https:\/\/yoast.com\/product\/yoast-seo-wordpress\/ -->\n<title>Manutention de f\u00fbts - m+f KEG-Technik GmbH &amp; Co. KG<\/title>\n<meta name=\"description\" content=\"Nous proposons diff\u00e9rentes solutions \u00e9conomiques et ergonomiques pour la manutention de f\u00fbts, pour soulever, tourner et d\u00e9placer de nombreux types de f\u00fbts.\" \/>\n<meta name=\"robots\" content=\"index, follow, max-snippet:-1, max-image-preview:large, max-video-preview:-1\" \/>\n<link rel=\"canonical\" href=\"https:\/\/www.mfkegtechnik.com\/fr\/manutention-futs\/\" \/>\n<meta property=\"og:locale\" content=\"fr_FR\" \/>\n<meta property=\"og:type\" content=\"article\" \/>\n<meta property=\"og:title\" content=\"Manutention de f\u00fbts - m+f KEG-Technik GmbH &amp; Co. KG\" \/>\n<meta property=\"og:description\" content=\"Nous proposons diff\u00e9rentes solutions \u00e9conomiques et ergonomiques pour la manutention de f\u00fbts, pour soulever, tourner et d\u00e9placer de nombreux types de f\u00fbts.\" \/>\n<meta property=\"og:url\" content=\"https:\/\/www.mfkegtechnik.com\/fr\/manutention-futs\/\" \/>\n<meta property=\"og:site_name\" content=\"m+f KEG-Technik GmbH &amp; Co. KG\" \/>\n<meta property=\"article:modified_time\" content=\"2021-04-18T11:01:47+00:00\" \/>\n<meta name=\"twitter:card\" content=\"summary_large_image\" \/>\n<meta name=\"twitter:label1\" content=\"Dur\u00e9e de lecture estim\u00e9e\" \/>\n\t<meta name=\"twitter:data1\" content=\"1 minute\" \/>\n<script type=\"application\/ld+json\" class=\"yoast-schema-graph\">{\"@context\":\"https:\\\/\\\/schema.org\",\"@graph\":[{\"@type\":\"WebPage\",\"@id\":\"https:\\\/\\\/www.mfkegtechnik.com\\\/fr\\\/manutention-futs\\\/\",\"url\":\"https:\\\/\\\/www.mfkegtechnik.com\\\/fr\\\/manutention-futs\\\/\",\"name\":\"Manutention de f\u00fbts - m+f KEG-Technik GmbH &amp; Co. KG\",\"isPartOf\":{\"@id\":\"https:\\\/\\\/www.mfkegtechnik.com\\\/fr\\\/#website\"},\"datePublished\":\"2019-06-12T06:40:36+00:00\",\"dateModified\":\"2021-04-18T11:01:47+00:00\",\"description\":\"Nous proposons diff\u00e9rentes solutions \u00e9conomiques et ergonomiques pour la manutention de f\u00fbts, pour soulever, tourner et d\u00e9placer de nombreux types de f\u00fbts.\",\"breadcrumb\":{\"@id\":\"https:\\\/\\\/www.mfkegtechnik.com\\\/fr\\\/manutention-futs\\\/#breadcrumb\"},\"inLanguage\":\"fr-FR\",\"potentialAction\":[{\"@type\":\"ReadAction\",\"target\":[\"https:\\\/\\\/www.mfkegtechnik.com\\\/fr\\\/manutention-futs\\\/\"]}]},{\"@type\":\"BreadcrumbList\",\"@id\":\"https:\\\/\\\/www.mfkegtechnik.com\\\/fr\\\/manutention-futs\\\/#breadcrumb\",\"itemListElement\":[{\"@type\":\"ListItem\",\"position\":1,\"name\":\"Accueil\",\"item\":\"https:\\\/\\\/www.mfkegtechnik.com\\\/fr\\\/\"},{\"@type\":\"ListItem\",\"position\":2,\"name\":\"Manutention de f\u00fbts\"}]},{\"@type\":\"WebSite\",\"@id\":\"https:\\\/\\\/www.mfkegtechnik.com\\\/fr\\\/#website\",\"url\":\"https:\\\/\\\/www.mfkegtechnik.com\\\/fr\\\/\",\"name\":\"m+f KEG-Technik GmbH &amp; Co. KG\",\"description\":\"We keep your KEGs clean !\",\"potentialAction\":[{\"@type\":\"SearchAction\",\"target\":{\"@type\":\"EntryPoint\",\"urlTemplate\":\"https:\\\/\\\/www.mfkegtechnik.com\\\/fr\\\/?s={search_term_string}\"},\"query-input\":{\"@type\":\"PropertyValueSpecification\",\"valueRequired\":true,\"valueName\":\"search_term_string\"}}],\"inLanguage\":\"fr-FR\"}]}<\/script>\n<!-- \/ Yoast SEO plugin. -->","yoast_head_json":{"title":"Manutention de f\u00fbts - m+f KEG-Technik GmbH &amp; Co. KG","description":"Nous proposons diff\u00e9rentes solutions \u00e9conomiques et ergonomiques pour la manutention de f\u00fbts, pour soulever, tourner et d\u00e9placer de nombreux types de f\u00fbts.","robots":{"index":"index","follow":"follow","max-snippet":"max-snippet:-1","max-image-preview":"max-image-preview:large","max-video-preview":"max-video-preview:-1"},"canonical":"https:\/\/www.mfkegtechnik.com\/fr\/manutention-futs\/","og_locale":"fr_FR","og_type":"article","og_title":"Manutention de f\u00fbts - m+f KEG-Technik GmbH &amp; Co. KG","og_description":"Nous proposons diff\u00e9rentes solutions \u00e9conomiques et ergonomiques pour la manutention de f\u00fbts, pour soulever, tourner et d\u00e9placer de nombreux types de f\u00fbts.","og_url":"https:\/\/www.mfkegtechnik.com\/fr\/manutention-futs\/","og_site_name":"m+f KEG-Technik GmbH &amp; Co. KG","article_modified_time":"2021-04-18T11:01:47+00:00","twitter_card":"summary_large_image","twitter_misc":{"Dur\u00e9e de lecture estim\u00e9e":"1 minute"},"schema":{"@context":"https:\/\/schema.org","@graph":[{"@type":"WebPage","@id":"https:\/\/www.mfkegtechnik.com\/fr\/manutention-futs\/","url":"https:\/\/www.mfkegtechnik.com\/fr\/manutention-futs\/","name":"Manutention de f\u00fbts - m+f KEG-Technik GmbH &amp; Co. KG","isPartOf":{"@id":"https:\/\/www.mfkegtechnik.com\/fr\/#website"},"datePublished":"2019-06-12T06:40:36+00:00","dateModified":"2021-04-18T11:01:47+00:00","description":"Nous proposons diff\u00e9rentes solutions \u00e9conomiques et ergonomiques pour la manutention de f\u00fbts, pour soulever, tourner et d\u00e9placer de nombreux types de f\u00fbts.","breadcrumb":{"@id":"https:\/\/www.mfkegtechnik.com\/fr\/manutention-futs\/#breadcrumb"},"inLanguage":"fr-FR","potentialAction":[{"@type":"ReadAction","target":["https:\/\/www.mfkegtechnik.com\/fr\/manutention-futs\/"]}]},{"@type":"BreadcrumbList","@id":"https:\/\/www.mfkegtechnik.com\/fr\/manutention-futs\/#breadcrumb","itemListElement":[{"@type":"ListItem","position":1,"name":"Accueil","item":"https:\/\/www.mfkegtechnik.com\/fr\/"},{"@type":"ListItem","position":2,"name":"Manutention de f\u00fbts"}]},{"@type":"WebSite","@id":"https:\/\/www.mfkegtechnik.com\/fr\/#website","url":"https:\/\/www.mfkegtechnik.com\/fr\/","name":"m+f KEG-Technik GmbH &amp; Co. KG","description":"We keep your KEGs clean !","potentialAction":[{"@type":"SearchAction","target":{"@type":"EntryPoint","urlTemplate":"https:\/\/www.mfkegtechnik.com\/fr\/?s={search_term_string}"},"query-input":{"@type":"PropertyValueSpecification","valueRequired":true,"valueName":"search_term_string"}}],"inLanguage":"fr-FR"}]}},"_links":{"self":[{"href":"https:\/\/www.mfkegtechnik.com\/fr\/wp-json\/wp\/v2\/pages\/2868","targetHints":{"allow":["GET"]}}],"collection":[{"href":"https:\/\/www.mfkegtechnik.com\/fr\/wp-json\/wp\/v2\/pages"}],"about":[{"href":"https:\/\/www.mfkegtechnik.com\/fr\/wp-json\/wp\/v2\/types\/page"}],"author":[{"embeddable":true,"href":"https:\/\/www.mfkegtechnik.com\/fr\/wp-json\/wp\/v2\/users\/2"}],"replies":[{"embeddable":true,"href":"https:\/\/www.mfkegtechnik.com\/fr\/wp-json\/wp\/v2\/comments?post=2868"}],"version-history":[{"count":0,"href":"https:\/\/www.mfkegtechnik.com\/fr\/wp-json\/wp\/v2\/pages\/2868\/revisions"}],"wp:attachment":[{"href":"https:\/\/www.mfkegtechnik.com\/fr\/wp-json\/wp\/v2\/media?parent=2868"}],"curies":[{"name":"wp","href":"https:\/\/api.w.org\/{rel}","templated":true}]}}