{"id":2870,"date":"2019-06-12T07:38:35","date_gmt":"2019-06-12T06:38:35","guid":{"rendered":"http:\/\/www.mfkegtechnik.com\/keg-external-washer\/"},"modified":"2019-08-13T07:10:22","modified_gmt":"2019-08-13T06:10:22","slug":"nettoyage-exterieur-futs","status":"publish","type":"page","link":"https:\/\/www.mfkegtechnik.com\/fr\/nettoyage-exterieur-futs\/","title":{"rendered":"Machines de nettoyage ext\u00e9rieur de f\u00fbts"},"content":{"rendered":"<div id=\"pl-2870\"  class=\"panel-layout\" ><div id=\"pg-2870-0\"  class=\"panel-grid panel-no-style\" ><div id=\"pgc-2870-0-0\"  class=\"panel-grid-cell\" ><div id=\"panel-2870-0-0-0\" class=\"so-panel widget widget_sow-headline panel-first-child\" data-index=\"0\" ><div\n\t\t\t\n\t\t\tclass=\"so-widget-sow-headline so-widget-sow-headline-default-09e8b5ce81e0-2870\"\n\t\t\t\n\t\t><div class=\"sow-headline-container \">\n\t\t\t\t\t\t\t<h1 class=\"sow-headline\">\n\t\t\t\t\t\tMachines de nettoyage ext\u00e9rieur de f\u00fbts\t\t\t\t\t\t<\/h1>\n\t\t\t\t\t\t\t\t\t\t\t<div class=\"decoration\">\n\t\t\t\t\t\t<div class=\"decoration-inside\"><\/div>\n\t\t\t\t\t<\/div>\n\t\t\t\t\t<\/div>\n<\/div><\/div><div id=\"panel-2870-0-0-1\" class=\"so-panel widget widget_sow-editor panel-last-child\" data-index=\"1\" ><div\n\t\t\t\n\t\t\tclass=\"so-widget-sow-editor so-widget-sow-editor-base\"\n\t\t\t\n\t\t>\n<div class=\"siteorigin-widget-tinymce textwidget\">\n\t<\/div>\n<\/div><\/div><\/div><\/div><div id=\"pg-2870-1\"  class=\"panel-grid panel-no-style\" ><div id=\"pgc-2870-1-0\"  class=\"panel-grid-cell\" ><div id=\"panel-2870-1-0-0\" class=\"so-panel widget widget_sow-image panel-first-child\" data-index=\"2\" ><div\n\t\t\t\n\t\t\tclass=\"so-widget-sow-image so-widget-sow-image-default-c67d20f9f743-2870\"\n\t\t\t\n\t\t>\n<div class=\"sow-image-container\">\n\t\t<img \n\tsrc=\"https:\/\/www.mfkegtechnik.com\/wp-content\/uploads\/2017\/01\/rsz_2014_aw_1300-k_mc.jpg\" width=\"237\" height=\"225\" sizes=\"(max-width: 237px) 100vw, 237px\" title=\"KEG external washer\" alt=\"nettoyage-exterieur-futs\" \t\tclass=\"so-widget-image\"\/>\n\t<\/div>\n\n<\/div><\/div><div id=\"panel-2870-1-0-1\" class=\"so-panel widget widget_sow-editor panel-last-child\" data-index=\"3\" ><div\n\t\t\t\n\t\t\tclass=\"so-widget-sow-editor so-widget-sow-editor-base\"\n\t\t\t\n\t\t>\n<div class=\"siteorigin-widget-tinymce textwidget\">\n\t<p style=\"text-align: center;\"><a href=\"http:\/\/www.mfkegtechnik.com\/wp-content\/uploads\/2019\/05\/AW-1150-H.jpg\"><img loading=\"lazy\" decoding=\"async\" class=\"alignnone wp-image-1725\" title=\"Machines de nettoyage ext\u00e9rieur de f\u00fbts\" src=\"http:\/\/www.mfkegtechnik.com\/wp-content\/uploads\/2019\/05\/AW-1150-H-300x290.jpg\" alt=\"nettoyage-exterieur-futs\" width=\"204\" height=\"197\" srcset=\"https:\/\/www.mfkegtechnik.com\/wp-content\/uploads\/2019\/05\/AW-1150-H-300x290.jpg 300w, https:\/\/www.mfkegtechnik.com\/wp-content\/uploads\/2019\/05\/AW-1150-H-768x744.jpg 768w, https:\/\/www.mfkegtechnik.com\/wp-content\/uploads\/2019\/05\/AW-1150-H.jpg 818w\" sizes=\"auto, (max-width: 204px) 100vw, 204px\" \/><\/a><\/p>\n<p style=\"text-align: center;\"><a href=\"http:\/\/www.mfkegtechnik.com\/wp-content\/uploads\/2017\/01\/KEG-Washer.jpg\"><img loading=\"lazy\" decoding=\"async\" class=\"alignnone wp-image-268\" title=\"Int\u00e9rieur d\u00b4une machine de nettoyage ext\u00e9rieur de f\u00fbts\" src=\"http:\/\/www.mfkegtechnik.com\/wp-content\/uploads\/2017\/01\/KEG-Washer-200x300.jpg\" alt=\"interieur-machine-nettoyage-exterieur-futs\" width=\"199\" height=\"299\" srcset=\"https:\/\/www.mfkegtechnik.com\/wp-content\/uploads\/2017\/01\/KEG-Washer-200x300.jpg 200w, https:\/\/www.mfkegtechnik.com\/wp-content\/uploads\/2017\/01\/KEG-Washer-768x1152.jpg 768w, https:\/\/www.mfkegtechnik.com\/wp-content\/uploads\/2017\/01\/KEG-Washer-683x1024.jpg 683w, https:\/\/www.mfkegtechnik.com\/wp-content\/uploads\/2017\/01\/KEG-Washer.jpg 864w\" sizes=\"auto, (max-width: 199px) 100vw, 199px\" \/><\/a><\/p>\n<h6 style=\"text-align: center;\"><span style=\"color: #ffffff;\">With our <a style=\"color: #ffffff;\" href=\"https:\/\/www.youtube.com\/results?search_query=keg+technik\">keg external wash machines<\/a> we keep your KEGs clean.Our keg external wash machines are equipped with a driven chain conveyor and, depending on the mo. For external cleaning of returnable KEGs. Optional: Brushes. High pressure label removal. Fiber optics.\u00a0Base frame, pipe-work, valves and all important mechanical elements are made of stainless steel.These machines are perfect for external cleaning of returnable KEGs.With our <a style=\"color: #ffffff;\" href=\"https:\/\/www.youtube.com\/results?search_query=keg+technik\">keg external wash machines<\/a> we keep your KEGs clean.Our keg external wash machines are equipped with a driven chain conveyor and, depending on the mo. For external cleaning of returnable KEGs. Optional: Brushes. High pressure label removal. Fiber optics.\u00a0Base frame, pipe-work, valves and all important mechanical elements are made of stainless steel.These machines are perfect for external cleaning of returnable KEGs.<\/span><span style=\"color: #ffffff;\">del,<\/span><\/h6>\n<p>&nbsp;<\/p>\n<\/div>\n<\/div><\/div><\/div><div id=\"pgc-2870-1-1\"  class=\"panel-grid-cell\" ><div id=\"panel-2870-1-1-0\" class=\"so-panel widget widget_sow-headline panel-first-child\" data-index=\"4\" ><div\n\t\t\t\n\t\t\tclass=\"so-widget-sow-headline so-widget-sow-headline-default-f16591bb046e-2870\"\n\t\t\t\n\t\t><div class=\"sow-headline-container \">\n\t\t\t\t\t\t\t<h1 class=\"sow-headline\">\n\t\t\t\t\t\tCARACT\u00c9RISTIQUES\t\t\t\t\t\t<\/h1>\n\t\t\t\t\t\t\t\t\t\t\t<div class=\"decoration\">\n\t\t\t\t\t\t<div class=\"decoration-inside\"><\/div>\n\t\t\t\t\t<\/div>\n\t\t\t\t\t<\/div>\n<\/div><\/div><div id=\"panel-2870-1-1-1\" class=\"so-panel widget widget_sow-editor\" data-index=\"5\" ><div\n\t\t\t\n\t\t\tclass=\"so-widget-sow-editor so-widget-sow-editor-base\"\n\t\t\t\n\t\t>\n<div class=\"siteorigin-widget-tinymce textwidget\">\n\t<h4><span style=\"color: #000000;\">Avec nos machines de nettoyage ext\u00e9rieur de f\u00fbts, nous gardons vos f\u00fbts propres.<\/span><\/h4>\n<h4><span style=\"color: #000000;\">Nos machines de nettoyage ext\u00e9rieur de f\u00fbts sont \u00e9quip\u00e9es \u00a0 \u00a0 d\u00b4un convoyeur entra\u00een\u00e9 par cha\u00eenes et, selon le mod\u00e8le, de jets haute pression, d\u00b4une station de retournement et de brosses.<\/span><\/h4>\n<h4><span style=\"color: #000000;\">Le socle, la tuyauterie, les vannes et tous les \u00e9l\u00e9ments m\u00e9caniques importants sont fabriqu\u00e9s en acier inoxydable.<\/span><\/h4>\n<h4><span style=\"color: #000000;\">Ces machines sont id\u00e9ales pour le nettoyage ext\u00e9rieur des f\u00fbts consign\u00e9s.<\/span><\/h4>\n<\/div>\n<\/div><\/div><div id=\"panel-2870-1-1-2\" class=\"so-panel widget widget_sow-headline\" data-index=\"6\" ><div\n\t\t\t\n\t\t\tclass=\"so-widget-sow-headline so-widget-sow-headline-default-f16591bb046e-2870\"\n\t\t\t\n\t\t><div class=\"sow-headline-container \">\n\t\t\t\t\t\t\t<h1 class=\"sow-headline\">\n\t\t\t\t\t\tDONN\u00c9ES TECHNIQUES\t\t\t\t\t\t<\/h1>\n\t\t\t\t\t\t\t\t\t\t\t<div class=\"decoration\">\n\t\t\t\t\t\t<div class=\"decoration-inside\"><\/div>\n\t\t\t\t\t<\/div>\n\t\t\t\t\t<\/div>\n<\/div><\/div><div id=\"panel-2870-1-1-3\" class=\"so-panel widget widget_sow-editor\" data-index=\"7\" ><div\n\t\t\t\n\t\t\tclass=\"so-widget-sow-editor so-widget-sow-editor-base\"\n\t\t\t\n\t\t>\n<div class=\"siteorigin-widget-tinymce textwidget\">\n\t<h4><span style=\"color: #ff6600;\"><strong>Cadence : Jusqu\u00b4\u00e0 600 f\u00fbts\/h<\/strong><\/span><\/h4>\n<h4><span style=\"color: #000000;\"><strong>Stations :<\/strong> lavage ext\u00e9rieur<\/span><\/h4>\n<\/div>\n<\/div><\/div><div id=\"panel-2870-1-1-4\" class=\"so-panel widget widget_sow-headline\" data-index=\"8\" ><div\n\t\t\t\n\t\t\tclass=\"so-widget-sow-headline so-widget-sow-headline-default-f16591bb046e-2870\"\n\t\t\t\n\t\t><div class=\"sow-headline-container \">\n\t\t\t\t\t\t\t<h1 class=\"sow-headline\">\n\t\t\t\t\t\tAVANTAGES\t\t\t\t\t\t<\/h1>\n\t\t\t\t\t\t\t\t\t\t\t<div class=\"decoration\">\n\t\t\t\t\t\t<div class=\"decoration-inside\"><\/div>\n\t\t\t\t\t<\/div>\n\t\t\t\t\t<\/div>\n<\/div><\/div><div id=\"panel-2870-1-1-5\" class=\"so-panel widget widget_sow-editor\" data-index=\"9\" ><div\n\t\t\t\n\t\t\tclass=\"so-widget-sow-editor so-widget-sow-editor-base\"\n\t\t\t\n\t\t>\n<div class=\"siteorigin-widget-tinymce textwidget\">\n\t<h4 style=\"padding-left: 40px;\">Possibilit\u00e9 de rajouter des bross<span style=\"color: #000000;\">es<\/span><\/h4>\n<h4 style=\"padding-left: 40px;\"><span style=\"color: #000000;\">Acier inoxydable<\/span><span style=\"color: #ffffff;\">These machines are perfect for external cleaning of returnable KEGs. machines are equipped with a driven chain conveyor and, depending on the model, with high pressure jets, turning station and brushes.<\/span><\/h4>\n<\/div>\n<\/div><\/div><div id=\"panel-2870-1-1-6\" class=\"so-panel widget widget_sow-button panel-last-child\" data-index=\"10\" ><div\n\t\t\t\n\t\t\tclass=\"so-widget-sow-button so-widget-sow-button-atom-f4386744a745-2870\"\n\t\t\t\n\t\t><div class=\"ow-button-base ow-button-align-center\"\n>\n\t\t\t<a\n\t\t\t\t\thref=\"http:\/\/www.mfkegtechnik.com\/wp-content\/uploads\/2017\/01\/AW-1150-H-_-1300-K-_-2000-K-W.pdf\"\n\t\t\t\t\tclass=\"sowb-button ow-icon-placement-left ow-button-hover\" target=\"_blank\" rel=\"noopener noreferrer\" \t>\n\t\t<span>\n\t\t\t\n\t\t\tT\u00e9l\u00e9charger la fiche technique (PDF)\t\t<\/span>\n\t\t\t<\/a>\n\t<\/div>\n<\/div><\/div><\/div><\/div><\/div>","protected":false},"excerpt":{"rendered":"<p>With our keg external wash machines we keep your KEGs clean.Our keg external wash machines are equipped with a driven chain conveyor and, depending on the mo. For external cleaning of returnable KEGs. Optional: Brushes. High pressure label removal. Fiber optics.\u00a0Base frame, pipe-work, valves and all important mechanical elements are made of stainless steel.These machines are perfect for external cleaning of returnable KEGs.With our keg external wash machines we keep &hellip;<a class=\"excerpt\" href=\"https:\/\/www.mfkegtechnik.com\/fr\/nettoyage-exterieur-futs\/\">Read More<\/a><\/p>\n","protected":false},"author":2,"featured_media":0,"parent":0,"menu_order":0,"comment_status":"closed","ping_status":"closed","template":"","meta":{"footnotes":""},"class_list":["post-2870","page","type-page","status-publish","hentry"],"yoast_head":"<!-- This site is optimized with the Yoast SEO plugin v27.3 - https:\/\/yoast.com\/product\/yoast-seo-wordpress\/ -->\n<title>Machines de nettoyage ext\u00e9rieur de f\u00fbts - m+f KEG-Technik GmbH &amp; Co.<\/title>\n<meta name=\"description\" content=\"Avec nos machines de nettoyage ext\u00e9rieur de f\u00fbts, nous gardons vos f\u00fbts propres! Nos machines sont parfaites pour le nettoyage ext\u00e9rieur de f\u00fbts consign\u00e9s.\" \/>\n<meta name=\"robots\" content=\"index, follow, max-snippet:-1, max-image-preview:large, max-video-preview:-1\" \/>\n<link rel=\"canonical\" href=\"https:\/\/www.mfkegtechnik.com\/fr\/nettoyage-exterieur-futs\/\" \/>\n<meta property=\"og:locale\" content=\"fr_FR\" \/>\n<meta property=\"og:type\" content=\"article\" \/>\n<meta property=\"og:title\" content=\"Machines de nettoyage ext\u00e9rieur de f\u00fbts - m+f KEG-Technik GmbH &amp; Co.\" \/>\n<meta property=\"og:description\" content=\"Avec nos machines de nettoyage ext\u00e9rieur de f\u00fbts, nous gardons vos f\u00fbts propres! Nos machines sont parfaites pour le nettoyage ext\u00e9rieur de f\u00fbts consign\u00e9s.\" \/>\n<meta property=\"og:url\" content=\"https:\/\/www.mfkegtechnik.com\/fr\/nettoyage-exterieur-futs\/\" \/>\n<meta property=\"og:site_name\" content=\"m+f KEG-Technik GmbH &amp; Co. KG\" \/>\n<meta property=\"article:modified_time\" content=\"2019-08-13T06:10:22+00:00\" \/>\n<meta property=\"og:image\" content=\"http:\/\/www.mfkegtechnik.com\/wp-content\/uploads\/2019\/05\/AW-1150-H-300x290.jpg\" \/>\n<meta name=\"twitter:card\" content=\"summary_large_image\" \/>\n<meta name=\"twitter:label1\" content=\"Dur\u00e9e de lecture estim\u00e9e\" \/>\n\t<meta name=\"twitter:data1\" content=\"2 minutes\" \/>\n<script type=\"application\/ld+json\" class=\"yoast-schema-graph\">{\"@context\":\"https:\\\/\\\/schema.org\",\"@graph\":[{\"@type\":\"WebPage\",\"@id\":\"https:\\\/\\\/www.mfkegtechnik.com\\\/fr\\\/nettoyage-exterieur-futs\\\/\",\"url\":\"https:\\\/\\\/www.mfkegtechnik.com\\\/fr\\\/nettoyage-exterieur-futs\\\/\",\"name\":\"Machines de nettoyage ext\u00e9rieur de f\u00fbts - m+f KEG-Technik GmbH & Co.\",\"isPartOf\":{\"@id\":\"https:\\\/\\\/www.mfkegtechnik.com\\\/fr\\\/#website\"},\"primaryImageOfPage\":{\"@id\":\"https:\\\/\\\/www.mfkegtechnik.com\\\/fr\\\/nettoyage-exterieur-futs\\\/#primaryimage\"},\"image\":{\"@id\":\"https:\\\/\\\/www.mfkegtechnik.com\\\/fr\\\/nettoyage-exterieur-futs\\\/#primaryimage\"},\"thumbnailUrl\":\"http:\\\/\\\/www.mfkegtechnik.com\\\/wp-content\\\/uploads\\\/2019\\\/05\\\/AW-1150-H-300x290.jpg\",\"datePublished\":\"2019-06-12T06:38:35+00:00\",\"dateModified\":\"2019-08-13T06:10:22+00:00\",\"description\":\"Avec nos machines de nettoyage ext\u00e9rieur de f\u00fbts, nous gardons vos f\u00fbts propres! Nos machines sont parfaites pour le nettoyage ext\u00e9rieur de f\u00fbts consign\u00e9s.\",\"breadcrumb\":{\"@id\":\"https:\\\/\\\/www.mfkegtechnik.com\\\/fr\\\/nettoyage-exterieur-futs\\\/#breadcrumb\"},\"inLanguage\":\"fr-FR\",\"potentialAction\":[{\"@type\":\"ReadAction\",\"target\":[\"https:\\\/\\\/www.mfkegtechnik.com\\\/fr\\\/nettoyage-exterieur-futs\\\/\"]}]},{\"@type\":\"ImageObject\",\"inLanguage\":\"fr-FR\",\"@id\":\"https:\\\/\\\/www.mfkegtechnik.com\\\/fr\\\/nettoyage-exterieur-futs\\\/#primaryimage\",\"url\":\"http:\\\/\\\/www.mfkegtechnik.com\\\/wp-content\\\/uploads\\\/2019\\\/05\\\/AW-1150-H-300x290.jpg\",\"contentUrl\":\"http:\\\/\\\/www.mfkegtechnik.com\\\/wp-content\\\/uploads\\\/2019\\\/05\\\/AW-1150-H-300x290.jpg\"},{\"@type\":\"BreadcrumbList\",\"@id\":\"https:\\\/\\\/www.mfkegtechnik.com\\\/fr\\\/nettoyage-exterieur-futs\\\/#breadcrumb\",\"itemListElement\":[{\"@type\":\"ListItem\",\"position\":1,\"name\":\"Accueil\",\"item\":\"https:\\\/\\\/www.mfkegtechnik.com\\\/fr\\\/\"},{\"@type\":\"ListItem\",\"position\":2,\"name\":\"Machines de nettoyage ext\u00e9rieur de f\u00fbts\"}]},{\"@type\":\"WebSite\",\"@id\":\"https:\\\/\\\/www.mfkegtechnik.com\\\/fr\\\/#website\",\"url\":\"https:\\\/\\\/www.mfkegtechnik.com\\\/fr\\\/\",\"name\":\"m+f KEG-Technik GmbH &amp; Co. KG\",\"description\":\"We keep your KEGs clean !\",\"potentialAction\":[{\"@type\":\"SearchAction\",\"target\":{\"@type\":\"EntryPoint\",\"urlTemplate\":\"https:\\\/\\\/www.mfkegtechnik.com\\\/fr\\\/?s={search_term_string}\"},\"query-input\":{\"@type\":\"PropertyValueSpecification\",\"valueRequired\":true,\"valueName\":\"search_term_string\"}}],\"inLanguage\":\"fr-FR\"}]}<\/script>\n<!-- \/ Yoast SEO plugin. -->","yoast_head_json":{"title":"Machines de nettoyage ext\u00e9rieur de f\u00fbts - m+f KEG-Technik GmbH & Co.","description":"Avec nos machines de nettoyage ext\u00e9rieur de f\u00fbts, nous gardons vos f\u00fbts propres! Nos machines sont parfaites pour le nettoyage ext\u00e9rieur de f\u00fbts consign\u00e9s.","robots":{"index":"index","follow":"follow","max-snippet":"max-snippet:-1","max-image-preview":"max-image-preview:large","max-video-preview":"max-video-preview:-1"},"canonical":"https:\/\/www.mfkegtechnik.com\/fr\/nettoyage-exterieur-futs\/","og_locale":"fr_FR","og_type":"article","og_title":"Machines de nettoyage ext\u00e9rieur de f\u00fbts - m+f KEG-Technik GmbH & Co.","og_description":"Avec nos machines de nettoyage ext\u00e9rieur de f\u00fbts, nous gardons vos f\u00fbts propres! Nos machines sont parfaites pour le nettoyage ext\u00e9rieur de f\u00fbts consign\u00e9s.","og_url":"https:\/\/www.mfkegtechnik.com\/fr\/nettoyage-exterieur-futs\/","og_site_name":"m+f KEG-Technik GmbH &amp; Co. KG","article_modified_time":"2019-08-13T06:10:22+00:00","og_image":[{"url":"http:\/\/www.mfkegtechnik.com\/wp-content\/uploads\/2019\/05\/AW-1150-H-300x290.jpg","type":"","width":"","height":""}],"twitter_card":"summary_large_image","twitter_misc":{"Dur\u00e9e de lecture estim\u00e9e":"2 minutes"},"schema":{"@context":"https:\/\/schema.org","@graph":[{"@type":"WebPage","@id":"https:\/\/www.mfkegtechnik.com\/fr\/nettoyage-exterieur-futs\/","url":"https:\/\/www.mfkegtechnik.com\/fr\/nettoyage-exterieur-futs\/","name":"Machines de nettoyage ext\u00e9rieur de f\u00fbts - m+f KEG-Technik GmbH & Co.","isPartOf":{"@id":"https:\/\/www.mfkegtechnik.com\/fr\/#website"},"primaryImageOfPage":{"@id":"https:\/\/www.mfkegtechnik.com\/fr\/nettoyage-exterieur-futs\/#primaryimage"},"image":{"@id":"https:\/\/www.mfkegtechnik.com\/fr\/nettoyage-exterieur-futs\/#primaryimage"},"thumbnailUrl":"http:\/\/www.mfkegtechnik.com\/wp-content\/uploads\/2019\/05\/AW-1150-H-300x290.jpg","datePublished":"2019-06-12T06:38:35+00:00","dateModified":"2019-08-13T06:10:22+00:00","description":"Avec nos machines de nettoyage ext\u00e9rieur de f\u00fbts, nous gardons vos f\u00fbts propres! Nos machines sont parfaites pour le nettoyage ext\u00e9rieur de f\u00fbts consign\u00e9s.","breadcrumb":{"@id":"https:\/\/www.mfkegtechnik.com\/fr\/nettoyage-exterieur-futs\/#breadcrumb"},"inLanguage":"fr-FR","potentialAction":[{"@type":"ReadAction","target":["https:\/\/www.mfkegtechnik.com\/fr\/nettoyage-exterieur-futs\/"]}]},{"@type":"ImageObject","inLanguage":"fr-FR","@id":"https:\/\/www.mfkegtechnik.com\/fr\/nettoyage-exterieur-futs\/#primaryimage","url":"http:\/\/www.mfkegtechnik.com\/wp-content\/uploads\/2019\/05\/AW-1150-H-300x290.jpg","contentUrl":"http:\/\/www.mfkegtechnik.com\/wp-content\/uploads\/2019\/05\/AW-1150-H-300x290.jpg"},{"@type":"BreadcrumbList","@id":"https:\/\/www.mfkegtechnik.com\/fr\/nettoyage-exterieur-futs\/#breadcrumb","itemListElement":[{"@type":"ListItem","position":1,"name":"Accueil","item":"https:\/\/www.mfkegtechnik.com\/fr\/"},{"@type":"ListItem","position":2,"name":"Machines de nettoyage ext\u00e9rieur de f\u00fbts"}]},{"@type":"WebSite","@id":"https:\/\/www.mfkegtechnik.com\/fr\/#website","url":"https:\/\/www.mfkegtechnik.com\/fr\/","name":"m+f KEG-Technik GmbH &amp; Co. KG","description":"We keep your KEGs clean !","potentialAction":[{"@type":"SearchAction","target":{"@type":"EntryPoint","urlTemplate":"https:\/\/www.mfkegtechnik.com\/fr\/?s={search_term_string}"},"query-input":{"@type":"PropertyValueSpecification","valueRequired":true,"valueName":"search_term_string"}}],"inLanguage":"fr-FR"}]}},"_links":{"self":[{"href":"https:\/\/www.mfkegtechnik.com\/fr\/wp-json\/wp\/v2\/pages\/2870","targetHints":{"allow":["GET"]}}],"collection":[{"href":"https:\/\/www.mfkegtechnik.com\/fr\/wp-json\/wp\/v2\/pages"}],"about":[{"href":"https:\/\/www.mfkegtechnik.com\/fr\/wp-json\/wp\/v2\/types\/page"}],"author":[{"embeddable":true,"href":"https:\/\/www.mfkegtechnik.com\/fr\/wp-json\/wp\/v2\/users\/2"}],"replies":[{"embeddable":true,"href":"https:\/\/www.mfkegtechnik.com\/fr\/wp-json\/wp\/v2\/comments?post=2870"}],"version-history":[{"count":0,"href":"https:\/\/www.mfkegtechnik.com\/fr\/wp-json\/wp\/v2\/pages\/2870\/revisions"}],"wp:attachment":[{"href":"https:\/\/www.mfkegtechnik.com\/fr\/wp-json\/wp\/v2\/media?parent=2870"}],"curies":[{"name":"wp","href":"https:\/\/api.w.org\/{rel}","templated":true}]}}