{"id":2871,"date":"2019-06-12T07:39:01","date_gmt":"2019-06-12T06:39:01","guid":{"rendered":"http:\/\/www.mfkegtechnik.com\/keg-filling-one-way\/"},"modified":"2025-08-25T10:59:50","modified_gmt":"2025-08-25T09:59:50","slug":"remplissage-futs-one-way","status":"publish","type":"page","link":"https:\/\/www.mfkegtechnik.com\/fr\/remplissage-futs-one-way\/","title":{"rendered":"Machine de remplissage de f\u00fbts one-way"},"content":{"rendered":"<div id=\"pl-2871\"  class=\"panel-layout\" ><div id=\"pg-2871-0\"  class=\"panel-grid panel-no-style\" ><div id=\"pgc-2871-0-0\"  class=\"panel-grid-cell\" ><div id=\"panel-2871-0-0-0\" class=\"so-panel widget widget_sow-headline panel-first-child panel-last-child\" data-index=\"0\" ><div\n\t\t\t\n\t\t\tclass=\"so-widget-sow-headline so-widget-sow-headline-default-7d6c0c62a896-2871\"\n\t\t\t\n\t\t><div class=\"sow-headline-container \">\n\t\t\t\t\t\t\t<h1 class=\"sow-headline\">\n\t\t\t\t\t\tMachine de remplissage de f\u00fbts one-way\t\t\t\t\t\t<\/h1>\n\t\t\t\t\t\t\t\t\t\t\t<div class=\"decoration\">\n\t\t\t\t\t\t<div class=\"decoration-inside\"><\/div>\n\t\t\t\t\t<\/div>\n\t\t\t\t\t\t\t\t\t\t\t<h2 class=\"sow-sub-headline\">\n\t\t\t\t\t\tMICROMAT M 1\/1-F\t\t\t\t\t\t<\/h2>\n\t\t\t\t\t\t<\/div>\n<\/div><\/div><\/div><\/div><div id=\"pg-2871-1\"  class=\"panel-grid panel-no-style\" ><div id=\"pgc-2871-1-0\"  class=\"panel-grid-cell\" ><div id=\"panel-2871-1-0-0\" class=\"so-panel widget widget_sow-editor panel-first-child panel-last-child\" data-index=\"1\" ><div\n\t\t\t\n\t\t\tclass=\"so-widget-sow-editor so-widget-sow-editor-base\"\n\t\t\t\n\t\t>\n<div class=\"siteorigin-widget-tinymce textwidget\">\n\t<h4><span style=\"color: #000000;\">Quelle que soit la marque de vos f\u00fbts, nous avons ce qu\u00b4il vous faut. Notre machine MICROMAT convient parfaitement aux f\u00fbts Dolium, PetainerKeg, WorldKeg, PolyKeg et KeyKeg. Pour les f\u00fbts KeyKeg, nous disposons aussi de la machine <a href=\"http:\/\/www.mfkegtechnik.com\/fr\/ecomat-c\/\">ECOMAT C<\/a>.<\/span><\/h4>\n<h4><span style=\"color: #000000;\">L\u00b4une de nos derni\u00e8res solutions est le <em>Top Hygienic Combihead<\/em> qui permet de remplir sur une m\u00eame machine les sacs et les f\u00fbts. Si vous souhaitez en savoir plus, n\u00b4h\u00e9sitez pas \u00e0 <a href=\"http:\/\/www.mfkegtechnik.com\/fr\/contact\/\">nous contacter<\/a>. <\/span><span style=\"color: #ffffff;\"> Machine de remplissage \u00a0 Machine de remplissage<\/span><\/h4>\n<\/div>\n<\/div><\/div><\/div><\/div><div id=\"pg-2871-2\"  class=\"panel-grid panel-no-style\" ><div id=\"pgc-2871-2-0\"  class=\"panel-grid-cell\" ><div id=\"panel-2871-2-0-0\" class=\"so-panel widget widget_sow-image panel-first-child\" data-index=\"2\" ><div\n\t\t\t\n\t\t\tclass=\"so-widget-sow-image so-widget-sow-image-default-c67d20f9f743-2871\"\n\t\t\t\n\t\t>\n<div class=\"sow-image-container\">\n\t\t<img \n\tsrc=\"https:\/\/www.mfkegtechnik.com\/wp-content\/uploads\/2017\/08\/MICROMAT_1-1-194x300.jpeg\" width=\"194\" height=\"300\" srcset=\"https:\/\/www.mfkegtechnik.com\/wp-content\/uploads\/2017\/08\/MICROMAT_1-1-194x300.jpeg 194w, https:\/\/www.mfkegtechnik.com\/wp-content\/uploads\/2017\/08\/MICROMAT_1-1-768x1188.jpeg 768w, https:\/\/www.mfkegtechnik.com\/wp-content\/uploads\/2017\/08\/MICROMAT_1-1-662x1024.jpeg 662w, https:\/\/www.mfkegtechnik.com\/wp-content\/uploads\/2017\/08\/MICROMAT_1-1-940x1454.jpeg 940w, https:\/\/www.mfkegtechnik.com\/wp-content\/uploads\/2017\/08\/MICROMAT_1-1.jpeg 1527w\" sizes=\"(max-width: 194px) 100vw, 194px\" title=\"MICROMAT 1\/1-F\" alt=\"Micromat\" \t\tclass=\"so-widget-image\"\/>\n\t<\/div>\n\n<\/div><\/div><div id=\"panel-2871-2-0-1\" class=\"so-panel widget widget_sow-image\" data-index=\"3\" ><div\n\t\t\t\n\t\t\tclass=\"so-widget-sow-image so-widget-sow-image-default-c67d20f9f743-2871\"\n\t\t\t\n\t\t>\n<div class=\"sow-image-container\">\n\t\t<img \n\tsrc=\"https:\/\/www.mfkegtechnik.com\/wp-content\/uploads\/2017\/01\/MICROMAT_1-1-F-PETainer-30l-189x300.jpg\" width=\"189\" height=\"300\" srcset=\"https:\/\/www.mfkegtechnik.com\/wp-content\/uploads\/2017\/01\/MICROMAT_1-1-F-PETainer-30l-189x300.jpg 189w, https:\/\/www.mfkegtechnik.com\/wp-content\/uploads\/2017\/01\/MICROMAT_1-1-F-PETainer-30l-768x1217.jpg 768w, https:\/\/www.mfkegtechnik.com\/wp-content\/uploads\/2017\/01\/MICROMAT_1-1-F-PETainer-30l-646x1024.jpg 646w, https:\/\/www.mfkegtechnik.com\/wp-content\/uploads\/2017\/01\/MICROMAT_1-1-F-PETainer-30l-940x1490.jpg 940w\" sizes=\"(max-width: 189px) 100vw, 189px\" title=\"MICROMAT_1-1 F PETainer 30l\" alt=\"Micromat\" \t\tclass=\"so-widget-image\"\/>\n\t<\/div>\n\n<\/div><\/div><div id=\"panel-2871-2-0-2\" class=\"so-panel widget widget_sow-image\" data-index=\"4\" ><div\n\t\t\t\n\t\t\tclass=\"so-widget-sow-image so-widget-sow-image-default-c67d20f9f743-2871\"\n\t\t\t\n\t\t>\n<div class=\"sow-image-container\">\n\t\t<img \n\tsrc=\"https:\/\/www.mfkegtechnik.com\/wp-content\/uploads\/2017\/01\/MICROMAT_1-1-F-KeyKeg-Slimline-20l-188x300.jpg\" width=\"188\" height=\"300\" srcset=\"https:\/\/www.mfkegtechnik.com\/wp-content\/uploads\/2017\/01\/MICROMAT_1-1-F-KeyKeg-Slimline-20l-188x300.jpg 188w, https:\/\/www.mfkegtechnik.com\/wp-content\/uploads\/2017\/01\/MICROMAT_1-1-F-KeyKeg-Slimline-20l-768x1227.jpg 768w, https:\/\/www.mfkegtechnik.com\/wp-content\/uploads\/2017\/01\/MICROMAT_1-1-F-KeyKeg-Slimline-20l-641x1024.jpg 641w, https:\/\/www.mfkegtechnik.com\/wp-content\/uploads\/2017\/01\/MICROMAT_1-1-F-KeyKeg-Slimline-20l-940x1502.jpg 940w\" sizes=\"(max-width: 188px) 100vw, 188px\" title=\"MICROMAT_1-1 F KeyKeg Slimline 20l\" alt=\"Micromat\" \t\tclass=\"so-widget-image\"\/>\n\t<\/div>\n\n<\/div><\/div><div id=\"panel-2871-2-0-3\" class=\"so-panel widget widget_sow-image panel-last-child\" data-index=\"5\" ><div\n\t\t\t\n\t\t\tclass=\"so-widget-sow-image so-widget-sow-image-default-c67d20f9f743-2871\"\n\t\t\t\n\t\t>\n<div class=\"sow-image-container\">\n\t\t<img \n\tsrc=\"https:\/\/www.mfkegtechnik.com\/wp-content\/uploads\/2017\/01\/MICROMAT_1-1-F-Dolium-20l-190x300.jpg\" width=\"190\" height=\"300\" srcset=\"https:\/\/www.mfkegtechnik.com\/wp-content\/uploads\/2017\/01\/MICROMAT_1-1-F-Dolium-20l-190x300.jpg 190w, https:\/\/www.mfkegtechnik.com\/wp-content\/uploads\/2017\/01\/MICROMAT_1-1-F-Dolium-20l-768x1213.jpg 768w, https:\/\/www.mfkegtechnik.com\/wp-content\/uploads\/2017\/01\/MICROMAT_1-1-F-Dolium-20l-648x1024.jpg 648w, https:\/\/www.mfkegtechnik.com\/wp-content\/uploads\/2017\/01\/MICROMAT_1-1-F-Dolium-20l-940x1485.jpg 940w\" sizes=\"(max-width: 190px) 100vw, 190px\" title=\"MICROMAT_1-1 F Dolium 20l\" alt=\"Micromat\" \t\tclass=\"so-widget-image\"\/>\n\t<\/div>\n\n<\/div><\/div><\/div><div id=\"pgc-2871-2-1\"  class=\"panel-grid-cell\" ><div id=\"panel-2871-2-1-0\" class=\"so-panel widget widget_sow-editor panel-first-child panel-last-child\" data-index=\"6\" ><div\n\t\t\t\n\t\t\tclass=\"so-widget-sow-editor so-widget-sow-editor-base\"\n\t\t\t\n\t\t>\n<div class=\"siteorigin-widget-tinymce textwidget\">\n\t<table width=\"671\">\n<tbody>\n<tr>\n<td width=\"444\">\n<h2><\/h2>\n<h2 style=\"padding-left: 40px;\"><strong><a href=\"http:\/\/keykeg.com\/\"><span style=\"color: #000000;\">Remplissage de f\u00fbts KeyKeg<\/span><\/a><a href=\"https:\/\/www.mfkegtechnik.com\/wp-content\/uploads\/2021\/03\/KeyKeg_Logo.jpg\"><img loading=\"lazy\" decoding=\"async\" class=\"alignright\" src=\"https:\/\/www.mfkegtechnik.com\/wp-content\/uploads\/2021\/03\/KeyKeg_Logo.jpg\" alt=\"\" width=\"179\" height=\"113\" \/><\/a><\/strong><\/h2>\n<h4><span style=\"color: #ff6600;\"><strong>Cadence : 50-60 KeyKeg\/h<\/strong><\/span><\/h4>\n<p><strong>\u00a0<\/strong><\/p>\n<h4><em>Remplissage rapide, propre et s\u00e9curis\u00e9 de vos f\u00fbts <\/em><span style=\"color: #000000;\"><em>KeyKeg.<\/em><\/span><\/h4>\n<h4 style=\"text-align: right;\"><span style=\"font-size: 14pt;\"><strong><a href=\"http:\/\/www.mfkegtechnik.com\/wp-content\/uploads\/2017\/01\/MICROMAT-M-11-F-KeyKeg.pdf\">(PDF)<\/a><\/strong><\/span><\/h4>\n<\/td>\n<\/tr>\n<tr>\n<td width=\"444\">\n<h2><\/h2>\n<h2 style=\"padding-left: 40px;\"><strong><span style=\"color: #000000;\">\u00a0<a style=\"color: #000000;\" href=\"http:\/\/dolium.eu\/\">Remplissage de f\u00fbts Dolium<\/a><\/span><a href=\"http:\/\/www.mfkegtechnik.com\/wp-content\/uploads\/2017\/01\/Logo-Dolium.png\"><img loading=\"lazy\" decoding=\"async\" class=\"alignright wp-image-239\" title=\"Dolium\" src=\"http:\/\/www.mfkegtechnik.com\/wp-content\/uploads\/2017\/01\/Logo-Dolium.png\" alt=\"dolium\" width=\"179\" height=\"66\" \/><\/a><\/strong><\/h2>\n<h4><span style=\"color: #ff6600;\"><strong>Cadence : 40-45 Dolium Keg\/h<\/strong><\/span><\/h4>\n<p>&nbsp;<\/p>\n<h4><span style=\"color: #000000;\"><em>Diff\u00e9rentes t\u00eates de soutirage sont disponibles.<\/em><\/span><\/h4>\n<p style=\"text-align: right;\"><strong>\u00a0<span style=\"font-size: 14pt;\"><a href=\"http:\/\/www.mfkegtechnik.com\/wp-content\/uploads\/2017\/01\/MICROMAT-M-11-F-Dolium.pdf\">(PDF)<\/a><\/span><\/strong><\/p>\n<\/td>\n<\/tr>\n<tr>\n<td width=\"444\">\n<h2><\/h2>\n<h2 style=\"padding-left: 40px;\"><span style=\"color: #000000;\"><a style=\"color: #000000;\" href=\"http:\/\/petainer.com\/\"><strong>Remplissage de f\u00fbts\u00a0<\/strong><\/a><\/span><strong><span style=\"color: #000000;\">PetainerKeg<\/span><a href=\"http:\/\/www.mfkegtechnik.com\/wp-content\/uploads\/2017\/01\/Logo-Petainer.png\"><img loading=\"lazy\" decoding=\"async\" class=\"alignright wp-image-243\" title=\"PetainerKeg\" src=\"http:\/\/www.mfkegtechnik.com\/wp-content\/uploads\/2017\/01\/Logo-Petainer.png\" alt=\"petainerkeg\" width=\"182\" height=\"96\" \/><\/a><\/strong><\/h2>\n<h4><span style=\"color: #ff6600;\"><strong>Cadence : 40-50 Petainer Keg\/h<\/strong><\/span><\/h4>\n<p style=\"text-align: left;\"><strong>\u00a0<\/strong><\/p>\n<h4><span style=\"color: #000000;\"><em>Pour Classic et Linestar Petainer.<\/em><\/span><\/h4>\n<h4><em>Diff\u00e9rentes t\u00eates de soutirage sont disponibles.<\/em><\/h4>\n<p style=\"text-align: right;\"><span style=\"font-size: 14pt;\"><a href=\"http:\/\/www.mfkegtechnik.com\/wp-content\/uploads\/2017\/01\/MICROMAT-M-11-F-Dolium.pdf\"><strong>(PDF)<\/strong><\/a><\/span><\/p>\n<\/td>\n<\/tr>\n<tr>\n<td width=\"444\">\n<h2><\/h2>\n<h2 style=\"padding-left: 40px;\"><span style=\"color: #000000;\"><a style=\"color: #000000;\" href=\"http:\/\/polykeg.com\/\"><strong>Remplissage de f\u00fbts\u00a0<\/strong><\/a><\/span><strong><span style=\"color: #000000;\">PolyKeg<\/span><a href=\"http:\/\/www.mfkegtechnik.com\/wp-content\/uploads\/2017\/01\/Logo-plykeg.jpg\"><img loading=\"lazy\" decoding=\"async\" class=\"alignright wp-image-244\" title=\"PolyKeg\" src=\"http:\/\/www.mfkegtechnik.com\/wp-content\/uploads\/2017\/01\/Logo-plykeg.jpg\" alt=\"polykeg\" width=\"176\" height=\"97\" \/><\/a><\/strong><\/h2>\n<h4><span style=\"color: #ff6600;\"><strong>Cadence : 50-60 PolyKeg\/h<\/strong><\/span><\/h4>\n<p><strong>\u00a0<\/strong><\/p>\n<h4><em>Remplissage rapide, propre et s\u00e9curis\u00e9 de vos f\u00fbts<\/em><span style=\"color: #000000;\"><em> PolyKeg.<\/em><\/span><\/h4>\n<p style=\"text-align: right;\"><span style=\"font-size: 14pt;\"><a href=\"http:\/\/www.mfkegtechnik.com\/wp-content\/uploads\/2017\/01\/Prospekt-Polykeg.jpg\"><strong>(PDF)<\/strong><\/a><\/span><\/p>\n<\/td>\n<\/tr>\n<tr>\n<td width=\"444\"><\/td>\n<\/tr>\n<\/tbody>\n<\/table>\n<\/div>\n<\/div><\/div><\/div><\/div><div id=\"pg-2871-3\"  class=\"panel-grid panel-no-style\" ><div id=\"pgc-2871-3-0\"  class=\"panel-grid-cell\" ><div id=\"panel-2871-3-0-0\" class=\"so-panel widget widget_sow-image panel-first-child panel-last-child\" data-index=\"7\" ><div\n\t\t\t\n\t\t\tclass=\"so-widget-sow-image so-widget-sow-image-default-c67d20f9f743-2871\"\n\t\t\t\n\t\t>\n<div class=\"sow-image-container\">\n\t\t<img \n\tsrc=\"https:\/\/www.mfkegtechnik.com\/wp-content\/uploads\/2017\/01\/Speartypes-420x210.png\" width=\"420\" height=\"210\" srcset=\"https:\/\/www.mfkegtechnik.com\/wp-content\/uploads\/2017\/01\/Speartypes-420x210.png 420w, https:\/\/www.mfkegtechnik.com\/wp-content\/uploads\/2017\/01\/Speartypes-460x230.png 460w\" sizes=\"(max-width: 420px) 100vw, 420px\" title=\"T\u00eates de soutirage\" alt=\"Spear Types\" \t\tclass=\"so-widget-image\"\/>\n\t<\/div>\n\n<\/div><\/div><\/div><div id=\"pgc-2871-3-1\"  class=\"panel-grid-cell\" ><div id=\"panel-2871-3-1-0\" class=\"so-panel widget widget_sow-headline panel-first-child\" data-index=\"8\" ><div\n\t\t\t\n\t\t\tclass=\"so-widget-sow-headline so-widget-sow-headline-default-f16591bb046e-2871\"\n\t\t\t\n\t\t><div class=\"sow-headline-container \">\n\t\t\t\t\t\t\t<h1 class=\"sow-headline\">\n\t\t\t\t\t\tDONN\u00c9ES TECHNIQUES\t\t\t\t\t\t<\/h1>\n\t\t\t\t\t\t\t\t\t\t\t<div class=\"decoration\">\n\t\t\t\t\t\t<div class=\"decoration-inside\"><\/div>\n\t\t\t\t\t<\/div>\n\t\t\t\t\t<\/div>\n<\/div><\/div><div id=\"panel-2871-3-1-1\" class=\"so-panel widget widget_sow-editor\" data-index=\"9\" ><div\n\t\t\t\n\t\t\tclass=\"so-widget-sow-editor so-widget-sow-editor-base\"\n\t\t\t\n\t\t>\n<div class=\"siteorigin-widget-tinymce textwidget\">\n\t<h4><span style=\"color: #000000;\"><strong>Dimensions :<\/strong> \u00a0 \u00a0 <b>Profondeur (T) \u00a0<\/b> \u00a0 \u00a0 : <strong>1.300<\/strong> mm<\/span><\/h4>\n<h4><span style=\"color: #000000;\">\u00a0 \u00a0 \u00a0 \u00a0 \u00a0 \u00a0 \u00a0 \u00a0 \u00a0 \u00a0 \u00a0 \u00a0 \u00a0 \u00a0\u00a0 <strong>Largeur \u00a0 (B) <\/strong>\u00a0 \u00a0 \u00a0 \u00a0 \u00a0 : \u00a0\u00a0\u00a0<strong>800<\/strong> mm<\/span><\/h4>\n<h4><span style=\"color: #000000;\">\u00a0 \u00a0 \u00a0 \u00a0 \u00a0 \u00a0 \u00a0 \u00a0 \u00a0 \u00a0 \u00a0 \u00a0 \u00a0 \u00a0\u00a0 <strong>Hauteur (H)<\/strong> \u00a0 \u00a0 \u00a0 \u00a0 \u00a0\u00a0 : <strong>2.200<\/strong> mm +\/- <strong>50<\/strong><\/span><\/h4>\n<h4><\/h4>\n<h4><span style=\"color: #000000;\"><strong>Tension :<\/strong> <strong>230\/400<\/strong>V, <strong>50<\/strong>Hz, <strong>3-phase<\/strong><\/span><\/h4>\n<h4><span style=\"color: #000000;\"><strong>Raccordement \u00e9lectrique : 1<\/strong>kW<\/span><\/h4>\n<\/div>\n<\/div><\/div><div id=\"panel-2871-3-1-2\" class=\"so-panel widget widget_sow-headline\" data-index=\"10\" ><div\n\t\t\t\n\t\t\tclass=\"so-widget-sow-headline so-widget-sow-headline-default-f16591bb046e-2871\"\n\t\t\t\n\t\t><div class=\"sow-headline-container \">\n\t\t\t\t\t\t\t<h1 class=\"sow-headline\">\n\t\t\t\t\t\tAVANTAGES\t\t\t\t\t\t<\/h1>\n\t\t\t\t\t\t\t\t\t\t\t<div class=\"decoration\">\n\t\t\t\t\t\t<div class=\"decoration-inside\"><\/div>\n\t\t\t\t\t<\/div>\n\t\t\t\t\t<\/div>\n<\/div><\/div><div id=\"panel-2871-3-1-3\" class=\"so-panel widget widget_sow-editor\" data-index=\"11\" ><div\n\t\t\t\n\t\t\tclass=\"so-widget-sow-editor so-widget-sow-editor-base\"\n\t\t\t\n\t\t>\n<div class=\"siteorigin-widget-tinymce textwidget\">\n\t<h4><span style=\"color: #000000;\">Nous travaillons en \u00e9troite collaboration avec nos producteurs afin de s\u00b4assurer que le processus de remplissage soit optimis\u00e9 et propre.<\/span><\/h4>\n<h4><span style=\"color: #000000;\">Avec plus de 200 machines pour le remplissage de f\u00fbts KeyKeg, nous avons acquis une grande exp\u00e9rience et de nombreuses r\u00e9f\u00e9rences.<\/span><\/h4>\n<h4><span style=\"color: #000000;\">Il y a \u00e9norm\u00e9ment d\u00b4avantages \u00e0 utiliser nos machines, en voici quelques-uns :<\/span><\/h4>\n<h4 style=\"padding-left: 40px;\"><span style=\"color: #000000;\">Acier inoxydable<\/span><\/h4>\n<h4 style=\"padding-left: 40px;\"><span style=\"color: #000000;\">Rapidit\u00e9<\/span><\/h4>\n<h4 style=\"padding-left: 40px;\"><span style=\"color: #000000;\">S\u00e9curit\u00e9<\/span><\/h4>\n<h4 style=\"padding-left: 40px;\"><span style=\"color: #000000;\">Facile d\u00b4utilisation<\/span><\/h4>\n<h4 style=\"padding-left: 40px;\">Le processus de remplissage est effectu\u00e9 automatiquement<\/h4>\n<\/div>\n<\/div><\/div><div id=\"panel-2871-3-1-4\" class=\"so-panel widget widget_sow-button panel-last-child\" data-index=\"12\" ><div\n\t\t\t\n\t\t\tclass=\"so-widget-sow-button so-widget-sow-button-atom-45a38d61cbbe-2871\"\n\t\t\t\n\t\t><div class=\"ow-button-base ow-button-align-center\"\n>\n\t\t\t<a\n\t\t\t\t\thref=\"https:\/\/www.mfkegtechnik.com\/fr\/contact\/\"\n\t\t\t\t\tclass=\"sowb-button ow-icon-placement-left ow-button-hover\" \t>\n\t\t<span>\n\t\t\t\n\t\t\tCONTACTEZ- NOUS\t\t<\/span>\n\t\t\t<\/a>\n\t<\/div>\n<\/div><\/div><\/div><\/div><\/div>","protected":false},"excerpt":{"rendered":"<p>Quelle que soit la marque de vos f\u00fbts, nous avons ce qu\u00b4il vous faut. Notre machine MICROMAT convient parfaitement aux f\u00fbts Dolium, PetainerKeg, WorldKeg, PolyKeg et KeyKeg. Pour les f\u00fbts KeyKeg, nous disposons aussi de la machine ECOMAT C. L\u00b4une de nos derni\u00e8res solutions est le Top Hygienic Combihead qui permet de remplir sur une m\u00eame machine les sacs et les f\u00fbts. Si vous souhaitez en savoir plus, n\u00b4h\u00e9sitez pas &hellip;<a class=\"excerpt\" href=\"https:\/\/www.mfkegtechnik.com\/fr\/remplissage-futs-one-way\/\">Read More<\/a><\/p>\n","protected":false},"author":2,"featured_media":0,"parent":0,"menu_order":0,"comment_status":"closed","ping_status":"closed","template":"","meta":{"footnotes":""},"class_list":["post-2871","page","type-page","status-publish","hentry"],"yoast_head":"<!-- This site is optimized with the Yoast SEO plugin v27.3 - https:\/\/yoast.com\/product\/yoast-seo-wordpress\/ -->\n<title>Machine de remplissage de f\u00fbts - m+f KEG-Technik GmbH &amp; Co. KG<\/title>\n<meta name=\"description\" content=\"Quelque soit la marque de vos f\u00fbts, nous vous proposons une machine de remplissage de f\u00fbts one-way qui va d\u00e9passer vos attentes.\" \/>\n<meta name=\"robots\" content=\"index, follow, max-snippet:-1, max-image-preview:large, max-video-preview:-1\" \/>\n<link rel=\"canonical\" href=\"https:\/\/www.mfkegtechnik.com\/fr\/remplissage-futs-one-way\/\" \/>\n<meta property=\"og:locale\" content=\"fr_FR\" \/>\n<meta property=\"og:type\" content=\"article\" \/>\n<meta property=\"og:title\" content=\"Machine de remplissage de f\u00fbts - m+f KEG-Technik GmbH &amp; Co. KG\" \/>\n<meta property=\"og:description\" content=\"Quelque soit la marque de vos f\u00fbts, nous vous proposons une machine de remplissage de f\u00fbts one-way qui va d\u00e9passer vos attentes.\" \/>\n<meta property=\"og:url\" content=\"https:\/\/www.mfkegtechnik.com\/fr\/remplissage-futs-one-way\/\" \/>\n<meta property=\"og:site_name\" content=\"m+f KEG-Technik GmbH &amp; Co. KG\" \/>\n<meta property=\"article:modified_time\" content=\"2025-08-25T09:59:50+00:00\" \/>\n<meta property=\"og:image\" content=\"https:\/\/www.mfkegtechnik.com\/wp-content\/uploads\/2021\/03\/KeyKeg_Logo.jpg\" \/>\n<meta name=\"twitter:card\" content=\"summary_large_image\" \/>\n<meta name=\"twitter:label1\" content=\"Dur\u00e9e de lecture estim\u00e9e\" \/>\n\t<meta name=\"twitter:data1\" content=\"4 minutes\" \/>\n<script type=\"application\/ld+json\" class=\"yoast-schema-graph\">{\"@context\":\"https:\\\/\\\/schema.org\",\"@graph\":[{\"@type\":\"WebPage\",\"@id\":\"https:\\\/\\\/www.mfkegtechnik.com\\\/fr\\\/remplissage-futs-one-way\\\/\",\"url\":\"https:\\\/\\\/www.mfkegtechnik.com\\\/fr\\\/remplissage-futs-one-way\\\/\",\"name\":\"Machine de remplissage de f\u00fbts - m+f KEG-Technik GmbH &amp; Co. KG\",\"isPartOf\":{\"@id\":\"https:\\\/\\\/www.mfkegtechnik.com\\\/fr\\\/#website\"},\"primaryImageOfPage\":{\"@id\":\"https:\\\/\\\/www.mfkegtechnik.com\\\/fr\\\/remplissage-futs-one-way\\\/#primaryimage\"},\"image\":{\"@id\":\"https:\\\/\\\/www.mfkegtechnik.com\\\/fr\\\/remplissage-futs-one-way\\\/#primaryimage\"},\"thumbnailUrl\":\"https:\\\/\\\/www.mfkegtechnik.com\\\/wp-content\\\/uploads\\\/2021\\\/03\\\/KeyKeg_Logo.jpg\",\"datePublished\":\"2019-06-12T06:39:01+00:00\",\"dateModified\":\"2025-08-25T09:59:50+00:00\",\"description\":\"Quelque soit la marque de vos f\u00fbts, nous vous proposons une machine de remplissage de f\u00fbts one-way qui va d\u00e9passer vos attentes.\",\"breadcrumb\":{\"@id\":\"https:\\\/\\\/www.mfkegtechnik.com\\\/fr\\\/remplissage-futs-one-way\\\/#breadcrumb\"},\"inLanguage\":\"fr-FR\",\"potentialAction\":[{\"@type\":\"ReadAction\",\"target\":[\"https:\\\/\\\/www.mfkegtechnik.com\\\/fr\\\/remplissage-futs-one-way\\\/\"]}]},{\"@type\":\"ImageObject\",\"inLanguage\":\"fr-FR\",\"@id\":\"https:\\\/\\\/www.mfkegtechnik.com\\\/fr\\\/remplissage-futs-one-way\\\/#primaryimage\",\"url\":\"https:\\\/\\\/www.mfkegtechnik.com\\\/wp-content\\\/uploads\\\/2021\\\/03\\\/KeyKeg_Logo.jpg\",\"contentUrl\":\"https:\\\/\\\/www.mfkegtechnik.com\\\/wp-content\\\/uploads\\\/2021\\\/03\\\/KeyKeg_Logo.jpg\"},{\"@type\":\"BreadcrumbList\",\"@id\":\"https:\\\/\\\/www.mfkegtechnik.com\\\/fr\\\/remplissage-futs-one-way\\\/#breadcrumb\",\"itemListElement\":[{\"@type\":\"ListItem\",\"position\":1,\"name\":\"Accueil\",\"item\":\"https:\\\/\\\/www.mfkegtechnik.com\\\/fr\\\/\"},{\"@type\":\"ListItem\",\"position\":2,\"name\":\"Machine de remplissage de f\u00fbts one-way\"}]},{\"@type\":\"WebSite\",\"@id\":\"https:\\\/\\\/www.mfkegtechnik.com\\\/fr\\\/#website\",\"url\":\"https:\\\/\\\/www.mfkegtechnik.com\\\/fr\\\/\",\"name\":\"m+f KEG-Technik GmbH &amp; Co. KG\",\"description\":\"We keep your KEGs clean !\",\"potentialAction\":[{\"@type\":\"SearchAction\",\"target\":{\"@type\":\"EntryPoint\",\"urlTemplate\":\"https:\\\/\\\/www.mfkegtechnik.com\\\/fr\\\/?s={search_term_string}\"},\"query-input\":{\"@type\":\"PropertyValueSpecification\",\"valueRequired\":true,\"valueName\":\"search_term_string\"}}],\"inLanguage\":\"fr-FR\"}]}<\/script>\n<!-- \/ Yoast SEO plugin. -->","yoast_head_json":{"title":"Machine de remplissage de f\u00fbts - m+f KEG-Technik GmbH &amp; Co. KG","description":"Quelque soit la marque de vos f\u00fbts, nous vous proposons une machine de remplissage de f\u00fbts one-way qui va d\u00e9passer vos attentes.","robots":{"index":"index","follow":"follow","max-snippet":"max-snippet:-1","max-image-preview":"max-image-preview:large","max-video-preview":"max-video-preview:-1"},"canonical":"https:\/\/www.mfkegtechnik.com\/fr\/remplissage-futs-one-way\/","og_locale":"fr_FR","og_type":"article","og_title":"Machine de remplissage de f\u00fbts - m+f KEG-Technik GmbH &amp; Co. KG","og_description":"Quelque soit la marque de vos f\u00fbts, nous vous proposons une machine de remplissage de f\u00fbts one-way qui va d\u00e9passer vos attentes.","og_url":"https:\/\/www.mfkegtechnik.com\/fr\/remplissage-futs-one-way\/","og_site_name":"m+f KEG-Technik GmbH &amp; Co. KG","article_modified_time":"2025-08-25T09:59:50+00:00","og_image":[{"url":"https:\/\/www.mfkegtechnik.com\/wp-content\/uploads\/2021\/03\/KeyKeg_Logo.jpg","type":"","width":"","height":""}],"twitter_card":"summary_large_image","twitter_misc":{"Dur\u00e9e de lecture estim\u00e9e":"4 minutes"},"schema":{"@context":"https:\/\/schema.org","@graph":[{"@type":"WebPage","@id":"https:\/\/www.mfkegtechnik.com\/fr\/remplissage-futs-one-way\/","url":"https:\/\/www.mfkegtechnik.com\/fr\/remplissage-futs-one-way\/","name":"Machine de remplissage de f\u00fbts - m+f KEG-Technik GmbH &amp; Co. KG","isPartOf":{"@id":"https:\/\/www.mfkegtechnik.com\/fr\/#website"},"primaryImageOfPage":{"@id":"https:\/\/www.mfkegtechnik.com\/fr\/remplissage-futs-one-way\/#primaryimage"},"image":{"@id":"https:\/\/www.mfkegtechnik.com\/fr\/remplissage-futs-one-way\/#primaryimage"},"thumbnailUrl":"https:\/\/www.mfkegtechnik.com\/wp-content\/uploads\/2021\/03\/KeyKeg_Logo.jpg","datePublished":"2019-06-12T06:39:01+00:00","dateModified":"2025-08-25T09:59:50+00:00","description":"Quelque soit la marque de vos f\u00fbts, nous vous proposons une machine de remplissage de f\u00fbts one-way qui va d\u00e9passer vos attentes.","breadcrumb":{"@id":"https:\/\/www.mfkegtechnik.com\/fr\/remplissage-futs-one-way\/#breadcrumb"},"inLanguage":"fr-FR","potentialAction":[{"@type":"ReadAction","target":["https:\/\/www.mfkegtechnik.com\/fr\/remplissage-futs-one-way\/"]}]},{"@type":"ImageObject","inLanguage":"fr-FR","@id":"https:\/\/www.mfkegtechnik.com\/fr\/remplissage-futs-one-way\/#primaryimage","url":"https:\/\/www.mfkegtechnik.com\/wp-content\/uploads\/2021\/03\/KeyKeg_Logo.jpg","contentUrl":"https:\/\/www.mfkegtechnik.com\/wp-content\/uploads\/2021\/03\/KeyKeg_Logo.jpg"},{"@type":"BreadcrumbList","@id":"https:\/\/www.mfkegtechnik.com\/fr\/remplissage-futs-one-way\/#breadcrumb","itemListElement":[{"@type":"ListItem","position":1,"name":"Accueil","item":"https:\/\/www.mfkegtechnik.com\/fr\/"},{"@type":"ListItem","position":2,"name":"Machine de remplissage de f\u00fbts one-way"}]},{"@type":"WebSite","@id":"https:\/\/www.mfkegtechnik.com\/fr\/#website","url":"https:\/\/www.mfkegtechnik.com\/fr\/","name":"m+f KEG-Technik GmbH &amp; Co. KG","description":"We keep your KEGs clean !","potentialAction":[{"@type":"SearchAction","target":{"@type":"EntryPoint","urlTemplate":"https:\/\/www.mfkegtechnik.com\/fr\/?s={search_term_string}"},"query-input":{"@type":"PropertyValueSpecification","valueRequired":true,"valueName":"search_term_string"}}],"inLanguage":"fr-FR"}]}},"_links":{"self":[{"href":"https:\/\/www.mfkegtechnik.com\/fr\/wp-json\/wp\/v2\/pages\/2871","targetHints":{"allow":["GET"]}}],"collection":[{"href":"https:\/\/www.mfkegtechnik.com\/fr\/wp-json\/wp\/v2\/pages"}],"about":[{"href":"https:\/\/www.mfkegtechnik.com\/fr\/wp-json\/wp\/v2\/types\/page"}],"author":[{"embeddable":true,"href":"https:\/\/www.mfkegtechnik.com\/fr\/wp-json\/wp\/v2\/users\/2"}],"replies":[{"embeddable":true,"href":"https:\/\/www.mfkegtechnik.com\/fr\/wp-json\/wp\/v2\/comments?post=2871"}],"version-history":[{"count":3,"href":"https:\/\/www.mfkegtechnik.com\/fr\/wp-json\/wp\/v2\/pages\/2871\/revisions"}],"predecessor-version":[{"id":16178,"href":"https:\/\/www.mfkegtechnik.com\/fr\/wp-json\/wp\/v2\/pages\/2871\/revisions\/16178"}],"wp:attachment":[{"href":"https:\/\/www.mfkegtechnik.com\/fr\/wp-json\/wp\/v2\/media?parent=2871"}],"curies":[{"name":"wp","href":"https:\/\/api.w.org\/{rel}","templated":true}]}}