{"id":2872,"date":"2019-06-12T07:39:34","date_gmt":"2019-06-12T06:39:34","guid":{"rendered":"http:\/\/www.mfkegtechnik.com\/keg-machines-40-120-keg-h\/"},"modified":"2019-08-13T07:21:45","modified_gmt":"2019-08-13T06:21:45","slug":"installations-futs-40-120-keg-h","status":"publish","type":"page","link":"https:\/\/www.mfkegtechnik.com\/fr\/installations-futs-40-120-keg-h\/","title":{"rendered":"Installations compl\u00e8tes pour f\u00fbts entre 40-120 f\u00fbts\/h"},"content":{"rendered":"<div id=\"pl-2872\"  class=\"panel-layout\" ><div id=\"pg-2872-0\"  class=\"panel-grid panel-no-style\" ><div id=\"pgc-2872-0-0\"  class=\"panel-grid-cell\" ><div id=\"panel-2872-0-0-0\" class=\"so-panel widget widget_sow-headline panel-first-child\" data-index=\"0\" ><div\n\t\t\t\n\t\t\tclass=\"so-widget-sow-headline so-widget-sow-headline-default-7d6c0c62a896-2872\"\n\t\t\t\n\t\t><div class=\"sow-headline-container \">\n\t\t\t\t\t\t\t<h1 class=\"sow-headline\">\n\t\t\t\t\t\tPr\u00e9sentation du MINOMAT\t\t\t\t\t\t<\/h1>\n\t\t\t\t\t\t\t\t\t\t\t<div class=\"decoration\">\n\t\t\t\t\t\t<div class=\"decoration-inside\"><\/div>\n\t\t\t\t\t<\/div>\n\t\t\t\t\t\t\t\t\t\t\t<h2 class=\"sow-sub-headline\">\n\t\t\t\t\t\tInstallations compl\u00e8tes pour f\u00fbts entre 40-120 f\u00fbts\/h\t\t\t\t\t\t<\/h2>\n\t\t\t\t\t\t<\/div>\n<\/div><\/div><div id=\"panel-2872-0-0-1\" class=\"so-panel widget widget_sow-editor panel-last-child\" data-index=\"1\" ><div\n\t\t\t\n\t\t\tclass=\"so-widget-sow-editor so-widget-sow-editor-base\"\n\t\t\t\n\t\t>\n<div class=\"siteorigin-widget-tinymce textwidget\">\n\t<\/div>\n<\/div><\/div><\/div><\/div><div id=\"pg-2872-1\"  class=\"panel-grid panel-no-style\" ><div id=\"pgc-2872-1-0\"  class=\"panel-grid-cell\" ><div id=\"panel-2872-1-0-0\" class=\"so-panel widget widget_sow-image panel-first-child\" data-index=\"2\" ><div\n\t\t\t\n\t\t\tclass=\"so-widget-sow-image so-widget-sow-image-default-c67d20f9f743-2872\"\n\t\t\t\n\t\t>\n<div class=\"sow-image-container\">\n\t\t<img \n\tsrc=\"https:\/\/www.mfkegtechnik.com\/wp-content\/uploads\/2019\/05\/2015-Minomat-A-6_6-NEU-300x198.jpeg\" width=\"300\" height=\"198\" srcset=\"https:\/\/www.mfkegtechnik.com\/wp-content\/uploads\/2019\/05\/2015-Minomat-A-6_6-NEU-300x198.jpeg 300w, https:\/\/www.mfkegtechnik.com\/wp-content\/uploads\/2019\/05\/2015-Minomat-A-6_6-NEU-768x506.jpeg 768w, https:\/\/www.mfkegtechnik.com\/wp-content\/uploads\/2019\/05\/2015-Minomat-A-6_6-NEU-1024x674.jpeg 1024w, https:\/\/www.mfkegtechnik.com\/wp-content\/uploads\/2019\/05\/2015-Minomat-A-6_6-NEU-940x619.jpeg 940w\" sizes=\"(max-width: 300px) 100vw, 300px\" title=\"Minomat A 6\/6\" alt=\"installations-completes-futs-40-120-futs-h\" \t\tclass=\"so-widget-image\"\/>\n\t<\/div>\n\n<\/div><\/div><div id=\"panel-2872-1-0-1\" class=\"so-panel widget widget_sow-editor\" data-index=\"3\" ><div\n\t\t\t\n\t\t\tclass=\"so-widget-sow-editor so-widget-sow-editor-base\"\n\t\t\t\n\t\t>\n<div class=\"siteorigin-widget-tinymce textwidget\">\n\t<p style=\"text-align: center;\"><a href=\"http:\/\/www.mfkegtechnik.com\/wp-content\/uploads\/2019\/06\/MINOMAT-A-53-gut.jpg\"><img loading=\"lazy\" decoding=\"async\" class=\"alignnone wp-image-2178\" title=\"minomat\" src=\"http:\/\/www.mfkegtechnik.com\/wp-content\/uploads\/2019\/06\/MINOMAT-A-53-gut-1024x683.jpg\" alt=\"installations-completes-futs-40-120-futs-h\" width=\"284\" height=\"189\" srcset=\"https:\/\/www.mfkegtechnik.com\/wp-content\/uploads\/2019\/06\/MINOMAT-A-53-gut-1024x683.jpg 1024w, https:\/\/www.mfkegtechnik.com\/wp-content\/uploads\/2019\/06\/MINOMAT-A-53-gut-300x200.jpg 300w, https:\/\/www.mfkegtechnik.com\/wp-content\/uploads\/2019\/06\/MINOMAT-A-53-gut-768x512.jpg 768w, https:\/\/www.mfkegtechnik.com\/wp-content\/uploads\/2019\/06\/MINOMAT-A-53-gut-940x627.jpg 940w, https:\/\/www.mfkegtechnik.com\/wp-content\/uploads\/2019\/06\/MINOMAT-A-53-gut-272x182.jpg 272w\" sizes=\"auto, (max-width: 284px) 100vw, 284px\" \/><\/a><a href=\"http:\/\/www.mfkegtechnik.com\/wp-content\/uploads\/2017\/03\/MINOMAT-Reinigungsmitteltanks-1.jpg\"> \u00a0<\/a><\/p>\n<p style=\"text-align: center;\"><a href=\"http:\/\/www.mfkegtechnik.com\/wp-content\/uploads\/2017\/03\/MINOMAT-Reinigungsmitteltanks-1.jpg\"><img loading=\"lazy\" decoding=\"async\" class=\"alignnone wp-image-380\" title=\"KEG Machine tuyauterie\" src=\"http:\/\/www.mfkegtechnik.com\/wp-content\/uploads\/2017\/03\/MINOMAT-Reinigungsmitteltanks-1-300x200.jpg\" alt=\"installations-completes-futs-40-120-futs-h-tuyauterie\" width=\"281\" height=\"188\" srcset=\"https:\/\/www.mfkegtechnik.com\/wp-content\/uploads\/2017\/03\/MINOMAT-Reinigungsmitteltanks-1-300x200.jpg 300w, https:\/\/www.mfkegtechnik.com\/wp-content\/uploads\/2017\/03\/MINOMAT-Reinigungsmitteltanks-1-768x512.jpg 768w, https:\/\/www.mfkegtechnik.com\/wp-content\/uploads\/2017\/03\/MINOMAT-Reinigungsmitteltanks-1.jpg 1024w, https:\/\/www.mfkegtechnik.com\/wp-content\/uploads\/2017\/03\/MINOMAT-Reinigungsmitteltanks-1-940x627.jpg 940w\" sizes=\"auto, (max-width: 281px) 100vw, 281px\" \/><\/a><\/p>\n<\/div>\n<\/div><\/div><div id=\"panel-2872-1-0-2\" class=\"so-panel widget widget_sow-editor panel-last-child\" data-index=\"4\" ><div\n\t\t\t\n\t\t\tclass=\"so-widget-sow-editor so-widget-sow-editor-base\"\n\t\t\t\n\t\t>\n<div class=\"siteorigin-widget-tinymce textwidget\">\n\t<p><span style=\"color: #ffffff;\">m+f MINOMAT <a style=\"color: #ffffff;\" href=\"https:\/\/www.youtube.com\/results?search_query=keg+technik\">Complete KEG machine<\/a>s 40 - 120 KEG\/h<\/span><span style=\"color: #ffffff;\">The MINOMAT series are complete fully automatic KEG plants.<\/span><span style=\"color: #ffffff;\">Depending on your needs we add more stations for cleaning.<\/span><span style=\"color: #ffffff;\">This KEG plant is delivered with all the pipework between the tanks and the\u00a0heads.<\/span><span style=\"color: #ffffff;\">Changing to other spear types takes less than a Minute.<\/span><\/p>\n<\/div>\n<\/div><\/div><\/div><div id=\"pgc-2872-1-1\"  class=\"panel-grid-cell\" ><div id=\"panel-2872-1-1-0\" class=\"so-panel widget widget_sow-headline panel-first-child\" data-index=\"5\" ><div\n\t\t\t\n\t\t\tclass=\"so-widget-sow-headline so-widget-sow-headline-default-f16591bb046e-2872\"\n\t\t\t\n\t\t><div class=\"sow-headline-container \">\n\t\t\t\t\t\t\t<h1 class=\"sow-headline\">\n\t\t\t\t\t\tCARACT\u00c9RISTIQUES\t\t\t\t\t\t<\/h1>\n\t\t\t\t\t\t\t\t\t\t\t<div class=\"decoration\">\n\t\t\t\t\t\t<div class=\"decoration-inside\"><\/div>\n\t\t\t\t\t<\/div>\n\t\t\t\t\t<\/div>\n<\/div><\/div><div id=\"panel-2872-1-1-1\" class=\"so-panel widget widget_sow-editor\" data-index=\"6\" ><div\n\t\t\t\n\t\t\tclass=\"so-widget-sow-editor so-widget-sow-editor-base\"\n\t\t\t\n\t\t>\n<div class=\"siteorigin-widget-tinymce textwidget\">\n\t<h4><span style=\"color: #000000;\">Les gammes de MINOMAT sont des installations compl\u00e8tes pour f\u00fbts, totalement automatis\u00e9es, \u00e9quip\u00e9es d\u00b4un syst\u00e8me de balancier et incluent tous les \u00e9l\u00e9ments \u00e9lectriques et pneumatiques n\u00e9cessaires \u00e0 leur fonctionnement.<\/span><\/h4>\n<h4><span style=\"color: #000000;\">Ces types de machines se distinguent particuli\u00e8rement par \u00a0 \u00a0\u00a0 l\u00b4int\u00e9gration de logiciel et de mat\u00e9riel qui permettent un traitement enti\u00e8rement automatis\u00e9 de la machine, mais aussi par le d\u00e9tecteur de liquide qui contr\u00f4le l\u00b4arriv\u00e9e et le retour des fluides.<\/span><\/h4>\n<h4><span style=\"color: #000000;\">Selon vos besoins, nous pouvons ajouter plus de stations de nettoyage. Par ailleurs, nous d\u00e9livrons nos installations compl\u00e8tes avec toute la tuyauterie n\u00e9cessaire.<\/span><\/h4>\n<h4><span style=\"color: #000000;\">De plus, les pi\u00e8ces principales ainsi que le ch\u00e2ssis, les vannes et les tuyaux sont fabriqu\u00e9s en acier inoxydable assurant ainsi le respect des normes europ\u00e9ennes et la qualit\u00e9 de vos produits. <\/span><span style=\"color: #ffffff;\">Installations f\u00fbts 40-120 keg h<\/span><\/h4>\n<\/div>\n<\/div><\/div><div id=\"panel-2872-1-1-2\" class=\"so-panel widget widget_sow-headline\" data-index=\"7\" ><div\n\t\t\t\n\t\t\tclass=\"so-widget-sow-headline so-widget-sow-headline-default-f16591bb046e-2872\"\n\t\t\t\n\t\t><div class=\"sow-headline-container \">\n\t\t\t\t\t\t\t<h1 class=\"sow-headline\">\n\t\t\t\t\t\tDONN\u00c9ES TECHNIQUES\t\t\t\t\t\t<\/h1>\n\t\t\t\t\t\t\t\t\t\t\t<div class=\"decoration\">\n\t\t\t\t\t\t<div class=\"decoration-inside\"><\/div>\n\t\t\t\t\t<\/div>\n\t\t\t\t\t<\/div>\n<\/div><\/div><div id=\"panel-2872-1-1-3\" class=\"so-panel widget widget_sow-editor\" data-index=\"8\" ><div\n\t\t\t\n\t\t\tclass=\"so-widget-sow-editor so-widget-sow-editor-base\"\n\t\t\t\n\t\t>\n<div class=\"siteorigin-widget-tinymce textwidget\">\n\t<h4><span style=\"color: #ff6600;\"><strong>Cadence <\/strong>: <strong>40 - 120 f\u00fbts\/h<\/strong><\/span><\/h4>\n<h4><span style=\"color: #000000;\"><strong>Stations <\/strong>: lavage int\u00e9rieur, rin\u00e7age, st\u00e9rilisation et remplissage<\/span><\/h4>\n<h4><span style=\"color: #000000;\"><strong>Dimensions <\/strong>: \u00a0\u00a0 <strong>Profondeur (T) \u00a0<\/strong> \u00a0 \u00a0 \u00a0\u00a0 : <strong>1.300<\/strong>mm<\/span><\/h4>\n<h4><span style=\"color: #000000;\">\u00a0 \u00a0 \u00a0 \u00a0 \u00a0 \u00a0 \u00a0 \u00a0 \u00a0 \u00a0 \u00a0 \u00a0 \u00a0 \u00a0 <strong>Longueur (L)\u00a0<\/strong>\u00a0\u00a0\u00a0\u00a0\u00a0\u00a0\u00a0\u00a0\u00a0\u00a0\u00a0\u00a0 : <strong>2.700<\/strong>mm<\/span><\/h4>\n<h4><span style=\"color: #000000;\">\u00a0 \u00a0 \u00a0 \u00a0 \u00a0 \u00a0 \u00a0 \u00a0 \u00a0 \u00a0 \u00a0 \u00a0 \u00a0 \u00a0 <strong>Hauteur (H)<\/strong> \u00a0 \u00a0 \u00a0 \u00a0 \u00a0 \u00a0 \u00a0 : <strong>2.200<\/strong>mm +\/- <strong>50<\/strong><\/span><\/h4>\n<h4><\/h4>\n<h4><span style=\"color: #000000;\"><strong>Tension <\/strong>: <strong>230<\/strong>\/<strong>400<\/strong>V, <strong>50<\/strong>Hz, <strong>3-phase <\/strong><\/span><span style=\"color: #ffffff;\">Installations f\u00fbts 40-120 keg h<\/span><\/h4>\n<\/div>\n<\/div><\/div><div id=\"panel-2872-1-1-4\" class=\"so-panel widget widget_sow-headline\" data-index=\"9\" ><div\n\t\t\t\n\t\t\tclass=\"so-widget-sow-headline so-widget-sow-headline-default-f16591bb046e-2872\"\n\t\t\t\n\t\t><div class=\"sow-headline-container \">\n\t\t\t\t\t\t\t<h1 class=\"sow-headline\">\n\t\t\t\t\t\tAVANTAGES\t\t\t\t\t\t<\/h1>\n\t\t\t\t\t\t\t\t\t\t\t<div class=\"decoration\">\n\t\t\t\t\t\t<div class=\"decoration-inside\"><\/div>\n\t\t\t\t\t<\/div>\n\t\t\t\t\t<\/div>\n<\/div><\/div><div id=\"panel-2872-1-1-5\" class=\"so-panel widget widget_sow-editor\" data-index=\"10\" ><div\n\t\t\t\n\t\t\tclass=\"so-widget-sow-editor so-widget-sow-editor-base\"\n\t\t\t\n\t\t>\n<div class=\"siteorigin-widget-tinymce textwidget\">\n\t<h4><span style=\"color: #000000;\">Nos machines KEG 40 -120 f\u00fbts\/ h sont la meilleure solution si vous recherchez des installations pour f\u00fbts enti\u00e8rement automatiques. Voici quelques avantages de notre gamme:\u00a0<\/span><\/h4>\n<h4 style=\"padding-left: 40px;\"><span style=\"color: #000000;\">Facile d\u00b4utilisation<\/span><\/h4>\n<h4 style=\"padding-left: 40px;\"><span style=\"color: #000000;\">Chassis en acier inoxydable<\/span><\/h4>\n<h4 style=\"padding-left: 40px;\"><span style=\"color: #000000;\">Equip\u00e9e d\u00b4une unit\u00e9 de conversion<\/span><\/h4>\n<\/div>\n<\/div><\/div><div id=\"panel-2872-1-1-6\" class=\"so-panel widget widget_sow-button panel-last-child\" data-index=\"11\" ><div\n\t\t\t\n\t\t\tclass=\"so-widget-sow-button so-widget-sow-button-atom-45a38d61cbbe-2872\"\n\t\t\t\n\t\t><div class=\"ow-button-base ow-button-align-center\"\n>\n\t\t\t<a\n\t\t\t\t\thref=\"http:\/\/www.mfkegtechnik.com\/wp-content\/uploads\/2017\/03\/MINOMAT-A66_E.pdf\"\n\t\t\t\t\tclass=\"sowb-button ow-icon-placement-left ow-button-hover\" target=\"_blank\" rel=\"noopener noreferrer\" \t>\n\t\t<span>\n\t\t\t\n\t\t\tT\u00e9l\u00e9charger la fiche technique (PDF)\t\t<\/span>\n\t\t\t<\/a>\n\t<\/div>\n<\/div><\/div><\/div><\/div><\/div>","protected":false},"excerpt":{"rendered":"<p>\u00a0 m+f MINOMAT Complete KEG machines 40 &#8211; 120 KEG\/hThe MINOMAT series are complete fully automatic KEG plants.Depending on your needs we add more stations for cleaning.This KEG plant is delivered with all the pipework between the tanks and the\u00a0heads.Changing to other spear types takes less than a Minute. Les gammes de MINOMAT sont des installations compl\u00e8tes pour f\u00fbts, totalement automatis\u00e9es, \u00e9quip\u00e9es d\u00b4un syst\u00e8me de balancier et incluent tous les &hellip;<a class=\"excerpt\" href=\"https:\/\/www.mfkegtechnik.com\/fr\/installations-futs-40-120-keg-h\/\">Read More<\/a><\/p>\n","protected":false},"author":2,"featured_media":0,"parent":0,"menu_order":0,"comment_status":"closed","ping_status":"closed","template":"","meta":{"footnotes":""},"class_list":["post-2872","page","type-page","status-publish","hentry"],"yoast_head":"<!-- This site is optimized with the Yoast SEO plugin v27.3 - https:\/\/yoast.com\/product\/yoast-seo-wordpress\/ -->\n<title>Installations compl\u00e8tes pour f\u00fbts (40-120 f\u00fbts\/h) - m+f KEG Technik &amp; Co.<\/title>\n<meta name=\"description\" content=\"Nos installations f\u00fbts 40-120 keg \/h sont automatis\u00e9es pour le nettoyage int\u00e9rieur et le remplissage des f\u00fbts. En savoir plus !\" \/>\n<meta name=\"robots\" content=\"index, follow, max-snippet:-1, max-image-preview:large, max-video-preview:-1\" \/>\n<link rel=\"canonical\" href=\"https:\/\/www.mfkegtechnik.com\/fr\/installations-futs-40-120-keg-h\/\" \/>\n<meta property=\"og:locale\" content=\"fr_FR\" \/>\n<meta property=\"og:type\" content=\"article\" \/>\n<meta property=\"og:title\" content=\"Installations compl\u00e8tes pour f\u00fbts (40-120 f\u00fbts\/h) - m+f KEG Technik &amp; Co.\" \/>\n<meta property=\"og:description\" content=\"Nos installations f\u00fbts 40-120 keg \/h sont automatis\u00e9es pour le nettoyage int\u00e9rieur et le remplissage des f\u00fbts. En savoir plus !\" \/>\n<meta property=\"og:url\" content=\"https:\/\/www.mfkegtechnik.com\/fr\/installations-futs-40-120-keg-h\/\" \/>\n<meta property=\"og:site_name\" content=\"m+f KEG-Technik GmbH &amp; Co. KG\" \/>\n<meta property=\"article:modified_time\" content=\"2019-08-13T06:21:45+00:00\" \/>\n<meta property=\"og:image\" content=\"http:\/\/www.mfkegtechnik.com\/wp-content\/uploads\/2019\/06\/MINOMAT-A-53-gut-1024x683.jpg\" \/>\n<meta name=\"twitter:card\" content=\"summary_large_image\" \/>\n<meta name=\"twitter:label1\" content=\"Dur\u00e9e de lecture estim\u00e9e\" \/>\n\t<meta name=\"twitter:data1\" content=\"2 minutes\" \/>\n<script type=\"application\/ld+json\" class=\"yoast-schema-graph\">{\"@context\":\"https:\\\/\\\/schema.org\",\"@graph\":[{\"@type\":\"WebPage\",\"@id\":\"https:\\\/\\\/www.mfkegtechnik.com\\\/fr\\\/installations-futs-40-120-keg-h\\\/\",\"url\":\"https:\\\/\\\/www.mfkegtechnik.com\\\/fr\\\/installations-futs-40-120-keg-h\\\/\",\"name\":\"Installations compl\u00e8tes pour f\u00fbts (40-120 f\u00fbts\\\/h) - m+f KEG Technik & Co.\",\"isPartOf\":{\"@id\":\"https:\\\/\\\/www.mfkegtechnik.com\\\/fr\\\/#website\"},\"primaryImageOfPage\":{\"@id\":\"https:\\\/\\\/www.mfkegtechnik.com\\\/fr\\\/installations-futs-40-120-keg-h\\\/#primaryimage\"},\"image\":{\"@id\":\"https:\\\/\\\/www.mfkegtechnik.com\\\/fr\\\/installations-futs-40-120-keg-h\\\/#primaryimage\"},\"thumbnailUrl\":\"http:\\\/\\\/www.mfkegtechnik.com\\\/wp-content\\\/uploads\\\/2019\\\/06\\\/MINOMAT-A-53-gut-1024x683.jpg\",\"datePublished\":\"2019-06-12T06:39:34+00:00\",\"dateModified\":\"2019-08-13T06:21:45+00:00\",\"description\":\"Nos installations f\u00fbts 40-120 keg \\\/h sont automatis\u00e9es pour le nettoyage int\u00e9rieur et le remplissage des f\u00fbts. En savoir plus !\",\"breadcrumb\":{\"@id\":\"https:\\\/\\\/www.mfkegtechnik.com\\\/fr\\\/installations-futs-40-120-keg-h\\\/#breadcrumb\"},\"inLanguage\":\"fr-FR\",\"potentialAction\":[{\"@type\":\"ReadAction\",\"target\":[\"https:\\\/\\\/www.mfkegtechnik.com\\\/fr\\\/installations-futs-40-120-keg-h\\\/\"]}]},{\"@type\":\"ImageObject\",\"inLanguage\":\"fr-FR\",\"@id\":\"https:\\\/\\\/www.mfkegtechnik.com\\\/fr\\\/installations-futs-40-120-keg-h\\\/#primaryimage\",\"url\":\"http:\\\/\\\/www.mfkegtechnik.com\\\/wp-content\\\/uploads\\\/2019\\\/06\\\/MINOMAT-A-53-gut-1024x683.jpg\",\"contentUrl\":\"http:\\\/\\\/www.mfkegtechnik.com\\\/wp-content\\\/uploads\\\/2019\\\/06\\\/MINOMAT-A-53-gut-1024x683.jpg\"},{\"@type\":\"BreadcrumbList\",\"@id\":\"https:\\\/\\\/www.mfkegtechnik.com\\\/fr\\\/installations-futs-40-120-keg-h\\\/#breadcrumb\",\"itemListElement\":[{\"@type\":\"ListItem\",\"position\":1,\"name\":\"Accueil\",\"item\":\"https:\\\/\\\/www.mfkegtechnik.com\\\/fr\\\/\"},{\"@type\":\"ListItem\",\"position\":2,\"name\":\"Installations compl\u00e8tes pour f\u00fbts entre 40-120 f\u00fbts\\\/h\"}]},{\"@type\":\"WebSite\",\"@id\":\"https:\\\/\\\/www.mfkegtechnik.com\\\/fr\\\/#website\",\"url\":\"https:\\\/\\\/www.mfkegtechnik.com\\\/fr\\\/\",\"name\":\"m+f KEG-Technik GmbH &amp; Co. KG\",\"description\":\"We keep your KEGs clean !\",\"potentialAction\":[{\"@type\":\"SearchAction\",\"target\":{\"@type\":\"EntryPoint\",\"urlTemplate\":\"https:\\\/\\\/www.mfkegtechnik.com\\\/fr\\\/?s={search_term_string}\"},\"query-input\":{\"@type\":\"PropertyValueSpecification\",\"valueRequired\":true,\"valueName\":\"search_term_string\"}}],\"inLanguage\":\"fr-FR\"}]}<\/script>\n<!-- \/ Yoast SEO plugin. -->","yoast_head_json":{"title":"Installations compl\u00e8tes pour f\u00fbts (40-120 f\u00fbts\/h) - m+f KEG Technik & Co.","description":"Nos installations f\u00fbts 40-120 keg \/h sont automatis\u00e9es pour le nettoyage int\u00e9rieur et le remplissage des f\u00fbts. En savoir plus !","robots":{"index":"index","follow":"follow","max-snippet":"max-snippet:-1","max-image-preview":"max-image-preview:large","max-video-preview":"max-video-preview:-1"},"canonical":"https:\/\/www.mfkegtechnik.com\/fr\/installations-futs-40-120-keg-h\/","og_locale":"fr_FR","og_type":"article","og_title":"Installations compl\u00e8tes pour f\u00fbts (40-120 f\u00fbts\/h) - m+f KEG Technik & Co.","og_description":"Nos installations f\u00fbts 40-120 keg \/h sont automatis\u00e9es pour le nettoyage int\u00e9rieur et le remplissage des f\u00fbts. En savoir plus !","og_url":"https:\/\/www.mfkegtechnik.com\/fr\/installations-futs-40-120-keg-h\/","og_site_name":"m+f KEG-Technik GmbH &amp; Co. KG","article_modified_time":"2019-08-13T06:21:45+00:00","og_image":[{"url":"http:\/\/www.mfkegtechnik.com\/wp-content\/uploads\/2019\/06\/MINOMAT-A-53-gut-1024x683.jpg","type":"","width":"","height":""}],"twitter_card":"summary_large_image","twitter_misc":{"Dur\u00e9e de lecture estim\u00e9e":"2 minutes"},"schema":{"@context":"https:\/\/schema.org","@graph":[{"@type":"WebPage","@id":"https:\/\/www.mfkegtechnik.com\/fr\/installations-futs-40-120-keg-h\/","url":"https:\/\/www.mfkegtechnik.com\/fr\/installations-futs-40-120-keg-h\/","name":"Installations compl\u00e8tes pour f\u00fbts (40-120 f\u00fbts\/h) - m+f KEG Technik & Co.","isPartOf":{"@id":"https:\/\/www.mfkegtechnik.com\/fr\/#website"},"primaryImageOfPage":{"@id":"https:\/\/www.mfkegtechnik.com\/fr\/installations-futs-40-120-keg-h\/#primaryimage"},"image":{"@id":"https:\/\/www.mfkegtechnik.com\/fr\/installations-futs-40-120-keg-h\/#primaryimage"},"thumbnailUrl":"http:\/\/www.mfkegtechnik.com\/wp-content\/uploads\/2019\/06\/MINOMAT-A-53-gut-1024x683.jpg","datePublished":"2019-06-12T06:39:34+00:00","dateModified":"2019-08-13T06:21:45+00:00","description":"Nos installations f\u00fbts 40-120 keg \/h sont automatis\u00e9es pour le nettoyage int\u00e9rieur et le remplissage des f\u00fbts. En savoir plus !","breadcrumb":{"@id":"https:\/\/www.mfkegtechnik.com\/fr\/installations-futs-40-120-keg-h\/#breadcrumb"},"inLanguage":"fr-FR","potentialAction":[{"@type":"ReadAction","target":["https:\/\/www.mfkegtechnik.com\/fr\/installations-futs-40-120-keg-h\/"]}]},{"@type":"ImageObject","inLanguage":"fr-FR","@id":"https:\/\/www.mfkegtechnik.com\/fr\/installations-futs-40-120-keg-h\/#primaryimage","url":"http:\/\/www.mfkegtechnik.com\/wp-content\/uploads\/2019\/06\/MINOMAT-A-53-gut-1024x683.jpg","contentUrl":"http:\/\/www.mfkegtechnik.com\/wp-content\/uploads\/2019\/06\/MINOMAT-A-53-gut-1024x683.jpg"},{"@type":"BreadcrumbList","@id":"https:\/\/www.mfkegtechnik.com\/fr\/installations-futs-40-120-keg-h\/#breadcrumb","itemListElement":[{"@type":"ListItem","position":1,"name":"Accueil","item":"https:\/\/www.mfkegtechnik.com\/fr\/"},{"@type":"ListItem","position":2,"name":"Installations compl\u00e8tes pour f\u00fbts entre 40-120 f\u00fbts\/h"}]},{"@type":"WebSite","@id":"https:\/\/www.mfkegtechnik.com\/fr\/#website","url":"https:\/\/www.mfkegtechnik.com\/fr\/","name":"m+f KEG-Technik GmbH &amp; Co. KG","description":"We keep your KEGs clean !","potentialAction":[{"@type":"SearchAction","target":{"@type":"EntryPoint","urlTemplate":"https:\/\/www.mfkegtechnik.com\/fr\/?s={search_term_string}"},"query-input":{"@type":"PropertyValueSpecification","valueRequired":true,"valueName":"search_term_string"}}],"inLanguage":"fr-FR"}]}},"_links":{"self":[{"href":"https:\/\/www.mfkegtechnik.com\/fr\/wp-json\/wp\/v2\/pages\/2872","targetHints":{"allow":["GET"]}}],"collection":[{"href":"https:\/\/www.mfkegtechnik.com\/fr\/wp-json\/wp\/v2\/pages"}],"about":[{"href":"https:\/\/www.mfkegtechnik.com\/fr\/wp-json\/wp\/v2\/types\/page"}],"author":[{"embeddable":true,"href":"https:\/\/www.mfkegtechnik.com\/fr\/wp-json\/wp\/v2\/users\/2"}],"replies":[{"embeddable":true,"href":"https:\/\/www.mfkegtechnik.com\/fr\/wp-json\/wp\/v2\/comments?post=2872"}],"version-history":[{"count":0,"href":"https:\/\/www.mfkegtechnik.com\/fr\/wp-json\/wp\/v2\/pages\/2872\/revisions"}],"wp:attachment":[{"href":"https:\/\/www.mfkegtechnik.com\/fr\/wp-json\/wp\/v2\/media?parent=2872"}],"curies":[{"name":"wp","href":"https:\/\/api.w.org\/{rel}","templated":true}]}}