{"id":2873,"date":"2019-06-12T07:41:07","date_gmt":"2019-06-12T06:41:07","guid":{"rendered":"http:\/\/www.mfkegtechnik.com\/keg-plants\/"},"modified":"2019-08-30T13:34:04","modified_gmt":"2019-08-30T12:34:04","slug":"lignes-futs","status":"publish","type":"page","link":"https:\/\/www.mfkegtechnik.com\/fr\/lignes-futs\/","title":{"rendered":"Lignes de f\u00fbts"},"content":{"rendered":"<div id=\"pl-2873\"  class=\"panel-layout\" ><div id=\"pg-2873-0\"  class=\"panel-grid panel-no-style\" ><div id=\"pgc-2873-0-0\"  class=\"panel-grid-cell\" ><div id=\"panel-2873-0-0-0\" class=\"so-panel widget widget_sow-headline panel-first-child\" data-index=\"0\" ><div\n\t\t\t\n\t\t\tclass=\"so-widget-sow-headline so-widget-sow-headline-default-735b9f506ca8-2873\"\n\t\t\t\n\t\t><div class=\"sow-headline-container \">\n\t\t\t\t\t\t\t<h1 class=\"sow-headline\">\n\t\t\t\t\t\tPr\u00e9sentation du MULTIMAT\t\t\t\t\t\t<\/h1>\n\t\t\t\t\t\t\t\t\t\t\t<div class=\"decoration\">\n\t\t\t\t\t\t<div class=\"decoration-inside\"><\/div>\n\t\t\t\t\t<\/div>\n\t\t\t\t\t\t\t\t\t\t\t<h2 class=\"sow-sub-headline\">\n\t\t\t\t\t\tLignes de f\u00fbts\t\t\t\t\t\t<\/h2>\n\t\t\t\t\t\t<\/div>\n<\/div><\/div><div id=\"panel-2873-0-0-1\" class=\"so-panel widget widget_sow-editor panel-last-child\" data-index=\"1\" ><div\n\t\t\t\n\t\t\tclass=\"so-widget-sow-editor so-widget-sow-editor-base\"\n\t\t\t\n\t\t>\n<div class=\"siteorigin-widget-tinymce textwidget\">\n\t<\/div>\n<\/div><\/div><\/div><\/div><div id=\"pg-2873-1\"  class=\"panel-grid panel-no-style\" ><div id=\"pgc-2873-1-0\"  class=\"panel-grid-cell\" ><div id=\"panel-2873-1-0-0\" class=\"so-panel widget widget_sow-image panel-first-child\" data-index=\"2\" ><div\n\t\t\t\n\t\t\tclass=\"so-widget-sow-image so-widget-sow-image-default-8b5b6f678277-2873\"\n\t\t\t\n\t\t>\n<div class=\"sow-image-container\">\n\t\t<img \n\tsrc=\"https:\/\/www.mfkegtechnik.com\/wp-content\/uploads\/2019\/08\/Boyens-MF-grosse-Maschine.jpg\" width=\"2854\" height=\"1797\" srcset=\"https:\/\/www.mfkegtechnik.com\/wp-content\/uploads\/2019\/08\/Boyens-MF-grosse-Maschine.jpg 2854w, https:\/\/www.mfkegtechnik.com\/wp-content\/uploads\/2019\/08\/Boyens-MF-grosse-Maschine-300x189.jpg 300w, https:\/\/www.mfkegtechnik.com\/wp-content\/uploads\/2019\/08\/Boyens-MF-grosse-Maschine-768x484.jpg 768w, https:\/\/www.mfkegtechnik.com\/wp-content\/uploads\/2019\/08\/Boyens-MF-grosse-Maschine-1024x645.jpg 1024w, https:\/\/www.mfkegtechnik.com\/wp-content\/uploads\/2019\/08\/Boyens-MF-grosse-Maschine-940x592.jpg 940w\" sizes=\"(max-width: 2854px) 100vw, 2854px\" title=\"Ligne d\u00b4embouteillage\" alt=\"\" \t\tclass=\"so-widget-image\"\/>\n\t<\/div>\n\n<\/div><\/div><div id=\"panel-2873-1-0-1\" class=\"so-panel widget widget_sow-image panel-last-child\" data-index=\"3\" ><div\n\t\t\t\n\t\t\tclass=\"so-widget-sow-image so-widget-sow-image-default-c67d20f9f743-2873\"\n\t\t\t\n\t\t>\n<div class=\"sow-image-container\">\n\t\t<img \n\tsrc=\"https:\/\/www.mfkegtechnik.com\/wp-content\/uploads\/2017\/03\/rsz_12016_multimat_a_9-8_mc.jpg\" width=\"2098\" height=\"1214\" srcset=\"https:\/\/www.mfkegtechnik.com\/wp-content\/uploads\/2017\/03\/rsz_12016_multimat_a_9-8_mc.jpg 2098w, https:\/\/www.mfkegtechnik.com\/wp-content\/uploads\/2017\/03\/rsz_12016_multimat_a_9-8_mc-300x174.jpg 300w, https:\/\/www.mfkegtechnik.com\/wp-content\/uploads\/2017\/03\/rsz_12016_multimat_a_9-8_mc-768x444.jpg 768w, https:\/\/www.mfkegtechnik.com\/wp-content\/uploads\/2017\/03\/rsz_12016_multimat_a_9-8_mc-1024x593.jpg 1024w, https:\/\/www.mfkegtechnik.com\/wp-content\/uploads\/2017\/03\/rsz_12016_multimat_a_9-8_mc-940x544.jpg 940w\" sizes=\"(max-width: 2098px) 100vw, 2098px\" title=\"Multimat A 9\/8\" alt=\"lignes-de-futs\" \t\tclass=\"so-widget-image\"\/>\n\t<\/div>\n\n<\/div><\/div><\/div><div id=\"pgc-2873-1-1\"  class=\"panel-grid-cell\" ><div id=\"panel-2873-1-1-0\" class=\"so-panel widget widget_sow-headline panel-first-child\" data-index=\"4\" ><div\n\t\t\t\n\t\t\tclass=\"so-widget-sow-headline so-widget-sow-headline-default-f16591bb046e-2873\"\n\t\t\t\n\t\t><div class=\"sow-headline-container \">\n\t\t\t\t\t\t\t<h1 class=\"sow-headline\">\n\t\t\t\t\t\tCARACT\u00c9RISTIQUES\t\t\t\t\t\t<\/h1>\n\t\t\t\t\t\t\t\t\t\t\t<div class=\"decoration\">\n\t\t\t\t\t\t<div class=\"decoration-inside\"><\/div>\n\t\t\t\t\t<\/div>\n\t\t\t\t\t<\/div>\n<\/div><\/div><div id=\"panel-2873-1-1-1\" class=\"so-panel widget widget_sow-editor\" data-index=\"5\" ><div\n\t\t\t\n\t\t\tclass=\"so-widget-sow-editor so-widget-sow-editor-base\"\n\t\t\t\n\t\t>\n<div class=\"siteorigin-widget-tinymce textwidget\">\n\t<h4><span style=\"color: #000000;\">En fonction de la configuration et du nombre de voies, vous pouvez passer de 100 f\u00fbts\/h de 50L \u00e0 des installations enti\u00e8rement robotis\u00e9es jusqu\u00b4\u00e0 1000 f\u00fbts\/h.<\/span><\/h4>\n<h4><span style=\"color: #000000;\">MULTIMATest une machine de nettoyage int\u00e9rieur et de remplissage de f\u00fbts qui comprend toutes les pi\u00e8ces \u00e9lectriques et pneumatiques n\u00e9cessaires \u00e0 son fonctionnement.<\/span><\/h4>\n<h4><span style=\"color: #000000;\">Ce type de machine se distingue particuli\u00e8rement par son logiciel de contr\u00f4le int\u00e9gr\u00e9 qui permet un traitement enti\u00e8rement automatique de la machine ainsi que par le d\u00e9tecteur de liquide qui contr\u00f4le l'arriv\u00e9e et le retour des fluides. <\/span><span style=\"color: #ffffff;\">Lignes de f\u00fbts<\/span><\/h4>\n<h4><span style=\"color: #000000;\">De plus, tous les \u00e9l\u00e9ments m\u00e9caniques importants, ainsi que le ch\u00e2ssis, les tuyaux et les vannes sont en acier inoxydable, garantissant ainsi le respect des normes europ\u00e9ennes et la qualit\u00e9 de vos produits. <\/span><span style=\"color: #ffffff;\">Lignes de f\u00fbts<\/span><\/h4>\n<\/div>\n<\/div><\/div><div id=\"panel-2873-1-1-2\" class=\"so-panel widget widget_sow-headline\" data-index=\"6\" ><div\n\t\t\t\n\t\t\tclass=\"so-widget-sow-headline so-widget-sow-headline-default-f16591bb046e-2873\"\n\t\t\t\n\t\t><div class=\"sow-headline-container \">\n\t\t\t\t\t\t\t<h1 class=\"sow-headline\">\n\t\t\t\t\t\tDONN\u00c9ES TECHNIQUES\t\t\t\t\t\t<\/h1>\n\t\t\t\t\t\t\t\t\t\t\t<div class=\"decoration\">\n\t\t\t\t\t\t<div class=\"decoration-inside\"><\/div>\n\t\t\t\t\t<\/div>\n\t\t\t\t\t<\/div>\n<\/div><\/div><div id=\"panel-2873-1-1-3\" class=\"so-panel widget widget_sow-editor\" data-index=\"7\" ><div\n\t\t\t\n\t\t\tclass=\"so-widget-sow-editor so-widget-sow-editor-base\"\n\t\t\t\n\t\t>\n<div class=\"siteorigin-widget-tinymce textwidget\">\n\t<h4><span style=\"color: #ff6600;\"><strong>Cadence : 100 - 120 f\u00fbts\/h\u00a0<\/strong><\/span><\/h4>\n<h4><span style=\"color: #000000;\"><strong>Stations :<\/strong> nettoyage interne, rin\u00e7age, st\u00e9rilisation, contre-pressurisation et remplissage<\/span><\/h4>\n<h4><span style=\"color: #000000;\"><strong>Dimensions : \u00a0\u00a0<\/strong> <b>Largeur (B)<\/b> \u00a0 \u00a0 \u00a0\u00a0 :\u00a0 <strong>1.300<\/strong> mm<\/span><\/h4>\n<h4><span style=\"color: #000000;\">\u00a0 \u00a0 \u00a0 \u00a0 \u00a0 \u00a0 \u00a0 \u00a0 \u00a0 \u00a0 <strong>\u00a0 \u00a0 \u00a0\u00a0 Longueur (L) \u00a0 \u00a0\u00a0 <\/strong>: <strong>4.460<\/strong> mm<\/span><\/h4>\n<h4><span style=\"color: #000000;\">\u00a0 \u00a0 \u00a0 \u00a0 \u00a0 \u00a0 \u00a0 \u00a0 \u00a0 \u00a0 <strong>\u00a0 \u00a0 \u00a0\u00a0 Hauteur (H)<\/strong> \u00a0 \u00a0 \u00a0 : <strong>2.200<\/strong> mm \u00b1 <strong>50<\/strong><\/span><\/h4>\n<h4><span style=\"color: #000000;\"><b>Tension <\/b><b>:\u00a0\u00a0 230\/400<\/b> V, <strong>50<\/strong> Hz, <strong>3-phase<\/strong><\/span><\/h4>\n<\/div>\n<\/div><\/div><div id=\"panel-2873-1-1-4\" class=\"so-panel widget widget_sow-headline\" data-index=\"8\" ><div\n\t\t\t\n\t\t\tclass=\"so-widget-sow-headline so-widget-sow-headline-default-f16591bb046e-2873\"\n\t\t\t\n\t\t><div class=\"sow-headline-container \">\n\t\t\t\t\t\t\t<h1 class=\"sow-headline\">\n\t\t\t\t\t\tAVANTAGES\t\t\t\t\t\t<\/h1>\n\t\t\t\t\t\t\t\t\t\t\t<div class=\"decoration\">\n\t\t\t\t\t\t<div class=\"decoration-inside\"><\/div>\n\t\t\t\t\t<\/div>\n\t\t\t\t\t<\/div>\n<\/div><\/div><div id=\"panel-2873-1-1-5\" class=\"so-panel widget widget_sow-editor\" data-index=\"9\" ><div\n\t\t\t\n\t\t\tclass=\"so-widget-sow-editor so-widget-sow-editor-base\"\n\t\t\t\n\t\t>\n<div class=\"siteorigin-widget-tinymce textwidget\">\n\t<h4 style=\"text-align: left;\">Ch\u00e2ssis en acier inoxydable<\/h4>\n<\/div>\n<\/div><\/div><div id=\"panel-2873-1-1-6\" class=\"so-panel widget widget_sow-button panel-last-child\" data-index=\"10\" ><div\n\t\t\t\n\t\t\tclass=\"so-widget-sow-button so-widget-sow-button-atom-45a38d61cbbe-2873\"\n\t\t\t\n\t\t><div class=\"ow-button-base ow-button-align-center\"\n>\n\t\t\t<a\n\t\t\t\t\thref=\"http:\/\/www.mfkegtechnik.com\/wp-content\/uploads\/2017\/03\/MULTIMAT-A98_E.pdf\"\n\t\t\t\t\tclass=\"sowb-button ow-icon-placement-left ow-button-hover\" target=\"_blank\" rel=\"noopener noreferrer\" \t>\n\t\t<span>\n\t\t\t\n\t\t\tT\u00e9l\u00e9charger la fiche technique (PDF)\t\t<\/span>\n\t\t\t<\/a>\n\t<\/div>\n<\/div><\/div><\/div><\/div><div id=\"pg-2873-2\"  class=\"panel-grid panel-no-style\" ><div id=\"pgc-2873-2-0\"  class=\"panel-grid-cell\" ><div id=\"panel-2873-2-0-0\" class=\"so-panel widget widget_sow-headline panel-first-child panel-last-child\" data-index=\"11\" ><div\n\t\t\t\n\t\t\tclass=\"so-widget-sow-headline so-widget-sow-headline-default-f927659a63be-2873\"\n\t\t\t\n\t\t><div class=\"sow-headline-container \">\n\t\t\t\t\t\t\t<h1 class=\"sow-headline\">\n\t\t\t\t\t\tNous proposons \u00e9galement une ligne de production de f\u00fbts totalement robotis\u00e9e\t\t\t\t\t\t<\/h1>\n\t\t\t\t\t\t\t\t\t\t\t<div class=\"decoration\">\n\t\t\t\t\t\t<div class=\"decoration-inside\"><\/div>\n\t\t\t\t\t<\/div>\n\t\t\t\t\t\t\t\t\t\t\t<h3 class=\"sow-sub-headline\">\n\t\t\t\t\t\tNous effectuons nous-m\u00eames la programmation du robot et nous maintenons votre ligne de production.\t\t\t\t\t\t<\/h3>\n\t\t\t\t\t\t<\/div>\n<\/div><\/div><\/div><\/div><div id=\"pg-2873-3\"  class=\"panel-grid panel-no-style\" ><div id=\"pgc-2873-3-0\"  class=\"panel-grid-cell\" ><div id=\"panel-2873-3-0-0\" class=\"so-panel widget widget_sow-image panel-first-child\" data-index=\"12\" ><div\n\t\t\t\n\t\t\tclass=\"so-widget-sow-image so-widget-sow-image-default-c67d20f9f743-2873\"\n\t\t\t\n\t\t>\n<div class=\"sow-image-container\">\n\t\t<img \n\tsrc=\"https:\/\/www.mfkegtechnik.com\/wp-content\/uploads\/2017\/03\/Complete-plant.jpg\" width=\"853\" height=\"604\" srcset=\"https:\/\/www.mfkegtechnik.com\/wp-content\/uploads\/2017\/03\/Complete-plant.jpg 853w, https:\/\/www.mfkegtechnik.com\/wp-content\/uploads\/2017\/03\/Complete-plant-300x212.jpg 300w, https:\/\/www.mfkegtechnik.com\/wp-content\/uploads\/2017\/03\/Complete-plant-768x544.jpg 768w\" sizes=\"(max-width: 853px) 100vw, 853px\" title=\"Complete plant 3D\" alt=\"3D-installation-complete\" \t\tclass=\"so-widget-image\"\/>\n\t<\/div>\n\n<\/div><\/div><div id=\"panel-2873-3-0-1\" class=\"so-panel widget widget_sow-editor panel-last-child\" data-index=\"13\" ><div\n\t\t\t\n\t\t\tclass=\"so-widget-sow-editor so-widget-sow-editor-base\"\n\t\t\t\n\t\t>\n<div class=\"siteorigin-widget-tinymce textwidget\">\n\t<p><a href=\"http:\/\/www.mfkegtechnik.com\/wp-content\/uploads\/2017\/03\/Layout.jpg\"><img loading=\"lazy\" decoding=\"async\" class=\"alignnone wp-image-337 size-medium\" title=\"Plan 3D installation completes\" src=\"http:\/\/www.mfkegtechnik.com\/wp-content\/uploads\/2017\/03\/Layout-300x167.jpg\" alt=\"plan-3d-installation-complete\" width=\"300\" height=\"167\" srcset=\"https:\/\/www.mfkegtechnik.com\/wp-content\/uploads\/2017\/03\/Layout-300x167.jpg 300w, https:\/\/www.mfkegtechnik.com\/wp-content\/uploads\/2017\/03\/Layout-768x427.jpg 768w, https:\/\/www.mfkegtechnik.com\/wp-content\/uploads\/2017\/03\/Layout-1024x570.jpg 1024w, https:\/\/www.mfkegtechnik.com\/wp-content\/uploads\/2017\/03\/Layout-940x523.jpg 940w, https:\/\/www.mfkegtechnik.com\/wp-content\/uploads\/2017\/03\/Layout.jpg 1260w\" sizes=\"auto, (max-width: 300px) 100vw, 300px\" \/><\/a><\/p>\n<\/div>\n<\/div><\/div><\/div><div id=\"pgc-2873-3-1\"  class=\"panel-grid-cell\" ><div id=\"panel-2873-3-1-0\" class=\"so-panel widget widget_sow-editor panel-first-child panel-last-child\" data-index=\"14\" ><div\n\t\t\t\n\t\t\tclass=\"so-widget-sow-editor so-widget-sow-editor-base\"\n\t\t\t\n\t\t>\n<div class=\"siteorigin-widget-tinymce textwidget\">\n\t<h4 style=\"padding-left: 40px;\"><span style=\"color: #000000;\">D\u00e9capsulage<\/span><\/h4>\n<h4 style=\"padding-left: 40px;\"><span style=\"color: #000000;\">Contr\u00f4le du bouchon<\/span><\/h4>\n<h4 style=\"padding-left: 40px;\"><span style=\"color: #000000;\">Contr\u00f4le de la pression<\/span><\/h4>\n<h4 style=\"padding-left: 40px;\"><span style=\"color: #000000;\">Rejet<\/span><\/h4>\n<h4 style=\"padding-left: 40px;\"><span style=\"color: #000000;\">Vidage de f\u00fbts<\/span><\/h4>\n<h4 style=\"padding-left: 40px;\">Pr\u00e9-nettoyage \u00e0 la soude caustique<\/h4>\n<h4 style=\"padding-left: 40px;\">Nettoyage externe avec des brosses rotativ<span style=\"color: #000000;\">es<\/span><\/h4>\n<h4 style=\"padding-left: 40px;\">Nettoyage intensif \u00e0 l\u00b4acide caustique, \u00e0 l\u00b4eau chaude, \u00e0 l\u00b4acide et \u00e0 la vapeur<\/h4>\n<h4 style=\"padding-left: 40px;\">Pr\u00e9-pressurisation avec CO2 ou <span style=\"color: #000000;\">\u00a0N2<\/span><\/h4>\n<\/div>\n<\/div><\/div><\/div><div id=\"pgc-2873-3-2\"  class=\"panel-grid-cell\" ><div id=\"panel-2873-3-2-0\" class=\"so-panel widget widget_sow-editor panel-first-child panel-last-child\" data-index=\"15\" ><div\n\t\t\t\n\t\t\tclass=\"so-widget-sow-editor so-widget-sow-editor-base\"\n\t\t\t\n\t\t>\n<div class=\"siteorigin-widget-tinymce textwidget\">\n\t<h4 style=\"padding-left: 40px;\">Remplissage jusqu\u00b4\u00e0 100 f\u00fbts\/h <span style=\"color: #000000;\">\u00a0(50L)<\/span><\/h4>\n<h4 style=\"padding-left: 40px;\">Flash pasteurisation<\/h4>\n<h4 style=\"padding-left: 40px;\"><span style=\"color: #000000;\">Retourneur<\/span><\/h4>\n<h4 style=\"padding-left: 40px;\">D\u00e9tection de fuite de gaz<\/h4>\n<h4 style=\"padding-left: 40px;\"><span style=\"color: #000000;\">Poids<\/span><\/h4>\n<h4 style=\"padding-left: 40px;\"><span style=\"color: #000000;\">Capsulage<\/span><\/h4>\n<h4 style=\"padding-left: 40px;\">Contr\u00f4le du capsulage<\/h4>\n<h4 style=\"padding-left: 40px;\">Impression \u00e0 jet d\u00b4encre<\/h4>\n<h4 style=\"padding-left: 40px;\">Empilage<\/h4>\n<h4 style=\"padding-left: 40px;\">D\u00e9sempilage<\/h4>\n<p style=\"padding-left: 40px;\"><span style=\"color: #ffffff;\"><a style=\"color: #ffffff;\" href=\"https:\/\/www.youtube.com\/user\/KEGTechnik\">b<\/a><\/span><\/p>\n<\/div>\n<\/div><\/div><\/div><\/div><div id=\"pg-2873-4\"  class=\"panel-grid panel-no-style\" ><div id=\"pgc-2873-4-0\"  class=\"panel-grid-cell panel-grid-cell-empty\" ><\/div><div id=\"pgc-2873-4-1\"  class=\"panel-grid-cell panel-grid-cell-mobile-last\" ><div id=\"panel-2873-4-1-0\" class=\"so-panel widget widget_sow-button panel-first-child panel-last-child\" data-index=\"16\" ><div\n\t\t\t\n\t\t\tclass=\"so-widget-sow-button so-widget-sow-button-atom-45a38d61cbbe-2873\"\n\t\t\t\n\t\t><div class=\"ow-button-base ow-button-align-center\"\n>\n\t\t\t<a\n\t\t\t\t\thref=\"https:\/\/www.mfkegtechnik.com\/fr\/contact\/\"\n\t\t\t\t\tclass=\"sowb-button ow-icon-placement-left ow-button-hover\" \t>\n\t\t<span>\n\t\t\t\n\t\t\tCONTACTEZ-NOUS\t\t<\/span>\n\t\t\t<\/a>\n\t<\/div>\n<\/div><\/div><\/div><div id=\"pgc-2873-4-2\"  class=\"panel-grid-cell panel-grid-cell-empty\" ><\/div><\/div><\/div>","protected":false},"excerpt":{"rendered":"<p>En fonction de la configuration et du nombre de voies, vous pouvez passer de 100 f\u00fbts\/h de 50L \u00e0 des installations enti\u00e8rement robotis\u00e9es jusqu\u00b4\u00e0 1000 f\u00fbts\/h. MULTIMATest une machine de nettoyage int\u00e9rieur et de remplissage de f\u00fbts qui comprend toutes les pi\u00e8ces \u00e9lectriques et pneumatiques n\u00e9cessaires \u00e0 son fonctionnement. Ce type de machine se distingue particuli\u00e8rement par son logiciel de contr\u00f4le int\u00e9gr\u00e9 qui permet un traitement enti\u00e8rement automatique de la &hellip;<a class=\"excerpt\" href=\"https:\/\/www.mfkegtechnik.com\/fr\/lignes-futs\/\">Read More<\/a><\/p>\n","protected":false},"author":2,"featured_media":0,"parent":0,"menu_order":0,"comment_status":"closed","ping_status":"closed","template":"","meta":{"footnotes":""},"class_list":["post-2873","page","type-page","status-publish","hentry"],"yoast_head":"<!-- This site is optimized with the Yoast SEO plugin v27.3 - https:\/\/yoast.com\/product\/yoast-seo-wordpress\/ -->\n<title>Lignes de f\u00fbts - m+f KEG-Technik GmbH &amp; Co. KG<\/title>\n<meta name=\"description\" content=\"Avec notre machine vous pouvez transformer vos lignes de f\u00fbts en passant de 100 f\u00fbts\/h (50L) \u00e0 des installations enti\u00e8rement robotis\u00e9es jusqu\u00b4\u00e0 1000 f\u00fbts\/h.\" \/>\n<meta name=\"robots\" content=\"index, follow, max-snippet:-1, max-image-preview:large, max-video-preview:-1\" \/>\n<link rel=\"canonical\" href=\"https:\/\/www.mfkegtechnik.com\/fr\/lignes-futs\/\" \/>\n<meta property=\"og:locale\" content=\"fr_FR\" \/>\n<meta property=\"og:type\" content=\"article\" \/>\n<meta property=\"og:title\" content=\"Lignes de f\u00fbts - m+f KEG-Technik GmbH &amp; Co. KG\" \/>\n<meta property=\"og:description\" content=\"Avec notre machine vous pouvez transformer vos lignes de f\u00fbts en passant de 100 f\u00fbts\/h (50L) \u00e0 des installations enti\u00e8rement robotis\u00e9es jusqu\u00b4\u00e0 1000 f\u00fbts\/h.\" \/>\n<meta property=\"og:url\" content=\"https:\/\/www.mfkegtechnik.com\/fr\/lignes-futs\/\" \/>\n<meta property=\"og:site_name\" content=\"m+f KEG-Technik GmbH &amp; Co. KG\" \/>\n<meta property=\"article:modified_time\" content=\"2019-08-30T12:34:04+00:00\" \/>\n<meta property=\"og:image\" content=\"http:\/\/www.mfkegtechnik.com\/wp-content\/uploads\/2017\/03\/Layout-300x167.jpg\" \/>\n<meta name=\"twitter:card\" content=\"summary_large_image\" \/>\n<meta name=\"twitter:label1\" content=\"Dur\u00e9e de lecture estim\u00e9e\" \/>\n\t<meta name=\"twitter:data1\" content=\"2 minutes\" \/>\n<script type=\"application\/ld+json\" class=\"yoast-schema-graph\">{\"@context\":\"https:\\\/\\\/schema.org\",\"@graph\":[{\"@type\":\"WebPage\",\"@id\":\"https:\\\/\\\/www.mfkegtechnik.com\\\/fr\\\/lignes-futs\\\/\",\"url\":\"https:\\\/\\\/www.mfkegtechnik.com\\\/fr\\\/lignes-futs\\\/\",\"name\":\"Lignes de f\u00fbts - m+f KEG-Technik GmbH &amp; Co. KG\",\"isPartOf\":{\"@id\":\"https:\\\/\\\/www.mfkegtechnik.com\\\/fr\\\/#website\"},\"primaryImageOfPage\":{\"@id\":\"https:\\\/\\\/www.mfkegtechnik.com\\\/fr\\\/lignes-futs\\\/#primaryimage\"},\"image\":{\"@id\":\"https:\\\/\\\/www.mfkegtechnik.com\\\/fr\\\/lignes-futs\\\/#primaryimage\"},\"thumbnailUrl\":\"http:\\\/\\\/www.mfkegtechnik.com\\\/wp-content\\\/uploads\\\/2017\\\/03\\\/Layout-300x167.jpg\",\"datePublished\":\"2019-06-12T06:41:07+00:00\",\"dateModified\":\"2019-08-30T12:34:04+00:00\",\"description\":\"Avec notre machine vous pouvez transformer vos lignes de f\u00fbts en passant de 100 f\u00fbts\\\/h (50L) \u00e0 des installations enti\u00e8rement robotis\u00e9es jusqu\u00b4\u00e0 1000 f\u00fbts\\\/h.\",\"breadcrumb\":{\"@id\":\"https:\\\/\\\/www.mfkegtechnik.com\\\/fr\\\/lignes-futs\\\/#breadcrumb\"},\"inLanguage\":\"fr-FR\",\"potentialAction\":[{\"@type\":\"ReadAction\",\"target\":[\"https:\\\/\\\/www.mfkegtechnik.com\\\/fr\\\/lignes-futs\\\/\"]}]},{\"@type\":\"ImageObject\",\"inLanguage\":\"fr-FR\",\"@id\":\"https:\\\/\\\/www.mfkegtechnik.com\\\/fr\\\/lignes-futs\\\/#primaryimage\",\"url\":\"http:\\\/\\\/www.mfkegtechnik.com\\\/wp-content\\\/uploads\\\/2017\\\/03\\\/Layout-300x167.jpg\",\"contentUrl\":\"http:\\\/\\\/www.mfkegtechnik.com\\\/wp-content\\\/uploads\\\/2017\\\/03\\\/Layout-300x167.jpg\"},{\"@type\":\"BreadcrumbList\",\"@id\":\"https:\\\/\\\/www.mfkegtechnik.com\\\/fr\\\/lignes-futs\\\/#breadcrumb\",\"itemListElement\":[{\"@type\":\"ListItem\",\"position\":1,\"name\":\"Accueil\",\"item\":\"https:\\\/\\\/www.mfkegtechnik.com\\\/fr\\\/\"},{\"@type\":\"ListItem\",\"position\":2,\"name\":\"Lignes de f\u00fbts\"}]},{\"@type\":\"WebSite\",\"@id\":\"https:\\\/\\\/www.mfkegtechnik.com\\\/fr\\\/#website\",\"url\":\"https:\\\/\\\/www.mfkegtechnik.com\\\/fr\\\/\",\"name\":\"m+f KEG-Technik GmbH &amp; Co. KG\",\"description\":\"We keep your KEGs clean !\",\"potentialAction\":[{\"@type\":\"SearchAction\",\"target\":{\"@type\":\"EntryPoint\",\"urlTemplate\":\"https:\\\/\\\/www.mfkegtechnik.com\\\/fr\\\/?s={search_term_string}\"},\"query-input\":{\"@type\":\"PropertyValueSpecification\",\"valueRequired\":true,\"valueName\":\"search_term_string\"}}],\"inLanguage\":\"fr-FR\"}]}<\/script>\n<!-- \/ Yoast SEO plugin. -->","yoast_head_json":{"title":"Lignes de f\u00fbts - m+f KEG-Technik GmbH &amp; Co. KG","description":"Avec notre machine vous pouvez transformer vos lignes de f\u00fbts en passant de 100 f\u00fbts\/h (50L) \u00e0 des installations enti\u00e8rement robotis\u00e9es jusqu\u00b4\u00e0 1000 f\u00fbts\/h.","robots":{"index":"index","follow":"follow","max-snippet":"max-snippet:-1","max-image-preview":"max-image-preview:large","max-video-preview":"max-video-preview:-1"},"canonical":"https:\/\/www.mfkegtechnik.com\/fr\/lignes-futs\/","og_locale":"fr_FR","og_type":"article","og_title":"Lignes de f\u00fbts - m+f KEG-Technik GmbH &amp; Co. KG","og_description":"Avec notre machine vous pouvez transformer vos lignes de f\u00fbts en passant de 100 f\u00fbts\/h (50L) \u00e0 des installations enti\u00e8rement robotis\u00e9es jusqu\u00b4\u00e0 1000 f\u00fbts\/h.","og_url":"https:\/\/www.mfkegtechnik.com\/fr\/lignes-futs\/","og_site_name":"m+f KEG-Technik GmbH &amp; Co. KG","article_modified_time":"2019-08-30T12:34:04+00:00","og_image":[{"url":"http:\/\/www.mfkegtechnik.com\/wp-content\/uploads\/2017\/03\/Layout-300x167.jpg","type":"","width":"","height":""}],"twitter_card":"summary_large_image","twitter_misc":{"Dur\u00e9e de lecture estim\u00e9e":"2 minutes"},"schema":{"@context":"https:\/\/schema.org","@graph":[{"@type":"WebPage","@id":"https:\/\/www.mfkegtechnik.com\/fr\/lignes-futs\/","url":"https:\/\/www.mfkegtechnik.com\/fr\/lignes-futs\/","name":"Lignes de f\u00fbts - m+f KEG-Technik GmbH &amp; Co. KG","isPartOf":{"@id":"https:\/\/www.mfkegtechnik.com\/fr\/#website"},"primaryImageOfPage":{"@id":"https:\/\/www.mfkegtechnik.com\/fr\/lignes-futs\/#primaryimage"},"image":{"@id":"https:\/\/www.mfkegtechnik.com\/fr\/lignes-futs\/#primaryimage"},"thumbnailUrl":"http:\/\/www.mfkegtechnik.com\/wp-content\/uploads\/2017\/03\/Layout-300x167.jpg","datePublished":"2019-06-12T06:41:07+00:00","dateModified":"2019-08-30T12:34:04+00:00","description":"Avec notre machine vous pouvez transformer vos lignes de f\u00fbts en passant de 100 f\u00fbts\/h (50L) \u00e0 des installations enti\u00e8rement robotis\u00e9es jusqu\u00b4\u00e0 1000 f\u00fbts\/h.","breadcrumb":{"@id":"https:\/\/www.mfkegtechnik.com\/fr\/lignes-futs\/#breadcrumb"},"inLanguage":"fr-FR","potentialAction":[{"@type":"ReadAction","target":["https:\/\/www.mfkegtechnik.com\/fr\/lignes-futs\/"]}]},{"@type":"ImageObject","inLanguage":"fr-FR","@id":"https:\/\/www.mfkegtechnik.com\/fr\/lignes-futs\/#primaryimage","url":"http:\/\/www.mfkegtechnik.com\/wp-content\/uploads\/2017\/03\/Layout-300x167.jpg","contentUrl":"http:\/\/www.mfkegtechnik.com\/wp-content\/uploads\/2017\/03\/Layout-300x167.jpg"},{"@type":"BreadcrumbList","@id":"https:\/\/www.mfkegtechnik.com\/fr\/lignes-futs\/#breadcrumb","itemListElement":[{"@type":"ListItem","position":1,"name":"Accueil","item":"https:\/\/www.mfkegtechnik.com\/fr\/"},{"@type":"ListItem","position":2,"name":"Lignes de f\u00fbts"}]},{"@type":"WebSite","@id":"https:\/\/www.mfkegtechnik.com\/fr\/#website","url":"https:\/\/www.mfkegtechnik.com\/fr\/","name":"m+f KEG-Technik GmbH &amp; Co. KG","description":"We keep your KEGs clean !","potentialAction":[{"@type":"SearchAction","target":{"@type":"EntryPoint","urlTemplate":"https:\/\/www.mfkegtechnik.com\/fr\/?s={search_term_string}"},"query-input":{"@type":"PropertyValueSpecification","valueRequired":true,"valueName":"search_term_string"}}],"inLanguage":"fr-FR"}]}},"_links":{"self":[{"href":"https:\/\/www.mfkegtechnik.com\/fr\/wp-json\/wp\/v2\/pages\/2873","targetHints":{"allow":["GET"]}}],"collection":[{"href":"https:\/\/www.mfkegtechnik.com\/fr\/wp-json\/wp\/v2\/pages"}],"about":[{"href":"https:\/\/www.mfkegtechnik.com\/fr\/wp-json\/wp\/v2\/types\/page"}],"author":[{"embeddable":true,"href":"https:\/\/www.mfkegtechnik.com\/fr\/wp-json\/wp\/v2\/users\/2"}],"replies":[{"embeddable":true,"href":"https:\/\/www.mfkegtechnik.com\/fr\/wp-json\/wp\/v2\/comments?post=2873"}],"version-history":[{"count":0,"href":"https:\/\/www.mfkegtechnik.com\/fr\/wp-json\/wp\/v2\/pages\/2873\/revisions"}],"wp:attachment":[{"href":"https:\/\/www.mfkegtechnik.com\/fr\/wp-json\/wp\/v2\/media?parent=2873"}],"curies":[{"name":"wp","href":"https:\/\/api.w.org\/{rel}","templated":true}]}}