{"id":2875,"date":"2019-06-12T07:37:56","date_gmt":"2019-06-12T06:37:56","guid":{"rendered":"http:\/\/www.mfkegtechnik.com\/keg-internal-cleaning-and-filling\/"},"modified":"2025-10-29T14:45:38","modified_gmt":"2025-10-29T13:45:38","slug":"nettoyage-remplissage-futs","status":"publish","type":"page","link":"https:\/\/www.mfkegtechnik.com\/fr\/nettoyage-remplissage-futs\/","title":{"rendered":"Machines de nettoyage et remplissage de f\u00fbts"},"content":{"rendered":"<div id=\"pl-2875\"  class=\"panel-layout\" ><div id=\"pg-2875-0\"  class=\"panel-grid panel-no-style\" ><div id=\"pgc-2875-0-0\"  class=\"panel-grid-cell\" ><div id=\"panel-2875-0-0-0\" class=\"so-panel widget widget_sow-headline panel-first-child panel-last-child\" data-index=\"0\" ><div\n\t\t\t\n\t\t\tclass=\"so-widget-sow-headline so-widget-sow-headline-default-81a1f752c77c-2875\"\n\t\t\t\n\t\t><div class=\"sow-headline-container \">\n\t\t\t\t\t\t\t<h1 class=\"sow-headline\">\n\t\t\t\t\t\tMachines de lavage et remplissage de f\u00fbts\t\t\t\t\t\t<\/h1>\n\t\t\t\t\t\t\t\t\t\t\t<div class=\"decoration\">\n\t\t\t\t\t\t<div class=\"decoration-inside\"><\/div>\n\t\t\t\t\t<\/div>\n\t\t\t\t\t\t\t\t\t\t\t<h3 class=\"sow-sub-headline\">\n\t\t\t\t\t\tSelon vos besoins, nous pouvons vous proposer plusieurs solutions\t\t\t\t\t\t<\/h3>\n\t\t\t\t\t\t<\/div>\n<\/div><\/div><\/div><\/div><div id=\"pg-2875-1\"  class=\"panel-grid panel-no-style\" ><div id=\"pgc-2875-1-0\"  class=\"panel-grid-cell\" ><div id=\"panel-2875-1-0-0\" class=\"so-panel widget widget_sow-image panel-first-child\" data-index=\"1\" ><div\n\t\t\t\n\t\t\tclass=\"so-widget-sow-image so-widget-sow-image-default-c67d20f9f743-2875\"\n\t\t\t\n\t\t>\n<div class=\"sow-image-container\">\n\t\t\t<a href=\"https:\/\/www.mfkegtechnik.com\/micromat-m-2-2-b\/\"\n\t\t\t\t\t>\n\t\t\t<img \n\tsrc=\"https:\/\/www.mfkegtechnik.com\/wp-content\/uploads\/2017\/01\/rsz_micromat_m2_2_b_web-214x300.jpg\" width=\"214\" height=\"300\" sizes=\"(max-width: 214px) 100vw, 214px\" title=\"Micromat M2\/2 B\" alt=\"nettoyage-remplissage-futs-semi-automatique\" \t\tclass=\"so-widget-image\"\/>\n\t\t\t<\/a><\/div>\n\n<\/div><\/div><div id=\"panel-2875-1-0-1\" class=\"so-panel widget widget_sow-editor panel-last-child\" data-index=\"2\" ><div\n\t\t\t\n\t\t\tclass=\"so-widget-sow-editor so-widget-sow-editor-base\"\n\t\t\t\n\t\t>\n<div class=\"siteorigin-widget-tinymce textwidget\">\n\t<h3><span style=\"color: #000000;\"><strong><a href=\"http:\/\/www.mfkegtechnik.com\/fr\/micromat-m-2-2-b\/\">MICROMAT M 2\/2-b<\/a> :<\/strong> Machine de nettoyage int\u00e9rieur et de remplissage de f\u00fbts semi-automatique.<\/span><\/h3>\n<h3><span style=\"color: #ff9900;\"><strong>(20-35 f\u00fbts\/h)<\/strong><\/span><\/h3>\n<h6><\/h6>\n<\/div>\n<\/div><\/div><\/div><div id=\"pgc-2875-1-1\"  class=\"panel-grid-cell\" ><div id=\"panel-2875-1-1-0\" class=\"so-panel widget widget_sow-image panel-first-child\" data-index=\"3\" ><div\n\t\t\t\n\t\t\tclass=\"so-widget-sow-image so-widget-sow-image-default-c67d20f9f743-2875\"\n\t\t\t\n\t\t>\n<div class=\"sow-image-container\">\n\t\t\t<a href=\"https:\/\/www.mfkegtechnik.com\/micromat-m-2-2-hybrid\/\"\n\t\t\t\t\t>\n\t\t\t<img \n\tsrc=\"https:\/\/www.mfkegtechnik.com\/wp-content\/uploads\/2019\/05\/M-2-2-hybrid-2018-257x300.jpg\" width=\"257\" height=\"300\" srcset=\"https:\/\/www.mfkegtechnik.com\/wp-content\/uploads\/2019\/05\/M-2-2-hybrid-2018-257x300.jpg 257w, https:\/\/www.mfkegtechnik.com\/wp-content\/uploads\/2019\/05\/M-2-2-hybrid-2018-768x897.jpg 768w, https:\/\/www.mfkegtechnik.com\/wp-content\/uploads\/2019\/05\/M-2-2-hybrid-2018-877x1024.jpg 877w, https:\/\/www.mfkegtechnik.com\/wp-content\/uploads\/2019\/05\/M-2-2-hybrid-2018-940x1098.jpg 940w, https:\/\/www.mfkegtechnik.com\/wp-content\/uploads\/2019\/05\/M-2-2-hybrid-2018.jpg 1400w\" sizes=\"(max-width: 257px) 100vw, 257px\" title=\"Micromat M 2-2 hybrid\" alt=\"hybrid-nettoyage-remplissage-futs\" \t\tclass=\"so-widget-image\"\/>\n\t\t\t<\/a><\/div>\n\n<\/div><\/div><div id=\"panel-2875-1-1-1\" class=\"so-panel widget widget_sow-editor panel-last-child\" data-index=\"4\" ><div\n\t\t\t\n\t\t\tclass=\"so-widget-sow-editor so-widget-sow-editor-base\"\n\t\t\t\n\t\t>\n<div class=\"siteorigin-widget-tinymce textwidget\">\n\t<h3><span style=\"color: #000000;\"><strong><a href=\"http:\/\/www.mfkegtechnik.com\/fr\/micromat-m-2-2-hybrid\/\">MICROMAT M 2\/2 Hybrid<\/a> :<\/strong> Machine hybride de nettoyage int\u00e9rieur et de remplissage de f\u00fbts, coupl\u00e9e \u00e0 une machine de remplissage pour f\u00fbts one-way.<\/span><\/h3>\n<h3><strong><span style=\"color: #ff9900;\">(20-35 f\u00fbts en acier\/h - Jusqu\u00b4a 50 f\u00fbts\/h pour les f\u00fbts one-way)<\/span><\/strong><\/h3>\n<\/div>\n<\/div><\/div><\/div><\/div><div id=\"pg-2875-2\"  class=\"panel-grid panel-no-style\" ><div id=\"pgc-2875-2-0\"  class=\"panel-grid-cell panel-grid-cell-mobile-last\" ><div id=\"panel-2875-2-0-0\" class=\"so-panel widget widget_sow-image panel-first-child\" data-index=\"5\" ><div\n\t\t\t\n\t\t\tclass=\"so-widget-sow-image so-widget-sow-image-default-c67d20f9f743-2875\"\n\t\t\t\n\t\t>\n<div class=\"sow-image-container\">\n\t\t\t<a href=\"https:\/\/www.mfkegtechnik.com\/micromat-a-4-2\/\"\n\t\t\t\t\t>\n\t\t\t<img \n\tsrc=\"https:\/\/www.mfkegtechnik.com\/wp-content\/uploads\/2017\/03\/MICROMAT_A_4-2-300x251.jpg\" width=\"300\" height=\"251\" srcset=\"https:\/\/www.mfkegtechnik.com\/wp-content\/uploads\/2017\/03\/MICROMAT_A_4-2-300x251.jpg 300w, https:\/\/www.mfkegtechnik.com\/wp-content\/uploads\/2017\/03\/MICROMAT_A_4-2-768x643.jpg 768w, https:\/\/www.mfkegtechnik.com\/wp-content\/uploads\/2017\/03\/MICROMAT_A_4-2.jpg 917w\" sizes=\"(max-width: 300px) 100vw, 300px\" title=\"MICROMAT A 4\/2\" alt=\"int\u00e9rieu- remplissage-futs-automatique\" \t\tclass=\"so-widget-image\"\/>\n\t\t\t<\/a><\/div>\n\n<\/div><\/div><div id=\"panel-2875-2-0-1\" class=\"so-panel widget widget_sow-editor panel-last-child\" data-index=\"6\" ><div\n\t\t\t\n\t\t\tclass=\"so-widget-sow-editor so-widget-sow-editor-base\"\n\t\t\t\n\t\t>\n<div class=\"siteorigin-widget-tinymce textwidget\">\n\t<h3><span style=\"color: #000000;\"><strong><a href=\"http:\/\/www.mfkegtechnik.com\/fr\/micromat-a-4-2\/\">MICROMAT A 4\/2<\/a> :<\/strong> Machine de nettoyage int\u00e9rieur et remplissage de f\u00fbts enti\u00e8rement automatique.\u00a0<\/span><\/h3>\n<h3><span style=\"color: #ff9900;\"><strong>(30-40 f\u00fbts\/h)<\/strong><\/span><\/h3>\n<\/div>\n<\/div><\/div><\/div><div id=\"pgc-2875-2-1\"  class=\"panel-grid-cell panel-grid-cell-empty\" ><\/div><\/div><\/div>","protected":false},"excerpt":{"rendered":"<p>MICROMAT M 2\/2-b : Machine de nettoyage int\u00e9rieur et de remplissage de f\u00fbts semi-automatique. (20-35 f\u00fbts\/h) MICROMAT M 2\/2 Hybrid : Machine hybride de nettoyage int\u00e9rieur et de remplissage de f\u00fbts, coupl\u00e9e \u00e0 une machine de remplissage pour f\u00fbts one-way. (20-35 f\u00fbts en acier\/h &#8211; Jusqu\u00b4a 50 f\u00fbts\/h pour les f\u00fbts one-way)<\/p>\n","protected":false},"author":2,"featured_media":0,"parent":0,"menu_order":0,"comment_status":"closed","ping_status":"closed","template":"","meta":{"footnotes":""},"class_list":["post-2875","page","type-page","status-publish","hentry"],"yoast_head":"<!-- This site is optimized with the Yoast SEO plugin v27.3 - https:\/\/yoast.com\/product\/yoast-seo-wordpress\/ -->\n<title>Machines de nettoyage et remplissage de f\u00fbts- m+f KEG-Technik GmbH<\/title>\n<meta name=\"description\" content=\"Nos machines de nettoyage et remplissage de f\u00fbts sont la meilleure solution si vous souhaitez gardez vos f\u00fbts propres! D\u00e9couvrez en plus!\" \/>\n<meta name=\"robots\" content=\"index, follow, max-snippet:-1, max-image-preview:large, max-video-preview:-1\" \/>\n<link rel=\"canonical\" href=\"https:\/\/www.mfkegtechnik.com\/fr\/nettoyage-remplissage-futs\/\" \/>\n<meta property=\"og:locale\" content=\"fr_FR\" \/>\n<meta property=\"og:type\" content=\"article\" \/>\n<meta property=\"og:title\" content=\"Machines de nettoyage et remplissage de f\u00fbts- m+f KEG-Technik GmbH\" \/>\n<meta property=\"og:description\" content=\"Nos machines de nettoyage et remplissage de f\u00fbts sont la meilleure solution si vous souhaitez gardez vos f\u00fbts propres! D\u00e9couvrez en plus!\" \/>\n<meta property=\"og:url\" content=\"https:\/\/www.mfkegtechnik.com\/fr\/nettoyage-remplissage-futs\/\" \/>\n<meta property=\"og:site_name\" content=\"m+f KEG-Technik GmbH &amp; Co. KG\" \/>\n<meta property=\"article:modified_time\" content=\"2025-10-29T13:45:38+00:00\" \/>\n<meta name=\"twitter:card\" content=\"summary_large_image\" \/>\n<meta name=\"twitter:label1\" content=\"Dur\u00e9e de lecture estim\u00e9e\" \/>\n\t<meta name=\"twitter:data1\" content=\"2 minutes\" \/>\n<script type=\"application\/ld+json\" class=\"yoast-schema-graph\">{\"@context\":\"https:\\\/\\\/schema.org\",\"@graph\":[{\"@type\":\"WebPage\",\"@id\":\"https:\\\/\\\/www.mfkegtechnik.com\\\/fr\\\/nettoyage-remplissage-futs\\\/\",\"url\":\"https:\\\/\\\/www.mfkegtechnik.com\\\/fr\\\/nettoyage-remplissage-futs\\\/\",\"name\":\"Machines de nettoyage et remplissage de f\u00fbts- m+f KEG-Technik GmbH\",\"isPartOf\":{\"@id\":\"https:\\\/\\\/www.mfkegtechnik.com\\\/fr\\\/#website\"},\"datePublished\":\"2019-06-12T06:37:56+00:00\",\"dateModified\":\"2025-10-29T13:45:38+00:00\",\"description\":\"Nos machines de nettoyage et remplissage de f\u00fbts sont la meilleure solution si vous souhaitez gardez vos f\u00fbts propres! D\u00e9couvrez en plus!\",\"breadcrumb\":{\"@id\":\"https:\\\/\\\/www.mfkegtechnik.com\\\/fr\\\/nettoyage-remplissage-futs\\\/#breadcrumb\"},\"inLanguage\":\"fr-FR\",\"potentialAction\":[{\"@type\":\"ReadAction\",\"target\":[\"https:\\\/\\\/www.mfkegtechnik.com\\\/fr\\\/nettoyage-remplissage-futs\\\/\"]}]},{\"@type\":\"BreadcrumbList\",\"@id\":\"https:\\\/\\\/www.mfkegtechnik.com\\\/fr\\\/nettoyage-remplissage-futs\\\/#breadcrumb\",\"itemListElement\":[{\"@type\":\"ListItem\",\"position\":1,\"name\":\"Accueil\",\"item\":\"https:\\\/\\\/www.mfkegtechnik.com\\\/fr\\\/\"},{\"@type\":\"ListItem\",\"position\":2,\"name\":\"Machines de nettoyage et remplissage de f\u00fbts\"}]},{\"@type\":\"WebSite\",\"@id\":\"https:\\\/\\\/www.mfkegtechnik.com\\\/fr\\\/#website\",\"url\":\"https:\\\/\\\/www.mfkegtechnik.com\\\/fr\\\/\",\"name\":\"m+f KEG-Technik GmbH &amp; Co. KG\",\"description\":\"We keep your KEGs clean !\",\"potentialAction\":[{\"@type\":\"SearchAction\",\"target\":{\"@type\":\"EntryPoint\",\"urlTemplate\":\"https:\\\/\\\/www.mfkegtechnik.com\\\/fr\\\/?s={search_term_string}\"},\"query-input\":{\"@type\":\"PropertyValueSpecification\",\"valueRequired\":true,\"valueName\":\"search_term_string\"}}],\"inLanguage\":\"fr-FR\"}]}<\/script>\n<!-- \/ Yoast SEO plugin. -->","yoast_head_json":{"title":"Machines de nettoyage et remplissage de f\u00fbts- m+f KEG-Technik GmbH","description":"Nos machines de nettoyage et remplissage de f\u00fbts sont la meilleure solution si vous souhaitez gardez vos f\u00fbts propres! D\u00e9couvrez en plus!","robots":{"index":"index","follow":"follow","max-snippet":"max-snippet:-1","max-image-preview":"max-image-preview:large","max-video-preview":"max-video-preview:-1"},"canonical":"https:\/\/www.mfkegtechnik.com\/fr\/nettoyage-remplissage-futs\/","og_locale":"fr_FR","og_type":"article","og_title":"Machines de nettoyage et remplissage de f\u00fbts- m+f KEG-Technik GmbH","og_description":"Nos machines de nettoyage et remplissage de f\u00fbts sont la meilleure solution si vous souhaitez gardez vos f\u00fbts propres! D\u00e9couvrez en plus!","og_url":"https:\/\/www.mfkegtechnik.com\/fr\/nettoyage-remplissage-futs\/","og_site_name":"m+f KEG-Technik GmbH &amp; Co. KG","article_modified_time":"2025-10-29T13:45:38+00:00","twitter_card":"summary_large_image","twitter_misc":{"Dur\u00e9e de lecture estim\u00e9e":"2 minutes"},"schema":{"@context":"https:\/\/schema.org","@graph":[{"@type":"WebPage","@id":"https:\/\/www.mfkegtechnik.com\/fr\/nettoyage-remplissage-futs\/","url":"https:\/\/www.mfkegtechnik.com\/fr\/nettoyage-remplissage-futs\/","name":"Machines de nettoyage et remplissage de f\u00fbts- m+f KEG-Technik GmbH","isPartOf":{"@id":"https:\/\/www.mfkegtechnik.com\/fr\/#website"},"datePublished":"2019-06-12T06:37:56+00:00","dateModified":"2025-10-29T13:45:38+00:00","description":"Nos machines de nettoyage et remplissage de f\u00fbts sont la meilleure solution si vous souhaitez gardez vos f\u00fbts propres! D\u00e9couvrez en plus!","breadcrumb":{"@id":"https:\/\/www.mfkegtechnik.com\/fr\/nettoyage-remplissage-futs\/#breadcrumb"},"inLanguage":"fr-FR","potentialAction":[{"@type":"ReadAction","target":["https:\/\/www.mfkegtechnik.com\/fr\/nettoyage-remplissage-futs\/"]}]},{"@type":"BreadcrumbList","@id":"https:\/\/www.mfkegtechnik.com\/fr\/nettoyage-remplissage-futs\/#breadcrumb","itemListElement":[{"@type":"ListItem","position":1,"name":"Accueil","item":"https:\/\/www.mfkegtechnik.com\/fr\/"},{"@type":"ListItem","position":2,"name":"Machines de nettoyage et remplissage de f\u00fbts"}]},{"@type":"WebSite","@id":"https:\/\/www.mfkegtechnik.com\/fr\/#website","url":"https:\/\/www.mfkegtechnik.com\/fr\/","name":"m+f KEG-Technik GmbH &amp; Co. KG","description":"We keep your KEGs clean !","potentialAction":[{"@type":"SearchAction","target":{"@type":"EntryPoint","urlTemplate":"https:\/\/www.mfkegtechnik.com\/fr\/?s={search_term_string}"},"query-input":{"@type":"PropertyValueSpecification","valueRequired":true,"valueName":"search_term_string"}}],"inLanguage":"fr-FR"}]}},"_links":{"self":[{"href":"https:\/\/www.mfkegtechnik.com\/fr\/wp-json\/wp\/v2\/pages\/2875","targetHints":{"allow":["GET"]}}],"collection":[{"href":"https:\/\/www.mfkegtechnik.com\/fr\/wp-json\/wp\/v2\/pages"}],"about":[{"href":"https:\/\/www.mfkegtechnik.com\/fr\/wp-json\/wp\/v2\/types\/page"}],"author":[{"embeddable":true,"href":"https:\/\/www.mfkegtechnik.com\/fr\/wp-json\/wp\/v2\/users\/2"}],"replies":[{"embeddable":true,"href":"https:\/\/www.mfkegtechnik.com\/fr\/wp-json\/wp\/v2\/comments?post=2875"}],"version-history":[{"count":3,"href":"https:\/\/www.mfkegtechnik.com\/fr\/wp-json\/wp\/v2\/pages\/2875\/revisions"}],"predecessor-version":[{"id":20666,"href":"https:\/\/www.mfkegtechnik.com\/fr\/wp-json\/wp\/v2\/pages\/2875\/revisions\/20666"}],"wp:attachment":[{"href":"https:\/\/www.mfkegtechnik.com\/fr\/wp-json\/wp\/v2\/media?parent=2875"}],"curies":[{"name":"wp","href":"https:\/\/api.w.org\/{rel}","templated":true}]}}