{"id":2876,"date":"2019-06-12T07:37:30","date_gmt":"2019-06-12T06:37:30","guid":{"rendered":"http:\/\/www.mfkegtechnik.com\/keg-internal-cleaning\/"},"modified":"2019-08-19T09:26:33","modified_gmt":"2019-08-19T08:26:33","slug":"nettoyage-interieur-futs","status":"publish","type":"page","link":"https:\/\/www.mfkegtechnik.com\/fr\/nettoyage-interieur-futs\/","title":{"rendered":"Machine de nettoyage int\u00e9rieur de f\u00fbts"},"content":{"rendered":"<div id=\"pl-2876\"  class=\"panel-layout\" ><div id=\"pg-2876-0\"  class=\"panel-grid panel-no-style\" ><div id=\"pgc-2876-0-0\"  class=\"panel-grid-cell\" ><div id=\"panel-2876-0-0-0\" class=\"so-panel widget widget_sow-headline panel-first-child\" data-index=\"0\" ><div\n\t\t\t\n\t\t\tclass=\"so-widget-sow-headline so-widget-sow-headline-default-7d6c0c62a896-2876\"\n\t\t\t\n\t\t><div class=\"sow-headline-container \">\n\t\t\t\t\t\t\t<h1 class=\"sow-headline\">\n\t\t\t\t\t\tPr\u00e9sentation du MONOMAT\t\t\t\t\t\t<\/h1>\n\t\t\t\t\t\t\t\t\t\t\t<div class=\"decoration\">\n\t\t\t\t\t\t<div class=\"decoration-inside\"><\/div>\n\t\t\t\t\t<\/div>\n\t\t\t\t\t\t\t\t\t\t\t<h2 class=\"sow-sub-headline\">\n\t\t\t\t\t\tMachine de nettoyage int\u00e9rieur de f\u00fbts\t\t\t\t\t\t<\/h2>\n\t\t\t\t\t\t<\/div>\n<\/div><\/div><div id=\"panel-2876-0-0-1\" class=\"so-panel widget widget_sow-editor panel-last-child\" data-index=\"1\" ><div\n\t\t\t\n\t\t\tclass=\"so-widget-sow-editor so-widget-sow-editor-base\"\n\t\t\t\n\t\t>\n<div class=\"siteorigin-widget-tinymce textwidget\">\n\t<\/div>\n<\/div><\/div><\/div><\/div><div id=\"pg-2876-1\"  class=\"panel-grid panel-no-style\" ><div id=\"pgc-2876-1-0\"  class=\"panel-grid-cell\" ><div id=\"panel-2876-1-0-0\" class=\"so-panel widget widget_sow-image panel-first-child\" data-index=\"2\" ><div\n\t\t\t\n\t\t\tclass=\"so-widget-sow-image so-widget-sow-image-default-c67d20f9f743-2876\"\n\t\t\t\n\t\t>\n<div class=\"sow-image-container\">\n\t\t<img \n\tsrc=\"https:\/\/www.mfkegtechnik.com\/wp-content\/uploads\/2017\/01\/KEG-Cleaning-200x300.jpg\" width=\"200\" height=\"300\" srcset=\"https:\/\/www.mfkegtechnik.com\/wp-content\/uploads\/2017\/01\/KEG-Cleaning-200x300.jpg 200w, https:\/\/www.mfkegtechnik.com\/wp-content\/uploads\/2017\/01\/KEG-Cleaning-768x1152.jpg 768w, https:\/\/www.mfkegtechnik.com\/wp-content\/uploads\/2017\/01\/KEG-Cleaning-683x1024.jpg 683w, https:\/\/www.mfkegtechnik.com\/wp-content\/uploads\/2017\/01\/KEG-Cleaning.jpg 864w\" sizes=\"(max-width: 200px) 100vw, 200px\" title=\"Nettoyage de f\u00fbts\" alt=\"nettoyage-futs\" \t\tclass=\"so-widget-image\"\/>\n\t<\/div>\n\n<\/div><\/div><div id=\"panel-2876-1-0-1\" class=\"so-panel widget widget_sow-editor\" data-index=\"3\" ><div\n\t\t\t\n\t\t\tclass=\"so-widget-sow-editor so-widget-sow-editor-base\"\n\t\t\t\n\t\t>\n<div class=\"siteorigin-widget-tinymce textwidget\">\n\t<p><a href=\"http:\/\/www.mfkegtechnik.com\/wp-content\/uploads\/2019\/05\/IMG_9230.jpg\"> \u00a0 \u00a0 \u00a0 \u00a0 \u00a0 \u00a0 \u00a0 \u00a0 \u00a0\u00a0 <\/a><a href=\"http:\/\/www.mfkegtechnik.com\/wp-content\/uploads\/2019\/05\/IMG_9230.jpg\"><img loading=\"lazy\" decoding=\"async\" class=\"alignnone wp-image-1507\" title=\"D\u00e9tails: boutons et tuyaux\" src=\"http:\/\/www.mfkegtechnik.com\/wp-content\/uploads\/2019\/05\/IMG_9230-200x300.jpg\" alt=\"machine-de-nettoyage-interieur-de-futs\" width=\"147\" height=\"221\" srcset=\"https:\/\/www.mfkegtechnik.com\/wp-content\/uploads\/2019\/05\/IMG_9230-200x300.jpg 200w, https:\/\/www.mfkegtechnik.com\/wp-content\/uploads\/2019\/05\/IMG_9230-768x1152.jpg 768w, https:\/\/www.mfkegtechnik.com\/wp-content\/uploads\/2019\/05\/IMG_9230-683x1024.jpg 683w, https:\/\/www.mfkegtechnik.com\/wp-content\/uploads\/2019\/05\/IMG_9230-940x1410.jpg 940w\" sizes=\"auto, (max-width: 147px) 100vw, 147px\" \/><\/a> \u00a0\u00a0 \u00a0\u00a0 <a href=\"http:\/\/www.mfkegtechnik.com\/wp-content\/uploads\/2019\/05\/MONOMAT-ohne-KEG.jpg\"><img loading=\"lazy\" decoding=\"async\" class=\"alignnone wp-image-1508\" title=\"MONOMAT sans f\u00fbts\" src=\"http:\/\/www.mfkegtechnik.com\/wp-content\/uploads\/2019\/05\/MONOMAT-ohne-KEG-200x300.jpg\" alt=\"machine-de-nettoyage-interieur-de-futs\" width=\"147\" height=\"221\" srcset=\"https:\/\/www.mfkegtechnik.com\/wp-content\/uploads\/2019\/05\/MONOMAT-ohne-KEG-200x300.jpg 200w, https:\/\/www.mfkegtechnik.com\/wp-content\/uploads\/2019\/05\/MONOMAT-ohne-KEG-768x1152.jpg 768w, https:\/\/www.mfkegtechnik.com\/wp-content\/uploads\/2019\/05\/MONOMAT-ohne-KEG-683x1024.jpg 683w, https:\/\/www.mfkegtechnik.com\/wp-content\/uploads\/2019\/05\/MONOMAT-ohne-KEG-940x1410.jpg 940w\" sizes=\"auto, (max-width: 147px) 100vw, 147px\" \/><\/a><\/p>\n<\/div>\n<\/div><\/div><div id=\"panel-2876-1-0-2\" class=\"so-panel widget widget_sow-button\" data-index=\"4\" ><div\n\t\t\t\n\t\t\tclass=\"so-widget-sow-button so-widget-sow-button-atom-4e01ecc3807f-2876\"\n\t\t\t\n\t\t><div class=\"ow-button-base ow-button-align-center\"\n>\n\t\t\t<a\n\t\t\t\t\thref=\"https:\/\/www.dropbox.com\/s\/r8o8fby5s9zym6c\/m%20f%20MONOMAT%20demo.mov?dl=0\"\n\t\t\t\t\tclass=\"sowb-button ow-icon-placement-left\" target=\"_blank\" rel=\"noopener noreferrer\" \t>\n\t\t<span>\n\t\t\t\n\t\t\tVisionner la vid\u00e9o de d\u00e9monstration\t\t<\/span>\n\t\t\t<\/a>\n\t<\/div>\n<\/div><\/div><div id=\"panel-2876-1-0-3\" class=\"so-panel widget widget_sow-editor panel-last-child\" data-index=\"5\" ><div\n\t\t\t\n\t\t\tclass=\"so-widget-sow-editor so-widget-sow-editor-base\"\n\t\t\t\n\t\t>\n<div class=\"siteorigin-widget-tinymce textwidget\">\n\t<h6><span style=\"color: #ffffff;\">The MONOMAT is used for hygienic cleaning of the inside of returnable KEGs.The infeed of the KEGs and the discharge of the cleaned KEGs is done manually. The internal cleaning is done full automatically by means of soft- and hardware Control. As an option we can supply a mediastation including\u00a0filters and reducers premounted on a stainless steel Frame. This type of machine is particularly distinguishable for its integrated soft- and hardware that allow fully automatic machine processing as well as the liquid detector that controls the arrival and return of fluids.<\/span><\/h6>\n<\/div>\n<\/div><\/div><\/div><div id=\"pgc-2876-1-1\"  class=\"panel-grid-cell\" ><div id=\"panel-2876-1-1-0\" class=\"so-panel widget widget_sow-headline panel-first-child\" data-index=\"6\" ><div\n\t\t\t\n\t\t\tclass=\"so-widget-sow-headline so-widget-sow-headline-default-f16591bb046e-2876\"\n\t\t\t\n\t\t><div class=\"sow-headline-container \">\n\t\t\t\t\t\t\t<h1 class=\"sow-headline\">\n\t\t\t\t\t\tCARACT\u00c9RISTIQUES\t\t\t\t\t\t<\/h1>\n\t\t\t\t\t\t\t\t\t\t\t<div class=\"decoration\">\n\t\t\t\t\t\t<div class=\"decoration-inside\"><\/div>\n\t\t\t\t\t<\/div>\n\t\t\t\t\t<\/div>\n<\/div><\/div><div id=\"panel-2876-1-1-1\" class=\"so-panel widget widget_sow-editor\" data-index=\"7\" ><div\n\t\t\t\n\t\t\tclass=\"so-widget-sow-editor so-widget-sow-editor-base\"\n\t\t\t\n\t\t>\n<div class=\"siteorigin-widget-tinymce textwidget\">\n\t<h4><span style=\"color: #000000;\">Le MONOMAT est une machine semi-automatique pour le nettoyage int\u00e9rieur des f\u00fbts, comprenant tous les composants \u00e9lectriques, \u00e9lectroniques et pneumatiques n\u00e9cessaires \u00e0 son fonctionnement.<\/span><\/h4>\n<h4><span style=\"color: #000000;\">Ce type de machine se distingue particuli\u00e8rement par son int\u00e9gration de logiciel et de mat\u00e9riel qui permettent un traitement enti\u00e8rement automatis\u00e9e de la machine, mais aussi par le d\u00e9tecteur de liquide qui contr\u00f4le l\u00b4arriv\u00e9e et le retour des fluides. <\/span><span style=\"color: #ffffff;\">machine de nettoyage int\u00e9rieur<\/span><\/h4>\n<h4><span style=\"color: #000000;\">De plus, les pi\u00e8ces principales ainsi que le ch\u00e2ssis, les vannes et les tuyaux sont fabriqu\u00e9s en acier inoxydable assurant ainsi le respect des normes europ\u00e9ennes et la qualit\u00e9 de vos produits. <\/span><span style=\"color: #ffffff;\">machine de nettoyage int\u00e9rieur<\/span><\/h4>\n<\/div>\n<\/div><\/div><div id=\"panel-2876-1-1-2\" class=\"so-panel widget widget_sow-headline\" data-index=\"8\" ><div\n\t\t\t\n\t\t\tclass=\"so-widget-sow-headline so-widget-sow-headline-default-f16591bb046e-2876\"\n\t\t\t\n\t\t><div class=\"sow-headline-container \">\n\t\t\t\t\t\t\t<h1 class=\"sow-headline\">\n\t\t\t\t\t\tDONN\u00c9ES TECHNIQUES\t\t\t\t\t\t<\/h1>\n\t\t\t\t\t\t\t\t\t\t\t<div class=\"decoration\">\n\t\t\t\t\t\t<div class=\"decoration-inside\"><\/div>\n\t\t\t\t\t<\/div>\n\t\t\t\t\t<\/div>\n<\/div><\/div><div id=\"panel-2876-1-1-3\" class=\"so-panel widget widget_sow-editor\" data-index=\"9\" ><div\n\t\t\t\n\t\t\tclass=\"so-widget-sow-editor so-widget-sow-editor-base\"\n\t\t\t\n\t\t>\n<div class=\"siteorigin-widget-tinymce textwidget\">\n\t<h4><span style=\"color: #ff6600;\"><strong>Cadence : 10-20 f\u00fbts\/h<\/strong><\/span><\/h4>\n<h4><span style=\"color: #000000;\"><strong>Stations :<\/strong> lavage int\u00e9rieur, rin\u00e7age \u00e0 l\u00b4eau claire et st\u00e9rilisation<\/span><\/h4>\n<h4><span style=\"color: #000000;\"><strong>Dimensions :<\/strong> \u00a0 \u00a0 \u00a0\u00a0<strong> Longueur (L) \u00a0 \u00a0\u00a0 : 1.310<\/strong> mm<\/span><\/h4>\n<h4 style=\"padding-left: 80px;\"><span style=\"color: #000000;\"><strong>\u00a0 \u00a0 \u00a0 \u00a0 \u00a0 \u00a0\u00a0 Largeur (B) \u00a0 \u00a0 \u00a0 \u00a0 :<\/strong> <strong>600<\/strong> mm<\/span><\/h4>\n<h4 style=\"padding-left: 80px;\"><span style=\"color: #000000;\"><strong>\u00a0 \u00a0 \u00a0 \u00a0 \u00a0 \u00a0\u00a0 Hauteur (H) \u00a0 \u00a0 \u00a0 : 1.630<\/strong> mm +\/- <strong>50<\/strong><\/span><\/h4>\n<h4><span style=\"color: #000000;\"><strong>Tension :<\/strong> <strong>230<\/strong>\/<strong>400<\/strong>V, <strong>50<\/strong>Hz, <strong>3-phase<\/strong><\/span><\/h4>\n<h4><span style=\"color: #000000;\"><strong>Raccordement \u00e9lectrique : 0,2<\/strong> kW<\/span><\/h4>\n<\/div>\n<\/div><\/div><div id=\"panel-2876-1-1-4\" class=\"so-panel widget widget_sow-headline\" data-index=\"10\" ><div\n\t\t\t\n\t\t\tclass=\"so-widget-sow-headline so-widget-sow-headline-default-f16591bb046e-2876\"\n\t\t\t\n\t\t><div class=\"sow-headline-container \">\n\t\t\t\t\t\t\t<h1 class=\"sow-headline\">\n\t\t\t\t\t\tAVANTAGES\t\t\t\t\t\t<\/h1>\n\t\t\t\t\t\t\t\t\t\t\t<div class=\"decoration\">\n\t\t\t\t\t\t<div class=\"decoration-inside\"><\/div>\n\t\t\t\t\t<\/div>\n\t\t\t\t\t<\/div>\n<\/div><\/div><div id=\"panel-2876-1-1-5\" class=\"so-panel widget widget_sow-editor\" data-index=\"11\" ><div\n\t\t\t\n\t\t\tclass=\"so-widget-sow-editor so-widget-sow-editor-base\"\n\t\t\t\n\t\t>\n<div class=\"siteorigin-widget-tinymce textwidget\">\n\t<h4><span style=\"color: #000000;\">Le MONOMAT est la solution parfaite pour nettoyer et soutirer vos f\u00fbts.<\/span><\/h4>\n<h4 style=\"padding-left: 40px;\"><span style=\"color: #000000;\">Facile d\u00b4utilisation<\/span><\/h4>\n<h4 style=\"padding-left: 40px;\"><span style=\"color: #000000;\">Proc\u00e9d\u00e9 semi-automatique<\/span><\/h4>\n<h4 style=\"padding-left: 40px;\"><span style=\"color: #000000;\">Chassis en acier inoxydable<\/span><\/h4>\n<h4 style=\"padding-left: 40px;\"><span style=\"color: #000000;\">Peut \u00eatre \u00e9quip\u00e9 d\u00b4une unit\u00e9 de conversion<\/span><\/h4>\n<\/div>\n<\/div><\/div><div id=\"panel-2876-1-1-6\" class=\"so-panel widget widget_sow-button panel-last-child\" data-index=\"12\" ><div\n\t\t\t\n\t\t\tclass=\"so-widget-sow-button so-widget-sow-button-atom-45a38d61cbbe-2876\"\n\t\t\t\n\t\t><div class=\"ow-button-base ow-button-align-center\"\n>\n\t\t\t<a\n\t\t\t\t\thref=\"http:\/\/www.mfkegtechnik.com\/wp-content\/uploads\/2019\/07\/Monomat.pdf\"\n\t\t\t\t\tclass=\"sowb-button ow-icon-placement-left ow-button-hover\" target=\"_blank\" rel=\"noopener noreferrer\" \t>\n\t\t<span>\n\t\t\t\n\t\t\tT\u00e9l\u00e9charger la fiche technique (PDF)\t\t<\/span>\n\t\t\t<\/a>\n\t<\/div>\n<\/div><\/div><\/div><\/div><\/div>","protected":false},"excerpt":{"rendered":"<p>\u00a0 \u00a0 \u00a0 \u00a0 \u00a0 \u00a0 \u00a0 \u00a0 \u00a0\u00a0 \u00a0\u00a0 \u00a0\u00a0 The MONOMAT is used for hygienic cleaning of the inside of returnable KEGs.The infeed of the KEGs and the discharge of the cleaned KEGs is done manually. The internal cleaning is done full automatically by means of soft- and hardware Control. As an option we can supply a mediastation including\u00a0filters and reducers premounted on a stainless steel Frame. This &hellip;<a class=\"excerpt\" href=\"https:\/\/www.mfkegtechnik.com\/fr\/nettoyage-interieur-futs\/\">Read More<\/a><\/p>\n","protected":false},"author":2,"featured_media":0,"parent":0,"menu_order":0,"comment_status":"closed","ping_status":"closed","template":"","meta":{"footnotes":""},"class_list":["post-2876","page","type-page","status-publish","hentry"],"yoast_head":"<!-- This site is optimized with the Yoast SEO plugin v27.5 - https:\/\/yoast.com\/product\/yoast-seo-wordpress\/ -->\n<title>Machine de nettoyage int\u00e9rieur de f\u00fbts - m+f KEG-Technik &amp; Co. KG<\/title>\n<meta name=\"description\" content=\"Le MONOMAT est une machine de nettoyage int\u00e9rieur de f\u00fbts semi-automatique compos\u00e9e de tous les \u00e9l\u00e9ments \u00e9lectriques, \u00e9lectroniques et pneumatiques.\" \/>\n<meta name=\"robots\" content=\"index, follow, max-snippet:-1, max-image-preview:large, max-video-preview:-1\" \/>\n<link rel=\"canonical\" href=\"https:\/\/www.mfkegtechnik.com\/fr\/nettoyage-interieur-futs\/\" \/>\n<meta property=\"og:locale\" content=\"fr_FR\" \/>\n<meta property=\"og:type\" content=\"article\" \/>\n<meta property=\"og:title\" content=\"Machine de nettoyage int\u00e9rieur de f\u00fbts - m+f KEG-Technik &amp; Co. KG\" \/>\n<meta property=\"og:description\" content=\"Le MONOMAT est une machine de nettoyage int\u00e9rieur de f\u00fbts semi-automatique compos\u00e9e de tous les \u00e9l\u00e9ments \u00e9lectriques, \u00e9lectroniques et pneumatiques.\" \/>\n<meta property=\"og:url\" content=\"https:\/\/www.mfkegtechnik.com\/fr\/nettoyage-interieur-futs\/\" \/>\n<meta property=\"og:site_name\" content=\"m+f KEG-Technik GmbH &amp; Co. KG\" \/>\n<meta property=\"article:modified_time\" content=\"2019-08-19T08:26:33+00:00\" \/>\n<meta property=\"og:image\" content=\"http:\/\/www.mfkegtechnik.com\/wp-content\/uploads\/2019\/05\/IMG_9230-200x300.jpg\" \/>\n<meta name=\"twitter:card\" content=\"summary_large_image\" \/>\n<meta name=\"twitter:label1\" content=\"Dur\u00e9e de lecture estim\u00e9e\" \/>\n\t<meta name=\"twitter:data1\" content=\"2 minutes\" \/>\n<script type=\"application\/ld+json\" class=\"yoast-schema-graph\">{\"@context\":\"https:\\\/\\\/schema.org\",\"@graph\":[{\"@type\":\"WebPage\",\"@id\":\"https:\\\/\\\/www.mfkegtechnik.com\\\/fr\\\/nettoyage-interieur-futs\\\/\",\"url\":\"https:\\\/\\\/www.mfkegtechnik.com\\\/fr\\\/nettoyage-interieur-futs\\\/\",\"name\":\"Machine de nettoyage int\u00e9rieur de f\u00fbts - m+f KEG-Technik & Co. KG\",\"isPartOf\":{\"@id\":\"https:\\\/\\\/www.mfkegtechnik.com\\\/fr\\\/#website\"},\"primaryImageOfPage\":{\"@id\":\"https:\\\/\\\/www.mfkegtechnik.com\\\/fr\\\/nettoyage-interieur-futs\\\/#primaryimage\"},\"image\":{\"@id\":\"https:\\\/\\\/www.mfkegtechnik.com\\\/fr\\\/nettoyage-interieur-futs\\\/#primaryimage\"},\"thumbnailUrl\":\"http:\\\/\\\/www.mfkegtechnik.com\\\/wp-content\\\/uploads\\\/2019\\\/05\\\/IMG_9230-200x300.jpg\",\"datePublished\":\"2019-06-12T06:37:30+00:00\",\"dateModified\":\"2019-08-19T08:26:33+00:00\",\"description\":\"Le MONOMAT est une machine de nettoyage int\u00e9rieur de f\u00fbts semi-automatique compos\u00e9e de tous les \u00e9l\u00e9ments \u00e9lectriques, \u00e9lectroniques et pneumatiques.\",\"breadcrumb\":{\"@id\":\"https:\\\/\\\/www.mfkegtechnik.com\\\/fr\\\/nettoyage-interieur-futs\\\/#breadcrumb\"},\"inLanguage\":\"fr-FR\",\"potentialAction\":[{\"@type\":\"ReadAction\",\"target\":[\"https:\\\/\\\/www.mfkegtechnik.com\\\/fr\\\/nettoyage-interieur-futs\\\/\"]}]},{\"@type\":\"ImageObject\",\"inLanguage\":\"fr-FR\",\"@id\":\"https:\\\/\\\/www.mfkegtechnik.com\\\/fr\\\/nettoyage-interieur-futs\\\/#primaryimage\",\"url\":\"http:\\\/\\\/www.mfkegtechnik.com\\\/wp-content\\\/uploads\\\/2019\\\/05\\\/IMG_9230-200x300.jpg\",\"contentUrl\":\"http:\\\/\\\/www.mfkegtechnik.com\\\/wp-content\\\/uploads\\\/2019\\\/05\\\/IMG_9230-200x300.jpg\"},{\"@type\":\"BreadcrumbList\",\"@id\":\"https:\\\/\\\/www.mfkegtechnik.com\\\/fr\\\/nettoyage-interieur-futs\\\/#breadcrumb\",\"itemListElement\":[{\"@type\":\"ListItem\",\"position\":1,\"name\":\"Accueil\",\"item\":\"https:\\\/\\\/www.mfkegtechnik.com\\\/fr\\\/\"},{\"@type\":\"ListItem\",\"position\":2,\"name\":\"Machine de nettoyage int\u00e9rieur de f\u00fbts\"}]},{\"@type\":\"WebSite\",\"@id\":\"https:\\\/\\\/www.mfkegtechnik.com\\\/fr\\\/#website\",\"url\":\"https:\\\/\\\/www.mfkegtechnik.com\\\/fr\\\/\",\"name\":\"m+f KEG-Technik GmbH &amp; Co. KG\",\"description\":\"We keep your KEGs clean !\",\"potentialAction\":[{\"@type\":\"SearchAction\",\"target\":{\"@type\":\"EntryPoint\",\"urlTemplate\":\"https:\\\/\\\/www.mfkegtechnik.com\\\/fr\\\/?s={search_term_string}\"},\"query-input\":{\"@type\":\"PropertyValueSpecification\",\"valueRequired\":true,\"valueName\":\"search_term_string\"}}],\"inLanguage\":\"fr-FR\"}]}<\/script>\n<!-- \/ Yoast SEO plugin. -->","yoast_head_json":{"title":"Machine de nettoyage int\u00e9rieur de f\u00fbts - m+f KEG-Technik & Co. KG","description":"Le MONOMAT est une machine de nettoyage int\u00e9rieur de f\u00fbts semi-automatique compos\u00e9e de tous les \u00e9l\u00e9ments \u00e9lectriques, \u00e9lectroniques et pneumatiques.","robots":{"index":"index","follow":"follow","max-snippet":"max-snippet:-1","max-image-preview":"max-image-preview:large","max-video-preview":"max-video-preview:-1"},"canonical":"https:\/\/www.mfkegtechnik.com\/fr\/nettoyage-interieur-futs\/","og_locale":"fr_FR","og_type":"article","og_title":"Machine de nettoyage int\u00e9rieur de f\u00fbts - m+f KEG-Technik & Co. KG","og_description":"Le MONOMAT est une machine de nettoyage int\u00e9rieur de f\u00fbts semi-automatique compos\u00e9e de tous les \u00e9l\u00e9ments \u00e9lectriques, \u00e9lectroniques et pneumatiques.","og_url":"https:\/\/www.mfkegtechnik.com\/fr\/nettoyage-interieur-futs\/","og_site_name":"m+f KEG-Technik GmbH &amp; Co. KG","article_modified_time":"2019-08-19T08:26:33+00:00","og_image":[{"url":"http:\/\/www.mfkegtechnik.com\/wp-content\/uploads\/2019\/05\/IMG_9230-200x300.jpg","type":"","width":"","height":""}],"twitter_card":"summary_large_image","twitter_misc":{"Dur\u00e9e de lecture estim\u00e9e":"2 minutes"},"schema":{"@context":"https:\/\/schema.org","@graph":[{"@type":"WebPage","@id":"https:\/\/www.mfkegtechnik.com\/fr\/nettoyage-interieur-futs\/","url":"https:\/\/www.mfkegtechnik.com\/fr\/nettoyage-interieur-futs\/","name":"Machine de nettoyage int\u00e9rieur de f\u00fbts - m+f KEG-Technik & Co. KG","isPartOf":{"@id":"https:\/\/www.mfkegtechnik.com\/fr\/#website"},"primaryImageOfPage":{"@id":"https:\/\/www.mfkegtechnik.com\/fr\/nettoyage-interieur-futs\/#primaryimage"},"image":{"@id":"https:\/\/www.mfkegtechnik.com\/fr\/nettoyage-interieur-futs\/#primaryimage"},"thumbnailUrl":"http:\/\/www.mfkegtechnik.com\/wp-content\/uploads\/2019\/05\/IMG_9230-200x300.jpg","datePublished":"2019-06-12T06:37:30+00:00","dateModified":"2019-08-19T08:26:33+00:00","description":"Le MONOMAT est une machine de nettoyage int\u00e9rieur de f\u00fbts semi-automatique compos\u00e9e de tous les \u00e9l\u00e9ments \u00e9lectriques, \u00e9lectroniques et pneumatiques.","breadcrumb":{"@id":"https:\/\/www.mfkegtechnik.com\/fr\/nettoyage-interieur-futs\/#breadcrumb"},"inLanguage":"fr-FR","potentialAction":[{"@type":"ReadAction","target":["https:\/\/www.mfkegtechnik.com\/fr\/nettoyage-interieur-futs\/"]}]},{"@type":"ImageObject","inLanguage":"fr-FR","@id":"https:\/\/www.mfkegtechnik.com\/fr\/nettoyage-interieur-futs\/#primaryimage","url":"http:\/\/www.mfkegtechnik.com\/wp-content\/uploads\/2019\/05\/IMG_9230-200x300.jpg","contentUrl":"http:\/\/www.mfkegtechnik.com\/wp-content\/uploads\/2019\/05\/IMG_9230-200x300.jpg"},{"@type":"BreadcrumbList","@id":"https:\/\/www.mfkegtechnik.com\/fr\/nettoyage-interieur-futs\/#breadcrumb","itemListElement":[{"@type":"ListItem","position":1,"name":"Accueil","item":"https:\/\/www.mfkegtechnik.com\/fr\/"},{"@type":"ListItem","position":2,"name":"Machine de nettoyage int\u00e9rieur de f\u00fbts"}]},{"@type":"WebSite","@id":"https:\/\/www.mfkegtechnik.com\/fr\/#website","url":"https:\/\/www.mfkegtechnik.com\/fr\/","name":"m+f KEG-Technik GmbH &amp; Co. KG","description":"We keep your KEGs clean !","potentialAction":[{"@type":"SearchAction","target":{"@type":"EntryPoint","urlTemplate":"https:\/\/www.mfkegtechnik.com\/fr\/?s={search_term_string}"},"query-input":{"@type":"PropertyValueSpecification","valueRequired":true,"valueName":"search_term_string"}}],"inLanguage":"fr-FR"}]}},"_links":{"self":[{"href":"https:\/\/www.mfkegtechnik.com\/fr\/wp-json\/wp\/v2\/pages\/2876","targetHints":{"allow":["GET"]}}],"collection":[{"href":"https:\/\/www.mfkegtechnik.com\/fr\/wp-json\/wp\/v2\/pages"}],"about":[{"href":"https:\/\/www.mfkegtechnik.com\/fr\/wp-json\/wp\/v2\/types\/page"}],"author":[{"embeddable":true,"href":"https:\/\/www.mfkegtechnik.com\/fr\/wp-json\/wp\/v2\/users\/2"}],"replies":[{"embeddable":true,"href":"https:\/\/www.mfkegtechnik.com\/fr\/wp-json\/wp\/v2\/comments?post=2876"}],"version-history":[{"count":0,"href":"https:\/\/www.mfkegtechnik.com\/fr\/wp-json\/wp\/v2\/pages\/2876\/revisions"}],"wp:attachment":[{"href":"https:\/\/www.mfkegtechnik.com\/fr\/wp-json\/wp\/v2\/media?parent=2876"}],"curies":[{"name":"wp","href":"https:\/\/api.w.org\/{rel}","templated":true}]}}