{"id":2877,"date":"2019-06-12T07:43:39","date_gmt":"2019-06-12T06:43:39","guid":{"rendered":"http:\/\/www.mfkegtechnik.com\/mediastation-solution\/"},"modified":"2019-08-30T12:49:16","modified_gmt":"2019-08-30T11:49:16","slug":"mediastation","status":"publish","type":"page","link":"https:\/\/www.mfkegtechnik.com\/fr\/mediastation\/","title":{"rendered":"Mediastation"},"content":{"rendered":"<div id=\"pl-2877\"  class=\"panel-layout\" ><div id=\"pg-2877-0\"  class=\"panel-grid panel-no-style\" ><div id=\"pgc-2877-0-0\"  class=\"panel-grid-cell\" ><div id=\"panel-2877-0-0-0\" class=\"so-panel widget widget_sow-headline panel-first-child\" data-index=\"0\" ><div\n\t\t\t\n\t\t\tclass=\"so-widget-sow-headline so-widget-sow-headline-default-09e8b5ce81e0-2877\"\n\t\t\t\n\t\t><div class=\"sow-headline-container \">\n\t\t\t\t\t\t\t<h1 class=\"sow-headline\">\n\t\t\t\t\t\tPr\u00e9sentation du MEDIASTATION\t\t\t\t\t\t<\/h1>\n\t\t\t\t\t\t\t\t\t\t\t<div class=\"decoration\">\n\t\t\t\t\t\t<div class=\"decoration-inside\"><\/div>\n\t\t\t\t\t<\/div>\n\t\t\t\t\t<\/div>\n<\/div><\/div><div id=\"panel-2877-0-0-1\" class=\"so-panel widget widget_sow-editor panel-last-child\" data-index=\"1\" ><div\n\t\t\t\n\t\t\tclass=\"so-widget-sow-editor so-widget-sow-editor-base\"\n\t\t\t\n\t\t>\n<div class=\"siteorigin-widget-tinymce textwidget\">\n\t<\/div>\n<\/div><\/div><\/div><\/div><div id=\"pg-2877-1\"  class=\"panel-grid panel-no-style\" ><div id=\"pgc-2877-1-0\"  class=\"panel-grid-cell\" ><div id=\"panel-2877-1-0-0\" class=\"so-panel widget widget_sow-image panel-first-child panel-last-child\" data-index=\"2\" ><div\n\t\t\t\n\t\t\tclass=\"so-widget-sow-image so-widget-sow-image-default-c67d20f9f743-2877\"\n\t\t\t\n\t\t>\n<div class=\"sow-image-container\">\n\t\t<img \n\tsrc=\"https:\/\/www.mfkegtechnik.com\/wp-content\/uploads\/2017\/01\/rsz_medienstation.jpg\" width=\"470\" height=\"205\" srcset=\"https:\/\/www.mfkegtechnik.com\/wp-content\/uploads\/2017\/01\/rsz_medienstation.jpg 470w, https:\/\/www.mfkegtechnik.com\/wp-content\/uploads\/2017\/01\/rsz_medienstation-300x131.jpg 300w\" sizes=\"(max-width: 470px) 100vw, 470px\" title=\"Mediastation\" alt=\"mediastation\" \t\tclass=\"so-widget-image\"\/>\n\t<\/div>\n\n<\/div><\/div><\/div><div id=\"pgc-2877-1-1\"  class=\"panel-grid-cell\" ><div id=\"panel-2877-1-1-0\" class=\"so-panel widget widget_sow-headline panel-first-child\" data-index=\"3\" ><div\n\t\t\t\n\t\t\tclass=\"so-widget-sow-headline so-widget-sow-headline-default-f16591bb046e-2877\"\n\t\t\t\n\t\t><div class=\"sow-headline-container \">\n\t\t\t\t\t\t\t<h1 class=\"sow-headline\">\n\t\t\t\t\t\tCARACT\u00c9RISTIQUES\t\t\t\t\t\t<\/h1>\n\t\t\t\t\t\t\t\t\t\t\t<div class=\"decoration\">\n\t\t\t\t\t\t<div class=\"decoration-inside\"><\/div>\n\t\t\t\t\t<\/div>\n\t\t\t\t\t<\/div>\n<\/div><\/div><div id=\"panel-2877-1-1-1\" class=\"so-panel widget widget_sow-editor\" data-index=\"4\" ><div\n\t\t\t\n\t\t\tclass=\"so-widget-sow-editor so-widget-sow-editor-base\"\n\t\t\t\n\t\t>\n<div class=\"siteorigin-widget-tinymce textwidget\">\n\t<h4><span style=\"color: #000000;\">Toutes <\/span>les substances telles que la vapeur, le CO2 ou l\u00b4air st\u00e9rile entrant en contact avec les f\u00fbts doivent \u00eatre filtr\u00e9es.<span style=\"color: #000000;\">De plus, la pression de ces substances doit \u00eatre r\u00e9duite pour \u00e9viter d\u00b4endommager les vannes et les raccords<\/span><\/h4>\n<h4><span style=\"color: #000000;\">Avec notre gamme compl\u00e8te du MEDIASTATION, vous obtenez tous les filtres et r\u00e9ducteurs appropri\u00e9s, combin\u00e9s \u00e0 des manom\u00e8tres pr\u00e9assembl\u00e9s sur un cadre en acier inoxydable<\/span><\/h4>\n<h4><span style=\"color: #000000;\">Par ailleurs, nous envoyons le Mediastation avant votre machine afin que votre technicien puisse pr\u00e9parer toute la tuyauterie en avance.<\/span><\/h4>\n<\/div>\n<\/div><\/div><div id=\"panel-2877-1-1-2\" class=\"so-panel widget widget_sow-headline\" data-index=\"5\" ><div\n\t\t\t\n\t\t\tclass=\"so-widget-sow-headline so-widget-sow-headline-default-f16591bb046e-2877\"\n\t\t\t\n\t\t><div class=\"sow-headline-container \">\n\t\t\t\t\t\t\t<h1 class=\"sow-headline\">\n\t\t\t\t\t\tAVANTAGES\t\t\t\t\t\t<\/h1>\n\t\t\t\t\t\t\t\t\t\t\t<div class=\"decoration\">\n\t\t\t\t\t\t<div class=\"decoration-inside\"><\/div>\n\t\t\t\t\t<\/div>\n\t\t\t\t\t<\/div>\n<\/div><\/div><div id=\"panel-2877-1-1-3\" class=\"so-panel widget widget_sow-editor\" data-index=\"6\" ><div\n\t\t\t\n\t\t\tclass=\"so-widget-sow-editor so-widget-sow-editor-base\"\n\t\t\t\n\t\t>\n<div class=\"siteorigin-widget-tinymce textwidget\">\n\t<h4 style=\"padding-left: 40px;\"><span style=\"color: #000000;\">Gain de temps<\/span><\/h4>\n<h4 style=\"padding-left: 40px;\">R\u00e9duction des pannes lors de l\u00b4installation et de la mise en service de la mach<span style=\"color: #000000;\">ine<\/span><\/h4>\n<\/div>\n<\/div><\/div><div id=\"panel-2877-1-1-4\" class=\"so-panel widget widget_sow-button panel-last-child\" data-index=\"7\" ><div\n\t\t\t\n\t\t\tclass=\"so-widget-sow-button so-widget-sow-button-atom-45a38d61cbbe-2877\"\n\t\t\t\n\t\t><div class=\"ow-button-base ow-button-align-center\"\n>\n\t\t\t<a\n\t\t\t\t\thref=\"https:\/\/www.mfkegtechnik.com\/fr\/contact\/\"\n\t\t\t\t\tclass=\"sowb-button ow-icon-placement-left ow-button-hover\" \t>\n\t\t<span>\n\t\t\t\n\t\t\tCONTACTEZ-NOUS\t\t<\/span>\n\t\t\t<\/a>\n\t<\/div>\n<\/div><\/div><\/div><\/div><\/div>","protected":false},"excerpt":{"rendered":"<p>Toutes les substances telles que la vapeur, le CO2 ou l\u00b4air st\u00e9rile entrant en contact avec les f\u00fbts doivent \u00eatre filtr\u00e9es.De plus, la pression de ces substances doit \u00eatre r\u00e9duite pour \u00e9viter d\u00b4endommager les vannes et les raccords Avec notre gamme compl\u00e8te du MEDIASTATION, vous obtenez tous les filtres et r\u00e9ducteurs appropri\u00e9s, combin\u00e9s \u00e0 des manom\u00e8tres pr\u00e9assembl\u00e9s sur un cadre en acier inoxydable Par ailleurs, nous envoyons le Mediastation avant &hellip;<a class=\"excerpt\" href=\"https:\/\/www.mfkegtechnik.com\/fr\/mediastation\/\">Read More<\/a><\/p>\n","protected":false},"author":2,"featured_media":0,"parent":0,"menu_order":0,"comment_status":"closed","ping_status":"closed","template":"","meta":{"footnotes":""},"class_list":["post-2877","page","type-page","status-publish","hentry"],"yoast_head":"<!-- This site is optimized with the Yoast SEO plugin v27.3 - https:\/\/yoast.com\/product\/yoast-seo-wordpress\/ -->\n<title>Mediastation - m+f KEG-Technik GmbH &amp; Co. KG<\/title>\n<meta name=\"description\" content=\"Avec notre gamme complete du MEDIASTATION vous obtenez tous les filtres et r\u00e9ducteurs pour filtrer les substances comme la vapeur, le CO2 et l\u00b4air st\u00e9rile.\" \/>\n<meta name=\"robots\" content=\"index, follow, max-snippet:-1, max-image-preview:large, max-video-preview:-1\" \/>\n<link rel=\"canonical\" href=\"https:\/\/www.mfkegtechnik.com\/fr\/mediastation\/\" \/>\n<meta property=\"og:locale\" content=\"fr_FR\" \/>\n<meta property=\"og:type\" content=\"article\" \/>\n<meta property=\"og:title\" content=\"Mediastation - m+f KEG-Technik GmbH &amp; Co. KG\" \/>\n<meta property=\"og:description\" content=\"Avec notre gamme complete du MEDIASTATION vous obtenez tous les filtres et r\u00e9ducteurs pour filtrer les substances comme la vapeur, le CO2 et l\u00b4air st\u00e9rile.\" \/>\n<meta property=\"og:url\" content=\"https:\/\/www.mfkegtechnik.com\/fr\/mediastation\/\" \/>\n<meta property=\"og:site_name\" content=\"m+f KEG-Technik GmbH &amp; Co. KG\" \/>\n<meta property=\"article:modified_time\" content=\"2019-08-30T11:49:16+00:00\" \/>\n<meta name=\"twitter:card\" content=\"summary_large_image\" \/>\n<meta name=\"twitter:label1\" content=\"Dur\u00e9e de lecture estim\u00e9e\" \/>\n\t<meta name=\"twitter:data1\" content=\"1 minute\" \/>\n<script type=\"application\/ld+json\" class=\"yoast-schema-graph\">{\"@context\":\"https:\\\/\\\/schema.org\",\"@graph\":[{\"@type\":\"WebPage\",\"@id\":\"https:\\\/\\\/www.mfkegtechnik.com\\\/fr\\\/mediastation\\\/\",\"url\":\"https:\\\/\\\/www.mfkegtechnik.com\\\/fr\\\/mediastation\\\/\",\"name\":\"Mediastation - m+f KEG-Technik GmbH &amp; Co. KG\",\"isPartOf\":{\"@id\":\"https:\\\/\\\/www.mfkegtechnik.com\\\/fr\\\/#website\"},\"datePublished\":\"2019-06-12T06:43:39+00:00\",\"dateModified\":\"2019-08-30T11:49:16+00:00\",\"description\":\"Avec notre gamme complete du MEDIASTATION vous obtenez tous les filtres et r\u00e9ducteurs pour filtrer les substances comme la vapeur, le CO2 et l\u00b4air st\u00e9rile.\",\"breadcrumb\":{\"@id\":\"https:\\\/\\\/www.mfkegtechnik.com\\\/fr\\\/mediastation\\\/#breadcrumb\"},\"inLanguage\":\"fr-FR\",\"potentialAction\":[{\"@type\":\"ReadAction\",\"target\":[\"https:\\\/\\\/www.mfkegtechnik.com\\\/fr\\\/mediastation\\\/\"]}]},{\"@type\":\"BreadcrumbList\",\"@id\":\"https:\\\/\\\/www.mfkegtechnik.com\\\/fr\\\/mediastation\\\/#breadcrumb\",\"itemListElement\":[{\"@type\":\"ListItem\",\"position\":1,\"name\":\"Accueil\",\"item\":\"https:\\\/\\\/www.mfkegtechnik.com\\\/fr\\\/\"},{\"@type\":\"ListItem\",\"position\":2,\"name\":\"Mediastation\"}]},{\"@type\":\"WebSite\",\"@id\":\"https:\\\/\\\/www.mfkegtechnik.com\\\/fr\\\/#website\",\"url\":\"https:\\\/\\\/www.mfkegtechnik.com\\\/fr\\\/\",\"name\":\"m+f KEG-Technik GmbH &amp; Co. KG\",\"description\":\"We keep your KEGs clean !\",\"potentialAction\":[{\"@type\":\"SearchAction\",\"target\":{\"@type\":\"EntryPoint\",\"urlTemplate\":\"https:\\\/\\\/www.mfkegtechnik.com\\\/fr\\\/?s={search_term_string}\"},\"query-input\":{\"@type\":\"PropertyValueSpecification\",\"valueRequired\":true,\"valueName\":\"search_term_string\"}}],\"inLanguage\":\"fr-FR\"}]}<\/script>\n<!-- \/ Yoast SEO plugin. -->","yoast_head_json":{"title":"Mediastation - m+f KEG-Technik GmbH &amp; Co. KG","description":"Avec notre gamme complete du MEDIASTATION vous obtenez tous les filtres et r\u00e9ducteurs pour filtrer les substances comme la vapeur, le CO2 et l\u00b4air st\u00e9rile.","robots":{"index":"index","follow":"follow","max-snippet":"max-snippet:-1","max-image-preview":"max-image-preview:large","max-video-preview":"max-video-preview:-1"},"canonical":"https:\/\/www.mfkegtechnik.com\/fr\/mediastation\/","og_locale":"fr_FR","og_type":"article","og_title":"Mediastation - m+f KEG-Technik GmbH &amp; Co. KG","og_description":"Avec notre gamme complete du MEDIASTATION vous obtenez tous les filtres et r\u00e9ducteurs pour filtrer les substances comme la vapeur, le CO2 et l\u00b4air st\u00e9rile.","og_url":"https:\/\/www.mfkegtechnik.com\/fr\/mediastation\/","og_site_name":"m+f KEG-Technik GmbH &amp; Co. KG","article_modified_time":"2019-08-30T11:49:16+00:00","twitter_card":"summary_large_image","twitter_misc":{"Dur\u00e9e de lecture estim\u00e9e":"1 minute"},"schema":{"@context":"https:\/\/schema.org","@graph":[{"@type":"WebPage","@id":"https:\/\/www.mfkegtechnik.com\/fr\/mediastation\/","url":"https:\/\/www.mfkegtechnik.com\/fr\/mediastation\/","name":"Mediastation - m+f KEG-Technik GmbH &amp; Co. KG","isPartOf":{"@id":"https:\/\/www.mfkegtechnik.com\/fr\/#website"},"datePublished":"2019-06-12T06:43:39+00:00","dateModified":"2019-08-30T11:49:16+00:00","description":"Avec notre gamme complete du MEDIASTATION vous obtenez tous les filtres et r\u00e9ducteurs pour filtrer les substances comme la vapeur, le CO2 et l\u00b4air st\u00e9rile.","breadcrumb":{"@id":"https:\/\/www.mfkegtechnik.com\/fr\/mediastation\/#breadcrumb"},"inLanguage":"fr-FR","potentialAction":[{"@type":"ReadAction","target":["https:\/\/www.mfkegtechnik.com\/fr\/mediastation\/"]}]},{"@type":"BreadcrumbList","@id":"https:\/\/www.mfkegtechnik.com\/fr\/mediastation\/#breadcrumb","itemListElement":[{"@type":"ListItem","position":1,"name":"Accueil","item":"https:\/\/www.mfkegtechnik.com\/fr\/"},{"@type":"ListItem","position":2,"name":"Mediastation"}]},{"@type":"WebSite","@id":"https:\/\/www.mfkegtechnik.com\/fr\/#website","url":"https:\/\/www.mfkegtechnik.com\/fr\/","name":"m+f KEG-Technik GmbH &amp; Co. KG","description":"We keep your KEGs clean !","potentialAction":[{"@type":"SearchAction","target":{"@type":"EntryPoint","urlTemplate":"https:\/\/www.mfkegtechnik.com\/fr\/?s={search_term_string}"},"query-input":{"@type":"PropertyValueSpecification","valueRequired":true,"valueName":"search_term_string"}}],"inLanguage":"fr-FR"}]}},"_links":{"self":[{"href":"https:\/\/www.mfkegtechnik.com\/fr\/wp-json\/wp\/v2\/pages\/2877","targetHints":{"allow":["GET"]}}],"collection":[{"href":"https:\/\/www.mfkegtechnik.com\/fr\/wp-json\/wp\/v2\/pages"}],"about":[{"href":"https:\/\/www.mfkegtechnik.com\/fr\/wp-json\/wp\/v2\/types\/page"}],"author":[{"embeddable":true,"href":"https:\/\/www.mfkegtechnik.com\/fr\/wp-json\/wp\/v2\/users\/2"}],"replies":[{"embeddable":true,"href":"https:\/\/www.mfkegtechnik.com\/fr\/wp-json\/wp\/v2\/comments?post=2877"}],"version-history":[{"count":0,"href":"https:\/\/www.mfkegtechnik.com\/fr\/wp-json\/wp\/v2\/pages\/2877\/revisions"}],"wp:attachment":[{"href":"https:\/\/www.mfkegtechnik.com\/fr\/wp-json\/wp\/v2\/media?parent=2877"}],"curies":[{"name":"wp","href":"https:\/\/api.w.org\/{rel}","templated":true}]}}