{"id":2878,"date":"2019-06-12T07:44:17","date_gmt":"2019-06-12T06:44:17","guid":{"rendered":"http:\/\/www.mfkegtechnik.com\/micromat-a-4-2\/"},"modified":"2019-08-13T07:42:31","modified_gmt":"2019-08-13T06:42:31","slug":"micromat-a-4-2","status":"publish","type":"page","link":"https:\/\/www.mfkegtechnik.com\/fr\/micromat-a-4-2\/","title":{"rendered":"MICROMAT A 4\/2"},"content":{"rendered":"<div id=\"pl-2878\"  class=\"panel-layout\" ><div id=\"pg-2878-0\"  class=\"panel-grid panel-no-style\" ><div id=\"pgc-2878-0-0\"  class=\"panel-grid-cell\" ><div id=\"panel-2878-0-0-0\" class=\"so-panel widget widget_sow-headline panel-first-child\" data-index=\"0\" ><div\n\t\t\t\n\t\t\tclass=\"so-widget-sow-headline so-widget-sow-headline-default-09e8b5ce81e0-2878\"\n\t\t\t\n\t\t><div class=\"sow-headline-container \">\n\t\t\t\t\t\t\t<h1 class=\"sow-headline\">\n\t\t\t\t\t\tPr\u00e9sentation du MICROMAT A 4\/2\t\t\t\t\t\t<\/h1>\n\t\t\t\t\t\t\t\t\t\t\t<div class=\"decoration\">\n\t\t\t\t\t\t<div class=\"decoration-inside\"><\/div>\n\t\t\t\t\t<\/div>\n\t\t\t\t\t<\/div>\n<\/div><\/div><div id=\"panel-2878-0-0-1\" class=\"so-panel widget widget_sow-editor panel-last-child\" data-index=\"1\" ><div\n\t\t\t\n\t\t\tclass=\"so-widget-sow-editor so-widget-sow-editor-base\"\n\t\t\t\n\t\t>\n<div class=\"siteorigin-widget-tinymce textwidget\">\n\t<\/div>\n<\/div><\/div><\/div><\/div><div id=\"pg-2878-1\"  class=\"panel-grid panel-no-style\" ><div id=\"pgc-2878-1-0\"  class=\"panel-grid-cell\" ><div id=\"panel-2878-1-0-0\" class=\"so-panel widget widget_sow-image panel-first-child panel-last-child\" data-index=\"2\" ><div\n\t\t\t\n\t\t\tclass=\"so-widget-sow-image so-widget-sow-image-default-c67d20f9f743-2878\"\n\t\t\t\n\t\t>\n<div class=\"sow-image-container\">\n\t\t<img \n\tsrc=\"https:\/\/www.mfkegtechnik.com\/wp-content\/uploads\/2017\/03\/MICROMAT_A_4-2.jpg\" width=\"917\" height=\"768\" srcset=\"https:\/\/www.mfkegtechnik.com\/wp-content\/uploads\/2017\/03\/MICROMAT_A_4-2.jpg 917w, https:\/\/www.mfkegtechnik.com\/wp-content\/uploads\/2017\/03\/MICROMAT_A_4-2-300x251.jpg 300w, https:\/\/www.mfkegtechnik.com\/wp-content\/uploads\/2017\/03\/MICROMAT_A_4-2-768x643.jpg 768w\" sizes=\"(max-width: 917px) 100vw, 917px\" title=\"MICROMAT A 4\/2\" alt=\"micromat-a-4-2-nettoyage-remplissage-futs\" \t\tclass=\"so-widget-image\"\/>\n\t<\/div>\n\n<\/div><\/div><\/div><div id=\"pgc-2878-1-1\"  class=\"panel-grid-cell\" ><div id=\"panel-2878-1-1-0\" class=\"so-panel widget widget_sow-headline panel-first-child\" data-index=\"3\" ><div\n\t\t\t\n\t\t\tclass=\"so-widget-sow-headline so-widget-sow-headline-default-f16591bb046e-2878\"\n\t\t\t\n\t\t><div class=\"sow-headline-container \">\n\t\t\t\t\t\t\t<h1 class=\"sow-headline\">\n\t\t\t\t\t\tCARACT\u00c9RISTIQUES\t\t\t\t\t\t<\/h1>\n\t\t\t\t\t\t\t\t\t\t\t<div class=\"decoration\">\n\t\t\t\t\t\t<div class=\"decoration-inside\"><\/div>\n\t\t\t\t\t<\/div>\n\t\t\t\t\t<\/div>\n<\/div><\/div><div id=\"panel-2878-1-1-1\" class=\"so-panel widget widget_sow-editor\" data-index=\"4\" ><div\n\t\t\t\n\t\t\tclass=\"so-widget-sow-editor so-widget-sow-editor-base\"\n\t\t\t\n\t\t>\n<div class=\"siteorigin-widget-tinymce textwidget\">\n\t<h4><span style=\"color: #000000;\">MICROMAT A 4\/2 est une machine de nettoyage int\u00e9rieur et de remplissage de f\u00fbts enti\u00e8rement automatique, qui peut \u00eatre \u00e9quip\u00e9e d\u00b4un balancier ou d\u00b4un convoyeur entra\u00een\u00e9 par cha\u00eenes.<\/span><\/h4>\n<h4><span style=\"color: #000000;\">Le logiciel de contr\u00f4le et le hardware permettent au processus de nettoyage et de remplissage de s\u00b4effectuer enti\u00e8rement automatiquement.<\/span><\/h4>\n<h4><span style=\"color: #000000;\">Le ch\u00e2ssis ainsi que d\u00b4autres \u00e9l\u00e9ments importants sont en acier inoxydable soud\u00e9.<\/span><\/h4>\n<h4>Notre machine r\u00e9pond aux normes les plus \u00e9lev\u00e9es pour le nettoyage et le remplissage de vos produits.<\/h4>\n<\/div>\n<\/div><\/div><div id=\"panel-2878-1-1-2\" class=\"so-panel widget widget_sow-headline\" data-index=\"5\" ><div\n\t\t\t\n\t\t\tclass=\"so-widget-sow-headline so-widget-sow-headline-default-f16591bb046e-2878\"\n\t\t\t\n\t\t><div class=\"sow-headline-container \">\n\t\t\t\t\t\t\t<h1 class=\"sow-headline\">\n\t\t\t\t\t\tDONN\u00c9ES TECHNIQUES\t\t\t\t\t\t<\/h1>\n\t\t\t\t\t\t\t\t\t\t\t<div class=\"decoration\">\n\t\t\t\t\t\t<div class=\"decoration-inside\"><\/div>\n\t\t\t\t\t<\/div>\n\t\t\t\t\t<\/div>\n<\/div><\/div><div id=\"panel-2878-1-1-3\" class=\"so-panel widget widget_sow-editor\" data-index=\"6\" ><div\n\t\t\t\n\t\t\tclass=\"so-widget-sow-editor so-widget-sow-editor-base\"\n\t\t\t\n\t\t>\n<div class=\"siteorigin-widget-tinymce textwidget\">\n\t<h4><span style=\"color: #ff6600;\"><strong>Cadence : 30-40 f\u00fbts\/h<\/strong><\/span><\/h4>\n<h4><span style=\"color: #000000;\"><strong>Stations :<\/strong> lavage int\u00e9rieur, rin\u00e7age, st\u00e9rilisation et remplissage<\/span><\/h4>\n<h4><span style=\"color: #000000;\"><strong>Dimensions :<\/strong> \u00a0\u00a0 <strong>Largeur (B)<\/strong> \u00a0 \u00a0 \u00a0 \u00a0 \u00a0 \u00a0 \u00a0 : <strong>1.100<\/strong> mm<\/span><\/h4>\n<h4><span style=\"color: #000000;\">\u00a0 \u00a0 \u00a0 \u00a0 \u00a0 \u00a0 \u00a0 \u00a0 \u00a0 \u00a0 \u00a0 \u00a0 \u00a0\u00a0 <strong>Longueur (L) \u00a0 \u00a0 <\/strong>\u00a0 \u00a0 \u00a0 \u00a0 : <strong>1.350<\/strong> mm<\/span><\/h4>\n<h4><span style=\"color: #000000;\">\u00a0 \u00a0 \u00a0 \u00a0 \u00a0 \u00a0 \u00a0 \u00a0 \u00a0 \u00a0 \u00a0 \u00a0 \u00a0\u00a0 <strong>Hauteur (H)<\/strong>\u00a0\u00a0\u00a0\u00a0\u00a0\u00a0\u00a0\u00a0\u00a0\u00a0\u00a0\u00a0\u00a0 : <strong>2.200<\/strong> mm +\/- <strong>50<\/strong><\/span><\/h4>\n<h4><span style=\"color: #000000;\"><strong>Tension :<\/strong> <strong>230\/400<\/strong>V, <strong>50<\/strong>Hz, <strong>3-phase<\/strong><\/span><\/h4>\n<\/div>\n<\/div><\/div><div id=\"panel-2878-1-1-4\" class=\"so-panel widget widget_sow-headline\" data-index=\"7\" ><div\n\t\t\t\n\t\t\tclass=\"so-widget-sow-headline so-widget-sow-headline-default-f16591bb046e-2878\"\n\t\t\t\n\t\t><div class=\"sow-headline-container \">\n\t\t\t\t\t\t\t<h1 class=\"sow-headline\">\n\t\t\t\t\t\tAVANTAGES\t\t\t\t\t\t<\/h1>\n\t\t\t\t\t\t\t\t\t\t\t<div class=\"decoration\">\n\t\t\t\t\t\t<div class=\"decoration-inside\"><\/div>\n\t\t\t\t\t<\/div>\n\t\t\t\t\t<\/div>\n<\/div><\/div><div id=\"panel-2878-1-1-5\" class=\"so-panel widget widget_sow-editor\" data-index=\"8\" ><div\n\t\t\t\n\t\t\tclass=\"so-widget-sow-editor so-widget-sow-editor-base\"\n\t\t\t\n\t\t>\n<div class=\"siteorigin-widget-tinymce textwidget\">\n\t<h4><span style=\"color: #000000;\">MICROMAT A 4\/2 est la solution id\u00e9ale si vous recherchez une machine de nettoyage et de remplissage automatique pour vos f\u00fbts. Voici quelques avantages de cette machine :<\/span><\/h4>\n<h4 style=\"padding-left: 40px;\">Totalement automatique<\/h4>\n<h4 style=\"padding-left: 40px;\">Simple d\u00b4utilisation<\/h4>\n<h4 style=\"padding-left: 40px;\"><span style=\"color: #000000;\">Acier inoxydable<\/span><\/h4>\n<\/div>\n<\/div><\/div><div id=\"panel-2878-1-1-6\" class=\"so-panel widget widget_sow-button panel-last-child\" data-index=\"9\" ><div\n\t\t\t\n\t\t\tclass=\"so-widget-sow-button so-widget-sow-button-atom-45a38d61cbbe-2878\"\n\t\t\t\n\t\t><div class=\"ow-button-base ow-button-align-center\"\n>\n\t\t\t<a\n\t\t\t\t\thref=\"http:\/\/www.mfkegtechnik.com\/wp-content\/uploads\/2019\/07\/Micromat-A42-FR.pdf\"\n\t\t\t\t\tclass=\"sowb-button ow-icon-placement-left ow-button-hover\" target=\"_blank\" rel=\"noopener noreferrer\" \t>\n\t\t<span>\n\t\t\t\n\t\t\tT\u00e9l\u00e9charger la fiche technique (PDF)\t\t<\/span>\n\t\t\t<\/a>\n\t<\/div>\n<\/div><\/div><\/div><\/div><\/div>","protected":false},"excerpt":{"rendered":"<p>MICROMAT A 4\/2 est une machine de nettoyage int\u00e9rieur et de remplissage de f\u00fbts enti\u00e8rement automatique, qui peut \u00eatre \u00e9quip\u00e9e d\u00b4un balancier ou d\u00b4un convoyeur entra\u00een\u00e9 par cha\u00eenes. Le logiciel de contr\u00f4le et le hardware permettent au processus de nettoyage et de remplissage de s\u00b4effectuer enti\u00e8rement automatiquement. Le ch\u00e2ssis ainsi que d\u00b4autres \u00e9l\u00e9ments importants sont en acier inoxydable soud\u00e9. Notre machine r\u00e9pond aux normes les plus \u00e9lev\u00e9es pour le nettoyage &hellip;<a class=\"excerpt\" href=\"https:\/\/www.mfkegtechnik.com\/fr\/micromat-a-4-2\/\">Read More<\/a><\/p>\n","protected":false},"author":2,"featured_media":0,"parent":0,"menu_order":0,"comment_status":"closed","ping_status":"closed","template":"","meta":{"footnotes":""},"class_list":["post-2878","page","type-page","status-publish","hentry"],"yoast_head":"<!-- This site is optimized with the Yoast SEO plugin v27.3 - https:\/\/yoast.com\/product\/yoast-seo-wordpress\/ -->\n<title>MICROMAT A 4\/2 - m+f KEG-Technik GmbH &amp; Co. KG<\/title>\n<meta name=\"description\" content=\"Le MICROMAT A 4\/2 est une machine de nettoyage int\u00e9rieur et de remplissage de f\u00fbts enti\u00e8rement automatique avec une capacit\u00e9 de 30-40 f\u00fbts\/h.\" \/>\n<meta name=\"robots\" content=\"index, follow, max-snippet:-1, max-image-preview:large, max-video-preview:-1\" \/>\n<link rel=\"canonical\" href=\"https:\/\/www.mfkegtechnik.com\/fr\/micromat-a-4-2\/\" \/>\n<meta property=\"og:locale\" content=\"fr_FR\" \/>\n<meta property=\"og:type\" content=\"article\" \/>\n<meta property=\"og:title\" content=\"MICROMAT A 4\/2 - m+f KEG-Technik GmbH &amp; Co. KG\" \/>\n<meta property=\"og:description\" content=\"Le MICROMAT A 4\/2 est une machine de nettoyage int\u00e9rieur et de remplissage de f\u00fbts enti\u00e8rement automatique avec une capacit\u00e9 de 30-40 f\u00fbts\/h.\" \/>\n<meta property=\"og:url\" content=\"https:\/\/www.mfkegtechnik.com\/fr\/micromat-a-4-2\/\" \/>\n<meta property=\"og:site_name\" content=\"m+f KEG-Technik GmbH &amp; Co. KG\" \/>\n<meta property=\"article:modified_time\" content=\"2019-08-13T06:42:31+00:00\" \/>\n<meta name=\"twitter:card\" content=\"summary_large_image\" \/>\n<meta name=\"twitter:label1\" content=\"Dur\u00e9e de lecture estim\u00e9e\" \/>\n\t<meta name=\"twitter:data1\" content=\"1 minute\" \/>\n<script type=\"application\/ld+json\" class=\"yoast-schema-graph\">{\"@context\":\"https:\\\/\\\/schema.org\",\"@graph\":[{\"@type\":\"WebPage\",\"@id\":\"https:\\\/\\\/www.mfkegtechnik.com\\\/fr\\\/micromat-a-4-2\\\/\",\"url\":\"https:\\\/\\\/www.mfkegtechnik.com\\\/fr\\\/micromat-a-4-2\\\/\",\"name\":\"MICROMAT A 4\\\/2 - m+f KEG-Technik GmbH &amp; Co. KG\",\"isPartOf\":{\"@id\":\"https:\\\/\\\/www.mfkegtechnik.com\\\/fr\\\/#website\"},\"datePublished\":\"2019-06-12T06:44:17+00:00\",\"dateModified\":\"2019-08-13T06:42:31+00:00\",\"description\":\"Le MICROMAT A 4\\\/2 est une machine de nettoyage int\u00e9rieur et de remplissage de f\u00fbts enti\u00e8rement automatique avec une capacit\u00e9 de 30-40 f\u00fbts\\\/h.\",\"breadcrumb\":{\"@id\":\"https:\\\/\\\/www.mfkegtechnik.com\\\/fr\\\/micromat-a-4-2\\\/#breadcrumb\"},\"inLanguage\":\"fr-FR\",\"potentialAction\":[{\"@type\":\"ReadAction\",\"target\":[\"https:\\\/\\\/www.mfkegtechnik.com\\\/fr\\\/micromat-a-4-2\\\/\"]}]},{\"@type\":\"BreadcrumbList\",\"@id\":\"https:\\\/\\\/www.mfkegtechnik.com\\\/fr\\\/micromat-a-4-2\\\/#breadcrumb\",\"itemListElement\":[{\"@type\":\"ListItem\",\"position\":1,\"name\":\"Accueil\",\"item\":\"https:\\\/\\\/www.mfkegtechnik.com\\\/fr\\\/\"},{\"@type\":\"ListItem\",\"position\":2,\"name\":\"MICROMAT A 4\\\/2\"}]},{\"@type\":\"WebSite\",\"@id\":\"https:\\\/\\\/www.mfkegtechnik.com\\\/fr\\\/#website\",\"url\":\"https:\\\/\\\/www.mfkegtechnik.com\\\/fr\\\/\",\"name\":\"m+f KEG-Technik GmbH &amp; Co. KG\",\"description\":\"We keep your KEGs clean !\",\"potentialAction\":[{\"@type\":\"SearchAction\",\"target\":{\"@type\":\"EntryPoint\",\"urlTemplate\":\"https:\\\/\\\/www.mfkegtechnik.com\\\/fr\\\/?s={search_term_string}\"},\"query-input\":{\"@type\":\"PropertyValueSpecification\",\"valueRequired\":true,\"valueName\":\"search_term_string\"}}],\"inLanguage\":\"fr-FR\"}]}<\/script>\n<!-- \/ Yoast SEO plugin. -->","yoast_head_json":{"title":"MICROMAT A 4\/2 - m+f KEG-Technik GmbH &amp; Co. KG","description":"Le MICROMAT A 4\/2 est une machine de nettoyage int\u00e9rieur et de remplissage de f\u00fbts enti\u00e8rement automatique avec une capacit\u00e9 de 30-40 f\u00fbts\/h.","robots":{"index":"index","follow":"follow","max-snippet":"max-snippet:-1","max-image-preview":"max-image-preview:large","max-video-preview":"max-video-preview:-1"},"canonical":"https:\/\/www.mfkegtechnik.com\/fr\/micromat-a-4-2\/","og_locale":"fr_FR","og_type":"article","og_title":"MICROMAT A 4\/2 - m+f KEG-Technik GmbH &amp; Co. KG","og_description":"Le MICROMAT A 4\/2 est une machine de nettoyage int\u00e9rieur et de remplissage de f\u00fbts enti\u00e8rement automatique avec une capacit\u00e9 de 30-40 f\u00fbts\/h.","og_url":"https:\/\/www.mfkegtechnik.com\/fr\/micromat-a-4-2\/","og_site_name":"m+f KEG-Technik GmbH &amp; Co. KG","article_modified_time":"2019-08-13T06:42:31+00:00","twitter_card":"summary_large_image","twitter_misc":{"Dur\u00e9e de lecture estim\u00e9e":"1 minute"},"schema":{"@context":"https:\/\/schema.org","@graph":[{"@type":"WebPage","@id":"https:\/\/www.mfkegtechnik.com\/fr\/micromat-a-4-2\/","url":"https:\/\/www.mfkegtechnik.com\/fr\/micromat-a-4-2\/","name":"MICROMAT A 4\/2 - m+f KEG-Technik GmbH &amp; Co. KG","isPartOf":{"@id":"https:\/\/www.mfkegtechnik.com\/fr\/#website"},"datePublished":"2019-06-12T06:44:17+00:00","dateModified":"2019-08-13T06:42:31+00:00","description":"Le MICROMAT A 4\/2 est une machine de nettoyage int\u00e9rieur et de remplissage de f\u00fbts enti\u00e8rement automatique avec une capacit\u00e9 de 30-40 f\u00fbts\/h.","breadcrumb":{"@id":"https:\/\/www.mfkegtechnik.com\/fr\/micromat-a-4-2\/#breadcrumb"},"inLanguage":"fr-FR","potentialAction":[{"@type":"ReadAction","target":["https:\/\/www.mfkegtechnik.com\/fr\/micromat-a-4-2\/"]}]},{"@type":"BreadcrumbList","@id":"https:\/\/www.mfkegtechnik.com\/fr\/micromat-a-4-2\/#breadcrumb","itemListElement":[{"@type":"ListItem","position":1,"name":"Accueil","item":"https:\/\/www.mfkegtechnik.com\/fr\/"},{"@type":"ListItem","position":2,"name":"MICROMAT A 4\/2"}]},{"@type":"WebSite","@id":"https:\/\/www.mfkegtechnik.com\/fr\/#website","url":"https:\/\/www.mfkegtechnik.com\/fr\/","name":"m+f KEG-Technik GmbH &amp; Co. KG","description":"We keep your KEGs clean !","potentialAction":[{"@type":"SearchAction","target":{"@type":"EntryPoint","urlTemplate":"https:\/\/www.mfkegtechnik.com\/fr\/?s={search_term_string}"},"query-input":{"@type":"PropertyValueSpecification","valueRequired":true,"valueName":"search_term_string"}}],"inLanguage":"fr-FR"}]}},"_links":{"self":[{"href":"https:\/\/www.mfkegtechnik.com\/fr\/wp-json\/wp\/v2\/pages\/2878","targetHints":{"allow":["GET"]}}],"collection":[{"href":"https:\/\/www.mfkegtechnik.com\/fr\/wp-json\/wp\/v2\/pages"}],"about":[{"href":"https:\/\/www.mfkegtechnik.com\/fr\/wp-json\/wp\/v2\/types\/page"}],"author":[{"embeddable":true,"href":"https:\/\/www.mfkegtechnik.com\/fr\/wp-json\/wp\/v2\/users\/2"}],"replies":[{"embeddable":true,"href":"https:\/\/www.mfkegtechnik.com\/fr\/wp-json\/wp\/v2\/comments?post=2878"}],"version-history":[{"count":0,"href":"https:\/\/www.mfkegtechnik.com\/fr\/wp-json\/wp\/v2\/pages\/2878\/revisions"}],"wp:attachment":[{"href":"https:\/\/www.mfkegtechnik.com\/fr\/wp-json\/wp\/v2\/media?parent=2878"}],"curies":[{"name":"wp","href":"https:\/\/api.w.org\/{rel}","templated":true}]}}