{"id":2879,"date":"2019-06-12T07:45:27","date_gmt":"2019-06-12T06:45:27","guid":{"rendered":"http:\/\/www.mfkegtechnik.com\/micromat-m-2-2-b\/"},"modified":"2019-08-13T07:31:02","modified_gmt":"2019-08-13T06:31:02","slug":"micromat-m-2-2-b","status":"publish","type":"page","link":"https:\/\/www.mfkegtechnik.com\/fr\/micromat-m-2-2-b\/","title":{"rendered":"MICROMAT M 2\/2-b"},"content":{"rendered":"<div id=\"pl-2879\"  class=\"panel-layout\" ><div id=\"pg-2879-0\"  class=\"panel-grid panel-no-style\" ><div id=\"pgc-2879-0-0\"  class=\"panel-grid-cell\" ><div id=\"panel-2879-0-0-0\" class=\"so-panel widget widget_sow-headline panel-first-child\" data-index=\"0\" ><div\n\t\t\t\n\t\t\tclass=\"so-widget-sow-headline so-widget-sow-headline-default-09e8b5ce81e0-2879\"\n\t\t\t\n\t\t><div class=\"sow-headline-container \">\n\t\t\t\t\t\t\t<h1 class=\"sow-headline\">\n\t\t\t\t\t\tPr\u00e9sentation du MICROMAT M 2\/2-b\t\t\t\t\t\t<\/h1>\n\t\t\t\t\t\t\t\t\t\t\t<div class=\"decoration\">\n\t\t\t\t\t\t<div class=\"decoration-inside\"><\/div>\n\t\t\t\t\t<\/div>\n\t\t\t\t\t<\/div>\n<\/div><\/div><div id=\"panel-2879-0-0-1\" class=\"so-panel widget widget_sow-editor panel-last-child\" data-index=\"1\" ><div\n\t\t\t\n\t\t\tclass=\"so-widget-sow-editor so-widget-sow-editor-base\"\n\t\t\t\n\t\t>\n<div class=\"siteorigin-widget-tinymce textwidget\">\n\t<\/div>\n<\/div><\/div><\/div><\/div><div id=\"pg-2879-1\"  class=\"panel-grid panel-no-style\" ><div id=\"pgc-2879-1-0\"  class=\"panel-grid-cell\" ><div id=\"panel-2879-1-0-0\" class=\"so-panel widget widget_sow-image panel-first-child\" data-index=\"2\" ><div\n\t\t\t\n\t\t\tclass=\"so-widget-sow-image so-widget-sow-image-default-c67d20f9f743-2879\"\n\t\t\t\n\t\t>\n<div class=\"sow-image-container\">\n\t\t<img \n\tsrc=\"https:\/\/www.mfkegtechnik.com\/wp-content\/uploads\/2017\/03\/Micromat-M2_2-b-web.jpg\" width=\"732\" height=\"1024\" srcset=\"https:\/\/www.mfkegtechnik.com\/wp-content\/uploads\/2017\/03\/Micromat-M2_2-b-web.jpg 732w, https:\/\/www.mfkegtechnik.com\/wp-content\/uploads\/2017\/03\/Micromat-M2_2-b-web-214x300.jpg 214w\" sizes=\"(max-width: 732px) 100vw, 732px\" title=\"Micromat M2_2 b\" alt=\"micromat-m-2-2-b\" \t\tclass=\"so-widget-image\"\/>\n\t<\/div>\n\n<\/div><\/div><div id=\"panel-2879-1-0-1\" class=\"so-panel widget widget_sow-button panel-last-child\" data-index=\"3\" ><div\n\t\t\t\n\t\t\tclass=\"so-widget-sow-button so-widget-sow-button-atom-4e01ecc3807f-2879\"\n\t\t\t\n\t\t><div class=\"ow-button-base ow-button-align-center\"\n>\n\t\t\t<a\n\t\t\t\t\thref=\"https:\/\/www.dropbox.com\/s\/1dc1ts9xt4vvr1q\/MICROMAT%2022-b%20Aan%20de%20Gracht.mov?dl=0\"\n\t\t\t\t\tclass=\"sowb-button ow-icon-placement-left ow-button-hover\" target=\"_blank\" rel=\"noopener noreferrer\" \t>\n\t\t<span>\n\t\t\t\n\t\t\tVisionner la vid\u00e9o de d\u00e9monstration\t\t<\/span>\n\t\t\t<\/a>\n\t<\/div>\n<\/div><\/div><\/div><div id=\"pgc-2879-1-1\"  class=\"panel-grid-cell\" ><div id=\"panel-2879-1-1-0\" class=\"so-panel widget widget_sow-headline panel-first-child\" data-index=\"4\" ><div\n\t\t\t\n\t\t\tclass=\"so-widget-sow-headline so-widget-sow-headline-default-f16591bb046e-2879\"\n\t\t\t\n\t\t><div class=\"sow-headline-container \">\n\t\t\t\t\t\t\t<h1 class=\"sow-headline\">\n\t\t\t\t\t\tCARACT\u00c9RISTIQUES\t\t\t\t\t\t<\/h1>\n\t\t\t\t\t\t\t\t\t\t\t<div class=\"decoration\">\n\t\t\t\t\t\t<div class=\"decoration-inside\"><\/div>\n\t\t\t\t\t<\/div>\n\t\t\t\t\t<\/div>\n<\/div><\/div><div id=\"panel-2879-1-1-1\" class=\"so-panel widget widget_sow-editor\" data-index=\"5\" ><div\n\t\t\t\n\t\t\tclass=\"so-widget-sow-editor so-widget-sow-editor-base\"\n\t\t\t\n\t\t>\n<div class=\"siteorigin-widget-tinymce textwidget\">\n\t<h4><span style=\"color: #000000;\">MICROMAT M 2\/2-b est une machine semi-automatique de nettoyage int\u00e9rieur et de remplissage de f\u00fbts \u00e9quip\u00e9e d\u00b4une plate-forme \u00e9l\u00e9vatrice.<\/span><\/h4>\n<h4><span style=\"color: #000000;\">Gr\u00e2ce aux programmes de contr\u00f4le et au hardware int\u00e9gr\u00e9s, le processus de nettoyage et de remplissage est enti\u00e8rement automatis\u00e9.<\/span><\/h4>\n<h4><span style=\"color: #000000;\"> Dans les options, vous pouvez choisir entre le nettoyage caustique et le nettoyage acide.<\/span><\/h4>\n<h4><span style=\"color: #000000;\">La majorit\u00e9 des composants sont en acier inoxydable, permettant ainsi une r\u00e9sistance \u00e0 la corrosion et des propri\u00e9t\u00e9s tr\u00e8s hygi\u00e9niques.<\/span><\/h4>\n<\/div>\n<\/div><\/div><div id=\"panel-2879-1-1-2\" class=\"so-panel widget widget_sow-headline\" data-index=\"6\" ><div\n\t\t\t\n\t\t\tclass=\"so-widget-sow-headline so-widget-sow-headline-default-f16591bb046e-2879\"\n\t\t\t\n\t\t><div class=\"sow-headline-container \">\n\t\t\t\t\t\t\t<h1 class=\"sow-headline\">\n\t\t\t\t\t\tDONN\u00c9ES TECHNIQUES\t\t\t\t\t\t<\/h1>\n\t\t\t\t\t\t\t\t\t\t\t<div class=\"decoration\">\n\t\t\t\t\t\t<div class=\"decoration-inside\"><\/div>\n\t\t\t\t\t<\/div>\n\t\t\t\t\t<\/div>\n<\/div><\/div><div id=\"panel-2879-1-1-3\" class=\"so-panel widget widget_sow-editor\" data-index=\"7\" ><div\n\t\t\t\n\t\t\tclass=\"so-widget-sow-editor so-widget-sow-editor-base\"\n\t\t\t\n\t\t>\n<div class=\"siteorigin-widget-tinymce textwidget\">\n\t<h4><span style=\"color: #ff6600;\"><strong>Cadence : 20 - 35 f\u00fbts\/h<\/strong><\/span><\/h4>\n<h4><span style=\"color: #000000;\"><strong>Stations :<\/strong> lavage int\u00e9rieur, rin\u00e7age, st\u00e9rilisation et remplissage<\/span><\/h4>\n<h4><span style=\"color: #000000;\"><strong>Dimensions :<\/strong> \u00a0 \u00a0 <strong>Largeur (B) \u00a0 \u00a0<\/strong> \u00a0 \u00a0 \u00a0 \u00a0 \u00a0 : <strong>1.100<\/strong> mm<\/span><\/h4>\n<h4><span style=\"color: #000000;\">\u00a0 \u00a0 \u00a0 \u00a0 \u00a0 \u00a0 \u00a0 \u00a0 \u00a0 \u00a0 \u00a0 \u00a0 \u00a0 \u00a0\u00a0 <strong>Longueur (L) \u00a0 <\/strong>\u00a0 \u00a0 \u00a0 \u00a0 \u00a0 : <strong>1.350<\/strong> mm<\/span><\/h4>\n<h4><span style=\"color: #000000;\">\u00a0 \u00a0 \u00a0 \u00a0 \u00a0 \u00a0 \u00a0 \u00a0 \u00a0 \u00a0 \u00a0 \u00a0 \u00a0 \u00a0\u00a0 <strong>Hauteur (H)\u00a0\u00a0<\/strong>\u00a0\u00a0\u00a0\u00a0\u00a0\u00a0\u00a0\u00a0\u00a0\u00a0\u00a0 : <strong>2.200<\/strong> mm +\/- <strong>50<\/strong><\/span><\/h4>\n<h4><span style=\"color: #000000;\"><strong>Tensions :<\/strong> <strong>230\/400<\/strong>V, <strong>50<\/strong>Hz, <strong>3-phase<\/strong><\/span><\/h4>\n<\/div>\n<\/div><\/div><div id=\"panel-2879-1-1-4\" class=\"so-panel widget widget_sow-headline\" data-index=\"8\" ><div\n\t\t\t\n\t\t\tclass=\"so-widget-sow-headline so-widget-sow-headline-default-f16591bb046e-2879\"\n\t\t\t\n\t\t><div class=\"sow-headline-container \">\n\t\t\t\t\t\t\t<h1 class=\"sow-headline\">\n\t\t\t\t\t\tAVANTAGES\t\t\t\t\t\t<\/h1>\n\t\t\t\t\t\t\t\t\t\t\t<div class=\"decoration\">\n\t\t\t\t\t\t<div class=\"decoration-inside\"><\/div>\n\t\t\t\t\t<\/div>\n\t\t\t\t\t<\/div>\n<\/div><\/div><div id=\"panel-2879-1-1-5\" class=\"so-panel widget widget_sow-editor\" data-index=\"9\" ><div\n\t\t\t\n\t\t\tclass=\"so-widget-sow-editor so-widget-sow-editor-base\"\n\t\t\t\n\t\t>\n<div class=\"siteorigin-widget-tinymce textwidget\">\n\t<h4><span style=\"color: #000000;\">MICROMAT M 2\/2-b est la meilleure solution pour le nettoyage de f\u00fbts et l\u00b4enf\u00fbtage. D\u00e9couvrez quelques-uns de ses avantages\u00a0:<\/span><\/h4>\n<h4 style=\"padding-left: 40px;\"><span style=\"color: #000000;\">Facile d\u00b4utilisation<\/span><\/h4>\n<h4 style=\"padding-left: 40px;\"><span style=\"color: #000000;\">Ch\u00e2ssis en acier inoxydable<\/span><\/h4>\n<h4 style=\"padding-left: 40px;\"><span style=\"color: #000000;\">Peut g\u00e9rer 2 f\u00fbts \u00e0 la fois<\/span><\/h4>\n<\/div>\n<\/div><\/div><div id=\"panel-2879-1-1-6\" class=\"so-panel widget widget_sow-button panel-last-child\" data-index=\"10\" ><div\n\t\t\t\n\t\t\tclass=\"so-widget-sow-button so-widget-sow-button-atom-45a38d61cbbe-2879\"\n\t\t\t\n\t\t><div class=\"ow-button-base ow-button-align-center\"\n>\n\t\t\t<a\n\t\t\t\t\thref=\"http:\/\/www.mfkegtechnik.com\/wp-content\/uploads\/2019\/08\/MICROMAT_22B.pdf\"\n\t\t\t\t\tclass=\"sowb-button ow-icon-placement-left ow-button-hover\" target=\"_blank\" rel=\"noopener noreferrer\" \t>\n\t\t<span>\n\t\t\t\n\t\t\tT\u00e9l\u00e9charger la fiche technique (PDF)\t\t<\/span>\n\t\t\t<\/a>\n\t<\/div>\n<\/div><\/div><\/div><\/div><\/div>","protected":false},"excerpt":{"rendered":"<p>MICROMAT M 2\/2-b est une machine semi-automatique de nettoyage int\u00e9rieur et de remplissage de f\u00fbts \u00e9quip\u00e9e d\u00b4une plate-forme \u00e9l\u00e9vatrice. Gr\u00e2ce aux programmes de contr\u00f4le et au hardware int\u00e9gr\u00e9s, le processus de nettoyage et de remplissage est enti\u00e8rement automatis\u00e9. Dans les options, vous pouvez choisir entre le nettoyage caustique et le nettoyage acide. La majorit\u00e9 des composants sont en acier inoxydable, permettant ainsi une r\u00e9sistance \u00e0 la corrosion et des propri\u00e9t\u00e9s &hellip;<a class=\"excerpt\" href=\"https:\/\/www.mfkegtechnik.com\/fr\/micromat-m-2-2-b\/\">Read More<\/a><\/p>\n","protected":false},"author":2,"featured_media":0,"parent":0,"menu_order":0,"comment_status":"closed","ping_status":"closed","template":"","meta":{"footnotes":""},"class_list":["post-2879","page","type-page","status-publish","hentry"],"yoast_head":"<!-- This site is optimized with the Yoast SEO plugin v27.3 - https:\/\/yoast.com\/product\/yoast-seo-wordpress\/ -->\n<title>MICROMAT M 2\/2-b - m+f KEG-Technik GmbH &amp; Co. KG<\/title>\n<meta name=\"description\" content=\"Le MICROMAT M 2\/2-b est une machine semi-automatique de nettoyage int\u00e9rieur et de remplissage de f\u00fbts d\u00b4une capacit\u00e9 de 20-35 f\u00fbts\/h.\" \/>\n<meta name=\"robots\" content=\"index, follow, max-snippet:-1, max-image-preview:large, max-video-preview:-1\" \/>\n<link rel=\"canonical\" href=\"https:\/\/www.mfkegtechnik.com\/fr\/micromat-m-2-2-b\/\" \/>\n<meta property=\"og:locale\" content=\"fr_FR\" \/>\n<meta property=\"og:type\" content=\"article\" \/>\n<meta property=\"og:title\" content=\"MICROMAT M 2\/2-b - m+f KEG-Technik GmbH &amp; Co. KG\" \/>\n<meta property=\"og:description\" content=\"Le MICROMAT M 2\/2-b est une machine semi-automatique de nettoyage int\u00e9rieur et de remplissage de f\u00fbts d\u00b4une capacit\u00e9 de 20-35 f\u00fbts\/h.\" \/>\n<meta property=\"og:url\" content=\"https:\/\/www.mfkegtechnik.com\/fr\/micromat-m-2-2-b\/\" \/>\n<meta property=\"og:site_name\" content=\"m+f KEG-Technik GmbH &amp; Co. KG\" \/>\n<meta property=\"article:modified_time\" content=\"2019-08-13T06:31:02+00:00\" \/>\n<meta name=\"twitter:card\" content=\"summary_large_image\" \/>\n<meta name=\"twitter:label1\" content=\"Dur\u00e9e de lecture estim\u00e9e\" \/>\n\t<meta name=\"twitter:data1\" content=\"1 minute\" \/>\n<script type=\"application\/ld+json\" class=\"yoast-schema-graph\">{\"@context\":\"https:\\\/\\\/schema.org\",\"@graph\":[{\"@type\":\"WebPage\",\"@id\":\"https:\\\/\\\/www.mfkegtechnik.com\\\/fr\\\/micromat-m-2-2-b\\\/\",\"url\":\"https:\\\/\\\/www.mfkegtechnik.com\\\/fr\\\/micromat-m-2-2-b\\\/\",\"name\":\"MICROMAT M 2\\\/2-b - m+f KEG-Technik GmbH &amp; Co. KG\",\"isPartOf\":{\"@id\":\"https:\\\/\\\/www.mfkegtechnik.com\\\/fr\\\/#website\"},\"datePublished\":\"2019-06-12T06:45:27+00:00\",\"dateModified\":\"2019-08-13T06:31:02+00:00\",\"description\":\"Le MICROMAT M 2\\\/2-b est une machine semi-automatique de nettoyage int\u00e9rieur et de remplissage de f\u00fbts d\u00b4une capacit\u00e9 de 20-35 f\u00fbts\\\/h.\",\"breadcrumb\":{\"@id\":\"https:\\\/\\\/www.mfkegtechnik.com\\\/fr\\\/micromat-m-2-2-b\\\/#breadcrumb\"},\"inLanguage\":\"fr-FR\",\"potentialAction\":[{\"@type\":\"ReadAction\",\"target\":[\"https:\\\/\\\/www.mfkegtechnik.com\\\/fr\\\/micromat-m-2-2-b\\\/\"]}]},{\"@type\":\"BreadcrumbList\",\"@id\":\"https:\\\/\\\/www.mfkegtechnik.com\\\/fr\\\/micromat-m-2-2-b\\\/#breadcrumb\",\"itemListElement\":[{\"@type\":\"ListItem\",\"position\":1,\"name\":\"Accueil\",\"item\":\"https:\\\/\\\/www.mfkegtechnik.com\\\/fr\\\/\"},{\"@type\":\"ListItem\",\"position\":2,\"name\":\"MICROMAT M 2\\\/2-b\"}]},{\"@type\":\"WebSite\",\"@id\":\"https:\\\/\\\/www.mfkegtechnik.com\\\/fr\\\/#website\",\"url\":\"https:\\\/\\\/www.mfkegtechnik.com\\\/fr\\\/\",\"name\":\"m+f KEG-Technik GmbH &amp; Co. KG\",\"description\":\"We keep your KEGs clean !\",\"potentialAction\":[{\"@type\":\"SearchAction\",\"target\":{\"@type\":\"EntryPoint\",\"urlTemplate\":\"https:\\\/\\\/www.mfkegtechnik.com\\\/fr\\\/?s={search_term_string}\"},\"query-input\":{\"@type\":\"PropertyValueSpecification\",\"valueRequired\":true,\"valueName\":\"search_term_string\"}}],\"inLanguage\":\"fr-FR\"}]}<\/script>\n<!-- \/ Yoast SEO plugin. -->","yoast_head_json":{"title":"MICROMAT M 2\/2-b - m+f KEG-Technik GmbH &amp; Co. KG","description":"Le MICROMAT M 2\/2-b est une machine semi-automatique de nettoyage int\u00e9rieur et de remplissage de f\u00fbts d\u00b4une capacit\u00e9 de 20-35 f\u00fbts\/h.","robots":{"index":"index","follow":"follow","max-snippet":"max-snippet:-1","max-image-preview":"max-image-preview:large","max-video-preview":"max-video-preview:-1"},"canonical":"https:\/\/www.mfkegtechnik.com\/fr\/micromat-m-2-2-b\/","og_locale":"fr_FR","og_type":"article","og_title":"MICROMAT M 2\/2-b - m+f KEG-Technik GmbH &amp; Co. KG","og_description":"Le MICROMAT M 2\/2-b est une machine semi-automatique de nettoyage int\u00e9rieur et de remplissage de f\u00fbts d\u00b4une capacit\u00e9 de 20-35 f\u00fbts\/h.","og_url":"https:\/\/www.mfkegtechnik.com\/fr\/micromat-m-2-2-b\/","og_site_name":"m+f KEG-Technik GmbH &amp; Co. KG","article_modified_time":"2019-08-13T06:31:02+00:00","twitter_card":"summary_large_image","twitter_misc":{"Dur\u00e9e de lecture estim\u00e9e":"1 minute"},"schema":{"@context":"https:\/\/schema.org","@graph":[{"@type":"WebPage","@id":"https:\/\/www.mfkegtechnik.com\/fr\/micromat-m-2-2-b\/","url":"https:\/\/www.mfkegtechnik.com\/fr\/micromat-m-2-2-b\/","name":"MICROMAT M 2\/2-b - m+f KEG-Technik GmbH &amp; Co. KG","isPartOf":{"@id":"https:\/\/www.mfkegtechnik.com\/fr\/#website"},"datePublished":"2019-06-12T06:45:27+00:00","dateModified":"2019-08-13T06:31:02+00:00","description":"Le MICROMAT M 2\/2-b est une machine semi-automatique de nettoyage int\u00e9rieur et de remplissage de f\u00fbts d\u00b4une capacit\u00e9 de 20-35 f\u00fbts\/h.","breadcrumb":{"@id":"https:\/\/www.mfkegtechnik.com\/fr\/micromat-m-2-2-b\/#breadcrumb"},"inLanguage":"fr-FR","potentialAction":[{"@type":"ReadAction","target":["https:\/\/www.mfkegtechnik.com\/fr\/micromat-m-2-2-b\/"]}]},{"@type":"BreadcrumbList","@id":"https:\/\/www.mfkegtechnik.com\/fr\/micromat-m-2-2-b\/#breadcrumb","itemListElement":[{"@type":"ListItem","position":1,"name":"Accueil","item":"https:\/\/www.mfkegtechnik.com\/fr\/"},{"@type":"ListItem","position":2,"name":"MICROMAT M 2\/2-b"}]},{"@type":"WebSite","@id":"https:\/\/www.mfkegtechnik.com\/fr\/#website","url":"https:\/\/www.mfkegtechnik.com\/fr\/","name":"m+f KEG-Technik GmbH &amp; Co. KG","description":"We keep your KEGs clean !","potentialAction":[{"@type":"SearchAction","target":{"@type":"EntryPoint","urlTemplate":"https:\/\/www.mfkegtechnik.com\/fr\/?s={search_term_string}"},"query-input":{"@type":"PropertyValueSpecification","valueRequired":true,"valueName":"search_term_string"}}],"inLanguage":"fr-FR"}]}},"_links":{"self":[{"href":"https:\/\/www.mfkegtechnik.com\/fr\/wp-json\/wp\/v2\/pages\/2879","targetHints":{"allow":["GET"]}}],"collection":[{"href":"https:\/\/www.mfkegtechnik.com\/fr\/wp-json\/wp\/v2\/pages"}],"about":[{"href":"https:\/\/www.mfkegtechnik.com\/fr\/wp-json\/wp\/v2\/types\/page"}],"author":[{"embeddable":true,"href":"https:\/\/www.mfkegtechnik.com\/fr\/wp-json\/wp\/v2\/users\/2"}],"replies":[{"embeddable":true,"href":"https:\/\/www.mfkegtechnik.com\/fr\/wp-json\/wp\/v2\/comments?post=2879"}],"version-history":[{"count":0,"href":"https:\/\/www.mfkegtechnik.com\/fr\/wp-json\/wp\/v2\/pages\/2879\/revisions"}],"wp:attachment":[{"href":"https:\/\/www.mfkegtechnik.com\/fr\/wp-json\/wp\/v2\/media?parent=2879"}],"curies":[{"name":"wp","href":"https:\/\/api.w.org\/{rel}","templated":true}]}}