{"id":2880,"date":"2019-06-12T07:47:43","date_gmt":"2019-06-12T06:47:43","guid":{"rendered":"http:\/\/www.mfkegtechnik.com\/portable-dispenser\/"},"modified":"2021-04-17T12:02:55","modified_gmt":"2021-04-17T11:02:55","slug":"tireuses-portatives","status":"publish","type":"page","link":"https:\/\/www.mfkegtechnik.com\/fr\/tireuses-portatives\/","title":{"rendered":"Tireuses portatives"},"content":{"rendered":"<div id=\"pl-2880\"  class=\"panel-layout\" ><div id=\"pg-2880-0\"  class=\"panel-grid panel-no-style\" ><div id=\"pgc-2880-0-0\"  class=\"panel-grid-cell\" ><div id=\"panel-2880-0-0-0\" class=\"so-panel widget widget_sow-headline panel-first-child panel-last-child\" data-index=\"0\" ><div\n\t\t\t\n\t\t\tclass=\"so-widget-sow-headline so-widget-sow-headline-default-09e8b5ce81e0-2880\"\n\t\t\t\n\t\t><div class=\"sow-headline-container \">\n\t\t\t\t\t\t\t<h1 class=\"sow-headline\">\n\t\t\t\t\t\tPr\u00e9sentation des tireuses portatives DC30 et DC50 \t\t\t\t\t\t<\/h1>\n\t\t\t\t\t\t\t\t\t\t\t<div class=\"decoration\">\n\t\t\t\t\t\t<div class=\"decoration-inside\"><\/div>\n\t\t\t\t\t<\/div>\n\t\t\t\t\t<\/div>\n<\/div><\/div><\/div><\/div><div id=\"pg-2880-1\"  class=\"panel-grid panel-no-style\" ><div id=\"pgc-2880-1-0\"  class=\"panel-grid-cell\" ><div id=\"panel-2880-1-0-0\" class=\"so-panel widget widget_sow-image panel-first-child\" data-index=\"1\" ><div\n\t\t\t\n\t\t\tclass=\"so-widget-sow-image so-widget-sow-image-default-c67d20f9f743-2880\"\n\t\t\t\n\t\t>\n<div class=\"sow-image-container\">\n\t\t<img \n\tsrc=\"https:\/\/www.mfkegtechnik.com\/wp-content\/uploads\/2019\/07\/Portable-Draft-300x209-300x209.jpg\" width=\"300\" height=\"209\" sizes=\"(max-width: 300px) 100vw, 300px\" title=\"Portable-Draft-300&#215;209\" alt=\"tireuses-portatives\" \t\tclass=\"so-widget-image\"\/>\n\t<\/div>\n\n<\/div><\/div><div id=\"panel-2880-1-0-1\" class=\"so-panel widget widget_sow-image panel-last-child\" data-index=\"2\" ><div\n\t\t\t\n\t\t\tclass=\"so-widget-sow-image so-widget-sow-image-default-c67d20f9f743-2880\"\n\t\t\t\n\t\t>\n<div class=\"sow-image-container\">\n\t\t<img \n\tsrc=\"https:\/\/www.mfkegtechnik.com\/wp-content\/uploads\/2019\/05\/DC30-KeyKeg-Baseline-300x200.jpg\" width=\"300\" height=\"200\" srcset=\"https:\/\/www.mfkegtechnik.com\/wp-content\/uploads\/2019\/05\/DC30-KeyKeg-Baseline-300x200.jpg 300w, https:\/\/www.mfkegtechnik.com\/wp-content\/uploads\/2019\/05\/DC30-KeyKeg-Baseline-768x512.jpg 768w, https:\/\/www.mfkegtechnik.com\/wp-content\/uploads\/2019\/05\/DC30-KeyKeg-Baseline-1024x683.jpg 1024w, https:\/\/www.mfkegtechnik.com\/wp-content\/uploads\/2019\/05\/DC30-KeyKeg-Baseline-940x627.jpg 940w, https:\/\/www.mfkegtechnik.com\/wp-content\/uploads\/2019\/05\/DC30-KeyKeg-Baseline-272x182.jpg 272w, https:\/\/www.mfkegtechnik.com\/wp-content\/uploads\/2019\/05\/DC30-KeyKeg-Baseline.jpg 1296w\" sizes=\"(max-width: 300px) 100vw, 300px\" title=\"DC30 + KeyKeg Baseline\" alt=\"tireuses-portatives\" \t\tclass=\"so-widget-image\"\/>\n\t<\/div>\n\n<\/div><\/div><\/div><div id=\"pgc-2880-1-1\"  class=\"panel-grid-cell\" ><div id=\"panel-2880-1-1-0\" class=\"so-panel widget widget_sow-headline panel-first-child\" data-index=\"3\" ><div\n\t\t\t\n\t\t\tclass=\"so-widget-sow-headline so-widget-sow-headline-default-f16591bb046e-2880\"\n\t\t\t\n\t\t><div class=\"sow-headline-container \">\n\t\t\t\t\t\t\t<h1 class=\"sow-headline\">\n\t\t\t\t\t\tCARACT\u00c9RISTIQUES\t\t\t\t\t\t<\/h1>\n\t\t\t\t\t\t\t\t\t\t\t<div class=\"decoration\">\n\t\t\t\t\t\t<div class=\"decoration-inside\"><\/div>\n\t\t\t\t\t<\/div>\n\t\t\t\t\t<\/div>\n<\/div><\/div><div id=\"panel-2880-1-1-1\" class=\"so-panel widget widget_sow-editor\" data-index=\"4\" ><div\n\t\t\t\n\t\t\tclass=\"so-widget-sow-editor so-widget-sow-editor-base\"\n\t\t\t\n\t\t>\n<div class=\"siteorigin-widget-tinymce textwidget\">\n\t<h4>C<span style=\"color: #000000;\">es machines de tirage pression portatives conviennent pour un usage personnel et professionnel, en int\u00e9rieur et en ext\u00e9rieur. <\/span><span style=\"color: #ffffff;\"> Tireuses portatives<\/span><\/h4>\n<h4><span style=\"color: #000000;\">Cette solution de tireuse portative est une entr\u00e9e parfaite sur le march\u00e9 de la bi\u00e8re pression ou du vin.<\/span><\/h4>\n<h4><span style=\"color: #000000;\">Ces tireuses ont tout pour garantir la qualit\u00e9 optimale d\u00b4une boisson fra\u00eeche. Par exemple, elles contiennent un compresseur d'air, un contr\u00f4leur de pression et un manom\u00e8tre. <\/span><span style=\"color: #ffffff;\">Tireuses portatives<\/span><\/h4>\n<h4>Le syst\u00e8me de distribution est enti\u00e8rement fabriqu\u00e9 en acier inoxydable, garantissant ainsi le respect des normes d'hygi\u00e8ne les plus strictes<span style=\"color: #000000;\">.<\/span><\/h4>\n<\/div>\n<\/div><\/div><div id=\"panel-2880-1-1-2\" class=\"so-panel widget widget_sow-headline\" data-index=\"5\" ><div\n\t\t\t\n\t\t\tclass=\"so-widget-sow-headline so-widget-sow-headline-default-f16591bb046e-2880\"\n\t\t\t\n\t\t><div class=\"sow-headline-container \">\n\t\t\t\t\t\t\t<h1 class=\"sow-headline\">\n\t\t\t\t\t\tDONN\u00c9ES TECHNIQUES\t\t\t\t\t\t<\/h1>\n\t\t\t\t\t\t\t\t\t\t\t<div class=\"decoration\">\n\t\t\t\t\t\t<div class=\"decoration-inside\"><\/div>\n\t\t\t\t\t<\/div>\n\t\t\t\t\t<\/div>\n<\/div><\/div><div id=\"panel-2880-1-1-3\" class=\"so-panel widget widget_sow-editor\" data-index=\"6\" ><div\n\t\t\t\n\t\t\tclass=\"so-widget-sow-editor so-widget-sow-editor-base\"\n\t\t\t\n\t\t>\n<div class=\"siteorigin-widget-tinymce textwidget\">\n\t<h4><span style=\"color: #ff6600;\"><strong>Performance de 0\u00b0C \u00e0 50\u00b0C :\u00a0\u00a0 30<\/strong> l\/h\u00a0 OU\u00a0 <strong>50<\/strong> l\/h<\/span><\/h4>\n<h4><span style=\"color: #000000;\"><strong>Robinets de soutirage :\u00a0\u00a0\u00a0\u00a0 1<\/strong> pi\u00e8ce OU\u00a0 <strong>2<\/strong> pi\u00e8ces<\/span><\/h4>\n<h4><span style=\"color: #000000;\"><strong>Dimensions <\/strong>(largeur, hauteur, profondeur) :<strong>\u00a0 160 x 330 x 295<\/strong>\u00a0 OU\u00a0 <strong>210 x 410 x 325<\/strong><\/span><\/h4>\n<h4><span style=\"color: #000000;\"><b>Poids <\/b><b><span style=\"color: #000000;\">:\u00a0<\/span>\u00a0\u00a0\u00a0\u00a0 15<\/b> kg\u00a0 OU\u00a0 <strong>25<\/strong> kg<\/span><\/h4>\n<h4><span style=\"color: #000000;\"><strong>Tension :\u00a0\u00a0\u00a0\u00a0\u00a0 230V\/50Hz, 3-phase<\/strong><\/span><\/h4>\n<\/div>\n<\/div><\/div><div id=\"panel-2880-1-1-4\" class=\"so-panel widget widget_sow-headline\" data-index=\"7\" ><div\n\t\t\t\n\t\t\tclass=\"so-widget-sow-headline so-widget-sow-headline-default-f16591bb046e-2880\"\n\t\t\t\n\t\t><div class=\"sow-headline-container \">\n\t\t\t\t\t\t\t<h1 class=\"sow-headline\">\n\t\t\t\t\t\tAVANTAGES\t\t\t\t\t\t<\/h1>\n\t\t\t\t\t\t\t\t\t\t\t<div class=\"decoration\">\n\t\t\t\t\t\t<div class=\"decoration-inside\"><\/div>\n\t\t\t\t\t<\/div>\n\t\t\t\t\t<\/div>\n<\/div><\/div><div id=\"panel-2880-1-1-5\" class=\"so-panel widget widget_sow-editor\" data-index=\"8\" ><div\n\t\t\t\n\t\t\tclass=\"so-widget-sow-editor so-widget-sow-editor-base\"\n\t\t\t\n\t\t>\n<div class=\"siteorigin-widget-tinymce textwidget\">\n\t<h4 style=\"padding-left: 40px;\">Manipulation facile<\/h4>\n<h4 style=\"padding-left: 40px;\">Transport facile (1 ou 2 poign\u00e9es de transport<span style=\"color: #000000;\">)<\/span><\/h4>\n<h4 style=\"padding-left: 40px;\">Fabriqu\u00e9 enti\u00e8rement en acier inoxydable<\/h4>\n<h4 style=\"padding-left: 40px;\">Faible niveau sonore<\/h4>\n<h4 style=\"padding-left: 40px;\">Plus besoin d\u00b4une bouteille de CO2<\/h4>\n<\/div>\n<\/div><\/div><div id=\"panel-2880-1-1-6\" class=\"so-panel widget widget_sow-button panel-last-child\" data-index=\"9\" ><div\n\t\t\t\n\t\t\tclass=\"so-widget-sow-button so-widget-sow-button-atom-45a38d61cbbe-2880\"\n\t\t\t\n\t\t><div class=\"ow-button-base ow-button-align-center\"\n>\n\t\t\t<a\n\t\t\t\t\thref=\"http:\/\/www.mfkegtechnik.com\/wp-content\/uploads\/2019\/07\/KeyKeg-Syst\u00e8me-de-distribution-DC30.pdf\"\n\t\t\t\t\tclass=\"sowb-button ow-icon-placement-left ow-button-hover\" target=\"_blank\" rel=\"noopener noreferrer\" \t>\n\t\t<span>\n\t\t\t\n\t\t\tT\u00e9l\u00e9charger la fiche technique (PDF)\t\t<\/span>\n\t\t\t<\/a>\n\t<\/div>\n<\/div><\/div><\/div><\/div><\/div>","protected":false},"excerpt":{"rendered":"<p>Ces machines de tirage pression portatives conviennent pour un usage personnel et professionnel, en int\u00e9rieur et en ext\u00e9rieur. Tireuses portatives Cette solution de tireuse portative est une entr\u00e9e parfaite sur le march\u00e9 de la bi\u00e8re pression ou du vin. Ces tireuses ont tout pour garantir la qualit\u00e9 optimale d\u00b4une boisson fra\u00eeche. Par exemple, elles contiennent un compresseur d&#8217;air, un contr\u00f4leur de pression et un manom\u00e8tre. Tireuses portatives Le syst\u00e8me de &hellip;<a class=\"excerpt\" href=\"https:\/\/www.mfkegtechnik.com\/fr\/tireuses-portatives\/\">Read More<\/a><\/p>\n","protected":false},"author":2,"featured_media":0,"parent":0,"menu_order":0,"comment_status":"closed","ping_status":"closed","template":"","meta":{"footnotes":""},"class_list":["post-2880","page","type-page","status-publish","hentry"],"yoast_head":"<!-- This site is optimized with the Yoast SEO plugin v27.3 - https:\/\/yoast.com\/product\/yoast-seo-wordpress\/ -->\n<title>Tireuses portatives - m+f KEG-Technik GmbH &amp; Co. KG<\/title>\n<meta name=\"description\" content=\"Avec nos tireuses portatives qui peuvent \u00eatre port\u00e9es avec une seule main, vous pouvez aller n\u00b4importe, n\u00b4importe quand. Et vos boissons restent fra\u00eeches !\" \/>\n<meta name=\"robots\" content=\"index, follow, max-snippet:-1, max-image-preview:large, max-video-preview:-1\" \/>\n<link rel=\"canonical\" href=\"https:\/\/www.mfkegtechnik.com\/fr\/tireuses-portatives\/\" \/>\n<meta property=\"og:locale\" content=\"fr_FR\" \/>\n<meta property=\"og:type\" content=\"article\" \/>\n<meta property=\"og:title\" content=\"Tireuses portatives - m+f KEG-Technik GmbH &amp; Co. KG\" \/>\n<meta property=\"og:description\" content=\"Avec nos tireuses portatives qui peuvent \u00eatre port\u00e9es avec une seule main, vous pouvez aller n\u00b4importe, n\u00b4importe quand. Et vos boissons restent fra\u00eeches !\" \/>\n<meta property=\"og:url\" content=\"https:\/\/www.mfkegtechnik.com\/fr\/tireuses-portatives\/\" \/>\n<meta property=\"og:site_name\" content=\"m+f KEG-Technik GmbH &amp; Co. KG\" \/>\n<meta property=\"article:modified_time\" content=\"2021-04-17T11:02:55+00:00\" \/>\n<meta name=\"twitter:card\" content=\"summary_large_image\" \/>\n<meta name=\"twitter:label1\" content=\"Dur\u00e9e de lecture estim\u00e9e\" \/>\n\t<meta name=\"twitter:data1\" content=\"1 minute\" \/>\n<script type=\"application\/ld+json\" class=\"yoast-schema-graph\">{\"@context\":\"https:\\\/\\\/schema.org\",\"@graph\":[{\"@type\":\"WebPage\",\"@id\":\"https:\\\/\\\/www.mfkegtechnik.com\\\/fr\\\/tireuses-portatives\\\/\",\"url\":\"https:\\\/\\\/www.mfkegtechnik.com\\\/fr\\\/tireuses-portatives\\\/\",\"name\":\"Tireuses portatives - m+f KEG-Technik GmbH &amp; Co. KG\",\"isPartOf\":{\"@id\":\"https:\\\/\\\/www.mfkegtechnik.com\\\/fr\\\/#website\"},\"datePublished\":\"2019-06-12T06:47:43+00:00\",\"dateModified\":\"2021-04-17T11:02:55+00:00\",\"description\":\"Avec nos tireuses portatives qui peuvent \u00eatre port\u00e9es avec une seule main, vous pouvez aller n\u00b4importe, n\u00b4importe quand. Et vos boissons restent fra\u00eeches !\",\"breadcrumb\":{\"@id\":\"https:\\\/\\\/www.mfkegtechnik.com\\\/fr\\\/tireuses-portatives\\\/#breadcrumb\"},\"inLanguage\":\"fr-FR\",\"potentialAction\":[{\"@type\":\"ReadAction\",\"target\":[\"https:\\\/\\\/www.mfkegtechnik.com\\\/fr\\\/tireuses-portatives\\\/\"]}]},{\"@type\":\"BreadcrumbList\",\"@id\":\"https:\\\/\\\/www.mfkegtechnik.com\\\/fr\\\/tireuses-portatives\\\/#breadcrumb\",\"itemListElement\":[{\"@type\":\"ListItem\",\"position\":1,\"name\":\"Accueil\",\"item\":\"https:\\\/\\\/www.mfkegtechnik.com\\\/fr\\\/\"},{\"@type\":\"ListItem\",\"position\":2,\"name\":\"Tireuses portatives\"}]},{\"@type\":\"WebSite\",\"@id\":\"https:\\\/\\\/www.mfkegtechnik.com\\\/fr\\\/#website\",\"url\":\"https:\\\/\\\/www.mfkegtechnik.com\\\/fr\\\/\",\"name\":\"m+f KEG-Technik GmbH &amp; Co. KG\",\"description\":\"We keep your KEGs clean !\",\"potentialAction\":[{\"@type\":\"SearchAction\",\"target\":{\"@type\":\"EntryPoint\",\"urlTemplate\":\"https:\\\/\\\/www.mfkegtechnik.com\\\/fr\\\/?s={search_term_string}\"},\"query-input\":{\"@type\":\"PropertyValueSpecification\",\"valueRequired\":true,\"valueName\":\"search_term_string\"}}],\"inLanguage\":\"fr-FR\"}]}<\/script>\n<!-- \/ Yoast SEO plugin. -->","yoast_head_json":{"title":"Tireuses portatives - m+f KEG-Technik GmbH &amp; Co. KG","description":"Avec nos tireuses portatives qui peuvent \u00eatre port\u00e9es avec une seule main, vous pouvez aller n\u00b4importe, n\u00b4importe quand. Et vos boissons restent fra\u00eeches !","robots":{"index":"index","follow":"follow","max-snippet":"max-snippet:-1","max-image-preview":"max-image-preview:large","max-video-preview":"max-video-preview:-1"},"canonical":"https:\/\/www.mfkegtechnik.com\/fr\/tireuses-portatives\/","og_locale":"fr_FR","og_type":"article","og_title":"Tireuses portatives - m+f KEG-Technik GmbH &amp; Co. KG","og_description":"Avec nos tireuses portatives qui peuvent \u00eatre port\u00e9es avec une seule main, vous pouvez aller n\u00b4importe, n\u00b4importe quand. Et vos boissons restent fra\u00eeches !","og_url":"https:\/\/www.mfkegtechnik.com\/fr\/tireuses-portatives\/","og_site_name":"m+f KEG-Technik GmbH &amp; Co. KG","article_modified_time":"2021-04-17T11:02:55+00:00","twitter_card":"summary_large_image","twitter_misc":{"Dur\u00e9e de lecture estim\u00e9e":"1 minute"},"schema":{"@context":"https:\/\/schema.org","@graph":[{"@type":"WebPage","@id":"https:\/\/www.mfkegtechnik.com\/fr\/tireuses-portatives\/","url":"https:\/\/www.mfkegtechnik.com\/fr\/tireuses-portatives\/","name":"Tireuses portatives - m+f KEG-Technik GmbH &amp; Co. KG","isPartOf":{"@id":"https:\/\/www.mfkegtechnik.com\/fr\/#website"},"datePublished":"2019-06-12T06:47:43+00:00","dateModified":"2021-04-17T11:02:55+00:00","description":"Avec nos tireuses portatives qui peuvent \u00eatre port\u00e9es avec une seule main, vous pouvez aller n\u00b4importe, n\u00b4importe quand. Et vos boissons restent fra\u00eeches !","breadcrumb":{"@id":"https:\/\/www.mfkegtechnik.com\/fr\/tireuses-portatives\/#breadcrumb"},"inLanguage":"fr-FR","potentialAction":[{"@type":"ReadAction","target":["https:\/\/www.mfkegtechnik.com\/fr\/tireuses-portatives\/"]}]},{"@type":"BreadcrumbList","@id":"https:\/\/www.mfkegtechnik.com\/fr\/tireuses-portatives\/#breadcrumb","itemListElement":[{"@type":"ListItem","position":1,"name":"Accueil","item":"https:\/\/www.mfkegtechnik.com\/fr\/"},{"@type":"ListItem","position":2,"name":"Tireuses portatives"}]},{"@type":"WebSite","@id":"https:\/\/www.mfkegtechnik.com\/fr\/#website","url":"https:\/\/www.mfkegtechnik.com\/fr\/","name":"m+f KEG-Technik GmbH &amp; Co. KG","description":"We keep your KEGs clean !","potentialAction":[{"@type":"SearchAction","target":{"@type":"EntryPoint","urlTemplate":"https:\/\/www.mfkegtechnik.com\/fr\/?s={search_term_string}"},"query-input":{"@type":"PropertyValueSpecification","valueRequired":true,"valueName":"search_term_string"}}],"inLanguage":"fr-FR"}]}},"_links":{"self":[{"href":"https:\/\/www.mfkegtechnik.com\/fr\/wp-json\/wp\/v2\/pages\/2880","targetHints":{"allow":["GET"]}}],"collection":[{"href":"https:\/\/www.mfkegtechnik.com\/fr\/wp-json\/wp\/v2\/pages"}],"about":[{"href":"https:\/\/www.mfkegtechnik.com\/fr\/wp-json\/wp\/v2\/types\/page"}],"author":[{"embeddable":true,"href":"https:\/\/www.mfkegtechnik.com\/fr\/wp-json\/wp\/v2\/users\/2"}],"replies":[{"embeddable":true,"href":"https:\/\/www.mfkegtechnik.com\/fr\/wp-json\/wp\/v2\/comments?post=2880"}],"version-history":[{"count":0,"href":"https:\/\/www.mfkegtechnik.com\/fr\/wp-json\/wp\/v2\/pages\/2880\/revisions"}],"wp:attachment":[{"href":"https:\/\/www.mfkegtechnik.com\/fr\/wp-json\/wp\/v2\/media?parent=2880"}],"curies":[{"name":"wp","href":"https:\/\/api.w.org\/{rel}","templated":true}]}}